{"id":5958,"date":"2024-11-27T21:58:53","date_gmt":"2024-11-27T21:58:53","guid":{"rendered":"https:\/\/raymarine.ee\/?page_id=5958"},"modified":"2026-03-31T19:30:07","modified_gmt":"2026-03-31T17:30:07","slug":"uudised","status":"publish","type":"page","link":"https:\/\/raymarine.ee\/en\/uudised\/","title":{"rendered":"Uudised"},"content":{"rendered":"<div data-elementor-type=\"wp-page\" data-elementor-id=\"5958\" class=\"elementor elementor-5958\" data-elementor-post-type=\"page\">\n\t\t\t\t<div class=\"elementor-element elementor-element-4d552ec e-flex e-con-boxed e-con e-parent\" data-id=\"4d552ec\" data-element_type=\"container\" data-e-type=\"container\" data-settings=\"{&quot;background_background&quot;:&quot;classic&quot;}\">\n\t\t\t\t\t<div class=\"e-con-inner\">\n\t\t<div class=\"elementor-element elementor-element-626c6534 e-con-full e-flex e-con e-child\" data-id=\"626c6534\" data-element_type=\"container\" data-e-type=\"container\" data-settings=\"{&quot;background_background&quot;:&quot;classic&quot;}\">\n\t\t\t\t<div class=\"elementor-element elementor-element-6b23bec4 elementor-widget elementor-widget-heading\" data-id=\"6b23bec4\" data-element_type=\"widget\" data-e-type=\"widget\" data-widget_type=\"heading.default\">\n\t\t\t\t<div class=\"elementor-widget-container\">\n\t\t\t\t\t<h1 class=\"elementor-heading-title elementor-size-default\">Uudised<\/h1>\t\t\t\t<\/div>\n\t\t\t\t<\/div>\n\t\t\t\t<div class=\"elementor-element elementor-element-54eeeb7e elementor-widget__width-initial elementor-widget elementor-widget-text-editor\" data-id=\"54eeeb7e\" data-element_type=\"widget\" data-e-type=\"widget\" data-widget_type=\"text-editor.default\">\n\t\t\t\t<div class=\"elementor-widget-container\">\n\t\t\t\t\t\t\t\t\t<p><a style=\"font-size: 0.9rem; background-color: #ffffff; text-align: var(--text-align);\" href=\"https:\/\/meremess.ee\"><img decoding=\"async\" class=\"alignnone wp-image-9064 size-full\" src=\"https:\/\/raymarine.ee\/wp-content\/uploads\/2026\/03\/Meremess.png\" alt=\"Meremess\" width=\"106\" height=\"80\" \/><\/a><\/p><p>05-08.03.2026 Eesti Meremess 2026\u00a0<br \/>07-09.03.2025 Eesti meremess 2025\u00a0<br \/>08-10.03.2024 Eesti meremess 2024<br \/><span style=\"color: var( --e-global-color-primary ); font-size: 0.9rem;\">09.03.2023\u00a0 Eesti meremess 2023<br \/><\/span><span style=\"color: var( --e-global-color-primary ); font-size: 0.9rem;\">05.03.2020\u00a0 Eesti meremess 2020<br \/><\/span><span style=\"color: var( --e-global-color-primary ); font-size: 0.9rem;\">01.03.2019\u00a0 \u00a0Eesti meremess 2019<br \/><\/span><span style=\"color: var( --e-global-color-primary ); font-size: 0.9rem;\">16.03.2018\u00a0 \u00a0Eesti meremess 2018<br \/><\/span>17.03.2017\u00a0 \u00a0Eesti meremess 2017<br \/>17.03.2016\u00a0 \u00a0Eesti meremess 2016<br \/>20.01.2016 Helsinki paadimess 2016 toimub 12 &#8211; 21\/02\/2016 Helsinki messikeskuses.<br \/>10.08.2015 Android: Raymarine &amp; SonarChart\u2122 Live!<br \/>18.06.2015 NavSystems O\u00dc aadress on muutunud<br \/>15.03.2015 Eesti meremess 2015<br \/>18.02.2015 Uus kajalood, sonar, kalaleidja &#8211; Raymarine CP570 Professional CHIRP\u2122 Sonar Module<br \/>15.02.2015 Pisikestel uustulnukatel juba auhinnad taskus<br \/>22.01.2015 Helsinki paadimess 2015 toimub 06 &#8211; 15\/02\/2015 Helsinki messikeskuses.<br \/>20.08.2014 Paadin\u00e4itusel Soomes Uiva 2014 esitleme uusi Raymarine tooteid<br \/>12.04.2012 Raymarine koolitus Eestis 16-17 Mai 2012.<br \/>21.01.2012 Helsinki paadimess 2012 toimub 10 &#8211; 19\/02\/2012 Helsinki messikeskuses.<br \/>01.01.2011 Raymarine annab oma toodetele 3 aastat garantiid<br \/>10.10.2010 Sunseeker International sees the light with Raymarine\u2019s thermal night vision cameras<br \/>14.06.2010 E Series Widescreen with HybridTouch\u2122 available now<br \/>15.05.2010 Raymarine Holdings Ltd acquired by FLIR Systems, Inc.<br \/>01.04.2010 Raymarine&#8217;s HD Digital Radomes show the way<br \/>14.03.2010 Raymarine adds 33STV to satellite television range<\/p><p>K\u00f5ige v\u00e4rskemad uudised leiate alati Raymarine <a href=\"https:\/\/www.raymarine.com\/en-gb\/about-raymarine\/newsroom\">kodulehelt<\/a>\u00a0<span style=\"color: #ffffff;\">aikuplotteri, karttaplotteri, monitoimin\u00e4ytt\u00f6,\u00a0tutka, autopilotti, syvyys, nopeus, tuulij\u00e4rjestelm\u00e4, kupuantenni,<\/span><\/p>\t\t\t\t\t\t\t\t<\/div>\n\t\t\t\t<\/div>\n\t\t\t\t<\/div>\n\t\t\t\t\t<\/div>\n\t\t\t\t<\/div>\n\t\t\t\t<\/div>","protected":false},"excerpt":{"rendered":"<p>Uudised 05-08.03.2026 Eesti Meremess 2026\u00a007-09.03.2025 Eesti meremess 2025\u00a008-10.03.2024 Eesti meremess 202409.03.2023\u00a0 Eesti meremess 202305.03.2020\u00a0 Eesti meremess 202001.03.2019\u00a0 \u00a0Eesti meremess 201916.03.2018\u00a0 \u00a0Eesti meremess 201817.03.2017\u00a0 \u00a0Eesti meremess 201717.03.2016\u00a0 \u00a0Eesti meremess 201620.01.2016 Helsinki paadimess 2016 toimub 12 &#8211; 21\/02\/2016 Helsinki messikeskuses.10.08.2015 Android: Raymarine &amp; SonarChart\u2122 Live!18.06.2015 NavSystems O\u00dc aadress on muutunud15.03.2015 Eesti meremess 201518.02.2015 Uus kajalood, sonar, kalaleidja [&hellip;]<\/p>\n","protected":false},"author":1,"featured_media":0,"parent":0,"menu_order":0,"comment_status":"closed","ping_status":"closed","template":"","meta":{"_acf_changed":false,"footnotes":""},"class_list":["post-5958","page","type-page","status-publish","hentry"],"acf":[],"yoast_head":"<!-- This site is optimized with the Yoast SEO Premium plugin v27.5 (Yoast SEO v27.5) - https:\/\/yoast.com\/product\/yoast-seo-premium-wordpress\/ -->\n<title>Uudised - Mereelektroonika, kaardiplotter, autopiloot, pinnipiloot, roolipiloot, radar, AIS, VHF, Smart Wind<\/title>\n<meta name=\"description\" content=\"Kas autopiloot ja kaardiplotter vajavad uuendamist v\u00f5i vajad abi mereelektroonika valimisel? V\u00f5ta meiega \u00fchendust t\u00f6\u00f6p\u00e4eviti 08.00-18.00 Tel: +372 508 8768\" \/>\n<meta name=\"robots\" content=\"index, follow, max-snippet:-1, max-image-preview:large, max-video-preview:-1\" \/>\n<link rel=\"canonical\" href=\"https:\/\/raymarine.ee\/en\/uudised\/\" \/>\n<meta property=\"og:locale\" content=\"en_GB\" \/>\n<meta property=\"og:type\" content=\"article\" \/>\n<meta property=\"og:title\" content=\"Uudised\" \/>\n<meta property=\"og:description\" content=\"Kas autopiloot ja kaardiplotter vajavad uuendamist v\u00f5i vajad abi mereelektroonika valimisel? V\u00f5ta meiega \u00fchendust t\u00f6\u00f6p\u00e4eviti 08.00-18.00 Tel: +372 508 8768\" \/>\n<meta property=\"og:url\" content=\"https:\/\/raymarine.ee\/en\/uudised\/\" \/>\n<meta property=\"og:site_name\" content=\"NavSystems\" \/>\n<meta property=\"article:publisher\" content=\"https:\/\/www.facebook.com\/NavSystems\" \/>\n<meta property=\"article:modified_time\" content=\"2026-03-31T17:30:07+00:00\" \/>\n<meta property=\"og:image\" content=\"https:\/\/raymarine.ee\/wp-content\/uploads\/2026\/03\/Meremess.png\" \/>\n<meta name=\"twitter:card\" content=\"summary_large_image\" \/>\n<meta name=\"twitter:label1\" content=\"Estimated reading time\" \/>\n\t<meta name=\"twitter:data1\" content=\"2 minutes\" \/>\n<script type=\"application\/ld+json\" class=\"yoast-schema-graph\">{\"@context\":\"https:\\\/\\\/schema.org\",\"@graph\":[{\"@type\":\"WebPage\",\"@id\":\"https:\\\/\\\/raymarine.ee\\\/uudised\\\/\",\"url\":\"https:\\\/\\\/raymarine.ee\\\/uudised\\\/\",\"name\":\"Uudised - Mereelektroonika, kaardiplotter, autopiloot, pinnipiloot, roolipiloot, radar, AIS, VHF, Smart Wind\",\"isPartOf\":{\"@id\":\"https:\\\/\\\/raymarine.ee\\\/#website\"},\"primaryImageOfPage\":{\"@id\":\"https:\\\/\\\/raymarine.ee\\\/uudised\\\/#primaryimage\"},\"image\":{\"@id\":\"https:\\\/\\\/raymarine.ee\\\/uudised\\\/#primaryimage\"},\"thumbnailUrl\":\"https:\\\/\\\/raymarine.ee\\\/wp-content\\\/uploads\\\/2026\\\/03\\\/Meremess.png\",\"datePublished\":\"2024-11-27T21:58:53+00:00\",\"dateModified\":\"2026-03-31T17:30:07+00:00\",\"description\":\"Kas autopiloot ja kaardiplotter vajavad uuendamist v\u00f5i vajad abi mereelektroonika valimisel? V\u00f5ta meiega \u00fchendust t\u00f6\u00f6p\u00e4eviti 08.00-18.00 Tel: +372 508 8768\",\"breadcrumb\":{\"@id\":\"https:\\\/\\\/raymarine.ee\\\/uudised\\\/#breadcrumb\"},\"inLanguage\":\"en-GB\",\"potentialAction\":[{\"@type\":\"ReadAction\",\"target\":[\"https:\\\/\\\/raymarine.ee\\\/uudised\\\/\"]}]},{\"@type\":\"ImageObject\",\"inLanguage\":\"en-GB\",\"@id\":\"https:\\\/\\\/raymarine.ee\\\/uudised\\\/#primaryimage\",\"url\":\"https:\\\/\\\/raymarine.ee\\\/wp-content\\\/uploads\\\/2026\\\/03\\\/Meremess.png\",\"contentUrl\":\"https:\\\/\\\/raymarine.ee\\\/wp-content\\\/uploads\\\/2026\\\/03\\\/Meremess.png\"},{\"@type\":\"BreadcrumbList\",\"@id\":\"https:\\\/\\\/raymarine.ee\\\/uudised\\\/#breadcrumb\",\"itemListElement\":[{\"@type\":\"ListItem\",\"position\":1,\"name\":\"Home\",\"item\":\"https:\\\/\\\/raymarine.ee\\\/\"},{\"@type\":\"ListItem\",\"position\":2,\"name\":\"Uudised\"}]},{\"@type\":\"WebSite\",\"@id\":\"https:\\\/\\\/raymarine.ee\\\/#website\",\"url\":\"https:\\\/\\\/raymarine.ee\\\/\",\"name\":\"www.raymarine.ee\",\"description\":\"Mereelektroonika, kaardiplotter, autopiloot, pinnipiloot, roolipiloot, radar, AIS, VHF, Smart Wind\",\"publisher\":{\"@id\":\"https:\\\/\\\/raymarine.ee\\\/#organization\"},\"alternateName\":\"Raymarine\",\"potentialAction\":[{\"@type\":\"SearchAction\",\"target\":{\"@type\":\"EntryPoint\",\"urlTemplate\":\"https:\\\/\\\/raymarine.ee\\\/?s={search_term_string}\"},\"query-input\":{\"@type\":\"PropertyValueSpecification\",\"valueRequired\":true,\"valueName\":\"search_term_string\"}}],\"inLanguage\":\"en-GB\"},{\"@type\":\"Organization\",\"@id\":\"https:\\\/\\\/raymarine.ee\\\/#organization\",\"name\":\"NavSystems O\u00dc\",\"url\":\"https:\\\/\\\/raymarine.ee\\\/\",\"logo\":{\"@type\":\"ImageObject\",\"inLanguage\":\"en-GB\",\"@id\":\"https:\\\/\\\/raymarine.ee\\\/#\\\/schema\\\/logo\\\/image\\\/\",\"url\":\"https:\\\/\\\/raymarine.ee\\\/wp-content\\\/uploads\\\/2024\\\/10\\\/Screenshot-2024-10-15-151324_bg_removed.webp\",\"contentUrl\":\"https:\\\/\\\/raymarine.ee\\\/wp-content\\\/uploads\\\/2024\\\/10\\\/Screenshot-2024-10-15-151324_bg_removed.webp\",\"width\":420,\"height\":276,\"caption\":\"NavSystems O\u00dc\"},\"image\":{\"@id\":\"https:\\\/\\\/raymarine.ee\\\/#\\\/schema\\\/logo\\\/image\\\/\"},\"sameAs\":[\"https:\\\/\\\/www.facebook.com\\\/NavSystems\"],\"legalName\":\"NavSystems O\u00dc\",\"foundingDate\":\"2011-05-03\",\"numberOfEmployees\":{\"@type\":\"QuantitativeValue\",\"minValue\":\"1\",\"maxValue\":\"10\"}}]}<\/script>\n<!-- \/ Yoast SEO Premium plugin. -->","yoast_head_json":{"title":"Uudised - Mereelektroonika, kaardiplotter, autopiloot, pinnipiloot, roolipiloot, radar, AIS, VHF, Smart Wind","description":"Kas autopiloot ja kaardiplotter vajavad uuendamist v\u00f5i vajad abi mereelektroonika valimisel? V\u00f5ta meiega \u00fchendust t\u00f6\u00f6p\u00e4eviti 08.00-18.00 Tel: +372 508 8768","robots":{"index":"index","follow":"follow","max-snippet":"max-snippet:-1","max-image-preview":"max-image-preview:large","max-video-preview":"max-video-preview:-1"},"canonical":"https:\/\/raymarine.ee\/en\/uudised\/","og_locale":"en_GB","og_type":"article","og_title":"Uudised","og_description":"Kas autopiloot ja kaardiplotter vajavad uuendamist v\u00f5i vajad abi mereelektroonika valimisel? V\u00f5ta meiega \u00fchendust t\u00f6\u00f6p\u00e4eviti 08.00-18.00 Tel: +372 508 8768","og_url":"https:\/\/raymarine.ee\/en\/uudised\/","og_site_name":"NavSystems","article_publisher":"https:\/\/www.facebook.com\/NavSystems","article_modified_time":"2026-03-31T17:30:07+00:00","og_image":[{"url":"https:\/\/raymarine.ee\/wp-content\/uploads\/2026\/03\/Meremess.png","type":"","width":"","height":""}],"twitter_card":"summary_large_image","twitter_misc":{"Estimated reading time":"2 minutes"},"schema":{"@context":"https:\/\/schema.org","@graph":[{"@type":"WebPage","@id":"https:\/\/raymarine.ee\/uudised\/","url":"https:\/\/raymarine.ee\/uudised\/","name":"Uudised - Mereelektroonika, kaardiplotter, autopiloot, pinnipiloot, roolipiloot, radar, AIS, VHF, Smart Wind","isPartOf":{"@id":"https:\/\/raymarine.ee\/#website"},"primaryImageOfPage":{"@id":"https:\/\/raymarine.ee\/uudised\/#primaryimage"},"image":{"@id":"https:\/\/raymarine.ee\/uudised\/#primaryimage"},"thumbnailUrl":"https:\/\/raymarine.ee\/wp-content\/uploads\/2026\/03\/Meremess.png","datePublished":"2024-11-27T21:58:53+00:00","dateModified":"2026-03-31T17:30:07+00:00","description":"Kas autopiloot ja kaardiplotter vajavad uuendamist v\u00f5i vajad abi mereelektroonika valimisel? V\u00f5ta meiega \u00fchendust t\u00f6\u00f6p\u00e4eviti 08.00-18.00 Tel: +372 508 8768","breadcrumb":{"@id":"https:\/\/raymarine.ee\/uudised\/#breadcrumb"},"inLanguage":"en-GB","potentialAction":[{"@type":"ReadAction","target":["https:\/\/raymarine.ee\/uudised\/"]}]},{"@type":"ImageObject","inLanguage":"en-GB","@id":"https:\/\/raymarine.ee\/uudised\/#primaryimage","url":"https:\/\/raymarine.ee\/wp-content\/uploads\/2026\/03\/Meremess.png","contentUrl":"https:\/\/raymarine.ee\/wp-content\/uploads\/2026\/03\/Meremess.png"},{"@type":"BreadcrumbList","@id":"https:\/\/raymarine.ee\/uudised\/#breadcrumb","itemListElement":[{"@type":"ListItem","position":1,"name":"Home","item":"https:\/\/raymarine.ee\/"},{"@type":"ListItem","position":2,"name":"Uudised"}]},{"@type":"WebSite","@id":"https:\/\/raymarine.ee\/#website","url":"https:\/\/raymarine.ee\/","name":"www.raymarine.ee","description":"Mereelektroonika, kaardiplotter, autopiloot, pinnipiloot, roolipiloot, radar, AIS, VHF, Smart Wind","publisher":{"@id":"https:\/\/raymarine.ee\/#organization"},"alternateName":"Raymarine","potentialAction":[{"@type":"SearchAction","target":{"@type":"EntryPoint","urlTemplate":"https:\/\/raymarine.ee\/?s={search_term_string}"},"query-input":{"@type":"PropertyValueSpecification","valueRequired":true,"valueName":"search_term_string"}}],"inLanguage":"en-GB"},{"@type":"Organization","@id":"https:\/\/raymarine.ee\/#organization","name":"NavSystems O\u00dc","url":"https:\/\/raymarine.ee\/","logo":{"@type":"ImageObject","inLanguage":"en-GB","@id":"https:\/\/raymarine.ee\/#\/schema\/logo\/image\/","url":"https:\/\/raymarine.ee\/wp-content\/uploads\/2024\/10\/Screenshot-2024-10-15-151324_bg_removed.webp","contentUrl":"https:\/\/raymarine.ee\/wp-content\/uploads\/2024\/10\/Screenshot-2024-10-15-151324_bg_removed.webp","width":420,"height":276,"caption":"NavSystems O\u00dc"},"image":{"@id":"https:\/\/raymarine.ee\/#\/schema\/logo\/image\/"},"sameAs":["https:\/\/www.facebook.com\/NavSystems"],"legalName":"NavSystems O\u00dc","foundingDate":"2011-05-03","numberOfEmployees":{"@type":"QuantitativeValue","minValue":"1","maxValue":"10"}}]}},"jetpack_sharing_enabled":true,"_links":{"self":[{"href":"https:\/\/raymarine.ee\/en\/wp-json\/wp\/v2\/pages\/5958","targetHints":{"allow":["GET"]}}],"collection":[{"href":"https:\/\/raymarine.ee\/en\/wp-json\/wp\/v2\/pages"}],"about":[{"href":"https:\/\/raymarine.ee\/en\/wp-json\/wp\/v2\/types\/page"}],"author":[{"embeddable":true,"href":"https:\/\/raymarine.ee\/en\/wp-json\/wp\/v2\/users\/1"}],"replies":[{"embeddable":true,"href":"https:\/\/raymarine.ee\/en\/wp-json\/wp\/v2\/comments?post=5958"}],"version-history":[{"count":0,"href":"https:\/\/raymarine.ee\/en\/wp-json\/wp\/v2\/pages\/5958\/revisions"}],"wp:attachment":[{"href":"https:\/\/raymarine.ee\/en\/wp-json\/wp\/v2\/media?parent=5958"}],"curies":[{"name":"wp","href":"https:\/\/api.w.org\/{rel}","templated":true}]}}