{"id":8527,"date":"2024-10-15T13:02:11","date_gmt":"2024-10-15T13:02:11","guid":{"rendered":"https:\/\/raymarine.ee\/?page_id=5207"},"modified":"2026-04-27T13:51:20","modified_gmt":"2026-04-27T10:51:20","slug":"muugitingimused","status":"publish","type":"page","link":"https:\/\/raymarine.ee\/en\/muugitingimused\/","title":{"rendered":"M\u00fc\u00fcgitingimused"},"content":{"rendered":"\t\t<div data-elementor-type=\"wp-page\" data-elementor-id=\"8527\" class=\"elementor elementor-8527\" data-elementor-post-type=\"page\">\n\t\t\t\t<div class=\"elementor-element elementor-element-34186f8b e-flex e-con-boxed e-con e-parent\" data-id=\"34186f8b\" data-element_type=\"container\" data-e-type=\"container\">\n\t\t\t\t\t<div class=\"e-con-inner\">\n\t\t\t\t<div class=\"elementor-element elementor-element-46350d71 elementor-widget elementor-widget-text-editor\" data-id=\"46350d71\" data-element_type=\"widget\" data-e-type=\"widget\" data-widget_type=\"text-editor.default\">\n\t\t\t\t<div class=\"elementor-widget-container\">\n\t\t\t\t\t\t\t\t\t<h6><strong>Lugupeetud klient!<\/strong><\/h6>\n<p>K\u00f5ikide kaupade ja teenuste hinnad sisaldavad Eestis kehtivat k\u00e4ibemaksu. Toodete koguse muutmiseks\u00a0 minge tagasi ostukorvi, klikkige praeguse koguse peal ja sisestage uus soovitud kogus. Toote kustutamiseks ostukorvist kasutage ristiga nuppu toote ees.\u00a0<\/p>\n<p>Valige kas soovite tarnet kulleriga oma aadressile, m\u00f5nda sobivasse pakiautomaati v\u00f5i tulete kaubale ise j\u00e4rele. Kui teie ostukorvis on m\u00f5ni toode mis pakiautomaati ei mahu, siis on ostukorvis v\u00f5imalik valida ainult kullerteenuste ja kaubale ise j\u00e4rgi tulemise vahel. Ise kaubale j\u00e4rgi tulles saab kauba k\u00e4tte firma juriidiliselt aadressilt Pirita linnaosas, Tallinn 12113 ja kokkuleppe korral 24\/7. T\u00e4psed juhised saadetakse teile koos arvega.<\/p>\n<p>Kui soovite arvet firmale, siis sisestage lisaks enda andmetele ka firma andmed. Kaup tarnitakse vaikimisi teie poolt sisestatud firma v\u00f5i eraisiku aadressile. Kui soovite, et kaup tarnitakse m\u00f5nele muule aadressile, siis valige aken: &#8220;Saada teisele aadressile&#8221; ja sisestage soovitud tarneaadress koos kontaktandmetega. Meie laos olevad tooted j\u00f5uavad ostjani tavaliselt \u00fche-kahe t\u00f6\u00f6p\u00e4eva jooksul. Lahtrisse &#8220;M\u00e4rkused tellimuse kohta&#8221; saab lisada t\u00e4iendavad kommentaarid kullerile v\u00f5i kaupmehele.\u00a0<\/p>\n<p>Tellimuse eest saab tasuda panga\u00fclekandega tellimuse alusel, pangalinkidega, j\u00e4relmaksuga ja kaardimaksega\u00a0 <a href=\"https:\/\/eur01.safelinks.protection.outlook.com\/?url=https%3A%2F%2Fmaksekeskus.ee%2Fservice%2Fkaardimaksed%2F&amp;data=05%7C02%7Civar%40navsystems.ee%7Ceee0c9cdb4b34491abd508dd4449460d%7Ca32f5709604d4fc4874b2df128ef12b1%7C0%7C0%7C638741803701432137%7CUnknown%7CTWFpbGZsb3d8eyJFbXB0eU1hcGkiOnRydWUsIlYiOiIwLjAuMDAwMCIsIlAiOiJXaW4zMiIsIkFOIjoiTWFpbCIsIldUIjoyfQ%3D%3D%7C0%7C%7C%7C&amp;sdata=o%2FaPjVaw30OKbrR0un1q1aRP8WUcMQi3SicQMfiMG5o%3D&amp;reserved=0\" target=\"_blank\" rel=\"noopener\">Visa\/MasterCard<\/a>, v\u00f5i <a href=\"https:\/\/eur01.safelinks.protection.outlook.com\/?url=https%3A%2F%2Fmaksekeskus.ee%2Fservice%2Fapple-pay%2F&amp;data=05%7C02%7Civar%40navsystems.ee%7Ceee0c9cdb4b34491abd508dd4449460d%7Ca32f5709604d4fc4874b2df128ef12b1%7C0%7C0%7C638741803701445919%7CUnknown%7CTWFpbGZsb3d8eyJFbXB0eU1hcGkiOnRydWUsIlYiOiIwLjAuMDAwMCIsIlAiOiJXaW4zMiIsIkFOIjoiTWFpbCIsIldUIjoyfQ%3D%3D%7C0%7C%7C%7C&amp;sdata=jaaD1qjH9bKDjuau3KtuIjLF8nWWwl%2Fktli5eggvDGY%3D&amp;reserved=0\" target=\"_blank\" rel=\"noopener\">Apple Pay ja Google Pay<\/a> -ga. Saame vastu v\u00f5tta ka <a href=\"https:\/\/eur01.safelinks.protection.outlook.com\/?url=https%3A%2F%2Fmaksekeskus.ee%2Fservice%2Fkniks-kinkekaart%2F&amp;data=05%7C02%7Civar%40navsystems.ee%7Ceee0c9cdb4b34491abd508dd4449460d%7Ca32f5709604d4fc4874b2df128ef12b1%7C0%7C0%7C638741803701418429%7CUnknown%7CTWFpbGZsb3d8eyJFbXB0eU1hcGkiOnRydWUsIlYiOiIwLjAuMDAwMCIsIlAiOiJXaW4zMiIsIkFOIjoiTWFpbCIsIldUIjoyfQ%3D%3D%7C0%7C%7C%7C&amp;sdata=gljdgXs9cOs5hVge03NhHFRto4wQQPKyWrAN0tmvp5E%3D&amp;reserved=0\" target=\"_blank\" rel=\"noopener\">Kniks<\/a> kinkekaardi makseid. NB! K\u00f5ikide osapoolte riskide maandamiseks on kaardimaksete limiit 1000\u20ac ja suurema ostukorvi puhul neid valikuid ei kuvata. Kaupade eest saab tasuda ka j\u00e4relmaksuga. J\u00e4relmaksu v\u00f5imalusi on kolm, maksa j\u00e4rgmine kuu, maksa kolmes osas ja j\u00e4relmaks. Ka nende variantide kuvamine s\u00f5ltub ostukorvi suurusest. K\u00f5igi kolme pakutava j\u00e4relmaksuv\u00f5imaluse korral tuleb teil s\u00f5lmida leping Maksekeskusega. K\u00f5ikide tehingute kohta v\u00e4ljastatakse arve peale makse laekumist meie kontole, j\u00e4reltellimusse j\u00e4\u00e4nud kaupade puhul v\u00e4ljastatakse arve hiljemalt siis kui kaubad on f\u00fc\u00fcsiliselt olemas ja valmis ostjale tarnimiseks!<\/p>\n<p>T\u00e4rniga t\u00e4histatud v\u00e4ljad on kohustuslikud! K\u00fcsimuste korral saatke meile e-mail: info[at]raymarine.ee v\u00f5i helistage t\u00f6\u00f6p\u00e4eviti 08.00 &#8211; 18.00 numbrile: +372 508 8768 (eesti, soome, inglise, vene). Enne ostu sooritamist palun kontrollige kas teie andmed on \u00f5iged! Kui sisestate valed kontaktandmed, siis me teiega \u00fchendust v\u00f5tta ei saa. K\u00f5ikidele kaupadele kehtivad tootekirjelduses m\u00e4rgitud garantiitingimused, juhul kui garantii kohta midagi t\u00e4psemalt kirjutatud pole on toodete garantii vahemikus 12-24 kuud ja teenuste garantii 3-12 kuud. Avamata ja kasutamata kaupa saab m\u00f5juval p\u00f5hjusel tagastada 14 t\u00f6\u00f6p\u00e4eva jooksul alates tarnekuup\u00e4evast.<\/p>\n<hr \/>\n<p><br \/>Lugupidamisega,<\/p>\n<p>NavSystems O\u00dc meeskond.<\/p>\n<p><!-- \/wp:paragraph --><!-- wp:paragraph --><\/p>\n<p><!-- \/wp:paragraph --><\/p>\t\t\t\t\t\t\t\t<\/div>\n\t\t\t\t<\/div>\n\t\t\t\t\t<\/div>\n\t\t\t\t<\/div>\n\t\t\t\t<\/div>\n\t\t","protected":false},"excerpt":{"rendered":"<p>Lugupeetud klient! K\u00f5ikide kaupade ja teenuste hinnad sisaldavad Eestis kehtivat k\u00e4ibemaksu. Toodete koguse muutmiseks\u00a0 minge tagasi ostukorvi, klikkige praeguse koguse peal ja sisestage uus soovitud kogus. Toote kustutamiseks ostukorvist kasutage ristiga nuppu toote ees.\u00a0 Valige kas soovite tarnet kulleriga oma aadressile, m\u00f5nda sobivasse pakiautomaati v\u00f5i tulete kaubale ise j\u00e4rele. Kui teie ostukorvis on m\u00f5ni toode [&hellip;]<\/p>\n","protected":false},"author":10,"featured_media":0,"parent":0,"menu_order":0,"comment_status":"closed","ping_status":"closed","template":"","meta":{"_acf_changed":false,"footnotes":""},"class_list":["post-8527","page","type-page","status-publish","hentry"],"acf":[],"yoast_head":"<!-- This site is optimized with the Yoast SEO Premium plugin v27.5 (Yoast SEO v27.5) - https:\/\/yoast.com\/product\/yoast-seo-premium-wordpress\/ -->\n<title>M\u00fc\u00fcgitingimused - Mereelektroonika, kaardiplotter, autopiloot, pinnipiloot, roolipiloot, radar, AIS, VHF, Smart Wind<\/title>\n<meta name=\"description\" content=\"Kas autopiloot ja kaardiplotter vajavad uuendamist v\u00f5i vajad abi mereelektroonika valimisel? V\u00f5ta meiega \u00fchendust t\u00f6\u00f6p\u00e4eviti 08.00-18.00 Tel: +372 508 8768\" \/>\n<meta name=\"robots\" content=\"index, follow, max-snippet:-1, max-image-preview:large, max-video-preview:-1\" \/>\n<link rel=\"canonical\" href=\"https:\/\/raymarine.ee\/en\/muugitingimused\/\" \/>\n<meta property=\"og:locale\" content=\"en_GB\" \/>\n<meta property=\"og:type\" content=\"article\" \/>\n<meta property=\"og:title\" content=\"M\u00fc\u00fcgitingimused\" \/>\n<meta property=\"og:description\" content=\"Kas autopiloot ja kaardiplotter vajavad uuendamist v\u00f5i vajad abi mereelektroonika valimisel? V\u00f5ta meiega \u00fchendust t\u00f6\u00f6p\u00e4eviti 08.00-18.00 Tel: +372 508 8768\" \/>\n<meta property=\"og:url\" content=\"https:\/\/raymarine.ee\/en\/muugitingimused\/\" \/>\n<meta property=\"og:site_name\" content=\"NavSystems\" \/>\n<meta property=\"article:publisher\" content=\"https:\/\/www.facebook.com\/NavSystems\" \/>\n<meta property=\"article:modified_time\" content=\"2026-04-27T10:51:20+00:00\" \/>\n<meta property=\"og:image\" content=\"https:\/\/raymarine.ee\/wp-content\/uploads\/2024\/12\/ray.webp\" \/>\n\t<meta property=\"og:image:width\" content=\"500\" \/>\n\t<meta property=\"og:image:height\" content=\"500\" \/>\n\t<meta property=\"og:image:type\" content=\"image\/webp\" \/>\n<meta name=\"twitter:card\" content=\"summary_large_image\" \/>\n<meta name=\"twitter:label1\" content=\"Estimated reading time\" \/>\n\t<meta name=\"twitter:data1\" content=\"2 minutes\" \/>\n<script type=\"application\/ld+json\" class=\"yoast-schema-graph\">{\"@context\":\"https:\\\/\\\/schema.org\",\"@graph\":[{\"@type\":\"WebPage\",\"@id\":\"https:\\\/\\\/raymarine.ee\\\/muugitingimused\\\/\",\"url\":\"https:\\\/\\\/raymarine.ee\\\/muugitingimused\\\/\",\"name\":\"M\u00fc\u00fcgitingimused - Mereelektroonika, kaardiplotter, autopiloot, pinnipiloot, roolipiloot, radar, AIS, VHF, Smart Wind\",\"isPartOf\":{\"@id\":\"https:\\\/\\\/raymarine.ee\\\/#website\"},\"datePublished\":\"2024-10-15T13:02:11+00:00\",\"dateModified\":\"2026-04-27T10:51:20+00:00\",\"description\":\"Kas autopiloot ja kaardiplotter vajavad uuendamist v\u00f5i vajad abi mereelektroonika valimisel? V\u00f5ta meiega \u00fchendust t\u00f6\u00f6p\u00e4eviti 08.00-18.00 Tel: +372 508 8768\",\"breadcrumb\":{\"@id\":\"https:\\\/\\\/raymarine.ee\\\/muugitingimused\\\/#breadcrumb\"},\"inLanguage\":\"en-GB\",\"potentialAction\":[{\"@type\":\"ReadAction\",\"target\":[\"https:\\\/\\\/raymarine.ee\\\/muugitingimused\\\/\"]}]},{\"@type\":\"BreadcrumbList\",\"@id\":\"https:\\\/\\\/raymarine.ee\\\/muugitingimused\\\/#breadcrumb\",\"itemListElement\":[{\"@type\":\"ListItem\",\"position\":1,\"name\":\"Home\",\"item\":\"https:\\\/\\\/raymarine.ee\\\/\"},{\"@type\":\"ListItem\",\"position\":2,\"name\":\"M\u00fc\u00fcgitingimused\"}]},{\"@type\":\"WebSite\",\"@id\":\"https:\\\/\\\/raymarine.ee\\\/#website\",\"url\":\"https:\\\/\\\/raymarine.ee\\\/\",\"name\":\"www.raymarine.ee\",\"description\":\"Mereelektroonika, kaardiplotter, autopiloot, pinnipiloot, roolipiloot, radar, AIS, VHF, Smart Wind\",\"publisher\":{\"@id\":\"https:\\\/\\\/raymarine.ee\\\/#organization\"},\"alternateName\":\"Raymarine\",\"potentialAction\":[{\"@type\":\"SearchAction\",\"target\":{\"@type\":\"EntryPoint\",\"urlTemplate\":\"https:\\\/\\\/raymarine.ee\\\/?s={search_term_string}\"},\"query-input\":{\"@type\":\"PropertyValueSpecification\",\"valueRequired\":true,\"valueName\":\"search_term_string\"}}],\"inLanguage\":\"en-GB\"},{\"@type\":\"Organization\",\"@id\":\"https:\\\/\\\/raymarine.ee\\\/#organization\",\"name\":\"NavSystems O\u00dc\",\"url\":\"https:\\\/\\\/raymarine.ee\\\/\",\"logo\":{\"@type\":\"ImageObject\",\"inLanguage\":\"en-GB\",\"@id\":\"https:\\\/\\\/raymarine.ee\\\/#\\\/schema\\\/logo\\\/image\\\/\",\"url\":\"https:\\\/\\\/raymarine.ee\\\/wp-content\\\/uploads\\\/2024\\\/10\\\/Screenshot-2024-10-15-151324_bg_removed.webp\",\"contentUrl\":\"https:\\\/\\\/raymarine.ee\\\/wp-content\\\/uploads\\\/2024\\\/10\\\/Screenshot-2024-10-15-151324_bg_removed.webp\",\"width\":420,\"height\":276,\"caption\":\"NavSystems O\u00dc\"},\"image\":{\"@id\":\"https:\\\/\\\/raymarine.ee\\\/#\\\/schema\\\/logo\\\/image\\\/\"},\"sameAs\":[\"https:\\\/\\\/www.facebook.com\\\/NavSystems\"],\"legalName\":\"NavSystems O\u00dc\",\"foundingDate\":\"2011-05-03\",\"numberOfEmployees\":{\"@type\":\"QuantitativeValue\",\"minValue\":\"1\",\"maxValue\":\"10\"}}]}<\/script>\n<!-- \/ Yoast SEO Premium plugin. -->","yoast_head_json":{"title":"M\u00fc\u00fcgitingimused - Mereelektroonika, kaardiplotter, autopiloot, pinnipiloot, roolipiloot, radar, AIS, VHF, Smart Wind","description":"Kas autopiloot ja kaardiplotter vajavad uuendamist v\u00f5i vajad abi mereelektroonika valimisel? V\u00f5ta meiega \u00fchendust t\u00f6\u00f6p\u00e4eviti 08.00-18.00 Tel: +372 508 8768","robots":{"index":"index","follow":"follow","max-snippet":"max-snippet:-1","max-image-preview":"max-image-preview:large","max-video-preview":"max-video-preview:-1"},"canonical":"https:\/\/raymarine.ee\/en\/muugitingimused\/","og_locale":"en_GB","og_type":"article","og_title":"M\u00fc\u00fcgitingimused","og_description":"Kas autopiloot ja kaardiplotter vajavad uuendamist v\u00f5i vajad abi mereelektroonika valimisel? V\u00f5ta meiega \u00fchendust t\u00f6\u00f6p\u00e4eviti 08.00-18.00 Tel: +372 508 8768","og_url":"https:\/\/raymarine.ee\/en\/muugitingimused\/","og_site_name":"NavSystems","article_publisher":"https:\/\/www.facebook.com\/NavSystems","article_modified_time":"2026-04-27T10:51:20+00:00","og_image":[{"width":500,"height":500,"url":"https:\/\/raymarine.ee\/wp-content\/uploads\/2024\/12\/ray.webp","type":"image\/webp"}],"twitter_card":"summary_large_image","twitter_misc":{"Estimated reading time":"2 minutes"},"schema":{"@context":"https:\/\/schema.org","@graph":[{"@type":"WebPage","@id":"https:\/\/raymarine.ee\/muugitingimused\/","url":"https:\/\/raymarine.ee\/muugitingimused\/","name":"M\u00fc\u00fcgitingimused - Mereelektroonika, kaardiplotter, autopiloot, pinnipiloot, roolipiloot, radar, AIS, VHF, Smart Wind","isPartOf":{"@id":"https:\/\/raymarine.ee\/#website"},"datePublished":"2024-10-15T13:02:11+00:00","dateModified":"2026-04-27T10:51:20+00:00","description":"Kas autopiloot ja kaardiplotter vajavad uuendamist v\u00f5i vajad abi mereelektroonika valimisel? V\u00f5ta meiega \u00fchendust t\u00f6\u00f6p\u00e4eviti 08.00-18.00 Tel: +372 508 8768","breadcrumb":{"@id":"https:\/\/raymarine.ee\/muugitingimused\/#breadcrumb"},"inLanguage":"en-GB","potentialAction":[{"@type":"ReadAction","target":["https:\/\/raymarine.ee\/muugitingimused\/"]}]},{"@type":"BreadcrumbList","@id":"https:\/\/raymarine.ee\/muugitingimused\/#breadcrumb","itemListElement":[{"@type":"ListItem","position":1,"name":"Home","item":"https:\/\/raymarine.ee\/"},{"@type":"ListItem","position":2,"name":"M\u00fc\u00fcgitingimused"}]},{"@type":"WebSite","@id":"https:\/\/raymarine.ee\/#website","url":"https:\/\/raymarine.ee\/","name":"www.raymarine.ee","description":"Mereelektroonika, kaardiplotter, autopiloot, pinnipiloot, roolipiloot, radar, AIS, VHF, Smart Wind","publisher":{"@id":"https:\/\/raymarine.ee\/#organization"},"alternateName":"Raymarine","potentialAction":[{"@type":"SearchAction","target":{"@type":"EntryPoint","urlTemplate":"https:\/\/raymarine.ee\/?s={search_term_string}"},"query-input":{"@type":"PropertyValueSpecification","valueRequired":true,"valueName":"search_term_string"}}],"inLanguage":"en-GB"},{"@type":"Organization","@id":"https:\/\/raymarine.ee\/#organization","name":"NavSystems O\u00dc","url":"https:\/\/raymarine.ee\/","logo":{"@type":"ImageObject","inLanguage":"en-GB","@id":"https:\/\/raymarine.ee\/#\/schema\/logo\/image\/","url":"https:\/\/raymarine.ee\/wp-content\/uploads\/2024\/10\/Screenshot-2024-10-15-151324_bg_removed.webp","contentUrl":"https:\/\/raymarine.ee\/wp-content\/uploads\/2024\/10\/Screenshot-2024-10-15-151324_bg_removed.webp","width":420,"height":276,"caption":"NavSystems O\u00dc"},"image":{"@id":"https:\/\/raymarine.ee\/#\/schema\/logo\/image\/"},"sameAs":["https:\/\/www.facebook.com\/NavSystems"],"legalName":"NavSystems O\u00dc","foundingDate":"2011-05-03","numberOfEmployees":{"@type":"QuantitativeValue","minValue":"1","maxValue":"10"}}]}},"jetpack_sharing_enabled":true,"_links":{"self":[{"href":"https:\/\/raymarine.ee\/en\/wp-json\/wp\/v2\/pages\/8527","targetHints":{"allow":["GET"]}}],"collection":[{"href":"https:\/\/raymarine.ee\/en\/wp-json\/wp\/v2\/pages"}],"about":[{"href":"https:\/\/raymarine.ee\/en\/wp-json\/wp\/v2\/types\/page"}],"author":[{"embeddable":true,"href":"https:\/\/raymarine.ee\/en\/wp-json\/wp\/v2\/users\/10"}],"replies":[{"embeddable":true,"href":"https:\/\/raymarine.ee\/en\/wp-json\/wp\/v2\/comments?post=8527"}],"version-history":[{"count":45,"href":"https:\/\/raymarine.ee\/en\/wp-json\/wp\/v2\/pages\/8527\/revisions"}],"predecessor-version":[{"id":10769,"href":"https:\/\/raymarine.ee\/en\/wp-json\/wp\/v2\/pages\/8527\/revisions\/10769"}],"wp:attachment":[{"href":"https:\/\/raymarine.ee\/en\/wp-json\/wp\/v2\/media?parent=8527"}],"curies":[{"name":"wp","href":"https:\/\/api.w.org\/{rel}","templated":true}]}}