{"id":8531,"date":"2024-11-27T21:19:13","date_gmt":"2024-11-27T21:19:13","guid":{"rendered":"https:\/\/raymarine.ee\/?page_id=5906"},"modified":"2026-04-26T07:48:27","modified_gmt":"2026-04-26T04:48:27","slug":"privaatsuspoliitika","status":"publish","type":"page","link":"https:\/\/raymarine.ee\/en\/privaatsuspoliitika\/","title":{"rendered":"Privaatsuspoliitika"},"content":{"rendered":"\t\t<div data-elementor-type=\"wp-page\" data-elementor-id=\"8531\" class=\"elementor elementor-8531\" data-elementor-post-type=\"page\">\n\t\t\t\t<div class=\"elementor-element elementor-element-52c41938 e-flex e-con-boxed e-con e-parent\" data-id=\"52c41938\" data-element_type=\"container\" data-e-type=\"container\" data-settings=\"{&quot;background_background&quot;:&quot;classic&quot;}\">\n\t\t\t\t\t<div class=\"e-con-inner\">\n\t\t<div class=\"elementor-element elementor-element-5f763de2 e-con-full e-flex e-con e-child\" data-id=\"5f763de2\" data-element_type=\"container\" data-e-type=\"container\" data-settings=\"{&quot;background_background&quot;:&quot;classic&quot;}\">\n\t\t\t\t<div class=\"elementor-element elementor-element-16a061f6 elementor-widget elementor-widget-heading\" data-id=\"16a061f6\" data-element_type=\"widget\" data-e-type=\"widget\" data-widget_type=\"heading.default\">\n\t\t\t\t<div class=\"elementor-widget-container\">\n\t\t\t\t\t<h6 class=\"elementor-heading-title elementor-size-default\">K\u00fcpsiste kasutamine- ja privaatsuspoliitika<\/h6>\t\t\t\t<\/div>\n\t\t\t\t<\/div>\n\t\t\t\t<div class=\"elementor-element elementor-element-57be2f1b elementor-widget__width-initial elementor-widget elementor-widget-text-editor\" data-id=\"57be2f1b\" data-element_type=\"widget\" data-e-type=\"widget\" data-widget_type=\"text-editor.default\">\n\t\t\t\t<div class=\"elementor-widget-container\">\n\t\t\t\t\t\t\t\t\t<p>NavSystems O\u00dc kohustub kaitsma klientide ja kasutajate privaatsust. Sellest tulenevalt j\u00e4rgime k\u00e4esolevaid privaatsuspoliitika p\u00f5him\u00f5tteid, mis k\u00e4sitlevad kliendi andmete kogumist, kasutamist, avaldamist, edastamist ja s\u00e4ilitamist. Meie tegevus Internetis on koosk\u00f5las k\u00f5igi asjakohaste tegevuste ja vastavate Euroopa Liidu \u00f5igusaktidega ning Eesti Vabariigi seadustega.<\/p><p><strong>Isikuandmete t\u00f6\u00f6tlemine<\/strong><\/p><p>Veebipoe <a>www.raymarine.ee<\/a> isikuandmete vastutav t\u00f6\u00f6tleja on NavSystems O\u00dc (registrikood: 12100770). Juriidiline aadress: K\u00f5ivu p\u00f5ik 4, Tallinn 12113, tel +372 608 0248 ja e-mail: info[@]raymarine.ee. Isikuandmete t\u00f6\u00f6tlemise eest vastutava t\u00f6\u00f6tleja kontaktandmed on: tel +372 508 8768 ja e-mail: ivar[@]raymarine.ee.<\/p><p><strong>Milliseid isikuandmeid t\u00f6\u00f6deldakse:<\/strong><\/p><ul data-spread=\"false\"><li><p>nimi, telefoninumber ja e-posti aadress;<\/p><\/li><li><p>kauba kohaletoimetamise aadress;<\/p><\/li><li><p>pangakonto number;<\/p><\/li><li><p>kaupade ja teenuste maksumus ja maksetega seotud andmed (ostuajalugu);<\/p><\/li><li><p>klienditoe andmed.<\/p><\/li><\/ul><p><strong>Mis eesm\u00e4rgil isikuandmeid t\u00f6\u00f6deldakse<\/strong><\/p><p>Isikuandmeid kasutatakse kliendi tellimuste haldamiseks ja kauba kohaletoimetamiseks. Ostuajaloo andmeid kasutatakse ostetud kaupade ja teenuste \u00fclevaate koostamiseks ning kliendieelistuste anal\u00fc\u00fcsimiseks. Pangakonto numbrit kasutatakse kliendile maksete tagastamiseks. Kliendi IP-aadressi v\u00f5i teisi v\u00f5rguidentifikaatoreid t\u00f6\u00f6deldakse veebipoe funktsionaalsuse tagamiseks ning veebikasutusstatistika tegemiseks.<\/p><p><strong>\u00d5iguslik alus<\/strong><\/p><p>Isikuandmete t\u00f6\u00f6tlemine toimub kliendiga s\u00f5lmitud lepingu t\u00e4itmise eesm\u00e4rgil ja juriidilise kohustuse t\u00e4itmiseks (nt raamatupidamine ja tarbijavaidluste lahendamine).<\/p><p><strong>Isikuandmete edastamine<\/strong><\/p><p>Isikuandmeid edastatakse veebipoe klienditoele ostude ja ostuajaloo haldamiseks ja kliendiprobleemide lahendamiseks. Kontaktandmed edastatakse kliendi poolt valitud transporditeenuse pakkujale kauba kohaletoimetamiseks. Raamatupidamisteenuse korral edastatakse andmed teenusepakkujale raamatupidamistoimingute tegemiseks.<\/p><p><strong>Turvalisus ja andmetele ligip\u00e4\u00e4s<\/strong><\/p><p>Isikuandmeid hoitakse turvalistes serverites EL-is. Juurdep\u00e4\u00e4s andmetele on ainult volitatud t\u00f6\u00f6tlejatel ning k\u00f5ik volitatud t\u00f6\u00f6tlejad on kohustatud tagama andmete t\u00f6\u00f6tlemisel asjakohased kaitsemeetmed.<\/p><p><strong>Isikuandmetega tutvumine ja parandamine<\/strong><\/p><p>Isikuandmetega saab tutvuda ja neid parandada veebipoe kasutajaprofiilis v\u00f5i klienditoe vahendusel.<\/p><p><strong>N\u00f5usoleku tagasiv\u00f5tmine<\/strong><\/p><p>Kui isikuandmete t\u00f6\u00f6tlemine toimub n\u00f5usoleku alusel, on kliendil \u00f5igus n\u00f5usolek tagasi v\u00f5tta, teavitades sellest kliendituge e-posti teel.<\/p><p><strong>S\u00e4ilitamine ja kustutamine<\/strong><\/p><p>Veebipoe kliendikonto sulgemisel kustutatakse isikuandmed, v\u00e4lja arvatud juhul, kui neid on vaja s\u00e4ilitada raamatupidamise v\u00f5i tarbijavaidluste lahendamiseks. Ostuajalugu s\u00e4ilitatakse kolm aastat, maksete ja tarbijavaidlustega seotud andmed s\u00e4ilitatakse kuni n\u00f5ude t\u00e4itmiseni v\u00f5i aegumist\u00e4htaja l\u00f5puni ning raamatupidamisega seotud andmed seitse aastat.<\/p><p><strong>Otseturundusteated<\/strong><\/p><p>E-kirja aadressi ja telefoninumbrit kasutatakse otseturundusteadete saatmiseks vaid kliendi n\u00f5usolekul. Klient saab igal ajal keelduda otseturundusteadetest e-kirja jaluses oleva lingi kaudu v\u00f5i teavitades kliendituge e-posti teel.<\/p><p><strong>Kinnitame<\/strong>, et tegelikult me mitte kunagi \u00fchtegi turundusteadet ega reklaami ei saada \u2013 meil on soliidne firma! Usume, et meie kliendid ei soovi saada selliseid teateid nagu: &#8220;Osta kohe kilekott topelt hinnaga ja saad teise t\u00e4iesti tasuta kauba peale&#8221; ja 10 minutit hiljem j\u00e4rgneb meeldetuletus: &#8220;Kui Sul meie \u00e4gedat kilekotti ei ole, siis Sind pole olemas&#8221;. R\u00e4mpspostitus, mida t\u00e4nap\u00e4eval ekslikult nimetatakse &#8220;turunduseks\u201d on pigem j\u00f5mmide-, petiste- ja \u00e4rplejate teema.<\/p><p><strong>Vaidluste lahendamine<\/strong><\/p><p>Isikuandmete t\u00f6\u00f6tlemisega seotud vaidluste lahendamine toimub klienditoe vahendusel: info[@]raymarine.ee,\u00a0 \u00a0 \u00a0 \u00a0 \u00a0 \u00a0 tel: +372 608 0248.<\/p><p><strong>J\u00e4relevalveasutus<\/strong> on <strong>Eesti Andmekaitse Inspektsioon<\/strong> (<a>info@aki.ee<\/a>).<\/p><p><strong>Maksekeskus<\/strong> on volitatud andmete t\u00f6\u00f6tleja.<\/p><p>K\u00f5ikide raymarine.ee keskkonnast ostude sooritamisega seotud k\u00fcsimuste korral helistage numbrile: +372 508 8768.<\/p><hr \/><p><br \/>Lugupidamisega,<\/p><p>NavSystems O\u00dc meeskond.<\/p>\t\t\t\t\t\t\t\t<\/div>\n\t\t\t\t<\/div>\n\t\t\t\t<\/div>\n\t\t\t\t\t<\/div>\n\t\t\t\t<\/div>\n\t\t\t\t<\/div>\n\t\t","protected":false},"excerpt":{"rendered":"<p>K\u00fcpsiste kasutamine- ja privaatsuspoliitika NavSystems O\u00dc kohustub kaitsma klientide ja kasutajate privaatsust. Sellest tulenevalt j\u00e4rgime k\u00e4esolevaid privaatsuspoliitika p\u00f5him\u00f5tteid, mis k\u00e4sitlevad kliendi andmete kogumist, kasutamist, avaldamist, edastamist ja s\u00e4ilitamist. Meie tegevus Internetis on koosk\u00f5las k\u00f5igi asjakohaste tegevuste ja vastavate Euroopa Liidu \u00f5igusaktidega ning Eesti Vabariigi seadustega. Isikuandmete t\u00f6\u00f6tlemine Veebipoe www.raymarine.ee isikuandmete vastutav t\u00f6\u00f6tleja on NavSystems O\u00dc [&hellip;]<\/p>\n","protected":false},"author":10,"featured_media":0,"parent":0,"menu_order":0,"comment_status":"closed","ping_status":"closed","template":"","meta":{"_acf_changed":false,"footnotes":""},"class_list":["post-8531","page","type-page","status-publish","hentry"],"acf":[],"yoast_head":"<!-- This site is optimized with the Yoast SEO Premium plugin v27.5 (Yoast SEO v27.5) - https:\/\/yoast.com\/product\/yoast-seo-premium-wordpress\/ -->\n<title>Privaatsuspoliitika - Mereelektroonika, kaardiplotter, autopiloot, pinnipiloot, roolipiloot, radar, AIS, VHF, Smart Wind<\/title>\n<meta name=\"description\" content=\"Kas autopiloot ja kaardiplotter vajavad uuendamist v\u00f5i vajad abi mereelektroonika valimisel? V\u00f5ta meiega \u00fchendust t\u00f6\u00f6p\u00e4eviti 08.00-18.00 Tel: +372 508 8768\" \/>\n<meta name=\"robots\" content=\"index, follow, max-snippet:-1, max-image-preview:large, max-video-preview:-1\" \/>\n<link rel=\"canonical\" href=\"https:\/\/raymarine.ee\/en\/privaatsuspoliitika\/\" \/>\n<meta property=\"og:locale\" content=\"en_GB\" \/>\n<meta property=\"og:type\" content=\"article\" \/>\n<meta property=\"og:title\" content=\"Privaatsuspoliitika\" \/>\n<meta property=\"og:description\" content=\"Kas autopiloot ja kaardiplotter vajavad uuendamist v\u00f5i vajad abi mereelektroonika valimisel? V\u00f5ta meiega \u00fchendust t\u00f6\u00f6p\u00e4eviti 08.00-18.00 Tel: +372 508 8768\" \/>\n<meta property=\"og:url\" content=\"https:\/\/raymarine.ee\/en\/privaatsuspoliitika\/\" \/>\n<meta property=\"og:site_name\" content=\"NavSystems\" \/>\n<meta property=\"article:publisher\" content=\"https:\/\/www.facebook.com\/NavSystems\" \/>\n<meta property=\"article:modified_time\" content=\"2026-04-26T04:48:27+00:00\" \/>\n<meta property=\"og:image\" content=\"https:\/\/raymarine.ee\/wp-content\/uploads\/2024\/12\/ray.webp\" \/>\n\t<meta property=\"og:image:width\" content=\"500\" \/>\n\t<meta property=\"og:image:height\" content=\"500\" \/>\n\t<meta property=\"og:image:type\" content=\"image\/webp\" \/>\n<meta name=\"twitter:card\" content=\"summary_large_image\" \/>\n<meta name=\"twitter:label1\" content=\"Estimated reading time\" \/>\n\t<meta name=\"twitter:data1\" content=\"3 minutes\" \/>\n<script type=\"application\/ld+json\" class=\"yoast-schema-graph\">{\"@context\":\"https:\\\/\\\/schema.org\",\"@graph\":[{\"@type\":\"WebPage\",\"@id\":\"https:\\\/\\\/raymarine.ee\\\/privaatsuspoliitika\\\/\",\"url\":\"https:\\\/\\\/raymarine.ee\\\/privaatsuspoliitika\\\/\",\"name\":\"Privaatsuspoliitika - Mereelektroonika, kaardiplotter, autopiloot, pinnipiloot, roolipiloot, radar, AIS, VHF, Smart Wind\",\"isPartOf\":{\"@id\":\"https:\\\/\\\/raymarine.ee\\\/#website\"},\"datePublished\":\"2024-11-27T21:19:13+00:00\",\"dateModified\":\"2026-04-26T04:48:27+00:00\",\"description\":\"Kas autopiloot ja kaardiplotter vajavad uuendamist v\u00f5i vajad abi mereelektroonika valimisel? V\u00f5ta meiega \u00fchendust t\u00f6\u00f6p\u00e4eviti 08.00-18.00 Tel: +372 508 8768\",\"breadcrumb\":{\"@id\":\"https:\\\/\\\/raymarine.ee\\\/privaatsuspoliitika\\\/#breadcrumb\"},\"inLanguage\":\"en-GB\",\"potentialAction\":[{\"@type\":\"ReadAction\",\"target\":[\"https:\\\/\\\/raymarine.ee\\\/privaatsuspoliitika\\\/\"]}]},{\"@type\":\"BreadcrumbList\",\"@id\":\"https:\\\/\\\/raymarine.ee\\\/privaatsuspoliitika\\\/#breadcrumb\",\"itemListElement\":[{\"@type\":\"ListItem\",\"position\":1,\"name\":\"Home\",\"item\":\"https:\\\/\\\/raymarine.ee\\\/\"},{\"@type\":\"ListItem\",\"position\":2,\"name\":\"Privaatsuspoliitika\"}]},{\"@type\":\"WebSite\",\"@id\":\"https:\\\/\\\/raymarine.ee\\\/#website\",\"url\":\"https:\\\/\\\/raymarine.ee\\\/\",\"name\":\"www.raymarine.ee\",\"description\":\"Mereelektroonika, kaardiplotter, autopiloot, pinnipiloot, roolipiloot, radar, AIS, VHF, Smart Wind\",\"publisher\":{\"@id\":\"https:\\\/\\\/raymarine.ee\\\/#organization\"},\"alternateName\":\"Raymarine\",\"potentialAction\":[{\"@type\":\"SearchAction\",\"target\":{\"@type\":\"EntryPoint\",\"urlTemplate\":\"https:\\\/\\\/raymarine.ee\\\/?s={search_term_string}\"},\"query-input\":{\"@type\":\"PropertyValueSpecification\",\"valueRequired\":true,\"valueName\":\"search_term_string\"}}],\"inLanguage\":\"en-GB\"},{\"@type\":\"Organization\",\"@id\":\"https:\\\/\\\/raymarine.ee\\\/#organization\",\"name\":\"NavSystems O\u00dc\",\"url\":\"https:\\\/\\\/raymarine.ee\\\/\",\"logo\":{\"@type\":\"ImageObject\",\"inLanguage\":\"en-GB\",\"@id\":\"https:\\\/\\\/raymarine.ee\\\/#\\\/schema\\\/logo\\\/image\\\/\",\"url\":\"https:\\\/\\\/raymarine.ee\\\/wp-content\\\/uploads\\\/2024\\\/10\\\/Screenshot-2024-10-15-151324_bg_removed.webp\",\"contentUrl\":\"https:\\\/\\\/raymarine.ee\\\/wp-content\\\/uploads\\\/2024\\\/10\\\/Screenshot-2024-10-15-151324_bg_removed.webp\",\"width\":420,\"height\":276,\"caption\":\"NavSystems O\u00dc\"},\"image\":{\"@id\":\"https:\\\/\\\/raymarine.ee\\\/#\\\/schema\\\/logo\\\/image\\\/\"},\"sameAs\":[\"https:\\\/\\\/www.facebook.com\\\/NavSystems\"],\"legalName\":\"NavSystems O\u00dc\",\"foundingDate\":\"2011-05-03\",\"numberOfEmployees\":{\"@type\":\"QuantitativeValue\",\"minValue\":\"1\",\"maxValue\":\"10\"}}]}<\/script>\n<!-- \/ Yoast SEO Premium plugin. -->","yoast_head_json":{"title":"Privaatsuspoliitika - Mereelektroonika, kaardiplotter, autopiloot, pinnipiloot, roolipiloot, radar, AIS, VHF, Smart Wind","description":"Kas autopiloot ja kaardiplotter vajavad uuendamist v\u00f5i vajad abi mereelektroonika valimisel? V\u00f5ta meiega \u00fchendust t\u00f6\u00f6p\u00e4eviti 08.00-18.00 Tel: +372 508 8768","robots":{"index":"index","follow":"follow","max-snippet":"max-snippet:-1","max-image-preview":"max-image-preview:large","max-video-preview":"max-video-preview:-1"},"canonical":"https:\/\/raymarine.ee\/en\/privaatsuspoliitika\/","og_locale":"en_GB","og_type":"article","og_title":"Privaatsuspoliitika","og_description":"Kas autopiloot ja kaardiplotter vajavad uuendamist v\u00f5i vajad abi mereelektroonika valimisel? V\u00f5ta meiega \u00fchendust t\u00f6\u00f6p\u00e4eviti 08.00-18.00 Tel: +372 508 8768","og_url":"https:\/\/raymarine.ee\/en\/privaatsuspoliitika\/","og_site_name":"NavSystems","article_publisher":"https:\/\/www.facebook.com\/NavSystems","article_modified_time":"2026-04-26T04:48:27+00:00","og_image":[{"width":500,"height":500,"url":"https:\/\/raymarine.ee\/wp-content\/uploads\/2024\/12\/ray.webp","type":"image\/webp"}],"twitter_card":"summary_large_image","twitter_misc":{"Estimated reading time":"3 minutes"},"schema":{"@context":"https:\/\/schema.org","@graph":[{"@type":"WebPage","@id":"https:\/\/raymarine.ee\/privaatsuspoliitika\/","url":"https:\/\/raymarine.ee\/privaatsuspoliitika\/","name":"Privaatsuspoliitika - Mereelektroonika, kaardiplotter, autopiloot, pinnipiloot, roolipiloot, radar, AIS, VHF, Smart Wind","isPartOf":{"@id":"https:\/\/raymarine.ee\/#website"},"datePublished":"2024-11-27T21:19:13+00:00","dateModified":"2026-04-26T04:48:27+00:00","description":"Kas autopiloot ja kaardiplotter vajavad uuendamist v\u00f5i vajad abi mereelektroonika valimisel? V\u00f5ta meiega \u00fchendust t\u00f6\u00f6p\u00e4eviti 08.00-18.00 Tel: +372 508 8768","breadcrumb":{"@id":"https:\/\/raymarine.ee\/privaatsuspoliitika\/#breadcrumb"},"inLanguage":"en-GB","potentialAction":[{"@type":"ReadAction","target":["https:\/\/raymarine.ee\/privaatsuspoliitika\/"]}]},{"@type":"BreadcrumbList","@id":"https:\/\/raymarine.ee\/privaatsuspoliitika\/#breadcrumb","itemListElement":[{"@type":"ListItem","position":1,"name":"Home","item":"https:\/\/raymarine.ee\/"},{"@type":"ListItem","position":2,"name":"Privaatsuspoliitika"}]},{"@type":"WebSite","@id":"https:\/\/raymarine.ee\/#website","url":"https:\/\/raymarine.ee\/","name":"www.raymarine.ee","description":"Mereelektroonika, kaardiplotter, autopiloot, pinnipiloot, roolipiloot, radar, AIS, VHF, Smart Wind","publisher":{"@id":"https:\/\/raymarine.ee\/#organization"},"alternateName":"Raymarine","potentialAction":[{"@type":"SearchAction","target":{"@type":"EntryPoint","urlTemplate":"https:\/\/raymarine.ee\/?s={search_term_string}"},"query-input":{"@type":"PropertyValueSpecification","valueRequired":true,"valueName":"search_term_string"}}],"inLanguage":"en-GB"},{"@type":"Organization","@id":"https:\/\/raymarine.ee\/#organization","name":"NavSystems O\u00dc","url":"https:\/\/raymarine.ee\/","logo":{"@type":"ImageObject","inLanguage":"en-GB","@id":"https:\/\/raymarine.ee\/#\/schema\/logo\/image\/","url":"https:\/\/raymarine.ee\/wp-content\/uploads\/2024\/10\/Screenshot-2024-10-15-151324_bg_removed.webp","contentUrl":"https:\/\/raymarine.ee\/wp-content\/uploads\/2024\/10\/Screenshot-2024-10-15-151324_bg_removed.webp","width":420,"height":276,"caption":"NavSystems O\u00dc"},"image":{"@id":"https:\/\/raymarine.ee\/#\/schema\/logo\/image\/"},"sameAs":["https:\/\/www.facebook.com\/NavSystems"],"legalName":"NavSystems O\u00dc","foundingDate":"2011-05-03","numberOfEmployees":{"@type":"QuantitativeValue","minValue":"1","maxValue":"10"}}]}},"jetpack_sharing_enabled":true,"_links":{"self":[{"href":"https:\/\/raymarine.ee\/en\/wp-json\/wp\/v2\/pages\/8531","targetHints":{"allow":["GET"]}}],"collection":[{"href":"https:\/\/raymarine.ee\/en\/wp-json\/wp\/v2\/pages"}],"about":[{"href":"https:\/\/raymarine.ee\/en\/wp-json\/wp\/v2\/types\/page"}],"author":[{"embeddable":true,"href":"https:\/\/raymarine.ee\/en\/wp-json\/wp\/v2\/users\/10"}],"replies":[{"embeddable":true,"href":"https:\/\/raymarine.ee\/en\/wp-json\/wp\/v2\/comments?post=8531"}],"version-history":[{"count":15,"href":"https:\/\/raymarine.ee\/en\/wp-json\/wp\/v2\/pages\/8531\/revisions"}],"predecessor-version":[{"id":10578,"href":"https:\/\/raymarine.ee\/en\/wp-json\/wp\/v2\/pages\/8531\/revisions\/10578"}],"wp:attachment":[{"href":"https:\/\/raymarine.ee\/en\/wp-json\/wp\/v2\/media?parent=8531"}],"curies":[{"name":"wp","href":"https:\/\/api.w.org\/{rel}","templated":true}]}}