{"id":8532,"date":"2024-11-27T21:25:09","date_gmt":"2024-11-27T21:25:09","guid":{"rendered":"https:\/\/raymarine.ee\/?page_id=5916"},"modified":"2026-04-14T12:23:36","modified_gmt":"2026-04-14T09:23:36","slug":"maksekeskuse-tingimused-2","status":"publish","type":"page","link":"https:\/\/raymarine.ee\/en\/maksekeskuse-tingimused-2\/","title":{"rendered":"Maksekeskuse tingimused"},"content":{"rendered":"<div data-elementor-type=\"wp-page\" data-elementor-id=\"8532\" class=\"elementor elementor-8532\" data-elementor-post-type=\"page\">\n\t\t\t\t<div class=\"elementor-element elementor-element-2ba1d316 e-flex e-con-boxed e-con e-parent\" data-id=\"2ba1d316\" data-element_type=\"container\" data-e-type=\"container\" data-settings=\"{&quot;background_background&quot;:&quot;classic&quot;}\">\n\t\t\t\t\t<div class=\"e-con-inner\">\n\t\t<div class=\"elementor-element elementor-element-3516daa8 e-con-full e-flex e-con e-child\" data-id=\"3516daa8\" data-element_type=\"container\" data-e-type=\"container\" data-settings=\"{&quot;background_background&quot;:&quot;classic&quot;}\">\n\t\t\t\t<div class=\"elementor-element elementor-element-4c0e1509 elementor-widget elementor-widget-heading\" data-id=\"4c0e1509\" data-element_type=\"widget\" data-e-type=\"widget\" data-widget_type=\"heading.default\">\n\t\t\t\t<div class=\"elementor-widget-container\">\n\t\t\t\t\t<h1 class=\"elementor-heading-title elementor-size-default\">Maksekeskuse tingimused<\/h1>\t\t\t\t<\/div>\n\t\t\t\t<\/div>\n\t\t\t\t<div class=\"elementor-element elementor-element-2e3d7328 elementor-widget__width-initial elementor-widget elementor-widget-text-editor\" data-id=\"2e3d7328\" data-element_type=\"widget\" data-e-type=\"widget\" data-widget_type=\"text-editor.default\">\n\t\t\t\t<div class=\"elementor-widget-container\">\n\t\t\t\t\t\t\t\t\t<p><strong>1. \u00dcldtingimuste kohaldatavus<\/strong><\/p><p>1.1 AS-i Maksekeskus (edaspidi Maksekeskus) \u00fcldtingimused kehtivad k\u00f5igi juriidiliste ja f\u00fc\u00fcsiliste isikute (edaspidi Klient v\u00f5i Kliendid) suhtes, kes kasutavad Maksekeskuse teenust (edaspidi Teenust).<\/p><p>1.1.2 \u00dcldtingimustega on v\u00f5imalik tutvuda Maksekeskuse internetilehek\u00fcljel (edaspidi Maksekeskuse keskkond)\u00a0<a href=\"http:\/\/www.maksekeskus.ee\/\" target=\"_blank\" rel=\"noopener\"><span style=\"color: #0066cc;\">www.maksekeskus.ee<\/span><\/a>.<\/p><p>1.2 \u00dcldtingimuste kehtestamine ja muutmine<\/p><p>1.2.1 \u00dcldtingimused kehtestab Maksekeskus.<\/p><p>1.2.2 Maksekeskusel on \u00f5igus \u00fcldtingimusi \u00fchepoolselt muuta.<\/p><p>1.3 <strong>Kohaldatav seadus ja vaidluste lahendamine<\/strong><\/p><p>1.3.1 Maksekeskuse ja Kliendi vahelistele suhetele kohaldatakse Eesti Vabariigi seadusi.<\/p><p>1.3.2 Maksekeskuse ja Kliendi vahelised lahkarvamused p\u00fc\u00fctakse lahendada eelk\u00f5ige l\u00e4bir\u00e4\u00e4kimiste teel.<\/p><p>1.3.3 Kui lahkarvamusi ei ole v\u00f5imalik lahendada, on huvitatud poolel \u00f5igus esitada teisele poolele kaebus v\u00f5i n\u00f5ue kirjalikult.<\/p><p>1.3.4 N\u00f5udes tuleb \u00e4ra n\u00e4idata n\u00f5ude esitamist p\u00f5hjustanud asjaolu ja lisada sellele n\u00f5uet t\u00f5endavad dokumendid.<\/p><p>1.3.5 L\u00e4bir\u00e4\u00e4kimiste eba\u00f5nnestumisel lahendatakse vaidlused Harju Maakohtus.<\/p><p>1.3.6 Maksekeskuse tegevuse \u00fcle sularahamakse teenuse osas teostab j\u00e4relvalvet Finantsinspektsioon. T\u00e4psem info Finantsinspektsiooni kohta on k\u00e4ttesaadav internetilehek\u00fcljelt\u00a0<a href=\"http:\/\/www.fi.ee\/\" target=\"_blank\" rel=\"noopener\"><span style=\"color: #0066cc;\">www.fi.ee<\/span><\/a>.<\/p><p>1.4 <strong>Maksekeskuse poolt osutatav teenus (Teenus)<\/strong><\/p><p>1.4.1 Maksekeskus vahendab Kliendile Maksekeskuse keskkonnas toodud erinevate makseviiside pakkujate poolt pakutavaid makseviise, mille kaudu on Klientidel v\u00f5imalik sooritada makseid.<\/p><p>1.4.2 Maksekeskus pakub sularahamakse teenust, mille kaudu on Klientidel v\u00f5imalik sooritada makseid.<\/p><p>1.5 <strong>Kliendiandmete t\u00f6\u00f6tlemine<\/strong><\/p><p>1.5.1 Kliendiandmete t\u00f6\u00f6tlemise eesm\u00e4rgid:<\/p><p>1.5.2 Maksekeskus t\u00f6\u00f6tleb Kliendi poolt avaldatatud isikuandmeid j\u00e4rgmiselt:<\/p><p>1.5.2.1 isiklikke andmeid (Kliendi nimi, isikukood, s\u00fcnniaeg, isikut t\u00f5endava dokumendi andmed jne) isiku identimiseks ning j\u00e4relmaksu pakkujatele edastamiseks ja j\u00e4relmaksu taotlemiseks\/saamiseks, kui Klient on valinud makseviisiks j\u00e4relmaksu;<\/p><p>1.5.2.2 kontaktandmeid (telefoninumber, aadress, e-posti aadress jne) isiku identimiseks ning j\u00e4relmaksu pakkujatele edastamiseks j\u00e4relmaksu taotlemiseks\/saamiseks, kui Klient on valinud makseviisiks j\u00e4relmaksu.<\/p><p>1.5.3 Kliendi isikuandmete t\u00f6\u00f6tlemine punktides 1.5.2.1 ja 1.5.2.2 toodud viisidel on vajalik Kliendiga lepingu s\u00f5lmimise otsustamise, s\u00f5lmitud lepingu haldamise ja t\u00e4itmise, seadusega kehtestatud kohustuste t\u00e4itmise ning oma rikutud v\u00f5i vaidlustatud \u00f5iguste kaitsmise eesm\u00e4rgil.<\/p><p>1.6 <strong>Vastutus<\/strong><\/p><p>1.6.1 Maksekeskus ja Klient t\u00e4idavad omapoolsed kohustused n\u00f5uetekohaselt, heas usus, m\u00f5istlikult, j\u00e4rgides hoolsuse n\u00f5udeid ning arvestades tavasid ja praktikat.<\/p><p>1.6.2 Maksekeskus ja Klient ei vastuta kohustuse rikkumise eest, kui see on p\u00f5hjustatud v\u00e4\u00e4ramatust j\u00f5ust. V\u00e4\u00e4ramatuks j\u00f5uks on asjaolud, mida kohustatud pool ei saanud m\u00f5jutada.<\/p><p>1.6.3 Maksekeskusel puudub igasugune vastutus toote\/teenuse\/kauba jne eest, mille eest Klient tasub, kasutades Teenust.<\/p><p>1.6.4 Maksekeskus ei tegele ega vasta \u00fchelegi pretensioonile, mis tulenevad punktist 1.6.3.<\/p><p>1.6.5 Teenuse kasutamiseks on Klient kohustatud sisetama \u00f5iged andmed. Klient vastutab, kui tema poolt sisestatud andmed on ebat\u00e4psed v\u00f5i valed.<\/p><p>1.7 <strong>Kontakt<\/strong><\/p><p>1.7.1 Tekkinud k\u00fcsimuste korral v\u00f5ib Klient v\u00f5tta \u00fchendust kirjutades e-posti aadressil\u00a0<a href=\"mailto:support@maksekeskus.ee\"><span style=\"color: #0066cc;\">support@maksekeskus.ee<\/span><\/a>\u00a0v\u00f5i helistades numbrile +372 5887 5115.<\/p><hr \/><p><br \/>Lugupidamisega,<\/p><p>NavSystems O\u00dc meeskond.<\/p>\t\t\t\t\t\t\t\t<\/div>\n\t\t\t\t<\/div>\n\t\t\t\t<\/div>\n\t\t\t\t\t<\/div>\n\t\t\t\t<\/div>\n\t\t\t\t<\/div>","protected":false},"excerpt":{"rendered":"<p>Maksekeskuse tingimused 1. \u00dcldtingimuste kohaldatavus 1.1 AS-i Maksekeskus (edaspidi Maksekeskus) \u00fcldtingimused kehtivad k\u00f5igi juriidiliste ja f\u00fc\u00fcsiliste isikute (edaspidi Klient v\u00f5i Kliendid) suhtes, kes kasutavad Maksekeskuse teenust (edaspidi Teenust). 1.1.2 \u00dcldtingimustega on v\u00f5imalik tutvuda Maksekeskuse internetilehek\u00fcljel (edaspidi Maksekeskuse keskkond)\u00a0www.maksekeskus.ee. 1.2 \u00dcldtingimuste kehtestamine ja muutmine 1.2.1 \u00dcldtingimused kehtestab Maksekeskus. 1.2.2 Maksekeskusel on \u00f5igus \u00fcldtingimusi \u00fchepoolselt muuta. 1.3 [&hellip;]<\/p>\n","protected":false},"author":10,"featured_media":0,"parent":0,"menu_order":0,"comment_status":"closed","ping_status":"closed","template":"","meta":{"_acf_changed":false,"footnotes":""},"class_list":["post-8532","page","type-page","status-publish","hentry"],"acf":[],"yoast_head":"<!-- This site is optimized with the Yoast SEO Premium plugin v27.5 (Yoast SEO v27.5) - https:\/\/yoast.com\/product\/yoast-seo-premium-wordpress\/ -->\n<title>Maksekeskuse tingimused - Mereelektroonika, kaardiplotter, autopiloot, pinnipiloot, roolipiloot, radar, AIS, VHF, Smart Wind<\/title>\n<meta name=\"description\" content=\"Kas autopiloot ja kaardiplotter vajavad uuendamist v\u00f5i vajad abi mereelektroonika valimisel? V\u00f5ta meiega \u00fchendust t\u00f6\u00f6p\u00e4eviti 08.00-18.00 Tel: +372 508 8768\" \/>\n<meta name=\"robots\" content=\"index, follow, max-snippet:-1, max-image-preview:large, max-video-preview:-1\" \/>\n<link rel=\"canonical\" href=\"https:\/\/raymarine.ee\/en\/maksekeskuse-tingimused-2\/\" \/>\n<meta property=\"og:locale\" content=\"en_GB\" \/>\n<meta property=\"og:type\" content=\"article\" \/>\n<meta property=\"og:title\" content=\"Maksekeskuse tingimused\" \/>\n<meta property=\"og:description\" content=\"Kas autopiloot ja kaardiplotter vajavad uuendamist v\u00f5i vajad abi mereelektroonika valimisel? V\u00f5ta meiega \u00fchendust t\u00f6\u00f6p\u00e4eviti 08.00-18.00 Tel: +372 508 8768\" \/>\n<meta property=\"og:url\" content=\"https:\/\/raymarine.ee\/en\/maksekeskuse-tingimused-2\/\" \/>\n<meta property=\"og:site_name\" content=\"NavSystems\" \/>\n<meta property=\"article:publisher\" content=\"https:\/\/www.facebook.com\/NavSystems\" \/>\n<meta property=\"article:modified_time\" content=\"2026-04-14T09:23:36+00:00\" \/>\n<meta property=\"og:image\" content=\"https:\/\/raymarine.ee\/wp-content\/uploads\/2024\/12\/ray.webp\" \/>\n\t<meta property=\"og:image:width\" content=\"500\" \/>\n\t<meta property=\"og:image:height\" content=\"500\" \/>\n\t<meta property=\"og:image:type\" content=\"image\/webp\" \/>\n<meta name=\"twitter:card\" content=\"summary_large_image\" \/>\n<meta name=\"twitter:label1\" content=\"Estimated reading time\" \/>\n\t<meta name=\"twitter:data1\" content=\"3 minutes\" \/>\n<script type=\"application\/ld+json\" class=\"yoast-schema-graph\">{\"@context\":\"https:\\\/\\\/schema.org\",\"@graph\":[{\"@type\":\"WebPage\",\"@id\":\"https:\\\/\\\/raymarine.ee\\\/maksekeskuse-tingimused-2\\\/\",\"url\":\"https:\\\/\\\/raymarine.ee\\\/maksekeskuse-tingimused-2\\\/\",\"name\":\"Maksekeskuse tingimused - Mereelektroonika, kaardiplotter, autopiloot, pinnipiloot, roolipiloot, radar, AIS, VHF, Smart Wind\",\"isPartOf\":{\"@id\":\"https:\\\/\\\/raymarine.ee\\\/#website\"},\"datePublished\":\"2024-11-27T21:25:09+00:00\",\"dateModified\":\"2026-04-14T09:23:36+00:00\",\"description\":\"Kas autopiloot ja kaardiplotter vajavad uuendamist v\u00f5i vajad abi mereelektroonika valimisel? V\u00f5ta meiega \u00fchendust t\u00f6\u00f6p\u00e4eviti 08.00-18.00 Tel: +372 508 8768\",\"breadcrumb\":{\"@id\":\"https:\\\/\\\/raymarine.ee\\\/maksekeskuse-tingimused-2\\\/#breadcrumb\"},\"inLanguage\":\"en-GB\",\"potentialAction\":[{\"@type\":\"ReadAction\",\"target\":[\"https:\\\/\\\/raymarine.ee\\\/maksekeskuse-tingimused-2\\\/\"]}]},{\"@type\":\"BreadcrumbList\",\"@id\":\"https:\\\/\\\/raymarine.ee\\\/maksekeskuse-tingimused-2\\\/#breadcrumb\",\"itemListElement\":[{\"@type\":\"ListItem\",\"position\":1,\"name\":\"Home\",\"item\":\"https:\\\/\\\/raymarine.ee\\\/\"},{\"@type\":\"ListItem\",\"position\":2,\"name\":\"Maksekeskuse tingimused\"}]},{\"@type\":\"WebSite\",\"@id\":\"https:\\\/\\\/raymarine.ee\\\/#website\",\"url\":\"https:\\\/\\\/raymarine.ee\\\/\",\"name\":\"www.raymarine.ee\",\"description\":\"Mereelektroonika, kaardiplotter, autopiloot, pinnipiloot, roolipiloot, radar, AIS, VHF, Smart Wind\",\"publisher\":{\"@id\":\"https:\\\/\\\/raymarine.ee\\\/#organization\"},\"alternateName\":\"Raymarine\",\"potentialAction\":[{\"@type\":\"SearchAction\",\"target\":{\"@type\":\"EntryPoint\",\"urlTemplate\":\"https:\\\/\\\/raymarine.ee\\\/?s={search_term_string}\"},\"query-input\":{\"@type\":\"PropertyValueSpecification\",\"valueRequired\":true,\"valueName\":\"search_term_string\"}}],\"inLanguage\":\"en-GB\"},{\"@type\":\"Organization\",\"@id\":\"https:\\\/\\\/raymarine.ee\\\/#organization\",\"name\":\"NavSystems O\u00dc\",\"url\":\"https:\\\/\\\/raymarine.ee\\\/\",\"logo\":{\"@type\":\"ImageObject\",\"inLanguage\":\"en-GB\",\"@id\":\"https:\\\/\\\/raymarine.ee\\\/#\\\/schema\\\/logo\\\/image\\\/\",\"url\":\"https:\\\/\\\/raymarine.ee\\\/wp-content\\\/uploads\\\/2024\\\/10\\\/Screenshot-2024-10-15-151324_bg_removed.webp\",\"contentUrl\":\"https:\\\/\\\/raymarine.ee\\\/wp-content\\\/uploads\\\/2024\\\/10\\\/Screenshot-2024-10-15-151324_bg_removed.webp\",\"width\":420,\"height\":276,\"caption\":\"NavSystems O\u00dc\"},\"image\":{\"@id\":\"https:\\\/\\\/raymarine.ee\\\/#\\\/schema\\\/logo\\\/image\\\/\"},\"sameAs\":[\"https:\\\/\\\/www.facebook.com\\\/NavSystems\"],\"legalName\":\"NavSystems O\u00dc\",\"foundingDate\":\"2011-05-03\",\"numberOfEmployees\":{\"@type\":\"QuantitativeValue\",\"minValue\":\"1\",\"maxValue\":\"10\"}}]}<\/script>\n<!-- \/ Yoast SEO Premium plugin. -->","yoast_head_json":{"title":"Maksekeskuse tingimused - Mereelektroonika, kaardiplotter, autopiloot, pinnipiloot, roolipiloot, radar, AIS, VHF, Smart Wind","description":"Kas autopiloot ja kaardiplotter vajavad uuendamist v\u00f5i vajad abi mereelektroonika valimisel? V\u00f5ta meiega \u00fchendust t\u00f6\u00f6p\u00e4eviti 08.00-18.00 Tel: +372 508 8768","robots":{"index":"index","follow":"follow","max-snippet":"max-snippet:-1","max-image-preview":"max-image-preview:large","max-video-preview":"max-video-preview:-1"},"canonical":"https:\/\/raymarine.ee\/en\/maksekeskuse-tingimused-2\/","og_locale":"en_GB","og_type":"article","og_title":"Maksekeskuse tingimused","og_description":"Kas autopiloot ja kaardiplotter vajavad uuendamist v\u00f5i vajad abi mereelektroonika valimisel? V\u00f5ta meiega \u00fchendust t\u00f6\u00f6p\u00e4eviti 08.00-18.00 Tel: +372 508 8768","og_url":"https:\/\/raymarine.ee\/en\/maksekeskuse-tingimused-2\/","og_site_name":"NavSystems","article_publisher":"https:\/\/www.facebook.com\/NavSystems","article_modified_time":"2026-04-14T09:23:36+00:00","og_image":[{"width":500,"height":500,"url":"https:\/\/raymarine.ee\/wp-content\/uploads\/2024\/12\/ray.webp","type":"image\/webp"}],"twitter_card":"summary_large_image","twitter_misc":{"Estimated reading time":"3 minutes"},"schema":{"@context":"https:\/\/schema.org","@graph":[{"@type":"WebPage","@id":"https:\/\/raymarine.ee\/maksekeskuse-tingimused-2\/","url":"https:\/\/raymarine.ee\/maksekeskuse-tingimused-2\/","name":"Maksekeskuse tingimused - Mereelektroonika, kaardiplotter, autopiloot, pinnipiloot, roolipiloot, radar, AIS, VHF, Smart Wind","isPartOf":{"@id":"https:\/\/raymarine.ee\/#website"},"datePublished":"2024-11-27T21:25:09+00:00","dateModified":"2026-04-14T09:23:36+00:00","description":"Kas autopiloot ja kaardiplotter vajavad uuendamist v\u00f5i vajad abi mereelektroonika valimisel? V\u00f5ta meiega \u00fchendust t\u00f6\u00f6p\u00e4eviti 08.00-18.00 Tel: +372 508 8768","breadcrumb":{"@id":"https:\/\/raymarine.ee\/maksekeskuse-tingimused-2\/#breadcrumb"},"inLanguage":"en-GB","potentialAction":[{"@type":"ReadAction","target":["https:\/\/raymarine.ee\/maksekeskuse-tingimused-2\/"]}]},{"@type":"BreadcrumbList","@id":"https:\/\/raymarine.ee\/maksekeskuse-tingimused-2\/#breadcrumb","itemListElement":[{"@type":"ListItem","position":1,"name":"Home","item":"https:\/\/raymarine.ee\/"},{"@type":"ListItem","position":2,"name":"Maksekeskuse tingimused"}]},{"@type":"WebSite","@id":"https:\/\/raymarine.ee\/#website","url":"https:\/\/raymarine.ee\/","name":"www.raymarine.ee","description":"Mereelektroonika, kaardiplotter, autopiloot, pinnipiloot, roolipiloot, radar, AIS, VHF, Smart Wind","publisher":{"@id":"https:\/\/raymarine.ee\/#organization"},"alternateName":"Raymarine","potentialAction":[{"@type":"SearchAction","target":{"@type":"EntryPoint","urlTemplate":"https:\/\/raymarine.ee\/?s={search_term_string}"},"query-input":{"@type":"PropertyValueSpecification","valueRequired":true,"valueName":"search_term_string"}}],"inLanguage":"en-GB"},{"@type":"Organization","@id":"https:\/\/raymarine.ee\/#organization","name":"NavSystems O\u00dc","url":"https:\/\/raymarine.ee\/","logo":{"@type":"ImageObject","inLanguage":"en-GB","@id":"https:\/\/raymarine.ee\/#\/schema\/logo\/image\/","url":"https:\/\/raymarine.ee\/wp-content\/uploads\/2024\/10\/Screenshot-2024-10-15-151324_bg_removed.webp","contentUrl":"https:\/\/raymarine.ee\/wp-content\/uploads\/2024\/10\/Screenshot-2024-10-15-151324_bg_removed.webp","width":420,"height":276,"caption":"NavSystems O\u00dc"},"image":{"@id":"https:\/\/raymarine.ee\/#\/schema\/logo\/image\/"},"sameAs":["https:\/\/www.facebook.com\/NavSystems"],"legalName":"NavSystems O\u00dc","foundingDate":"2011-05-03","numberOfEmployees":{"@type":"QuantitativeValue","minValue":"1","maxValue":"10"}}]}},"jetpack_sharing_enabled":true,"_links":{"self":[{"href":"https:\/\/raymarine.ee\/en\/wp-json\/wp\/v2\/pages\/8532","targetHints":{"allow":["GET"]}}],"collection":[{"href":"https:\/\/raymarine.ee\/en\/wp-json\/wp\/v2\/pages"}],"about":[{"href":"https:\/\/raymarine.ee\/en\/wp-json\/wp\/v2\/types\/page"}],"author":[{"embeddable":true,"href":"https:\/\/raymarine.ee\/en\/wp-json\/wp\/v2\/users\/10"}],"replies":[{"embeddable":true,"href":"https:\/\/raymarine.ee\/en\/wp-json\/wp\/v2\/comments?post=8532"}],"version-history":[{"count":0,"href":"https:\/\/raymarine.ee\/en\/wp-json\/wp\/v2\/pages\/8532\/revisions"}],"wp:attachment":[{"href":"https:\/\/raymarine.ee\/en\/wp-json\/wp\/v2\/media?parent=8532"}],"curies":[{"name":"wp","href":"https:\/\/api.w.org\/{rel}","templated":true}]}}