{"id":8535,"date":"2024-11-27T21:56:13","date_gmt":"2024-11-27T21:56:13","guid":{"rendered":"https:\/\/raymarine.ee\/?page_id=5952"},"modified":"2026-04-28T09:52:07","modified_gmt":"2026-04-28T06:52:07","slug":"teenused","status":"publish","type":"page","link":"https:\/\/raymarine.ee\/en\/teenused\/","title":{"rendered":"Teenused"},"content":{"rendered":"<div data-elementor-type=\"wp-page\" data-elementor-id=\"8535\" class=\"elementor elementor-8535\" data-elementor-post-type=\"page\">\n\t\t\t\t<div class=\"elementor-element elementor-element-5121a40c e-flex e-con-boxed e-con e-parent\" data-id=\"5121a40c\" data-element_type=\"container\" data-e-type=\"container\" data-settings=\"{&quot;background_background&quot;:&quot;classic&quot;}\">\n\t\t\t\t\t<div class=\"e-con-inner\">\n\t\t<div class=\"elementor-element elementor-element-1c8bc619 e-con-full e-flex e-con e-child\" data-id=\"1c8bc619\" data-element_type=\"container\" data-e-type=\"container\" data-settings=\"{&quot;background_background&quot;:&quot;classic&quot;}\">\n\t\t\t\t<div class=\"elementor-element elementor-element-177bdc0c elementor-widget elementor-widget-heading\" data-id=\"177bdc0c\" data-element_type=\"widget\" data-e-type=\"widget\" data-widget_type=\"heading.default\">\n\t\t\t\t<div class=\"elementor-widget-container\">\n\t\t\t\t\t<h6 class=\"elementor-heading-title elementor-size-default\">Teenused<\/h6>\t\t\t\t<\/div>\n\t\t\t\t<\/div>\n\t\t\t\t<div class=\"elementor-element elementor-element-1937bf7e elementor-widget__width-initial elementor-widget elementor-widget-text-editor\" data-id=\"1937bf7e\" data-element_type=\"widget\" data-e-type=\"widget\" data-widget_type=\"text-editor.default\">\n\t\t\t\t<div class=\"elementor-widget-container\">\n\t\t\t\t\t\t\t\t\t<p><a href=\"http:\/\/raymarine.eu\" target=\"_blank\" rel=\"noopener\"><img decoding=\"async\" class=\"size-full wp-image-7126 alignright\" src=\"https:\/\/navsystems.shop\/wp-content\/uploads\/2025\/02\/raymarineLogo1x.jpg\" alt=\"\" width=\"300\" height=\"75\" \/><\/a><\/p><p><strong>Pakutavad tooted ja teenused<\/strong><\/p><p><a style=\"font-style: inherit; font-weight: inherit; font-family: var( --e-global-typography-text-font-family ), Sans-serif; background-color: #ffffff; text-align: var(--text-align);\" href=\"http:\/\/www.raymarine.eu\/\" target=\"_blank\" rel=\"noopener\">Raymarine<\/a><span style=\"font-style: inherit; font-weight: inherit; color: var( --e-global-color-primary ); font-family: var( --e-global-typography-text-font-family ), Sans-serif; text-align: var(--text-align);\"> mereelektroonika m\u00fc\u00fck ja hulgim\u00fc\u00fck. <\/span><\/p><p><span style=\"font-style: inherit; font-weight: inherit; color: var( --e-global-color-primary ); font-family: var( --e-global-typography-text-font-family ), Sans-serif; text-align: var(--text-align);\">Laadige alla <a href=\"https:\/\/raymarine.ee\/wp-content\/uploads\/2026\/04\/Raymarine-2026-V2-UK-EURO-PRICE-LIST.pdf\" target=\"_blank\" rel=\"noopener\">Raymarine hinnakiri 2026-V2<\/a>\u00a0NB! VAT 0%<\/span><\/p><p><a href=\"http:\/\/www.mastervolt.com\/\" target=\"_blank\" rel=\"noopener\">Mastervolt<\/a>\u00a0seadmete ja tarvikute m\u00fc\u00fck.\u00a0 <a href=\"https:\/\/www.raymarine.com\/en-gb\/support\/product-registration\" target=\"_blank\" rel=\"noopener\"><img decoding=\"async\" class=\"size-medium wp-image-7049 alignright\" src=\"https:\/\/navsystems.shop\/wp-content\/uploads\/2025\/02\/ProductWarranty-300x144.jpg\" alt=\"ProductWarranty\" width=\"300\" height=\"144\" \/><\/a><\/p><p><a href=\"http:\/\/www.glomex.it\/leisure\/eng\/\" target=\"_blank\" rel=\"noopener\">Glomex<\/a> mereantennide ja tarvikute m\u00fc\u00fck ja hulgim\u00fc\u00fck.<\/p><p><a href=\"https:\/\/maps.garmin.com\/et-EE\/marine?maps=another-brand&amp;overlay=false&amp;key=ud9dkcr9wk53\" target=\"_blank\" rel=\"noopener\">Navionics<\/a>\u00a0elektrooniliste merekaartide m\u00fc\u00fck ja hulgim\u00fc\u00fck.<\/p><p>Laadige alla Navionics <a href=\"https:\/\/navsystems.shop\/wp-content\/uploads\/2025\/02\/Navionics-allalaetavate-merekaartide-juhend.pdf\" target=\"_blank\" rel=\"noopener\">Downloadable<\/a> ja <a href=\"https:\/\/navsystems.shop\/wp-content\/uploads\/2025\/02\/Navionics-uuenduskaardi-juhend.pdf\" target=\"_blank\" rel=\"noopener\">Update Card<\/a> juhendid.<\/p><p><a href=\"https:\/\/osukl.com\/\" target=\"_blank\" rel=\"noopener\">Oceanic Systems<\/a>\u00a0NMEA2000\u00a0andurid, senderid, kontrollerid.<\/p><p>Raymarine mereelektroonika tarkvara ja riistvara\u00a0uuendamine.<\/p><p>Raymarine mereelektroonika hooldus, remont ja garantiiremont.<\/p><p>Raymarine\u00a0mereelektroonika tootetugi, konsultatsioonid ja n\u00f5uanded.<\/p><p>Navionics merekaartide m\u00fc\u00fck ja\u00a0uuendamine. Aitame valida sobiva merekaardi.<\/p><p>Raymarine LightHouse merekaartide m\u00fc\u00fck ja hulgim\u00fc\u00fck. Aitame valida sobiva merekaardi.<\/p><p>Raymarine VHF raadiotele\u00a0ja AIS seadmetele MMSI numbri\u00a0sisestamine\u00a0ja eemaldamine.<\/p><p>VHF raadiod ja AIS transponderid millel me saame MMSI numbrit eemaldada:\u00a0VHF Ray54,<\/p><p>Ray49, Ray55, Ray218, Ray50, Ray60, Ray70, AIS500\/650\/700.\u00a0Seadmed tuleb\u00a0kohale tuua!<\/p><p>K\u00f5ik teenused tuleb ette tellida. Kevad &#8211; suvi perioodil v\u00f5ib olla ooteaeg pikem. Mai algus on ka \u00fcldine<\/p><p>navigatsioonihooaja algus ja seoses sellega v\u00f5ivad olla\u00a0m\u00f5nede seadmete tarneajad\u00a0pikemad kui tavaliselt.<\/p><p>Raymarine\u00a0infoliin Eestis\u00a0+372 508 8768 t\u00f6\u00f6tab\u00a0aastaringselt\u00a0k\u00f5ikidel t\u00f6\u00f6p\u00e4evadel\u00a0alates 09.00\u00a0&#8211; 17.00.<\/p><p>Pirita kontor on suletud,\u00a0E-pood, infoliin,\u00a0garantii, telefonid ja e-mailid\u00a0toimivad\u00a0nagu alati. NB! \u00c4rev olukord kogu\u00a0maailmas\u00a0m\u00f5jutab\u00a0tootmist ja\u00a0tarneaegu.\u00a0Kes\u00a0soovib\u00a0endale veel selleks\u00a0hooajaks midagi vajalikku tellida\u00a0peaks\u00a0asjad hoolega l\u00e4bi m\u00f5tlema ja v\u00f5imalikult kiiresti otsustama.<\/p><p>Eelistatud transpordiviis on kulleriga, aga tellimustele\u00a0saab endiselt ka ise j\u00e4rgi tulla!<\/p><p>T\u00e4iendavad juhised saadetakse teile koos tellimuse kinnitusega.<\/p><p><span style=\"color: #b22222;\">Kasutage julgelt meie\u00a0kontaktivaba\u00a0<\/span><span style=\"color: #b22222;\">teenust ja olge terved!\u00a0<\/span><span style=\"color: #b22222;\">\u00a0<\/span><span style=\"color: #ffffff; font-style: inherit; font-weight: inherit; font-family: var( --e-global-typography-text-font-family ), Sans-serif; text-align: var(--text-align);\">odidele, kaikuluotain, kaikuluotaimet, kaiku,<\/span><\/p><p><strong>Teenus:\u00a0<\/strong><\/p><p>Telefonikonsultatsiooni esimene\u00a010 minutit\u00a0on tasuta,\u00a0edasi\u00a0maksab iga\u00a0j\u00e4rgmine\u00a030 minutit\u00a037,20 \u20ac.<\/p><p>V\u00e4ljakutse hind\u00a0on\u00a037,20 \u20ac + 1,24 \u20ac kilomeeter. T\u00f6\u00f6tunni hind\u00a0algab 80,60\u00a0\u20ac tund ja s\u00f5ltub t\u00f6\u00f6 iseloomust.<\/p><p><strong>Paigaldus:\u00a0<\/strong><\/p><p>Alates 02.2022 me enam paigaldust\u00f6\u00f6dega ei tegele. E-pood, m\u00fc\u00fck, hulgim\u00fc\u00fck, tehniline tugi,\u00a0 kosultatsioonid, seadistamis-abi, defekteerimine ja k\u00f5ik muu toimivad teenusena edasi nagu varem. See muudatus tuleneb suures osas vajadusest, et k\u00f5ikidel paatidel oleks oma hooldustiim kes teab selle paadi ajalugu ja teostab ka k\u00f5ik t\u00f6\u00f6d. Siis on paadiomanikul s\u00fcda rahul ja hooldus- ja paigaldust\u00f6\u00f6dega tegelevatel firmadel rohkem v\u00f5imalusi areneda. Tegelikult on see paadiomanikule \u00fclivajalik, kes veel pole sellest aru saanud ja valib alati esimese s\u00e4\u00e4stuvariandi see peaks asjad selge peaga \u00fcle vaatama. Muidu juhtub nii nagu praegu, et \u00fcks ehitab ja teine l\u00f5hub ja kogu aeg on t\u00fcli \u00fcleval ja k\u00f5ik asjaosalised n\u00e4itavad n\u00e4puga \u00fcksteise peale. Kui teil pole veel oma hooldustiimi, siis saame seda teile soovitada oma seniste koost\u00f6\u00f6partnerite hulgast. Ise lepite kokku ja ise ka arveldate. Loomulikult v\u00f5ite te nende t\u00f6\u00f6dega ka ise tegeleda v\u00f5i teha koost\u00f6\u00f6d enda poolt valitud p\u00e4deva paigaldusfirmaga. Uute seadmete paigaldamine on soovitatav eelnevalt hoolega l\u00e4bi m\u00f5elda. Eestist ostetud seadmete puhul n\u00f5ustame meie teid selle toimingu k\u00e4igus. K\u00f5ik kes on meie 22+ aastastele kogemustele ja teadmistele eelistanud n\u00e4iliselt &#8220;paremat hinda&#8221; ja hankinud Raymarine navigatsiooniseadmed v\u00e4ljastpoolt Eestit peavad oma k\u00fcsimustega p\u00f6\u00f6rduma toote m\u00fc\u00fcja poole. Juhul kui \u00f5nnestub v\u00e4lismaise netipoega \u00fchendust saada, siis aitavad nad teid kindlasti r\u00f5\u00f5muga ja vastavalt oma v\u00f5imetele.<\/p><p><strong>Garantii:\u00a0<\/strong><\/p><p>Garantii korral aitame alati meie, te v\u00f5ite toimetada meie juurde \u00fcksk\u00f5ik millisest maailmanurgast ostetud Raymarine toote millel on kehtiv garantii. N\u00f5utav on korrektne ostu t\u00f5endav dokument. Eelnevalt tuleb ostudokument saata meile e-mailiga, et me saaksime kontrollida sellel m\u00e4rgitud toote ajalugu. Kuna k\u00f5ik on t\u00e4nap\u00e4eval v\u00e4ga &#8220;nutikad&#8221;, siis \u00fctleme kohe ette, et panga\u00fclekande koopia kus on ainult n\u00e4ha, et raha on liikunud kellegilt kellelegi v\u00f5i kortsus<br \/>ostutsekk lihtsalt kirjeldusega &#8220;Navigation equipment&#8221; ei ole ostu t\u00f5endav dokument. N\u00f5utav dokument on arve mis peab olema korralikult vormistatud koos k\u00f5ikide vajalike ja selgelt loetavate numbritega. Arvel peab olema m\u00e4rgitud legaalne m\u00fc\u00fcja, arve kuup\u00e4ev, rikkis seadme tootenumber, toote nimetus ja seerianumber.<\/p><p>Mehaaniliste vigastustega v\u00f5i v\u00e4lku ja \u00fclepinget saanud seadmete puhul garantii ei kehti. Sellisel juhul on v\u00f5imalik rakendada fikseeritud hinnaga remonti. See teenus ei ole odav, aga on odavam kui uus seade. Kas see on m\u00f5istlik v\u00f5i mitte selgub meievahelise vestluse k\u00e4igus. Igal seadmel on erinev remondi hind ja seda tuleb iga seadme puhul alati eraldi k\u00fcsida. T\u00e4pse vastuse saamiseks on vajalik Raymarine tootenumber ja vea informatiivne l\u00fchikirjeldus.<\/p><p>K\u00f5ik hinnad sisaldavad Eesti k\u00e4ibemaksu 24%. Maksta saab \u00fclekandega ja kohapeal sularahas v\u00f5i pangakaardiga.\u00a0Teha saab- <a href=\"https:\/\/eur01.safelinks.protection.outlook.com\/?url=https%3A%2F%2Fmaksekeskus.ee%2Fservice%2Fkaardimaksed%2F&amp;data=05%7C02%7Civar%40navsystems.ee%7C4b2993653ba549234c0a08dd4b6adfa8%7Ca32f5709604d4fc4874b2df128ef12b1%7C0%7C0%7C638749644575923633%7CUnknown%7CTWFpbGZsb3d8eyJFbXB0eU1hcGkiOnRydWUsIlYiOiIwLjAuMDAwMCIsIlAiOiJXaW4zMiIsIkFOIjoiTWFpbCIsIldUIjoyfQ%3D%3D%7C0%7C%7C%7C&amp;sdata=tvCutWV5V0gV3phDd59YqVLxBIejflILdyHj19hJnP8%3D&amp;reserved=0\">Visa\/MasterCard<\/a>, makseid.<\/p><p>Internetipoes on v\u00f5imalik maksta arvega ja l\u00e4bi Maksekeskuse rakenduse ka\u00a0 pangalingi, krediitkaardi ja <a href=\"https:\/\/eur01.safelinks.protection.outlook.com\/?url=https%3A%2F%2Fmaksekeskus.ee%2Fservice%2Fapple-pay%2F&amp;data=05%7C02%7Civar%40navsystems.ee%7C4b2993653ba549234c0a08dd4b6adfa8%7Ca32f5709604d4fc4874b2df128ef12b1%7C0%7C0%7C638749644575945117%7CUnknown%7CTWFpbGZsb3d8eyJFbXB0eU1hcGkiOnRydWUsIlYiOiIwLjAuMDAwMCIsIlAiOiJXaW4zMiIsIkFOIjoiTWFpbCIsIldUIjoyfQ%3D%3D%7C0%7C%7C%7C&amp;sdata=T6e5Df4hjZ4iI%2B9owjDJZBOMce9V%2BPoeFWv9Wg8WINk%3D&amp;reserved=0\">Apple Pay ja Google Pay<\/a> -ga.<\/p><p><strong>NB!<\/strong> Pirita Marina Hotel &amp; SPA-s: Purje 9, Tallinn 11911. <span style=\"color: #ba0606;\">kontor on suletud<\/span>.<br \/>Kiireim viis meiega \u00fchendust saada\u00a0on\u00a0helistada numbrile\u00a0+372 508 8768.<br \/>K\u00f5ik muu vajalik on kirjas\u00a0<a href=\"https:\/\/raymarine.ee\/en\/kontakt\/\">kontaktide<\/a>\u00a0all.<\/p><p><strong>Vanas\u00f5na \u00fctleb:\u00a0<\/strong><span style=\"color: #ffffff;\">kaikuplotte<\/span><em><strong><big><code><samp><var>Rege rauta suvel, vankrit talvel!<\/var><\/samp><\/code><\/big><\/strong><\/em><\/p><p>L\u00e4htu Sinagi sellest p\u00f5him\u00f5ttest ja sea oma paat talvel s\u00f5idukorda. Sellega v\u00e4ldid kevadel soovimatuid teravaid elamusi ja uus navigatsioonihooaeg<br \/>saabub Sinu jaoks muretult. Aitame Sind selle\u00a0toimingu k\u00e4igus nii n\u00f5uga kui ka\u00a0j\u00f5uga. Meil on kogemused,\u00a0Sina ainult k\u00fcsi.<\/p><hr \/><p><span style=\"font-style: inherit; font-weight: inherit; color: var( --e-global-color-primary ); font-family: var( --e-global-typography-text-font-family ), Sans-serif; text-align: var(--text-align);\"><br \/>Lugupidamisega,\u00a0<\/span><\/p><p>NavSystems O\u00dc meeskond.<\/p>\t\t\t\t\t\t\t\t<\/div>\n\t\t\t\t<\/div>\n\t\t\t\t<\/div>\n\t\t\t\t\t<\/div>\n\t\t\t\t<\/div>\n\t\t\t\t<\/div>","protected":false},"excerpt":{"rendered":"<p>Teenused Pakutavad tooted ja teenused Raymarine mereelektroonika m\u00fc\u00fck ja hulgim\u00fc\u00fck. Laadige alla Raymarine hinnakiri 2026-V2\u00a0NB! VAT 0% Mastervolt\u00a0seadmete ja tarvikute m\u00fc\u00fck.\u00a0 Glomex mereantennide ja tarvikute m\u00fc\u00fck ja hulgim\u00fc\u00fck. Navionics\u00a0elektrooniliste merekaartide m\u00fc\u00fck ja hulgim\u00fc\u00fck. Laadige alla Navionics Downloadable ja Update Card juhendid. Oceanic Systems\u00a0NMEA2000\u00a0andurid, senderid, kontrollerid. Raymarine mereelektroonika tarkvara ja riistvara\u00a0uuendamine. Raymarine mereelektroonika hooldus, remont ja [&hellip;]<\/p>\n","protected":false},"author":10,"featured_media":0,"parent":0,"menu_order":0,"comment_status":"closed","ping_status":"closed","template":"","meta":{"_acf_changed":false,"footnotes":""},"class_list":["post-8535","page","type-page","status-publish","hentry"],"acf":[],"yoast_head":"<!-- This site is optimized with the Yoast SEO Premium plugin v27.5 (Yoast SEO v27.5) - https:\/\/yoast.com\/product\/yoast-seo-premium-wordpress\/ -->\n<title>Teenused - Mereelektroonika, kaardiplotter, autopiloot, pinnipiloot, roolipiloot, radar, AIS, VHF, Smart Wind<\/title>\n<meta name=\"description\" content=\"Kas autopiloot ja kaardiplotter vajavad uuendamist v\u00f5i vajad abi mereelektroonika valimisel? V\u00f5ta meiega \u00fchendust t\u00f6\u00f6p\u00e4eviti 08.00-18.00 Tel: +372 508 8768\" \/>\n<meta name=\"robots\" content=\"index, follow, max-snippet:-1, max-image-preview:large, max-video-preview:-1\" \/>\n<link rel=\"canonical\" href=\"https:\/\/raymarine.ee\/en\/teenused\/\" \/>\n<meta property=\"og:locale\" content=\"en_GB\" \/>\n<meta property=\"og:type\" content=\"article\" \/>\n<meta property=\"og:title\" content=\"Teenused\" \/>\n<meta property=\"og:description\" content=\"Kas autopiloot ja kaardiplotter vajavad uuendamist v\u00f5i vajad abi mereelektroonika valimisel? V\u00f5ta meiega \u00fchendust t\u00f6\u00f6p\u00e4eviti 08.00-18.00 Tel: +372 508 8768\" \/>\n<meta property=\"og:url\" content=\"https:\/\/raymarine.ee\/en\/teenused\/\" \/>\n<meta property=\"og:site_name\" content=\"NavSystems\" \/>\n<meta property=\"article:publisher\" content=\"https:\/\/www.facebook.com\/NavSystems\" \/>\n<meta property=\"article:modified_time\" content=\"2026-04-28T06:52:07+00:00\" \/>\n<meta property=\"og:image\" content=\"https:\/\/raymarine.ee\/wp-content\/uploads\/2025\/02\/raymarineLogo1x.webp\" \/>\n\t<meta property=\"og:image:width\" content=\"300\" \/>\n\t<meta property=\"og:image:height\" content=\"75\" \/>\n\t<meta property=\"og:image:type\" content=\"image\/webp\" \/>\n<meta name=\"twitter:card\" content=\"summary_large_image\" \/>\n<meta name=\"twitter:label1\" content=\"Estimated reading time\" \/>\n\t<meta name=\"twitter:data1\" content=\"5 minutes\" \/>\n<script type=\"application\/ld+json\" class=\"yoast-schema-graph\">{\"@context\":\"https:\\\/\\\/schema.org\",\"@graph\":[{\"@type\":\"WebPage\",\"@id\":\"https:\\\/\\\/raymarine.ee\\\/teenused\\\/\",\"url\":\"https:\\\/\\\/raymarine.ee\\\/teenused\\\/\",\"name\":\"Teenused - Mereelektroonika, kaardiplotter, autopiloot, pinnipiloot, roolipiloot, radar, AIS, VHF, Smart Wind\",\"isPartOf\":{\"@id\":\"https:\\\/\\\/raymarine.ee\\\/#website\"},\"primaryImageOfPage\":{\"@id\":\"https:\\\/\\\/raymarine.ee\\\/teenused\\\/#primaryimage\"},\"image\":{\"@id\":\"https:\\\/\\\/raymarine.ee\\\/teenused\\\/#primaryimage\"},\"thumbnailUrl\":\"https:\\\/\\\/navsystems.shop\\\/wp-content\\\/uploads\\\/2025\\\/02\\\/raymarineLogo1x.jpg\",\"datePublished\":\"2024-11-27T21:56:13+00:00\",\"dateModified\":\"2026-04-28T06:52:07+00:00\",\"description\":\"Kas autopiloot ja kaardiplotter vajavad uuendamist v\u00f5i vajad abi mereelektroonika valimisel? V\u00f5ta meiega \u00fchendust t\u00f6\u00f6p\u00e4eviti 08.00-18.00 Tel: +372 508 8768\",\"breadcrumb\":{\"@id\":\"https:\\\/\\\/raymarine.ee\\\/teenused\\\/#breadcrumb\"},\"inLanguage\":\"en-GB\",\"potentialAction\":[{\"@type\":\"ReadAction\",\"target\":[\"https:\\\/\\\/raymarine.ee\\\/teenused\\\/\"]}]},{\"@type\":\"ImageObject\",\"inLanguage\":\"en-GB\",\"@id\":\"https:\\\/\\\/raymarine.ee\\\/teenused\\\/#primaryimage\",\"url\":\"https:\\\/\\\/navsystems.shop\\\/wp-content\\\/uploads\\\/2025\\\/02\\\/raymarineLogo1x.jpg\",\"contentUrl\":\"https:\\\/\\\/navsystems.shop\\\/wp-content\\\/uploads\\\/2025\\\/02\\\/raymarineLogo1x.jpg\"},{\"@type\":\"BreadcrumbList\",\"@id\":\"https:\\\/\\\/raymarine.ee\\\/teenused\\\/#breadcrumb\",\"itemListElement\":[{\"@type\":\"ListItem\",\"position\":1,\"name\":\"Home\",\"item\":\"https:\\\/\\\/raymarine.ee\\\/\"},{\"@type\":\"ListItem\",\"position\":2,\"name\":\"Teenused\"}]},{\"@type\":\"WebSite\",\"@id\":\"https:\\\/\\\/raymarine.ee\\\/#website\",\"url\":\"https:\\\/\\\/raymarine.ee\\\/\",\"name\":\"www.raymarine.ee\",\"description\":\"Mereelektroonika, kaardiplotter, autopiloot, pinnipiloot, roolipiloot, radar, AIS, VHF, Smart Wind\",\"publisher\":{\"@id\":\"https:\\\/\\\/raymarine.ee\\\/#organization\"},\"alternateName\":\"Raymarine\",\"potentialAction\":[{\"@type\":\"SearchAction\",\"target\":{\"@type\":\"EntryPoint\",\"urlTemplate\":\"https:\\\/\\\/raymarine.ee\\\/?s={search_term_string}\"},\"query-input\":{\"@type\":\"PropertyValueSpecification\",\"valueRequired\":true,\"valueName\":\"search_term_string\"}}],\"inLanguage\":\"en-GB\"},{\"@type\":\"Organization\",\"@id\":\"https:\\\/\\\/raymarine.ee\\\/#organization\",\"name\":\"NavSystems O\u00dc\",\"url\":\"https:\\\/\\\/raymarine.ee\\\/\",\"logo\":{\"@type\":\"ImageObject\",\"inLanguage\":\"en-GB\",\"@id\":\"https:\\\/\\\/raymarine.ee\\\/#\\\/schema\\\/logo\\\/image\\\/\",\"url\":\"https:\\\/\\\/raymarine.ee\\\/wp-content\\\/uploads\\\/2024\\\/10\\\/Screenshot-2024-10-15-151324_bg_removed.webp\",\"contentUrl\":\"https:\\\/\\\/raymarine.ee\\\/wp-content\\\/uploads\\\/2024\\\/10\\\/Screenshot-2024-10-15-151324_bg_removed.webp\",\"width\":420,\"height\":276,\"caption\":\"NavSystems O\u00dc\"},\"image\":{\"@id\":\"https:\\\/\\\/raymarine.ee\\\/#\\\/schema\\\/logo\\\/image\\\/\"},\"sameAs\":[\"https:\\\/\\\/www.facebook.com\\\/NavSystems\"],\"legalName\":\"NavSystems O\u00dc\",\"foundingDate\":\"2011-05-03\",\"numberOfEmployees\":{\"@type\":\"QuantitativeValue\",\"minValue\":\"1\",\"maxValue\":\"10\"}}]}<\/script>\n<!-- \/ Yoast SEO Premium plugin. -->","yoast_head_json":{"title":"Teenused - Mereelektroonika, kaardiplotter, autopiloot, pinnipiloot, roolipiloot, radar, AIS, VHF, Smart Wind","description":"Kas autopiloot ja kaardiplotter vajavad uuendamist v\u00f5i vajad abi mereelektroonika valimisel? V\u00f5ta meiega \u00fchendust t\u00f6\u00f6p\u00e4eviti 08.00-18.00 Tel: +372 508 8768","robots":{"index":"index","follow":"follow","max-snippet":"max-snippet:-1","max-image-preview":"max-image-preview:large","max-video-preview":"max-video-preview:-1"},"canonical":"https:\/\/raymarine.ee\/en\/teenused\/","og_locale":"en_GB","og_type":"article","og_title":"Teenused","og_description":"Kas autopiloot ja kaardiplotter vajavad uuendamist v\u00f5i vajad abi mereelektroonika valimisel? V\u00f5ta meiega \u00fchendust t\u00f6\u00f6p\u00e4eviti 08.00-18.00 Tel: +372 508 8768","og_url":"https:\/\/raymarine.ee\/en\/teenused\/","og_site_name":"NavSystems","article_publisher":"https:\/\/www.facebook.com\/NavSystems","article_modified_time":"2026-04-28T06:52:07+00:00","og_image":[{"width":300,"height":75,"url":"https:\/\/raymarine.ee\/wp-content\/uploads\/2025\/02\/raymarineLogo1x.webp","type":"image\/webp"}],"twitter_card":"summary_large_image","twitter_misc":{"Estimated reading time":"5 minutes"},"schema":{"@context":"https:\/\/schema.org","@graph":[{"@type":"WebPage","@id":"https:\/\/raymarine.ee\/teenused\/","url":"https:\/\/raymarine.ee\/teenused\/","name":"Teenused - Mereelektroonika, kaardiplotter, autopiloot, pinnipiloot, roolipiloot, radar, AIS, VHF, Smart Wind","isPartOf":{"@id":"https:\/\/raymarine.ee\/#website"},"primaryImageOfPage":{"@id":"https:\/\/raymarine.ee\/teenused\/#primaryimage"},"image":{"@id":"https:\/\/raymarine.ee\/teenused\/#primaryimage"},"thumbnailUrl":"https:\/\/navsystems.shop\/wp-content\/uploads\/2025\/02\/raymarineLogo1x.jpg","datePublished":"2024-11-27T21:56:13+00:00","dateModified":"2026-04-28T06:52:07+00:00","description":"Kas autopiloot ja kaardiplotter vajavad uuendamist v\u00f5i vajad abi mereelektroonika valimisel? V\u00f5ta meiega \u00fchendust t\u00f6\u00f6p\u00e4eviti 08.00-18.00 Tel: +372 508 8768","breadcrumb":{"@id":"https:\/\/raymarine.ee\/teenused\/#breadcrumb"},"inLanguage":"en-GB","potentialAction":[{"@type":"ReadAction","target":["https:\/\/raymarine.ee\/teenused\/"]}]},{"@type":"ImageObject","inLanguage":"en-GB","@id":"https:\/\/raymarine.ee\/teenused\/#primaryimage","url":"https:\/\/navsystems.shop\/wp-content\/uploads\/2025\/02\/raymarineLogo1x.jpg","contentUrl":"https:\/\/navsystems.shop\/wp-content\/uploads\/2025\/02\/raymarineLogo1x.jpg"},{"@type":"BreadcrumbList","@id":"https:\/\/raymarine.ee\/teenused\/#breadcrumb","itemListElement":[{"@type":"ListItem","position":1,"name":"Home","item":"https:\/\/raymarine.ee\/"},{"@type":"ListItem","position":2,"name":"Teenused"}]},{"@type":"WebSite","@id":"https:\/\/raymarine.ee\/#website","url":"https:\/\/raymarine.ee\/","name":"www.raymarine.ee","description":"Mereelektroonika, kaardiplotter, autopiloot, pinnipiloot, roolipiloot, radar, AIS, VHF, Smart Wind","publisher":{"@id":"https:\/\/raymarine.ee\/#organization"},"alternateName":"Raymarine","potentialAction":[{"@type":"SearchAction","target":{"@type":"EntryPoint","urlTemplate":"https:\/\/raymarine.ee\/?s={search_term_string}"},"query-input":{"@type":"PropertyValueSpecification","valueRequired":true,"valueName":"search_term_string"}}],"inLanguage":"en-GB"},{"@type":"Organization","@id":"https:\/\/raymarine.ee\/#organization","name":"NavSystems O\u00dc","url":"https:\/\/raymarine.ee\/","logo":{"@type":"ImageObject","inLanguage":"en-GB","@id":"https:\/\/raymarine.ee\/#\/schema\/logo\/image\/","url":"https:\/\/raymarine.ee\/wp-content\/uploads\/2024\/10\/Screenshot-2024-10-15-151324_bg_removed.webp","contentUrl":"https:\/\/raymarine.ee\/wp-content\/uploads\/2024\/10\/Screenshot-2024-10-15-151324_bg_removed.webp","width":420,"height":276,"caption":"NavSystems O\u00dc"},"image":{"@id":"https:\/\/raymarine.ee\/#\/schema\/logo\/image\/"},"sameAs":["https:\/\/www.facebook.com\/NavSystems"],"legalName":"NavSystems O\u00dc","foundingDate":"2011-05-03","numberOfEmployees":{"@type":"QuantitativeValue","minValue":"1","maxValue":"10"}}]}},"jetpack_sharing_enabled":true,"_links":{"self":[{"href":"https:\/\/raymarine.ee\/en\/wp-json\/wp\/v2\/pages\/8535","targetHints":{"allow":["GET"]}}],"collection":[{"href":"https:\/\/raymarine.ee\/en\/wp-json\/wp\/v2\/pages"}],"about":[{"href":"https:\/\/raymarine.ee\/en\/wp-json\/wp\/v2\/types\/page"}],"author":[{"embeddable":true,"href":"https:\/\/raymarine.ee\/en\/wp-json\/wp\/v2\/users\/10"}],"replies":[{"embeddable":true,"href":"https:\/\/raymarine.ee\/en\/wp-json\/wp\/v2\/comments?post=8535"}],"version-history":[{"count":18,"href":"https:\/\/raymarine.ee\/en\/wp-json\/wp\/v2\/pages\/8535\/revisions"}],"predecessor-version":[{"id":10798,"href":"https:\/\/raymarine.ee\/en\/wp-json\/wp\/v2\/pages\/8535\/revisions\/10798"}],"wp:attachment":[{"href":"https:\/\/raymarine.ee\/en\/wp-json\/wp\/v2\/media?parent=8535"}],"curies":[{"name":"wp","href":"https:\/\/api.w.org\/{rel}","templated":true}]}}