{"id":10495,"date":"2026-04-23T12:59:04","date_gmt":"2026-04-23T09:59:04","guid":{"rendered":"https:\/\/raymarine.ee\/?post_type=product&#038;p=10495"},"modified":"2026-04-23T13:08:04","modified_gmt":"2026-04-23T10:08:04","slug":"devicenet-female-to-stng-spur-female-adaptor-cable-400-mm","status":"publish","type":"product","link":"https:\/\/raymarine.ee\/en\/product\/devicenet-female-to-stng-spur-female-adaptor-cable-400-mm\/","title":{"rendered":"DeviceNet (Female) to STNG Spur (Female) Adaptor Cable (400 mm)"},"content":{"rendered":"<p>Raymarine DeviceNet (Female) to STNG Spur (Female) Adaptor Cable on l\u00fchike (400mm) adapterkaabel mille abil saab \u00fchendada NMEA2000 Male pistikuga seadmed Raymarine STNG v\u00f5rku. See adapterkaabel sobib Axiom ja Element seeria plotterite \u00fchendamiseks STNG v\u00f5rku ja sobib iga NMEA2000 M pistiku muutmiseks STNG Spur kaabli F pistikuks. STNG pistik \u00fchendatakse STNG liitmiku valgesse pesasse. STNG liitmiku sinistesse pesadesse \u00fchendatakse BackBone kaabel mis kulgeb paadis STNG v\u00f5rgu algusest l\u00f5puni. M\u00f5istlik on v\u00f5rk koostada erinevate pikkustega BackBone kaablitest selliselt, et oleks v\u00f5imalik teha katkestused ja lisada T-liitmikuid v\u00f5i 5-Way liitmikuid kohtadesse kuhu on vaja lisada erinevaid STNG v\u00f5i NMEA2000 instrumente. BackBone on STNG v\u00f5rgu p\u00f5hikaabel ja v\u00f5rgu alustamiseks, j\u00e4tkamiseks v\u00f5i l\u00f5petamiseks tuleb lisada STNG terminaatorid, liitmikud ja 12V toide. STNG Siniseid ja valgeid kaableid ei saa valesti \u00fchendada, lisaks v\u00e4rvikodeeringule on STNG kaablitel ka erinev pinnide paigutus. Enne toote kasutamist tutvu STNG (NMEA2000) v\u00f5rgu t\u00f6\u00f6p\u00f5him\u00f5ttega. NB! STNG liitmike pistikupesade siniseid- ja valgeid mutreid tuleb keerata ainult veerand ringi. Vastavad t\u00e4histused on toote peale m\u00e4rgitud.<\/p>\n<p><strong>Juhendid:<\/strong><\/p>\n<p>Lae alla\u00a0<a href=\"https:\/\/raymarine.ee\/wp-content\/uploads\/2026\/04\/SeaTalkng-Reference-manual-81300-1-EN-1.pdf\" target=\"_blank\" rel=\"noopener\" data-wpel-link=\"internal\">STNG v\u00f5rgu \u00fcldine juhend<\/a><\/p>","protected":false},"excerpt":{"rendered":"<p>Raymarine DeviceNet (Female) to STNG Spur (Female) Adaptor Cable on l\u00fchike (4000mm) adapterkaabel mille abil saab \u00fchendada NMEA2000 Male pistikuga seadmed Raymarine STNG v\u00f5rku. See adapter sobib\u00a0 Axiom ja Element seeria plotterite \u00fchendamiseks STNG v\u00f5rku ja sobib iga NMEA2000 M pistiku muutmiseks STNG Spur kaabli F pistikuks. STNG pistik \u00fchendatakse STNG liitmiku valgesse pesasse. Tutvu kindlasti ka selle toote juhenditega ja k\u00fcsimuste korral pea n\u00f5u meie spetsialistiga.<\/p>","protected":false},"featured_media":8930,"template":"","meta":{"_acf_changed":false},"product_brand":[134],"product_cat":[72,83],"product_tag":[],"class_list":{"0":"post-10495","1":"product","2":"type-product","3":"status-publish","4":"has-post-thumbnail","6":"product_brand-raymarine","7":"product_cat-tarvikud","8":"product_cat-stng_tarvikud","10":"first","11":"instock","12":"sale","13":"taxable","14":"shipping-taxable","15":"purchasable","16":"product-type-simple"},"acf":[],"yoast_head":"<!-- This site is optimized with the Yoast SEO Premium plugin v27.5 (Yoast SEO v27.5) - https:\/\/yoast.com\/product\/yoast-seo-premium-wordpress\/ -->\n<title>A06045 STNG Adapter: NMEA2000 STNG Spur - NavSystems Mereelektroonika<\/title>\n<meta name=\"description\" content=\"\u00dchendage oma NMEA2000 seadmed Raymarine STNG v\u00f5rku A06045 STNG adapteriga. See l\u00fchike 400mm adapterkaabel on ideaalne valik! \u2693\" \/>\n<meta name=\"robots\" content=\"index, follow, max-snippet:-1, max-image-preview:large, max-video-preview:-1\" \/>\n<link rel=\"canonical\" href=\"https:\/\/raymarine.ee\/en\/product\/devicenet-female-to-stng-spur-female-adaptor-cable-400-mm\/\" \/>\n<meta property=\"og:locale\" content=\"en_GB\" \/>\n<meta property=\"og:type\" content=\"article\" \/>\n<meta property=\"og:title\" content=\"DeviceNet (Female) to STNG Spur (Female) Adaptor Cable (400 mm)\" \/>\n<meta property=\"og:description\" content=\"\u00dchendage oma NMEA2000 seadmed Raymarine STNG v\u00f5rku A06045 STNG adapteriga. See l\u00fchike 400mm adapterkaabel on ideaalne valik! \u2693\" \/>\n<meta property=\"og:url\" content=\"https:\/\/raymarine.ee\/en\/product\/devicenet-female-to-stng-spur-female-adaptor-cable-400-mm\/\" \/>\n<meta property=\"og:site_name\" content=\"NavSystems\" \/>\n<meta property=\"article:publisher\" content=\"https:\/\/www.facebook.com\/NavSystems\" \/>\n<meta property=\"article:modified_time\" content=\"2026-04-23T10:08:04+00:00\" \/>\n<meta property=\"og:image\" content=\"https:\/\/raymarine.ee\/wp-content\/uploads\/2026\/03\/A06045-STNG-Cable-120mm.png\" \/>\n\t<meta property=\"og:image:width\" content=\"688\" \/>\n\t<meta property=\"og:image:height\" content=\"477\" \/>\n\t<meta property=\"og:image:type\" content=\"image\/png\" \/>\n<meta name=\"twitter:card\" content=\"summary_large_image\" \/>\n<meta name=\"twitter:label1\" content=\"Price\" \/>\n\t<meta name=\"twitter:data1\" content=\"54,13&nbsp;&euro;\" \/>\n\t<meta name=\"twitter:label2\" content=\"Availability\" \/>\n\t<meta name=\"twitter:data2\" content=\"In stock\" \/>\n<script type=\"application\/ld+json\" class=\"yoast-schema-graph\">{\"@context\":\"https:\\\/\\\/schema.org\",\"@graph\":[{\"@type\":\"WebPage\",\"@id\":\"https:\\\/\\\/raymarine.ee\\\/product\\\/devicenet-female-to-stng-spur-female-adaptor-cable-400-mm\\\/\",\"url\":\"https:\\\/\\\/raymarine.ee\\\/product\\\/devicenet-female-to-stng-spur-female-adaptor-cable-400-mm\\\/\",\"name\":\"A06045 STNG Adapter: NMEA2000 STNG Spur - NavSystems Mereelektroonika\",\"isPartOf\":{\"@id\":\"https:\\\/\\\/raymarine.ee\\\/#website\"},\"primaryImageOfPage\":{\"@id\":\"https:\\\/\\\/raymarine.ee\\\/product\\\/devicenet-female-to-stng-spur-female-adaptor-cable-400-mm\\\/#primaryimage\"},\"image\":{\"@id\":\"https:\\\/\\\/raymarine.ee\\\/product\\\/devicenet-female-to-stng-spur-female-adaptor-cable-400-mm\\\/#primaryimage\"},\"thumbnailUrl\":\"https:\\\/\\\/raymarine.ee\\\/wp-content\\\/uploads\\\/2026\\\/03\\\/A06045-STNG-Cable-120mm.png\",\"datePublished\":\"2026-04-23T09:59:04+00:00\",\"dateModified\":\"2026-04-23T10:08:04+00:00\",\"description\":\"\u00dchendage oma NMEA2000 seadmed Raymarine STNG v\u00f5rku A06045 STNG adapteriga. See l\u00fchike 400mm adapterkaabel on ideaalne valik! \u2693\",\"breadcrumb\":{\"@id\":\"https:\\\/\\\/raymarine.ee\\\/product\\\/devicenet-female-to-stng-spur-female-adaptor-cable-400-mm\\\/#breadcrumb\"},\"inLanguage\":\"en-GB\",\"potentialAction\":[{\"@type\":\"ReadAction\",\"target\":[\"https:\\\/\\\/raymarine.ee\\\/product\\\/devicenet-female-to-stng-spur-female-adaptor-cable-400-mm\\\/\"]}]},{\"@type\":\"ImageObject\",\"inLanguage\":\"en-GB\",\"@id\":\"https:\\\/\\\/raymarine.ee\\\/product\\\/devicenet-female-to-stng-spur-female-adaptor-cable-400-mm\\\/#primaryimage\",\"url\":\"https:\\\/\\\/raymarine.ee\\\/wp-content\\\/uploads\\\/2026\\\/03\\\/A06045-STNG-Cable-120mm.png\",\"contentUrl\":\"https:\\\/\\\/raymarine.ee\\\/wp-content\\\/uploads\\\/2026\\\/03\\\/A06045-STNG-Cable-120mm.png\",\"width\":688,\"height\":477},{\"@type\":\"BreadcrumbList\",\"@id\":\"https:\\\/\\\/raymarine.ee\\\/product\\\/devicenet-female-to-stng-spur-female-adaptor-cable-400-mm\\\/#breadcrumb\",\"itemListElement\":[{\"@type\":\"ListItem\",\"position\":1,\"name\":\"Home\",\"item\":\"https:\\\/\\\/raymarine.ee\\\/\"},{\"@type\":\"ListItem\",\"position\":2,\"name\":\"Tooted\",\"item\":\"https:\\\/\\\/raymarine.ee\\\/shop\\\/\"},{\"@type\":\"ListItem\",\"position\":3,\"name\":\"DeviceNet (Female) to STNG Spur (Female) Adaptor Cable (400 mm)\"}]},{\"@type\":\"WebSite\",\"@id\":\"https:\\\/\\\/raymarine.ee\\\/#website\",\"url\":\"https:\\\/\\\/raymarine.ee\\\/\",\"name\":\"www.raymarine.ee\",\"description\":\"Mereelektroonika, kaardiplotter, autopiloot, pinnipiloot, roolipiloot, radar, AIS, VHF, Smart Wind\",\"publisher\":{\"@id\":\"https:\\\/\\\/raymarine.ee\\\/#organization\"},\"alternateName\":\"Raymarine\",\"potentialAction\":[{\"@type\":\"SearchAction\",\"target\":{\"@type\":\"EntryPoint\",\"urlTemplate\":\"https:\\\/\\\/raymarine.ee\\\/?s={search_term_string}\"},\"query-input\":{\"@type\":\"PropertyValueSpecification\",\"valueRequired\":true,\"valueName\":\"search_term_string\"}}],\"inLanguage\":\"en-GB\"},{\"@type\":\"Organization\",\"@id\":\"https:\\\/\\\/raymarine.ee\\\/#organization\",\"name\":\"NavSystems O\u00dc\",\"url\":\"https:\\\/\\\/raymarine.ee\\\/\",\"logo\":{\"@type\":\"ImageObject\",\"inLanguage\":\"en-GB\",\"@id\":\"https:\\\/\\\/raymarine.ee\\\/#\\\/schema\\\/logo\\\/image\\\/\",\"url\":\"https:\\\/\\\/raymarine.ee\\\/wp-content\\\/uploads\\\/2024\\\/10\\\/Screenshot-2024-10-15-151324_bg_removed.webp\",\"contentUrl\":\"https:\\\/\\\/raymarine.ee\\\/wp-content\\\/uploads\\\/2024\\\/10\\\/Screenshot-2024-10-15-151324_bg_removed.webp\",\"width\":420,\"height\":276,\"caption\":\"NavSystems O\u00dc\"},\"image\":{\"@id\":\"https:\\\/\\\/raymarine.ee\\\/#\\\/schema\\\/logo\\\/image\\\/\"},\"sameAs\":[\"https:\\\/\\\/www.facebook.com\\\/NavSystems\"],\"legalName\":\"NavSystems O\u00dc\",\"foundingDate\":\"2011-05-03\",\"numberOfEmployees\":{\"@type\":\"QuantitativeValue\",\"minValue\":\"1\",\"maxValue\":\"10\"}}]}<\/script>\n<meta property=\"product:price:amount\" content=\"54.13\" \/>\n<meta property=\"product:price:currency\" content=\"EUR\" \/>\n<meta property=\"og:availability\" content=\"instock\" \/>\n<meta property=\"product:availability\" content=\"instock\" \/>\n<meta property=\"product:retailer_item_id\" content=\"A06045\" \/>\n<meta property=\"product:condition\" content=\"new\" \/>\n<!-- \/ Yoast SEO Premium plugin. -->","yoast_head_json":{"title":"A06045 STNG Adapter: NMEA2000 STNG Spur - NavSystems Mereelektroonika","description":"\u00dchendage oma NMEA2000 seadmed Raymarine STNG v\u00f5rku A06045 STNG adapteriga. See l\u00fchike 400mm adapterkaabel on ideaalne valik! \u2693","robots":{"index":"index","follow":"follow","max-snippet":"max-snippet:-1","max-image-preview":"max-image-preview:large","max-video-preview":"max-video-preview:-1"},"canonical":"https:\/\/raymarine.ee\/en\/product\/devicenet-female-to-stng-spur-female-adaptor-cable-400-mm\/","og_locale":"en_GB","og_type":"article","og_title":"DeviceNet (Female) to STNG Spur (Female) Adaptor Cable (400 mm)","og_description":"\u00dchendage oma NMEA2000 seadmed Raymarine STNG v\u00f5rku A06045 STNG adapteriga. See l\u00fchike 400mm adapterkaabel on ideaalne valik! \u2693","og_url":"https:\/\/raymarine.ee\/en\/product\/devicenet-female-to-stng-spur-female-adaptor-cable-400-mm\/","og_site_name":"NavSystems","article_publisher":"https:\/\/www.facebook.com\/NavSystems","article_modified_time":"2026-04-23T10:08:04+00:00","og_image":[{"width":688,"height":477,"url":"https:\/\/raymarine.ee\/wp-content\/uploads\/2026\/03\/A06045-STNG-Cable-120mm.png","type":"image\/png"}],"twitter_card":"summary_large_image","twitter_misc":{"Price":"54,13&nbsp;&euro;","Availability":"In stock"},"schema":{"@context":"https:\/\/schema.org","@graph":[{"@type":"WebPage","@id":"https:\/\/raymarine.ee\/product\/devicenet-female-to-stng-spur-female-adaptor-cable-400-mm\/","url":"https:\/\/raymarine.ee\/product\/devicenet-female-to-stng-spur-female-adaptor-cable-400-mm\/","name":"A06045 STNG Adapter: NMEA2000 STNG Spur - NavSystems Mereelektroonika","isPartOf":{"@id":"https:\/\/raymarine.ee\/#website"},"primaryImageOfPage":{"@id":"https:\/\/raymarine.ee\/product\/devicenet-female-to-stng-spur-female-adaptor-cable-400-mm\/#primaryimage"},"image":{"@id":"https:\/\/raymarine.ee\/product\/devicenet-female-to-stng-spur-female-adaptor-cable-400-mm\/#primaryimage"},"thumbnailUrl":"https:\/\/raymarine.ee\/wp-content\/uploads\/2026\/03\/A06045-STNG-Cable-120mm.png","datePublished":"2026-04-23T09:59:04+00:00","dateModified":"2026-04-23T10:08:04+00:00","description":"\u00dchendage oma NMEA2000 seadmed Raymarine STNG v\u00f5rku A06045 STNG adapteriga. See l\u00fchike 400mm adapterkaabel on ideaalne valik! \u2693","breadcrumb":{"@id":"https:\/\/raymarine.ee\/product\/devicenet-female-to-stng-spur-female-adaptor-cable-400-mm\/#breadcrumb"},"inLanguage":"en-GB","potentialAction":[{"@type":"ReadAction","target":["https:\/\/raymarine.ee\/product\/devicenet-female-to-stng-spur-female-adaptor-cable-400-mm\/"]}]},{"@type":"ImageObject","inLanguage":"en-GB","@id":"https:\/\/raymarine.ee\/product\/devicenet-female-to-stng-spur-female-adaptor-cable-400-mm\/#primaryimage","url":"https:\/\/raymarine.ee\/wp-content\/uploads\/2026\/03\/A06045-STNG-Cable-120mm.png","contentUrl":"https:\/\/raymarine.ee\/wp-content\/uploads\/2026\/03\/A06045-STNG-Cable-120mm.png","width":688,"height":477},{"@type":"BreadcrumbList","@id":"https:\/\/raymarine.ee\/product\/devicenet-female-to-stng-spur-female-adaptor-cable-400-mm\/#breadcrumb","itemListElement":[{"@type":"ListItem","position":1,"name":"Home","item":"https:\/\/raymarine.ee\/"},{"@type":"ListItem","position":2,"name":"Tooted","item":"https:\/\/raymarine.ee\/shop\/"},{"@type":"ListItem","position":3,"name":"DeviceNet (Female) to STNG Spur (Female) Adaptor Cable (400 mm)"}]},{"@type":"WebSite","@id":"https:\/\/raymarine.ee\/#website","url":"https:\/\/raymarine.ee\/","name":"www.raymarine.ee","description":"Mereelektroonika, kaardiplotter, autopiloot, pinnipiloot, roolipiloot, radar, AIS, VHF, Smart Wind","publisher":{"@id":"https:\/\/raymarine.ee\/#organization"},"alternateName":"Raymarine","potentialAction":[{"@type":"SearchAction","target":{"@type":"EntryPoint","urlTemplate":"https:\/\/raymarine.ee\/?s={search_term_string}"},"query-input":{"@type":"PropertyValueSpecification","valueRequired":true,"valueName":"search_term_string"}}],"inLanguage":"en-GB"},{"@type":"Organization","@id":"https:\/\/raymarine.ee\/#organization","name":"NavSystems O\u00dc","url":"https:\/\/raymarine.ee\/","logo":{"@type":"ImageObject","inLanguage":"en-GB","@id":"https:\/\/raymarine.ee\/#\/schema\/logo\/image\/","url":"https:\/\/raymarine.ee\/wp-content\/uploads\/2024\/10\/Screenshot-2024-10-15-151324_bg_removed.webp","contentUrl":"https:\/\/raymarine.ee\/wp-content\/uploads\/2024\/10\/Screenshot-2024-10-15-151324_bg_removed.webp","width":420,"height":276,"caption":"NavSystems O\u00dc"},"image":{"@id":"https:\/\/raymarine.ee\/#\/schema\/logo\/image\/"},"sameAs":["https:\/\/www.facebook.com\/NavSystems"],"legalName":"NavSystems O\u00dc","foundingDate":"2011-05-03","numberOfEmployees":{"@type":"QuantitativeValue","minValue":"1","maxValue":"10"}}]},"product_price_amount":"54.13","product_price_currency":"EUR","og_availability":"instock","product_availability":"instock","product_retailer_item_id":"A06045","product_condition":"new"},"jetpack_sharing_enabled":true,"_links":{"self":[{"href":"https:\/\/raymarine.ee\/en\/wp-json\/wp\/v2\/product\/10495","targetHints":{"allow":["GET"]}}],"collection":[{"href":"https:\/\/raymarine.ee\/en\/wp-json\/wp\/v2\/product"}],"about":[{"href":"https:\/\/raymarine.ee\/en\/wp-json\/wp\/v2\/types\/product"}],"wp:featuredmedia":[{"embeddable":true,"href":"https:\/\/raymarine.ee\/en\/wp-json\/wp\/v2\/media\/8930"}],"wp:attachment":[{"href":"https:\/\/raymarine.ee\/en\/wp-json\/wp\/v2\/media?parent=10495"}],"wp:term":[{"taxonomy":"product_brand","embeddable":true,"href":"https:\/\/raymarine.ee\/en\/wp-json\/wp\/v2\/product_brand?post=10495"},{"taxonomy":"product_cat","embeddable":true,"href":"https:\/\/raymarine.ee\/en\/wp-json\/wp\/v2\/product_cat?post=10495"},{"taxonomy":"product_tag","embeddable":true,"href":"https:\/\/raymarine.ee\/en\/wp-json\/wp\/v2\/product_tag?post=10495"}],"curies":[{"name":"wp","href":"https:\/\/api.w.org\/{rel}","templated":true}]}}