{"id":10579,"date":"2026-04-26T09:21:25","date_gmt":"2026-04-26T06:21:25","guid":{"rendered":"https:\/\/raymarine.ee\/?post_type=product&#038;p=10579"},"modified":"2026-04-26T11:15:35","modified_gmt":"2026-04-26T08:15:35","slug":"raymarine-rsw-mastikaabel-30m","status":"publish","type":"product","link":"https:\/\/raymarine.ee\/en\/product\/raymarine-rsw-mastikaabel-30m\/","title":{"rendered":"Raymarine RSW mastikaabel 30m"},"content":{"rendered":"<p data-start=\"123\" data-end=\"168\"><strong data-start=\"123\" data-end=\"168\">Raymarine RSW Wired Smart Wind tuuleanduri mastikaabel 30m<\/strong><\/p>\n<p data-start=\"170\" data-end=\"378\">Raymarine RSW Wired Smart Wind tuuleandur \u00fchendatakse mastikaabliga purjepaadis asuva RSW Smart Wind Gateway-ga. See kaabel on kogu s\u00fcsteemi v\u00e4ga t\u00e4htis osa ja kui s\u00fcgisel masti maha v\u00f5ttes on kaabel l\u00e4bi l\u00f5igatud v\u00f5i see on muljuda saanud, siis t\u00f5en\u00e4oliselt tuleb see kaabel v\u00e4lja vahetada.<\/p>\n<p><strong>Juhendid:<\/strong><\/p>\n<p>Lae alla Raymarine <a href=\"https:\/\/raymarine.ee\/wp-content\/uploads\/2026\/04\/RSW-Wired-Smart-Wind-Transducer-Gateway-Installation-Instructions-87465-Rev-5-EN.pdf\" target=\"_blank\" rel=\"noopener\">RSW Wind paigaldusjuhend<\/a><\/p>\n<p>Lae alla i70s\u00a0<a href=\"https:\/\/raymarine.ee\/wp-content\/uploads\/2026\/04\/i70s-Installation-Instructions-87420-Rev-2-EN.pdf\" target=\"_blank\" rel=\"noopener\" data-wpel-link=\"internal\">paigaldusjuhend<\/a><\/p>\n<p>Lae alla i70 ja i70s\u00a0<a href=\"https:\/\/raymarine.ee\/wp-content\/uploads\/2026\/04\/i70-i70s-Instrument-Operation-Instructions-81401-Rev-6-EN.pdf\" target=\"_blank\" rel=\"noopener\" data-wpel-link=\"internal\">kasutusjuhend<\/a><\/p>","protected":false},"excerpt":{"rendered":"<p>Raymarine RSW Wired Smart Wind tuuleandur \u00fchendatakse mastikaabliga purjepaadis asuva RSW Smart Wind Gateway-ga. See kaabel on kogu s\u00fcsteemi v\u00e4ga t\u00e4htis osa ja kui s\u00fcgisel masti maha v\u00f5ttes on kaabel l\u00e4bi l\u00f5igatud v\u00f5i see on muljuda saanud, siis t\u00f5en\u00e4oliselt tuleb see kaabel v\u00e4lja vahetada. 30 meetrine RSW Smart Wind mastikaabel on meil tavaliselt laos olemas.<\/p>","protected":false},"featured_media":10580,"template":"","meta":{"_acf_changed":false},"product_brand":[134],"product_cat":[70,32,103],"product_tag":[],"class_list":{"0":"post-10579","1":"product","2":"type-product","3":"status-publish","4":"has-post-thumbnail","6":"product_brand-raymarine","7":"product_cat-i70_alpha","8":"product_cat-instruments","9":"product_cat-raymarine","11":"first","12":"instock","13":"sale","14":"taxable","15":"shipping-taxable","16":"purchasable","17":"product-type-simple"},"acf":[],"yoast_head":"<!-- This site is optimized with the Yoast SEO Premium plugin v27.5 (Yoast SEO v27.5) - https:\/\/yoast.com\/product\/yoast-seo-premium-wordpress\/ -->\n<title>RSW Smart Wind tuuleandur \u2013 Professionaalne tase - NavSystems<\/title>\n<meta name=\"description\" content=\"Raymarine RSW Wired Smart Wind tuuleandur pakub \u00fclit\u00e4pset tuule kiiruse- ja suuna n\u00e4itu, aga seda ainult l\u00e4bil\u00f5ikamata v\u00f5i vigastamata mastikaabli puhul.\" \/>\n<meta name=\"robots\" content=\"index, follow, max-snippet:-1, max-image-preview:large, max-video-preview:-1\" \/>\n<link rel=\"canonical\" href=\"https:\/\/raymarine.ee\/en\/product\/raymarine-rsw-mastikaabel-30m\/\" \/>\n<meta property=\"og:locale\" content=\"en_GB\" \/>\n<meta property=\"og:type\" content=\"article\" \/>\n<meta property=\"og:title\" content=\"Raymarine RSW mastikaabel 30m\" \/>\n<meta property=\"og:description\" content=\"Raymarine RSW Wired Smart Wind tuuleandur pakub \u00fclit\u00e4pset tuule kiiruse- ja suuna n\u00e4itu, aga seda ainult l\u00e4bil\u00f5ikamata v\u00f5i vigastamata mastikaabli puhul.\" \/>\n<meta property=\"og:url\" content=\"https:\/\/raymarine.ee\/en\/product\/raymarine-rsw-mastikaabel-30m\/\" \/>\n<meta property=\"og:site_name\" content=\"NavSystems\" \/>\n<meta property=\"article:publisher\" content=\"https:\/\/www.facebook.com\/NavSystems\" \/>\n<meta property=\"article:modified_time\" content=\"2026-04-26T08:15:35+00:00\" \/>\n<meta property=\"og:image\" content=\"https:\/\/raymarine.ee\/wp-content\/uploads\/2026\/04\/rsw-R70944-cable.jpg\" \/>\n\t<meta property=\"og:image:width\" content=\"1000\" \/>\n\t<meta property=\"og:image:height\" content=\"1000\" \/>\n\t<meta property=\"og:image:type\" content=\"image\/jpeg\" \/>\n<meta name=\"twitter:card\" content=\"summary_large_image\" \/>\n<meta name=\"twitter:label1\" content=\"Price\" \/>\n\t<meta name=\"twitter:data1\" content=\"167,40&nbsp;&euro;\" \/>\n\t<meta name=\"twitter:label2\" content=\"Availability\" \/>\n\t<meta name=\"twitter:data2\" content=\"In stock\" \/>\n<script type=\"application\/ld+json\" class=\"yoast-schema-graph\">{\"@context\":\"https:\\\/\\\/schema.org\",\"@graph\":[{\"@type\":\"WebPage\",\"@id\":\"https:\\\/\\\/raymarine.ee\\\/product\\\/raymarine-rsw-mastikaabel-30m\\\/\",\"url\":\"https:\\\/\\\/raymarine.ee\\\/product\\\/raymarine-rsw-mastikaabel-30m\\\/\",\"name\":\"RSW Smart Wind tuuleandur \u2013 Professionaalne tase - NavSystems\",\"isPartOf\":{\"@id\":\"https:\\\/\\\/raymarine.ee\\\/#website\"},\"primaryImageOfPage\":{\"@id\":\"https:\\\/\\\/raymarine.ee\\\/product\\\/raymarine-rsw-mastikaabel-30m\\\/#primaryimage\"},\"image\":{\"@id\":\"https:\\\/\\\/raymarine.ee\\\/product\\\/raymarine-rsw-mastikaabel-30m\\\/#primaryimage\"},\"thumbnailUrl\":\"https:\\\/\\\/raymarine.ee\\\/wp-content\\\/uploads\\\/2026\\\/04\\\/rsw-R70944-cable.jpg\",\"datePublished\":\"2026-04-26T06:21:25+00:00\",\"dateModified\":\"2026-04-26T08:15:35+00:00\",\"description\":\"Raymarine RSW Wired Smart Wind tuuleandur pakub \u00fclit\u00e4pset tuule kiiruse- ja suuna n\u00e4itu, aga seda ainult l\u00e4bil\u00f5ikamata v\u00f5i vigastamata mastikaabli puhul.\",\"breadcrumb\":{\"@id\":\"https:\\\/\\\/raymarine.ee\\\/product\\\/raymarine-rsw-mastikaabel-30m\\\/#breadcrumb\"},\"inLanguage\":\"en-GB\",\"potentialAction\":[{\"@type\":\"ReadAction\",\"target\":[\"https:\\\/\\\/raymarine.ee\\\/product\\\/raymarine-rsw-mastikaabel-30m\\\/\"]}]},{\"@type\":\"ImageObject\",\"inLanguage\":\"en-GB\",\"@id\":\"https:\\\/\\\/raymarine.ee\\\/product\\\/raymarine-rsw-mastikaabel-30m\\\/#primaryimage\",\"url\":\"https:\\\/\\\/raymarine.ee\\\/wp-content\\\/uploads\\\/2026\\\/04\\\/rsw-R70944-cable.jpg\",\"contentUrl\":\"https:\\\/\\\/raymarine.ee\\\/wp-content\\\/uploads\\\/2026\\\/04\\\/rsw-R70944-cable.jpg\",\"width\":1000,\"height\":1000,\"caption\":\"Raymarine-rsw-R70944-kaabel\"},{\"@type\":\"BreadcrumbList\",\"@id\":\"https:\\\/\\\/raymarine.ee\\\/product\\\/raymarine-rsw-mastikaabel-30m\\\/#breadcrumb\",\"itemListElement\":[{\"@type\":\"ListItem\",\"position\":1,\"name\":\"Home\",\"item\":\"https:\\\/\\\/raymarine.ee\\\/\"},{\"@type\":\"ListItem\",\"position\":2,\"name\":\"Tooted\",\"item\":\"https:\\\/\\\/raymarine.ee\\\/shop\\\/\"},{\"@type\":\"ListItem\",\"position\":3,\"name\":\"Raymarine RSW mastikaabel 30m\"}]},{\"@type\":\"WebSite\",\"@id\":\"https:\\\/\\\/raymarine.ee\\\/#website\",\"url\":\"https:\\\/\\\/raymarine.ee\\\/\",\"name\":\"www.raymarine.ee\",\"description\":\"Mereelektroonika, kaardiplotter, autopiloot, pinnipiloot, roolipiloot, radar, AIS, VHF, Smart Wind\",\"publisher\":{\"@id\":\"https:\\\/\\\/raymarine.ee\\\/#organization\"},\"alternateName\":\"Raymarine\",\"potentialAction\":[{\"@type\":\"SearchAction\",\"target\":{\"@type\":\"EntryPoint\",\"urlTemplate\":\"https:\\\/\\\/raymarine.ee\\\/?s={search_term_string}\"},\"query-input\":{\"@type\":\"PropertyValueSpecification\",\"valueRequired\":true,\"valueName\":\"search_term_string\"}}],\"inLanguage\":\"en-GB\"},{\"@type\":\"Organization\",\"@id\":\"https:\\\/\\\/raymarine.ee\\\/#organization\",\"name\":\"NavSystems O\u00dc\",\"url\":\"https:\\\/\\\/raymarine.ee\\\/\",\"logo\":{\"@type\":\"ImageObject\",\"inLanguage\":\"en-GB\",\"@id\":\"https:\\\/\\\/raymarine.ee\\\/#\\\/schema\\\/logo\\\/image\\\/\",\"url\":\"https:\\\/\\\/raymarine.ee\\\/wp-content\\\/uploads\\\/2024\\\/10\\\/Screenshot-2024-10-15-151324_bg_removed.webp\",\"contentUrl\":\"https:\\\/\\\/raymarine.ee\\\/wp-content\\\/uploads\\\/2024\\\/10\\\/Screenshot-2024-10-15-151324_bg_removed.webp\",\"width\":420,\"height\":276,\"caption\":\"NavSystems O\u00dc\"},\"image\":{\"@id\":\"https:\\\/\\\/raymarine.ee\\\/#\\\/schema\\\/logo\\\/image\\\/\"},\"sameAs\":[\"https:\\\/\\\/www.facebook.com\\\/NavSystems\"],\"legalName\":\"NavSystems O\u00dc\",\"foundingDate\":\"2011-05-03\",\"numberOfEmployees\":{\"@type\":\"QuantitativeValue\",\"minValue\":\"1\",\"maxValue\":\"10\"}}]}<\/script>\n<meta property=\"product:price:amount\" content=\"167.40\" \/>\n<meta property=\"product:price:currency\" content=\"EUR\" \/>\n<meta property=\"og:availability\" content=\"instock\" \/>\n<meta property=\"product:availability\" content=\"instock\" \/>\n<meta property=\"product:retailer_item_id\" content=\"R70944\" \/>\n<meta property=\"product:condition\" content=\"new\" \/>\n<!-- \/ Yoast SEO Premium plugin. -->","yoast_head_json":{"title":"RSW Smart Wind tuuleandur \u2013 Professionaalne tase - NavSystems","description":"Raymarine RSW Wired Smart Wind tuuleandur pakub \u00fclit\u00e4pset tuule kiiruse- ja suuna n\u00e4itu, aga seda ainult l\u00e4bil\u00f5ikamata v\u00f5i vigastamata mastikaabli puhul.","robots":{"index":"index","follow":"follow","max-snippet":"max-snippet:-1","max-image-preview":"max-image-preview:large","max-video-preview":"max-video-preview:-1"},"canonical":"https:\/\/raymarine.ee\/en\/product\/raymarine-rsw-mastikaabel-30m\/","og_locale":"en_GB","og_type":"article","og_title":"Raymarine RSW mastikaabel 30m","og_description":"Raymarine RSW Wired Smart Wind tuuleandur pakub \u00fclit\u00e4pset tuule kiiruse- ja suuna n\u00e4itu, aga seda ainult l\u00e4bil\u00f5ikamata v\u00f5i vigastamata mastikaabli puhul.","og_url":"https:\/\/raymarine.ee\/en\/product\/raymarine-rsw-mastikaabel-30m\/","og_site_name":"NavSystems","article_publisher":"https:\/\/www.facebook.com\/NavSystems","article_modified_time":"2026-04-26T08:15:35+00:00","og_image":[{"width":1000,"height":1000,"url":"https:\/\/raymarine.ee\/wp-content\/uploads\/2026\/04\/rsw-R70944-cable.jpg","type":"image\/jpeg"}],"twitter_card":"summary_large_image","twitter_misc":{"Price":"167,40&nbsp;&euro;","Availability":"In stock"},"schema":{"@context":"https:\/\/schema.org","@graph":[{"@type":"WebPage","@id":"https:\/\/raymarine.ee\/product\/raymarine-rsw-mastikaabel-30m\/","url":"https:\/\/raymarine.ee\/product\/raymarine-rsw-mastikaabel-30m\/","name":"RSW Smart Wind tuuleandur \u2013 Professionaalne tase - NavSystems","isPartOf":{"@id":"https:\/\/raymarine.ee\/#website"},"primaryImageOfPage":{"@id":"https:\/\/raymarine.ee\/product\/raymarine-rsw-mastikaabel-30m\/#primaryimage"},"image":{"@id":"https:\/\/raymarine.ee\/product\/raymarine-rsw-mastikaabel-30m\/#primaryimage"},"thumbnailUrl":"https:\/\/raymarine.ee\/wp-content\/uploads\/2026\/04\/rsw-R70944-cable.jpg","datePublished":"2026-04-26T06:21:25+00:00","dateModified":"2026-04-26T08:15:35+00:00","description":"Raymarine RSW Wired Smart Wind tuuleandur pakub \u00fclit\u00e4pset tuule kiiruse- ja suuna n\u00e4itu, aga seda ainult l\u00e4bil\u00f5ikamata v\u00f5i vigastamata mastikaabli puhul.","breadcrumb":{"@id":"https:\/\/raymarine.ee\/product\/raymarine-rsw-mastikaabel-30m\/#breadcrumb"},"inLanguage":"en-GB","potentialAction":[{"@type":"ReadAction","target":["https:\/\/raymarine.ee\/product\/raymarine-rsw-mastikaabel-30m\/"]}]},{"@type":"ImageObject","inLanguage":"en-GB","@id":"https:\/\/raymarine.ee\/product\/raymarine-rsw-mastikaabel-30m\/#primaryimage","url":"https:\/\/raymarine.ee\/wp-content\/uploads\/2026\/04\/rsw-R70944-cable.jpg","contentUrl":"https:\/\/raymarine.ee\/wp-content\/uploads\/2026\/04\/rsw-R70944-cable.jpg","width":1000,"height":1000,"caption":"Raymarine-rsw-R70944-kaabel"},{"@type":"BreadcrumbList","@id":"https:\/\/raymarine.ee\/product\/raymarine-rsw-mastikaabel-30m\/#breadcrumb","itemListElement":[{"@type":"ListItem","position":1,"name":"Home","item":"https:\/\/raymarine.ee\/"},{"@type":"ListItem","position":2,"name":"Tooted","item":"https:\/\/raymarine.ee\/shop\/"},{"@type":"ListItem","position":3,"name":"Raymarine RSW mastikaabel 30m"}]},{"@type":"WebSite","@id":"https:\/\/raymarine.ee\/#website","url":"https:\/\/raymarine.ee\/","name":"www.raymarine.ee","description":"Mereelektroonika, kaardiplotter, autopiloot, pinnipiloot, roolipiloot, radar, AIS, VHF, Smart Wind","publisher":{"@id":"https:\/\/raymarine.ee\/#organization"},"alternateName":"Raymarine","potentialAction":[{"@type":"SearchAction","target":{"@type":"EntryPoint","urlTemplate":"https:\/\/raymarine.ee\/?s={search_term_string}"},"query-input":{"@type":"PropertyValueSpecification","valueRequired":true,"valueName":"search_term_string"}}],"inLanguage":"en-GB"},{"@type":"Organization","@id":"https:\/\/raymarine.ee\/#organization","name":"NavSystems O\u00dc","url":"https:\/\/raymarine.ee\/","logo":{"@type":"ImageObject","inLanguage":"en-GB","@id":"https:\/\/raymarine.ee\/#\/schema\/logo\/image\/","url":"https:\/\/raymarine.ee\/wp-content\/uploads\/2024\/10\/Screenshot-2024-10-15-151324_bg_removed.webp","contentUrl":"https:\/\/raymarine.ee\/wp-content\/uploads\/2024\/10\/Screenshot-2024-10-15-151324_bg_removed.webp","width":420,"height":276,"caption":"NavSystems O\u00dc"},"image":{"@id":"https:\/\/raymarine.ee\/#\/schema\/logo\/image\/"},"sameAs":["https:\/\/www.facebook.com\/NavSystems"],"legalName":"NavSystems O\u00dc","foundingDate":"2011-05-03","numberOfEmployees":{"@type":"QuantitativeValue","minValue":"1","maxValue":"10"}}]},"product_price_amount":"167.40","product_price_currency":"EUR","og_availability":"instock","product_availability":"instock","product_retailer_item_id":"R70944","product_condition":"new"},"jetpack_sharing_enabled":true,"_links":{"self":[{"href":"https:\/\/raymarine.ee\/en\/wp-json\/wp\/v2\/product\/10579","targetHints":{"allow":["GET"]}}],"collection":[{"href":"https:\/\/raymarine.ee\/en\/wp-json\/wp\/v2\/product"}],"about":[{"href":"https:\/\/raymarine.ee\/en\/wp-json\/wp\/v2\/types\/product"}],"wp:featuredmedia":[{"embeddable":true,"href":"https:\/\/raymarine.ee\/en\/wp-json\/wp\/v2\/media\/10580"}],"wp:attachment":[{"href":"https:\/\/raymarine.ee\/en\/wp-json\/wp\/v2\/media?parent=10579"}],"wp:term":[{"taxonomy":"product_brand","embeddable":true,"href":"https:\/\/raymarine.ee\/en\/wp-json\/wp\/v2\/product_brand?post=10579"},{"taxonomy":"product_cat","embeddable":true,"href":"https:\/\/raymarine.ee\/en\/wp-json\/wp\/v2\/product_cat?post=10579"},{"taxonomy":"product_tag","embeddable":true,"href":"https:\/\/raymarine.ee\/en\/wp-json\/wp\/v2\/product_tag?post=10579"}],"curies":[{"name":"wp","href":"https:\/\/api.w.org\/{rel}","templated":true}]}}