{"id":10800,"date":"2026-04-28T15:56:08","date_gmt":"2026-04-28T12:56:08","guid":{"rendered":"https:\/\/raymarine.ee\/?post_type=product&#038;p=10800"},"modified":"2026-04-28T18:25:46","modified_gmt":"2026-04-28T15:25:46","slug":"raymarine-eci-100-engine-and-autopilot-gateway","status":"publish","type":"product","link":"https:\/\/raymarine.ee\/en\/product\/raymarine-eci-100-engine-and-autopilot-gateway\/","title":{"rendered":"Raymarine ECI-100 Engine and Autopilot Gateway"},"content":{"rendered":"<div class=\"heading\">Raymarine ECI-100 Engine &amp; Control Interface<\/div>\n<p>The ECI-100 Universal Engine and Control Interface is an innovative and affordable solution for bridging engine instrumentation and drive-by-wire steering with Raymarine autopilot and navigation systems. A simple isolated CAN Bus solution, the ECI-100 offers reliable integration with Raymarine&#8217;s latest generation of multifunction displays and also delivers a seamless autopilot steering interface to Raymarine&#8217;s Evolution EV-2 Drive-by-Wire autopilot system.<\/p>\n<p><strong>Key Features<\/strong><\/p>\n<ul>\n<li>A simple, single point of connection for engine data Affordable and uncomplicated solution eliminates the need for multiple engine and autopilot gateways<\/li>\n<li>View engine data displays alongside Raymarine&#8217;s industry leading radar, sonar and navigation technologies using a single touch screen display.<\/li>\n<li>Easy access to customisable displays to show engine performance data, fuel consumption, alarms and much more.<\/li>\n<li>View engine information displays on your smart phone or tablet with Raymarine mobile apps.<\/li>\n<li>Simple to install ECI-100 makes engine and navigation integration a reality for virtually any size vessel.<\/li>\n<li>Enjoy Autopilot Control from any network display The ECI-100 brings Raymarine&#8217;s Evolution 9-axis sensor and adaptive autopilot control to drive-by-wire propulsion without the need for a proprietary autopilot gateway.<\/li>\n<li>Enjoy full autopilot control using a single touch screen display.<\/li>\n<\/ul>\n<p><strong>ECI-100 Engine Data Parameters<\/strong><\/p>\n<ul>\n<li>Engine speed<\/li>\n<li>Transmission oil temperature<\/li>\n<li>Engine oil temperature<\/li>\n<li>Fuel tank level<\/li>\n<li>Engine temperature<\/li>\n<li>Trip fuel used (calculated by ECI-100)<\/li>\n<li>Engine oil pressure<\/li>\n<li>Alternator potential<\/li>\n<li>Engine coolant pressure<\/li>\n<li>Total engine hours<\/li>\n<li>Engine fuel rate<\/li>\n<li>Engine percentage load<\/li>\n<li>Boost pressure<\/li>\n<li>Transmission gear<\/li>\n<li>Battery potential<\/li>\n<li>VIN (not shown on the display)<\/li>\n<li>Transmission oil pressure<\/li>\n<li>Software number (not shown on the display)<\/li>\n<\/ul>\n<p><strong>What&#8217;s in the box?<\/strong><\/p>\n<ul>\n<li>ECI-100 Interface<\/li>\n<li>400mm SeaTalkNG Spur Cable (A06038)<\/li>\n<li>Document Pack<\/li>\n<li>Mounting Screws (2)<\/li>\n<\/ul>\n<p>Raymarine Part Number E70227<\/p>\n<p><strong>Juhend<\/strong><\/p>\n<p>Lae alla Raymarine <a href=\"https:\/\/raymarine.ee\/wp-content\/uploads\/2026\/04\/87202-2-EN_ECI-100_installation_instructions.pdf\" target=\"_blank\" rel=\"noopener\">ECI-100 paigaldusjuhend<\/a>.<\/p>","protected":false},"excerpt":{"rendered":"<div class=\"heading\">Raymarine ECI-100 on mootori andmete ja Drive-by-Wire autopiloodi Gateway. See universaalne mootori andmete lugemise ja autopiloodi juhtimisliides on uuenduslik ja taskukohane lahendus mootori andmete ja DBW roolis\u00fcsteemi \u00fchendamiseks Raymarine&#8217;i autopiloodi ja navigatsioonis\u00fcsteemidega. Lihtsa isoleeritud CAN-siini lahendusena pakub ECI-100 usaldusv\u00e4\u00e4rset integratsiooni Raymarine&#8217;i uusima p\u00f5lvkonna multifunktsionaalsete multi-ekraanidega. T\u00f6\u00f6tab Raymarine&#8217;i Evolution EV-2 autopiloodi s\u00fcsteemiga mis lisab Drive-by-Wire juhtimisele autopiloodi funktsiooni.<\/div>","protected":false},"featured_media":10806,"template":"","meta":{"_acf_changed":false},"product_brand":[134],"product_cat":[72,103,83,132],"product_tag":[],"class_list":{"0":"post-10800","1":"product","2":"type-product","3":"status-publish","4":"has-post-thumbnail","6":"product_brand-raymarine","7":"product_cat-tarvikud","8":"product_cat-raymarine","9":"product_cat-stng_tarvikud","10":"product_cat-volvo-penta","12":"first","13":"instock","14":"sale","15":"featured","16":"taxable","17":"shipping-taxable","18":"purchasable","19":"product-type-simple"},"acf":[],"yoast_head":"<!-- This site is optimized with the Yoast SEO Premium plugin v27.5 (Yoast SEO v27.5) - https:\/\/yoast.com\/product\/yoast-seo-premium-wordpress\/ -->\n<title>ECI-100: Engine and autopilot Gateway - NavSystems Mereelektroonika<\/title>\n<meta name=\"description\" content=\"ECI-100 Gateway on ideaalne lahendus, et integreerida mootori n\u00e4idud Raymarine kaardiplotteriga ja EV-2 autopiloot paadi DBW roolis\u00fcsteemiga.\" \/>\n<meta name=\"robots\" content=\"index, follow, max-snippet:-1, max-image-preview:large, max-video-preview:-1\" \/>\n<link rel=\"canonical\" href=\"https:\/\/raymarine.ee\/en\/product\/raymarine-eci-100-engine-and-autopilot-gateway\/\" \/>\n<meta property=\"og:locale\" content=\"en_GB\" \/>\n<meta property=\"og:type\" content=\"article\" \/>\n<meta property=\"og:title\" content=\"Raymarine ECI-100 Engine and Autopilot Gateway\" \/>\n<meta property=\"og:description\" content=\"ECI-100 Gateway on ideaalne lahendus, et integreerida mootori n\u00e4idud Raymarine kaardiplotteriga ja EV-2 autopiloot paadi DBW roolis\u00fcsteemiga.\" \/>\n<meta property=\"og:url\" content=\"https:\/\/raymarine.ee\/en\/product\/raymarine-eci-100-engine-and-autopilot-gateway\/\" \/>\n<meta property=\"og:site_name\" content=\"NavSystems\" \/>\n<meta property=\"article:publisher\" content=\"https:\/\/www.facebook.com\/NavSystems\" \/>\n<meta property=\"article:modified_time\" content=\"2026-04-28T15:25:46+00:00\" \/>\n<meta property=\"og:image\" content=\"https:\/\/raymarine.ee\/wp-content\/uploads\/2026\/04\/e70227-raymarine-eci-100.webp\" \/>\n\t<meta property=\"og:image:width\" content=\"1200\" \/>\n\t<meta property=\"og:image:height\" content=\"1200\" \/>\n\t<meta property=\"og:image:type\" content=\"image\/webp\" \/>\n<meta name=\"twitter:card\" content=\"summary_large_image\" \/>\n<meta name=\"twitter:label1\" content=\"Price\" \/>\n\t<meta name=\"twitter:data1\" content=\"409,00&nbsp;&euro;\" \/>\n\t<meta name=\"twitter:label2\" content=\"Availability\" \/>\n\t<meta name=\"twitter:data2\" content=\"In stock\" \/>\n<script type=\"application\/ld+json\" class=\"yoast-schema-graph\">{\"@context\":\"https:\\\/\\\/schema.org\",\"@graph\":[{\"@type\":\"WebPage\",\"@id\":\"https:\\\/\\\/raymarine.ee\\\/product\\\/raymarine-eci-100-engine-and-autopilot-gateway\\\/\",\"url\":\"https:\\\/\\\/raymarine.ee\\\/product\\\/raymarine-eci-100-engine-and-autopilot-gateway\\\/\",\"name\":\"ECI-100: Engine and autopilot Gateway - NavSystems Mereelektroonika\",\"isPartOf\":{\"@id\":\"https:\\\/\\\/raymarine.ee\\\/#website\"},\"primaryImageOfPage\":{\"@id\":\"https:\\\/\\\/raymarine.ee\\\/product\\\/raymarine-eci-100-engine-and-autopilot-gateway\\\/#primaryimage\"},\"image\":{\"@id\":\"https:\\\/\\\/raymarine.ee\\\/product\\\/raymarine-eci-100-engine-and-autopilot-gateway\\\/#primaryimage\"},\"thumbnailUrl\":\"https:\\\/\\\/raymarine.ee\\\/wp-content\\\/uploads\\\/2026\\\/04\\\/e70227-raymarine-eci-100.webp\",\"datePublished\":\"2026-04-28T12:56:08+00:00\",\"dateModified\":\"2026-04-28T15:25:46+00:00\",\"description\":\"ECI-100 Gateway on ideaalne lahendus, et integreerida mootori n\u00e4idud Raymarine kaardiplotteriga ja EV-2 autopiloot paadi DBW roolis\u00fcsteemiga.\",\"breadcrumb\":{\"@id\":\"https:\\\/\\\/raymarine.ee\\\/product\\\/raymarine-eci-100-engine-and-autopilot-gateway\\\/#breadcrumb\"},\"inLanguage\":\"en-GB\",\"potentialAction\":[{\"@type\":\"ReadAction\",\"target\":[\"https:\\\/\\\/raymarine.ee\\\/product\\\/raymarine-eci-100-engine-and-autopilot-gateway\\\/\"]}]},{\"@type\":\"ImageObject\",\"inLanguage\":\"en-GB\",\"@id\":\"https:\\\/\\\/raymarine.ee\\\/product\\\/raymarine-eci-100-engine-and-autopilot-gateway\\\/#primaryimage\",\"url\":\"https:\\\/\\\/raymarine.ee\\\/wp-content\\\/uploads\\\/2026\\\/04\\\/e70227-raymarine-eci-100.webp\",\"contentUrl\":\"https:\\\/\\\/raymarine.ee\\\/wp-content\\\/uploads\\\/2026\\\/04\\\/e70227-raymarine-eci-100.webp\",\"width\":1200,\"height\":1200,\"caption\":\"Raymarine ECI-100\"},{\"@type\":\"BreadcrumbList\",\"@id\":\"https:\\\/\\\/raymarine.ee\\\/product\\\/raymarine-eci-100-engine-and-autopilot-gateway\\\/#breadcrumb\",\"itemListElement\":[{\"@type\":\"ListItem\",\"position\":1,\"name\":\"Home\",\"item\":\"https:\\\/\\\/raymarine.ee\\\/\"},{\"@type\":\"ListItem\",\"position\":2,\"name\":\"Tooted\",\"item\":\"https:\\\/\\\/raymarine.ee\\\/shop\\\/\"},{\"@type\":\"ListItem\",\"position\":3,\"name\":\"Raymarine ECI-100 Engine and Autopilot Gateway\"}]},{\"@type\":\"WebSite\",\"@id\":\"https:\\\/\\\/raymarine.ee\\\/#website\",\"url\":\"https:\\\/\\\/raymarine.ee\\\/\",\"name\":\"www.raymarine.ee\",\"description\":\"Mereelektroonika, kaardiplotter, autopiloot, pinnipiloot, roolipiloot, radar, AIS, VHF, Smart Wind\",\"publisher\":{\"@id\":\"https:\\\/\\\/raymarine.ee\\\/#organization\"},\"alternateName\":\"Raymarine\",\"potentialAction\":[{\"@type\":\"SearchAction\",\"target\":{\"@type\":\"EntryPoint\",\"urlTemplate\":\"https:\\\/\\\/raymarine.ee\\\/?s={search_term_string}\"},\"query-input\":{\"@type\":\"PropertyValueSpecification\",\"valueRequired\":true,\"valueName\":\"search_term_string\"}}],\"inLanguage\":\"en-GB\"},{\"@type\":\"Organization\",\"@id\":\"https:\\\/\\\/raymarine.ee\\\/#organization\",\"name\":\"NavSystems O\u00dc\",\"url\":\"https:\\\/\\\/raymarine.ee\\\/\",\"logo\":{\"@type\":\"ImageObject\",\"inLanguage\":\"en-GB\",\"@id\":\"https:\\\/\\\/raymarine.ee\\\/#\\\/schema\\\/logo\\\/image\\\/\",\"url\":\"https:\\\/\\\/raymarine.ee\\\/wp-content\\\/uploads\\\/2024\\\/10\\\/Screenshot-2024-10-15-151324_bg_removed.webp\",\"contentUrl\":\"https:\\\/\\\/raymarine.ee\\\/wp-content\\\/uploads\\\/2024\\\/10\\\/Screenshot-2024-10-15-151324_bg_removed.webp\",\"width\":420,\"height\":276,\"caption\":\"NavSystems O\u00dc\"},\"image\":{\"@id\":\"https:\\\/\\\/raymarine.ee\\\/#\\\/schema\\\/logo\\\/image\\\/\"},\"sameAs\":[\"https:\\\/\\\/www.facebook.com\\\/NavSystems\"],\"legalName\":\"NavSystems O\u00dc\",\"foundingDate\":\"2011-05-03\",\"numberOfEmployees\":{\"@type\":\"QuantitativeValue\",\"minValue\":\"1\",\"maxValue\":\"10\"}}]}<\/script>\n<meta property=\"product:price:amount\" content=\"409.00\" \/>\n<meta property=\"product:price:currency\" content=\"EUR\" \/>\n<meta property=\"og:availability\" content=\"instock\" \/>\n<meta property=\"product:availability\" content=\"instock\" \/>\n<meta property=\"product:retailer_item_id\" content=\"E70227\" \/>\n<meta property=\"product:condition\" content=\"new\" \/>\n<!-- \/ Yoast SEO Premium plugin. -->","yoast_head_json":{"title":"ECI-100: Engine and autopilot Gateway - NavSystems Mereelektroonika","description":"ECI-100 Gateway on ideaalne lahendus, et integreerida mootori n\u00e4idud Raymarine kaardiplotteriga ja EV-2 autopiloot paadi DBW roolis\u00fcsteemiga.","robots":{"index":"index","follow":"follow","max-snippet":"max-snippet:-1","max-image-preview":"max-image-preview:large","max-video-preview":"max-video-preview:-1"},"canonical":"https:\/\/raymarine.ee\/en\/product\/raymarine-eci-100-engine-and-autopilot-gateway\/","og_locale":"en_GB","og_type":"article","og_title":"Raymarine ECI-100 Engine and Autopilot Gateway","og_description":"ECI-100 Gateway on ideaalne lahendus, et integreerida mootori n\u00e4idud Raymarine kaardiplotteriga ja EV-2 autopiloot paadi DBW roolis\u00fcsteemiga.","og_url":"https:\/\/raymarine.ee\/en\/product\/raymarine-eci-100-engine-and-autopilot-gateway\/","og_site_name":"NavSystems","article_publisher":"https:\/\/www.facebook.com\/NavSystems","article_modified_time":"2026-04-28T15:25:46+00:00","og_image":[{"width":1200,"height":1200,"url":"https:\/\/raymarine.ee\/wp-content\/uploads\/2026\/04\/e70227-raymarine-eci-100.webp","type":"image\/webp"}],"twitter_card":"summary_large_image","twitter_misc":{"Price":"409,00&nbsp;&euro;","Availability":"In stock"},"schema":{"@context":"https:\/\/schema.org","@graph":[{"@type":"WebPage","@id":"https:\/\/raymarine.ee\/product\/raymarine-eci-100-engine-and-autopilot-gateway\/","url":"https:\/\/raymarine.ee\/product\/raymarine-eci-100-engine-and-autopilot-gateway\/","name":"ECI-100: Engine and autopilot Gateway - NavSystems Mereelektroonika","isPartOf":{"@id":"https:\/\/raymarine.ee\/#website"},"primaryImageOfPage":{"@id":"https:\/\/raymarine.ee\/product\/raymarine-eci-100-engine-and-autopilot-gateway\/#primaryimage"},"image":{"@id":"https:\/\/raymarine.ee\/product\/raymarine-eci-100-engine-and-autopilot-gateway\/#primaryimage"},"thumbnailUrl":"https:\/\/raymarine.ee\/wp-content\/uploads\/2026\/04\/e70227-raymarine-eci-100.webp","datePublished":"2026-04-28T12:56:08+00:00","dateModified":"2026-04-28T15:25:46+00:00","description":"ECI-100 Gateway on ideaalne lahendus, et integreerida mootori n\u00e4idud Raymarine kaardiplotteriga ja EV-2 autopiloot paadi DBW roolis\u00fcsteemiga.","breadcrumb":{"@id":"https:\/\/raymarine.ee\/product\/raymarine-eci-100-engine-and-autopilot-gateway\/#breadcrumb"},"inLanguage":"en-GB","potentialAction":[{"@type":"ReadAction","target":["https:\/\/raymarine.ee\/product\/raymarine-eci-100-engine-and-autopilot-gateway\/"]}]},{"@type":"ImageObject","inLanguage":"en-GB","@id":"https:\/\/raymarine.ee\/product\/raymarine-eci-100-engine-and-autopilot-gateway\/#primaryimage","url":"https:\/\/raymarine.ee\/wp-content\/uploads\/2026\/04\/e70227-raymarine-eci-100.webp","contentUrl":"https:\/\/raymarine.ee\/wp-content\/uploads\/2026\/04\/e70227-raymarine-eci-100.webp","width":1200,"height":1200,"caption":"Raymarine ECI-100"},{"@type":"BreadcrumbList","@id":"https:\/\/raymarine.ee\/product\/raymarine-eci-100-engine-and-autopilot-gateway\/#breadcrumb","itemListElement":[{"@type":"ListItem","position":1,"name":"Home","item":"https:\/\/raymarine.ee\/"},{"@type":"ListItem","position":2,"name":"Tooted","item":"https:\/\/raymarine.ee\/shop\/"},{"@type":"ListItem","position":3,"name":"Raymarine ECI-100 Engine and Autopilot Gateway"}]},{"@type":"WebSite","@id":"https:\/\/raymarine.ee\/#website","url":"https:\/\/raymarine.ee\/","name":"www.raymarine.ee","description":"Mereelektroonika, kaardiplotter, autopiloot, pinnipiloot, roolipiloot, radar, AIS, VHF, Smart Wind","publisher":{"@id":"https:\/\/raymarine.ee\/#organization"},"alternateName":"Raymarine","potentialAction":[{"@type":"SearchAction","target":{"@type":"EntryPoint","urlTemplate":"https:\/\/raymarine.ee\/?s={search_term_string}"},"query-input":{"@type":"PropertyValueSpecification","valueRequired":true,"valueName":"search_term_string"}}],"inLanguage":"en-GB"},{"@type":"Organization","@id":"https:\/\/raymarine.ee\/#organization","name":"NavSystems O\u00dc","url":"https:\/\/raymarine.ee\/","logo":{"@type":"ImageObject","inLanguage":"en-GB","@id":"https:\/\/raymarine.ee\/#\/schema\/logo\/image\/","url":"https:\/\/raymarine.ee\/wp-content\/uploads\/2024\/10\/Screenshot-2024-10-15-151324_bg_removed.webp","contentUrl":"https:\/\/raymarine.ee\/wp-content\/uploads\/2024\/10\/Screenshot-2024-10-15-151324_bg_removed.webp","width":420,"height":276,"caption":"NavSystems O\u00dc"},"image":{"@id":"https:\/\/raymarine.ee\/#\/schema\/logo\/image\/"},"sameAs":["https:\/\/www.facebook.com\/NavSystems"],"legalName":"NavSystems O\u00dc","foundingDate":"2011-05-03","numberOfEmployees":{"@type":"QuantitativeValue","minValue":"1","maxValue":"10"}}]},"product_price_amount":"409.00","product_price_currency":"EUR","og_availability":"instock","product_availability":"instock","product_retailer_item_id":"E70227","product_condition":"new"},"jetpack_sharing_enabled":true,"_links":{"self":[{"href":"https:\/\/raymarine.ee\/en\/wp-json\/wp\/v2\/product\/10800","targetHints":{"allow":["GET"]}}],"collection":[{"href":"https:\/\/raymarine.ee\/en\/wp-json\/wp\/v2\/product"}],"about":[{"href":"https:\/\/raymarine.ee\/en\/wp-json\/wp\/v2\/types\/product"}],"wp:featuredmedia":[{"embeddable":true,"href":"https:\/\/raymarine.ee\/en\/wp-json\/wp\/v2\/media\/10806"}],"wp:attachment":[{"href":"https:\/\/raymarine.ee\/en\/wp-json\/wp\/v2\/media?parent=10800"}],"wp:term":[{"taxonomy":"product_brand","embeddable":true,"href":"https:\/\/raymarine.ee\/en\/wp-json\/wp\/v2\/product_brand?post=10800"},{"taxonomy":"product_cat","embeddable":true,"href":"https:\/\/raymarine.ee\/en\/wp-json\/wp\/v2\/product_cat?post=10800"},{"taxonomy":"product_tag","embeddable":true,"href":"https:\/\/raymarine.ee\/en\/wp-json\/wp\/v2\/product_tag?post=10800"}],"curies":[{"name":"wp","href":"https:\/\/api.w.org\/{rel}","templated":true}]}}