{"id":10807,"date":"2026-04-28T18:32:28","date_gmt":"2026-04-28T15:32:28","guid":{"rendered":"https:\/\/raymarine.ee\/?post_type=product&#038;p=10807"},"modified":"2026-04-28T18:59:11","modified_gmt":"2026-04-28T15:59:11","slug":"stng-in-line-terminator","status":"publish","type":"product","link":"https:\/\/raymarine.ee\/en\/product\/stng-in-line-terminator\/","title":{"rendered":"STNG In-Line Terminator"},"content":{"rendered":"<p>Raymarine STNG In-Line Terminator on v\u00e4ga oluline STNG (NMEA2000) v\u00f5rgu osa. STNG v\u00f5rk peab algama ja l\u00f5ppema terninaatoriga, \u00fche v\u00f5rgu kohta peab olema rangelt ainult 2 terminaatorit. In-Line terminator on juhuks kui v\u00f5rk algab v\u00f5i l\u00f5ppeb harukaabliga, siis \u00fchendatakse In-Line terminator Back-Bone kaabli otsa ja selle otsa omakorda SPUR kaabel mis l\u00e4heb otse seadmesse. Kui v\u00f5rk on valmis, siis mitte \u00fchtegi t\u00fchja sinist pesa ei saa STNG v\u00f5rgu puhul olla. K\u00f5ik kaablid ja liitmikud on v\u00e4rv-koderitud, siniseid ja valgeid kaableid ei saa STNG liitmiku valesse pesasse \u00fchendada, pinnide paigutus on erinev. Enne toote kasutamist tutvu STNG (NMEA2000) v\u00f5rgu t\u00f6\u00f6p\u00f5him\u00f5ttega. NB! STNG liitmikute sinised- ja valged mutreid tuleb keerata ainult veerand ringi. Vastavad t\u00e4histused on toote peale m\u00e4rgitud.<\/p>\n<p><strong>Juhendid:<\/strong><\/p>\n<p>Lae alla\u00a0<a href=\"https:\/\/raymarine.ee\/wp-content\/uploads\/2026\/04\/SeaTalkng-Reference-manual-81300-1-EN-1.pdf\" target=\"_blank\" rel=\"noopener\" data-wpel-link=\"internal\">STNG v\u00f5rgu \u00fcldine juhend<\/a><\/p>","protected":false},"excerpt":{"rendered":"<p>Raymarine STNG In-Line Terminator on v\u00e4ga oluline STNG (NMEA2000) v\u00f5rgu osa. STNG v\u00f5rk peab algama ja l\u00f5ppema terninaatoriga, \u00fche v\u00f5rgu kohta peab olema rangelt ainult 2 terminaatorit. In-Line terminator on juhuks kui v\u00f5rk algab v\u00f5i l\u00f5ppeb harukaabliga, siis \u00fchendatakse In-Line terminator Back-Bone kaabli otsa ja selle otsa omakorda SPUR kaabel mis l\u00e4heb otse seadmesse. Kui v\u00f5rk on valmis, siis mitte \u00fchtegi t\u00fchja sinist pesa ei saa STNG v\u00f5rgu puhul olla. K\u00f5ik kaablid ja liitmikud on v\u00e4rv-koderitud, siniseid ja valgeid kaableid ei saa STNG liitmiku valesse pesasse \u00fchendada, pinnide paigutus on erinev. Enne toote kasutamist tutvu STNG (NMEA2000) v\u00f5rgu t\u00f6\u00f6p\u00f5him\u00f5ttega. NB! STNG liitmikute sinised- ja valged mutreid tuleb keerata ainult veerand ringi. Vastavad t\u00e4histused on toote peale m\u00e4rgitud. Tutvu kindlasti ka selle toote juhenditega ja k\u00fcsimuste korral pea n\u00f5u meie spetsialistiga.<\/p>","protected":false},"featured_media":10808,"template":"","meta":{"_acf_changed":false},"product_brand":[134],"product_cat":[72,83],"product_tag":[],"class_list":{"0":"post-10807","1":"product","2":"type-product","3":"status-publish","4":"has-post-thumbnail","6":"product_brand-raymarine","7":"product_cat-tarvikud","8":"product_cat-stng_tarvikud","10":"first","11":"instock","12":"sale","13":"taxable","14":"shipping-taxable","15":"purchasable","16":"product-type-simple"},"acf":[],"yoast_head":"<!-- This site is optimized with the Yoast SEO Premium plugin v27.5 (Yoast SEO v27.5) - https:\/\/yoast.com\/product\/yoast-seo-premium-wordpress\/ -->\n<title>STNG In-Line Terminator - NavSystems Mereelektroonika<\/title>\n<meta name=\"description\" content=\"Raymarine STNG In-Line Terminator on v\u00e4ga oluline STNG (NMEA2000) v\u00f5rgu osa. STNG v\u00f5rk peab algama ja l\u00f5ppema terninaatoriga, \u00fche v\u00f5rgu kohta peab olema rangelt ainult 2 terminaatorit. In-Line terminator on juhuks kui v\u00f5rk algab v\u00f5i l\u00f5ppeb harukaabliga, siis \u00fchendatakse In-Line terminator Back-Bone kaabli otsa ja selle otsa omakorda SPUR kaabel mis l\u00e4heb otse seadmesse. Kui v\u00f5rk on valmis, siis mitte \u00fchtegi t\u00fchja sinist pesa ei saa STNG v\u00f5rgu puhul olla. K\u00f5ik kaablid ja liitmikud on v\u00e4rv-koderitud, siniseid ja valgeid kaableid ei saa STNG liitmiku valesse pesasse \u00fchendada, pinnide paigutus on erinev. Enne toote kasutamist tutvu STNG (NMEA2000) v\u00f5rgu t\u00f6\u00f6p\u00f5him\u00f5ttega. NB! STNG liitmikute sinised- ja valged mutreid tuleb keerata ainult veerand ringi. Vastavad t\u00e4histused on toote peale m\u00e4rgitud. Tutvu kindlasti ka selle toote juhenditega ja k\u00fcsimuste korral pea n\u00f5u meie spetsialistiga. STNG Terminator\" \/>\n<meta name=\"robots\" content=\"index, follow, max-snippet:-1, max-image-preview:large, max-video-preview:-1\" \/>\n<link rel=\"canonical\" href=\"https:\/\/raymarine.ee\/en\/product\/stng-in-line-terminator\/\" \/>\n<meta property=\"og:locale\" content=\"en_GB\" \/>\n<meta property=\"og:type\" content=\"article\" \/>\n<meta property=\"og:title\" content=\"STNG In-Line Terminator\" \/>\n<meta property=\"og:description\" content=\"Raymarine STNG In-Line Terminator on v\u00e4ga oluline STNG (NMEA2000) v\u00f5rgu osa. STNG v\u00f5rk peab algama ja l\u00f5ppema terninaatoriga, \u00fche v\u00f5rgu kohta peab olema rangelt ainult 2 terminaatorit. In-Line terminator on juhuks kui v\u00f5rk algab v\u00f5i l\u00f5ppeb harukaabliga, siis \u00fchendatakse In-Line terminator Back-Bone kaabli otsa ja selle otsa omakorda SPUR kaabel mis l\u00e4heb otse seadmesse. Kui v\u00f5rk on valmis, siis mitte \u00fchtegi t\u00fchja sinist pesa ei saa STNG v\u00f5rgu puhul olla. K\u00f5ik kaablid ja liitmikud on v\u00e4rv-koderitud, siniseid ja valgeid kaableid ei saa STNG liitmiku valesse pesasse \u00fchendada, pinnide paigutus on erinev. Enne toote kasutamist tutvu STNG (NMEA2000) v\u00f5rgu t\u00f6\u00f6p\u00f5him\u00f5ttega. NB! STNG liitmikute sinised- ja valged mutreid tuleb keerata ainult veerand ringi. Vastavad t\u00e4histused on toote peale m\u00e4rgitud. Tutvu kindlasti ka selle toote juhenditega ja k\u00fcsimuste korral pea n\u00f5u meie spetsialistiga. STNG Terminator\" \/>\n<meta property=\"og:url\" content=\"https:\/\/raymarine.ee\/en\/product\/stng-in-line-terminator\/\" \/>\n<meta property=\"og:site_name\" content=\"NavSystems\" \/>\n<meta property=\"article:publisher\" content=\"https:\/\/www.facebook.com\/NavSystems\" \/>\n<meta property=\"article:modified_time\" content=\"2026-04-28T15:59:11+00:00\" \/>\n<meta property=\"og:image\" content=\"https:\/\/raymarine.ee\/wp-content\/uploads\/2026\/04\/inline-terminator.webp\" \/>\n\t<meta property=\"og:image:width\" content=\"576\" \/>\n\t<meta property=\"og:image:height\" content=\"432\" \/>\n\t<meta property=\"og:image:type\" content=\"image\/webp\" \/>\n<meta name=\"twitter:card\" content=\"summary_large_image\" \/>\n<meta name=\"twitter:label1\" content=\"Price\" \/>\n\t<meta name=\"twitter:data1\" content=\"23,99&nbsp;&euro;\" \/>\n\t<meta name=\"twitter:label2\" content=\"Availability\" \/>\n\t<meta name=\"twitter:data2\" content=\"In stock\" \/>\n<script type=\"application\/ld+json\" class=\"yoast-schema-graph\">{\"@context\":\"https:\\\/\\\/schema.org\",\"@graph\":[{\"@type\":\"WebPage\",\"@id\":\"https:\\\/\\\/raymarine.ee\\\/product\\\/stng-in-line-terminator\\\/\",\"url\":\"https:\\\/\\\/raymarine.ee\\\/product\\\/stng-in-line-terminator\\\/\",\"name\":\"STNG In-Line Terminator - NavSystems Mereelektroonika\",\"isPartOf\":{\"@id\":\"https:\\\/\\\/raymarine.ee\\\/#website\"},\"primaryImageOfPage\":{\"@id\":\"https:\\\/\\\/raymarine.ee\\\/product\\\/stng-in-line-terminator\\\/#primaryimage\"},\"image\":{\"@id\":\"https:\\\/\\\/raymarine.ee\\\/product\\\/stng-in-line-terminator\\\/#primaryimage\"},\"thumbnailUrl\":\"https:\\\/\\\/raymarine.ee\\\/wp-content\\\/uploads\\\/2026\\\/04\\\/inline-terminator.webp\",\"datePublished\":\"2026-04-28T15:32:28+00:00\",\"dateModified\":\"2026-04-28T15:59:11+00:00\",\"description\":\"Raymarine STNG In-Line Terminator on v\u00e4ga oluline STNG (NMEA2000) v\u00f5rgu osa. STNG v\u00f5rk peab algama ja l\u00f5ppema terninaatoriga, \u00fche v\u00f5rgu kohta peab olema rangelt ainult 2 terminaatorit. In-Line terminator on juhuks kui v\u00f5rk algab v\u00f5i l\u00f5ppeb harukaabliga, siis \u00fchendatakse In-Line terminator Back-Bone kaabli otsa ja selle otsa omakorda SPUR kaabel mis l\u00e4heb otse seadmesse. Kui v\u00f5rk on valmis, siis mitte \u00fchtegi t\u00fchja sinist pesa ei saa STNG v\u00f5rgu puhul olla. K\u00f5ik kaablid ja liitmikud on v\u00e4rv-koderitud, siniseid ja valgeid kaableid ei saa STNG liitmiku valesse pesasse \u00fchendada, pinnide paigutus on erinev. Enne toote kasutamist tutvu STNG (NMEA2000) v\u00f5rgu t\u00f6\u00f6p\u00f5him\u00f5ttega. NB! STNG liitmikute sinised- ja valged mutreid tuleb keerata ainult veerand ringi. Vastavad t\u00e4histused on toote peale m\u00e4rgitud. Tutvu kindlasti ka selle toote juhenditega ja k\u00fcsimuste korral pea n\u00f5u meie spetsialistiga. STNG Terminator\",\"breadcrumb\":{\"@id\":\"https:\\\/\\\/raymarine.ee\\\/product\\\/stng-in-line-terminator\\\/#breadcrumb\"},\"inLanguage\":\"en-GB\",\"potentialAction\":[{\"@type\":\"ReadAction\",\"target\":[\"https:\\\/\\\/raymarine.ee\\\/product\\\/stng-in-line-terminator\\\/\"]}]},{\"@type\":\"ImageObject\",\"inLanguage\":\"en-GB\",\"@id\":\"https:\\\/\\\/raymarine.ee\\\/product\\\/stng-in-line-terminator\\\/#primaryimage\",\"url\":\"https:\\\/\\\/raymarine.ee\\\/wp-content\\\/uploads\\\/2026\\\/04\\\/inline-terminator.webp\",\"contentUrl\":\"https:\\\/\\\/raymarine.ee\\\/wp-content\\\/uploads\\\/2026\\\/04\\\/inline-terminator.webp\",\"width\":576,\"height\":432,\"caption\":\"In-Line Terminator A06074\"},{\"@type\":\"BreadcrumbList\",\"@id\":\"https:\\\/\\\/raymarine.ee\\\/product\\\/stng-in-line-terminator\\\/#breadcrumb\",\"itemListElement\":[{\"@type\":\"ListItem\",\"position\":1,\"name\":\"Home\",\"item\":\"https:\\\/\\\/raymarine.ee\\\/\"},{\"@type\":\"ListItem\",\"position\":2,\"name\":\"Tooted\",\"item\":\"https:\\\/\\\/raymarine.ee\\\/shop\\\/\"},{\"@type\":\"ListItem\",\"position\":3,\"name\":\"STNG In-Line Terminator\"}]},{\"@type\":\"WebSite\",\"@id\":\"https:\\\/\\\/raymarine.ee\\\/#website\",\"url\":\"https:\\\/\\\/raymarine.ee\\\/\",\"name\":\"www.raymarine.ee\",\"description\":\"Mereelektroonika, kaardiplotter, autopiloot, pinnipiloot, roolipiloot, radar, AIS, VHF, Smart Wind\",\"publisher\":{\"@id\":\"https:\\\/\\\/raymarine.ee\\\/#organization\"},\"alternateName\":\"Raymarine\",\"potentialAction\":[{\"@type\":\"SearchAction\",\"target\":{\"@type\":\"EntryPoint\",\"urlTemplate\":\"https:\\\/\\\/raymarine.ee\\\/?s={search_term_string}\"},\"query-input\":{\"@type\":\"PropertyValueSpecification\",\"valueRequired\":true,\"valueName\":\"search_term_string\"}}],\"inLanguage\":\"en-GB\"},{\"@type\":\"Organization\",\"@id\":\"https:\\\/\\\/raymarine.ee\\\/#organization\",\"name\":\"NavSystems O\u00dc\",\"url\":\"https:\\\/\\\/raymarine.ee\\\/\",\"logo\":{\"@type\":\"ImageObject\",\"inLanguage\":\"en-GB\",\"@id\":\"https:\\\/\\\/raymarine.ee\\\/#\\\/schema\\\/logo\\\/image\\\/\",\"url\":\"https:\\\/\\\/raymarine.ee\\\/wp-content\\\/uploads\\\/2024\\\/10\\\/Screenshot-2024-10-15-151324_bg_removed.webp\",\"contentUrl\":\"https:\\\/\\\/raymarine.ee\\\/wp-content\\\/uploads\\\/2024\\\/10\\\/Screenshot-2024-10-15-151324_bg_removed.webp\",\"width\":420,\"height\":276,\"caption\":\"NavSystems O\u00dc\"},\"image\":{\"@id\":\"https:\\\/\\\/raymarine.ee\\\/#\\\/schema\\\/logo\\\/image\\\/\"},\"sameAs\":[\"https:\\\/\\\/www.facebook.com\\\/NavSystems\"],\"legalName\":\"NavSystems O\u00dc\",\"foundingDate\":\"2011-05-03\",\"numberOfEmployees\":{\"@type\":\"QuantitativeValue\",\"minValue\":\"1\",\"maxValue\":\"10\"}}]}<\/script>\n<meta property=\"product:price:amount\" content=\"23.99\" \/>\n<meta property=\"product:price:currency\" content=\"EUR\" \/>\n<meta property=\"og:availability\" content=\"instock\" \/>\n<meta property=\"product:availability\" content=\"instock\" \/>\n<meta property=\"product:retailer_item_id\" content=\"A06074\" \/>\n<meta property=\"product:condition\" content=\"new\" \/>\n<!-- \/ Yoast SEO Premium plugin. -->","yoast_head_json":{"title":"STNG In-Line Terminator - NavSystems Mereelektroonika","description":"Raymarine STNG In-Line Terminator on v\u00e4ga oluline STNG (NMEA2000) v\u00f5rgu osa. STNG v\u00f5rk peab algama ja l\u00f5ppema terninaatoriga, \u00fche v\u00f5rgu kohta peab olema rangelt ainult 2 terminaatorit. In-Line terminator on juhuks kui v\u00f5rk algab v\u00f5i l\u00f5ppeb harukaabliga, siis \u00fchendatakse In-Line terminator Back-Bone kaabli otsa ja selle otsa omakorda SPUR kaabel mis l\u00e4heb otse seadmesse. Kui v\u00f5rk on valmis, siis mitte \u00fchtegi t\u00fchja sinist pesa ei saa STNG v\u00f5rgu puhul olla. K\u00f5ik kaablid ja liitmikud on v\u00e4rv-koderitud, siniseid ja valgeid kaableid ei saa STNG liitmiku valesse pesasse \u00fchendada, pinnide paigutus on erinev. Enne toote kasutamist tutvu STNG (NMEA2000) v\u00f5rgu t\u00f6\u00f6p\u00f5him\u00f5ttega. NB! STNG liitmikute sinised- ja valged mutreid tuleb keerata ainult veerand ringi. Vastavad t\u00e4histused on toote peale m\u00e4rgitud. Tutvu kindlasti ka selle toote juhenditega ja k\u00fcsimuste korral pea n\u00f5u meie spetsialistiga. STNG Terminator","robots":{"index":"index","follow":"follow","max-snippet":"max-snippet:-1","max-image-preview":"max-image-preview:large","max-video-preview":"max-video-preview:-1"},"canonical":"https:\/\/raymarine.ee\/en\/product\/stng-in-line-terminator\/","og_locale":"en_GB","og_type":"article","og_title":"STNG In-Line Terminator","og_description":"Raymarine STNG In-Line Terminator on v\u00e4ga oluline STNG (NMEA2000) v\u00f5rgu osa. STNG v\u00f5rk peab algama ja l\u00f5ppema terninaatoriga, \u00fche v\u00f5rgu kohta peab olema rangelt ainult 2 terminaatorit. In-Line terminator on juhuks kui v\u00f5rk algab v\u00f5i l\u00f5ppeb harukaabliga, siis \u00fchendatakse In-Line terminator Back-Bone kaabli otsa ja selle otsa omakorda SPUR kaabel mis l\u00e4heb otse seadmesse. Kui v\u00f5rk on valmis, siis mitte \u00fchtegi t\u00fchja sinist pesa ei saa STNG v\u00f5rgu puhul olla. K\u00f5ik kaablid ja liitmikud on v\u00e4rv-koderitud, siniseid ja valgeid kaableid ei saa STNG liitmiku valesse pesasse \u00fchendada, pinnide paigutus on erinev. Enne toote kasutamist tutvu STNG (NMEA2000) v\u00f5rgu t\u00f6\u00f6p\u00f5him\u00f5ttega. NB! STNG liitmikute sinised- ja valged mutreid tuleb keerata ainult veerand ringi. Vastavad t\u00e4histused on toote peale m\u00e4rgitud. Tutvu kindlasti ka selle toote juhenditega ja k\u00fcsimuste korral pea n\u00f5u meie spetsialistiga. STNG Terminator","og_url":"https:\/\/raymarine.ee\/en\/product\/stng-in-line-terminator\/","og_site_name":"NavSystems","article_publisher":"https:\/\/www.facebook.com\/NavSystems","article_modified_time":"2026-04-28T15:59:11+00:00","og_image":[{"width":576,"height":432,"url":"https:\/\/raymarine.ee\/wp-content\/uploads\/2026\/04\/inline-terminator.webp","type":"image\/webp"}],"twitter_card":"summary_large_image","twitter_misc":{"Price":"23,99&nbsp;&euro;","Availability":"In stock"},"schema":{"@context":"https:\/\/schema.org","@graph":[{"@type":"WebPage","@id":"https:\/\/raymarine.ee\/product\/stng-in-line-terminator\/","url":"https:\/\/raymarine.ee\/product\/stng-in-line-terminator\/","name":"STNG In-Line Terminator - NavSystems Mereelektroonika","isPartOf":{"@id":"https:\/\/raymarine.ee\/#website"},"primaryImageOfPage":{"@id":"https:\/\/raymarine.ee\/product\/stng-in-line-terminator\/#primaryimage"},"image":{"@id":"https:\/\/raymarine.ee\/product\/stng-in-line-terminator\/#primaryimage"},"thumbnailUrl":"https:\/\/raymarine.ee\/wp-content\/uploads\/2026\/04\/inline-terminator.webp","datePublished":"2026-04-28T15:32:28+00:00","dateModified":"2026-04-28T15:59:11+00:00","description":"Raymarine STNG In-Line Terminator on v\u00e4ga oluline STNG (NMEA2000) v\u00f5rgu osa. STNG v\u00f5rk peab algama ja l\u00f5ppema terninaatoriga, \u00fche v\u00f5rgu kohta peab olema rangelt ainult 2 terminaatorit. In-Line terminator on juhuks kui v\u00f5rk algab v\u00f5i l\u00f5ppeb harukaabliga, siis \u00fchendatakse In-Line terminator Back-Bone kaabli otsa ja selle otsa omakorda SPUR kaabel mis l\u00e4heb otse seadmesse. Kui v\u00f5rk on valmis, siis mitte \u00fchtegi t\u00fchja sinist pesa ei saa STNG v\u00f5rgu puhul olla. K\u00f5ik kaablid ja liitmikud on v\u00e4rv-koderitud, siniseid ja valgeid kaableid ei saa STNG liitmiku valesse pesasse \u00fchendada, pinnide paigutus on erinev. Enne toote kasutamist tutvu STNG (NMEA2000) v\u00f5rgu t\u00f6\u00f6p\u00f5him\u00f5ttega. NB! STNG liitmikute sinised- ja valged mutreid tuleb keerata ainult veerand ringi. Vastavad t\u00e4histused on toote peale m\u00e4rgitud. Tutvu kindlasti ka selle toote juhenditega ja k\u00fcsimuste korral pea n\u00f5u meie spetsialistiga. STNG Terminator","breadcrumb":{"@id":"https:\/\/raymarine.ee\/product\/stng-in-line-terminator\/#breadcrumb"},"inLanguage":"en-GB","potentialAction":[{"@type":"ReadAction","target":["https:\/\/raymarine.ee\/product\/stng-in-line-terminator\/"]}]},{"@type":"ImageObject","inLanguage":"en-GB","@id":"https:\/\/raymarine.ee\/product\/stng-in-line-terminator\/#primaryimage","url":"https:\/\/raymarine.ee\/wp-content\/uploads\/2026\/04\/inline-terminator.webp","contentUrl":"https:\/\/raymarine.ee\/wp-content\/uploads\/2026\/04\/inline-terminator.webp","width":576,"height":432,"caption":"In-Line Terminator A06074"},{"@type":"BreadcrumbList","@id":"https:\/\/raymarine.ee\/product\/stng-in-line-terminator\/#breadcrumb","itemListElement":[{"@type":"ListItem","position":1,"name":"Home","item":"https:\/\/raymarine.ee\/"},{"@type":"ListItem","position":2,"name":"Tooted","item":"https:\/\/raymarine.ee\/shop\/"},{"@type":"ListItem","position":3,"name":"STNG In-Line Terminator"}]},{"@type":"WebSite","@id":"https:\/\/raymarine.ee\/#website","url":"https:\/\/raymarine.ee\/","name":"www.raymarine.ee","description":"Mereelektroonika, kaardiplotter, autopiloot, pinnipiloot, roolipiloot, radar, AIS, VHF, Smart Wind","publisher":{"@id":"https:\/\/raymarine.ee\/#organization"},"alternateName":"Raymarine","potentialAction":[{"@type":"SearchAction","target":{"@type":"EntryPoint","urlTemplate":"https:\/\/raymarine.ee\/?s={search_term_string}"},"query-input":{"@type":"PropertyValueSpecification","valueRequired":true,"valueName":"search_term_string"}}],"inLanguage":"en-GB"},{"@type":"Organization","@id":"https:\/\/raymarine.ee\/#organization","name":"NavSystems O\u00dc","url":"https:\/\/raymarine.ee\/","logo":{"@type":"ImageObject","inLanguage":"en-GB","@id":"https:\/\/raymarine.ee\/#\/schema\/logo\/image\/","url":"https:\/\/raymarine.ee\/wp-content\/uploads\/2024\/10\/Screenshot-2024-10-15-151324_bg_removed.webp","contentUrl":"https:\/\/raymarine.ee\/wp-content\/uploads\/2024\/10\/Screenshot-2024-10-15-151324_bg_removed.webp","width":420,"height":276,"caption":"NavSystems O\u00dc"},"image":{"@id":"https:\/\/raymarine.ee\/#\/schema\/logo\/image\/"},"sameAs":["https:\/\/www.facebook.com\/NavSystems"],"legalName":"NavSystems O\u00dc","foundingDate":"2011-05-03","numberOfEmployees":{"@type":"QuantitativeValue","minValue":"1","maxValue":"10"}}]},"product_price_amount":"23.99","product_price_currency":"EUR","og_availability":"instock","product_availability":"instock","product_retailer_item_id":"A06074","product_condition":"new"},"jetpack_sharing_enabled":true,"_links":{"self":[{"href":"https:\/\/raymarine.ee\/en\/wp-json\/wp\/v2\/product\/10807","targetHints":{"allow":["GET"]}}],"collection":[{"href":"https:\/\/raymarine.ee\/en\/wp-json\/wp\/v2\/product"}],"about":[{"href":"https:\/\/raymarine.ee\/en\/wp-json\/wp\/v2\/types\/product"}],"wp:featuredmedia":[{"embeddable":true,"href":"https:\/\/raymarine.ee\/en\/wp-json\/wp\/v2\/media\/10808"}],"wp:attachment":[{"href":"https:\/\/raymarine.ee\/en\/wp-json\/wp\/v2\/media?parent=10807"}],"wp:term":[{"taxonomy":"product_brand","embeddable":true,"href":"https:\/\/raymarine.ee\/en\/wp-json\/wp\/v2\/product_brand?post=10807"},{"taxonomy":"product_cat","embeddable":true,"href":"https:\/\/raymarine.ee\/en\/wp-json\/wp\/v2\/product_cat?post=10807"},{"taxonomy":"product_tag","embeddable":true,"href":"https:\/\/raymarine.ee\/en\/wp-json\/wp\/v2\/product_tag?post=10807"}],"curies":[{"name":"wp","href":"https:\/\/api.w.org\/{rel}","templated":true}]}}