{"id":10811,"date":"2026-04-28T19:01:26","date_gmt":"2026-04-28T16:01:26","guid":{"rendered":"https:\/\/raymarine.ee\/?post_type=product&#038;p=10811"},"modified":"2026-04-28T19:13:53","modified_gmt":"2026-04-28T16:13:53","slug":"stng-backbone-extender","status":"publish","type":"product","link":"https:\/\/raymarine.ee\/en\/product\/stng-backbone-extender\/","title":{"rendered":"STNG BackBone Extender"},"content":{"rendered":"<p>STNG BackBone Extender on hea v\u00f5imalus kahe STNG BackBone kaabli j\u00e4tkamiseks. Kui \u00fcmberehituse k\u00e4igus j\u00e4\u00e4b olemasolev kaabel l\u00fchikeseks ja sellele on vaja lisada m\u00f5ni STNG BackBone kaabli jupp, siis STNG BackBone Extender on kiire ja turvaline lahendus. NB! Valget musta, ehk SPUR kaablit ei tohi pikendada, SPUR kaabli k\u00f5ige pikem liin v\u00f5ib olla 6m ja STNG Spur kaablil ja BackBone kaablil on erinev pinnide paigutus. Raymarine STNG BackBone (sinine\/must) kaabel nagu ka nimi \u00fctleb on &#8220;selgroo&#8221; kaabel. BackBone kaabel kulgeb paadis STNG v\u00f5rgu algusest l\u00f5puni ja m\u00f5istlik on v\u00f5rk koostada erinevate pikkustega kaablitest selliselt, et oleks v\u00f5imalik teha katkestused ja lisada T-liitmikuid v\u00f5i 5-Way liitmikuid kohtadesse kuhu on vaja lisada erinevaid STNG instrumente. BackBone on STNG v\u00f5rgu p\u00f5hikaabel ja v\u00f5rgu alustamiseks, j\u00e4tkamiseks v\u00f5i l\u00f5petamiseks tuleb lisada STNG terminaatorid, liitmikud ja 12V toide. STNG Siniseid ja valgeid kaableid ei saa valesti \u00fchendada, lisaks v\u00e4rvikodeeringule on STNG kaablitel ka erinev pinnide paigutus. Enne toote kasutamist tutvu STNG (NMEA2000) v\u00f5rgu t\u00f6\u00f6p\u00f5him\u00f5ttega. NB! STNG liitmike pistikupesade siniseid- ja valgeid mutreid tuleb keerata ainult veerand ringi. Vastavad t\u00e4histused on toote peale m\u00e4rgitud.<\/p>\n<p><strong>Juhendid:<\/strong><\/p>\n<p>Lae alla\u00a0<a href=\"https:\/\/raymarine.ee\/wp-content\/uploads\/2026\/04\/SeaTalkng-Reference-manual-81300-1-EN-1.pdf\" target=\"_blank\" rel=\"noopener\" data-wpel-link=\"internal\">STNG v\u00f5rgu \u00fcldine juhend<\/a><\/p>","protected":false},"excerpt":{"rendered":"<p>STNG BackBone Extender on hea v\u00f5imalus kahe STNG BackBone kaabli j\u00e4tkamiseks. Kui \u00fcmberehituse k\u00e4igus j\u00e4\u00e4b olemasolev kaabel l\u00fchikeseks ja sellele on vaja lisada m\u00f5ni STNG BackBone kaabli jupp, siis STNG BackBone Extender on kiire ja turvaline lahendus. Raymarine STNG BackBone (sinine\/must) kaabel nagu ka nimi \u00fctleb on &#8220;selgroo&#8221; kaabel. BackBone kaabel kulgeb paadis STNG v\u00f5rgu algusest l\u00f5puni ja m\u00f5istlik on v\u00f5rk koostada erinevate pikkustega kaablitest selliselt, et oleks v\u00f5imalik teha katkestused ja lisada T-liitmikuid v\u00f5i 5-Way liitmikuid kohtadesse kuhu on vaja lisada erinevaid STNG instrumente. BackBone on STNG v\u00f5rgu p\u00f5hikaabel ja v\u00f5rgu alustamiseks, j\u00e4tkamiseks v\u00f5i l\u00f5petamiseks tuleb lisada STNG terminaatorid, liitmikud ja 12V toide. STNG Siniseid ja valgeid kaableid ei saa valesti \u00fchendada, lisaks v\u00e4rvikodeeringule on STNG kaablitel ka erinev pinnide paigutus. Enne toote kasutamist tutvu STNG (NMEA2000) v\u00f5rgu t\u00f6\u00f6p\u00f5him\u00f5ttega. NB! STNG liitmike pistikupesade siniseid- ja valgeid mutreid tuleb keerata ainult veerand ringi. Vastavad t\u00e4histused on toote peale m\u00e4rgitud. Tutvu kindlasti ka selle toote ja \u00fcldise STNG v\u00f5rgu ja selle t\u00f6\u00f6p\u00f5him\u00f5tte juhenditega, k\u00fcsimuste korral pea n\u00f5u meie spetsialistiga.<\/p>\n<p>&nbsp;<\/p>","protected":false},"featured_media":10812,"template":"","meta":{"_acf_changed":false},"product_brand":[134],"product_cat":[72,83],"product_tag":[],"class_list":{"0":"post-10811","1":"product","2":"type-product","3":"status-publish","4":"has-post-thumbnail","6":"product_brand-raymarine","7":"product_cat-tarvikud","8":"product_cat-stng_tarvikud","10":"first","11":"instock","12":"sale","13":"taxable","14":"shipping-taxable","15":"purchasable","16":"product-type-simple"},"acf":[],"yoast_head":"<!-- This site is optimized with the Yoast SEO Premium plugin v27.5 (Yoast SEO v27.5) - https:\/\/yoast.com\/product\/yoast-seo-premium-wordpress\/ -->\n<title>STNG BackBone Extender - NavSystems Mereelektroonika<\/title>\n<meta name=\"description\" content=\"STNG BackBone Extender on hea v\u00f5imalus kahe STNG BackBone kaabli j\u00e4tkamiseks. Kui \u00fcmberehituse k\u00e4igus j\u00e4\u00e4b olemasolev kaabel l\u00fchikeseks ja sellele on vaja lisada m\u00f5ni STNG BackBone kaabli jupp, siis STNG BackBone Extender on kiire ja turvaline lahendus. Raymarine STNG BackBone (sinine\/must) kaabel nagu ka nimi \u00fctleb on &quot;selgroo&quot; kaabel. BackBone kaabel kulgeb paadis STNG v\u00f5rgu algusest l\u00f5puni ja m\u00f5istlik on v\u00f5rk koostada erinevate pikkustega kaablitest selliselt, et oleks v\u00f5imalik teha katkestused ja lisada T-liitmikuid v\u00f5i 5-Way liitmikuid kohtadesse kuhu on vaja lisada erinevaid STNG instrumente. BackBone on STNG v\u00f5rgu p\u00f5hikaabel ja v\u00f5rgu alustamiseks, j\u00e4tkamiseks v\u00f5i l\u00f5petamiseks tuleb lisada STNG terminaatorid, liitmikud ja 12V toide. STNG Siniseid ja valgeid kaableid ei saa valesti \u00fchendada, lisaks v\u00e4rvikodeeringule on STNG kaablitel ka erinev pinnide paigutus. Enne toote kasutamist tutvu STNG (NMEA2000) v\u00f5rgu t\u00f6\u00f6p\u00f5him\u00f5ttega. NB! STNG liitmike pistikupesade siniseid- ja valgeid mutreid tuleb keerata ainult veerand ringi. Vastavad t\u00e4histused on toote peale m\u00e4rgitud. Tutvu kindlasti ka selle toote ja \u00fcldise STNG v\u00f5rgu ja selle t\u00f6\u00f6p\u00f5him\u00f5tte juhenditega, k\u00fcsimuste korral pea n\u00f5u meie spetsialistiga.  &nbsp;\" \/>\n<meta name=\"robots\" content=\"index, follow, max-snippet:-1, max-image-preview:large, max-video-preview:-1\" \/>\n<link rel=\"canonical\" href=\"https:\/\/raymarine.ee\/en\/product\/stng-backbone-extender\/\" \/>\n<meta property=\"og:locale\" content=\"en_GB\" \/>\n<meta property=\"og:type\" content=\"article\" \/>\n<meta property=\"og:title\" content=\"STNG BackBone Extender\" \/>\n<meta property=\"og:description\" content=\"STNG BackBone Extender on hea v\u00f5imalus kahe STNG BackBone kaabli j\u00e4tkamiseks. Kui \u00fcmberehituse k\u00e4igus j\u00e4\u00e4b olemasolev kaabel l\u00fchikeseks ja sellele on vaja lisada m\u00f5ni STNG BackBone kaabli jupp, siis STNG BackBone Extender on kiire ja turvaline lahendus. Raymarine STNG BackBone (sinine\/must) kaabel nagu ka nimi \u00fctleb on &quot;selgroo&quot; kaabel. BackBone kaabel kulgeb paadis STNG v\u00f5rgu algusest l\u00f5puni ja m\u00f5istlik on v\u00f5rk koostada erinevate pikkustega kaablitest selliselt, et oleks v\u00f5imalik teha katkestused ja lisada T-liitmikuid v\u00f5i 5-Way liitmikuid kohtadesse kuhu on vaja lisada erinevaid STNG instrumente. BackBone on STNG v\u00f5rgu p\u00f5hikaabel ja v\u00f5rgu alustamiseks, j\u00e4tkamiseks v\u00f5i l\u00f5petamiseks tuleb lisada STNG terminaatorid, liitmikud ja 12V toide. STNG Siniseid ja valgeid kaableid ei saa valesti \u00fchendada, lisaks v\u00e4rvikodeeringule on STNG kaablitel ka erinev pinnide paigutus. Enne toote kasutamist tutvu STNG (NMEA2000) v\u00f5rgu t\u00f6\u00f6p\u00f5him\u00f5ttega. NB! STNG liitmike pistikupesade siniseid- ja valgeid mutreid tuleb keerata ainult veerand ringi. Vastavad t\u00e4histused on toote peale m\u00e4rgitud. Tutvu kindlasti ka selle toote ja \u00fcldise STNG v\u00f5rgu ja selle t\u00f6\u00f6p\u00f5him\u00f5tte juhenditega, k\u00fcsimuste korral pea n\u00f5u meie spetsialistiga.  &nbsp;\" \/>\n<meta property=\"og:url\" content=\"https:\/\/raymarine.ee\/en\/product\/stng-backbone-extender\/\" \/>\n<meta property=\"og:site_name\" content=\"NavSystems\" \/>\n<meta property=\"article:publisher\" content=\"https:\/\/www.facebook.com\/NavSystems\" \/>\n<meta property=\"article:modified_time\" content=\"2026-04-28T16:13:53+00:00\" \/>\n<meta property=\"og:image\" content=\"https:\/\/raymarine.ee\/wp-content\/uploads\/2026\/04\/raymarine-A06930-seatalkng-backbone-connector.jpg\" \/>\n\t<meta property=\"og:image:width\" content=\"840\" \/>\n\t<meta property=\"og:image:height\" content=\"600\" \/>\n\t<meta property=\"og:image:type\" content=\"image\/jpeg\" \/>\n<meta name=\"twitter:card\" content=\"summary_large_image\" \/>\n<meta name=\"twitter:label1\" content=\"Price\" \/>\n\t<meta name=\"twitter:data1\" content=\"23,90&nbsp;&euro;\" \/>\n\t<meta name=\"twitter:label2\" content=\"Availability\" \/>\n\t<meta name=\"twitter:data2\" content=\"In stock\" \/>\n<script type=\"application\/ld+json\" class=\"yoast-schema-graph\">{\"@context\":\"https:\\\/\\\/schema.org\",\"@graph\":[{\"@type\":\"WebPage\",\"@id\":\"https:\\\/\\\/raymarine.ee\\\/product\\\/stng-backbone-extender\\\/\",\"url\":\"https:\\\/\\\/raymarine.ee\\\/product\\\/stng-backbone-extender\\\/\",\"name\":\"STNG BackBone Extender - NavSystems Mereelektroonika\",\"isPartOf\":{\"@id\":\"https:\\\/\\\/raymarine.ee\\\/#website\"},\"primaryImageOfPage\":{\"@id\":\"https:\\\/\\\/raymarine.ee\\\/product\\\/stng-backbone-extender\\\/#primaryimage\"},\"image\":{\"@id\":\"https:\\\/\\\/raymarine.ee\\\/product\\\/stng-backbone-extender\\\/#primaryimage\"},\"thumbnailUrl\":\"https:\\\/\\\/raymarine.ee\\\/wp-content\\\/uploads\\\/2026\\\/04\\\/raymarine-A06930-seatalkng-backbone-connector.jpg\",\"datePublished\":\"2026-04-28T16:01:26+00:00\",\"dateModified\":\"2026-04-28T16:13:53+00:00\",\"description\":\"STNG BackBone Extender on hea v\u00f5imalus kahe STNG BackBone kaabli j\u00e4tkamiseks. Kui \u00fcmberehituse k\u00e4igus j\u00e4\u00e4b olemasolev kaabel l\u00fchikeseks ja sellele on vaja lisada m\u00f5ni STNG BackBone kaabli jupp, siis STNG BackBone Extender on kiire ja turvaline lahendus. Raymarine STNG BackBone (sinine\\\/must) kaabel nagu ka nimi \u00fctleb on \\\"selgroo\\\" kaabel. BackBone kaabel kulgeb paadis STNG v\u00f5rgu algusest l\u00f5puni ja m\u00f5istlik on v\u00f5rk koostada erinevate pikkustega kaablitest selliselt, et oleks v\u00f5imalik teha katkestused ja lisada T-liitmikuid v\u00f5i 5-Way liitmikuid kohtadesse kuhu on vaja lisada erinevaid STNG instrumente. BackBone on STNG v\u00f5rgu p\u00f5hikaabel ja v\u00f5rgu alustamiseks, j\u00e4tkamiseks v\u00f5i l\u00f5petamiseks tuleb lisada STNG terminaatorid, liitmikud ja 12V toide. STNG Siniseid ja valgeid kaableid ei saa valesti \u00fchendada, lisaks v\u00e4rvikodeeringule on STNG kaablitel ka erinev pinnide paigutus. Enne toote kasutamist tutvu STNG (NMEA2000) v\u00f5rgu t\u00f6\u00f6p\u00f5him\u00f5ttega. NB! STNG liitmike pistikupesade siniseid- ja valgeid mutreid tuleb keerata ainult veerand ringi. Vastavad t\u00e4histused on toote peale m\u00e4rgitud. Tutvu kindlasti ka selle toote ja \u00fcldise STNG v\u00f5rgu ja selle t\u00f6\u00f6p\u00f5him\u00f5tte juhenditega, k\u00fcsimuste korral pea n\u00f5u meie spetsialistiga. &nbsp;\",\"breadcrumb\":{\"@id\":\"https:\\\/\\\/raymarine.ee\\\/product\\\/stng-backbone-extender\\\/#breadcrumb\"},\"inLanguage\":\"en-GB\",\"potentialAction\":[{\"@type\":\"ReadAction\",\"target\":[\"https:\\\/\\\/raymarine.ee\\\/product\\\/stng-backbone-extender\\\/\"]}]},{\"@type\":\"ImageObject\",\"inLanguage\":\"en-GB\",\"@id\":\"https:\\\/\\\/raymarine.ee\\\/product\\\/stng-backbone-extender\\\/#primaryimage\",\"url\":\"https:\\\/\\\/raymarine.ee\\\/wp-content\\\/uploads\\\/2026\\\/04\\\/raymarine-A06930-seatalkng-backbone-connector.jpg\",\"contentUrl\":\"https:\\\/\\\/raymarine.ee\\\/wp-content\\\/uploads\\\/2026\\\/04\\\/raymarine-A06930-seatalkng-backbone-connector.jpg\",\"width\":840,\"height\":600,\"caption\":\"raymarine-A06030 seatalkng-backbone-extender\"},{\"@type\":\"BreadcrumbList\",\"@id\":\"https:\\\/\\\/raymarine.ee\\\/product\\\/stng-backbone-extender\\\/#breadcrumb\",\"itemListElement\":[{\"@type\":\"ListItem\",\"position\":1,\"name\":\"Home\",\"item\":\"https:\\\/\\\/raymarine.ee\\\/\"},{\"@type\":\"ListItem\",\"position\":2,\"name\":\"Tooted\",\"item\":\"https:\\\/\\\/raymarine.ee\\\/shop\\\/\"},{\"@type\":\"ListItem\",\"position\":3,\"name\":\"STNG BackBone Extender\"}]},{\"@type\":\"WebSite\",\"@id\":\"https:\\\/\\\/raymarine.ee\\\/#website\",\"url\":\"https:\\\/\\\/raymarine.ee\\\/\",\"name\":\"www.raymarine.ee\",\"description\":\"Mereelektroonika, kaardiplotter, autopiloot, pinnipiloot, roolipiloot, radar, AIS, VHF, Smart Wind\",\"publisher\":{\"@id\":\"https:\\\/\\\/raymarine.ee\\\/#organization\"},\"alternateName\":\"Raymarine\",\"potentialAction\":[{\"@type\":\"SearchAction\",\"target\":{\"@type\":\"EntryPoint\",\"urlTemplate\":\"https:\\\/\\\/raymarine.ee\\\/?s={search_term_string}\"},\"query-input\":{\"@type\":\"PropertyValueSpecification\",\"valueRequired\":true,\"valueName\":\"search_term_string\"}}],\"inLanguage\":\"en-GB\"},{\"@type\":\"Organization\",\"@id\":\"https:\\\/\\\/raymarine.ee\\\/#organization\",\"name\":\"NavSystems O\u00dc\",\"url\":\"https:\\\/\\\/raymarine.ee\\\/\",\"logo\":{\"@type\":\"ImageObject\",\"inLanguage\":\"en-GB\",\"@id\":\"https:\\\/\\\/raymarine.ee\\\/#\\\/schema\\\/logo\\\/image\\\/\",\"url\":\"https:\\\/\\\/raymarine.ee\\\/wp-content\\\/uploads\\\/2024\\\/10\\\/Screenshot-2024-10-15-151324_bg_removed.webp\",\"contentUrl\":\"https:\\\/\\\/raymarine.ee\\\/wp-content\\\/uploads\\\/2024\\\/10\\\/Screenshot-2024-10-15-151324_bg_removed.webp\",\"width\":420,\"height\":276,\"caption\":\"NavSystems O\u00dc\"},\"image\":{\"@id\":\"https:\\\/\\\/raymarine.ee\\\/#\\\/schema\\\/logo\\\/image\\\/\"},\"sameAs\":[\"https:\\\/\\\/www.facebook.com\\\/NavSystems\"],\"legalName\":\"NavSystems O\u00dc\",\"foundingDate\":\"2011-05-03\",\"numberOfEmployees\":{\"@type\":\"QuantitativeValue\",\"minValue\":\"1\",\"maxValue\":\"10\"}}]}<\/script>\n<meta property=\"product:price:amount\" content=\"23.90\" \/>\n<meta property=\"product:price:currency\" content=\"EUR\" \/>\n<meta property=\"og:availability\" content=\"instock\" \/>\n<meta property=\"product:availability\" content=\"instock\" \/>\n<meta property=\"product:retailer_item_id\" content=\"A06030\" \/>\n<meta property=\"product:condition\" content=\"new\" \/>\n<!-- \/ Yoast SEO Premium plugin. -->","yoast_head_json":{"title":"STNG BackBone Extender - NavSystems Mereelektroonika","description":"STNG BackBone Extender on hea v\u00f5imalus kahe STNG BackBone kaabli j\u00e4tkamiseks. Kui \u00fcmberehituse k\u00e4igus j\u00e4\u00e4b olemasolev kaabel l\u00fchikeseks ja sellele on vaja lisada m\u00f5ni STNG BackBone kaabli jupp, siis STNG BackBone Extender on kiire ja turvaline lahendus. Raymarine STNG BackBone (sinine\/must) kaabel nagu ka nimi \u00fctleb on \"selgroo\" kaabel. BackBone kaabel kulgeb paadis STNG v\u00f5rgu algusest l\u00f5puni ja m\u00f5istlik on v\u00f5rk koostada erinevate pikkustega kaablitest selliselt, et oleks v\u00f5imalik teha katkestused ja lisada T-liitmikuid v\u00f5i 5-Way liitmikuid kohtadesse kuhu on vaja lisada erinevaid STNG instrumente. BackBone on STNG v\u00f5rgu p\u00f5hikaabel ja v\u00f5rgu alustamiseks, j\u00e4tkamiseks v\u00f5i l\u00f5petamiseks tuleb lisada STNG terminaatorid, liitmikud ja 12V toide. STNG Siniseid ja valgeid kaableid ei saa valesti \u00fchendada, lisaks v\u00e4rvikodeeringule on STNG kaablitel ka erinev pinnide paigutus. Enne toote kasutamist tutvu STNG (NMEA2000) v\u00f5rgu t\u00f6\u00f6p\u00f5him\u00f5ttega. NB! STNG liitmike pistikupesade siniseid- ja valgeid mutreid tuleb keerata ainult veerand ringi. Vastavad t\u00e4histused on toote peale m\u00e4rgitud. Tutvu kindlasti ka selle toote ja \u00fcldise STNG v\u00f5rgu ja selle t\u00f6\u00f6p\u00f5him\u00f5tte juhenditega, k\u00fcsimuste korral pea n\u00f5u meie spetsialistiga.  &nbsp;","robots":{"index":"index","follow":"follow","max-snippet":"max-snippet:-1","max-image-preview":"max-image-preview:large","max-video-preview":"max-video-preview:-1"},"canonical":"https:\/\/raymarine.ee\/en\/product\/stng-backbone-extender\/","og_locale":"en_GB","og_type":"article","og_title":"STNG BackBone Extender","og_description":"STNG BackBone Extender on hea v\u00f5imalus kahe STNG BackBone kaabli j\u00e4tkamiseks. Kui \u00fcmberehituse k\u00e4igus j\u00e4\u00e4b olemasolev kaabel l\u00fchikeseks ja sellele on vaja lisada m\u00f5ni STNG BackBone kaabli jupp, siis STNG BackBone Extender on kiire ja turvaline lahendus. Raymarine STNG BackBone (sinine\/must) kaabel nagu ka nimi \u00fctleb on \"selgroo\" kaabel. BackBone kaabel kulgeb paadis STNG v\u00f5rgu algusest l\u00f5puni ja m\u00f5istlik on v\u00f5rk koostada erinevate pikkustega kaablitest selliselt, et oleks v\u00f5imalik teha katkestused ja lisada T-liitmikuid v\u00f5i 5-Way liitmikuid kohtadesse kuhu on vaja lisada erinevaid STNG instrumente. BackBone on STNG v\u00f5rgu p\u00f5hikaabel ja v\u00f5rgu alustamiseks, j\u00e4tkamiseks v\u00f5i l\u00f5petamiseks tuleb lisada STNG terminaatorid, liitmikud ja 12V toide. STNG Siniseid ja valgeid kaableid ei saa valesti \u00fchendada, lisaks v\u00e4rvikodeeringule on STNG kaablitel ka erinev pinnide paigutus. Enne toote kasutamist tutvu STNG (NMEA2000) v\u00f5rgu t\u00f6\u00f6p\u00f5him\u00f5ttega. NB! STNG liitmike pistikupesade siniseid- ja valgeid mutreid tuleb keerata ainult veerand ringi. Vastavad t\u00e4histused on toote peale m\u00e4rgitud. Tutvu kindlasti ka selle toote ja \u00fcldise STNG v\u00f5rgu ja selle t\u00f6\u00f6p\u00f5him\u00f5tte juhenditega, k\u00fcsimuste korral pea n\u00f5u meie spetsialistiga.  &nbsp;","og_url":"https:\/\/raymarine.ee\/en\/product\/stng-backbone-extender\/","og_site_name":"NavSystems","article_publisher":"https:\/\/www.facebook.com\/NavSystems","article_modified_time":"2026-04-28T16:13:53+00:00","og_image":[{"width":840,"height":600,"url":"https:\/\/raymarine.ee\/wp-content\/uploads\/2026\/04\/raymarine-A06930-seatalkng-backbone-connector.jpg","type":"image\/jpeg"}],"twitter_card":"summary_large_image","twitter_misc":{"Price":"23,90&nbsp;&euro;","Availability":"In stock"},"schema":{"@context":"https:\/\/schema.org","@graph":[{"@type":"WebPage","@id":"https:\/\/raymarine.ee\/product\/stng-backbone-extender\/","url":"https:\/\/raymarine.ee\/product\/stng-backbone-extender\/","name":"STNG BackBone Extender - NavSystems Mereelektroonika","isPartOf":{"@id":"https:\/\/raymarine.ee\/#website"},"primaryImageOfPage":{"@id":"https:\/\/raymarine.ee\/product\/stng-backbone-extender\/#primaryimage"},"image":{"@id":"https:\/\/raymarine.ee\/product\/stng-backbone-extender\/#primaryimage"},"thumbnailUrl":"https:\/\/raymarine.ee\/wp-content\/uploads\/2026\/04\/raymarine-A06930-seatalkng-backbone-connector.jpg","datePublished":"2026-04-28T16:01:26+00:00","dateModified":"2026-04-28T16:13:53+00:00","description":"STNG BackBone Extender on hea v\u00f5imalus kahe STNG BackBone kaabli j\u00e4tkamiseks. Kui \u00fcmberehituse k\u00e4igus j\u00e4\u00e4b olemasolev kaabel l\u00fchikeseks ja sellele on vaja lisada m\u00f5ni STNG BackBone kaabli jupp, siis STNG BackBone Extender on kiire ja turvaline lahendus. Raymarine STNG BackBone (sinine\/must) kaabel nagu ka nimi \u00fctleb on \"selgroo\" kaabel. BackBone kaabel kulgeb paadis STNG v\u00f5rgu algusest l\u00f5puni ja m\u00f5istlik on v\u00f5rk koostada erinevate pikkustega kaablitest selliselt, et oleks v\u00f5imalik teha katkestused ja lisada T-liitmikuid v\u00f5i 5-Way liitmikuid kohtadesse kuhu on vaja lisada erinevaid STNG instrumente. BackBone on STNG v\u00f5rgu p\u00f5hikaabel ja v\u00f5rgu alustamiseks, j\u00e4tkamiseks v\u00f5i l\u00f5petamiseks tuleb lisada STNG terminaatorid, liitmikud ja 12V toide. STNG Siniseid ja valgeid kaableid ei saa valesti \u00fchendada, lisaks v\u00e4rvikodeeringule on STNG kaablitel ka erinev pinnide paigutus. Enne toote kasutamist tutvu STNG (NMEA2000) v\u00f5rgu t\u00f6\u00f6p\u00f5him\u00f5ttega. NB! STNG liitmike pistikupesade siniseid- ja valgeid mutreid tuleb keerata ainult veerand ringi. Vastavad t\u00e4histused on toote peale m\u00e4rgitud. Tutvu kindlasti ka selle toote ja \u00fcldise STNG v\u00f5rgu ja selle t\u00f6\u00f6p\u00f5him\u00f5tte juhenditega, k\u00fcsimuste korral pea n\u00f5u meie spetsialistiga. &nbsp;","breadcrumb":{"@id":"https:\/\/raymarine.ee\/product\/stng-backbone-extender\/#breadcrumb"},"inLanguage":"en-GB","potentialAction":[{"@type":"ReadAction","target":["https:\/\/raymarine.ee\/product\/stng-backbone-extender\/"]}]},{"@type":"ImageObject","inLanguage":"en-GB","@id":"https:\/\/raymarine.ee\/product\/stng-backbone-extender\/#primaryimage","url":"https:\/\/raymarine.ee\/wp-content\/uploads\/2026\/04\/raymarine-A06930-seatalkng-backbone-connector.jpg","contentUrl":"https:\/\/raymarine.ee\/wp-content\/uploads\/2026\/04\/raymarine-A06930-seatalkng-backbone-connector.jpg","width":840,"height":600,"caption":"raymarine-A06030 seatalkng-backbone-extender"},{"@type":"BreadcrumbList","@id":"https:\/\/raymarine.ee\/product\/stng-backbone-extender\/#breadcrumb","itemListElement":[{"@type":"ListItem","position":1,"name":"Home","item":"https:\/\/raymarine.ee\/"},{"@type":"ListItem","position":2,"name":"Tooted","item":"https:\/\/raymarine.ee\/shop\/"},{"@type":"ListItem","position":3,"name":"STNG BackBone Extender"}]},{"@type":"WebSite","@id":"https:\/\/raymarine.ee\/#website","url":"https:\/\/raymarine.ee\/","name":"www.raymarine.ee","description":"Mereelektroonika, kaardiplotter, autopiloot, pinnipiloot, roolipiloot, radar, AIS, VHF, Smart Wind","publisher":{"@id":"https:\/\/raymarine.ee\/#organization"},"alternateName":"Raymarine","potentialAction":[{"@type":"SearchAction","target":{"@type":"EntryPoint","urlTemplate":"https:\/\/raymarine.ee\/?s={search_term_string}"},"query-input":{"@type":"PropertyValueSpecification","valueRequired":true,"valueName":"search_term_string"}}],"inLanguage":"en-GB"},{"@type":"Organization","@id":"https:\/\/raymarine.ee\/#organization","name":"NavSystems O\u00dc","url":"https:\/\/raymarine.ee\/","logo":{"@type":"ImageObject","inLanguage":"en-GB","@id":"https:\/\/raymarine.ee\/#\/schema\/logo\/image\/","url":"https:\/\/raymarine.ee\/wp-content\/uploads\/2024\/10\/Screenshot-2024-10-15-151324_bg_removed.webp","contentUrl":"https:\/\/raymarine.ee\/wp-content\/uploads\/2024\/10\/Screenshot-2024-10-15-151324_bg_removed.webp","width":420,"height":276,"caption":"NavSystems O\u00dc"},"image":{"@id":"https:\/\/raymarine.ee\/#\/schema\/logo\/image\/"},"sameAs":["https:\/\/www.facebook.com\/NavSystems"],"legalName":"NavSystems O\u00dc","foundingDate":"2011-05-03","numberOfEmployees":{"@type":"QuantitativeValue","minValue":"1","maxValue":"10"}}]},"product_price_amount":"23.90","product_price_currency":"EUR","og_availability":"instock","product_availability":"instock","product_retailer_item_id":"A06030","product_condition":"new"},"jetpack_sharing_enabled":true,"_links":{"self":[{"href":"https:\/\/raymarine.ee\/en\/wp-json\/wp\/v2\/product\/10811","targetHints":{"allow":["GET"]}}],"collection":[{"href":"https:\/\/raymarine.ee\/en\/wp-json\/wp\/v2\/product"}],"about":[{"href":"https:\/\/raymarine.ee\/en\/wp-json\/wp\/v2\/types\/product"}],"wp:featuredmedia":[{"embeddable":true,"href":"https:\/\/raymarine.ee\/en\/wp-json\/wp\/v2\/media\/10812"}],"wp:attachment":[{"href":"https:\/\/raymarine.ee\/en\/wp-json\/wp\/v2\/media?parent=10811"}],"wp:term":[{"taxonomy":"product_brand","embeddable":true,"href":"https:\/\/raymarine.ee\/en\/wp-json\/wp\/v2\/product_brand?post=10811"},{"taxonomy":"product_cat","embeddable":true,"href":"https:\/\/raymarine.ee\/en\/wp-json\/wp\/v2\/product_cat?post=10811"},{"taxonomy":"product_tag","embeddable":true,"href":"https:\/\/raymarine.ee\/en\/wp-json\/wp\/v2\/product_tag?post=10811"}],"curies":[{"name":"wp","href":"https:\/\/api.w.org\/{rel}","templated":true}]}}