{"id":10895,"date":"2026-04-30T09:20:59","date_gmt":"2026-04-30T06:20:59","guid":{"rendered":"https:\/\/raymarine.ee\/?post_type=product&#038;p=10895"},"modified":"2026-04-30T09:43:42","modified_gmt":"2026-04-30T06:43:42","slug":"quantum-radari-mastikinnitus-sc20-kopeeri","status":"publish","type":"product","link":"https:\/\/raymarine.ee\/en\/product\/quantum-radari-mastikinnitus-sc20-kopeeri\/","title":{"rendered":"PT2001 COMPOSITE POWERTOWER 350mm"},"content":{"rendered":"<p><strong>PT2001 COMPOSITE POWERTOWER\u00ae<\/strong><br \/>\n350mm (14\u2033) Composite PowerTower\u00ae for 2kW \/ 4kW Raymarine; Garmin and Navico BR24 \/ 3G \/ 4G radomes<\/p>\n<p><strong>FEATURES<\/strong><\/p>\n<p>WATERPROOF INSTALLATION<br \/>\nPre-fitted IP65 gland to seal cable entry into the stem and a watertight base seal included.<\/p>\n<p>EASE OF INSTALL<br \/>\nPre-drilled mounting holes; the antenna attaches to the PowerTower top plate using mounting bolts.<\/p>\n<p>Aesthetic single-piece moulding<br \/>\nCurves and strength to suit any boat with a 30\u00b0 aft-leaning profile to complement any powerboat.<\/p>\n<p>CHOICE OF 2 OTHER MATERIALS:<br \/>\n\u2022 Aluminium PowerTower \u2013 Bespoke extrusion \u2013 strength, good looks and choice<br \/>\n\u2022 Stainless PowerTower \u2013 Marine-grade stainless steel \u2013 traditional look, mirror finish<\/p>","protected":false},"excerpt":{"rendered":"<p><strong>PT2001 COMPOSITE POWERTOWER\u00ae<\/strong><br \/>\n350mm (14\u2033) Composite PowerTower\u00ae for 2kW \/ 4kW Raymarine; Garmin and Navico BR24 \/ 3G \/ 4G radomes<\/p>\n<p><strong>FEATURES<\/strong><\/p>\n<p>WATERPROOF INSTALLATION<br \/>\nPre-fitted IP65 gland to seal cable entry into the stem and a watertight base seal included.<\/p>\n<p>EASE OF INSTALL<br \/>\nPre-drilled mounting holes; the antenna attaches to the PowerTower top plate using mounting bolts.<\/p>\n<p>Aesthetic single-piece moulding<br \/>\nCurves and strength to suit any boat with a 30\u00b0 aft-leaning profile to complement any powerboat.<\/p>\n<p>CHOICE OF 2 OTHER MATERIALS:<br \/>\n\u2022 Aluminium PowerTower \u2013 Bespoke extrusion \u2013 strength, good looks and choice<br \/>\n\u2022 Stainless PowerTower \u2013 Marine-grade stainless steel \u2013 traditional look, mirror finish<\/p>","protected":false},"featured_media":10896,"template":"","meta":{"_acf_changed":false},"product_brand":[134],"product_cat":[82,129],"product_tag":[],"class_list":{"0":"post-10895","1":"product","2":"type-product","3":"status-publish","4":"has-post-thumbnail","6":"product_brand-raymarine","7":"product_cat-radaritarvikud","8":"product_cat-scanstrut","10":"first","11":"instock","12":"sale","13":"featured","14":"taxable","15":"shipping-taxable","16":"purchasable","17":"product-type-simple"},"acf":[],"yoast_head":"<!-- This site is optimized with the Yoast SEO Premium plugin v27.5 (Yoast SEO v27.5) - https:\/\/yoast.com\/product\/yoast-seo-premium-wordpress\/ -->\n<title>Radari mastikinnitus: Parim valik teie purjepaadile - NavSystems Mereelektroonika<\/title>\n<meta name=\"description\" content=\"Vajad usaldusv\u00e4\u00e4rset Quantum Radari mastikinnitust purjepaadile? Meie toode pakub parimat kvaliteeti ja tugevust. Tellige n\u00fc\u00fcd!\" \/>\n<meta name=\"robots\" content=\"index, follow, max-snippet:-1, max-image-preview:large, max-video-preview:-1\" \/>\n<link rel=\"canonical\" href=\"https:\/\/raymarine.ee\/en\/product\/quantum-radari-mastikinnitus-sc20-kopeeri\/\" \/>\n<meta property=\"og:locale\" content=\"en_GB\" \/>\n<meta property=\"og:type\" content=\"article\" \/>\n<meta property=\"og:title\" content=\"PT2001 COMPOSITE POWERTOWER 350mm\" \/>\n<meta property=\"og:description\" content=\"Vajad usaldusv\u00e4\u00e4rset Quantum Radari mastikinnitust purjepaadile? Meie toode pakub parimat kvaliteeti ja tugevust. Tellige n\u00fc\u00fcd!\" \/>\n<meta property=\"og:url\" content=\"https:\/\/raymarine.ee\/en\/product\/quantum-radari-mastikinnitus-sc20-kopeeri\/\" \/>\n<meta property=\"og:site_name\" content=\"NavSystems\" \/>\n<meta property=\"article:publisher\" content=\"https:\/\/www.facebook.com\/NavSystems\" \/>\n<meta property=\"article:modified_time\" content=\"2026-04-30T06:43:42+00:00\" \/>\n<meta property=\"og:image\" content=\"https:\/\/raymarine.ee\/wp-content\/uploads\/2026\/04\/pt2001-350mm-composite-power-tower.jpg\" \/>\n\t<meta property=\"og:image:width\" content=\"800\" \/>\n\t<meta property=\"og:image:height\" content=\"800\" \/>\n\t<meta property=\"og:image:type\" content=\"image\/jpeg\" \/>\n<meta name=\"twitter:card\" content=\"summary_large_image\" \/>\n<meta name=\"twitter:label1\" content=\"Price\" \/>\n\t<meta name=\"twitter:data1\" content=\"759,81&nbsp;&euro;\" \/>\n\t<meta name=\"twitter:label2\" content=\"Availability\" \/>\n\t<meta name=\"twitter:data2\" content=\"In stock\" \/>\n<script type=\"application\/ld+json\" class=\"yoast-schema-graph\">{\"@context\":\"https:\\\/\\\/schema.org\",\"@graph\":[{\"@type\":\"WebPage\",\"@id\":\"https:\\\/\\\/raymarine.ee\\\/product\\\/quantum-radari-mastikinnitus-sc20-kopeeri\\\/\",\"url\":\"https:\\\/\\\/raymarine.ee\\\/product\\\/quantum-radari-mastikinnitus-sc20-kopeeri\\\/\",\"name\":\"Radari mastikinnitus: Parim valik teie purjepaadile - NavSystems Mereelektroonika\",\"isPartOf\":{\"@id\":\"https:\\\/\\\/raymarine.ee\\\/#website\"},\"primaryImageOfPage\":{\"@id\":\"https:\\\/\\\/raymarine.ee\\\/product\\\/quantum-radari-mastikinnitus-sc20-kopeeri\\\/#primaryimage\"},\"image\":{\"@id\":\"https:\\\/\\\/raymarine.ee\\\/product\\\/quantum-radari-mastikinnitus-sc20-kopeeri\\\/#primaryimage\"},\"thumbnailUrl\":\"https:\\\/\\\/raymarine.ee\\\/wp-content\\\/uploads\\\/2026\\\/04\\\/pt2001-350mm-composite-power-tower.jpg\",\"datePublished\":\"2026-04-30T06:20:59+00:00\",\"dateModified\":\"2026-04-30T06:43:42+00:00\",\"description\":\"Vajad usaldusv\u00e4\u00e4rset Quantum Radari mastikinnitust purjepaadile? Meie toode pakub parimat kvaliteeti ja tugevust. Tellige n\u00fc\u00fcd!\",\"breadcrumb\":{\"@id\":\"https:\\\/\\\/raymarine.ee\\\/product\\\/quantum-radari-mastikinnitus-sc20-kopeeri\\\/#breadcrumb\"},\"inLanguage\":\"en-GB\",\"potentialAction\":[{\"@type\":\"ReadAction\",\"target\":[\"https:\\\/\\\/raymarine.ee\\\/product\\\/quantum-radari-mastikinnitus-sc20-kopeeri\\\/\"]}]},{\"@type\":\"ImageObject\",\"inLanguage\":\"en-GB\",\"@id\":\"https:\\\/\\\/raymarine.ee\\\/product\\\/quantum-radari-mastikinnitus-sc20-kopeeri\\\/#primaryimage\",\"url\":\"https:\\\/\\\/raymarine.ee\\\/wp-content\\\/uploads\\\/2026\\\/04\\\/pt2001-350mm-composite-power-tower.jpg\",\"contentUrl\":\"https:\\\/\\\/raymarine.ee\\\/wp-content\\\/uploads\\\/2026\\\/04\\\/pt2001-350mm-composite-power-tower.jpg\",\"width\":800,\"height\":800,\"caption\":\"pt2001-X10012-SCA-350mm-composite-power-tower\"},{\"@type\":\"BreadcrumbList\",\"@id\":\"https:\\\/\\\/raymarine.ee\\\/product\\\/quantum-radari-mastikinnitus-sc20-kopeeri\\\/#breadcrumb\",\"itemListElement\":[{\"@type\":\"ListItem\",\"position\":1,\"name\":\"Home\",\"item\":\"https:\\\/\\\/raymarine.ee\\\/\"},{\"@type\":\"ListItem\",\"position\":2,\"name\":\"Tooted\",\"item\":\"https:\\\/\\\/raymarine.ee\\\/shop\\\/\"},{\"@type\":\"ListItem\",\"position\":3,\"name\":\"PT2001 COMPOSITE POWERTOWER 350mm\"}]},{\"@type\":\"WebSite\",\"@id\":\"https:\\\/\\\/raymarine.ee\\\/#website\",\"url\":\"https:\\\/\\\/raymarine.ee\\\/\",\"name\":\"www.raymarine.ee\",\"description\":\"Mereelektroonika, kaardiplotter, autopiloot, pinnipiloot, roolipiloot, radar, AIS, VHF, Smart Wind\",\"publisher\":{\"@id\":\"https:\\\/\\\/raymarine.ee\\\/#organization\"},\"alternateName\":\"Raymarine\",\"potentialAction\":[{\"@type\":\"SearchAction\",\"target\":{\"@type\":\"EntryPoint\",\"urlTemplate\":\"https:\\\/\\\/raymarine.ee\\\/?s={search_term_string}\"},\"query-input\":{\"@type\":\"PropertyValueSpecification\",\"valueRequired\":true,\"valueName\":\"search_term_string\"}}],\"inLanguage\":\"en-GB\"},{\"@type\":\"Organization\",\"@id\":\"https:\\\/\\\/raymarine.ee\\\/#organization\",\"name\":\"NavSystems O\u00dc\",\"url\":\"https:\\\/\\\/raymarine.ee\\\/\",\"logo\":{\"@type\":\"ImageObject\",\"inLanguage\":\"en-GB\",\"@id\":\"https:\\\/\\\/raymarine.ee\\\/#\\\/schema\\\/logo\\\/image\\\/\",\"url\":\"https:\\\/\\\/raymarine.ee\\\/wp-content\\\/uploads\\\/2024\\\/10\\\/Screenshot-2024-10-15-151324_bg_removed.webp\",\"contentUrl\":\"https:\\\/\\\/raymarine.ee\\\/wp-content\\\/uploads\\\/2024\\\/10\\\/Screenshot-2024-10-15-151324_bg_removed.webp\",\"width\":420,\"height\":276,\"caption\":\"NavSystems O\u00dc\"},\"image\":{\"@id\":\"https:\\\/\\\/raymarine.ee\\\/#\\\/schema\\\/logo\\\/image\\\/\"},\"sameAs\":[\"https:\\\/\\\/www.facebook.com\\\/NavSystems\"],\"legalName\":\"NavSystems O\u00dc\",\"foundingDate\":\"2011-05-03\",\"numberOfEmployees\":{\"@type\":\"QuantitativeValue\",\"minValue\":\"1\",\"maxValue\":\"10\"}}]}<\/script>\n<meta property=\"product:price:amount\" content=\"759.81\" \/>\n<meta property=\"product:price:currency\" content=\"EUR\" \/>\n<meta property=\"og:availability\" content=\"instock\" \/>\n<meta property=\"product:availability\" content=\"instock\" \/>\n<meta property=\"product:retailer_item_id\" content=\"X10012-SCA\" \/>\n<meta property=\"product:condition\" content=\"new\" \/>\n<!-- \/ Yoast SEO Premium plugin. -->","yoast_head_json":{"title":"Radar Mast Mount: The Best Choice for Your Sailboat - NavSystems Marine Electronics","description":"Need a reliable Quantum Radar mast mount for your sailing boat? Our product offers the best quality and strength. Order now!","robots":{"index":"index","follow":"follow","max-snippet":"max-snippet:-1","max-image-preview":"max-image-preview:large","max-video-preview":"max-video-preview:-1"},"canonical":"https:\/\/raymarine.ee\/en\/product\/quantum-radari-mastikinnitus-sc20-kopeeri\/","og_locale":"en_GB","og_type":"article","og_title":"PT2001 COMPOSITE POWERTOWER 350mm","og_description":"Vajad usaldusv\u00e4\u00e4rset Quantum Radari mastikinnitust purjepaadile? Meie toode pakub parimat kvaliteeti ja tugevust. Tellige n\u00fc\u00fcd!","og_url":"https:\/\/raymarine.ee\/en\/product\/quantum-radari-mastikinnitus-sc20-kopeeri\/","og_site_name":"NavSystems","article_publisher":"https:\/\/www.facebook.com\/NavSystems","article_modified_time":"2026-04-30T06:43:42+00:00","og_image":[{"width":800,"height":800,"url":"https:\/\/raymarine.ee\/wp-content\/uploads\/2026\/04\/pt2001-350mm-composite-power-tower.jpg","type":"image\/jpeg"}],"twitter_card":"summary_large_image","twitter_misc":{"Price":"759,81&nbsp;&euro;","Availability":"In stock"},"schema":{"@context":"https:\/\/schema.org","@graph":[{"@type":"WebPage","@id":"https:\/\/raymarine.ee\/product\/quantum-radari-mastikinnitus-sc20-kopeeri\/","url":"https:\/\/raymarine.ee\/product\/quantum-radari-mastikinnitus-sc20-kopeeri\/","name":"Radar Mast Mount: The Best Choice for Your Sailboat - NavSystems Marine Electronics","isPartOf":{"@id":"https:\/\/raymarine.ee\/#website"},"primaryImageOfPage":{"@id":"https:\/\/raymarine.ee\/product\/quantum-radari-mastikinnitus-sc20-kopeeri\/#primaryimage"},"image":{"@id":"https:\/\/raymarine.ee\/product\/quantum-radari-mastikinnitus-sc20-kopeeri\/#primaryimage"},"thumbnailUrl":"https:\/\/raymarine.ee\/wp-content\/uploads\/2026\/04\/pt2001-350mm-composite-power-tower.jpg","datePublished":"2026-04-30T06:20:59+00:00","dateModified":"2026-04-30T06:43:42+00:00","description":"Need a reliable Quantum Radar mast mount for your sailing boat? Our product offers the best quality and strength. Order now!","breadcrumb":{"@id":"https:\/\/raymarine.ee\/product\/quantum-radari-mastikinnitus-sc20-kopeeri\/#breadcrumb"},"inLanguage":"en-GB","potentialAction":[{"@type":"ReadAction","target":["https:\/\/raymarine.ee\/product\/quantum-radari-mastikinnitus-sc20-kopeeri\/"]}]},{"@type":"ImageObject","inLanguage":"en-GB","@id":"https:\/\/raymarine.ee\/product\/quantum-radari-mastikinnitus-sc20-kopeeri\/#primaryimage","url":"https:\/\/raymarine.ee\/wp-content\/uploads\/2026\/04\/pt2001-350mm-composite-power-tower.jpg","contentUrl":"https:\/\/raymarine.ee\/wp-content\/uploads\/2026\/04\/pt2001-350mm-composite-power-tower.jpg","width":800,"height":800,"caption":"pt2001-X10012-SCA-350mm-composite-power-tower"},{"@type":"BreadcrumbList","@id":"https:\/\/raymarine.ee\/product\/quantum-radari-mastikinnitus-sc20-kopeeri\/#breadcrumb","itemListElement":[{"@type":"ListItem","position":1,"name":"Home","item":"https:\/\/raymarine.ee\/"},{"@type":"ListItem","position":2,"name":"Tooted","item":"https:\/\/raymarine.ee\/shop\/"},{"@type":"ListItem","position":3,"name":"PT2001 COMPOSITE POWERTOWER 350mm"}]},{"@type":"WebSite","@id":"https:\/\/raymarine.ee\/#website","url":"https:\/\/raymarine.ee\/","name":"www.raymarine.ee","description":"Marine electronics, chartplotter, autopilot, stern pilot, steering pilot, radar, AIS, VHF, Smart Wind","publisher":{"@id":"https:\/\/raymarine.ee\/#organization"},"alternateName":"Raymarine","potentialAction":[{"@type":"SearchAction","target":{"@type":"EntryPoint","urlTemplate":"https:\/\/raymarine.ee\/?s={search_term_string}"},"query-input":{"@type":"PropertyValueSpecification","valueRequired":true,"valueName":"search_term_string"}}],"inLanguage":"en-GB"},{"@type":"Organization","@id":"https:\/\/raymarine.ee\/#organization","name":"NavSystems O\u00dc","url":"https:\/\/raymarine.ee\/","logo":{"@type":"ImageObject","inLanguage":"en-GB","@id":"https:\/\/raymarine.ee\/#\/schema\/logo\/image\/","url":"https:\/\/raymarine.ee\/wp-content\/uploads\/2024\/10\/Screenshot-2024-10-15-151324_bg_removed.webp","contentUrl":"https:\/\/raymarine.ee\/wp-content\/uploads\/2024\/10\/Screenshot-2024-10-15-151324_bg_removed.webp","width":420,"height":276,"caption":"NavSystems O\u00dc"},"image":{"@id":"https:\/\/raymarine.ee\/#\/schema\/logo\/image\/"},"sameAs":["https:\/\/www.facebook.com\/NavSystems"],"legalName":"NavSystems O\u00dc","foundingDate":"2011-05-03","numberOfEmployees":{"@type":"QuantitativeValue","minValue":"1","maxValue":"10"}}]},"product_price_amount":"759.81","product_price_currency":"EUR","og_availability":"instock","product_availability":"instock","product_retailer_item_id":"X10012-SCA","product_condition":"new"},"jetpack_sharing_enabled":true,"_links":{"self":[{"href":"https:\/\/raymarine.ee\/en\/wp-json\/wp\/v2\/product\/10895","targetHints":{"allow":["GET"]}}],"collection":[{"href":"https:\/\/raymarine.ee\/en\/wp-json\/wp\/v2\/product"}],"about":[{"href":"https:\/\/raymarine.ee\/en\/wp-json\/wp\/v2\/types\/product"}],"wp:featuredmedia":[{"embeddable":true,"href":"https:\/\/raymarine.ee\/en\/wp-json\/wp\/v2\/media\/10896"}],"wp:attachment":[{"href":"https:\/\/raymarine.ee\/en\/wp-json\/wp\/v2\/media?parent=10895"}],"wp:term":[{"taxonomy":"product_brand","embeddable":true,"href":"https:\/\/raymarine.ee\/en\/wp-json\/wp\/v2\/product_brand?post=10895"},{"taxonomy":"product_cat","embeddable":true,"href":"https:\/\/raymarine.ee\/en\/wp-json\/wp\/v2\/product_cat?post=10895"},{"taxonomy":"product_tag","embeddable":true,"href":"https:\/\/raymarine.ee\/en\/wp-json\/wp\/v2\/product_tag?post=10895"}],"curies":[{"name":"wp","href":"https:\/\/api.w.org\/{rel}","templated":true}]}}