{"id":10900,"date":"2026-04-30T16:27:12","date_gmt":"2026-04-30T13:27:12","guid":{"rendered":"https:\/\/raymarine.ee\/?post_type=product&#038;p=10900"},"modified":"2026-04-30T17:23:30","modified_gmt":"2026-04-30T14:23:30","slug":"axiom-xl-video-in-alarm-out-cable-2m","status":"publish","type":"product","link":"https:\/\/raymarine.ee\/en\/product\/axiom-xl-video-in-alarm-out-cable-2m\/","title":{"rendered":"AXIOM XL Video IN\/Alarm Out Cable"},"content":{"rendered":"<p>V\u00e4ga vajalik lisa Axiom XL ja Axiom2 XL seeria kaardiplotteritele. See kaabel lisab Axiom XL seeria plotterile teise Analoog video sisendi ja Alarm OUT v\u00e4ljundi. \u00dcks analoog video sisend on Axiom XL seeria kaardiplotteritel juba toitekaablis olemas. Alarm OUT v\u00e4ljundi k\u00fclge saab \u00fchendada v\u00e4lise alarm summeri <a href=\"https:\/\/raymarine.ee\/product\/axiom-xl-alarm-buzzer\/\">E26033<\/a>. NB! Ilma v\u00e4lise alarm summerita Axiom XL ja Axiom2 XL plotterist mitte \u00fchtegi nupule vajutamise piiksu ega muud alarmi ei kostu. Kaabli pikkus on 2 meetrit.<\/p>\n<p><strong>Juhend<\/strong><\/p>\n<p>Download <a href=\"https:\/\/raymarine.ee\/wp-content\/uploads\/2026\/04\/Axiom-2-XL-Installation-instructions-87445-Rev-4-EN.pdf\" target=\"_blank\" rel=\"noopener\">Axiom2 XL seeria<\/a> plotteri paigaldusjuhend<\/p>","protected":false},"excerpt":{"rendered":"<p>V\u00e4ga vajalik lisa Axiom XL ja Axiom2 XL seeria kaardiplotteritele. See kaabel lisab Axiom XL seeria plotterile teise Analoog video sisendi ja Alarm OUT v\u00e4ljundi. \u00dcks analoog video sisend on Axiom XL seeria kaardiplotteritel juba toitekaablis olemas. Alarm OUT v\u00e4ljundi k\u00fclge saab \u00fchendada v\u00e4lise alarm summeri <a href=\"https:\/\/raymarine.ee\/product\/axiom-xl-alarm-buzzer\/\">E26033<\/a>. NB! Ilma v\u00e4lise alarm summerita Axiom XL ja Axiom2 XL plotterist mitte \u00fchtegi nupule vajutamise piiksu ega muud alarmi ei kostu. Kaabli pikkus on 2 meetrit.<\/p>","protected":false},"featured_media":10901,"template":"","meta":{"_acf_changed":false},"product_brand":[134],"product_cat":[59],"product_tag":[],"class_list":{"0":"post-10900","1":"product","2":"type-product","3":"status-publish","4":"has-post-thumbnail","6":"product_brand-raymarine","7":"product_cat-axiom_xl","9":"first","10":"instock","11":"sale","12":"taxable","13":"shipping-taxable","14":"purchasable","15":"product-type-simple"},"acf":[],"yoast_head":"<!-- This site is optimized with the Yoast SEO Premium plugin v27.5 (Yoast SEO v27.5) - https:\/\/yoast.com\/product\/yoast-seo-premium-wordpress\/ -->\n<title>AXIOM XL Video IN\/Alarm Out Cable - NavSystems Mereelektroonika<\/title>\n<meta name=\"description\" content=\"Viige oma Axiom XL kaardiplotter j\u00e4rgmisele tasemele Axiom XL Accessory Kit abil! K\u00f5ik vajalikud Axiom XL lisatarvikud \u00fches pakis \ud83c\udf1f.\" \/>\n<meta name=\"robots\" content=\"index, follow, max-snippet:-1, max-image-preview:large, max-video-preview:-1\" \/>\n<link rel=\"canonical\" href=\"https:\/\/raymarine.ee\/en\/product\/axiom-xl-video-in-alarm-out-cable-2m\/\" \/>\n<meta property=\"og:locale\" content=\"en_GB\" \/>\n<meta property=\"og:type\" content=\"article\" \/>\n<meta property=\"og:title\" content=\"AXIOM XL Video IN\/Alarm Out Cable\" \/>\n<meta property=\"og:description\" content=\"Viige oma Axiom XL kaardiplotter j\u00e4rgmisele tasemele Axiom XL Accessory Kit abil! K\u00f5ik vajalikud Axiom XL lisatarvikud \u00fches pakis \ud83c\udf1f.\" \/>\n<meta property=\"og:url\" content=\"https:\/\/raymarine.ee\/en\/product\/axiom-xl-video-in-alarm-out-cable-2m\/\" \/>\n<meta property=\"og:site_name\" content=\"NavSystems\" \/>\n<meta property=\"article:publisher\" content=\"https:\/\/www.facebook.com\/NavSystems\" \/>\n<meta property=\"article:modified_time\" content=\"2026-04-30T14:23:30+00:00\" \/>\n<meta property=\"og:image\" content=\"https:\/\/raymarine.ee\/wp-content\/uploads\/2026\/04\/Axiom-xl-A80235-video-in-alarm.webp\" \/>\n\t<meta property=\"og:image:width\" content=\"658\" \/>\n\t<meta property=\"og:image:height\" content=\"658\" \/>\n\t<meta property=\"og:image:type\" content=\"image\/webp\" \/>\n<meta name=\"twitter:card\" content=\"summary_large_image\" \/>\n<meta name=\"twitter:label1\" content=\"Price\" \/>\n\t<meta name=\"twitter:data1\" content=\"48,11&nbsp;&euro;\" \/>\n\t<meta name=\"twitter:label2\" content=\"Availability\" \/>\n\t<meta name=\"twitter:data2\" content=\"In stock\" \/>\n<script type=\"application\/ld+json\" class=\"yoast-schema-graph\">{\"@context\":\"https:\\\/\\\/schema.org\",\"@graph\":[{\"@type\":\"WebPage\",\"@id\":\"https:\\\/\\\/raymarine.ee\\\/product\\\/axiom-xl-video-in-alarm-out-cable-2m\\\/\",\"url\":\"https:\\\/\\\/raymarine.ee\\\/product\\\/axiom-xl-video-in-alarm-out-cable-2m\\\/\",\"name\":\"AXIOM XL Video IN\\\/Alarm Out Cable - NavSystems Mereelektroonika\",\"isPartOf\":{\"@id\":\"https:\\\/\\\/raymarine.ee\\\/#website\"},\"primaryImageOfPage\":{\"@id\":\"https:\\\/\\\/raymarine.ee\\\/product\\\/axiom-xl-video-in-alarm-out-cable-2m\\\/#primaryimage\"},\"image\":{\"@id\":\"https:\\\/\\\/raymarine.ee\\\/product\\\/axiom-xl-video-in-alarm-out-cable-2m\\\/#primaryimage\"},\"thumbnailUrl\":\"https:\\\/\\\/raymarine.ee\\\/wp-content\\\/uploads\\\/2026\\\/04\\\/Axiom-xl-A80235-video-in-alarm.webp\",\"datePublished\":\"2026-04-30T13:27:12+00:00\",\"dateModified\":\"2026-04-30T14:23:30+00:00\",\"description\":\"Viige oma Axiom XL kaardiplotter j\u00e4rgmisele tasemele Axiom XL Accessory Kit abil! K\u00f5ik vajalikud Axiom XL lisatarvikud \u00fches pakis \ud83c\udf1f.\",\"breadcrumb\":{\"@id\":\"https:\\\/\\\/raymarine.ee\\\/product\\\/axiom-xl-video-in-alarm-out-cable-2m\\\/#breadcrumb\"},\"inLanguage\":\"en-GB\",\"potentialAction\":[{\"@type\":\"ReadAction\",\"target\":[\"https:\\\/\\\/raymarine.ee\\\/product\\\/axiom-xl-video-in-alarm-out-cable-2m\\\/\"]}]},{\"@type\":\"ImageObject\",\"inLanguage\":\"en-GB\",\"@id\":\"https:\\\/\\\/raymarine.ee\\\/product\\\/axiom-xl-video-in-alarm-out-cable-2m\\\/#primaryimage\",\"url\":\"https:\\\/\\\/raymarine.ee\\\/wp-content\\\/uploads\\\/2026\\\/04\\\/Axiom-xl-A80235-video-in-alarm.webp\",\"contentUrl\":\"https:\\\/\\\/raymarine.ee\\\/wp-content\\\/uploads\\\/2026\\\/04\\\/Axiom-xl-A80235-video-in-alarm.webp\",\"width\":658,\"height\":658,\"caption\":\"AxioXL Video IN\\\/Alarm Out Cable \u2013 2M\"},{\"@type\":\"BreadcrumbList\",\"@id\":\"https:\\\/\\\/raymarine.ee\\\/product\\\/axiom-xl-video-in-alarm-out-cable-2m\\\/#breadcrumb\",\"itemListElement\":[{\"@type\":\"ListItem\",\"position\":1,\"name\":\"Home\",\"item\":\"https:\\\/\\\/raymarine.ee\\\/\"},{\"@type\":\"ListItem\",\"position\":2,\"name\":\"Tooted\",\"item\":\"https:\\\/\\\/raymarine.ee\\\/shop\\\/\"},{\"@type\":\"ListItem\",\"position\":3,\"name\":\"AXIOM XL Video IN\\\/Alarm Out Cable\"}]},{\"@type\":\"WebSite\",\"@id\":\"https:\\\/\\\/raymarine.ee\\\/#website\",\"url\":\"https:\\\/\\\/raymarine.ee\\\/\",\"name\":\"www.raymarine.ee\",\"description\":\"Mereelektroonika, kaardiplotter, autopiloot, pinnipiloot, roolipiloot, radar, AIS, VHF, Smart Wind\",\"publisher\":{\"@id\":\"https:\\\/\\\/raymarine.ee\\\/#organization\"},\"alternateName\":\"Raymarine\",\"potentialAction\":[{\"@type\":\"SearchAction\",\"target\":{\"@type\":\"EntryPoint\",\"urlTemplate\":\"https:\\\/\\\/raymarine.ee\\\/?s={search_term_string}\"},\"query-input\":{\"@type\":\"PropertyValueSpecification\",\"valueRequired\":true,\"valueName\":\"search_term_string\"}}],\"inLanguage\":\"en-GB\"},{\"@type\":\"Organization\",\"@id\":\"https:\\\/\\\/raymarine.ee\\\/#organization\",\"name\":\"NavSystems O\u00dc\",\"url\":\"https:\\\/\\\/raymarine.ee\\\/\",\"logo\":{\"@type\":\"ImageObject\",\"inLanguage\":\"en-GB\",\"@id\":\"https:\\\/\\\/raymarine.ee\\\/#\\\/schema\\\/logo\\\/image\\\/\",\"url\":\"https:\\\/\\\/raymarine.ee\\\/wp-content\\\/uploads\\\/2024\\\/10\\\/Screenshot-2024-10-15-151324_bg_removed.webp\",\"contentUrl\":\"https:\\\/\\\/raymarine.ee\\\/wp-content\\\/uploads\\\/2024\\\/10\\\/Screenshot-2024-10-15-151324_bg_removed.webp\",\"width\":420,\"height\":276,\"caption\":\"NavSystems O\u00dc\"},\"image\":{\"@id\":\"https:\\\/\\\/raymarine.ee\\\/#\\\/schema\\\/logo\\\/image\\\/\"},\"sameAs\":[\"https:\\\/\\\/www.facebook.com\\\/NavSystems\"],\"legalName\":\"NavSystems O\u00dc\",\"foundingDate\":\"2011-05-03\",\"numberOfEmployees\":{\"@type\":\"QuantitativeValue\",\"minValue\":\"1\",\"maxValue\":\"10\"}}]}<\/script>\n<meta property=\"product:price:amount\" content=\"48.11\" \/>\n<meta property=\"product:price:currency\" content=\"EUR\" \/>\n<meta property=\"og:availability\" content=\"instock\" \/>\n<meta property=\"product:availability\" content=\"instock\" \/>\n<meta property=\"product:retailer_item_id\" content=\"A80235\" \/>\n<meta property=\"product:condition\" content=\"new\" \/>\n<!-- \/ Yoast SEO Premium plugin. -->","yoast_head_json":{"title":"AXIOM XL Video IN\/Alarm Out Cable - NavSystems Mereelektroonika","description":"Viige oma Axiom XL kaardiplotter j\u00e4rgmisele tasemele Axiom XL Accessory Kit abil! K\u00f5ik vajalikud Axiom XL lisatarvikud \u00fches pakis \ud83c\udf1f.","robots":{"index":"index","follow":"follow","max-snippet":"max-snippet:-1","max-image-preview":"max-image-preview:large","max-video-preview":"max-video-preview:-1"},"canonical":"https:\/\/raymarine.ee\/en\/product\/axiom-xl-video-in-alarm-out-cable-2m\/","og_locale":"en_GB","og_type":"article","og_title":"AXIOM XL Video IN\/Alarm Out Cable","og_description":"Viige oma Axiom XL kaardiplotter j\u00e4rgmisele tasemele Axiom XL Accessory Kit abil! K\u00f5ik vajalikud Axiom XL lisatarvikud \u00fches pakis \ud83c\udf1f.","og_url":"https:\/\/raymarine.ee\/en\/product\/axiom-xl-video-in-alarm-out-cable-2m\/","og_site_name":"NavSystems","article_publisher":"https:\/\/www.facebook.com\/NavSystems","article_modified_time":"2026-04-30T14:23:30+00:00","og_image":[{"width":658,"height":658,"url":"https:\/\/raymarine.ee\/wp-content\/uploads\/2026\/04\/Axiom-xl-A80235-video-in-alarm.webp","type":"image\/webp"}],"twitter_card":"summary_large_image","twitter_misc":{"Price":"48,11&nbsp;&euro;","Availability":"In stock"},"schema":{"@context":"https:\/\/schema.org","@graph":[{"@type":"WebPage","@id":"https:\/\/raymarine.ee\/product\/axiom-xl-video-in-alarm-out-cable-2m\/","url":"https:\/\/raymarine.ee\/product\/axiom-xl-video-in-alarm-out-cable-2m\/","name":"AXIOM XL Video IN\/Alarm Out Cable - NavSystems Mereelektroonika","isPartOf":{"@id":"https:\/\/raymarine.ee\/#website"},"primaryImageOfPage":{"@id":"https:\/\/raymarine.ee\/product\/axiom-xl-video-in-alarm-out-cable-2m\/#primaryimage"},"image":{"@id":"https:\/\/raymarine.ee\/product\/axiom-xl-video-in-alarm-out-cable-2m\/#primaryimage"},"thumbnailUrl":"https:\/\/raymarine.ee\/wp-content\/uploads\/2026\/04\/Axiom-xl-A80235-video-in-alarm.webp","datePublished":"2026-04-30T13:27:12+00:00","dateModified":"2026-04-30T14:23:30+00:00","description":"Viige oma Axiom XL kaardiplotter j\u00e4rgmisele tasemele Axiom XL Accessory Kit abil! K\u00f5ik vajalikud Axiom XL lisatarvikud \u00fches pakis \ud83c\udf1f.","breadcrumb":{"@id":"https:\/\/raymarine.ee\/product\/axiom-xl-video-in-alarm-out-cable-2m\/#breadcrumb"},"inLanguage":"en-GB","potentialAction":[{"@type":"ReadAction","target":["https:\/\/raymarine.ee\/product\/axiom-xl-video-in-alarm-out-cable-2m\/"]}]},{"@type":"ImageObject","inLanguage":"en-GB","@id":"https:\/\/raymarine.ee\/product\/axiom-xl-video-in-alarm-out-cable-2m\/#primaryimage","url":"https:\/\/raymarine.ee\/wp-content\/uploads\/2026\/04\/Axiom-xl-A80235-video-in-alarm.webp","contentUrl":"https:\/\/raymarine.ee\/wp-content\/uploads\/2026\/04\/Axiom-xl-A80235-video-in-alarm.webp","width":658,"height":658,"caption":"AxioXL Video IN\/Alarm Out Cable \u2013 2M"},{"@type":"BreadcrumbList","@id":"https:\/\/raymarine.ee\/product\/axiom-xl-video-in-alarm-out-cable-2m\/#breadcrumb","itemListElement":[{"@type":"ListItem","position":1,"name":"Home","item":"https:\/\/raymarine.ee\/"},{"@type":"ListItem","position":2,"name":"Tooted","item":"https:\/\/raymarine.ee\/shop\/"},{"@type":"ListItem","position":3,"name":"AXIOM XL Video IN\/Alarm Out Cable"}]},{"@type":"WebSite","@id":"https:\/\/raymarine.ee\/#website","url":"https:\/\/raymarine.ee\/","name":"www.raymarine.ee","description":"Marine electronics, chartplotter, autopilot, stern pilot, steering pilot, radar, AIS, VHF, Smart Wind","publisher":{"@id":"https:\/\/raymarine.ee\/#organization"},"alternateName":"Raymarine","potentialAction":[{"@type":"SearchAction","target":{"@type":"EntryPoint","urlTemplate":"https:\/\/raymarine.ee\/?s={search_term_string}"},"query-input":{"@type":"PropertyValueSpecification","valueRequired":true,"valueName":"search_term_string"}}],"inLanguage":"en-GB"},{"@type":"Organization","@id":"https:\/\/raymarine.ee\/#organization","name":"NavSystems O\u00dc","url":"https:\/\/raymarine.ee\/","logo":{"@type":"ImageObject","inLanguage":"en-GB","@id":"https:\/\/raymarine.ee\/#\/schema\/logo\/image\/","url":"https:\/\/raymarine.ee\/wp-content\/uploads\/2024\/10\/Screenshot-2024-10-15-151324_bg_removed.webp","contentUrl":"https:\/\/raymarine.ee\/wp-content\/uploads\/2024\/10\/Screenshot-2024-10-15-151324_bg_removed.webp","width":420,"height":276,"caption":"NavSystems O\u00dc"},"image":{"@id":"https:\/\/raymarine.ee\/#\/schema\/logo\/image\/"},"sameAs":["https:\/\/www.facebook.com\/NavSystems"],"legalName":"NavSystems O\u00dc","foundingDate":"2011-05-03","numberOfEmployees":{"@type":"QuantitativeValue","minValue":"1","maxValue":"10"}}]},"product_price_amount":"48.11","product_price_currency":"EUR","og_availability":"instock","product_availability":"instock","product_retailer_item_id":"A80235","product_condition":"new"},"jetpack_sharing_enabled":true,"_links":{"self":[{"href":"https:\/\/raymarine.ee\/en\/wp-json\/wp\/v2\/product\/10900","targetHints":{"allow":["GET"]}}],"collection":[{"href":"https:\/\/raymarine.ee\/en\/wp-json\/wp\/v2\/product"}],"about":[{"href":"https:\/\/raymarine.ee\/en\/wp-json\/wp\/v2\/types\/product"}],"wp:featuredmedia":[{"embeddable":true,"href":"https:\/\/raymarine.ee\/en\/wp-json\/wp\/v2\/media\/10901"}],"wp:attachment":[{"href":"https:\/\/raymarine.ee\/en\/wp-json\/wp\/v2\/media?parent=10900"}],"wp:term":[{"taxonomy":"product_brand","embeddable":true,"href":"https:\/\/raymarine.ee\/en\/wp-json\/wp\/v2\/product_brand?post=10900"},{"taxonomy":"product_cat","embeddable":true,"href":"https:\/\/raymarine.ee\/en\/wp-json\/wp\/v2\/product_cat?post=10900"},{"taxonomy":"product_tag","embeddable":true,"href":"https:\/\/raymarine.ee\/en\/wp-json\/wp\/v2\/product_tag?post=10900"}],"curies":[{"name":"wp","href":"https:\/\/api.w.org\/{rel}","templated":true}]}}