{"id":10904,"date":"2026-04-30T16:59:48","date_gmt":"2026-04-30T13:59:48","guid":{"rendered":"https:\/\/raymarine.ee\/?post_type=product&#038;p=10904"},"modified":"2026-04-30T17:19:25","modified_gmt":"2026-04-30T14:19:25","slug":"axiom-xl-alarm-buzzer","status":"publish","type":"product","link":"https:\/\/raymarine.ee\/en\/product\/axiom-xl-alarm-buzzer\/","title":{"rendered":"AXIOM XL Alarm Buzzer"},"content":{"rendered":"<p>V\u00e4ga vajalik lisa Axiom XL ja Axiom2 XL seeria kaardiplotteritele. Ilma v\u00e4lise alarm summerita Axiom XL ja Axiom2 XL plotterist mitte \u00fchtegi nupule vajutamise piiksu ega muud alarmi ei kostu. V\u00e4lise summeri \u00fchendamiseks vajad ka Video In\/ Alarm Out kaablit <a href=\"https:\/\/raymarine.ee\/product\/axiom-xl-video-in-alarm-out-cable-2m\/\">A80235<\/a>. See kaabel lisab Axiom XL seeria plotterile ka teise Analoog video sisendi ja Alarm OUT v\u00e4ljundi. \u00dcks analoog video sisend on Axiom XL seeria kaardiplotteritel juba toitekaablis olemas. Alarm OUT v\u00e4ljundi k\u00fclge saab \u00fchendada v\u00e4lise alarm summeri.<\/p>\n<p><strong>Juhend<\/strong><\/p>\n<p>Download <a href=\"https:\/\/raymarine.ee\/wp-content\/uploads\/2026\/04\/Axiom-2-XL-Installation-instructions-87445-Rev-4-EN.pdf\" target=\"_blank\" rel=\"noopener\">Axiom2 XL seeria<\/a> plotteri paigaldusjuhend<\/p>","protected":false},"excerpt":{"rendered":"<p>V\u00e4ga vajalik lisa Axiom XL ja Axiom2 XL seeria kaardiplotteritele. Ilma v\u00e4lise alarm summerita Axiom XL ja Axiom2 XL plotterist mitte \u00fchtegi nupule vajutamise piiksu ega muud alarmi ei kostu. V\u00e4lise summeri \u00fchendamiseks vajad ka Video In\/ Alarm Out kaablit <a href=\"https:\/\/raymarine.ee\/product\/axiom-xl-video-in-alarm-out-cable-2m\/\">A80235<\/a>. See kaabel lisab Axiom XL seeria plotterile ka teise Analoog video sisendi ja Alarm OUT v\u00e4ljundi. \u00dcks analoog video sisend on Axiom XL seeria kaardiplotteritel juba toitekaablis olemas. Alarm OUT v\u00e4ljundi k\u00fclge saab \u00fchendada v\u00e4lise alarm summeri.<\/p>","protected":false},"featured_media":10905,"template":"","meta":{"_acf_changed":false},"product_brand":[134],"product_cat":[59],"product_tag":[],"class_list":{"0":"post-10904","1":"product","2":"type-product","3":"status-publish","4":"has-post-thumbnail","6":"product_brand-raymarine","7":"product_cat-axiom_xl","9":"first","10":"instock","11":"sale","12":"taxable","13":"shipping-taxable","14":"purchasable","15":"product-type-simple"},"acf":[],"yoast_head":"<!-- This site is optimized with the Yoast SEO Premium plugin v27.5 (Yoast SEO v27.5) - https:\/\/yoast.com\/product\/yoast-seo-premium-wordpress\/ -->\n<title>E26033 External Auxiliary Alarm for Axiom XL Plotters - NavSystems<\/title>\n<meta name=\"description\" content=\"V\u00e4ga vajalik E26033 external auxiliary alarm Axiom XL ja Axiom2 XL seeria kaardiplotteritele. Lihtne ja efektiivne lahendus igaks hetkeks!\" \/>\n<meta name=\"robots\" content=\"index, follow, max-snippet:-1, max-image-preview:large, max-video-preview:-1\" \/>\n<link rel=\"canonical\" href=\"https:\/\/raymarine.ee\/en\/product\/axiom-xl-alarm-buzzer\/\" \/>\n<meta property=\"og:locale\" content=\"en_GB\" \/>\n<meta property=\"og:type\" content=\"article\" \/>\n<meta property=\"og:title\" content=\"AXIOM XL Alarm Buzzer\" \/>\n<meta property=\"og:description\" content=\"V\u00e4ga vajalik E26033 external auxiliary alarm Axiom XL ja Axiom2 XL seeria kaardiplotteritele. Lihtne ja efektiivne lahendus igaks hetkeks!\" \/>\n<meta property=\"og:url\" content=\"https:\/\/raymarine.ee\/en\/product\/axiom-xl-alarm-buzzer\/\" \/>\n<meta property=\"og:site_name\" content=\"NavSystems\" \/>\n<meta property=\"article:publisher\" content=\"https:\/\/www.facebook.com\/NavSystems\" \/>\n<meta property=\"article:modified_time\" content=\"2026-04-30T14:19:25+00:00\" \/>\n<meta property=\"og:image\" content=\"https:\/\/raymarine.ee\/wp-content\/uploads\/2026\/04\/E26033-external-auxiliary-alarm.png\" \/>\n\t<meta property=\"og:image:width\" content=\"600\" \/>\n\t<meta property=\"og:image:height\" content=\"426\" \/>\n\t<meta property=\"og:image:type\" content=\"image\/png\" \/>\n<meta name=\"twitter:card\" content=\"summary_large_image\" \/>\n<meta name=\"twitter:label1\" content=\"Price\" \/>\n\t<meta name=\"twitter:data1\" content=\"53,50&nbsp;&euro;\" \/>\n\t<meta name=\"twitter:label2\" content=\"Availability\" \/>\n\t<meta name=\"twitter:data2\" content=\"In stock\" \/>\n<script type=\"application\/ld+json\" class=\"yoast-schema-graph\">{\"@context\":\"https:\\\/\\\/schema.org\",\"@graph\":[{\"@type\":\"WebPage\",\"@id\":\"https:\\\/\\\/raymarine.ee\\\/product\\\/axiom-xl-alarm-buzzer\\\/\",\"url\":\"https:\\\/\\\/raymarine.ee\\\/product\\\/axiom-xl-alarm-buzzer\\\/\",\"name\":\"E26033 External Auxiliary Alarm for Axiom XL Plotters - NavSystems\",\"isPartOf\":{\"@id\":\"https:\\\/\\\/raymarine.ee\\\/#website\"},\"primaryImageOfPage\":{\"@id\":\"https:\\\/\\\/raymarine.ee\\\/product\\\/axiom-xl-alarm-buzzer\\\/#primaryimage\"},\"image\":{\"@id\":\"https:\\\/\\\/raymarine.ee\\\/product\\\/axiom-xl-alarm-buzzer\\\/#primaryimage\"},\"thumbnailUrl\":\"https:\\\/\\\/raymarine.ee\\\/wp-content\\\/uploads\\\/2026\\\/04\\\/E26033-external-auxiliary-alarm.png\",\"datePublished\":\"2026-04-30T13:59:48+00:00\",\"dateModified\":\"2026-04-30T14:19:25+00:00\",\"description\":\"V\u00e4ga vajalik E26033 external auxiliary alarm Axiom XL ja Axiom2 XL seeria kaardiplotteritele. Lihtne ja efektiivne lahendus igaks hetkeks!\",\"breadcrumb\":{\"@id\":\"https:\\\/\\\/raymarine.ee\\\/product\\\/axiom-xl-alarm-buzzer\\\/#breadcrumb\"},\"inLanguage\":\"en-GB\",\"potentialAction\":[{\"@type\":\"ReadAction\",\"target\":[\"https:\\\/\\\/raymarine.ee\\\/product\\\/axiom-xl-alarm-buzzer\\\/\"]}]},{\"@type\":\"ImageObject\",\"inLanguage\":\"en-GB\",\"@id\":\"https:\\\/\\\/raymarine.ee\\\/product\\\/axiom-xl-alarm-buzzer\\\/#primaryimage\",\"url\":\"https:\\\/\\\/raymarine.ee\\\/wp-content\\\/uploads\\\/2026\\\/04\\\/E26033-external-auxiliary-alarm.png\",\"contentUrl\":\"https:\\\/\\\/raymarine.ee\\\/wp-content\\\/uploads\\\/2026\\\/04\\\/E26033-external-auxiliary-alarm.png\",\"width\":600,\"height\":426,\"caption\":\"E26033-external-auxiliary-alarm\"},{\"@type\":\"BreadcrumbList\",\"@id\":\"https:\\\/\\\/raymarine.ee\\\/product\\\/axiom-xl-alarm-buzzer\\\/#breadcrumb\",\"itemListElement\":[{\"@type\":\"ListItem\",\"position\":1,\"name\":\"Home\",\"item\":\"https:\\\/\\\/raymarine.ee\\\/\"},{\"@type\":\"ListItem\",\"position\":2,\"name\":\"Tooted\",\"item\":\"https:\\\/\\\/raymarine.ee\\\/shop\\\/\"},{\"@type\":\"ListItem\",\"position\":3,\"name\":\"AXIOM XL Alarm Buzzer\"}]},{\"@type\":\"WebSite\",\"@id\":\"https:\\\/\\\/raymarine.ee\\\/#website\",\"url\":\"https:\\\/\\\/raymarine.ee\\\/\",\"name\":\"www.raymarine.ee\",\"description\":\"Mereelektroonika, kaardiplotter, autopiloot, pinnipiloot, roolipiloot, radar, AIS, VHF, Smart Wind\",\"publisher\":{\"@id\":\"https:\\\/\\\/raymarine.ee\\\/#organization\"},\"alternateName\":\"Raymarine\",\"potentialAction\":[{\"@type\":\"SearchAction\",\"target\":{\"@type\":\"EntryPoint\",\"urlTemplate\":\"https:\\\/\\\/raymarine.ee\\\/?s={search_term_string}\"},\"query-input\":{\"@type\":\"PropertyValueSpecification\",\"valueRequired\":true,\"valueName\":\"search_term_string\"}}],\"inLanguage\":\"en-GB\"},{\"@type\":\"Organization\",\"@id\":\"https:\\\/\\\/raymarine.ee\\\/#organization\",\"name\":\"NavSystems O\u00dc\",\"url\":\"https:\\\/\\\/raymarine.ee\\\/\",\"logo\":{\"@type\":\"ImageObject\",\"inLanguage\":\"en-GB\",\"@id\":\"https:\\\/\\\/raymarine.ee\\\/#\\\/schema\\\/logo\\\/image\\\/\",\"url\":\"https:\\\/\\\/raymarine.ee\\\/wp-content\\\/uploads\\\/2024\\\/10\\\/Screenshot-2024-10-15-151324_bg_removed.webp\",\"contentUrl\":\"https:\\\/\\\/raymarine.ee\\\/wp-content\\\/uploads\\\/2024\\\/10\\\/Screenshot-2024-10-15-151324_bg_removed.webp\",\"width\":420,\"height\":276,\"caption\":\"NavSystems O\u00dc\"},\"image\":{\"@id\":\"https:\\\/\\\/raymarine.ee\\\/#\\\/schema\\\/logo\\\/image\\\/\"},\"sameAs\":[\"https:\\\/\\\/www.facebook.com\\\/NavSystems\"],\"legalName\":\"NavSystems O\u00dc\",\"foundingDate\":\"2011-05-03\",\"numberOfEmployees\":{\"@type\":\"QuantitativeValue\",\"minValue\":\"1\",\"maxValue\":\"10\"}}]}<\/script>\n<meta property=\"product:price:amount\" content=\"53.50\" \/>\n<meta property=\"product:price:currency\" content=\"EUR\" \/>\n<meta property=\"og:availability\" content=\"instock\" \/>\n<meta property=\"product:availability\" content=\"instock\" \/>\n<meta property=\"product:retailer_item_id\" content=\"E26033\" \/>\n<meta property=\"product:condition\" content=\"new\" \/>\n<!-- \/ Yoast SEO Premium plugin. -->","yoast_head_json":{"title":"E26033 External Auxiliary Alarm for Axiom XL Plotters - NavSystems","description":"V\u00e4ga vajalik E26033 external auxiliary alarm Axiom XL ja Axiom2 XL seeria kaardiplotteritele. Lihtne ja efektiivne lahendus igaks hetkeks!","robots":{"index":"index","follow":"follow","max-snippet":"max-snippet:-1","max-image-preview":"max-image-preview:large","max-video-preview":"max-video-preview:-1"},"canonical":"https:\/\/raymarine.ee\/en\/product\/axiom-xl-alarm-buzzer\/","og_locale":"en_GB","og_type":"article","og_title":"AXIOM XL Alarm Buzzer","og_description":"V\u00e4ga vajalik E26033 external auxiliary alarm Axiom XL ja Axiom2 XL seeria kaardiplotteritele. Lihtne ja efektiivne lahendus igaks hetkeks!","og_url":"https:\/\/raymarine.ee\/en\/product\/axiom-xl-alarm-buzzer\/","og_site_name":"NavSystems","article_publisher":"https:\/\/www.facebook.com\/NavSystems","article_modified_time":"2026-04-30T14:19:25+00:00","og_image":[{"width":600,"height":426,"url":"https:\/\/raymarine.ee\/wp-content\/uploads\/2026\/04\/E26033-external-auxiliary-alarm.png","type":"image\/png"}],"twitter_card":"summary_large_image","twitter_misc":{"Price":"53,50&nbsp;&euro;","Availability":"In stock"},"schema":{"@context":"https:\/\/schema.org","@graph":[{"@type":"WebPage","@id":"https:\/\/raymarine.ee\/product\/axiom-xl-alarm-buzzer\/","url":"https:\/\/raymarine.ee\/product\/axiom-xl-alarm-buzzer\/","name":"E26033 External Auxiliary Alarm for Axiom XL Plotters - NavSystems","isPartOf":{"@id":"https:\/\/raymarine.ee\/#website"},"primaryImageOfPage":{"@id":"https:\/\/raymarine.ee\/product\/axiom-xl-alarm-buzzer\/#primaryimage"},"image":{"@id":"https:\/\/raymarine.ee\/product\/axiom-xl-alarm-buzzer\/#primaryimage"},"thumbnailUrl":"https:\/\/raymarine.ee\/wp-content\/uploads\/2026\/04\/E26033-external-auxiliary-alarm.png","datePublished":"2026-04-30T13:59:48+00:00","dateModified":"2026-04-30T14:19:25+00:00","description":"V\u00e4ga vajalik E26033 external auxiliary alarm Axiom XL ja Axiom2 XL seeria kaardiplotteritele. Lihtne ja efektiivne lahendus igaks hetkeks!","breadcrumb":{"@id":"https:\/\/raymarine.ee\/product\/axiom-xl-alarm-buzzer\/#breadcrumb"},"inLanguage":"en-GB","potentialAction":[{"@type":"ReadAction","target":["https:\/\/raymarine.ee\/product\/axiom-xl-alarm-buzzer\/"]}]},{"@type":"ImageObject","inLanguage":"en-GB","@id":"https:\/\/raymarine.ee\/product\/axiom-xl-alarm-buzzer\/#primaryimage","url":"https:\/\/raymarine.ee\/wp-content\/uploads\/2026\/04\/E26033-external-auxiliary-alarm.png","contentUrl":"https:\/\/raymarine.ee\/wp-content\/uploads\/2026\/04\/E26033-external-auxiliary-alarm.png","width":600,"height":426,"caption":"E26033-external-auxiliary-alarm"},{"@type":"BreadcrumbList","@id":"https:\/\/raymarine.ee\/product\/axiom-xl-alarm-buzzer\/#breadcrumb","itemListElement":[{"@type":"ListItem","position":1,"name":"Home","item":"https:\/\/raymarine.ee\/"},{"@type":"ListItem","position":2,"name":"Tooted","item":"https:\/\/raymarine.ee\/shop\/"},{"@type":"ListItem","position":3,"name":"AXIOM XL Alarm Buzzer"}]},{"@type":"WebSite","@id":"https:\/\/raymarine.ee\/#website","url":"https:\/\/raymarine.ee\/","name":"www.raymarine.ee","description":"Marine electronics, chartplotter, autopilot, stern pilot, steering pilot, radar, AIS, VHF, Smart Wind","publisher":{"@id":"https:\/\/raymarine.ee\/#organization"},"alternateName":"Raymarine","potentialAction":[{"@type":"SearchAction","target":{"@type":"EntryPoint","urlTemplate":"https:\/\/raymarine.ee\/?s={search_term_string}"},"query-input":{"@type":"PropertyValueSpecification","valueRequired":true,"valueName":"search_term_string"}}],"inLanguage":"en-GB"},{"@type":"Organization","@id":"https:\/\/raymarine.ee\/#organization","name":"NavSystems O\u00dc","url":"https:\/\/raymarine.ee\/","logo":{"@type":"ImageObject","inLanguage":"en-GB","@id":"https:\/\/raymarine.ee\/#\/schema\/logo\/image\/","url":"https:\/\/raymarine.ee\/wp-content\/uploads\/2024\/10\/Screenshot-2024-10-15-151324_bg_removed.webp","contentUrl":"https:\/\/raymarine.ee\/wp-content\/uploads\/2024\/10\/Screenshot-2024-10-15-151324_bg_removed.webp","width":420,"height":276,"caption":"NavSystems O\u00dc"},"image":{"@id":"https:\/\/raymarine.ee\/#\/schema\/logo\/image\/"},"sameAs":["https:\/\/www.facebook.com\/NavSystems"],"legalName":"NavSystems O\u00dc","foundingDate":"2011-05-03","numberOfEmployees":{"@type":"QuantitativeValue","minValue":"1","maxValue":"10"}}]},"product_price_amount":"53.50","product_price_currency":"EUR","og_availability":"instock","product_availability":"instock","product_retailer_item_id":"E26033","product_condition":"new"},"jetpack_sharing_enabled":true,"_links":{"self":[{"href":"https:\/\/raymarine.ee\/en\/wp-json\/wp\/v2\/product\/10904","targetHints":{"allow":["GET"]}}],"collection":[{"href":"https:\/\/raymarine.ee\/en\/wp-json\/wp\/v2\/product"}],"about":[{"href":"https:\/\/raymarine.ee\/en\/wp-json\/wp\/v2\/types\/product"}],"wp:featuredmedia":[{"embeddable":true,"href":"https:\/\/raymarine.ee\/en\/wp-json\/wp\/v2\/media\/10905"}],"wp:attachment":[{"href":"https:\/\/raymarine.ee\/en\/wp-json\/wp\/v2\/media?parent=10904"}],"wp:term":[{"taxonomy":"product_brand","embeddable":true,"href":"https:\/\/raymarine.ee\/en\/wp-json\/wp\/v2\/product_brand?post=10904"},{"taxonomy":"product_cat","embeddable":true,"href":"https:\/\/raymarine.ee\/en\/wp-json\/wp\/v2\/product_cat?post=10904"},{"taxonomy":"product_tag","embeddable":true,"href":"https:\/\/raymarine.ee\/en\/wp-json\/wp\/v2\/product_tag?post=10904"}],"curies":[{"name":"wp","href":"https:\/\/api.w.org\/{rel}","templated":true}]}}