{"id":10906,"date":"2026-04-30T17:38:13","date_gmt":"2026-04-30T14:38:13","guid":{"rendered":"https:\/\/raymarine.ee\/?post_type=product&#038;p=10906"},"modified":"2026-04-30T19:45:29","modified_gmt":"2026-04-30T16:45:29","slug":"axiom-xl-alarm-buzzer-stng","status":"publish","type":"product","link":"https:\/\/raymarine.ee\/en\/product\/axiom-xl-alarm-buzzer-stng\/","title":{"rendered":"STNG Auxiliary Alarm + 1m STNG Spur"},"content":{"rendered":"<p>V\u00e4ga vajalik lisa paljude Raymarine seadmete alarmsignaalide dubleerimiseks ja v\u00f5imendamiseks. Raymarine STNG Auxillary Alarm ei dubleeri plotterite ja instrumentide nuppude vajutamise vaikseid signaale, tegemist on p\u00e4ris ohu alarmsignaalide v\u00f5imendajaga. Selle v\u00e4lise alarmi saate \u00fchendada otse STNG v\u00f5rku. NB! See alarm teeb t\u00f5eliselt k\u00f5va heli ja on sobilik paigutada laevas kohta kus k\u00f5ik meeskonnaliikmed peavad alarmi kuulma v\u00f5i selle peale lausa \u00fclesse \u00e4rkama. Alarmiga on kaasas 1 meetri pikkune nurgaga STNG SPUR kaabel. See v\u00e4line STNG v\u00f5rku \u00fchendatav alarm edastab alarmid j\u00e4rgmistest seadmetest.<\/p>\n<ul>\n<li>Raymarine i70<\/li>\n<li>Raymarine i70S<\/li>\n<li>Raymarine AIS700<\/li>\n<li>Raymarine Autopilot ACU systems<\/li>\n<li>Raymarine e series<\/li>\n<li>Raymarine gS series<\/li>\n<li>Raymarine Axiom series<\/li>\n<li>Raymarine Axiom+ series<\/li>\n<li>Raymarine Axiom Pro series<\/li>\n<li>Raymarine Axiom 2 Pro series<\/li>\n<li>Raymarine Axiom XL series<\/li>\n<li>Raymarine Axiom 2 XL series<\/li>\n<li>Raymarine Axiom 2 series<\/li>\n<\/ul>\n<p><strong><br \/>\nJuhend<\/strong><\/p>\n<p>Lae alle\u00a0<a href=\"https:\/\/raymarine.ee\/wp-content\/uploads\/2026\/04\/SeaTalkng-Reference-manual-81300-1-EN-1.pdf\" target=\"_blank\" rel=\"noopener\" data-wpel-link=\"internal\">STNG p\u00f5him\u00f5tte- ja paigaldusjuhend<\/a><\/p>\n<p>Download <a href=\"https:\/\/raymarine.ee\/wp-content\/uploads\/2026\/04\/Raymarine-auxilary-alrm-A80614-manual.pdf\" target=\"_blank\" rel=\"noopener\">External Auxillary Alarm<\/a> Installation guide<\/p>\n<p><strong><a href=\"https:\/\/raymarine.ee\/product-category\/axiom-axiom2-kaardiplotter-axiom2-pro\/axiomaxiom\/\">Products<\/a><\/strong><\/p>","protected":false},"excerpt":{"rendered":"<p>V\u00e4ga vajalik lisa paljude Raymarine seadmete alarmsignaalide dubleerimiseks ja v\u00f5imendamiseks. Raymarine STNG Auxillary Alarm ei dubleeri plotterite ja instrumentide nuppude vajutamise vaikseid signaale, tegemist on p\u00e4ris ohu alarmsignaalide v\u00f5imendajaga. Selle v\u00e4lise alarmi saate \u00fchendada otse STNG v\u00f5rku. NB! See alarm teeb t\u00f5eliselt k\u00f5va heli ja on sobilik paigutada laevas kohta kus k\u00f5ik meeskonnaliikmed peavad alarmi kuulma v\u00f5i selle peale lausa \u00fclesse \u00e4rkama. Alarmiga on kaasas 1 meetri pikkune nurgaga STNG SPUR kaabel. Tutvu kindlasti ka selle toote juhenditega ja k\u00fcsimuste korral pea n\u00f5u meie spetsialistiga.<\/p>","protected":false},"featured_media":10907,"template":"","meta":{"_acf_changed":false},"product_brand":[134],"product_cat":[59,83],"product_tag":[],"class_list":{"0":"post-10906","1":"product","2":"type-product","3":"status-publish","4":"has-post-thumbnail","6":"product_brand-raymarine","7":"product_cat-axiom_xl","8":"product_cat-stng_tarvikud","10":"first","11":"instock","12":"sale","13":"taxable","14":"shipping-taxable","15":"purchasable","16":"product-type-simple"},"acf":[],"yoast_head":"<!-- This site is optimized with the Yoast SEO Premium plugin v27.5 (Yoast SEO v27.5) - https:\/\/yoast.com\/product\/yoast-seo-premium-wordpress\/ -->\n<title>STNG Auxillary Alarm: V\u00e4ga k\u00f5va heliga alarm otse STNG v\u00f5rku.<\/title>\n<meta name=\"description\" content=\"STNG Auxillary Alarm sobib paljude Raymarine seadmete alarmide v\u00f5imendamiseks. Tagage oma laeva turvalisus ja \u00fchendage see alarm STNG v\u00f5rku juba t\u00e4na!\" \/>\n<meta name=\"robots\" content=\"index, follow, max-snippet:-1, max-image-preview:large, max-video-preview:-1\" \/>\n<link rel=\"canonical\" href=\"https:\/\/raymarine.ee\/en\/product\/axiom-xl-alarm-buzzer-stng\/\" \/>\n<meta property=\"og:locale\" content=\"en_GB\" \/>\n<meta property=\"og:type\" content=\"article\" \/>\n<meta property=\"og:title\" content=\"STNG Auxillary Alarm + 1m STNG Spur\" \/>\n<meta property=\"og:description\" content=\"STNG Auxillary Alarm sobib paljude Raymarine seadmete alarmide v\u00f5imendamiseks. Tagage oma laeva turvalisus ja \u00fchendage see alarm STNG v\u00f5rku juba t\u00e4na!\" \/>\n<meta property=\"og:url\" content=\"https:\/\/raymarine.ee\/en\/product\/axiom-xl-alarm-buzzer-stng\/\" \/>\n<meta property=\"og:site_name\" content=\"NavSystems\" \/>\n<meta property=\"article:publisher\" content=\"https:\/\/www.facebook.com\/NavSystems\" \/>\n<meta property=\"article:modified_time\" content=\"2026-04-30T16:45:29+00:00\" \/>\n<meta property=\"og:image\" content=\"https:\/\/raymarine.ee\/wp-content\/uploads\/2026\/04\/A80614-external-alarm-buzzer-stng.webp\" \/>\n\t<meta property=\"og:image:width\" content=\"840\" \/>\n\t<meta property=\"og:image:height\" content=\"600\" \/>\n\t<meta property=\"og:image:type\" content=\"image\/webp\" \/>\n<meta name=\"twitter:card\" content=\"summary_large_image\" \/>\n<meta name=\"twitter:label1\" content=\"Price\" \/>\n\t<meta name=\"twitter:data1\" content=\"189,72&nbsp;&euro;\" \/>\n\t<meta name=\"twitter:label2\" content=\"Availability\" \/>\n\t<meta name=\"twitter:data2\" content=\"In stock\" \/>\n<script type=\"application\/ld+json\" class=\"yoast-schema-graph\">{\"@context\":\"https:\\\/\\\/schema.org\",\"@graph\":[{\"@type\":\"WebPage\",\"@id\":\"https:\\\/\\\/raymarine.ee\\\/product\\\/axiom-xl-alarm-buzzer-stng\\\/\",\"url\":\"https:\\\/\\\/raymarine.ee\\\/product\\\/axiom-xl-alarm-buzzer-stng\\\/\",\"name\":\"STNG Auxillary Alarm: V\u00e4ga k\u00f5va heliga alarm otse STNG v\u00f5rku.\",\"isPartOf\":{\"@id\":\"https:\\\/\\\/raymarine.ee\\\/#website\"},\"primaryImageOfPage\":{\"@id\":\"https:\\\/\\\/raymarine.ee\\\/product\\\/axiom-xl-alarm-buzzer-stng\\\/#primaryimage\"},\"image\":{\"@id\":\"https:\\\/\\\/raymarine.ee\\\/product\\\/axiom-xl-alarm-buzzer-stng\\\/#primaryimage\"},\"thumbnailUrl\":\"https:\\\/\\\/raymarine.ee\\\/wp-content\\\/uploads\\\/2026\\\/04\\\/A80614-external-alarm-buzzer-stng.webp\",\"datePublished\":\"2026-04-30T14:38:13+00:00\",\"dateModified\":\"2026-04-30T16:45:29+00:00\",\"description\":\"STNG Auxillary Alarm sobib paljude Raymarine seadmete alarmide v\u00f5imendamiseks. Tagage oma laeva turvalisus ja \u00fchendage see alarm STNG v\u00f5rku juba t\u00e4na!\",\"breadcrumb\":{\"@id\":\"https:\\\/\\\/raymarine.ee\\\/product\\\/axiom-xl-alarm-buzzer-stng\\\/#breadcrumb\"},\"inLanguage\":\"en-GB\",\"potentialAction\":[{\"@type\":\"ReadAction\",\"target\":[\"https:\\\/\\\/raymarine.ee\\\/product\\\/axiom-xl-alarm-buzzer-stng\\\/\"]}]},{\"@type\":\"ImageObject\",\"inLanguage\":\"en-GB\",\"@id\":\"https:\\\/\\\/raymarine.ee\\\/product\\\/axiom-xl-alarm-buzzer-stng\\\/#primaryimage\",\"url\":\"https:\\\/\\\/raymarine.ee\\\/wp-content\\\/uploads\\\/2026\\\/04\\\/A80614-external-alarm-buzzer-stng.webp\",\"contentUrl\":\"https:\\\/\\\/raymarine.ee\\\/wp-content\\\/uploads\\\/2026\\\/04\\\/A80614-external-alarm-buzzer-stng.webp\",\"width\":840,\"height\":600,\"caption\":\"A80614-external-alarm-stng\"},{\"@type\":\"BreadcrumbList\",\"@id\":\"https:\\\/\\\/raymarine.ee\\\/product\\\/axiom-xl-alarm-buzzer-stng\\\/#breadcrumb\",\"itemListElement\":[{\"@type\":\"ListItem\",\"position\":1,\"name\":\"Home\",\"item\":\"https:\\\/\\\/raymarine.ee\\\/\"},{\"@type\":\"ListItem\",\"position\":2,\"name\":\"Tooted\",\"item\":\"https:\\\/\\\/raymarine.ee\\\/shop\\\/\"},{\"@type\":\"ListItem\",\"position\":3,\"name\":\"STNG Auxillary Alarm + 1m STNG Spur\"}]},{\"@type\":\"WebSite\",\"@id\":\"https:\\\/\\\/raymarine.ee\\\/#website\",\"url\":\"https:\\\/\\\/raymarine.ee\\\/\",\"name\":\"www.raymarine.ee\",\"description\":\"Mereelektroonika, kaardiplotter, autopiloot, pinnipiloot, roolipiloot, radar, AIS, VHF, Smart Wind\",\"publisher\":{\"@id\":\"https:\\\/\\\/raymarine.ee\\\/#organization\"},\"alternateName\":\"Raymarine\",\"potentialAction\":[{\"@type\":\"SearchAction\",\"target\":{\"@type\":\"EntryPoint\",\"urlTemplate\":\"https:\\\/\\\/raymarine.ee\\\/?s={search_term_string}\"},\"query-input\":{\"@type\":\"PropertyValueSpecification\",\"valueRequired\":true,\"valueName\":\"search_term_string\"}}],\"inLanguage\":\"en-GB\"},{\"@type\":\"Organization\",\"@id\":\"https:\\\/\\\/raymarine.ee\\\/#organization\",\"name\":\"NavSystems O\u00dc\",\"url\":\"https:\\\/\\\/raymarine.ee\\\/\",\"logo\":{\"@type\":\"ImageObject\",\"inLanguage\":\"en-GB\",\"@id\":\"https:\\\/\\\/raymarine.ee\\\/#\\\/schema\\\/logo\\\/image\\\/\",\"url\":\"https:\\\/\\\/raymarine.ee\\\/wp-content\\\/uploads\\\/2024\\\/10\\\/Screenshot-2024-10-15-151324_bg_removed.webp\",\"contentUrl\":\"https:\\\/\\\/raymarine.ee\\\/wp-content\\\/uploads\\\/2024\\\/10\\\/Screenshot-2024-10-15-151324_bg_removed.webp\",\"width\":420,\"height\":276,\"caption\":\"NavSystems O\u00dc\"},\"image\":{\"@id\":\"https:\\\/\\\/raymarine.ee\\\/#\\\/schema\\\/logo\\\/image\\\/\"},\"sameAs\":[\"https:\\\/\\\/www.facebook.com\\\/NavSystems\"],\"legalName\":\"NavSystems O\u00dc\",\"foundingDate\":\"2011-05-03\",\"numberOfEmployees\":{\"@type\":\"QuantitativeValue\",\"minValue\":\"1\",\"maxValue\":\"10\"}}]}<\/script>\n<meta property=\"product:price:amount\" content=\"189.72\" \/>\n<meta property=\"product:price:currency\" content=\"EUR\" \/>\n<meta property=\"og:availability\" content=\"instock\" \/>\n<meta property=\"product:availability\" content=\"instock\" \/>\n<meta property=\"product:retailer_item_id\" content=\"A80614\" \/>\n<meta property=\"product:condition\" content=\"new\" \/>\n<!-- \/ Yoast SEO Premium plugin. -->","yoast_head_json":{"title":"STNG Auxillary Alarm: V\u00e4ga k\u00f5va heliga alarm otse STNG v\u00f5rku.","description":"STNG Auxillary Alarm sobib paljude Raymarine seadmete alarmide v\u00f5imendamiseks. Tagage oma laeva turvalisus ja \u00fchendage see alarm STNG v\u00f5rku juba t\u00e4na!","robots":{"index":"index","follow":"follow","max-snippet":"max-snippet:-1","max-image-preview":"max-image-preview:large","max-video-preview":"max-video-preview:-1"},"canonical":"https:\/\/raymarine.ee\/en\/product\/axiom-xl-alarm-buzzer-stng\/","og_locale":"en_GB","og_type":"article","og_title":"STNG Auxillary Alarm + 1m STNG Spur","og_description":"STNG Auxillary Alarm sobib paljude Raymarine seadmete alarmide v\u00f5imendamiseks. Tagage oma laeva turvalisus ja \u00fchendage see alarm STNG v\u00f5rku juba t\u00e4na!","og_url":"https:\/\/raymarine.ee\/en\/product\/axiom-xl-alarm-buzzer-stng\/","og_site_name":"NavSystems","article_publisher":"https:\/\/www.facebook.com\/NavSystems","article_modified_time":"2026-04-30T16:45:29+00:00","og_image":[{"width":840,"height":600,"url":"https:\/\/raymarine.ee\/wp-content\/uploads\/2026\/04\/A80614-external-alarm-buzzer-stng.webp","type":"image\/webp"}],"twitter_card":"summary_large_image","twitter_misc":{"Price":"189,72&nbsp;&euro;","Availability":"In stock"},"schema":{"@context":"https:\/\/schema.org","@graph":[{"@type":"WebPage","@id":"https:\/\/raymarine.ee\/product\/axiom-xl-alarm-buzzer-stng\/","url":"https:\/\/raymarine.ee\/product\/axiom-xl-alarm-buzzer-stng\/","name":"STNG Auxillary Alarm: V\u00e4ga k\u00f5va heliga alarm otse STNG v\u00f5rku.","isPartOf":{"@id":"https:\/\/raymarine.ee\/#website"},"primaryImageOfPage":{"@id":"https:\/\/raymarine.ee\/product\/axiom-xl-alarm-buzzer-stng\/#primaryimage"},"image":{"@id":"https:\/\/raymarine.ee\/product\/axiom-xl-alarm-buzzer-stng\/#primaryimage"},"thumbnailUrl":"https:\/\/raymarine.ee\/wp-content\/uploads\/2026\/04\/A80614-external-alarm-buzzer-stng.webp","datePublished":"2026-04-30T14:38:13+00:00","dateModified":"2026-04-30T16:45:29+00:00","description":"STNG Auxillary Alarm sobib paljude Raymarine seadmete alarmide v\u00f5imendamiseks. Tagage oma laeva turvalisus ja \u00fchendage see alarm STNG v\u00f5rku juba t\u00e4na!","breadcrumb":{"@id":"https:\/\/raymarine.ee\/product\/axiom-xl-alarm-buzzer-stng\/#breadcrumb"},"inLanguage":"en-GB","potentialAction":[{"@type":"ReadAction","target":["https:\/\/raymarine.ee\/product\/axiom-xl-alarm-buzzer-stng\/"]}]},{"@type":"ImageObject","inLanguage":"en-GB","@id":"https:\/\/raymarine.ee\/product\/axiom-xl-alarm-buzzer-stng\/#primaryimage","url":"https:\/\/raymarine.ee\/wp-content\/uploads\/2026\/04\/A80614-external-alarm-buzzer-stng.webp","contentUrl":"https:\/\/raymarine.ee\/wp-content\/uploads\/2026\/04\/A80614-external-alarm-buzzer-stng.webp","width":840,"height":600,"caption":"A80614-external-alarm-stng"},{"@type":"BreadcrumbList","@id":"https:\/\/raymarine.ee\/product\/axiom-xl-alarm-buzzer-stng\/#breadcrumb","itemListElement":[{"@type":"ListItem","position":1,"name":"Home","item":"https:\/\/raymarine.ee\/"},{"@type":"ListItem","position":2,"name":"Tooted","item":"https:\/\/raymarine.ee\/shop\/"},{"@type":"ListItem","position":3,"name":"STNG Auxillary Alarm + 1m STNG Spur"}]},{"@type":"WebSite","@id":"https:\/\/raymarine.ee\/#website","url":"https:\/\/raymarine.ee\/","name":"www.raymarine.ee","description":"Marine electronics, chartplotter, autopilot, stern pilot, steering pilot, radar, AIS, VHF, Smart Wind","publisher":{"@id":"https:\/\/raymarine.ee\/#organization"},"alternateName":"Raymarine","potentialAction":[{"@type":"SearchAction","target":{"@type":"EntryPoint","urlTemplate":"https:\/\/raymarine.ee\/?s={search_term_string}"},"query-input":{"@type":"PropertyValueSpecification","valueRequired":true,"valueName":"search_term_string"}}],"inLanguage":"en-GB"},{"@type":"Organization","@id":"https:\/\/raymarine.ee\/#organization","name":"NavSystems O\u00dc","url":"https:\/\/raymarine.ee\/","logo":{"@type":"ImageObject","inLanguage":"en-GB","@id":"https:\/\/raymarine.ee\/#\/schema\/logo\/image\/","url":"https:\/\/raymarine.ee\/wp-content\/uploads\/2024\/10\/Screenshot-2024-10-15-151324_bg_removed.webp","contentUrl":"https:\/\/raymarine.ee\/wp-content\/uploads\/2024\/10\/Screenshot-2024-10-15-151324_bg_removed.webp","width":420,"height":276,"caption":"NavSystems O\u00dc"},"image":{"@id":"https:\/\/raymarine.ee\/#\/schema\/logo\/image\/"},"sameAs":["https:\/\/www.facebook.com\/NavSystems"],"legalName":"NavSystems O\u00dc","foundingDate":"2011-05-03","numberOfEmployees":{"@type":"QuantitativeValue","minValue":"1","maxValue":"10"}}]},"product_price_amount":"189.72","product_price_currency":"EUR","og_availability":"instock","product_availability":"instock","product_retailer_item_id":"A80614","product_condition":"new"},"jetpack_sharing_enabled":true,"_links":{"self":[{"href":"https:\/\/raymarine.ee\/en\/wp-json\/wp\/v2\/product\/10906","targetHints":{"allow":["GET"]}}],"collection":[{"href":"https:\/\/raymarine.ee\/en\/wp-json\/wp\/v2\/product"}],"about":[{"href":"https:\/\/raymarine.ee\/en\/wp-json\/wp\/v2\/types\/product"}],"wp:featuredmedia":[{"embeddable":true,"href":"https:\/\/raymarine.ee\/en\/wp-json\/wp\/v2\/media\/10907"}],"wp:attachment":[{"href":"https:\/\/raymarine.ee\/en\/wp-json\/wp\/v2\/media?parent=10906"}],"wp:term":[{"taxonomy":"product_brand","embeddable":true,"href":"https:\/\/raymarine.ee\/en\/wp-json\/wp\/v2\/product_brand?post=10906"},{"taxonomy":"product_cat","embeddable":true,"href":"https:\/\/raymarine.ee\/en\/wp-json\/wp\/v2\/product_cat?post=10906"},{"taxonomy":"product_tag","embeddable":true,"href":"https:\/\/raymarine.ee\/en\/wp-json\/wp\/v2\/product_tag?post=10906"}],"curies":[{"name":"wp","href":"https:\/\/api.w.org\/{rel}","templated":true}]}}