{"id":11066,"date":"2026-05-03T23:12:04","date_gmt":"2026-05-03T20:12:04","guid":{"rendered":"https:\/\/raymarine.ee\/?post_type=product&#038;p=11066"},"modified":"2026-05-05T07:13:51","modified_gmt":"2026-05-05T04:13:51","slug":"strong-nail-polish-remover","status":"publish","type":"product","link":"https:\/\/raymarine.ee\/en\/product\/stng-spur-pistiku-pime-kork\/","title":{"rendered":"STNG SPUR socket protective cap"},"content":{"rendered":"<p>Blanking Plug \u2013 in Estonian simply \u201cblind\u201d or protective cap is a necessary accessory to protect the empty white SPUR (branch cable) sockets of STNG 5-Way connectors. It is sensible to choose STNG connectors so that a few free SPUR cable sockets always remain free for the future. There should definitely be a few free SPUR cable sockets at the captain's table and near the control stations. These empty \u201choles\u201d should initially be covered with blanking plugs. The STNG network blanking plug is not suitable for the blue socket of the STNG connector because the pin holes do not match, and a correctly built STNG network cannot have any empty blue BackBone sockets. The Raymarine STNG SPUR cable is a branch cable through which devices (blue\/black) are connected to the BackBone cable, which is, as the name suggests, the \u201cbackbone\u201d cable. The BackBone cable runs throughout the boat from the beginning to the end of the STNG network, and it is sensible to assemble the network from cables of different lengths in such a way that it is possible to make breaks and add T-connectors or 5-Way connectors at locations where different STNG instruments need to be added. The BackBone is the main cable of the STNG network, and to start, continue, or terminate the network, STNG terminators, connectors, and a 12V power supply must be added. STNG blue and white cables cannot be connected incorrectly; in addition to color coding, STNG cables also have different pin arrangements. Before using the product, familiarise yourself with the operating principles of the STNG (NMEA2000) network. NB! The blue and white nuts of the STNG connector sockets should only be turned a quarter of a turn. Corresponding markings are indicated on the product.<\/p>\n<p><strong>Instructions:<\/strong><\/p>\n<p>Download\u00a0<a href=\"https:\/\/raymarine.ee\/wp-content\/uploads\/2026\/04\/SeaTalkng-Reference-manual-81300-1-EN-1.pdf\" target=\"_blank\" rel=\"noopener\" data-wpel-link=\"internal\">STNG Network General Guide<\/a><\/p>","protected":false},"excerpt":{"rendered":"<p>Blanking Plug &#8211; Eesti keeles lihtsalt &#8220;pime&#8221; v\u00f5i kaitsekork on vajalik tarvik, et kaitsta STNG 5-Way liitmike t\u00fchjaks j\u00e4\u00e4nud valgeid SPUR (harukaabli) pesasid. M\u00f5istlik on STNG liitmikke valida nii, et m\u00f5ned vabad SPUR kaabli pesad j\u00e4\u00e4vad alati tuleviku jaoks vabaks. Kaptenilauas ja juhtimiskohtade l\u00e4hedal peaks kindlasti j\u00e4\u00e4ma m\u00f5ni vaba SPUR kaabli pesa. Need t\u00fchjad &#8220;augud&#8221; tuleks alguses kinni katta pimedate korkidega. STNG v\u00f5rgu pime kork ei sobi STNG liitmiku sinisesse pesasse sest pinni augud ei sobi ja \u00f5igesti ehitatud STNG v\u00f5rgul ei saa olla mitte \u00fchtegi t\u00fchja sinist BackBone pesa. Raymarine STNG SPUR kaabel on harukaabel mille kaudu \u00fchendatakse seadmed (sinine\/must) BackBone kaabliga, mis on nagu ka nimi \u00fctleb on &#8220;selgroo&#8221; kaabel. BackBone kaabel kulgeb paadis STNG v\u00f5rgu algusest l\u00f5puni ja m\u00f5istlik on v\u00f5rk koostada erinevate pikkustega kaablitest selliselt, et oleks v\u00f5imalik teha katkestused ja lisada T-liitmikuid v\u00f5i 5-Way liitmikuid kohtadesse kuhu on vaja lisada erinevaid STNG instrumente. BackBone on STNG v\u00f5rgu p\u00f5hikaabel ja v\u00f5rgu alustamiseks, j\u00e4tkamiseks v\u00f5i l\u00f5petamiseks tuleb lisada STNG terminaatorid, liitmikud ja 12V toide. STNG Siniseid ja valgeid kaableid ei saa valesti \u00fchendada, lisaks v\u00e4rvikodeeringule on STNG kaablitel ka erinev pinnide paigutus. Enne toote kasutamist tutvu STNG (NMEA2000) v\u00f5rgu t\u00f6\u00f6p\u00f5him\u00f5ttega. NB! STNG liitmike pistikupesade siniseid- ja valgeid mutreid tuleb keerata ainult veerand ringi. Vastavad t\u00e4histused on toote peale m\u00e4rgitud. Tutvu kindlasti ka selle toote juhenditega ja k\u00fcsimuste korral pea n\u00f5u meie spetsialistiga.<\/p>","protected":false},"featured_media":11067,"template":"","meta":{"_acf_changed":false},"product_brand":[134],"product_cat":[72,83],"product_tag":[],"class_list":{"0":"post-11066","1":"product","2":"type-product","3":"status-publish","4":"has-post-thumbnail","6":"product_brand-raymarine","7":"product_cat-tarvikud","8":"product_cat-stng_tarvikud","10":"first","11":"instock","12":"sale","13":"taxable","14":"shipping-taxable","15":"purchasable","16":"product-type-simple"},"acf":[],"yoast_head":"<!-- This site is optimized with the Yoast SEO Premium plugin v27.5 (Yoast SEO v27.5) - https:\/\/yoast.com\/product\/yoast-seo-premium-wordpress\/ -->\n<title>STNG Blanking Plug - Kaitsekork t\u00fchjadele STNG SPUR pesadele<\/title>\n<meta name=\"description\" content=\"STNG blanking plug hoiab t\u00fchjad SPUR pesad mustuse ja pritsmete eest kaitstuna. Vaata oma v\u00f5rk \u00fcle ja kaitse t\u00fchjasi STNG pesasid selle kaitsekorgiga.\" \/>\n<meta name=\"robots\" content=\"index, follow, max-snippet:-1, max-image-preview:large, max-video-preview:-1\" \/>\n<link rel=\"canonical\" href=\"https:\/\/raymarine.ee\/en\/product\/strong-nail-polish-remover\/\" \/>\n<meta property=\"og:locale\" content=\"en_GB\" \/>\n<meta property=\"og:type\" content=\"article\" \/>\n<meta property=\"og:title\" content=\"STNG SPUR pistikupesa kaitsekork\" \/>\n<meta property=\"og:description\" content=\"STNG blanking plug hoiab t\u00fchjad SPUR pesad mustuse ja pritsmete eest kaitstuna. Vaata oma v\u00f5rk \u00fcle ja kaitse t\u00fchjasi STNG pesasid selle kaitsekorgiga.\" \/>\n<meta property=\"og:url\" content=\"https:\/\/raymarine.ee\/en\/product\/strong-nail-polish-remover\/\" \/>\n<meta property=\"og:site_name\" content=\"NavSystems\" \/>\n<meta property=\"article:publisher\" content=\"https:\/\/www.facebook.com\/NavSystems\" \/>\n<meta property=\"article:modified_time\" content=\"2026-05-05T04:13:51+00:00\" \/>\n<meta property=\"og:image\" content=\"https:\/\/raymarine.ee\/wp-content\/uploads\/2026\/05\/A06032-stng-blanking-plug.webp\" \/>\n\t<meta property=\"og:image:width\" content=\"840\" \/>\n\t<meta property=\"og:image:height\" content=\"600\" \/>\n\t<meta property=\"og:image:type\" content=\"image\/webp\" \/>\n<meta name=\"twitter:card\" content=\"summary_large_image\" \/>\n<meta name=\"twitter:label1\" content=\"Price\" \/>\n\t<meta name=\"twitter:data1\" content=\"5,90&nbsp;&euro;\" \/>\n\t<meta name=\"twitter:label2\" content=\"Availability\" \/>\n\t<meta name=\"twitter:data2\" content=\"In stock\" \/>\n<script type=\"application\/ld+json\" class=\"yoast-schema-graph\">{\"@context\":\"https:\\\/\\\/schema.org\",\"@graph\":[{\"@type\":\"WebPage\",\"@id\":\"https:\\\/\\\/raymarine.ee\\\/product\\\/stng-spur-pistiku-pime-kork\\\/\",\"url\":\"https:\\\/\\\/raymarine.ee\\\/product\\\/stng-spur-pistiku-pime-kork\\\/\",\"name\":\"STNG Blanking Plug - Kaitsekork t\u00fchjadele STNG SPUR pesadele\",\"isPartOf\":{\"@id\":\"https:\\\/\\\/raymarine.ee\\\/#website\"},\"primaryImageOfPage\":{\"@id\":\"https:\\\/\\\/raymarine.ee\\\/product\\\/stng-spur-pistiku-pime-kork\\\/#primaryimage\"},\"image\":{\"@id\":\"https:\\\/\\\/raymarine.ee\\\/product\\\/stng-spur-pistiku-pime-kork\\\/#primaryimage\"},\"thumbnailUrl\":\"https:\\\/\\\/raymarine.ee\\\/wp-content\\\/uploads\\\/2026\\\/05\\\/A06032-stng-blanking-plug.webp\",\"datePublished\":\"2026-05-03T20:12:04+00:00\",\"dateModified\":\"2026-05-05T04:13:51+00:00\",\"description\":\"STNG blanking plug hoiab t\u00fchjad SPUR pesad mustuse ja pritsmete eest kaitstuna. Vaata oma v\u00f5rk \u00fcle ja kaitse t\u00fchjasi STNG pesasid selle kaitsekorgiga.\",\"breadcrumb\":{\"@id\":\"https:\\\/\\\/raymarine.ee\\\/product\\\/stng-spur-pistiku-pime-kork\\\/#breadcrumb\"},\"inLanguage\":\"en-GB\",\"potentialAction\":[{\"@type\":\"ReadAction\",\"target\":[\"https:\\\/\\\/raymarine.ee\\\/product\\\/stng-spur-pistiku-pime-kork\\\/\"]}]},{\"@type\":\"ImageObject\",\"inLanguage\":\"en-GB\",\"@id\":\"https:\\\/\\\/raymarine.ee\\\/product\\\/stng-spur-pistiku-pime-kork\\\/#primaryimage\",\"url\":\"https:\\\/\\\/raymarine.ee\\\/wp-content\\\/uploads\\\/2026\\\/05\\\/A06032-stng-blanking-plug.webp\",\"contentUrl\":\"https:\\\/\\\/raymarine.ee\\\/wp-content\\\/uploads\\\/2026\\\/05\\\/A06032-stng-blanking-plug.webp\",\"width\":840,\"height\":600,\"caption\":\"A06032-stng-blanking-plug\"},{\"@type\":\"BreadcrumbList\",\"@id\":\"https:\\\/\\\/raymarine.ee\\\/product\\\/stng-spur-pistiku-pime-kork\\\/#breadcrumb\",\"itemListElement\":[{\"@type\":\"ListItem\",\"position\":1,\"name\":\"Home\",\"item\":\"https:\\\/\\\/raymarine.ee\\\/\"},{\"@type\":\"ListItem\",\"position\":2,\"name\":\"Tooted\",\"item\":\"https:\\\/\\\/raymarine.ee\\\/shop\\\/\"},{\"@type\":\"ListItem\",\"position\":3,\"name\":\"STNG SPUR pistikupesa kaitsekork\"}]},{\"@type\":\"WebSite\",\"@id\":\"https:\\\/\\\/raymarine.ee\\\/#website\",\"url\":\"https:\\\/\\\/raymarine.ee\\\/\",\"name\":\"www.raymarine.ee\",\"description\":\"Mereelektroonika, kaardiplotter, autopiloot, pinnipiloot, roolipiloot, radar, AIS, VHF, Smart Wind\",\"publisher\":{\"@id\":\"https:\\\/\\\/raymarine.ee\\\/#organization\"},\"alternateName\":\"Raymarine\",\"potentialAction\":[{\"@type\":\"SearchAction\",\"target\":{\"@type\":\"EntryPoint\",\"urlTemplate\":\"https:\\\/\\\/raymarine.ee\\\/?s={search_term_string}\"},\"query-input\":{\"@type\":\"PropertyValueSpecification\",\"valueRequired\":true,\"valueName\":\"search_term_string\"}}],\"inLanguage\":\"en-GB\"},{\"@type\":\"Organization\",\"@id\":\"https:\\\/\\\/raymarine.ee\\\/#organization\",\"name\":\"NavSystems O\u00dc\",\"url\":\"https:\\\/\\\/raymarine.ee\\\/\",\"logo\":{\"@type\":\"ImageObject\",\"inLanguage\":\"en-GB\",\"@id\":\"https:\\\/\\\/raymarine.ee\\\/#\\\/schema\\\/logo\\\/image\\\/\",\"url\":\"https:\\\/\\\/raymarine.ee\\\/wp-content\\\/uploads\\\/2024\\\/10\\\/Screenshot-2024-10-15-151324_bg_removed.webp\",\"contentUrl\":\"https:\\\/\\\/raymarine.ee\\\/wp-content\\\/uploads\\\/2024\\\/10\\\/Screenshot-2024-10-15-151324_bg_removed.webp\",\"width\":420,\"height\":276,\"caption\":\"NavSystems O\u00dc\"},\"image\":{\"@id\":\"https:\\\/\\\/raymarine.ee\\\/#\\\/schema\\\/logo\\\/image\\\/\"},\"sameAs\":[\"https:\\\/\\\/www.facebook.com\\\/NavSystems\"],\"legalName\":\"NavSystems O\u00dc\",\"foundingDate\":\"2011-05-03\",\"numberOfEmployees\":{\"@type\":\"QuantitativeValue\",\"minValue\":\"1\",\"maxValue\":\"10\"}}]}<\/script>\n<meta property=\"product:price:amount\" content=\"5.90\" \/>\n<meta property=\"product:price:currency\" content=\"EUR\" \/>\n<meta property=\"og:availability\" content=\"instock\" \/>\n<meta property=\"product:availability\" content=\"instock\" \/>\n<meta property=\"product:retailer_item_id\" content=\"A06032\" \/>\n<meta property=\"product:condition\" content=\"new\" \/>\n<!-- \/ Yoast SEO Premium plugin. -->","yoast_head_json":{"title":"STNG Blanking Plug - Protective cap for empty STNG SPUR sockets","description":"The STNG blanking plug keeps empty SPUR slots protected from dirt and splashes. Check your network and protect empty STNG slots with this protective cap.","robots":{"index":"index","follow":"follow","max-snippet":"max-snippet:-1","max-image-preview":"max-image-preview:large","max-video-preview":"max-video-preview:-1"},"canonical":"https:\/\/raymarine.ee\/en\/product\/strong-nail-polish-remover\/","og_locale":"en_GB","og_type":"article","og_title":"STNG SPUR pistikupesa kaitsekork","og_description":"STNG blanking plug hoiab t\u00fchjad SPUR pesad mustuse ja pritsmete eest kaitstuna. Vaata oma v\u00f5rk \u00fcle ja kaitse t\u00fchjasi STNG pesasid selle kaitsekorgiga.","og_url":"https:\/\/raymarine.ee\/en\/product\/strong-nail-polish-remover\/","og_site_name":"NavSystems","article_publisher":"https:\/\/www.facebook.com\/NavSystems","article_modified_time":"2026-05-05T04:13:51+00:00","og_image":[{"width":840,"height":600,"url":"https:\/\/raymarine.ee\/wp-content\/uploads\/2026\/05\/A06032-stng-blanking-plug.webp","type":"image\/webp"}],"twitter_card":"summary_large_image","twitter_misc":{"Price":"5,90&nbsp;&euro;","Availability":"In stock"},"schema":{"@context":"https:\/\/schema.org","@graph":[{"@type":"WebPage","@id":"https:\/\/raymarine.ee\/product\/stng-spur-pistiku-pime-kork\/","url":"https:\/\/raymarine.ee\/product\/stng-spur-pistiku-pime-kork\/","name":"STNG Blanking Plug - Protective cap for empty STNG SPUR sockets","isPartOf":{"@id":"https:\/\/raymarine.ee\/#website"},"primaryImageOfPage":{"@id":"https:\/\/raymarine.ee\/product\/stng-spur-pistiku-pime-kork\/#primaryimage"},"image":{"@id":"https:\/\/raymarine.ee\/product\/stng-spur-pistiku-pime-kork\/#primaryimage"},"thumbnailUrl":"https:\/\/raymarine.ee\/wp-content\/uploads\/2026\/05\/A06032-stng-blanking-plug.webp","datePublished":"2026-05-03T20:12:04+00:00","dateModified":"2026-05-05T04:13:51+00:00","description":"The STNG blanking plug keeps empty SPUR slots protected from dirt and splashes. Check your network and protect empty STNG slots with this protective cap.","breadcrumb":{"@id":"https:\/\/raymarine.ee\/product\/stng-spur-pistiku-pime-kork\/#breadcrumb"},"inLanguage":"en-GB","potentialAction":[{"@type":"ReadAction","target":["https:\/\/raymarine.ee\/product\/stng-spur-pistiku-pime-kork\/"]}]},{"@type":"ImageObject","inLanguage":"en-GB","@id":"https:\/\/raymarine.ee\/product\/stng-spur-pistiku-pime-kork\/#primaryimage","url":"https:\/\/raymarine.ee\/wp-content\/uploads\/2026\/05\/A06032-stng-blanking-plug.webp","contentUrl":"https:\/\/raymarine.ee\/wp-content\/uploads\/2026\/05\/A06032-stng-blanking-plug.webp","width":840,"height":600,"caption":"A06032-stng-blanking-plug"},{"@type":"BreadcrumbList","@id":"https:\/\/raymarine.ee\/product\/stng-spur-pistiku-pime-kork\/#breadcrumb","itemListElement":[{"@type":"ListItem","position":1,"name":"Home","item":"https:\/\/raymarine.ee\/"},{"@type":"ListItem","position":2,"name":"Tooted","item":"https:\/\/raymarine.ee\/shop\/"},{"@type":"ListItem","position":3,"name":"STNG SPUR pistikupesa kaitsekork"}]},{"@type":"WebSite","@id":"https:\/\/raymarine.ee\/#website","url":"https:\/\/raymarine.ee\/","name":"www.raymarine.ee","description":"Marine electronics, chartplotter, autopilot, stern pilot, steering pilot, radar, AIS, VHF, Smart Wind","publisher":{"@id":"https:\/\/raymarine.ee\/#organization"},"alternateName":"Raymarine","potentialAction":[{"@type":"SearchAction","target":{"@type":"EntryPoint","urlTemplate":"https:\/\/raymarine.ee\/?s={search_term_string}"},"query-input":{"@type":"PropertyValueSpecification","valueRequired":true,"valueName":"search_term_string"}}],"inLanguage":"en-GB"},{"@type":"Organization","@id":"https:\/\/raymarine.ee\/#organization","name":"NavSystems O\u00dc","url":"https:\/\/raymarine.ee\/","logo":{"@type":"ImageObject","inLanguage":"en-GB","@id":"https:\/\/raymarine.ee\/#\/schema\/logo\/image\/","url":"https:\/\/raymarine.ee\/wp-content\/uploads\/2024\/10\/Screenshot-2024-10-15-151324_bg_removed.webp","contentUrl":"https:\/\/raymarine.ee\/wp-content\/uploads\/2024\/10\/Screenshot-2024-10-15-151324_bg_removed.webp","width":420,"height":276,"caption":"NavSystems O\u00dc"},"image":{"@id":"https:\/\/raymarine.ee\/#\/schema\/logo\/image\/"},"sameAs":["https:\/\/www.facebook.com\/NavSystems"],"legalName":"NavSystems O\u00dc","foundingDate":"2011-05-03","numberOfEmployees":{"@type":"QuantitativeValue","minValue":"1","maxValue":"10"}}]},"product_price_amount":"5.90","product_price_currency":"EUR","og_availability":"instock","product_availability":"instock","product_retailer_item_id":"A06032","product_condition":"new"},"jetpack_sharing_enabled":true,"_links":{"self":[{"href":"https:\/\/raymarine.ee\/en\/wp-json\/wp\/v2\/product\/11066","targetHints":{"allow":["GET"]}}],"collection":[{"href":"https:\/\/raymarine.ee\/en\/wp-json\/wp\/v2\/product"}],"about":[{"href":"https:\/\/raymarine.ee\/en\/wp-json\/wp\/v2\/types\/product"}],"wp:featuredmedia":[{"embeddable":true,"href":"https:\/\/raymarine.ee\/en\/wp-json\/wp\/v2\/media\/11067"}],"wp:attachment":[{"href":"https:\/\/raymarine.ee\/en\/wp-json\/wp\/v2\/media?parent=11066"}],"wp:term":[{"taxonomy":"product_brand","embeddable":true,"href":"https:\/\/raymarine.ee\/en\/wp-json\/wp\/v2\/product_brand?post=11066"},{"taxonomy":"product_cat","embeddable":true,"href":"https:\/\/raymarine.ee\/en\/wp-json\/wp\/v2\/product_cat?post=11066"},{"taxonomy":"product_tag","embeddable":true,"href":"https:\/\/raymarine.ee\/en\/wp-json\/wp\/v2\/product_tag?post=11066"}],"curies":[{"name":"wp","href":"https:\/\/api.w.org\/{rel}","templated":true}]}}