{"id":11094,"date":"2026-05-04T13:48:36","date_gmt":"2026-05-04T10:48:36","guid":{"rendered":"https:\/\/raymarine.ee\/?post_type=product&#038;p=11094"},"modified":"2026-05-05T17:59:52","modified_gmt":"2026-05-05T14:59:52","slug":"raymarine-p79s-keresisene-smart-andur-nmea2000-ja-stng","status":"publish","type":"product","link":"https:\/\/raymarine.ee\/en\/product\/raymarine-p79s-keresisene-smart-andur-nmea2000-ja-stng\/","title":{"rendered":"Raymarine P79S depth transducer Smart NMEA2000 and STNG"},"content":{"rendered":"<p><strong data-start=\"102\" data-end=\"175\">Raymarine P79S keresisene Smart andur \u2013 t\u00e4pne s\u00fcgavuse n\u00e4it ilma laevakere puurimiseta ja otse STNG v\u00f5rku!<\/strong><br data-start=\"175\" data-end=\"178\" \/>Kere sisse paigaldatavat P79S andurit saab h\u00f5lpsalt seadistada vastavalt kere kaldenurgale kuni 22\u00b0. Anduriga on kaasas korpus mis tuleb liimida p\u00f5hja sisepinnale ja 5Cm \u00fclatuses t\u00e4ita k\u00fclmumiskindla vedelikuga. Seej\u00e4rel kinnitatakse keerdlukuga andur sellesse korpusesse nii, et andur vaataks otse alla. Helilained liiguvad vedelikus t\u00f5husalt l\u00e4bi plastikust kere, pakkudes parimat v\u00f5imalikku keresisese anduri\u00a0 j\u00f5udlust. Anduri t\u00f6\u00f6sagedus on 235 kHz ja see \u00fchendatakse otse SeaTalkNG (NMEA2000) v\u00f5rku. Adapterkaabel <a href=\"https:\/\/raymarine.ee\/product\/devicenet-female-to-stng-spur-female-adaptor-cable-400-mm\/\">A06045<\/a> on komplektis kaasas. Paigaldamiseks pole vaja kere sisse auku puurida, P79s andur sobib klaasplastikust laevakeredele. NB! See andur n\u00e4itab ainult s\u00fcgavust, veetemperatuuri n\u00e4itu, p\u00f5hja struktuuri- ja kala pilti sellest andurist ei tule!<\/p>\n<ul>\n<li>235 kHz sagedus<\/li>\n<li>NMEA2000 to SeaTalkNG adapter<\/li>\n<li>A hole needs to be made in the body<\/li>\n<li>Suitable for fibreglass boat hulls<\/li>\n<li>Kaldenurk on seadistatav kuni 22\u00ba<\/li>\n<\/ul>\n<p><strong><br \/>\nGuides<\/strong><\/p>\n<p>Download <a href=\"https:\/\/raymarine.ee\/wp-content\/uploads\/2026\/05\/P79s-datasheet.pdf\" target=\"_blank\" rel=\"noopener\">P79S Smart anduri teabeleht<\/a><\/p>\n<p>Download <a href=\"https:\/\/raymarine.ee\/wp-content\/uploads\/2026\/05\/P79-P79S-installation-instruction.pdf\" target=\"_blank\" rel=\"noopener\">P79S Smart anduri paigaldusjuhend<\/a><\/p>","protected":false},"excerpt":{"rendered":"<p><strong data-start=\"102\" data-end=\"175\">Raymarine P79S keresisene Smart andur.<\/strong><br data-start=\"175\" data-end=\"178\" \/>Kere sisse paigaldatavat P79S andurit saab h\u00f5lpsalt seadistada vastavalt kere kaldenurgale kuni 22\u00b0. Anduriga on kaasas korpus mis tuleb liimida p\u00f5hja sisepinnale ja 5Cm \u00fclatuses t\u00e4ita k\u00fclmumiskindla vedelikuga. Seej\u00e4rel kinnitatakse keerdlukuga andur sellesse korpusesse nii, et andur vaataks otse alla. Helilained liiguvad vedelikus t\u00f5husalt l\u00e4bi plastikust kere pakkudes parimat v\u00f5imalikku keresisese anduri\u00a0 j\u00f5udlust. Anduri t\u00f6\u00f6sagedus on 235 kHz ja see \u00fchendatakse otse SeaTalkNG (NMEA2000) v\u00f5rku. Adapterkaabel <a href=\"https:\/\/raymarine.ee\/product\/devicenet-female-to-stng-spur-female-adaptor-cable-400-mm\/\">A06045<\/a> on komplektis kaasas. Paigaldamiseks pole vaja kere sisse auku puurida, P79s andur sobib klaasplastikust laevakeredele. NB! See andur n\u00e4itab ainult s\u00fcgavust, veetemperatuuri n\u00e4itu, p\u00f5hja struktuuri- ja kala pilti sellest andurist ei tule! Tutvu selle anduri juhenditega ja vajadusel pea n\u00f5u meie spetsialistiga.<\/p>","protected":false},"featured_media":11096,"template":"","meta":{"_acf_changed":false},"product_brand":[134],"product_cat":[350,349,58,59,70,72,348,57,83],"product_tag":[],"class_list":{"0":"post-11094","1":"product","2":"type-product","3":"status-publish","4":"has-post-thumbnail","6":"product_brand-raymarine","7":"product_cat-axiom-pro","8":"product_cat-axiom-rv","9":"product_cat-axiom_pro","10":"product_cat-axiom_xl","11":"product_cat-i70_alpha","12":"product_cat-tarvikud","13":"product_cat-tooted","14":"product_cat-axiomaxiom","15":"product_cat-stng_tarvikud","17":"first","18":"onbackorder","19":"sale","20":"featured","21":"taxable","22":"shipping-taxable","23":"purchasable","24":"product-type-simple"},"acf":[],"yoast_head":"<!-- This site is optimized with the Yoast SEO Premium plugin v27.5 (Yoast SEO v27.5) - https:\/\/yoast.com\/product\/yoast-seo-premium-wordpress\/ -->\n<title>Raymarine CPT-S CHIRP andur \u2013 GRP keredele ilma puurimiseta<\/title>\n<meta name=\"description\" content=\"T\u00e4pne ja kindel s\u00fcgavusen\u00e4it P79S keresisese Smart anduriga. P79S liimitakse kere sisse. Unusta puurimine ja saavuta parim j\u00f5udlus vees! \ud83c\udf0a\" \/>\n<meta name=\"robots\" content=\"index, follow, max-snippet:-1, max-image-preview:large, max-video-preview:-1\" \/>\n<link rel=\"canonical\" href=\"https:\/\/raymarine.ee\/en\/product\/raymarine-p79s-keresisene-smart-andur-nmea2000-ja-stng\/\" \/>\n<meta property=\"og:locale\" content=\"en_GB\" \/>\n<meta property=\"og:type\" content=\"article\" \/>\n<meta property=\"og:title\" content=\"Raymarine P79S keresisene Smart andur NMEA2000 ja STNG\" \/>\n<meta property=\"og:description\" content=\"T\u00e4pne ja kindel s\u00fcgavusen\u00e4it P79S keresisese Smart anduriga. P79S liimitakse kere sisse. Unusta puurimine ja saavuta parim j\u00f5udlus vees! \ud83c\udf0a\" \/>\n<meta property=\"og:url\" content=\"https:\/\/raymarine.ee\/en\/product\/raymarine-p79s-keresisene-smart-andur-nmea2000-ja-stng\/\" \/>\n<meta property=\"og:site_name\" content=\"NavSystems\" \/>\n<meta property=\"article:publisher\" content=\"https:\/\/www.facebook.com\/NavSystems\" \/>\n<meta property=\"article:modified_time\" content=\"2026-05-05T14:59:52+00:00\" \/>\n<meta property=\"og:image\" content=\"https:\/\/raymarine.ee\/wp-content\/uploads\/2026\/05\/97816bc1-eeeb-42a3-bd71-6a3716eaf509.webp\" \/>\n\t<meta property=\"og:image:width\" content=\"2000\" \/>\n\t<meta property=\"og:image:height\" content=\"2000\" \/>\n\t<meta property=\"og:image:type\" content=\"image\/webp\" \/>\n<meta name=\"twitter:card\" content=\"summary_large_image\" \/>\n<meta name=\"twitter:label1\" content=\"Price\" \/>\n\t<meta name=\"twitter:data1\" content=\"436,00&nbsp;&euro;\" \/>\n\t<meta name=\"twitter:label2\" content=\"Availability\" \/>\n\t<meta name=\"twitter:data2\" content=\"On back order\" \/>\n<script type=\"application\/ld+json\" class=\"yoast-schema-graph\">{\"@context\":\"https:\\\/\\\/schema.org\",\"@graph\":[{\"@type\":\"WebPage\",\"@id\":\"https:\\\/\\\/raymarine.ee\\\/product\\\/raymarine-p79s-keresisene-smart-andur-nmea2000-ja-stng\\\/\",\"url\":\"https:\\\/\\\/raymarine.ee\\\/product\\\/raymarine-p79s-keresisene-smart-andur-nmea2000-ja-stng\\\/\",\"name\":\"Raymarine CPT-S CHIRP andur \u2013 GRP keredele ilma puurimiseta\",\"isPartOf\":{\"@id\":\"https:\\\/\\\/raymarine.ee\\\/#website\"},\"primaryImageOfPage\":{\"@id\":\"https:\\\/\\\/raymarine.ee\\\/product\\\/raymarine-p79s-keresisene-smart-andur-nmea2000-ja-stng\\\/#primaryimage\"},\"image\":{\"@id\":\"https:\\\/\\\/raymarine.ee\\\/product\\\/raymarine-p79s-keresisene-smart-andur-nmea2000-ja-stng\\\/#primaryimage\"},\"thumbnailUrl\":\"https:\\\/\\\/raymarine.ee\\\/wp-content\\\/uploads\\\/2026\\\/05\\\/97816bc1-eeeb-42a3-bd71-6a3716eaf509.webp\",\"datePublished\":\"2026-05-04T10:48:36+00:00\",\"dateModified\":\"2026-05-05T14:59:52+00:00\",\"description\":\"T\u00e4pne ja kindel s\u00fcgavusen\u00e4it P79S keresisese Smart anduriga. P79S liimitakse kere sisse. Unusta puurimine ja saavuta parim j\u00f5udlus vees! \ud83c\udf0a\",\"breadcrumb\":{\"@id\":\"https:\\\/\\\/raymarine.ee\\\/product\\\/raymarine-p79s-keresisene-smart-andur-nmea2000-ja-stng\\\/#breadcrumb\"},\"inLanguage\":\"en-GB\",\"potentialAction\":[{\"@type\":\"ReadAction\",\"target\":[\"https:\\\/\\\/raymarine.ee\\\/product\\\/raymarine-p79s-keresisene-smart-andur-nmea2000-ja-stng\\\/\"]}]},{\"@type\":\"ImageObject\",\"inLanguage\":\"en-GB\",\"@id\":\"https:\\\/\\\/raymarine.ee\\\/product\\\/raymarine-p79s-keresisene-smart-andur-nmea2000-ja-stng\\\/#primaryimage\",\"url\":\"https:\\\/\\\/raymarine.ee\\\/wp-content\\\/uploads\\\/2026\\\/05\\\/97816bc1-eeeb-42a3-bd71-6a3716eaf509.webp\",\"contentUrl\":\"https:\\\/\\\/raymarine.ee\\\/wp-content\\\/uploads\\\/2026\\\/05\\\/97816bc1-eeeb-42a3-bd71-6a3716eaf509.webp\",\"width\":2000,\"height\":2000,\"caption\":\"T70278-p79s-transducer-nmea2000-stng\"},{\"@type\":\"BreadcrumbList\",\"@id\":\"https:\\\/\\\/raymarine.ee\\\/product\\\/raymarine-p79s-keresisene-smart-andur-nmea2000-ja-stng\\\/#breadcrumb\",\"itemListElement\":[{\"@type\":\"ListItem\",\"position\":1,\"name\":\"Home\",\"item\":\"https:\\\/\\\/raymarine.ee\\\/\"},{\"@type\":\"ListItem\",\"position\":2,\"name\":\"Tooted\",\"item\":\"https:\\\/\\\/raymarine.ee\\\/shop\\\/\"},{\"@type\":\"ListItem\",\"position\":3,\"name\":\"Raymarine P79S keresisene Smart andur NMEA2000 ja STNG\"}]},{\"@type\":\"WebSite\",\"@id\":\"https:\\\/\\\/raymarine.ee\\\/#website\",\"url\":\"https:\\\/\\\/raymarine.ee\\\/\",\"name\":\"www.raymarine.ee\",\"description\":\"Mereelektroonika, kaardiplotter, autopiloot, pinnipiloot, roolipiloot, radar, AIS, VHF, Smart Wind\",\"publisher\":{\"@id\":\"https:\\\/\\\/raymarine.ee\\\/#organization\"},\"alternateName\":\"Raymarine\",\"potentialAction\":[{\"@type\":\"SearchAction\",\"target\":{\"@type\":\"EntryPoint\",\"urlTemplate\":\"https:\\\/\\\/raymarine.ee\\\/?s={search_term_string}\"},\"query-input\":{\"@type\":\"PropertyValueSpecification\",\"valueRequired\":true,\"valueName\":\"search_term_string\"}}],\"inLanguage\":\"en-GB\"},{\"@type\":\"Organization\",\"@id\":\"https:\\\/\\\/raymarine.ee\\\/#organization\",\"name\":\"NavSystems O\u00dc\",\"url\":\"https:\\\/\\\/raymarine.ee\\\/\",\"logo\":{\"@type\":\"ImageObject\",\"inLanguage\":\"en-GB\",\"@id\":\"https:\\\/\\\/raymarine.ee\\\/#\\\/schema\\\/logo\\\/image\\\/\",\"url\":\"https:\\\/\\\/raymarine.ee\\\/wp-content\\\/uploads\\\/2024\\\/10\\\/Screenshot-2024-10-15-151324_bg_removed.webp\",\"contentUrl\":\"https:\\\/\\\/raymarine.ee\\\/wp-content\\\/uploads\\\/2024\\\/10\\\/Screenshot-2024-10-15-151324_bg_removed.webp\",\"width\":420,\"height\":276,\"caption\":\"NavSystems O\u00dc\"},\"image\":{\"@id\":\"https:\\\/\\\/raymarine.ee\\\/#\\\/schema\\\/logo\\\/image\\\/\"},\"sameAs\":[\"https:\\\/\\\/www.facebook.com\\\/NavSystems\"],\"legalName\":\"NavSystems O\u00dc\",\"foundingDate\":\"2011-05-03\",\"numberOfEmployees\":{\"@type\":\"QuantitativeValue\",\"minValue\":\"1\",\"maxValue\":\"10\"}}]}<\/script>\n<meta property=\"product:price:amount\" content=\"436.00\" \/>\n<meta property=\"product:price:currency\" content=\"EUR\" \/>\n<meta property=\"og:availability\" content=\"backorder\" \/>\n<meta property=\"product:availability\" content=\"available for order\" \/>\n<meta property=\"product:retailer_item_id\" content=\"T70278\" \/>\n<meta property=\"product:condition\" content=\"new\" \/>\n<!-- \/ Yoast SEO Premium plugin. -->","yoast_head_json":{"title":"Raymarine CPT-S CHIRP andur \u2013 GRP keredele ilma puurimiseta","description":"T\u00e4pne ja kindel s\u00fcgavusen\u00e4it P79S keresisese Smart anduriga. P79S liimitakse kere sisse. Unusta puurimine ja saavuta parim j\u00f5udlus vees! \ud83c\udf0a","robots":{"index":"index","follow":"follow","max-snippet":"max-snippet:-1","max-image-preview":"max-image-preview:large","max-video-preview":"max-video-preview:-1"},"canonical":"https:\/\/raymarine.ee\/en\/product\/raymarine-p79s-keresisene-smart-andur-nmea2000-ja-stng\/","og_locale":"en_GB","og_type":"article","og_title":"Raymarine P79S keresisene Smart andur NMEA2000 ja STNG","og_description":"T\u00e4pne ja kindel s\u00fcgavusen\u00e4it P79S keresisese Smart anduriga. P79S liimitakse kere sisse. Unusta puurimine ja saavuta parim j\u00f5udlus vees! \ud83c\udf0a","og_url":"https:\/\/raymarine.ee\/en\/product\/raymarine-p79s-keresisene-smart-andur-nmea2000-ja-stng\/","og_site_name":"NavSystems","article_publisher":"https:\/\/www.facebook.com\/NavSystems","article_modified_time":"2026-05-05T14:59:52+00:00","og_image":[{"width":2000,"height":2000,"url":"https:\/\/raymarine.ee\/wp-content\/uploads\/2026\/05\/97816bc1-eeeb-42a3-bd71-6a3716eaf509.webp","type":"image\/webp"}],"twitter_card":"summary_large_image","twitter_misc":{"Price":"436,00&nbsp;&euro;","Availability":"On back order"},"schema":{"@context":"https:\/\/schema.org","@graph":[{"@type":"WebPage","@id":"https:\/\/raymarine.ee\/product\/raymarine-p79s-keresisene-smart-andur-nmea2000-ja-stng\/","url":"https:\/\/raymarine.ee\/product\/raymarine-p79s-keresisene-smart-andur-nmea2000-ja-stng\/","name":"Raymarine CPT-S CHIRP andur \u2013 GRP keredele ilma puurimiseta","isPartOf":{"@id":"https:\/\/raymarine.ee\/#website"},"primaryImageOfPage":{"@id":"https:\/\/raymarine.ee\/product\/raymarine-p79s-keresisene-smart-andur-nmea2000-ja-stng\/#primaryimage"},"image":{"@id":"https:\/\/raymarine.ee\/product\/raymarine-p79s-keresisene-smart-andur-nmea2000-ja-stng\/#primaryimage"},"thumbnailUrl":"https:\/\/raymarine.ee\/wp-content\/uploads\/2026\/05\/97816bc1-eeeb-42a3-bd71-6a3716eaf509.webp","datePublished":"2026-05-04T10:48:36+00:00","dateModified":"2026-05-05T14:59:52+00:00","description":"T\u00e4pne ja kindel s\u00fcgavusen\u00e4it P79S keresisese Smart anduriga. P79S liimitakse kere sisse. Unusta puurimine ja saavuta parim j\u00f5udlus vees! \ud83c\udf0a","breadcrumb":{"@id":"https:\/\/raymarine.ee\/product\/raymarine-p79s-keresisene-smart-andur-nmea2000-ja-stng\/#breadcrumb"},"inLanguage":"en-GB","potentialAction":[{"@type":"ReadAction","target":["https:\/\/raymarine.ee\/product\/raymarine-p79s-keresisene-smart-andur-nmea2000-ja-stng\/"]}]},{"@type":"ImageObject","inLanguage":"en-GB","@id":"https:\/\/raymarine.ee\/product\/raymarine-p79s-keresisene-smart-andur-nmea2000-ja-stng\/#primaryimage","url":"https:\/\/raymarine.ee\/wp-content\/uploads\/2026\/05\/97816bc1-eeeb-42a3-bd71-6a3716eaf509.webp","contentUrl":"https:\/\/raymarine.ee\/wp-content\/uploads\/2026\/05\/97816bc1-eeeb-42a3-bd71-6a3716eaf509.webp","width":2000,"height":2000,"caption":"T70278-p79s-transducer-nmea2000-stng"},{"@type":"BreadcrumbList","@id":"https:\/\/raymarine.ee\/product\/raymarine-p79s-keresisene-smart-andur-nmea2000-ja-stng\/#breadcrumb","itemListElement":[{"@type":"ListItem","position":1,"name":"Home","item":"https:\/\/raymarine.ee\/"},{"@type":"ListItem","position":2,"name":"Tooted","item":"https:\/\/raymarine.ee\/shop\/"},{"@type":"ListItem","position":3,"name":"Raymarine P79S keresisene Smart andur NMEA2000 ja STNG"}]},{"@type":"WebSite","@id":"https:\/\/raymarine.ee\/#website","url":"https:\/\/raymarine.ee\/","name":"www.raymarine.ee","description":"Marine electronics, chartplotter, autopilot, stern pilot, steering pilot, radar, AIS, VHF, Smart Wind","publisher":{"@id":"https:\/\/raymarine.ee\/#organization"},"alternateName":"Raymarine","potentialAction":[{"@type":"SearchAction","target":{"@type":"EntryPoint","urlTemplate":"https:\/\/raymarine.ee\/?s={search_term_string}"},"query-input":{"@type":"PropertyValueSpecification","valueRequired":true,"valueName":"search_term_string"}}],"inLanguage":"en-GB"},{"@type":"Organization","@id":"https:\/\/raymarine.ee\/#organization","name":"NavSystems O\u00dc","url":"https:\/\/raymarine.ee\/","logo":{"@type":"ImageObject","inLanguage":"en-GB","@id":"https:\/\/raymarine.ee\/#\/schema\/logo\/image\/","url":"https:\/\/raymarine.ee\/wp-content\/uploads\/2024\/10\/Screenshot-2024-10-15-151324_bg_removed.webp","contentUrl":"https:\/\/raymarine.ee\/wp-content\/uploads\/2024\/10\/Screenshot-2024-10-15-151324_bg_removed.webp","width":420,"height":276,"caption":"NavSystems O\u00dc"},"image":{"@id":"https:\/\/raymarine.ee\/#\/schema\/logo\/image\/"},"sameAs":["https:\/\/www.facebook.com\/NavSystems"],"legalName":"NavSystems O\u00dc","foundingDate":"2011-05-03","numberOfEmployees":{"@type":"QuantitativeValue","minValue":"1","maxValue":"10"}}]},"product_price_amount":"436.00","product_price_currency":"EUR","og_availability":"backorder","product_availability":"available for order","product_retailer_item_id":"T70278","product_condition":"new"},"jetpack_sharing_enabled":true,"_links":{"self":[{"href":"https:\/\/raymarine.ee\/en\/wp-json\/wp\/v2\/product\/11094","targetHints":{"allow":["GET"]}}],"collection":[{"href":"https:\/\/raymarine.ee\/en\/wp-json\/wp\/v2\/product"}],"about":[{"href":"https:\/\/raymarine.ee\/en\/wp-json\/wp\/v2\/types\/product"}],"wp:featuredmedia":[{"embeddable":true,"href":"https:\/\/raymarine.ee\/en\/wp-json\/wp\/v2\/media\/11096"}],"wp:attachment":[{"href":"https:\/\/raymarine.ee\/en\/wp-json\/wp\/v2\/media?parent=11094"}],"wp:term":[{"taxonomy":"product_brand","embeddable":true,"href":"https:\/\/raymarine.ee\/en\/wp-json\/wp\/v2\/product_brand?post=11094"},{"taxonomy":"product_cat","embeddable":true,"href":"https:\/\/raymarine.ee\/en\/wp-json\/wp\/v2\/product_cat?post=11094"},{"taxonomy":"product_tag","embeddable":true,"href":"https:\/\/raymarine.ee\/en\/wp-json\/wp\/v2\/product_tag?post=11094"}],"curies":[{"name":"wp","href":"https:\/\/api.w.org\/{rel}","templated":true}]}}