{"id":11104,"date":"2026-05-04T18:27:09","date_gmt":"2026-05-04T15:27:09","guid":{"rendered":"https:\/\/raymarine.ee\/?post_type=product&#038;p=11104"},"modified":"2026-05-05T21:17:28","modified_gmt":"2026-05-05T18:17:28","slug":"raymarine-p79-transducer-fishfinder-8-pin-cp370","status":"publish","type":"product","link":"https:\/\/raymarine.ee\/en\/product\/raymarine-p79-keresisene-kalaleidja-andur-8-pin-cp370\/","title":{"rendered":"Raymarine P79 transducer for fishfinder (8-Pin \/ CP370)"},"content":{"rendered":"<p><strong data-start=\"102\" data-end=\"175\">Raymarine P79 Sonar Transducer \u2013 Fish Finder Image to Chartplotter Without Hull Drilling!<\/strong><br data-start=\"175\" data-end=\"178\" \/>The installation angle for the Keresisese P79 transducer can be easily set according to the hull angle from 0\u00b0 to 22\u00b0. The transducer comes with a housing that is glued to the inside of the boat's hull and filled to 5cm with antifreeze liquid. The transducer is then attached to this housing with a twist-lock, so that the transducer points directly downwards. Sound waves travel effectively through the plastic hull in the liquid, offering the best possible in-hull transducer performance. The P79 fishfinder transducer is dual-frequency, operating at 50 kHz and 200 kHz to provide high target detail in shallow water and excellent bottom tracking in deep water. The transducer has an 8-Pin \/ CP370 connector and an adapter cable is required to connect it to an Axiom2 RV or Axiom2 Pro series plotter. <a href=\"https:\/\/raymarine.ee\/product\/adaptor-cable-8-pin-cpt-370-transducer-to-axiom-rv-or-axiom-pro-rvx-s-25-pin-300mm\/\">A80494<\/a>. There is no need to drill a hole in the hull to install the transducer, the P79 transducer is suitable for fibreglass hulls. NB! The P79 in-hull transducer does not show water temperature.<\/p>\n<ul>\n<li>50 kHz-200 kHz frequency range<\/li>\n<li>8-pin \/ CPT370 connector<\/li>\n<li>A hole needs to be made in the body<\/li>\n<li>Suitable for fibreglass boat hulls<\/li>\n<li>The temperature can be set from 0\u00ba to 22\u00ba<\/li>\n<\/ul>\n<p><strong><br \/>\nGuides<\/strong><\/p>\n<p>Download <a href=\"https:\/\/raymarine.ee\/wp-content\/uploads\/2026\/05\/P79-brochure.pdf\" target=\"_blank\" rel=\"noopener\">P79 safety data sheet<\/a><\/p>\n<p>Download <a href=\"https:\/\/raymarine.ee\/wp-content\/uploads\/2026\/05\/P79-P79S-installation-instruction.pdf\" target=\"_blank\" rel=\"noopener\">Installation guide for P79<\/a><\/p>","protected":false},"excerpt":{"rendered":"<p><strong data-start=\"102\" data-end=\"175\">Raymarine P79 fishfinder transducer<\/strong><br data-start=\"175\" data-end=\"178\" \/>The installation angle for the Keresisese P79 transducer can be easily set according to the hull angle from 0\u00b0 to 22\u00b0. The transducer comes with a housing that is glued to the inside of the boat's hull and filled to 5cm with antifreeze liquid. The transducer is then attached to this housing with a twist-lock, so that the transducer points directly downwards. Sound waves travel effectively through the plastic hull in the liquid, offering the best possible in-hull transducer performance. The P79 fishfinder transducer is dual-frequency, operating at 50 kHz and 200 kHz to provide high target detail in shallow water and excellent bottom tracking in deep water. The transducer has an 8-Pin \/ CP370 connector and an adapter cable is required to connect it to an Axiom2 RV or Axiom2 Pro series plotter. <a href=\"https:\/\/raymarine.ee\/product\/adaptor-cable-8-pin-cpt-370-transducer-to-axiom-rv-or-axiom-pro-rvx-s-25-pin-300mm\/\">A80494<\/a>. No need to drill a hole in the hull for installation, the P79 transducer is suitable for fibreglass hulls. NB! The P79 in-hull transducer does not show water temperature. Also familiarise yourself with this transducer <a href=\"https:\/\/raymarine.ee\/product\/raymarine-p79s-keresisene-smart-andur-nmea2000-ja-stng\/#juhendid\">with instructions<\/a>\u00a0and consult our specialist if necessary.<\/p>","protected":false},"featured_media":11105,"template":"","meta":{"_acf_changed":false},"product_brand":[134],"product_cat":[350,349,58,72,77,54,348,57,79],"product_tag":[],"class_list":{"0":"post-11104","1":"product","2":"type-product","3":"status-publish","4":"has-post-thumbnail","6":"product_brand-raymarine","7":"product_cat-axiom-pro","8":"product_cat-axiom-rv","9":"product_cat-axiom_pro","10":"product_cat-tarvikud","11":"product_cat-raymarine-kaardiplotter-kalaleidja","12":"product_cat-kalaleidjad","13":"product_cat-tooted","14":"product_cat-axiomaxiom","15":"product_cat-kalaleidjate_andurid","17":"first","18":"instock","19":"sale","20":"featured","21":"taxable","22":"shipping-taxable","23":"purchasable","24":"product-type-simple"},"acf":[],"yoast_head":"<!-- This site is optimized with the Yoast SEO Premium plugin v27.5 (Yoast SEO v27.5) - https:\/\/yoast.com\/product\/yoast-seo-premium-wordpress\/ -->\n<title>P79 In-Hull Transducer: T\u00e4iuslik kere kaldenurgaga seadistamine<\/title>\n<meta name=\"description\" content=\"P\u00f5hja pilt ja s\u00fcgavusen\u00e4it P79 keresisese kalaleidja anduriga. P79 liimitakse kere sisse. Unusta puurimine ja saavuta parim j\u00f5udlus vees! \ud83c\udf0a\" \/>\n<meta name=\"robots\" content=\"index, follow, max-snippet:-1, max-image-preview:large, max-video-preview:-1\" \/>\n<link rel=\"canonical\" href=\"https:\/\/raymarine.ee\/en\/product\/raymarine-p79-transducer-fishfinder-8-pin-cp370\/\" \/>\n<meta property=\"og:locale\" content=\"en_GB\" \/>\n<meta property=\"og:type\" content=\"article\" \/>\n<meta property=\"og:title\" content=\"Raymarine P79 keresisene kalaleidja andur (8-Pin \/ CP370)\" \/>\n<meta property=\"og:description\" content=\"P\u00f5hja pilt ja s\u00fcgavusen\u00e4it P79 keresisese kalaleidja anduriga. P79 liimitakse kere sisse. Unusta puurimine ja saavuta parim j\u00f5udlus vees! \ud83c\udf0a\" \/>\n<meta property=\"og:url\" content=\"https:\/\/raymarine.ee\/en\/product\/raymarine-p79-transducer-fishfinder-8-pin-cp370\/\" \/>\n<meta property=\"og:site_name\" content=\"NavSystems\" \/>\n<meta property=\"article:publisher\" content=\"https:\/\/www.facebook.com\/NavSystems\" \/>\n<meta property=\"article:modified_time\" content=\"2026-05-05T18:17:28+00:00\" \/>\n<meta property=\"og:image\" content=\"https:\/\/raymarine.ee\/wp-content\/uploads\/2026\/05\/P79-in-hull-transducer.webp\" \/>\n\t<meta property=\"og:image:width\" content=\"698\" \/>\n\t<meta property=\"og:image:height\" content=\"501\" \/>\n\t<meta property=\"og:image:type\" content=\"image\/webp\" \/>\n<meta name=\"twitter:card\" content=\"summary_large_image\" \/>\n<meta name=\"twitter:label1\" content=\"Price\" \/>\n\t<meta name=\"twitter:data1\" content=\"223,20&nbsp;&euro;\" \/>\n\t<meta name=\"twitter:label2\" content=\"Availability\" \/>\n\t<meta name=\"twitter:data2\" content=\"In stock\" \/>\n<script type=\"application\/ld+json\" class=\"yoast-schema-graph\">{\"@context\":\"https:\\\/\\\/schema.org\",\"@graph\":[{\"@type\":\"WebPage\",\"@id\":\"https:\\\/\\\/raymarine.ee\\\/product\\\/raymarine-p79-keresisene-kalaleidja-andur-8-pin-cp370\\\/\",\"url\":\"https:\\\/\\\/raymarine.ee\\\/product\\\/raymarine-p79-keresisene-kalaleidja-andur-8-pin-cp370\\\/\",\"name\":\"P79 In-Hull Transducer: T\u00e4iuslik kere kaldenurgaga seadistamine\",\"isPartOf\":{\"@id\":\"https:\\\/\\\/raymarine.ee\\\/#website\"},\"primaryImageOfPage\":{\"@id\":\"https:\\\/\\\/raymarine.ee\\\/product\\\/raymarine-p79-keresisene-kalaleidja-andur-8-pin-cp370\\\/#primaryimage\"},\"image\":{\"@id\":\"https:\\\/\\\/raymarine.ee\\\/product\\\/raymarine-p79-keresisene-kalaleidja-andur-8-pin-cp370\\\/#primaryimage\"},\"thumbnailUrl\":\"https:\\\/\\\/raymarine.ee\\\/wp-content\\\/uploads\\\/2026\\\/05\\\/P79-in-hull-transducer.webp\",\"datePublished\":\"2026-05-04T15:27:09+00:00\",\"dateModified\":\"2026-05-05T18:17:28+00:00\",\"description\":\"P\u00f5hja pilt ja s\u00fcgavusen\u00e4it P79 keresisese kalaleidja anduriga. P79 liimitakse kere sisse. Unusta puurimine ja saavuta parim j\u00f5udlus vees! \ud83c\udf0a\",\"breadcrumb\":{\"@id\":\"https:\\\/\\\/raymarine.ee\\\/product\\\/raymarine-p79-keresisene-kalaleidja-andur-8-pin-cp370\\\/#breadcrumb\"},\"inLanguage\":\"en-GB\",\"potentialAction\":[{\"@type\":\"ReadAction\",\"target\":[\"https:\\\/\\\/raymarine.ee\\\/product\\\/raymarine-p79-keresisene-kalaleidja-andur-8-pin-cp370\\\/\"]}]},{\"@type\":\"ImageObject\",\"inLanguage\":\"en-GB\",\"@id\":\"https:\\\/\\\/raymarine.ee\\\/product\\\/raymarine-p79-keresisene-kalaleidja-andur-8-pin-cp370\\\/#primaryimage\",\"url\":\"https:\\\/\\\/raymarine.ee\\\/wp-content\\\/uploads\\\/2026\\\/05\\\/P79-in-hull-transducer.webp\",\"contentUrl\":\"https:\\\/\\\/raymarine.ee\\\/wp-content\\\/uploads\\\/2026\\\/05\\\/P79-in-hull-transducer.webp\",\"width\":698,\"height\":501,\"caption\":\"P79-in-hull-transducer\"},{\"@type\":\"BreadcrumbList\",\"@id\":\"https:\\\/\\\/raymarine.ee\\\/product\\\/raymarine-p79-keresisene-kalaleidja-andur-8-pin-cp370\\\/#breadcrumb\",\"itemListElement\":[{\"@type\":\"ListItem\",\"position\":1,\"name\":\"Home\",\"item\":\"https:\\\/\\\/raymarine.ee\\\/\"},{\"@type\":\"ListItem\",\"position\":2,\"name\":\"Tooted\",\"item\":\"https:\\\/\\\/raymarine.ee\\\/shop\\\/\"},{\"@type\":\"ListItem\",\"position\":3,\"name\":\"Raymarine P79 keresisene kalaleidja andur (8-Pin \\\/ CP370)\"}]},{\"@type\":\"WebSite\",\"@id\":\"https:\\\/\\\/raymarine.ee\\\/#website\",\"url\":\"https:\\\/\\\/raymarine.ee\\\/\",\"name\":\"www.raymarine.ee\",\"description\":\"Mereelektroonika, kaardiplotter, autopiloot, pinnipiloot, roolipiloot, radar, AIS, VHF, Smart Wind\",\"publisher\":{\"@id\":\"https:\\\/\\\/raymarine.ee\\\/#organization\"},\"alternateName\":\"Raymarine\",\"potentialAction\":[{\"@type\":\"SearchAction\",\"target\":{\"@type\":\"EntryPoint\",\"urlTemplate\":\"https:\\\/\\\/raymarine.ee\\\/?s={search_term_string}\"},\"query-input\":{\"@type\":\"PropertyValueSpecification\",\"valueRequired\":true,\"valueName\":\"search_term_string\"}}],\"inLanguage\":\"en-GB\"},{\"@type\":\"Organization\",\"@id\":\"https:\\\/\\\/raymarine.ee\\\/#organization\",\"name\":\"NavSystems O\u00dc\",\"url\":\"https:\\\/\\\/raymarine.ee\\\/\",\"logo\":{\"@type\":\"ImageObject\",\"inLanguage\":\"en-GB\",\"@id\":\"https:\\\/\\\/raymarine.ee\\\/#\\\/schema\\\/logo\\\/image\\\/\",\"url\":\"https:\\\/\\\/raymarine.ee\\\/wp-content\\\/uploads\\\/2024\\\/10\\\/Screenshot-2024-10-15-151324_bg_removed.webp\",\"contentUrl\":\"https:\\\/\\\/raymarine.ee\\\/wp-content\\\/uploads\\\/2024\\\/10\\\/Screenshot-2024-10-15-151324_bg_removed.webp\",\"width\":420,\"height\":276,\"caption\":\"NavSystems O\u00dc\"},\"image\":{\"@id\":\"https:\\\/\\\/raymarine.ee\\\/#\\\/schema\\\/logo\\\/image\\\/\"},\"sameAs\":[\"https:\\\/\\\/www.facebook.com\\\/NavSystems\"],\"legalName\":\"NavSystems O\u00dc\",\"foundingDate\":\"2011-05-03\",\"numberOfEmployees\":{\"@type\":\"QuantitativeValue\",\"minValue\":\"1\",\"maxValue\":\"10\"}}]}<\/script>\n<meta property=\"product:price:amount\" content=\"223.20\" \/>\n<meta property=\"product:price:currency\" content=\"EUR\" \/>\n<meta property=\"og:availability\" content=\"instock\" \/>\n<meta property=\"product:availability\" content=\"instock\" \/>\n<meta property=\"product:retailer_item_id\" content=\"E66008\" \/>\n<meta property=\"product:condition\" content=\"new\" \/>\n<!-- \/ Yoast SEO Premium plugin. -->","yoast_head_json":{"title":"P79 In-Hull Transducer: Perfect hull angle adjustment","description":"Top view and depth reading with the P79 in-hull fishfinder transducer. The P79 is glued inside the hull. Forget drilling and achieve peak performance in the water! \ud83c\udf0a","robots":{"index":"index","follow":"follow","max-snippet":"max-snippet:-1","max-image-preview":"max-image-preview:large","max-video-preview":"max-video-preview:-1"},"canonical":"https:\/\/raymarine.ee\/en\/product\/raymarine-p79-transducer-fishfinder-8-pin-cp370\/","og_locale":"en_GB","og_type":"article","og_title":"Raymarine P79 keresisene kalaleidja andur (8-Pin \/ CP370)","og_description":"P\u00f5hja pilt ja s\u00fcgavusen\u00e4it P79 keresisese kalaleidja anduriga. P79 liimitakse kere sisse. Unusta puurimine ja saavuta parim j\u00f5udlus vees! \ud83c\udf0a","og_url":"https:\/\/raymarine.ee\/en\/product\/raymarine-p79-transducer-fishfinder-8-pin-cp370\/","og_site_name":"NavSystems","article_publisher":"https:\/\/www.facebook.com\/NavSystems","article_modified_time":"2026-05-05T18:17:28+00:00","og_image":[{"width":698,"height":501,"url":"https:\/\/raymarine.ee\/wp-content\/uploads\/2026\/05\/P79-in-hull-transducer.webp","type":"image\/webp"}],"twitter_card":"summary_large_image","twitter_misc":{"Price":"223,20&nbsp;&euro;","Availability":"In stock"},"schema":{"@context":"https:\/\/schema.org","@graph":[{"@type":"WebPage","@id":"https:\/\/raymarine.ee\/product\/raymarine-p79-keresisene-kalaleidja-andur-8-pin-cp370\/","url":"https:\/\/raymarine.ee\/product\/raymarine-p79-keresisene-kalaleidja-andur-8-pin-cp370\/","name":"P79 In-Hull Transducer: Perfect hull angle adjustment","isPartOf":{"@id":"https:\/\/raymarine.ee\/#website"},"primaryImageOfPage":{"@id":"https:\/\/raymarine.ee\/product\/raymarine-p79-keresisene-kalaleidja-andur-8-pin-cp370\/#primaryimage"},"image":{"@id":"https:\/\/raymarine.ee\/product\/raymarine-p79-keresisene-kalaleidja-andur-8-pin-cp370\/#primaryimage"},"thumbnailUrl":"https:\/\/raymarine.ee\/wp-content\/uploads\/2026\/05\/P79-in-hull-transducer.webp","datePublished":"2026-05-04T15:27:09+00:00","dateModified":"2026-05-05T18:17:28+00:00","description":"Top view and depth reading with the P79 in-hull fishfinder transducer. The P79 is glued inside the hull. Forget drilling and achieve peak performance in the water! \ud83c\udf0a","breadcrumb":{"@id":"https:\/\/raymarine.ee\/product\/raymarine-p79-keresisene-kalaleidja-andur-8-pin-cp370\/#breadcrumb"},"inLanguage":"en-GB","potentialAction":[{"@type":"ReadAction","target":["https:\/\/raymarine.ee\/product\/raymarine-p79-keresisene-kalaleidja-andur-8-pin-cp370\/"]}]},{"@type":"ImageObject","inLanguage":"en-GB","@id":"https:\/\/raymarine.ee\/product\/raymarine-p79-keresisene-kalaleidja-andur-8-pin-cp370\/#primaryimage","url":"https:\/\/raymarine.ee\/wp-content\/uploads\/2026\/05\/P79-in-hull-transducer.webp","contentUrl":"https:\/\/raymarine.ee\/wp-content\/uploads\/2026\/05\/P79-in-hull-transducer.webp","width":698,"height":501,"caption":"P79-in-hull-transducer"},{"@type":"BreadcrumbList","@id":"https:\/\/raymarine.ee\/product\/raymarine-p79-keresisene-kalaleidja-andur-8-pin-cp370\/#breadcrumb","itemListElement":[{"@type":"ListItem","position":1,"name":"Home","item":"https:\/\/raymarine.ee\/"},{"@type":"ListItem","position":2,"name":"Tooted","item":"https:\/\/raymarine.ee\/shop\/"},{"@type":"ListItem","position":3,"name":"Raymarine P79 keresisene kalaleidja andur (8-Pin \/ CP370)"}]},{"@type":"WebSite","@id":"https:\/\/raymarine.ee\/#website","url":"https:\/\/raymarine.ee\/","name":"www.raymarine.ee","description":"Marine electronics, chartplotter, autopilot, stern pilot, steering pilot, radar, AIS, VHF, Smart Wind","publisher":{"@id":"https:\/\/raymarine.ee\/#organization"},"alternateName":"Raymarine","potentialAction":[{"@type":"SearchAction","target":{"@type":"EntryPoint","urlTemplate":"https:\/\/raymarine.ee\/?s={search_term_string}"},"query-input":{"@type":"PropertyValueSpecification","valueRequired":true,"valueName":"search_term_string"}}],"inLanguage":"en-GB"},{"@type":"Organization","@id":"https:\/\/raymarine.ee\/#organization","name":"NavSystems O\u00dc","url":"https:\/\/raymarine.ee\/","logo":{"@type":"ImageObject","inLanguage":"en-GB","@id":"https:\/\/raymarine.ee\/#\/schema\/logo\/image\/","url":"https:\/\/raymarine.ee\/wp-content\/uploads\/2024\/10\/Screenshot-2024-10-15-151324_bg_removed.webp","contentUrl":"https:\/\/raymarine.ee\/wp-content\/uploads\/2024\/10\/Screenshot-2024-10-15-151324_bg_removed.webp","width":420,"height":276,"caption":"NavSystems O\u00dc"},"image":{"@id":"https:\/\/raymarine.ee\/#\/schema\/logo\/image\/"},"sameAs":["https:\/\/www.facebook.com\/NavSystems"],"legalName":"NavSystems O\u00dc","foundingDate":"2011-05-03","numberOfEmployees":{"@type":"QuantitativeValue","minValue":"1","maxValue":"10"}}]},"product_price_amount":"223.20","product_price_currency":"EUR","og_availability":"instock","product_availability":"instock","product_retailer_item_id":"E66008","product_condition":"new"},"jetpack_sharing_enabled":true,"_links":{"self":[{"href":"https:\/\/raymarine.ee\/en\/wp-json\/wp\/v2\/product\/11104","targetHints":{"allow":["GET"]}}],"collection":[{"href":"https:\/\/raymarine.ee\/en\/wp-json\/wp\/v2\/product"}],"about":[{"href":"https:\/\/raymarine.ee\/en\/wp-json\/wp\/v2\/types\/product"}],"wp:featuredmedia":[{"embeddable":true,"href":"https:\/\/raymarine.ee\/en\/wp-json\/wp\/v2\/media\/11105"}],"wp:attachment":[{"href":"https:\/\/raymarine.ee\/en\/wp-json\/wp\/v2\/media?parent=11104"}],"wp:term":[{"taxonomy":"product_brand","embeddable":true,"href":"https:\/\/raymarine.ee\/en\/wp-json\/wp\/v2\/product_brand?post=11104"},{"taxonomy":"product_cat","embeddable":true,"href":"https:\/\/raymarine.ee\/en\/wp-json\/wp\/v2\/product_cat?post=11104"},{"taxonomy":"product_tag","embeddable":true,"href":"https:\/\/raymarine.ee\/en\/wp-json\/wp\/v2\/product_tag?post=11104"}],"curies":[{"name":"wp","href":"https:\/\/api.w.org\/{rel}","templated":true}]}}