{"id":11166,"date":"2026-05-06T15:43:38","date_gmt":"2026-05-06T12:43:38","guid":{"rendered":"https:\/\/raymarine.ee\/?post_type=product&#038;p=11166"},"modified":"2026-05-06T16:43:39","modified_gmt":"2026-05-06T13:43:39","slug":"rvm-100-realvision-max-3d-ahtriandur-8m-kaabliga","status":"publish","type":"product","link":"https:\/\/raymarine.ee\/en\/product\/rvm-100-realvision-max-3d-ahtriandur-8m-kaabliga\/","title":{"rendered":"RVM-100 RealVision Max 3D transducer with 8m cable"},"content":{"rendered":"<div>\n<p><span style=\"color: red;\"><strong>RVM andurid ei sobi Axiom+ RV ja Axiom Pro RV mudelitega.<\/strong><\/span><\/p>\n<p>RVM andurid \u00fchilduvad Raymarine Axiom2 Pro RVM-seeria ja v\u00e4lise RVM1600 RealVision 3D MAX kalaleidja mooduliga! Kogege j\u00e4rgmise p\u00f5lvkonna sonari t\u00f5husust Raymarine RVM-100 ahtrianduriga. See uuenduslik andur \u00fchendab endas uusimaid tehnoloogiaid, et anda teile v\u00f5rratu n\u00e4htavus veepinna all.<\/p>\n<\/div>\n<p><strong>T\u00e4pne tuvastamine RealVision MAX 3D Sonariga:<\/strong><\/p>\n<ul>\n<li>4-kanaliline lairiba CHIRP \u00fcksikasjalikuks kalade ja struktuuride tuvastamiseks<\/li>\n<li>DownVision\u2122 k\u00f5rgresolutsiooniga piltide saamiseks otse paadi all<\/li>\n<li>SideVision\u2122 laiaulatusliku sonarivaatluse jaoks paadi k\u00fcljelt<\/li>\n<li>RealVision MAX 3D\u2122 hingematvate 3D-vaadete saamiseks veealusest maailmast<\/li>\n<\/ul>\n<p data-start=\"185\" data-end=\"272\"><strong>Stabiilsed pildid ja usaldusv\u00e4\u00e4rsed andmed:<\/strong><\/p>\n<ul>\n<li>Integreeritud AHRS (Attitude Heading Reference System) stabiliseerib sonaripildid ja v\u00e4listab kaamera v\u00e4risemise.<\/li>\n<li>Suure t\u00e4psusega veetemperatuuriandur<\/li>\n<li>Vastupidav roostevabast terasest klamber lihtsaks paigaldamiseks ja vastupidavuseks<\/li>\n<\/ul>\n<p data-start=\"185\" data-end=\"272\"><strong>Sobib ideaalselt n\u00f5udlikele kaluritele ja paadis\u00f5itjatele<\/strong>:<\/p>\n<ul>\n<li>Ideaalne kalade otsimiseks, struktuuride uurimiseks ja tundmatutes vetes navigeerimiseks<\/li>\n<li>T\u00e4iustatud sonaritehnoloogia, mis annab veealusest maailmast h\u00e4mmastava pildi<\/li>\n<li>Vastupidav konstruktsioon kasutamiseks karmides tingimustes<\/li>\n<\/ul>\n<p data-start=\"185\" data-end=\"272\">Kogege Raymarine RVM-100 abil sonari tulevikku ja sukelduge v\u00f5imaluste maailma.<\/p>\n<p><strong>Technical data<\/strong><\/p>\n<table class=\"ordinary inline\">\n<tbody>\n<tr>\n<td>Sonaarkanalid:<\/td>\n<td>DownVision, SideVision, RealVision MAX 3D, CHIRP 600 W @ 200 kHz.<\/td>\n<\/tr>\n<tr>\n<td>Andur:<\/td>\n<td>AHRS (asendi- ja kursireferentsandur).<\/td>\n<\/tr>\n<tr>\n<td>Kiiruse laius:<\/td>\n<td>200 kHz: 12\u00b0<\/td>\n<\/tr>\n<tr>\n<td>Dimensions:<\/td>\n<td>pikkus x k\u00f5rgus: 256,6 (10,1&#8243;) x 120,5 (4,74&#8243;)<\/td>\n<\/tr>\n<tr>\n<td>Kaabli pikkus:<\/td>\n<td>Kaabli pikkus: 8 meetrit<\/td>\n<\/tr>\n<tr>\n<td>Kaal: 8,5 kg:<\/td>\n<td>0,647 kg (koos klambriga)<\/td>\n<\/tr>\n<tr>\n<td>IP-klass:<\/td>\n<td>IPX6 (v\u00e4ljaspool paati asuvate osade puhul), IPX7, IPX8.<\/td>\n<\/tr>\n<tr>\n<td>Storage temperature<\/td>\n<td>-20 \u00b0C -70 \u00b0C<\/td>\n<\/tr>\n<tr>\n<td>Operating temperature:<\/td>\n<td>-2 \u00b0C kuni +55 \u00b0C<\/td>\n<\/tr>\n<tr>\n<td>S\u00fcgavusvahemikud:<br \/>\nChirp<br \/>\nDownVision<br \/>\nSideVision<br \/>\nRealVision Max 3D<\/td>\n<td>0,6 kuni 365 meetrit<br \/>\n0,6 kuni 182 meetrit<br \/>\n0,6 kuni 91 meetrit<br \/>\n0,6 kuni 91 meetrit<\/td>\n<\/tr>\n<\/tbody>\n<\/table>\n<p data-start=\"1411\" data-end=\"1523\"><strong data-start=\"1411\" data-end=\"1425\">Compatibility <\/strong>Fully compatible <strong data-start=\"1447\" data-end=\"1481\">Raymarine Axiom2\u2122 Pro RVM<\/strong>\u00a0seeria multifunktsionaalsete ekraanide ja v\u00e4lise <strong>RVM1600 RealVision 3D MAX<\/strong> kalaleidja mooduliga.<\/p>\n<hr class=\"\" data-start=\"1525\" data-end=\"1528\" \/>\n<p data-start=\"1530\" data-end=\"1731\"><strong data-start=\"1530\" data-end=\"1550\">Raymarine RVM-100<\/strong> on tippklassi valik paatidele, millel on p\u00e4ramootor \u2013 ideaalne nii harrastusp\u00fc\u00fcdjatele kui ka n\u00f5udlikule professionaalile kes soovib saada maksimaalset head pilti veealusest maailmast.<\/p>\n<hr \/>\n<p data-start=\"1530\" data-end=\"1731\"><strong>Guides\u00a0<\/strong><\/p>\n<p data-start=\"1530\" data-end=\"1731\">Download <a href=\"https:\/\/raymarine.ee\/wp-content\/uploads\/2026\/05\/RVM-100-Transom-Transducer-Installation-instructions-87432-Rev-2-EN.pdf\" target=\"_blank\" rel=\"noopener\">RVM-100 ahtrianduri<\/a> Installation guide<\/p>","protected":false},"excerpt":{"rendered":"<p data-start=\"274\" data-end=\"515\">Raymarine RVM-100 RealVision 3D Max ahtrianduriga saate kogeda j\u00e4rgmise p\u00f5lvkonna sonari t\u00f5husust. See uuenduslik andur \u00fchendab endas uusimaid tehnoloogiaid, et anda teile v\u00f5rratu n\u00e4htavus veepinnast allpool. RVM-100 andur on varustatud AHRS-sensoriga, mis stabiliseerib sonaripilti. RVM-100 ahtrianduril on DownVision, SideVision ja RealVision MAX 3D tehnoloogiad.<\/p>\n<p>Tutvu kindlasti ka selle toote\u00a0juhenditega\u00a0ja k\u00fcsimuste korral pea n\u00f5u meie spetsialistiga.<\/p>","protected":false},"featured_media":11167,"template":"","meta":{"_acf_changed":false},"product_brand":[134],"product_cat":[350,349,58,54,103,79],"product_tag":[],"class_list":{"0":"post-11166","1":"product","2":"type-product","3":"status-publish","4":"has-post-thumbnail","6":"product_brand-raymarine","7":"product_cat-axiom-pro","8":"product_cat-axiom-rv","9":"product_cat-axiom_pro","10":"product_cat-kalaleidjad","11":"product_cat-raymarine","12":"product_cat-kalaleidjate_andurid","14":"first","15":"instock","16":"sale","17":"taxable","18":"shipping-taxable","19":"purchasable","20":"product-type-simple"},"acf":[],"yoast_head":"<!-- This site is optimized with the Yoast SEO Premium plugin v27.5 (Yoast SEO v27.5) - https:\/\/yoast.com\/product\/yoast-seo-premium-wordpress\/ -->\n<title>RVM-100 ahtriandur: K\u00f5ik-\u00fches RealVision Max 3D andur - NavSystems<\/title>\n<meta name=\"description\" content=\"Avasta veealust ilu Raymarine RVM-100 ahtrianduri abil! Erakordne RealVision 3D Max sonaritehnoloogia toob Sinuni detailsed pildid elust allpool veepiiri.\" \/>\n<meta name=\"robots\" content=\"index, follow, max-snippet:-1, max-image-preview:large, max-video-preview:-1\" \/>\n<link rel=\"canonical\" href=\"https:\/\/raymarine.ee\/en\/product\/rvm-100-realvision-max-3d-ahtriandur-8m-kaabliga\/\" \/>\n<meta property=\"og:locale\" content=\"en_GB\" \/>\n<meta property=\"og:type\" content=\"article\" \/>\n<meta property=\"og:title\" content=\"RVM-100 RealVision Max 3D ahtriandur 8m kaabliga\" \/>\n<meta property=\"og:description\" content=\"Avasta veealust ilu Raymarine RVM-100 ahtrianduri abil! Erakordne RealVision 3D Max sonaritehnoloogia toob Sinuni detailsed pildid elust allpool veepiiri.\" \/>\n<meta property=\"og:url\" content=\"https:\/\/raymarine.ee\/en\/product\/rvm-100-realvision-max-3d-ahtriandur-8m-kaabliga\/\" \/>\n<meta property=\"og:site_name\" content=\"NavSystems\" \/>\n<meta property=\"article:publisher\" content=\"https:\/\/www.facebook.com\/NavSystems\" \/>\n<meta property=\"article:modified_time\" content=\"2026-05-06T13:43:39+00:00\" \/>\n<meta property=\"og:image\" content=\"https:\/\/raymarine.ee\/wp-content\/uploads\/2026\/05\/b8012b23-2f67-4f78-a606-052c7c2816ed.webp\" \/>\n\t<meta property=\"og:image:width\" content=\"2000\" \/>\n\t<meta property=\"og:image:height\" content=\"2000\" \/>\n\t<meta property=\"og:image:type\" content=\"image\/webp\" \/>\n<meta name=\"twitter:card\" content=\"summary_large_image\" \/>\n<meta name=\"twitter:label1\" content=\"Price\" \/>\n\t<meta name=\"twitter:data1\" content=\"645,00&nbsp;&euro;\" \/>\n\t<meta name=\"twitter:label2\" content=\"Availability\" \/>\n\t<meta name=\"twitter:data2\" content=\"In stock\" \/>\n<script type=\"application\/ld+json\" class=\"yoast-schema-graph\">{\"@context\":\"https:\\\/\\\/schema.org\",\"@graph\":[{\"@type\":\"WebPage\",\"@id\":\"https:\\\/\\\/raymarine.ee\\\/product\\\/rvm-100-realvision-max-3d-ahtriandur-8m-kaabliga\\\/\",\"url\":\"https:\\\/\\\/raymarine.ee\\\/product\\\/rvm-100-realvision-max-3d-ahtriandur-8m-kaabliga\\\/\",\"name\":\"RVM-100 ahtriandur: K\u00f5ik-\u00fches RealVision Max 3D andur - NavSystems\",\"isPartOf\":{\"@id\":\"https:\\\/\\\/raymarine.ee\\\/#website\"},\"primaryImageOfPage\":{\"@id\":\"https:\\\/\\\/raymarine.ee\\\/product\\\/rvm-100-realvision-max-3d-ahtriandur-8m-kaabliga\\\/#primaryimage\"},\"image\":{\"@id\":\"https:\\\/\\\/raymarine.ee\\\/product\\\/rvm-100-realvision-max-3d-ahtriandur-8m-kaabliga\\\/#primaryimage\"},\"thumbnailUrl\":\"https:\\\/\\\/raymarine.ee\\\/wp-content\\\/uploads\\\/2026\\\/05\\\/b8012b23-2f67-4f78-a606-052c7c2816ed.webp\",\"datePublished\":\"2026-05-06T12:43:38+00:00\",\"dateModified\":\"2026-05-06T13:43:39+00:00\",\"description\":\"Avasta veealust ilu Raymarine RVM-100 ahtrianduri abil! Erakordne RealVision 3D Max sonaritehnoloogia toob Sinuni detailsed pildid elust allpool veepiiri.\",\"breadcrumb\":{\"@id\":\"https:\\\/\\\/raymarine.ee\\\/product\\\/rvm-100-realvision-max-3d-ahtriandur-8m-kaabliga\\\/#breadcrumb\"},\"inLanguage\":\"en-GB\",\"potentialAction\":[{\"@type\":\"ReadAction\",\"target\":[\"https:\\\/\\\/raymarine.ee\\\/product\\\/rvm-100-realvision-max-3d-ahtriandur-8m-kaabliga\\\/\"]}]},{\"@type\":\"ImageObject\",\"inLanguage\":\"en-GB\",\"@id\":\"https:\\\/\\\/raymarine.ee\\\/product\\\/rvm-100-realvision-max-3d-ahtriandur-8m-kaabliga\\\/#primaryimage\",\"url\":\"https:\\\/\\\/raymarine.ee\\\/wp-content\\\/uploads\\\/2026\\\/05\\\/b8012b23-2f67-4f78-a606-052c7c2816ed.webp\",\"contentUrl\":\"https:\\\/\\\/raymarine.ee\\\/wp-content\\\/uploads\\\/2026\\\/05\\\/b8012b23-2f67-4f78-a606-052c7c2816ed.webp\",\"width\":2000,\"height\":2000,\"caption\":\"A80703.rvm-100-3d-realvision-max-transom-transducer\"},{\"@type\":\"BreadcrumbList\",\"@id\":\"https:\\\/\\\/raymarine.ee\\\/product\\\/rvm-100-realvision-max-3d-ahtriandur-8m-kaabliga\\\/#breadcrumb\",\"itemListElement\":[{\"@type\":\"ListItem\",\"position\":1,\"name\":\"Home\",\"item\":\"https:\\\/\\\/raymarine.ee\\\/\"},{\"@type\":\"ListItem\",\"position\":2,\"name\":\"Tooted\",\"item\":\"https:\\\/\\\/raymarine.ee\\\/shop\\\/\"},{\"@type\":\"ListItem\",\"position\":3,\"name\":\"RVM-100 RealVision Max 3D ahtriandur 8m kaabliga\"}]},{\"@type\":\"WebSite\",\"@id\":\"https:\\\/\\\/raymarine.ee\\\/#website\",\"url\":\"https:\\\/\\\/raymarine.ee\\\/\",\"name\":\"www.raymarine.ee\",\"description\":\"Mereelektroonika, kaardiplotter, autopiloot, pinnipiloot, roolipiloot, radar, AIS, VHF, Smart Wind\",\"publisher\":{\"@id\":\"https:\\\/\\\/raymarine.ee\\\/#organization\"},\"alternateName\":\"Raymarine\",\"potentialAction\":[{\"@type\":\"SearchAction\",\"target\":{\"@type\":\"EntryPoint\",\"urlTemplate\":\"https:\\\/\\\/raymarine.ee\\\/?s={search_term_string}\"},\"query-input\":{\"@type\":\"PropertyValueSpecification\",\"valueRequired\":true,\"valueName\":\"search_term_string\"}}],\"inLanguage\":\"en-GB\"},{\"@type\":\"Organization\",\"@id\":\"https:\\\/\\\/raymarine.ee\\\/#organization\",\"name\":\"NavSystems O\u00dc\",\"url\":\"https:\\\/\\\/raymarine.ee\\\/\",\"logo\":{\"@type\":\"ImageObject\",\"inLanguage\":\"en-GB\",\"@id\":\"https:\\\/\\\/raymarine.ee\\\/#\\\/schema\\\/logo\\\/image\\\/\",\"url\":\"https:\\\/\\\/raymarine.ee\\\/wp-content\\\/uploads\\\/2024\\\/10\\\/Screenshot-2024-10-15-151324_bg_removed.webp\",\"contentUrl\":\"https:\\\/\\\/raymarine.ee\\\/wp-content\\\/uploads\\\/2024\\\/10\\\/Screenshot-2024-10-15-151324_bg_removed.webp\",\"width\":420,\"height\":276,\"caption\":\"NavSystems O\u00dc\"},\"image\":{\"@id\":\"https:\\\/\\\/raymarine.ee\\\/#\\\/schema\\\/logo\\\/image\\\/\"},\"sameAs\":[\"https:\\\/\\\/www.facebook.com\\\/NavSystems\"],\"legalName\":\"NavSystems O\u00dc\",\"foundingDate\":\"2011-05-03\",\"numberOfEmployees\":{\"@type\":\"QuantitativeValue\",\"minValue\":\"1\",\"maxValue\":\"10\"}}]}<\/script>\n<meta property=\"product:price:amount\" content=\"645.00\" \/>\n<meta property=\"product:price:currency\" content=\"EUR\" \/>\n<meta property=\"og:availability\" content=\"instock\" \/>\n<meta property=\"product:availability\" content=\"instock\" \/>\n<meta property=\"product:retailer_item_id\" content=\"A80703\" \/>\n<meta property=\"product:condition\" content=\"new\" \/>\n<!-- \/ Yoast SEO Premium plugin. -->","yoast_head_json":{"title":"RVM-100 ahtriandur: K\u00f5ik-\u00fches RealVision Max 3D andur - NavSystems","description":"Avasta veealust ilu Raymarine RVM-100 ahtrianduri abil! Erakordne RealVision 3D Max sonaritehnoloogia toob Sinuni detailsed pildid elust allpool veepiiri.","robots":{"index":"index","follow":"follow","max-snippet":"max-snippet:-1","max-image-preview":"max-image-preview:large","max-video-preview":"max-video-preview:-1"},"canonical":"https:\/\/raymarine.ee\/en\/product\/rvm-100-realvision-max-3d-ahtriandur-8m-kaabliga\/","og_locale":"en_GB","og_type":"article","og_title":"RVM-100 RealVision Max 3D ahtriandur 8m kaabliga","og_description":"Avasta veealust ilu Raymarine RVM-100 ahtrianduri abil! Erakordne RealVision 3D Max sonaritehnoloogia toob Sinuni detailsed pildid elust allpool veepiiri.","og_url":"https:\/\/raymarine.ee\/en\/product\/rvm-100-realvision-max-3d-ahtriandur-8m-kaabliga\/","og_site_name":"NavSystems","article_publisher":"https:\/\/www.facebook.com\/NavSystems","article_modified_time":"2026-05-06T13:43:39+00:00","og_image":[{"width":2000,"height":2000,"url":"https:\/\/raymarine.ee\/wp-content\/uploads\/2026\/05\/b8012b23-2f67-4f78-a606-052c7c2816ed.webp","type":"image\/webp"}],"twitter_card":"summary_large_image","twitter_misc":{"Price":"645,00&nbsp;&euro;","Availability":"In stock"},"schema":{"@context":"https:\/\/schema.org","@graph":[{"@type":"WebPage","@id":"https:\/\/raymarine.ee\/product\/rvm-100-realvision-max-3d-ahtriandur-8m-kaabliga\/","url":"https:\/\/raymarine.ee\/product\/rvm-100-realvision-max-3d-ahtriandur-8m-kaabliga\/","name":"RVM-100 ahtriandur: K\u00f5ik-\u00fches RealVision Max 3D andur - NavSystems","isPartOf":{"@id":"https:\/\/raymarine.ee\/#website"},"primaryImageOfPage":{"@id":"https:\/\/raymarine.ee\/product\/rvm-100-realvision-max-3d-ahtriandur-8m-kaabliga\/#primaryimage"},"image":{"@id":"https:\/\/raymarine.ee\/product\/rvm-100-realvision-max-3d-ahtriandur-8m-kaabliga\/#primaryimage"},"thumbnailUrl":"https:\/\/raymarine.ee\/wp-content\/uploads\/2026\/05\/b8012b23-2f67-4f78-a606-052c7c2816ed.webp","datePublished":"2026-05-06T12:43:38+00:00","dateModified":"2026-05-06T13:43:39+00:00","description":"Avasta veealust ilu Raymarine RVM-100 ahtrianduri abil! Erakordne RealVision 3D Max sonaritehnoloogia toob Sinuni detailsed pildid elust allpool veepiiri.","breadcrumb":{"@id":"https:\/\/raymarine.ee\/product\/rvm-100-realvision-max-3d-ahtriandur-8m-kaabliga\/#breadcrumb"},"inLanguage":"en-GB","potentialAction":[{"@type":"ReadAction","target":["https:\/\/raymarine.ee\/product\/rvm-100-realvision-max-3d-ahtriandur-8m-kaabliga\/"]}]},{"@type":"ImageObject","inLanguage":"en-GB","@id":"https:\/\/raymarine.ee\/product\/rvm-100-realvision-max-3d-ahtriandur-8m-kaabliga\/#primaryimage","url":"https:\/\/raymarine.ee\/wp-content\/uploads\/2026\/05\/b8012b23-2f67-4f78-a606-052c7c2816ed.webp","contentUrl":"https:\/\/raymarine.ee\/wp-content\/uploads\/2026\/05\/b8012b23-2f67-4f78-a606-052c7c2816ed.webp","width":2000,"height":2000,"caption":"A80703.rvm-100-3d-realvision-max-transom-transducer"},{"@type":"BreadcrumbList","@id":"https:\/\/raymarine.ee\/product\/rvm-100-realvision-max-3d-ahtriandur-8m-kaabliga\/#breadcrumb","itemListElement":[{"@type":"ListItem","position":1,"name":"Home","item":"https:\/\/raymarine.ee\/"},{"@type":"ListItem","position":2,"name":"Tooted","item":"https:\/\/raymarine.ee\/shop\/"},{"@type":"ListItem","position":3,"name":"RVM-100 RealVision Max 3D ahtriandur 8m kaabliga"}]},{"@type":"WebSite","@id":"https:\/\/raymarine.ee\/#website","url":"https:\/\/raymarine.ee\/","name":"www.raymarine.ee","description":"Marine electronics, chartplotter, autopilot, stern pilot, steering pilot, radar, AIS, VHF, Smart Wind","publisher":{"@id":"https:\/\/raymarine.ee\/#organization"},"alternateName":"Raymarine","potentialAction":[{"@type":"SearchAction","target":{"@type":"EntryPoint","urlTemplate":"https:\/\/raymarine.ee\/?s={search_term_string}"},"query-input":{"@type":"PropertyValueSpecification","valueRequired":true,"valueName":"search_term_string"}}],"inLanguage":"en-GB"},{"@type":"Organization","@id":"https:\/\/raymarine.ee\/#organization","name":"NavSystems O\u00dc","url":"https:\/\/raymarine.ee\/","logo":{"@type":"ImageObject","inLanguage":"en-GB","@id":"https:\/\/raymarine.ee\/#\/schema\/logo\/image\/","url":"https:\/\/raymarine.ee\/wp-content\/uploads\/2024\/10\/Screenshot-2024-10-15-151324_bg_removed.webp","contentUrl":"https:\/\/raymarine.ee\/wp-content\/uploads\/2024\/10\/Screenshot-2024-10-15-151324_bg_removed.webp","width":420,"height":276,"caption":"NavSystems O\u00dc"},"image":{"@id":"https:\/\/raymarine.ee\/#\/schema\/logo\/image\/"},"sameAs":["https:\/\/www.facebook.com\/NavSystems"],"legalName":"NavSystems O\u00dc","foundingDate":"2011-05-03","numberOfEmployees":{"@type":"QuantitativeValue","minValue":"1","maxValue":"10"}}]},"product_price_amount":"645.00","product_price_currency":"EUR","og_availability":"instock","product_availability":"instock","product_retailer_item_id":"A80703","product_condition":"new"},"jetpack_sharing_enabled":true,"_links":{"self":[{"href":"https:\/\/raymarine.ee\/en\/wp-json\/wp\/v2\/product\/11166","targetHints":{"allow":["GET"]}}],"collection":[{"href":"https:\/\/raymarine.ee\/en\/wp-json\/wp\/v2\/product"}],"about":[{"href":"https:\/\/raymarine.ee\/en\/wp-json\/wp\/v2\/types\/product"}],"wp:featuredmedia":[{"embeddable":true,"href":"https:\/\/raymarine.ee\/en\/wp-json\/wp\/v2\/media\/11167"}],"wp:attachment":[{"href":"https:\/\/raymarine.ee\/en\/wp-json\/wp\/v2\/media?parent=11166"}],"wp:term":[{"taxonomy":"product_brand","embeddable":true,"href":"https:\/\/raymarine.ee\/en\/wp-json\/wp\/v2\/product_brand?post=11166"},{"taxonomy":"product_cat","embeddable":true,"href":"https:\/\/raymarine.ee\/en\/wp-json\/wp\/v2\/product_cat?post=11166"},{"taxonomy":"product_tag","embeddable":true,"href":"https:\/\/raymarine.ee\/en\/wp-json\/wp\/v2\/product_tag?post=11166"}],"curies":[{"name":"wp","href":"https:\/\/api.w.org\/{rel}","templated":true}]}}