{"id":11476,"date":"2026-05-11T07:42:53","date_gmt":"2026-05-11T04:42:53","guid":{"rendered":"https:\/\/raymarine.ee\/?post_type=product&#038;p=11476"},"modified":"2026-05-11T09:21:46","modified_gmt":"2026-05-11T06:21:46","slug":"kaardiplotter-axiom2-7","status":"publish","type":"product","link":"https:\/\/raymarine.ee\/en\/product\/kaardiplotter-axiom2-7\/","title":{"rendered":"Kaardiplotter AXIOM2 7&#8243;"},"content":{"rendered":"<p data-start=\"0\" data-end=\"68\"><strong data-start=\"0\" data-end=\"68\">Raymarine AXIOM2 7 Multifunktsionaalne kaardiplotter<\/strong><\/p>\n<p data-start=\"70\" data-end=\"414\">Raymarine <strong data-start=\"80\" data-end=\"90\">AXIOM2<\/strong> seeria pakub t\u00e4iustatud omadusi ja suurep\u00e4rast j\u00f5udlust muutes navigeerimise lihtsamaks kui kunagi varem. Axiom2 on LightHouse 5 valmidusega, varustatud t\u00e4iustatud, 25% kirkama (1800 nitti)\u00a0 <strong data-start=\"241\" data-end=\"266\">with HydroTough\u2122 screen<\/strong>, quick <strong data-start=\"274\" data-end=\"306\">octa-core processor<\/strong> and larger <strong> 64GB <\/strong>tasty<strong>. <\/strong>AXIOM2 offers a reliable and fast navigation experience in all weather conditions. Furthermore, AXIOM2 is expandable, allowing functionality to be improved as needed.<\/p>\n<h3 data-start=\"416\" data-end=\"442\"><strong data-start=\"420\" data-end=\"442\">Main Features: <\/strong><span style=\"color: #ffffff;\">Chartplotters<\/span><\/h3>\n<ul data-start=\"444\" data-end=\"2706\">\n<li data-start=\"444\" data-end=\"772\">\n<p data-start=\"446\" data-end=\"772\"><strong data-start=\"446\" data-end=\"469\">HydroTough\u2122 Screen <\/strong><span style=\"color: #ffffff;\">Kaleidoscope<\/span><br data-start=\"469\" data-end=\"472\" \/>AXIOM+ series display is <strong data-start=\"498\" data-end=\"513\">25% brighter<\/strong> the previous series' screens, ensuring excellent visibility even in bright sunlight. Additionally, it offers <strong data-start=\"613\" data-end=\"639\">greater impact resistance<\/strong> Thank you <strong data-start=\"650\" data-end=\"666\">nano-cat<\/strong> repels water and dirt, allowing the screen to be used accurately and quickly in all weather conditions.<\/p>\n<\/li>\n<li data-start=\"776\" data-end=\"1090\">\n<p data-start=\"778\" data-end=\"1090\"><strong data-start=\"778\" data-end=\"800\">Speed and Efficiency<\/strong><br data-start=\"800\" data-end=\"803\" \/>New <strong data-start=\"809\" data-end=\"863\">Raymarine LightHouse operatsioonis\u00fcsteem<\/strong> yes fast <strong data-start=\"873\" data-end=\"902\">Octa-core processor<\/strong> ensure smooth and fast performance. A single touch of a finger makes navigation and system management easy. <strong data-start=\"1010\" data-end=\"1025\">App icons<\/strong> and clear menu options help navigate without delay. Axiom2 allows you to save 10,000 waypoints into 200 different groups. Up to 250 routes, each with 500 waypoints. Allows saving 15 tracks, each with 10,000 points.<\/p>\n<\/li>\n<li data-start=\"1092\" data-end=\"1418\">\n<p data-start=\"1094\" data-end=\"1418\"><strong data-start=\"1094\" data-end=\"1130\">Personalisation and Customisation<\/strong><br data-start=\"1130\" data-end=\"1133\" \/>AXIOM2 allows customisation <strong data-start=\"1162\" data-end=\"1183\">Screen layout<\/strong> according to the user's preferences. Data fields can be placed in different locations and sizes. <strong data-start=\"1284\" data-end=\"1305\">User profile<\/strong> And personalised settings can be saved and are easily accessible at any time.<\/p>\n<\/li>\n<li data-start=\"1420\" data-end=\"1693\">\n<p data-start=\"1422\" data-end=\"1693\"><strong data-start=\"1422\" data-end=\"1471\">New LightHouse 5 operating system:<\/strong><br data-start=\"1471\" data-end=\"1474\" \/>This new operating system offers a range of colour and lighting options to ensure optimal visibility in daylight and at night. It also features an improved dashboard, providing quick and easy access to all essential data.<\/p>\n<\/li>\n<li data-start=\"1695\" data-end=\"1981\">\n<p data-start=\"1697\" data-end=\"1732\"><strong data-start=\"1697\" data-end=\"1730\">Additional connectivity options:<\/strong><\/p>\n<ul data-start=\"1735\" data-end=\"1839\">\n<li data-start=\"1735\" data-end=\"1757\"><strong data-start=\"1737\" data-end=\"1749\">Ethernet<\/strong>1 port<\/li>\n<li data-start=\"1760\" data-end=\"1782\"><strong data-start=\"1762\" data-end=\"1774\">NMEA2000<\/strong>1 port<\/li>\n<li data-start=\"1785\" data-end=\"1804\"><strong data-start=\"1787\" data-end=\"1804\">MicroUSB port<\/strong><\/li>\n<li data-start=\"1807\" data-end=\"1836\"><strong data-start=\"1809\" data-end=\"1830\">WiFi and Bluetooth<\/strong> (4.0)<\/li>\n<\/ul>\n<p data-start=\"1842\" data-end=\"1981\">For connectivity, the device has all the necessary ports to create a system for connecting other Raymarine devices and additional features.<\/p>\n<\/li>\n<li data-start=\"1983\" data-end=\"2272\">\n<p data-start=\"1985\" data-end=\"2272\"><strong data-start=\"1985\" data-end=\"2005\">Best cards:<\/strong><br data-start=\"2005\" data-end=\"2008\" \/>AXIOM2 series devices are compatible <strong data-start=\"2045\" data-end=\"2058\">Navionics<\/strong>, <strong data-start=\"2060\" data-end=\"2069\">C-MAP<\/strong> Yes <strong data-start=\"2073\" data-end=\"2087\">Lighthouse<\/strong> kaartide valikutega, pakkudes \u00fcksikasjalike <strong data-start=\"2133\" data-end=\"2161\">network and vector maps<\/strong> options that make coastal navigation easy. It also includes 3D maps and satellite support.<\/p>\n<\/li>\n<li data-start=\"2274\" data-end=\"2466\">\n<p data-start=\"2276\" data-end=\"2311\"><strong data-start=\"2276\" data-end=\"2309\">Sonar and Radar Compatibility<\/strong><\/p>\n<ul data-start=\"2314\" data-end=\"2466\">\n<li data-start=\"2314\" data-end=\"2355\">Sonar: valikuline (v\u00f5imaik lisada Raymarine v\u00e4liseid sonarimoduleid)<\/li>\n<li data-start=\"2358\" data-end=\"2463\">Radar: Compatibility <strong data-start=\"2377\" data-end=\"2388\">Quantum<\/strong>, <strong data-start=\"2390\" data-end=\"2401\">Digital<\/strong>, <strong data-start=\"2403\" data-end=\"2431\">HD Colour\/Super HD Colour<\/strong> Yes <strong data-start=\"2435\" data-end=\"2463\">Magnum radar aerials<\/strong><\/li>\n<\/ul>\n<\/li>\n<li data-start=\"2467\" data-end=\"2706\">\n<p data-start=\"2469\" data-end=\"2508\"><strong data-start=\"2469\" data-end=\"2506\">Thermal Image and Video Connectivity<\/strong><\/p>\n<ul data-start=\"2511\" data-end=\"2706\">\n<li data-start=\"2511\" data-end=\"2610\"><strong data-start=\"2513\" data-end=\"2532\">Thermal Imaging<\/strong>Compatibility <strong data-start=\"2544\" data-end=\"2556\">FLIR AX8<\/strong>, <strong data-start=\"2558\" data-end=\"2566\">M232<\/strong>, <strong data-start=\"2568\" data-end=\"2576\">M300<\/strong>, <strong data-start=\"2578\" data-end=\"2586\">M400<\/strong> Yes <strong data-start=\"2590\" data-end=\"2598\">M500<\/strong> serial.<\/li>\n<li data-start=\"2613\" data-end=\"2706\"><strong data-start=\"2615\" data-end=\"2634\">Camera Connection<\/strong>Compatibility <strong data-start=\"2646\" data-end=\"2658\">CAM210IP,<\/strong>\u00a0<strong data-start=\"2662\" data-end=\"2674\">CAM220IP, CAM300, CAM400<\/strong> with cameras (up to 10 cameras).<\/li>\n<\/ul>\n<\/li>\n<\/ul>\n<h3 data-start=\"2708\" data-end=\"2734\"><strong data-start=\"2712\" data-end=\"2734\">Technical Details:<\/strong><\/h3>\n<ul data-start=\"2736\" data-end=\"3858\">\n<li data-start=\"2736\" data-end=\"2760\"><strong data-start=\"2738\" data-end=\"2757\">Screen size<\/strong> 7 inches<\/li>\n<li data-start=\"2736\" data-end=\"2760\"><strong>LightHouse 5 software readiness<\/strong><\/li>\n<li data-start=\"2761\" data-end=\"2791\"><strong data-start=\"2763\" data-end=\"2780\">Resolution<\/strong> 1024 x 600<\/li>\n<li data-start=\"2792\" data-end=\"2850\"><strong data-start=\"2794\" data-end=\"2810\">Screen type:<\/strong> Multitouch HydroTough Oleophobic (durable coating) IPS<\/li>\n<li data-start=\"2851\" data-end=\"2876\"><strong data-start=\"2853\" data-end=\"2865\">Brightness<\/strong> 1800s<\/li>\n<li data-start=\"2877\" data-end=\"2930\"><strong data-start=\"2879\" data-end=\"2893\">Picture corner<\/strong> 85\u00b0 (up, down, left, right)<\/li>\n<li data-start=\"2931\" data-end=\"2965\"><strong data-start=\"2933\" data-end=\"2943\">Tension<\/strong> 12 V DC (8 \u2013 16 V DC)<\/li>\n<li data-start=\"2966\" data-end=\"2998\"><strong data-start=\"2968\" data-end=\"2991\">Power consumption<\/strong> 9.84 W<\/li>\n<li data-start=\"2999\" data-end=\"3026\"><strong data-start=\"3001\" data-end=\"3014\">Ethernet<\/strong> Yes, 1 port<\/li>\n<li data-start=\"3027\" data-end=\"3054\"><strong data-start=\"3029\" data-end=\"3042\">NMEA2000:<\/strong> Yes, 1 port<\/li>\n<li data-start=\"3055\" data-end=\"3073\"><strong data-start=\"3057\" data-end=\"3070\">NMEA0183:<\/strong> Hi<\/li>\n<li data-start=\"3074\" data-end=\"3128\"><strong data-start=\"3076\" data-end=\"3090\">SeaTalkNG:<\/strong> Required adapter (included in the set)<\/li>\n<li data-start=\"3129\" data-end=\"3154\"><strong data-start=\"3131\" data-end=\"3139\">USB:<\/strong> 1x USB microAB<\/li>\n<li data-start=\"3155\" data-end=\"3171\"><strong data-start=\"3157\" data-end=\"3167\">Wi-Fi<\/strong> Jah<\/li>\n<li data-start=\"3172\" data-end=\"3196\"><strong data-start=\"3174\" data-end=\"3188\">Bluetooth:<\/strong> Jah 4.0<\/li>\n<li data-start=\"3197\" data-end=\"3241\"><strong data-start=\"3199\" data-end=\"3207\">GPS<\/strong> Integrated (10 Hz, 28 channel)<\/li>\n<li data-start=\"3242\" data-end=\"3281\"><strong data-start=\"3244\" data-end=\"3281\">GPS\/GLONASS\/Galileo\/BeiDou support<\/strong><\/li>\n<li data-start=\"3282\" data-end=\"3305\"><strong data-start=\"3284\" data-end=\"3294\">Sonar:<\/strong> Sisemine moodul puudub, v\u00f5imalus lisada v\u00e4iline moodul<\/li>\n<li data-start=\"3306\" data-end=\"3399\"><strong data-start=\"3308\" data-end=\"3318\">Radar:<\/strong> Compatibility with Quantum, Digital, HD Color\/Super HD Colour, and Magnum radar antennas<\/li>\n<li data-start=\"3400\" data-end=\"3430\"><strong data-start=\"3402\" data-end=\"3410\">AIS:<\/strong> Yes, via NMEA2000<\/li>\n<li data-start=\"3431\" data-end=\"3487\"><strong data-start=\"3433\" data-end=\"3456\">Card compatibility:<\/strong> Navionics, C-MAP and Lighthouse<\/li>\n<li data-start=\"3488\" data-end=\"3508\"><strong data-start=\"3490\" data-end=\"3505\">Card slot<\/strong> 1x<\/li>\n<li data-start=\"3509\" data-end=\"3558\"><strong data-start=\"3511\" data-end=\"3537\">Autopilot control<\/strong> Autopilot evolution<\/li>\n<li data-start=\"3559\" data-end=\"3618\"><strong data-start=\"3561\" data-end=\"3578\">Thermal camera<\/strong> FLIR AX8, M232, M300 series, M400, M500<\/li>\n<li data-start=\"3619\" data-end=\"3689\"><strong data-start=\"3621\" data-end=\"3639\">Video\/camera:<\/strong> Compatibility CAM210IP, Cam300, Cam400 and CAM220IP (up to 10 cameras)<\/li>\n<li data-start=\"3690\" data-end=\"3733\"><strong data-start=\"3692\" data-end=\"3717\">Processing temperature:<\/strong> -25 to +55 \u00b0C<\/li>\n<li data-start=\"3734\" data-end=\"3776\"><strong data-start=\"3736\" data-end=\"3760\">Storage temperature:<\/strong> -30 to +70 \u00b0C<\/li>\n<li data-start=\"3777\" data-end=\"3806\"><strong data-start=\"3779\" data-end=\"3794\">Water resistance:<\/strong> IPX6 \/ IPX7<\/li>\n<li data-start=\"3807\" data-end=\"3838\"><strong data-start=\"3809\" data-end=\"3820\">Dimensions:<\/strong> 201 x 133 x 218 mm (including straight-end cables)<\/li>\n<li data-start=\"3839\" data-end=\"3858\"><strong data-start=\"3841\" data-end=\"3850\">Cal<\/strong> 1.36 kg<\/li>\n<\/ul>\n<div><strong><br \/>\nGuides<\/strong><\/div>\n<div><\/div>\n<div>Download\u00a0<a href=\"https:\/\/raymarine.ee\/wp-content\/uploads\/2026\/04\/Axiom-2-MFD-Installation-Instructions-87504-Rev-1-EN.pdf\" target=\"_blank\" rel=\"noopener\" data-wpel-link=\"internal\">Axiom2 Installation Guide<\/a><\/div>\n<div>Download\u00a0<a href=\"https:\/\/raymarine.ee\/wp-content\/uploads\/2026\/04\/RMK-10-Remote-MFD-Keypad-Installation-and-operation-instructions-81367-3-EN.pdf\" target=\"_blank\" rel=\"noopener\" data-wpel-link=\"internal\">RMK-10 Installation Guide <\/a><\/div>\n<div>Download\u00a0<a href=\"https:\/\/raymarine.ee\/wp-content\/uploads\/2026\/04\/RCR-1-MicroSD-Card-Reader-Installation-instructions-87396-3-EN.pdf\" target=\"_blank\" rel=\"noopener\" data-wpel-link=\"internal\">RCR-1 installation guide<\/a><\/div>\n<div>Download\u00a0<a href=\"https:\/\/raymarine.ee\/wp-content\/uploads\/2026\/04\/RCR-SDUSB-Remote-Card-Reader-for-Axiom-MFDs-Install-instructions-87317-4-EN.pdf\" target=\"_blank\" rel=\"noopener\" data-wpel-link=\"internal\">RCR-SDUSB Installation Guide<\/a><\/div>\n<div>Download <a href=\"https:\/\/raymarine.ee\/wp-content\/uploads\/2026\/04\/RNS-5-Network-switch-Installation-instructions-87442-Rev-2-EN.pdf\" target=\"_blank\" rel=\"noopener\" data-wpel-link=\"internal\">Raymarine RNS-5 Installation Guide<\/a><\/div>\n<div>Download\u00a0<a href=\"https:\/\/raymarine.ee\/wp-content\/uploads\/2026\/04\/SeaTalkng-Reference-manual-81300-1-EN-1.pdf\" target=\"_blank\" rel=\"noopener\" data-wpel-link=\"internal\">Raymarine STNG Network General Guide<\/a><\/div>\n<div>Download\u00a0<a href=\"https:\/\/raymarine.ee\/wp-content\/uploads\/2026\/04\/LightHouse-4-v4.11.103-Advanced-Operation-instructions-81406-Rev-27-EN.pdf\" target=\"_blank\" rel=\"noopener\" data-wpel-link=\"internal\">Lighthouse 4.11.103 User Guide<\/a><\/div>\n<div>Download\u00a0<a href=\"https:\/\/raymarine.ee\/wp-content\/uploads\/2026\/04\/Actisense-NGW-1-NMEA-Converter-Installation-instructions-87456-Rev-1-EN.pdf\" target=\"_blank\" rel=\"noopener\" data-wpel-link=\"internal\">Actisense NGW-1 NMEA<\/a>\u00a0Converter installation guide<\/div>","protected":false},"excerpt":{"rendered":"<p data-start=\"0\" data-end=\"68\"><span style=\"color: #ff9900;\"><strong>New model!\u00a0<\/strong><\/span><\/p>\n<p data-start=\"0\" data-end=\"68\"><strong data-start=\"0\" data-end=\"68\">Raymarine AXIOM2 7&#8243; Multifunktsionaalne kaardiplotter<\/strong><\/p>\n<p data-start=\"70\" data-end=\"414\">Raymarine <strong data-start=\"80\" data-end=\"90\">AXIOM2<\/strong> seeria pakub t\u00e4iustatud omadusi ja suurep\u00e4rast j\u00f5udlust, muutes navigeerimise lihtsamaks kui kunagi varem. Axiom2 seeria on <strong>LightHouse 5<\/strong> operatsioonis\u00fcsteemi valmidusega, t\u00e4iustatud, 25% kirkama (1800 nitti) <strong data-start=\"241\" data-end=\"266\">with HydroTough\u2122 screen<\/strong>, quick <strong data-start=\"274\" data-end=\"306\">octa-core processor<\/strong> and larger <strong data-start=\"318\" data-end=\"332\">tasty <\/strong>(64GB), pakub AXIOM2 usaldusv\u00e4\u00e4rset ja kiiret navigeerimiskogemust k\u00f5ikides ilmastikutingimustes. Lisaks on AXIOM2 laiendatav, v\u00f5imaldades funktsionaalsuse t\u00e4iustamist vastavalt vajadusele. Tutvu kindlasti ka selle toote\u00a0juhenditega\u00a0ja k\u00fcsimuste korral pea n\u00f5u meie spetsialistiga.<\/p>\n<p><span style=\"color: #ff9900;\">LightHouse dekraam, P\u00f5hjale Euroopale koos plotteriga tasuta kaasa!<\/span><\/p>","protected":false},"featured_media":11487,"template":"","meta":{"_acf_changed":false},"product_brand":[134],"product_cat":[18,57],"product_tag":[],"class_list":{"0":"post-11476","1":"product","2":"type-product","3":"status-publish","4":"has-post-thumbnail","6":"product_brand-raymarine","7":"product_cat-axiom-axiom2-kaardiplotter-axiom2-pro","8":"product_cat-axiomaxiom","10":"first","11":"onbackorder","12":"sale","13":"featured","14":"taxable","15":"shipping-taxable","16":"purchasable","17":"product-type-simple"},"acf":[],"yoast_head":"<!-- This site is optimized with the Yoast SEO Premium plugin v27.5 (Yoast SEO v27.5) - https:\/\/yoast.com\/product\/yoast-seo-premium-wordpress\/ -->\n<title>Axiom2 7 kaardiplotter : Usaldusv\u00e4\u00e4rne ja kiire navigeerimine - NavSystems<\/title>\n<meta name=\"description\" content=\"Avasta navigeerimise uus tase Axiom2 7&quot; kaardiplotteriga. Suurep\u00e4rane j\u00f5udlus, kirkam ekraan ja paremad omadused muudavad navigeerimise lihtsamaks! \u26f5\" \/>\n<meta name=\"robots\" content=\"index, follow, max-snippet:-1, max-image-preview:large, max-video-preview:-1\" \/>\n<link rel=\"canonical\" href=\"https:\/\/raymarine.ee\/en\/product\/kaardiplotter-axiom2-7\/\" \/>\n<meta property=\"og:locale\" content=\"en_GB\" \/>\n<meta property=\"og:type\" content=\"article\" \/>\n<meta property=\"og:title\" content=\"Kaardiplotter AXIOM2 7&quot;\" \/>\n<meta property=\"og:description\" content=\"Avasta navigeerimise uus tase Axiom2 7&quot; kaardiplotteriga. Suurep\u00e4rane j\u00f5udlus, kirkam ekraan ja paremad omadused muudavad navigeerimise lihtsamaks! \u26f5\" \/>\n<meta property=\"og:url\" content=\"https:\/\/raymarine.ee\/en\/product\/kaardiplotter-axiom2-7\/\" \/>\n<meta property=\"og:site_name\" content=\"NavSystems\" \/>\n<meta property=\"article:publisher\" content=\"https:\/\/www.facebook.com\/NavSystems\" \/>\n<meta property=\"article:modified_time\" content=\"2026-05-11T06:21:46+00:00\" \/>\n<meta property=\"og:image\" content=\"https:\/\/raymarine.ee\/wp-content\/uploads\/2026\/05\/9aff2d2d-3a97-44c7-97c9-dbbc7b0bf94c.webp\" \/>\n\t<meta property=\"og:image:width\" content=\"2000\" \/>\n\t<meta property=\"og:image:height\" content=\"2000\" \/>\n\t<meta property=\"og:image:type\" content=\"image\/webp\" \/>\n<meta name=\"twitter:card\" content=\"summary_large_image\" \/>\n<meta name=\"twitter:label1\" content=\"Price\" \/>\n\t<meta name=\"twitter:data1\" content=\"1 198,00&nbsp;&euro;\" \/>\n\t<meta name=\"twitter:label2\" content=\"Availability\" \/>\n\t<meta name=\"twitter:data2\" content=\"On back order\" \/>\n<script type=\"application\/ld+json\" class=\"yoast-schema-graph\">{\"@context\":\"https:\\\/\\\/schema.org\",\"@graph\":[{\"@type\":\"WebPage\",\"@id\":\"https:\\\/\\\/raymarine.ee\\\/product\\\/kaardiplotter-axiom2-7\\\/\",\"url\":\"https:\\\/\\\/raymarine.ee\\\/product\\\/kaardiplotter-axiom2-7\\\/\",\"name\":\"Axiom2 7 kaardiplotter : Usaldusv\u00e4\u00e4rne ja kiire navigeerimine - NavSystems\",\"isPartOf\":{\"@id\":\"https:\\\/\\\/raymarine.ee\\\/#website\"},\"primaryImageOfPage\":{\"@id\":\"https:\\\/\\\/raymarine.ee\\\/product\\\/kaardiplotter-axiom2-7\\\/#primaryimage\"},\"image\":{\"@id\":\"https:\\\/\\\/raymarine.ee\\\/product\\\/kaardiplotter-axiom2-7\\\/#primaryimage\"},\"thumbnailUrl\":\"https:\\\/\\\/raymarine.ee\\\/wp-content\\\/uploads\\\/2026\\\/05\\\/9aff2d2d-3a97-44c7-97c9-dbbc7b0bf94c.webp\",\"datePublished\":\"2026-05-11T04:42:53+00:00\",\"dateModified\":\"2026-05-11T06:21:46+00:00\",\"description\":\"Avasta navigeerimise uus tase Axiom2 7\\\" kaardiplotteriga. Suurep\u00e4rane j\u00f5udlus, kirkam ekraan ja paremad omadused muudavad navigeerimise lihtsamaks! \u26f5\",\"breadcrumb\":{\"@id\":\"https:\\\/\\\/raymarine.ee\\\/product\\\/kaardiplotter-axiom2-7\\\/#breadcrumb\"},\"inLanguage\":\"en-GB\",\"potentialAction\":[{\"@type\":\"ReadAction\",\"target\":[\"https:\\\/\\\/raymarine.ee\\\/product\\\/kaardiplotter-axiom2-7\\\/\"]}]},{\"@type\":\"ImageObject\",\"inLanguage\":\"en-GB\",\"@id\":\"https:\\\/\\\/raymarine.ee\\\/product\\\/kaardiplotter-axiom2-7\\\/#primaryimage\",\"url\":\"https:\\\/\\\/raymarine.ee\\\/wp-content\\\/uploads\\\/2026\\\/05\\\/9aff2d2d-3a97-44c7-97c9-dbbc7b0bf94c.webp\",\"contentUrl\":\"https:\\\/\\\/raymarine.ee\\\/wp-content\\\/uploads\\\/2026\\\/05\\\/9aff2d2d-3a97-44c7-97c9-dbbc7b0bf94c.webp\",\"width\":2000,\"height\":2000},{\"@type\":\"BreadcrumbList\",\"@id\":\"https:\\\/\\\/raymarine.ee\\\/product\\\/kaardiplotter-axiom2-7\\\/#breadcrumb\",\"itemListElement\":[{\"@type\":\"ListItem\",\"position\":1,\"name\":\"Home\",\"item\":\"https:\\\/\\\/raymarine.ee\\\/\"},{\"@type\":\"ListItem\",\"position\":2,\"name\":\"Tooted\",\"item\":\"https:\\\/\\\/raymarine.ee\\\/shop\\\/\"},{\"@type\":\"ListItem\",\"position\":3,\"name\":\"Kaardiplotter AXIOM2 7&#8243;\"}]},{\"@type\":\"WebSite\",\"@id\":\"https:\\\/\\\/raymarine.ee\\\/#website\",\"url\":\"https:\\\/\\\/raymarine.ee\\\/\",\"name\":\"www.raymarine.ee\",\"description\":\"Mereelektroonika, kaardiplotter, autopiloot, pinnipiloot, roolipiloot, radar, AIS, VHF, Smart Wind\",\"publisher\":{\"@id\":\"https:\\\/\\\/raymarine.ee\\\/#organization\"},\"alternateName\":\"Raymarine\",\"potentialAction\":[{\"@type\":\"SearchAction\",\"target\":{\"@type\":\"EntryPoint\",\"urlTemplate\":\"https:\\\/\\\/raymarine.ee\\\/?s={search_term_string}\"},\"query-input\":{\"@type\":\"PropertyValueSpecification\",\"valueRequired\":true,\"valueName\":\"search_term_string\"}}],\"inLanguage\":\"en-GB\"},{\"@type\":\"Organization\",\"@id\":\"https:\\\/\\\/raymarine.ee\\\/#organization\",\"name\":\"NavSystems O\u00dc\",\"url\":\"https:\\\/\\\/raymarine.ee\\\/\",\"logo\":{\"@type\":\"ImageObject\",\"inLanguage\":\"en-GB\",\"@id\":\"https:\\\/\\\/raymarine.ee\\\/#\\\/schema\\\/logo\\\/image\\\/\",\"url\":\"https:\\\/\\\/raymarine.ee\\\/wp-content\\\/uploads\\\/2024\\\/10\\\/Screenshot-2024-10-15-151324_bg_removed.webp\",\"contentUrl\":\"https:\\\/\\\/raymarine.ee\\\/wp-content\\\/uploads\\\/2024\\\/10\\\/Screenshot-2024-10-15-151324_bg_removed.webp\",\"width\":420,\"height\":276,\"caption\":\"NavSystems O\u00dc\"},\"image\":{\"@id\":\"https:\\\/\\\/raymarine.ee\\\/#\\\/schema\\\/logo\\\/image\\\/\"},\"sameAs\":[\"https:\\\/\\\/www.facebook.com\\\/NavSystems\"],\"legalName\":\"NavSystems O\u00dc\",\"foundingDate\":\"2011-05-03\",\"numberOfEmployees\":{\"@type\":\"QuantitativeValue\",\"minValue\":\"1\",\"maxValue\":\"10\"}}]}<\/script>\n<meta property=\"product:price:amount\" content=\"1198.00\" \/>\n<meta property=\"product:price:currency\" content=\"EUR\" \/>\n<meta property=\"og:availability\" content=\"backorder\" \/>\n<meta property=\"product:availability\" content=\"available for order\" \/>\n<meta property=\"product:retailer_item_id\" content=\"E70720-00-NEU\" \/>\n<meta property=\"product:condition\" content=\"new\" \/>\n<!-- \/ Yoast SEO Premium plugin. -->","yoast_head_json":{"title":"Axiom2 7 kaardiplotter : Usaldusv\u00e4\u00e4rne ja kiire navigeerimine - NavSystems","description":"Avasta navigeerimise uus tase Axiom2 7\" kaardiplotteriga. Suurep\u00e4rane j\u00f5udlus, kirkam ekraan ja paremad omadused muudavad navigeerimise lihtsamaks! \u26f5","robots":{"index":"index","follow":"follow","max-snippet":"max-snippet:-1","max-image-preview":"max-image-preview:large","max-video-preview":"max-video-preview:-1"},"canonical":"https:\/\/raymarine.ee\/en\/product\/kaardiplotter-axiom2-7\/","og_locale":"en_GB","og_type":"article","og_title":"Kaardiplotter AXIOM2 7\"","og_description":"Avasta navigeerimise uus tase Axiom2 7\" kaardiplotteriga. Suurep\u00e4rane j\u00f5udlus, kirkam ekraan ja paremad omadused muudavad navigeerimise lihtsamaks! \u26f5","og_url":"https:\/\/raymarine.ee\/en\/product\/kaardiplotter-axiom2-7\/","og_site_name":"NavSystems","article_publisher":"https:\/\/www.facebook.com\/NavSystems","article_modified_time":"2026-05-11T06:21:46+00:00","og_image":[{"width":2000,"height":2000,"url":"https:\/\/raymarine.ee\/wp-content\/uploads\/2026\/05\/9aff2d2d-3a97-44c7-97c9-dbbc7b0bf94c.webp","type":"image\/webp"}],"twitter_card":"summary_large_image","twitter_misc":{"Price":"1 198,00&nbsp;&euro;","Availability":"On back order"},"schema":{"@context":"https:\/\/schema.org","@graph":[{"@type":"WebPage","@id":"https:\/\/raymarine.ee\/product\/kaardiplotter-axiom2-7\/","url":"https:\/\/raymarine.ee\/product\/kaardiplotter-axiom2-7\/","name":"Axiom2 7 kaardiplotter : Usaldusv\u00e4\u00e4rne ja kiire navigeerimine - NavSystems","isPartOf":{"@id":"https:\/\/raymarine.ee\/#website"},"primaryImageOfPage":{"@id":"https:\/\/raymarine.ee\/product\/kaardiplotter-axiom2-7\/#primaryimage"},"image":{"@id":"https:\/\/raymarine.ee\/product\/kaardiplotter-axiom2-7\/#primaryimage"},"thumbnailUrl":"https:\/\/raymarine.ee\/wp-content\/uploads\/2026\/05\/9aff2d2d-3a97-44c7-97c9-dbbc7b0bf94c.webp","datePublished":"2026-05-11T04:42:53+00:00","dateModified":"2026-05-11T06:21:46+00:00","description":"Avasta navigeerimise uus tase Axiom2 7\" kaardiplotteriga. Suurep\u00e4rane j\u00f5udlus, kirkam ekraan ja paremad omadused muudavad navigeerimise lihtsamaks! \u26f5","breadcrumb":{"@id":"https:\/\/raymarine.ee\/product\/kaardiplotter-axiom2-7\/#breadcrumb"},"inLanguage":"en-GB","potentialAction":[{"@type":"ReadAction","target":["https:\/\/raymarine.ee\/product\/kaardiplotter-axiom2-7\/"]}]},{"@type":"ImageObject","inLanguage":"en-GB","@id":"https:\/\/raymarine.ee\/product\/kaardiplotter-axiom2-7\/#primaryimage","url":"https:\/\/raymarine.ee\/wp-content\/uploads\/2026\/05\/9aff2d2d-3a97-44c7-97c9-dbbc7b0bf94c.webp","contentUrl":"https:\/\/raymarine.ee\/wp-content\/uploads\/2026\/05\/9aff2d2d-3a97-44c7-97c9-dbbc7b0bf94c.webp","width":2000,"height":2000},{"@type":"BreadcrumbList","@id":"https:\/\/raymarine.ee\/product\/kaardiplotter-axiom2-7\/#breadcrumb","itemListElement":[{"@type":"ListItem","position":1,"name":"Home","item":"https:\/\/raymarine.ee\/"},{"@type":"ListItem","position":2,"name":"Tooted","item":"https:\/\/raymarine.ee\/shop\/"},{"@type":"ListItem","position":3,"name":"Kaardiplotter AXIOM2 7&#8243;"}]},{"@type":"WebSite","@id":"https:\/\/raymarine.ee\/#website","url":"https:\/\/raymarine.ee\/","name":"www.raymarine.ee","description":"Marine electronics, chartplotter, autopilot, stern pilot, steering pilot, radar, AIS, VHF, Smart Wind","publisher":{"@id":"https:\/\/raymarine.ee\/#organization"},"alternateName":"Raymarine","potentialAction":[{"@type":"SearchAction","target":{"@type":"EntryPoint","urlTemplate":"https:\/\/raymarine.ee\/?s={search_term_string}"},"query-input":{"@type":"PropertyValueSpecification","valueRequired":true,"valueName":"search_term_string"}}],"inLanguage":"en-GB"},{"@type":"Organization","@id":"https:\/\/raymarine.ee\/#organization","name":"NavSystems O\u00dc","url":"https:\/\/raymarine.ee\/","logo":{"@type":"ImageObject","inLanguage":"en-GB","@id":"https:\/\/raymarine.ee\/#\/schema\/logo\/image\/","url":"https:\/\/raymarine.ee\/wp-content\/uploads\/2024\/10\/Screenshot-2024-10-15-151324_bg_removed.webp","contentUrl":"https:\/\/raymarine.ee\/wp-content\/uploads\/2024\/10\/Screenshot-2024-10-15-151324_bg_removed.webp","width":420,"height":276,"caption":"NavSystems O\u00dc"},"image":{"@id":"https:\/\/raymarine.ee\/#\/schema\/logo\/image\/"},"sameAs":["https:\/\/www.facebook.com\/NavSystems"],"legalName":"NavSystems O\u00dc","foundingDate":"2011-05-03","numberOfEmployees":{"@type":"QuantitativeValue","minValue":"1","maxValue":"10"}}]},"product_price_amount":"1198.00","product_price_currency":"EUR","og_availability":"backorder","product_availability":"available for order","product_retailer_item_id":"E70720-00-NEU","product_condition":"new"},"jetpack_sharing_enabled":true,"_links":{"self":[{"href":"https:\/\/raymarine.ee\/en\/wp-json\/wp\/v2\/product\/11476","targetHints":{"allow":["GET"]}}],"collection":[{"href":"https:\/\/raymarine.ee\/en\/wp-json\/wp\/v2\/product"}],"about":[{"href":"https:\/\/raymarine.ee\/en\/wp-json\/wp\/v2\/types\/product"}],"wp:featuredmedia":[{"embeddable":true,"href":"https:\/\/raymarine.ee\/en\/wp-json\/wp\/v2\/media\/11487"}],"wp:attachment":[{"href":"https:\/\/raymarine.ee\/en\/wp-json\/wp\/v2\/media?parent=11476"}],"wp:term":[{"taxonomy":"product_brand","embeddable":true,"href":"https:\/\/raymarine.ee\/en\/wp-json\/wp\/v2\/product_brand?post=11476"},{"taxonomy":"product_cat","embeddable":true,"href":"https:\/\/raymarine.ee\/en\/wp-json\/wp\/v2\/product_cat?post=11476"},{"taxonomy":"product_tag","embeddable":true,"href":"https:\/\/raymarine.ee\/en\/wp-json\/wp\/v2\/product_tag?post=11476"}],"curies":[{"name":"wp","href":"https:\/\/api.w.org\/{rel}","templated":true}]}}