{"id":11477,"date":"2026-05-11T08:12:00","date_gmt":"2026-05-11T05:12:00","guid":{"rendered":"https:\/\/raymarine.ee\/?post_type=product&#038;p=11477"},"modified":"2026-05-11T09:19:03","modified_gmt":"2026-05-11T06:19:03","slug":"kaardiplotter-axiom2-9","status":"publish","type":"product","link":"https:\/\/raymarine.ee\/en\/product\/kaardiplotter-axiom2-9\/","title":{"rendered":"AXIOM2 9\u2033 Chartplotter"},"content":{"rendered":"<p data-start=\"0\" data-end=\"35\"><strong data-start=\"0\" data-end=\"35\">RAYMARINE AXIOM2 9 tootetutvustus\u00a0<\/strong><\/p>\n<h3 data-start=\"37\" data-end=\"57\">General Overview <span style=\"color: #ffffff;\">chart plotter<\/span><\/h3>\n<p data-start=\"58\" data-end=\"506\">Raymarine <strong data-start=\"68\" data-end=\"78\">AXIOM2<\/strong> seeria kaardiplotterid on uue <strong data-start=\"135\" data-end=\"159\">LightHouse 5<\/strong> operatsioonis\u00fcsteemi valmidusega, kiire <strong data-start=\"188\" data-end=\"218\">octa-core processor<\/strong> and with great substance <strong>64GB<\/strong>, The device offers exceptional performance and smooth navigation. <strong data-start=\"299\" data-end=\"321\">HydroTough\u2122 screen<\/strong> Felt <strong>25%<\/strong> increased brightness and durability to ensure smooth operation in all weather conditions. Additionally, the AXIOM2 is expandable, allowing for functionality upgrades as needed.<\/p>\n<h3 data-start=\"508\" data-end=\"530\">Key features <span style=\"color: #ffffff;\">Kaleidoscope<\/span><\/h3>\n<h4 data-start=\"532\" data-end=\"560\"><strong data-start=\"537\" data-end=\"560\">HydroTough\u2122 Screen<\/strong><\/h4>\n<ul data-start=\"561\" data-end=\"759\">\n<li data-start=\"561\" data-end=\"650\"><strong data-start=\"563\" data-end=\"578\">25% brighter<\/strong> compared to previous models, ensuring bright and clear display even in sunlight.<\/li>\n<li data-start=\"651\" data-end=\"759\"><strong data-start=\"653\" data-end=\"666\">Nano-gate<\/strong>, which repels water and dirt, offering improved impact resistance and protection from environmental factors.<\/li>\n<\/ul>\n<h4 data-start=\"761\" data-end=\"787\"><strong data-start=\"766\" data-end=\"787\">Speed and Accuracy<\/strong><\/h4>\n<ul data-start=\"788\" data-end=\"1039\">\n<li data-start=\"788\" data-end=\"841\"><strong data-start=\"790\" data-end=\"814\">Fast quad-core processor<\/strong> smooth and efficient operation.<\/li>\n<li data-start=\"842\" data-end=\"949\"><strong data-start=\"844\" data-end=\"870\">Touch-sensitive control<\/strong>With a flick of a finger, you can quickly navigate and position data fields on the screen.<\/li>\n<li data-start=\"950\" data-end=\"1039\"><strong data-start=\"952\" data-end=\"978\">Tr\u00e6k og slip-funktion<\/strong> allows for the customisation of data display as needed.<\/li>\n<\/ul>\n<h4 data-start=\"1041\" data-end=\"1095\"><strong data-start=\"1046\" data-end=\"1095\">New LightHouse 5 operating system:<\/strong><\/h4>\n<ul data-start=\"1096\" data-end=\"1281\">\n<li data-start=\"1096\" data-end=\"1186\"><strong data-start=\"1098\" data-end=\"1127\">Customisable colour schemes<\/strong> ensure ideal visibility both in daylight and at night.<\/li>\n<li data-start=\"1187\" data-end=\"1281\">The enhanced dashboard helps keep all important data visible quickly and conveniently.<\/li>\n<li data-start=\"1187\" data-end=\"1281\">Axiom2 allows you to save 10,000 waypoints into 200 different groups.<\/li>\n<li data-start=\"1187\" data-end=\"1281\">Up to 250 journeys, with 500 journey points in each.<\/li>\n<li data-start=\"1187\" data-end=\"1281\">Enables saving 15 tracks, with 10,000 points per track.<\/li>\n<\/ul>\n<h4 data-start=\"1283\" data-end=\"1312\"><strong data-start=\"1288\" data-end=\"1312\">Networks and Connectivity<\/strong><\/h4>\n<ul data-start=\"1313\" data-end=\"1524\">\n<li data-start=\"1313\" data-end=\"1409\"><strong data-start=\"1315\" data-end=\"1349\">NMEA0183, NMEA2000 and Ethernet<\/strong> Connections ensure the connectivity of all marine engineering equipment.<\/li>\n<li data-start=\"1410\" data-end=\"1524\"><strong data-start=\"1412\" data-end=\"1435\">Built-in Wi-Fi<\/strong>, <strong data-start=\"1437\" data-end=\"1454\">Bluetooth 4.0<\/strong> Yes <strong data-start=\"1458\" data-end=\"1475\">microUSB port<\/strong> allow for easy connectivity and data exchange.<\/li>\n<\/ul>\n<h4 data-start=\"1526\" data-end=\"1567\"><strong data-start=\"1531\" data-end=\"1567\">Best maps and navigation<\/strong><\/h4>\n<ul data-start=\"1568\" data-end=\"1789\">\n<li data-start=\"1568\" data-end=\"1638\">Compatible with map selections <strong data-start=\"1595\" data-end=\"1608\">Navionics<\/strong>, <strong data-start=\"1610\" data-end=\"1619\">C-Map<\/strong> Yes <strong data-start=\"1623\" data-end=\"1637\">Lighthouse<\/strong>.<\/li>\n<li data-start=\"1639\" data-end=\"1717\">Precise <strong data-start=\"1647\" data-end=\"1673\">Network and vector maps<\/strong> making navigation easy and accurate.<\/li>\n<li data-start=\"1718\" data-end=\"1789\"><strong data-start=\"1720\" data-end=\"1744\">3D and satellite view<\/strong> The opportunities provide additional information about the terrain.<\/li>\n<\/ul>\n<h3 data-start=\"2077\" data-end=\"2099\">Technical data:<\/h3>\n<ul data-start=\"2101\" data-end=\"2750\">\n<li data-start=\"2101\" data-end=\"2155\"><strong data-start=\"2103\" data-end=\"2121\">Screen size<\/strong>9\u2033 multitouch with HydroTough coating and Oleophobic<\/li>\n<li data-start=\"2156\" data-end=\"2186\"><strong data-start=\"2158\" data-end=\"2174\">Resolution<\/strong>: 1280 x 720<\/li>\n<li data-start=\"2187\" data-end=\"2212\"><strong data-start=\"2189\" data-end=\"2200\">Brightness<\/strong>: 1800 nits<\/li>\n<li data-start=\"2213\" data-end=\"2252\"><strong data-start=\"2215\" data-end=\"2228\">View from<\/strong>: 85\u00b0 in all directions<\/li>\n<li data-start=\"2253\" data-end=\"2287\"><strong data-start=\"2255\" data-end=\"2264\">Feed<\/strong>12 V DC (8 \u2013 16 V DC)<\/li>\n<li data-start=\"2288\" data-end=\"2313\"><strong data-start=\"2290\" data-end=\"2304\">Power consumption<\/strong>11.98 W<\/li>\n<li data-start=\"2314\" data-end=\"2401\"><strong data-start=\"2316\" data-end=\"2329\">Connectivity<\/strong>:\n<ul data-start=\"2333\" data-end=\"2401\">\n<li data-start=\"2333\" data-end=\"2355\">1x Ethernet (RayNet)<\/li>\n<li data-start=\"2358\" data-end=\"2374\">1x USB microAB<\/li>\n<li data-start=\"2377\" data-end=\"2383\">Wi-Fi<\/li>\n<li data-start=\"2386\" data-end=\"2401\">Bluetooth 4.0<\/li>\n<\/ul>\n<\/li>\n<li data-start=\"2402\" data-end=\"2474\"><strong data-start=\"2404\" data-end=\"2411\">GPS<\/strong>Integrated (10 Hz, 28 channels, GPS\/GLONASS\/Galileo\/Beidou)<\/li>\n<li data-start=\"2475\" data-end=\"2532\"><strong data-start=\"2477\" data-end=\"2486\">Sonar<\/strong>: CHIRP, DownVision, SideVision, RealVision 3D<\/li>\n<li data-start=\"2533\" data-end=\"2591\"><strong data-start=\"2535\" data-end=\"2555\">Radar compatibility<\/strong>Quantum, Digital, HD Colour, Magnum<\/li>\n<li data-start=\"2592\" data-end=\"2622\"><strong data-start=\"2594\" data-end=\"2601\">AIS<\/strong>Yes, via NMEA2000<\/li>\n<li data-start=\"2623\" data-end=\"2667\"><strong data-start=\"2625\" data-end=\"2645\">Autopilot support<\/strong>Evolution autopilot<\/li>\n<li data-start=\"2668\" data-end=\"2697\"><strong data-start=\"2670\" data-end=\"2684\">Water resistance<\/strong>IPX6 \/ IPX7<\/li>\n<li data-start=\"2698\" data-end=\"2730\"><strong data-start=\"2700\" data-end=\"2711\">Dimensions<\/strong>244 x 158 x 178 mm with cables<\/li>\n<li data-start=\"2731\" data-end=\"2750\"><strong data-start=\"2733\" data-end=\"2741\">Cal<\/strong>2.27 kg<\/li>\n<\/ul>\n<p>&nbsp;<\/p>\n<p><strong>Guides<\/strong><\/p>\n<p>Download\u00a0<a href=\"https:\/\/raymarine.ee\/wp-content\/uploads\/2026\/04\/Axiom-2-MFD-Installation-Instructions-87504-Rev-1-EN.pdf\" target=\"_blank\" rel=\"noopener\" data-wpel-link=\"internal\">Axiom2 Installation Guide<\/a><br \/>\nDownload <a href=\"https:\/\/raymarine.ee\/wp-content\/uploads\/2026\/04\/RMK-10-Remote-MFD-Keypad-Installation-and-operation-instructions-81367-3-EN.pdf\" target=\"_blank\" rel=\"noopener\" data-wpel-link=\"internal\">RMK-10 Installation Guide<\/a><br \/>\nDownload <a href=\"https:\/\/raymarine.ee\/wp-content\/uploads\/2026\/04\/RCR-1-MicroSD-Card-Reader-Installation-instructions-87396-3-EN.pdf\" target=\"_blank\" rel=\"noopener\" data-wpel-link=\"internal\">RCR-1 installation guide<\/a><br \/>\nDownload\u00a0<a href=\"https:\/\/raymarine.ee\/wp-content\/uploads\/2026\/04\/RCR-SDUSB-Remote-Card-Reader-for-Axiom-MFDs-Install-instructions-87317-4-EN.pdf\" target=\"_blank\" rel=\"noopener\" data-wpel-link=\"internal\">RCR-SDUSB Installation Guide<\/a><br \/>\nDownload <a href=\"https:\/\/raymarine.ee\/wp-content\/uploads\/2026\/04\/RNS-5-Network-switch-Installation-instructions-87442-Rev-2-EN.pdf\" target=\"_blank\" rel=\"noopener\" data-wpel-link=\"internal\">Raymarine RNS-5 Installation Guide<\/a><br \/>\nDownload\u00a0<a href=\"https:\/\/raymarine.ee\/wp-content\/uploads\/2026\/04\/SeaTalkng-Reference-manual-81300-1-EN-1.pdf\" target=\"_blank\" rel=\"noopener\" data-wpel-link=\"internal\">Raymarine STNG Network General Guide<\/a><br \/>\nDownload\u00a0<a href=\"https:\/\/raymarine.ee\/wp-content\/uploads\/2026\/04\/LightHouse-4-v4.11.103-Advanced-Operation-instructions-81406-Rev-27-EN.pdf\" target=\"_blank\" rel=\"noopener\" data-wpel-link=\"internal\">Lighthouse 4.11.103 User Guide<\/a><br \/>\nDownload\u00a0<a href=\"https:\/\/raymarine.ee\/wp-content\/uploads\/2026\/04\/Actisense-NGW-1-NMEA-Converter-Installation-instructions-87456-Rev-1-EN.pdf\" target=\"_blank\" rel=\"noopener\" data-wpel-link=\"internal\">Actisense NGW-1 NMEA<\/a>\u00a0Converter installation guide<\/p>","protected":false},"excerpt":{"rendered":"<p><span style=\"color: #ff9900;\"><strong>New product!\u00a0<\/strong><\/span><\/p>\n<p>Raymarine <strong data-start=\"68\" data-end=\"78\">AXIOM2<\/strong> seeria kaardiplotterid ja kalaleidjad on uue <strong data-start=\"135\" data-end=\"159\">LightHouse 5<\/strong> operatsioonis\u00fcsteemi valmidusega, kiire <strong data-start=\"188\" data-end=\"218\">octa-core processor<\/strong> and with great substance <strong>64GB<\/strong>, The device offers exceptional performance and smooth navigation. <strong data-start=\"299\" data-end=\"321\">HydroTough\u2122 screen<\/strong> Felt <strong>25%<\/strong> suuremat heledust ja vastupidavust, et tagada sujuv t\u00f6\u00f6 k\u00f5ikides ilmastikutingimustes. Lisaks on AXIOM2 laiendatav, v\u00f5imaldades funktsionaalsuse t\u00e4iustamist vastavalt vajadusele. Tutvu kindlasti ka selle toote\u00a0juhenditega\u00a0ja k\u00fcsimuste korral pea n\u00f5u meie spetsialistiga.<\/p>\n<p><span style=\"color: #ff9900;\">LightHouse dekraam, P\u00f5hjale Euroopale koos plotteriga tasuta kaasa!<\/span><\/p>","protected":false},"featured_media":11482,"template":"","meta":{"_acf_changed":false},"product_brand":[134],"product_cat":[18,103,57],"product_tag":[],"class_list":{"0":"post-11477","1":"product","2":"type-product","3":"status-publish","4":"has-post-thumbnail","6":"product_brand-raymarine","7":"product_cat-axiom-axiom2-kaardiplotter-axiom2-pro","8":"product_cat-raymarine","9":"product_cat-axiomaxiom","11":"first","12":"onbackorder","13":"sale","14":"taxable","15":"shipping-taxable","16":"purchasable","17":"product-type-simple"},"acf":[],"yoast_head":"<!-- This site is optimized with the Yoast SEO Premium plugin v27.5 (Yoast SEO v27.5) - https:\/\/yoast.com\/product\/yoast-seo-premium-wordpress\/ -->\n<title>Axiom2 9 \u2013 Erakordne j\u00f5udlus ja \u00fclim navigeerimiskogemus - NavSystems<\/title>\n<meta name=\"description\" content=\"Kogege erakordset j\u00f5udlust ja sujuvat navigeerimist Raymarine Axiom2 9 kaardiplotteriga. T\u00e4iendavalt 25% heledust, 64GB m\u00e4lu ja uus 6-tuumaline protsessor.\" \/>\n<meta name=\"robots\" content=\"index, follow, max-snippet:-1, max-image-preview:large, max-video-preview:-1\" \/>\n<link rel=\"canonical\" href=\"https:\/\/raymarine.ee\/en\/product\/kaardiplotter-axiom2-9\/\" \/>\n<meta property=\"og:locale\" content=\"en_GB\" \/>\n<meta property=\"og:type\" content=\"article\" \/>\n<meta property=\"og:title\" content=\"Kaardiplotter AXIOM2 9&quot;\" \/>\n<meta property=\"og:description\" content=\"Kogege erakordset j\u00f5udlust ja sujuvat navigeerimist Raymarine Axiom2 9 kaardiplotteriga. T\u00e4iendavalt 25% heledust, 64GB m\u00e4lu ja uus 6-tuumaline protsessor.\" \/>\n<meta property=\"og:url\" content=\"https:\/\/raymarine.ee\/en\/product\/kaardiplotter-axiom2-9\/\" \/>\n<meta property=\"og:site_name\" content=\"NavSystems\" \/>\n<meta property=\"article:publisher\" content=\"https:\/\/www.facebook.com\/NavSystems\" \/>\n<meta property=\"article:modified_time\" content=\"2026-05-11T06:19:03+00:00\" \/>\n<meta property=\"og:image\" content=\"https:\/\/raymarine.ee\/wp-content\/uploads\/2026\/05\/b4105132-25c0-4182-a73e-58dc6947008d.webp\" \/>\n\t<meta property=\"og:image:width\" content=\"2000\" \/>\n\t<meta property=\"og:image:height\" content=\"2000\" \/>\n\t<meta property=\"og:image:type\" content=\"image\/webp\" \/>\n<meta name=\"twitter:card\" content=\"summary_large_image\" \/>\n<meta name=\"twitter:label1\" content=\"Price\" \/>\n\t<meta name=\"twitter:data1\" content=\"1 859,00&nbsp;&euro;\" \/>\n\t<meta name=\"twitter:label2\" content=\"Availability\" \/>\n\t<meta name=\"twitter:data2\" content=\"On back order\" \/>\n<script type=\"application\/ld+json\" class=\"yoast-schema-graph\">{\"@context\":\"https:\\\/\\\/schema.org\",\"@graph\":[{\"@type\":\"WebPage\",\"@id\":\"https:\\\/\\\/raymarine.ee\\\/product\\\/kaardiplotter-axiom2-9\\\/\",\"url\":\"https:\\\/\\\/raymarine.ee\\\/product\\\/kaardiplotter-axiom2-9\\\/\",\"name\":\"Axiom2 9 \u2013 Erakordne j\u00f5udlus ja \u00fclim navigeerimiskogemus - NavSystems\",\"isPartOf\":{\"@id\":\"https:\\\/\\\/raymarine.ee\\\/#website\"},\"primaryImageOfPage\":{\"@id\":\"https:\\\/\\\/raymarine.ee\\\/product\\\/kaardiplotter-axiom2-9\\\/#primaryimage\"},\"image\":{\"@id\":\"https:\\\/\\\/raymarine.ee\\\/product\\\/kaardiplotter-axiom2-9\\\/#primaryimage\"},\"thumbnailUrl\":\"https:\\\/\\\/raymarine.ee\\\/wp-content\\\/uploads\\\/2026\\\/05\\\/b4105132-25c0-4182-a73e-58dc6947008d.webp\",\"datePublished\":\"2026-05-11T05:12:00+00:00\",\"dateModified\":\"2026-05-11T06:19:03+00:00\",\"description\":\"Kogege erakordset j\u00f5udlust ja sujuvat navigeerimist Raymarine Axiom2 9 kaardiplotteriga. T\u00e4iendavalt 25% heledust, 64GB m\u00e4lu ja uus 6-tuumaline protsessor.\",\"breadcrumb\":{\"@id\":\"https:\\\/\\\/raymarine.ee\\\/product\\\/kaardiplotter-axiom2-9\\\/#breadcrumb\"},\"inLanguage\":\"en-GB\",\"potentialAction\":[{\"@type\":\"ReadAction\",\"target\":[\"https:\\\/\\\/raymarine.ee\\\/product\\\/kaardiplotter-axiom2-9\\\/\"]}]},{\"@type\":\"ImageObject\",\"inLanguage\":\"en-GB\",\"@id\":\"https:\\\/\\\/raymarine.ee\\\/product\\\/kaardiplotter-axiom2-9\\\/#primaryimage\",\"url\":\"https:\\\/\\\/raymarine.ee\\\/wp-content\\\/uploads\\\/2026\\\/05\\\/b4105132-25c0-4182-a73e-58dc6947008d.webp\",\"contentUrl\":\"https:\\\/\\\/raymarine.ee\\\/wp-content\\\/uploads\\\/2026\\\/05\\\/b4105132-25c0-4182-a73e-58dc6947008d.webp\",\"width\":2000,\"height\":2000},{\"@type\":\"BreadcrumbList\",\"@id\":\"https:\\\/\\\/raymarine.ee\\\/product\\\/kaardiplotter-axiom2-9\\\/#breadcrumb\",\"itemListElement\":[{\"@type\":\"ListItem\",\"position\":1,\"name\":\"Home\",\"item\":\"https:\\\/\\\/raymarine.ee\\\/\"},{\"@type\":\"ListItem\",\"position\":2,\"name\":\"Tooted\",\"item\":\"https:\\\/\\\/raymarine.ee\\\/shop\\\/\"},{\"@type\":\"ListItem\",\"position\":3,\"name\":\"Kaardiplotter AXIOM2 9&#8243;\"}]},{\"@type\":\"WebSite\",\"@id\":\"https:\\\/\\\/raymarine.ee\\\/#website\",\"url\":\"https:\\\/\\\/raymarine.ee\\\/\",\"name\":\"www.raymarine.ee\",\"description\":\"Mereelektroonika, kaardiplotter, autopiloot, pinnipiloot, roolipiloot, radar, AIS, VHF, Smart Wind\",\"publisher\":{\"@id\":\"https:\\\/\\\/raymarine.ee\\\/#organization\"},\"alternateName\":\"Raymarine\",\"potentialAction\":[{\"@type\":\"SearchAction\",\"target\":{\"@type\":\"EntryPoint\",\"urlTemplate\":\"https:\\\/\\\/raymarine.ee\\\/?s={search_term_string}\"},\"query-input\":{\"@type\":\"PropertyValueSpecification\",\"valueRequired\":true,\"valueName\":\"search_term_string\"}}],\"inLanguage\":\"en-GB\"},{\"@type\":\"Organization\",\"@id\":\"https:\\\/\\\/raymarine.ee\\\/#organization\",\"name\":\"NavSystems O\u00dc\",\"url\":\"https:\\\/\\\/raymarine.ee\\\/\",\"logo\":{\"@type\":\"ImageObject\",\"inLanguage\":\"en-GB\",\"@id\":\"https:\\\/\\\/raymarine.ee\\\/#\\\/schema\\\/logo\\\/image\\\/\",\"url\":\"https:\\\/\\\/raymarine.ee\\\/wp-content\\\/uploads\\\/2024\\\/10\\\/Screenshot-2024-10-15-151324_bg_removed.webp\",\"contentUrl\":\"https:\\\/\\\/raymarine.ee\\\/wp-content\\\/uploads\\\/2024\\\/10\\\/Screenshot-2024-10-15-151324_bg_removed.webp\",\"width\":420,\"height\":276,\"caption\":\"NavSystems O\u00dc\"},\"image\":{\"@id\":\"https:\\\/\\\/raymarine.ee\\\/#\\\/schema\\\/logo\\\/image\\\/\"},\"sameAs\":[\"https:\\\/\\\/www.facebook.com\\\/NavSystems\"],\"legalName\":\"NavSystems O\u00dc\",\"foundingDate\":\"2011-05-03\",\"numberOfEmployees\":{\"@type\":\"QuantitativeValue\",\"minValue\":\"1\",\"maxValue\":\"10\"}}]}<\/script>\n<meta property=\"product:price:amount\" content=\"1859.00\" \/>\n<meta property=\"product:price:currency\" content=\"EUR\" \/>\n<meta property=\"og:availability\" content=\"backorder\" \/>\n<meta property=\"product:availability\" content=\"available for order\" \/>\n<meta property=\"product:retailer_item_id\" content=\"E70722-00-NEU\" \/>\n<meta property=\"product:condition\" content=\"new\" \/>\n<!-- \/ Yoast SEO Premium plugin. -->","yoast_head_json":{"title":"Axiom2 9 \u2013 Erakordne j\u00f5udlus ja \u00fclim navigeerimiskogemus - NavSystems","description":"Kogege erakordset j\u00f5udlust ja sujuvat navigeerimist Raymarine Axiom2 9 kaardiplotteriga. T\u00e4iendavalt 25% heledust, 64GB m\u00e4lu ja uus 6-tuumaline protsessor.","robots":{"index":"index","follow":"follow","max-snippet":"max-snippet:-1","max-image-preview":"max-image-preview:large","max-video-preview":"max-video-preview:-1"},"canonical":"https:\/\/raymarine.ee\/en\/product\/kaardiplotter-axiom2-9\/","og_locale":"en_GB","og_type":"article","og_title":"Kaardiplotter AXIOM2 9\"","og_description":"Kogege erakordset j\u00f5udlust ja sujuvat navigeerimist Raymarine Axiom2 9 kaardiplotteriga. T\u00e4iendavalt 25% heledust, 64GB m\u00e4lu ja uus 6-tuumaline protsessor.","og_url":"https:\/\/raymarine.ee\/en\/product\/kaardiplotter-axiom2-9\/","og_site_name":"NavSystems","article_publisher":"https:\/\/www.facebook.com\/NavSystems","article_modified_time":"2026-05-11T06:19:03+00:00","og_image":[{"width":2000,"height":2000,"url":"https:\/\/raymarine.ee\/wp-content\/uploads\/2026\/05\/b4105132-25c0-4182-a73e-58dc6947008d.webp","type":"image\/webp"}],"twitter_card":"summary_large_image","twitter_misc":{"Price":"1 859,00&nbsp;&euro;","Availability":"On back order"},"schema":{"@context":"https:\/\/schema.org","@graph":[{"@type":"WebPage","@id":"https:\/\/raymarine.ee\/product\/kaardiplotter-axiom2-9\/","url":"https:\/\/raymarine.ee\/product\/kaardiplotter-axiom2-9\/","name":"Axiom2 9 \u2013 Erakordne j\u00f5udlus ja \u00fclim navigeerimiskogemus - NavSystems","isPartOf":{"@id":"https:\/\/raymarine.ee\/#website"},"primaryImageOfPage":{"@id":"https:\/\/raymarine.ee\/product\/kaardiplotter-axiom2-9\/#primaryimage"},"image":{"@id":"https:\/\/raymarine.ee\/product\/kaardiplotter-axiom2-9\/#primaryimage"},"thumbnailUrl":"https:\/\/raymarine.ee\/wp-content\/uploads\/2026\/05\/b4105132-25c0-4182-a73e-58dc6947008d.webp","datePublished":"2026-05-11T05:12:00+00:00","dateModified":"2026-05-11T06:19:03+00:00","description":"Kogege erakordset j\u00f5udlust ja sujuvat navigeerimist Raymarine Axiom2 9 kaardiplotteriga. T\u00e4iendavalt 25% heledust, 64GB m\u00e4lu ja uus 6-tuumaline protsessor.","breadcrumb":{"@id":"https:\/\/raymarine.ee\/product\/kaardiplotter-axiom2-9\/#breadcrumb"},"inLanguage":"en-GB","potentialAction":[{"@type":"ReadAction","target":["https:\/\/raymarine.ee\/product\/kaardiplotter-axiom2-9\/"]}]},{"@type":"ImageObject","inLanguage":"en-GB","@id":"https:\/\/raymarine.ee\/product\/kaardiplotter-axiom2-9\/#primaryimage","url":"https:\/\/raymarine.ee\/wp-content\/uploads\/2026\/05\/b4105132-25c0-4182-a73e-58dc6947008d.webp","contentUrl":"https:\/\/raymarine.ee\/wp-content\/uploads\/2026\/05\/b4105132-25c0-4182-a73e-58dc6947008d.webp","width":2000,"height":2000},{"@type":"BreadcrumbList","@id":"https:\/\/raymarine.ee\/product\/kaardiplotter-axiom2-9\/#breadcrumb","itemListElement":[{"@type":"ListItem","position":1,"name":"Home","item":"https:\/\/raymarine.ee\/"},{"@type":"ListItem","position":2,"name":"Tooted","item":"https:\/\/raymarine.ee\/shop\/"},{"@type":"ListItem","position":3,"name":"Kaardiplotter AXIOM2 9&#8243;"}]},{"@type":"WebSite","@id":"https:\/\/raymarine.ee\/#website","url":"https:\/\/raymarine.ee\/","name":"www.raymarine.ee","description":"Marine electronics, chartplotter, autopilot, stern pilot, steering pilot, radar, AIS, VHF, Smart Wind","publisher":{"@id":"https:\/\/raymarine.ee\/#organization"},"alternateName":"Raymarine","potentialAction":[{"@type":"SearchAction","target":{"@type":"EntryPoint","urlTemplate":"https:\/\/raymarine.ee\/?s={search_term_string}"},"query-input":{"@type":"PropertyValueSpecification","valueRequired":true,"valueName":"search_term_string"}}],"inLanguage":"en-GB"},{"@type":"Organization","@id":"https:\/\/raymarine.ee\/#organization","name":"NavSystems O\u00dc","url":"https:\/\/raymarine.ee\/","logo":{"@type":"ImageObject","inLanguage":"en-GB","@id":"https:\/\/raymarine.ee\/#\/schema\/logo\/image\/","url":"https:\/\/raymarine.ee\/wp-content\/uploads\/2024\/10\/Screenshot-2024-10-15-151324_bg_removed.webp","contentUrl":"https:\/\/raymarine.ee\/wp-content\/uploads\/2024\/10\/Screenshot-2024-10-15-151324_bg_removed.webp","width":420,"height":276,"caption":"NavSystems O\u00dc"},"image":{"@id":"https:\/\/raymarine.ee\/#\/schema\/logo\/image\/"},"sameAs":["https:\/\/www.facebook.com\/NavSystems"],"legalName":"NavSystems O\u00dc","foundingDate":"2011-05-03","numberOfEmployees":{"@type":"QuantitativeValue","minValue":"1","maxValue":"10"}}]},"product_price_amount":"1859.00","product_price_currency":"EUR","og_availability":"backorder","product_availability":"available for order","product_retailer_item_id":"E70722-00-NEU","product_condition":"new"},"jetpack_sharing_enabled":true,"_links":{"self":[{"href":"https:\/\/raymarine.ee\/en\/wp-json\/wp\/v2\/product\/11477","targetHints":{"allow":["GET"]}}],"collection":[{"href":"https:\/\/raymarine.ee\/en\/wp-json\/wp\/v2\/product"}],"about":[{"href":"https:\/\/raymarine.ee\/en\/wp-json\/wp\/v2\/types\/product"}],"wp:featuredmedia":[{"embeddable":true,"href":"https:\/\/raymarine.ee\/en\/wp-json\/wp\/v2\/media\/11482"}],"wp:attachment":[{"href":"https:\/\/raymarine.ee\/en\/wp-json\/wp\/v2\/media?parent=11477"}],"wp:term":[{"taxonomy":"product_brand","embeddable":true,"href":"https:\/\/raymarine.ee\/en\/wp-json\/wp\/v2\/product_brand?post=11477"},{"taxonomy":"product_cat","embeddable":true,"href":"https:\/\/raymarine.ee\/en\/wp-json\/wp\/v2\/product_cat?post=11477"},{"taxonomy":"product_tag","embeddable":true,"href":"https:\/\/raymarine.ee\/en\/wp-json\/wp\/v2\/product_tag?post=11477"}],"curies":[{"name":"wp","href":"https:\/\/api.w.org\/{rel}","templated":true}]}}