{"id":11492,"date":"2026-05-11T09:50:05","date_gmt":"2026-05-11T06:50:05","guid":{"rendered":"https:\/\/raymarine.ee\/?post_type=product&#038;p=11492"},"modified":"2026-05-11T11:32:32","modified_gmt":"2026-05-11T08:32:32","slug":"rvm1600-realvision-3d-max-black-box-sonar","status":"publish","type":"product","link":"https:\/\/raymarine.ee\/en\/product\/rvm1600-realvision-3d-max-black-box-sonar\/","title":{"rendered":"RVM1600 RealVision 3D Max Black Box Sonar"},"content":{"rendered":"<p><strong>Look at the different\u00a0<a href=\"https:\/\/www.raymarine.com\/en-gb\/our-products\/fishfinders-sonar-modules\/sonar-modules\" target=\"_blank\" rel=\"noopener\">filter modules<\/a>\u00a0Introduction<\/strong><\/p>\n<h4><span dir=\"auto\" style=\"vertical-align: inherit;\"><span dir=\"auto\" style=\"vertical-align: inherit;\">Raymarine RVM1600 RealVision musta kasti sonar 1kW sonari, DownVisioni, SideVisioni ja RealVision 3D-ga<\/span><\/span><\/h4>\n<p><span dir=\"auto\" style=\"vertical-align: inherit;\"><span dir=\"auto\" style=\"vertical-align: inherit;\">Raymarinel on hea meel teatada RealVision MAX tehnoloogiaga RVM1600 sonari mooduli turule toomisest. DownVisioni, SideVisioni, 3D ja tavap\u00e4rase CHIRP sonari j\u00e4rgmise p\u00f5lvkonna RealVision MAX pakub enneolematul viisil elavat sonaripilti ja kalasihtm\u00e4rke. RealVision MAX algab t\u00e4iesti uute suure j\u00f5udlusega RealVision CHIRP anduritega, mis on t\u00e4iustatud suuremate elementide ja suurema v\u00f5imsusega laiendatud ulatuse saavutamiseks. Lisaks parandavad RealVision MAX signaalit\u00f6\u00f6tlus ja kiiremad pingikiirused visuaalset t\u00e4psust ja sihtm\u00e4rkide tuvastamist. RealVision MAX-iga on struktuurid paremini \u00e4ratuntavad ja k\u00f5ige tabamatumad kalad on h\u00f5lpsasti tuvastatavad t\u00e4nu suure kontrastsusega RealVision MAX sonari v\u00e4rvipalettidele.<\/span><\/span><\/p>\n<p><strong><span dir=\"auto\" style=\"vertical-align: inherit;\"><span dir=\"auto\" style=\"vertical-align: inherit;\">Raymarine RVM1600 p\u00f5hifunktsioonid<\/span><\/span><\/strong><\/p>\n<ul>\n<li><span dir=\"auto\" style=\"vertical-align: inherit;\"><span dir=\"auto\" style=\"vertical-align: inherit;\">RayNeti v\u00f5rk \u00fchildub k\u00f5igi Axiomi kuvaritega, millel on LightHouse 4.3 v\u00f5i uuem versioon<\/span><\/span><\/li>\n<li><span dir=\"auto\" style=\"vertical-align: inherit;\"><span dir=\"auto\" style=\"vertical-align: inherit;\">Kasutab sama RealVision MAX sonaritehnoloogiat, mis on sisse ehitatud uutesse Axiom 2 Pro RVM kaardiplotteritesse.<\/span><\/span><\/li>\n<li><span dir=\"auto\" style=\"vertical-align: inherit;\"><span dir=\"auto\" style=\"vertical-align: inherit;\">RealVision MAX sonari t\u00f6\u00f6tlus koos kiirema pingikiirusega tagab parema kalade leidmise CHIRP-, k\u00fclg-, alla- ja RealVision-kanalites.<\/span><\/span><\/li>\n<li><span dir=\"auto\" style=\"vertical-align: inherit;\"><span dir=\"auto\" style=\"vertical-align: inherit;\">RealVision MAXi suure kontrastsusega v\u00e4rvipaletid tagavad kalade ja struktuuride parema n\u00e4htavuse.<\/span><\/span><\/li>\n<li><span dir=\"auto\" style=\"vertical-align: inherit;\"><span dir=\"auto\" style=\"vertical-align: inherit;\">RealVision MAX andurite v\u00f5imsam 600-vatine traditsiooniline CHIRP-sagedus pakub s\u00fcgavamat sonari ulatust, v\u00e4hendades vajadust t\u00e4iendavate andurite j\u00e4rele.<\/span><\/span><\/li>\n<li><span dir=\"auto\" style=\"vertical-align: inherit;\"><span dir=\"auto\" style=\"vertical-align: inherit;\">RealVision 3D annab t\u00e4pse sihtm\u00e4rgi asukoha, et aidata t\u00e4pselt kindlaks teha tabamatut vraki v\u00f5i seadistada ideaalne triiv.<\/span><\/span><\/li>\n<li><span dir=\"auto\" style=\"vertical-align: inherit;\"><span dir=\"auto\" style=\"vertical-align: inherit;\">1 kW Airmar CHIRP andurite tugi v\u00f5imaldab kalastada kuni 914 meetri s\u00fcgavuses vees.<\/span><\/span><\/li>\n<\/ul>","protected":false},"excerpt":{"rendered":"<p><span dir=\"auto\" style=\"vertical-align: inherit;\"><span dir=\"auto\" style=\"vertical-align: inherit;\">Raymarine&#8217;i RVM1600 sonariseadmel on auhinnatud k\u00f5rglahutusega 3D RealVision Max sonaritehnoloogia, CHIRP Side ja DownVision ning v\u00f5imas 1 kW kahekanaliline CHIRP sonar, mis teeb sellest mitmek\u00fclgse lahenduse kalastamiseks nii avamerel kui ka rannikuvetes.<\/span><\/span><\/p>","protected":false},"featured_media":11493,"template":"","meta":{"_acf_changed":false},"product_brand":[134],"product_cat":[54,103,78],"product_tag":[],"class_list":{"0":"post-11492","1":"product","2":"type-product","3":"status-publish","4":"has-post-thumbnail","6":"product_brand-raymarine","7":"product_cat-kalaleidjad","8":"product_cat-raymarine","9":"product_cat-dsm_moodulid","11":"first","12":"onbackorder","13":"sale","14":"taxable","15":"shipping-taxable","16":"purchasable","17":"product-type-simple"},"acf":[],"yoast_head":"<!-- This site is optimized with the Yoast SEO Premium plugin v27.5 (Yoast SEO v27.5) - https:\/\/yoast.com\/product\/yoast-seo-premium-wordpress\/ -->\n<title>RVM1600 RealVision 3D Max Black Box Sonar - NavSystems Mereelektroonika<\/title>\n<meta name=\"description\" content=\"Raymarine RVX1000 Black Box sonar \u2013 RealVision 3D, CHIRP Side\/DownVision, 1 kW sonar. Ideaalne Axiom, eS ja gS seeria seadmetele. Kuni 5000 jala ulatus.\" \/>\n<meta name=\"robots\" content=\"index, follow, max-snippet:-1, max-image-preview:large, max-video-preview:-1\" \/>\n<link rel=\"canonical\" href=\"https:\/\/raymarine.ee\/en\/product\/rvm1600-realvision-3d-max-black-box-sonar\/\" \/>\n<meta property=\"og:locale\" content=\"en_GB\" \/>\n<meta property=\"og:type\" content=\"article\" \/>\n<meta property=\"og:title\" content=\"RVM1600 RealVision 3D Max Black Box Sonar\" \/>\n<meta property=\"og:description\" content=\"Raymarine RVX1000 Black Box sonar \u2013 RealVision 3D, CHIRP Side\/DownVision, 1 kW sonar. Ideaalne Axiom, eS ja gS seeria seadmetele. Kuni 5000 jala ulatus.\" \/>\n<meta property=\"og:url\" content=\"https:\/\/raymarine.ee\/en\/product\/rvm1600-realvision-3d-max-black-box-sonar\/\" \/>\n<meta property=\"og:site_name\" content=\"NavSystems\" \/>\n<meta property=\"article:publisher\" content=\"https:\/\/www.facebook.com\/NavSystems\" \/>\n<meta property=\"article:modified_time\" content=\"2026-05-11T08:32:32+00:00\" \/>\n<meta property=\"og:image\" content=\"https:\/\/raymarine.ee\/wp-content\/uploads\/2026\/05\/E70665-RVM1600.webp\" \/>\n\t<meta property=\"og:image:width\" content=\"600\" \/>\n\t<meta property=\"og:image:height\" content=\"600\" \/>\n\t<meta property=\"og:image:type\" content=\"image\/webp\" \/>\n<meta name=\"twitter:card\" content=\"summary_large_image\" \/>\n<meta name=\"twitter:label1\" content=\"Price\" \/>\n\t<meta name=\"twitter:data1\" content=\"1 499,00&nbsp;&euro;\" \/>\n\t<meta name=\"twitter:label2\" content=\"Availability\" \/>\n\t<meta name=\"twitter:data2\" content=\"On back order\" \/>\n<script type=\"application\/ld+json\" class=\"yoast-schema-graph\">{\"@context\":\"https:\\\/\\\/schema.org\",\"@graph\":[{\"@type\":\"WebPage\",\"@id\":\"https:\\\/\\\/raymarine.ee\\\/product\\\/rvm1600-realvision-3d-max-black-box-sonar\\\/\",\"url\":\"https:\\\/\\\/raymarine.ee\\\/product\\\/rvm1600-realvision-3d-max-black-box-sonar\\\/\",\"name\":\"RVM1600 RealVision 3D Max Black Box Sonar - NavSystems Mereelektroonika\",\"isPartOf\":{\"@id\":\"https:\\\/\\\/raymarine.ee\\\/#website\"},\"primaryImageOfPage\":{\"@id\":\"https:\\\/\\\/raymarine.ee\\\/product\\\/rvm1600-realvision-3d-max-black-box-sonar\\\/#primaryimage\"},\"image\":{\"@id\":\"https:\\\/\\\/raymarine.ee\\\/product\\\/rvm1600-realvision-3d-max-black-box-sonar\\\/#primaryimage\"},\"thumbnailUrl\":\"https:\\\/\\\/raymarine.ee\\\/wp-content\\\/uploads\\\/2026\\\/05\\\/E70665-RVM1600.webp\",\"datePublished\":\"2026-05-11T06:50:05+00:00\",\"dateModified\":\"2026-05-11T08:32:32+00:00\",\"description\":\"Raymarine RVX1000 Black Box sonar \u2013 RealVision 3D, CHIRP Side\\\/DownVision, 1 kW sonar. Ideaalne Axiom, eS ja gS seeria seadmetele. Kuni 5000 jala ulatus.\",\"breadcrumb\":{\"@id\":\"https:\\\/\\\/raymarine.ee\\\/product\\\/rvm1600-realvision-3d-max-black-box-sonar\\\/#breadcrumb\"},\"inLanguage\":\"en-GB\",\"potentialAction\":[{\"@type\":\"ReadAction\",\"target\":[\"https:\\\/\\\/raymarine.ee\\\/product\\\/rvm1600-realvision-3d-max-black-box-sonar\\\/\"]}]},{\"@type\":\"ImageObject\",\"inLanguage\":\"en-GB\",\"@id\":\"https:\\\/\\\/raymarine.ee\\\/product\\\/rvm1600-realvision-3d-max-black-box-sonar\\\/#primaryimage\",\"url\":\"https:\\\/\\\/raymarine.ee\\\/wp-content\\\/uploads\\\/2026\\\/05\\\/E70665-RVM1600.webp\",\"contentUrl\":\"https:\\\/\\\/raymarine.ee\\\/wp-content\\\/uploads\\\/2026\\\/05\\\/E70665-RVM1600.webp\",\"width\":600,\"height\":600},{\"@type\":\"BreadcrumbList\",\"@id\":\"https:\\\/\\\/raymarine.ee\\\/product\\\/rvm1600-realvision-3d-max-black-box-sonar\\\/#breadcrumb\",\"itemListElement\":[{\"@type\":\"ListItem\",\"position\":1,\"name\":\"Home\",\"item\":\"https:\\\/\\\/raymarine.ee\\\/\"},{\"@type\":\"ListItem\",\"position\":2,\"name\":\"Tooted\",\"item\":\"https:\\\/\\\/raymarine.ee\\\/shop\\\/\"},{\"@type\":\"ListItem\",\"position\":3,\"name\":\"RVM1600 RealVision 3D Max Black Box Sonar\"}]},{\"@type\":\"WebSite\",\"@id\":\"https:\\\/\\\/raymarine.ee\\\/#website\",\"url\":\"https:\\\/\\\/raymarine.ee\\\/\",\"name\":\"www.raymarine.ee\",\"description\":\"Mereelektroonika, kaardiplotter, autopiloot, pinnipiloot, roolipiloot, radar, AIS, VHF, Smart Wind\",\"publisher\":{\"@id\":\"https:\\\/\\\/raymarine.ee\\\/#organization\"},\"alternateName\":\"Raymarine\",\"potentialAction\":[{\"@type\":\"SearchAction\",\"target\":{\"@type\":\"EntryPoint\",\"urlTemplate\":\"https:\\\/\\\/raymarine.ee\\\/?s={search_term_string}\"},\"query-input\":{\"@type\":\"PropertyValueSpecification\",\"valueRequired\":true,\"valueName\":\"search_term_string\"}}],\"inLanguage\":\"en-GB\"},{\"@type\":\"Organization\",\"@id\":\"https:\\\/\\\/raymarine.ee\\\/#organization\",\"name\":\"NavSystems O\u00dc\",\"url\":\"https:\\\/\\\/raymarine.ee\\\/\",\"logo\":{\"@type\":\"ImageObject\",\"inLanguage\":\"en-GB\",\"@id\":\"https:\\\/\\\/raymarine.ee\\\/#\\\/schema\\\/logo\\\/image\\\/\",\"url\":\"https:\\\/\\\/raymarine.ee\\\/wp-content\\\/uploads\\\/2024\\\/10\\\/Screenshot-2024-10-15-151324_bg_removed.webp\",\"contentUrl\":\"https:\\\/\\\/raymarine.ee\\\/wp-content\\\/uploads\\\/2024\\\/10\\\/Screenshot-2024-10-15-151324_bg_removed.webp\",\"width\":420,\"height\":276,\"caption\":\"NavSystems O\u00dc\"},\"image\":{\"@id\":\"https:\\\/\\\/raymarine.ee\\\/#\\\/schema\\\/logo\\\/image\\\/\"},\"sameAs\":[\"https:\\\/\\\/www.facebook.com\\\/NavSystems\"],\"legalName\":\"NavSystems O\u00dc\",\"foundingDate\":\"2011-05-03\",\"numberOfEmployees\":{\"@type\":\"QuantitativeValue\",\"minValue\":\"1\",\"maxValue\":\"10\"}}]}<\/script>\n<meta property=\"product:price:amount\" content=\"1499.00\" \/>\n<meta property=\"product:price:currency\" content=\"EUR\" \/>\n<meta property=\"og:availability\" content=\"backorder\" \/>\n<meta property=\"product:availability\" content=\"available for order\" \/>\n<meta property=\"product:retailer_item_id\" content=\"E70665\" \/>\n<meta property=\"product:condition\" content=\"new\" \/>\n<!-- \/ Yoast SEO Premium plugin. -->","yoast_head_json":{"title":"RVM1600 RealVision 3D Max Black Box Sonar - NavSystems Mereelektroonika","description":"Raymarine RVX1000 Black Box sonar \u2013 RealVision 3D, CHIRP Side\/DownVision, 1 kW sonar. Ideal for Axiom, eS and gS series devices. Up to 5000 ft range.","robots":{"index":"index","follow":"follow","max-snippet":"max-snippet:-1","max-image-preview":"max-image-preview:large","max-video-preview":"max-video-preview:-1"},"canonical":"https:\/\/raymarine.ee\/en\/product\/rvm1600-realvision-3d-max-black-box-sonar\/","og_locale":"en_GB","og_type":"article","og_title":"RVM1600 RealVision 3D Max Black Box Sonar","og_description":"Raymarine RVX1000 Black Box sonar \u2013 RealVision 3D, CHIRP Side\/DownVision, 1 kW sonar. Ideaalne Axiom, eS ja gS seeria seadmetele. Kuni 5000 jala ulatus.","og_url":"https:\/\/raymarine.ee\/en\/product\/rvm1600-realvision-3d-max-black-box-sonar\/","og_site_name":"NavSystems","article_publisher":"https:\/\/www.facebook.com\/NavSystems","article_modified_time":"2026-05-11T08:32:32+00:00","og_image":[{"width":600,"height":600,"url":"https:\/\/raymarine.ee\/wp-content\/uploads\/2026\/05\/E70665-RVM1600.webp","type":"image\/webp"}],"twitter_card":"summary_large_image","twitter_misc":{"Price":"1 499,00&nbsp;&euro;","Availability":"On back order"},"schema":{"@context":"https:\/\/schema.org","@graph":[{"@type":"WebPage","@id":"https:\/\/raymarine.ee\/product\/rvm1600-realvision-3d-max-black-box-sonar\/","url":"https:\/\/raymarine.ee\/product\/rvm1600-realvision-3d-max-black-box-sonar\/","name":"RVM1600 RealVision 3D Max Black Box Sonar - NavSystems Mereelektroonika","isPartOf":{"@id":"https:\/\/raymarine.ee\/#website"},"primaryImageOfPage":{"@id":"https:\/\/raymarine.ee\/product\/rvm1600-realvision-3d-max-black-box-sonar\/#primaryimage"},"image":{"@id":"https:\/\/raymarine.ee\/product\/rvm1600-realvision-3d-max-black-box-sonar\/#primaryimage"},"thumbnailUrl":"https:\/\/raymarine.ee\/wp-content\/uploads\/2026\/05\/E70665-RVM1600.webp","datePublished":"2026-05-11T06:50:05+00:00","dateModified":"2026-05-11T08:32:32+00:00","description":"Raymarine RVX1000 Black Box sonar \u2013 RealVision 3D, CHIRP Side\/DownVision, 1 kW sonar. Ideal for Axiom, eS and gS series devices. Up to 5000 ft range.","breadcrumb":{"@id":"https:\/\/raymarine.ee\/product\/rvm1600-realvision-3d-max-black-box-sonar\/#breadcrumb"},"inLanguage":"en-GB","potentialAction":[{"@type":"ReadAction","target":["https:\/\/raymarine.ee\/product\/rvm1600-realvision-3d-max-black-box-sonar\/"]}]},{"@type":"ImageObject","inLanguage":"en-GB","@id":"https:\/\/raymarine.ee\/product\/rvm1600-realvision-3d-max-black-box-sonar\/#primaryimage","url":"https:\/\/raymarine.ee\/wp-content\/uploads\/2026\/05\/E70665-RVM1600.webp","contentUrl":"https:\/\/raymarine.ee\/wp-content\/uploads\/2026\/05\/E70665-RVM1600.webp","width":600,"height":600},{"@type":"BreadcrumbList","@id":"https:\/\/raymarine.ee\/product\/rvm1600-realvision-3d-max-black-box-sonar\/#breadcrumb","itemListElement":[{"@type":"ListItem","position":1,"name":"Home","item":"https:\/\/raymarine.ee\/"},{"@type":"ListItem","position":2,"name":"Tooted","item":"https:\/\/raymarine.ee\/shop\/"},{"@type":"ListItem","position":3,"name":"RVM1600 RealVision 3D Max Black Box Sonar"}]},{"@type":"WebSite","@id":"https:\/\/raymarine.ee\/#website","url":"https:\/\/raymarine.ee\/","name":"www.raymarine.ee","description":"Marine electronics, chartplotter, autopilot, stern pilot, steering pilot, radar, AIS, VHF, Smart Wind","publisher":{"@id":"https:\/\/raymarine.ee\/#organization"},"alternateName":"Raymarine","potentialAction":[{"@type":"SearchAction","target":{"@type":"EntryPoint","urlTemplate":"https:\/\/raymarine.ee\/?s={search_term_string}"},"query-input":{"@type":"PropertyValueSpecification","valueRequired":true,"valueName":"search_term_string"}}],"inLanguage":"en-GB"},{"@type":"Organization","@id":"https:\/\/raymarine.ee\/#organization","name":"NavSystems O\u00dc","url":"https:\/\/raymarine.ee\/","logo":{"@type":"ImageObject","inLanguage":"en-GB","@id":"https:\/\/raymarine.ee\/#\/schema\/logo\/image\/","url":"https:\/\/raymarine.ee\/wp-content\/uploads\/2024\/10\/Screenshot-2024-10-15-151324_bg_removed.webp","contentUrl":"https:\/\/raymarine.ee\/wp-content\/uploads\/2024\/10\/Screenshot-2024-10-15-151324_bg_removed.webp","width":420,"height":276,"caption":"NavSystems O\u00dc"},"image":{"@id":"https:\/\/raymarine.ee\/#\/schema\/logo\/image\/"},"sameAs":["https:\/\/www.facebook.com\/NavSystems"],"legalName":"NavSystems O\u00dc","foundingDate":"2011-05-03","numberOfEmployees":{"@type":"QuantitativeValue","minValue":"1","maxValue":"10"}}]},"product_price_amount":"1499.00","product_price_currency":"EUR","og_availability":"backorder","product_availability":"available for order","product_retailer_item_id":"E70665","product_condition":"new"},"jetpack_sharing_enabled":true,"_links":{"self":[{"href":"https:\/\/raymarine.ee\/en\/wp-json\/wp\/v2\/product\/11492","targetHints":{"allow":["GET"]}}],"collection":[{"href":"https:\/\/raymarine.ee\/en\/wp-json\/wp\/v2\/product"}],"about":[{"href":"https:\/\/raymarine.ee\/en\/wp-json\/wp\/v2\/types\/product"}],"wp:featuredmedia":[{"embeddable":true,"href":"https:\/\/raymarine.ee\/en\/wp-json\/wp\/v2\/media\/11493"}],"wp:attachment":[{"href":"https:\/\/raymarine.ee\/en\/wp-json\/wp\/v2\/media?parent=11492"}],"wp:term":[{"taxonomy":"product_brand","embeddable":true,"href":"https:\/\/raymarine.ee\/en\/wp-json\/wp\/v2\/product_brand?post=11492"},{"taxonomy":"product_cat","embeddable":true,"href":"https:\/\/raymarine.ee\/en\/wp-json\/wp\/v2\/product_cat?post=11492"},{"taxonomy":"product_tag","embeddable":true,"href":"https:\/\/raymarine.ee\/en\/wp-json\/wp\/v2\/product_tag?post=11492"}],"curies":[{"name":"wp","href":"https:\/\/api.w.org\/{rel}","templated":true}]}}