{"id":11500,"date":"2026-05-11T11:51:41","date_gmt":"2026-05-11T08:51:41","guid":{"rendered":"https:\/\/raymarine.ee\/?post_type=product&#038;p=11500"},"modified":"2026-05-11T12:09:10","modified_gmt":"2026-05-11T09:09:10","slug":"cp100-downvision-sonar-module","status":"publish","type":"product","link":"https:\/\/raymarine.ee\/en\/product\/cp100-downvision-sonar-module\/","title":{"rendered":"CP100 Downvision Sonar Module"},"content":{"rendered":"<p><span dir=\"auto\" style=\"vertical-align: inherit;\">Auhinnatud Raymarine Dragonfly sonariga sarnane pilt on v\u00f5imalik CP100 abil \u00fcle kanda ka ilma sonari moodulita multifunktsionaalsetele ekraanidele. Koos intuitiivse Lighthouse kasutajaliidesega saab CP100 \u00fchendada a-, c-, e- ja gS-seeria ja Axiom seeria multifunktsionaalsete ekraanidega.<\/span><\/p>\n<ul>\n<li><span dir=\"auto\" style=\"vertical-align: inherit;\"><span dir=\"auto\" style=\"vertical-align: inherit;\">CHIRP DownVision\u2122 tehnoloogia abil maapinna struktuuri fotorealistlikud pildid<\/span><\/span><\/li>\n<li><span dir=\"auto\" style=\"vertical-align: inherit;\"><span dir=\"auto\" style=\"vertical-align: inherit;\">DownVision\u2122 j\u00f5udlus kuni 183 m s\u00fcgavuseni<\/span><\/span><\/li>\n<li><span dir=\"auto\" style=\"vertical-align: inherit;\"><span dir=\"auto\" style=\"vertical-align: inherit;\">Kahekanaliline CHIRP sonar: CHIRP DownVision\u2122 abil saate sonari kanali kaudu samaaegselt n\u00e4ha maapinna struktuuri ja sihtkala k\u00f5rge eraldusv\u00f5imega pilte.<\/span><\/span><\/li>\n<li><span dir=\"auto\" style=\"vertical-align: inherit;\"><span dir=\"auto\" style=\"vertical-align: inherit;\">\u00dchendage CP100 uusimate Raymarine multifunktsionaalsete ekraanidega. Alates kompaktsest A-seeriast kuni gS-seeriani \u2013 CP100 pakub veealuseid pilte kuni 1280 x 800 piksliga.<\/span><\/span><\/li>\n<\/ul>\n<div>\n<div><strong><span dir=\"auto\" style=\"vertical-align: inherit;\"><span dir=\"auto\" style=\"vertical-align: inherit;\">Veealused pildid ja h\u00e4mmastav CHIRP-tehnoloogia<\/span><\/span><\/strong><\/div>\n<div>\n<div id=\"cke_pastebin\"><span dir=\"auto\" style=\"vertical-align: inherit;\"><span dir=\"auto\" style=\"vertical-align: inherit;\">T\u00e4nu CP100 sonari mooduli v\u00f5rgu\u00fchendusele on CHIRP DownVision\u2122 tehnoloogia n\u00fc\u00fcd saadaval Raymarine multifunktsionaalsel ekraanil. DownVision\u2122 tehnoloogia pakub fotorealistlikke veealuseid pilte, esitab h\u00e4mmastavalt detailseid pilte pinnase struktuurist ja kuvab samaaegselt sihtkalu.<\/span><\/span><\/div>\n<div id=\"cke_pastebin\"><span dir=\"auto\" style=\"vertical-align: inherit;\"><span dir=\"auto\" style=\"vertical-align: inherit;\">Erinevalt tavap\u00e4rastest sonarimoodulitest kasutab CP100 CHIRP-tehnoloogiat ja edastab suuremat ulatust \u2013 tulemuseks on k\u00f5rglahutusega ja fotorealistlikud pildid.<\/span><\/span><\/div>\n<\/div>\n<\/div>\n<hr \/>\n<p><strong><span dir=\"auto\" style=\"vertical-align: inherit;\"><span dir=\"auto\" style=\"vertical-align: inherit;\">Spetsifikatsioonid<\/span><\/span><\/strong><\/p>\n<table>\n<tbody>\n<tr>\n<td><span dir=\"auto\" style=\"vertical-align: inherit;\"><span dir=\"auto\" style=\"vertical-align: inherit;\">Compatible<\/span><\/span><\/td>\n<td><span dir=\"auto\" style=\"vertical-align: inherit;\"><span dir=\"auto\" style=\"vertical-align: inherit;\">uus A-seeria, uus E-seeria, uus C-seeria ja gS-seeria<\/span><\/span><\/td>\n<\/tr>\n<tr>\n<td><span dir=\"auto\" style=\"vertical-align: inherit;\"><span dir=\"auto\" style=\"vertical-align: inherit;\">Sonari t\u00fc\u00fcp<\/span><\/span><\/td>\n<td><span dir=\"auto\" style=\"vertical-align: inherit;\"><span dir=\"auto\" style=\"vertical-align: inherit;\">Chirp<\/span><\/span><\/td>\n<\/tr>\n<tr>\n<td><span dir=\"auto\" style=\"vertical-align: inherit;\"><span dir=\"auto\" style=\"vertical-align: inherit;\">Nimipinge<\/span><\/span><\/td>\n<td><span dir=\"auto\" style=\"vertical-align: inherit;\"><span dir=\"auto\" style=\"vertical-align: inherit;\">12\/24V alalisvoolus\u00fcsteemid<\/span><\/span><\/td>\n<\/tr>\n<tr>\n<td><span dir=\"auto\" style=\"vertical-align: inherit;\"><span dir=\"auto\" style=\"vertical-align: inherit;\">Voltage range<\/span><\/span><\/td>\n<td><span dir=\"auto\" style=\"vertical-align: inherit;\"><span dir=\"auto\" style=\"vertical-align: inherit;\">10,2\u201332 V alalisvool<\/span><\/span><\/td>\n<\/tr>\n<tr>\n<td><span dir=\"auto\" style=\"vertical-align: inherit;\"><span dir=\"auto\" style=\"vertical-align: inherit;\">Keskmine energiatarve<\/span><\/span><\/td>\n<td><span dir=\"auto\" style=\"vertical-align: inherit;\"><span dir=\"auto\" style=\"vertical-align: inherit;\">3 vatti<\/span><\/span><\/td>\n<\/tr>\n<tr>\n<td><span dir=\"auto\" style=\"vertical-align: inherit;\"><span dir=\"auto\" style=\"vertical-align: inherit;\">Operating temperature<\/span><\/span><\/td>\n<td><span dir=\"auto\" style=\"vertical-align: inherit;\"><span dir=\"auto\" style=\"vertical-align: inherit;\">0\u00b0C kuni +55\u00b0C<\/span><\/span><\/td>\n<\/tr>\n<tr>\n<td><span dir=\"auto\" style=\"vertical-align: inherit;\"><span dir=\"auto\" style=\"vertical-align: inherit;\">Storage temperature<\/span><\/span><\/td>\n<td><span dir=\"auto\" style=\"vertical-align: inherit;\"><span dir=\"auto\" style=\"vertical-align: inherit;\">-30\u00b0C to +70\u00b0C<\/span><\/span><\/td>\n<\/tr>\n<tr>\n<td><span dir=\"auto\" style=\"vertical-align: inherit;\"><span dir=\"auto\" style=\"vertical-align: inherit;\">Standardne veekaitse<\/span><\/span><\/td>\n<td><span dir=\"auto\" style=\"vertical-align: inherit;\"><span dir=\"auto\" style=\"vertical-align: inherit;\">IPX6 and IPX7<\/span><\/span><\/td>\n<\/tr>\n<tr>\n<td><span dir=\"auto\" style=\"vertical-align: inherit;\"><span dir=\"auto\" style=\"vertical-align: inherit;\">\u00dchendus<\/span><\/span><\/td>\n<td><span dir=\"auto\" style=\"vertical-align: inherit;\"><span dir=\"auto\" style=\"vertical-align: inherit;\">Pinge (pingekaabel), saatja (9-kontaktiline \u00fchendus) ja Raynet v\u00f5rgu\u00fchendus<\/span><\/span><\/td>\n<\/tr>\n<tr>\n<td><span dir=\"auto\" style=\"vertical-align: inherit;\"><span dir=\"auto\" style=\"vertical-align: inherit;\">Saatja info<\/span><\/span><\/td>\n<td><span dir=\"auto\" style=\"vertical-align: inherit;\"><span dir=\"auto\" style=\"vertical-align: inherit;\">Maksimaalne s\u00fcgavus DownVision &#8211; 600 jalga (umbes 180 m), standardne &#8211; 600 jalga (umbes 180 m)<\/span><\/span><\/td>\n<\/tr>\n<\/tbody>\n<\/table>","protected":false},"excerpt":{"rendered":"<p><span dir=\"auto\" style=\"vertical-align: inherit;\">Auhinnatud Raymarine Dragonfly sonariga sarnane pilt on v\u00f5imalik CP100 abil \u00fcle kanda ka ilma sonari moodulita multifunktsionaalsetele ekraanidele. Koos intuitiivse Lighthouse kasutajaliidesega saab CP100 \u00fchendada a-, c-, e- ja gS-seeria ja Axiom seeria multifunktsionaalsete ekraanidega.<\/span><\/p>","protected":false},"featured_media":11502,"template":"","meta":{"_acf_changed":false},"product_brand":[134],"product_cat":[103,78],"product_tag":[],"class_list":{"0":"post-11500","1":"product","2":"type-product","3":"status-publish","4":"has-post-thumbnail","6":"product_brand-raymarine","7":"product_cat-raymarine","8":"product_cat-dsm_moodulid","10":"first","11":"onbackorder","12":"sale","13":"featured","14":"taxable","15":"shipping-taxable","16":"purchasable","17":"product-type-simple"},"acf":[],"yoast_head":"<!-- This site is optimized with the Yoast SEO Premium plugin v27.5 (Yoast SEO v27.5) - https:\/\/yoast.com\/product\/yoast-seo-premium-wordpress\/ -->\n<title>E70297 CP370 ClearPulse 1kW Sonarimoodul - NavSystems Mereelektroonika<\/title>\n<meta name=\"description\" content=\"Tutvuge E70297 CP370 ClearPulse 1kW Sonarimooduliga, mis pakub erakordset selgust ja teravamaid kala kujutisi ja muid objekte. Nautige kalap\u00fc\u00fcki!\" \/>\n<meta name=\"robots\" content=\"index, follow, max-snippet:-1, max-image-preview:large, max-video-preview:-1\" \/>\n<link rel=\"canonical\" href=\"https:\/\/raymarine.ee\/en\/product\/cp100-downvision-sonar-module\/\" \/>\n<meta property=\"og:locale\" content=\"en_GB\" \/>\n<meta property=\"og:type\" content=\"article\" \/>\n<meta property=\"og:title\" content=\"CP100 Downvision Sonar Module\" \/>\n<meta property=\"og:description\" content=\"Tutvuge E70297 CP370 ClearPulse 1kW Sonarimooduliga, mis pakub erakordset selgust ja teravamaid kala kujutisi ja muid objekte. Nautige kalap\u00fc\u00fcki!\" \/>\n<meta property=\"og:url\" content=\"https:\/\/raymarine.ee\/en\/product\/cp100-downvision-sonar-module\/\" \/>\n<meta property=\"og:site_name\" content=\"NavSystems\" \/>\n<meta property=\"article:publisher\" content=\"https:\/\/www.facebook.com\/NavSystems\" \/>\n<meta property=\"article:modified_time\" content=\"2026-05-11T09:09:10+00:00\" \/>\n<meta property=\"og:image\" content=\"https:\/\/raymarine.ee\/wp-content\/uploads\/2026\/05\/61104640-41da-4f27-b576-ae6812bffd6b.webp\" \/>\n\t<meta property=\"og:image:width\" content=\"2000\" \/>\n\t<meta property=\"og:image:height\" content=\"2000\" \/>\n\t<meta property=\"og:image:type\" content=\"image\/webp\" \/>\n<meta name=\"twitter:card\" content=\"summary_large_image\" \/>\n<meta name=\"twitter:label1\" content=\"Price\" \/>\n\t<meta name=\"twitter:data1\" content=\"650,00&nbsp;&euro;\" \/>\n\t<meta name=\"twitter:label2\" content=\"Availability\" \/>\n\t<meta name=\"twitter:data2\" content=\"On back order\" \/>\n<script type=\"application\/ld+json\" class=\"yoast-schema-graph\">{\"@context\":\"https:\\\/\\\/schema.org\",\"@graph\":[{\"@type\":\"WebPage\",\"@id\":\"https:\\\/\\\/raymarine.ee\\\/product\\\/cp100-downvision-sonar-module\\\/\",\"url\":\"https:\\\/\\\/raymarine.ee\\\/product\\\/cp100-downvision-sonar-module\\\/\",\"name\":\"E70297 CP370 ClearPulse 1kW Sonarimoodul - NavSystems Mereelektroonika\",\"isPartOf\":{\"@id\":\"https:\\\/\\\/raymarine.ee\\\/#website\"},\"primaryImageOfPage\":{\"@id\":\"https:\\\/\\\/raymarine.ee\\\/product\\\/cp100-downvision-sonar-module\\\/#primaryimage\"},\"image\":{\"@id\":\"https:\\\/\\\/raymarine.ee\\\/product\\\/cp100-downvision-sonar-module\\\/#primaryimage\"},\"thumbnailUrl\":\"https:\\\/\\\/raymarine.ee\\\/wp-content\\\/uploads\\\/2026\\\/05\\\/61104640-41da-4f27-b576-ae6812bffd6b.webp\",\"datePublished\":\"2026-05-11T08:51:41+00:00\",\"dateModified\":\"2026-05-11T09:09:10+00:00\",\"description\":\"Tutvuge E70297 CP370 ClearPulse 1kW Sonarimooduliga, mis pakub erakordset selgust ja teravamaid kala kujutisi ja muid objekte. Nautige kalap\u00fc\u00fcki!\",\"breadcrumb\":{\"@id\":\"https:\\\/\\\/raymarine.ee\\\/product\\\/cp100-downvision-sonar-module\\\/#breadcrumb\"},\"inLanguage\":\"en-GB\",\"potentialAction\":[{\"@type\":\"ReadAction\",\"target\":[\"https:\\\/\\\/raymarine.ee\\\/product\\\/cp100-downvision-sonar-module\\\/\"]}]},{\"@type\":\"ImageObject\",\"inLanguage\":\"en-GB\",\"@id\":\"https:\\\/\\\/raymarine.ee\\\/product\\\/cp100-downvision-sonar-module\\\/#primaryimage\",\"url\":\"https:\\\/\\\/raymarine.ee\\\/wp-content\\\/uploads\\\/2026\\\/05\\\/61104640-41da-4f27-b576-ae6812bffd6b.webp\",\"contentUrl\":\"https:\\\/\\\/raymarine.ee\\\/wp-content\\\/uploads\\\/2026\\\/05\\\/61104640-41da-4f27-b576-ae6812bffd6b.webp\",\"width\":2000,\"height\":2000},{\"@type\":\"BreadcrumbList\",\"@id\":\"https:\\\/\\\/raymarine.ee\\\/product\\\/cp100-downvision-sonar-module\\\/#breadcrumb\",\"itemListElement\":[{\"@type\":\"ListItem\",\"position\":1,\"name\":\"Home\",\"item\":\"https:\\\/\\\/raymarine.ee\\\/\"},{\"@type\":\"ListItem\",\"position\":2,\"name\":\"Tooted\",\"item\":\"https:\\\/\\\/raymarine.ee\\\/shop\\\/\"},{\"@type\":\"ListItem\",\"position\":3,\"name\":\"CP100 Downvision Sonar Module\"}]},{\"@type\":\"WebSite\",\"@id\":\"https:\\\/\\\/raymarine.ee\\\/#website\",\"url\":\"https:\\\/\\\/raymarine.ee\\\/\",\"name\":\"www.raymarine.ee\",\"description\":\"Mereelektroonika, kaardiplotter, autopiloot, pinnipiloot, roolipiloot, radar, AIS, VHF, Smart Wind\",\"publisher\":{\"@id\":\"https:\\\/\\\/raymarine.ee\\\/#organization\"},\"alternateName\":\"Raymarine\",\"potentialAction\":[{\"@type\":\"SearchAction\",\"target\":{\"@type\":\"EntryPoint\",\"urlTemplate\":\"https:\\\/\\\/raymarine.ee\\\/?s={search_term_string}\"},\"query-input\":{\"@type\":\"PropertyValueSpecification\",\"valueRequired\":true,\"valueName\":\"search_term_string\"}}],\"inLanguage\":\"en-GB\"},{\"@type\":\"Organization\",\"@id\":\"https:\\\/\\\/raymarine.ee\\\/#organization\",\"name\":\"NavSystems O\u00dc\",\"url\":\"https:\\\/\\\/raymarine.ee\\\/\",\"logo\":{\"@type\":\"ImageObject\",\"inLanguage\":\"en-GB\",\"@id\":\"https:\\\/\\\/raymarine.ee\\\/#\\\/schema\\\/logo\\\/image\\\/\",\"url\":\"https:\\\/\\\/raymarine.ee\\\/wp-content\\\/uploads\\\/2024\\\/10\\\/Screenshot-2024-10-15-151324_bg_removed.webp\",\"contentUrl\":\"https:\\\/\\\/raymarine.ee\\\/wp-content\\\/uploads\\\/2024\\\/10\\\/Screenshot-2024-10-15-151324_bg_removed.webp\",\"width\":420,\"height\":276,\"caption\":\"NavSystems O\u00dc\"},\"image\":{\"@id\":\"https:\\\/\\\/raymarine.ee\\\/#\\\/schema\\\/logo\\\/image\\\/\"},\"sameAs\":[\"https:\\\/\\\/www.facebook.com\\\/NavSystems\"],\"legalName\":\"NavSystems O\u00dc\",\"foundingDate\":\"2011-05-03\",\"numberOfEmployees\":{\"@type\":\"QuantitativeValue\",\"minValue\":\"1\",\"maxValue\":\"10\"}}]}<\/script>\n<meta property=\"product:price:amount\" content=\"650.00\" \/>\n<meta property=\"product:price:currency\" content=\"EUR\" \/>\n<meta property=\"og:availability\" content=\"backorder\" \/>\n<meta property=\"product:availability\" content=\"available for order\" \/>\n<meta property=\"product:retailer_item_id\" content=\"E70204\" \/>\n<meta property=\"product:condition\" content=\"new\" \/>\n<!-- \/ Yoast SEO Premium plugin. -->","yoast_head_json":{"title":"E70297 CP370 ClearPulse 1kW Sonarimoodul - NavSystems Mereelektroonika","description":"Tutvuge E70297 CP370 ClearPulse 1kW Sonarimooduliga, mis pakub erakordset selgust ja teravamaid kala kujutisi ja muid objekte. Nautige kalap\u00fc\u00fcki!","robots":{"index":"index","follow":"follow","max-snippet":"max-snippet:-1","max-image-preview":"max-image-preview:large","max-video-preview":"max-video-preview:-1"},"canonical":"https:\/\/raymarine.ee\/en\/product\/cp100-downvision-sonar-module\/","og_locale":"en_GB","og_type":"article","og_title":"CP100 Downvision Sonar Module","og_description":"Tutvuge E70297 CP370 ClearPulse 1kW Sonarimooduliga, mis pakub erakordset selgust ja teravamaid kala kujutisi ja muid objekte. Nautige kalap\u00fc\u00fcki!","og_url":"https:\/\/raymarine.ee\/en\/product\/cp100-downvision-sonar-module\/","og_site_name":"NavSystems","article_publisher":"https:\/\/www.facebook.com\/NavSystems","article_modified_time":"2026-05-11T09:09:10+00:00","og_image":[{"width":2000,"height":2000,"url":"https:\/\/raymarine.ee\/wp-content\/uploads\/2026\/05\/61104640-41da-4f27-b576-ae6812bffd6b.webp","type":"image\/webp"}],"twitter_card":"summary_large_image","twitter_misc":{"Price":"650,00&nbsp;&euro;","Availability":"On back order"},"schema":{"@context":"https:\/\/schema.org","@graph":[{"@type":"WebPage","@id":"https:\/\/raymarine.ee\/product\/cp100-downvision-sonar-module\/","url":"https:\/\/raymarine.ee\/product\/cp100-downvision-sonar-module\/","name":"E70297 CP370 ClearPulse 1kW Sonarimoodul - NavSystems Mereelektroonika","isPartOf":{"@id":"https:\/\/raymarine.ee\/#website"},"primaryImageOfPage":{"@id":"https:\/\/raymarine.ee\/product\/cp100-downvision-sonar-module\/#primaryimage"},"image":{"@id":"https:\/\/raymarine.ee\/product\/cp100-downvision-sonar-module\/#primaryimage"},"thumbnailUrl":"https:\/\/raymarine.ee\/wp-content\/uploads\/2026\/05\/61104640-41da-4f27-b576-ae6812bffd6b.webp","datePublished":"2026-05-11T08:51:41+00:00","dateModified":"2026-05-11T09:09:10+00:00","description":"Tutvuge E70297 CP370 ClearPulse 1kW Sonarimooduliga, mis pakub erakordset selgust ja teravamaid kala kujutisi ja muid objekte. Nautige kalap\u00fc\u00fcki!","breadcrumb":{"@id":"https:\/\/raymarine.ee\/product\/cp100-downvision-sonar-module\/#breadcrumb"},"inLanguage":"en-GB","potentialAction":[{"@type":"ReadAction","target":["https:\/\/raymarine.ee\/product\/cp100-downvision-sonar-module\/"]}]},{"@type":"ImageObject","inLanguage":"en-GB","@id":"https:\/\/raymarine.ee\/product\/cp100-downvision-sonar-module\/#primaryimage","url":"https:\/\/raymarine.ee\/wp-content\/uploads\/2026\/05\/61104640-41da-4f27-b576-ae6812bffd6b.webp","contentUrl":"https:\/\/raymarine.ee\/wp-content\/uploads\/2026\/05\/61104640-41da-4f27-b576-ae6812bffd6b.webp","width":2000,"height":2000},{"@type":"BreadcrumbList","@id":"https:\/\/raymarine.ee\/product\/cp100-downvision-sonar-module\/#breadcrumb","itemListElement":[{"@type":"ListItem","position":1,"name":"Home","item":"https:\/\/raymarine.ee\/"},{"@type":"ListItem","position":2,"name":"Tooted","item":"https:\/\/raymarine.ee\/shop\/"},{"@type":"ListItem","position":3,"name":"CP100 Downvision Sonar Module"}]},{"@type":"WebSite","@id":"https:\/\/raymarine.ee\/#website","url":"https:\/\/raymarine.ee\/","name":"www.raymarine.ee","description":"Marine electronics, chartplotter, autopilot, stern pilot, steering pilot, radar, AIS, VHF, Smart Wind","publisher":{"@id":"https:\/\/raymarine.ee\/#organization"},"alternateName":"Raymarine","potentialAction":[{"@type":"SearchAction","target":{"@type":"EntryPoint","urlTemplate":"https:\/\/raymarine.ee\/?s={search_term_string}"},"query-input":{"@type":"PropertyValueSpecification","valueRequired":true,"valueName":"search_term_string"}}],"inLanguage":"en-GB"},{"@type":"Organization","@id":"https:\/\/raymarine.ee\/#organization","name":"NavSystems O\u00dc","url":"https:\/\/raymarine.ee\/","logo":{"@type":"ImageObject","inLanguage":"en-GB","@id":"https:\/\/raymarine.ee\/#\/schema\/logo\/image\/","url":"https:\/\/raymarine.ee\/wp-content\/uploads\/2024\/10\/Screenshot-2024-10-15-151324_bg_removed.webp","contentUrl":"https:\/\/raymarine.ee\/wp-content\/uploads\/2024\/10\/Screenshot-2024-10-15-151324_bg_removed.webp","width":420,"height":276,"caption":"NavSystems O\u00dc"},"image":{"@id":"https:\/\/raymarine.ee\/#\/schema\/logo\/image\/"},"sameAs":["https:\/\/www.facebook.com\/NavSystems"],"legalName":"NavSystems O\u00dc","foundingDate":"2011-05-03","numberOfEmployees":{"@type":"QuantitativeValue","minValue":"1","maxValue":"10"}}]},"product_price_amount":"650.00","product_price_currency":"EUR","og_availability":"backorder","product_availability":"available for order","product_retailer_item_id":"E70204","product_condition":"new"},"jetpack_sharing_enabled":true,"_links":{"self":[{"href":"https:\/\/raymarine.ee\/en\/wp-json\/wp\/v2\/product\/11500","targetHints":{"allow":["GET"]}}],"collection":[{"href":"https:\/\/raymarine.ee\/en\/wp-json\/wp\/v2\/product"}],"about":[{"href":"https:\/\/raymarine.ee\/en\/wp-json\/wp\/v2\/types\/product"}],"wp:featuredmedia":[{"embeddable":true,"href":"https:\/\/raymarine.ee\/en\/wp-json\/wp\/v2\/media\/11502"}],"wp:attachment":[{"href":"https:\/\/raymarine.ee\/en\/wp-json\/wp\/v2\/media?parent=11500"}],"wp:term":[{"taxonomy":"product_brand","embeddable":true,"href":"https:\/\/raymarine.ee\/en\/wp-json\/wp\/v2\/product_brand?post=11500"},{"taxonomy":"product_cat","embeddable":true,"href":"https:\/\/raymarine.ee\/en\/wp-json\/wp\/v2\/product_cat?post=11500"},{"taxonomy":"product_tag","embeddable":true,"href":"https:\/\/raymarine.ee\/en\/wp-json\/wp\/v2\/product_tag?post=11500"}],"curies":[{"name":"wp","href":"https:\/\/api.w.org\/{rel}","templated":true}]}}