{"id":5272,"date":"2024-10-15T22:08:35","date_gmt":"2024-10-15T22:08:35","guid":{"rendered":"https:\/\/raymarine.ee\/?post_type=product&#038;p=5272"},"modified":"2026-04-10T12:45:22","modified_gmt":"2026-04-10T09:45:22","slug":"axiom-7-multi-function-7-display","status":"publish","type":"product","link":"https:\/\/raymarine.ee\/en\/product\/axiom-7-multi-function-7-display\/","title":{"rendered":"AXIOM+ 7, Multi-function 7&#8243; Display"},"content":{"rendered":"<p data-start=\"0\" data-end=\"298\">Raymarine <strong data-start=\"10\" data-end=\"20\">AXIOM+<\/strong> on multifunktsionaalne kaardiplotter ja kalaleidja, mis pakub parimat j\u00f5udlust t\u00e4nu t\u00e4iustatud <strong data-start=\"116\" data-end=\"141\">HydroTough\u2122 ekraanile<\/strong>, kiirele <strong data-start=\"151\" data-end=\"185\">neljatuumalisele protsessorile<\/strong> ja suurenenud m\u00e4lule. See on loodud t\u00f6\u00f6ks k\u00f5ikides ilmastikutingimustes, tagades kiire ja t\u00e4pse kasutuskogemuse.<\/p>\n<h3 data-start=\"300\" data-end=\"326\"><strong data-start=\"304\" data-end=\"326\">Peamised omadused:<\/strong><\/h3>\n<ul data-start=\"328\" data-end=\"2037\">\n<li data-start=\"328\" data-end=\"550\">\n<p data-start=\"330\" data-end=\"355\"><strong data-start=\"330\" data-end=\"353\">HydroTough\u2122 Ekraan:<\/strong><\/p>\n<ul data-start=\"358\" data-end=\"550\">\n<li data-start=\"358\" data-end=\"417\">25% heledam kui eelnevad mudelid, tagab parema n\u00e4htavuse.<\/li>\n<li data-start=\"420\" data-end=\"550\">Ekraan on rohkem l\u00f6\u00f6gikindel ja t\u00e4nu <strong data-start=\"459\" data-end=\"475\">nano-kattele<\/strong> t\u00f5rjub vett ja mustust, muutes selle usaldusv\u00e4\u00e4rseks k\u00f5ikides tingimustes.<\/li>\n<\/ul>\n<\/li>\n<li data-start=\"552\" data-end=\"707\">\n<p data-start=\"554\" data-end=\"586\"><strong data-start=\"554\" data-end=\"584\">Neljatuumaline Protsessor:<\/strong><\/p>\n<ul data-start=\"589\" data-end=\"707\">\n<li data-start=\"589\" data-end=\"707\">Uus <strong data-start=\"595\" data-end=\"639\">LightHouse Dartmouth operatsioonis\u00fcsteem<\/strong> pakub sujuvat ja kiiret j\u00f5udlust, muutes seadme haldamise lihtsaks.<\/li>\n<\/ul>\n<\/li>\n<li data-start=\"709\" data-end=\"947\">\n<p data-start=\"711\" data-end=\"735\"><strong data-start=\"711\" data-end=\"733\">Kohandatav Ekraan:<\/strong><\/p>\n<ul data-start=\"738\" data-end=\"947\">\n<li data-start=\"738\" data-end=\"947\"><strong data-start=\"740\" data-end=\"755\">App-ikoonid<\/strong> ja intuitiivne navigeerimine v\u00f5imaldavad kiiret andmete kuvamist ja lihtsalt <strong data-start=\"833\" data-end=\"850\">drag-and-drop<\/strong> paigutust. Kasutajad saavad isikup\u00e4rastada oma seadistusi ja salvestada need p\u00fcsivalt seadmesse.<\/li>\n<\/ul>\n<\/li>\n<li data-start=\"949\" data-end=\"1162\">\n<p data-start=\"951\" data-end=\"980\"><strong data-start=\"951\" data-end=\"978\">T\u00e4iuslik Navigeerimine:<\/strong><\/p>\n<ul data-start=\"983\" data-end=\"1162\">\n<li data-start=\"983\" data-end=\"1162\">Kaardi plaanija kuvab selged men\u00fc\u00fcd ja valikud, et kiirendada erinevate kaardimoodide juurde p\u00e4\u00e4semist. Puudutades lihtsalt ekraani, saab m\u00e4\u00e4rata kursori t\u00e4pselt soovitud kohta.<\/li>\n<\/ul>\n<\/li>\n<li data-start=\"1164\" data-end=\"1435\">\n<p data-start=\"1166\" data-end=\"1201\"><strong data-start=\"1166\" data-end=\"1199\">Erakordne Kaartide \u00dchilduvus:<\/strong><\/p>\n<ul data-start=\"1204\" data-end=\"1435\">\n<li data-start=\"1204\" data-end=\"1435\">AXIOM+ on \u00fchilduv <strong data-start=\"1224\" data-end=\"1237\">Navionics<\/strong>, <strong data-start=\"1239\" data-end=\"1248\">C-MAP<\/strong> ja <strong data-start=\"1252\" data-end=\"1266\">Lighthouse<\/strong> kaartidega. Pakkudes detailseid v\u00f5rgu- ja vektorkaartide valikuid ning <strong data-start=\"1338\" data-end=\"1351\">3D kaarte<\/strong> ja <strong data-start=\"1355\" data-end=\"1376\">satelliitide tuge<\/strong>, on see ideaalne t\u00f6\u00f6riist ranniku l\u00e4hedal navigeerimiseks.<\/li>\n<\/ul>\n<\/li>\n<li data-start=\"1437\" data-end=\"1679\">\n<p data-start=\"1439\" data-end=\"1477\"><strong data-start=\"1439\" data-end=\"1475\">\u00dchenduvus ja Laadimisv\u00f5imalused:<\/strong><\/p>\n<ul data-start=\"1480\" data-end=\"1679\">\n<li data-start=\"1480\" data-end=\"1553\"><strong data-start=\"1482\" data-end=\"1522\">Ethernet, NMEA2000, ja microUSB port<\/strong> tagavad s\u00fcsteemi paindlikkuse.<\/li>\n<li data-start=\"1556\" data-end=\"1679\"><strong data-start=\"1558\" data-end=\"1579\">WiFi ja Bluetooth<\/strong> (4.0) funktsioonide abil on seadmed h\u00f5lpsasti \u00fchendatavad teiste Raymarine seadmete ja tarvikutega.<\/li>\n<\/ul>\n<\/li>\n<li data-start=\"1681\" data-end=\"2037\">\n<p data-start=\"1683\" data-end=\"1716\"><strong data-start=\"1683\" data-end=\"1716\">Komplektis \u00dchilduvad Seadmed:<\/strong><\/p>\n<ul data-start=\"1719\" data-end=\"2037\">\n<li data-start=\"1719\" data-end=\"1742\"><strong data-start=\"1721\" data-end=\"1731\">Sonar:<\/strong> Valikuline<\/li>\n<li data-start=\"1745\" data-end=\"1854\"><strong data-start=\"1747\" data-end=\"1757\">Radar:<\/strong> \u00dchilduvus <strong data-start=\"1768\" data-end=\"1779\">Quantum<\/strong>, <strong data-start=\"1781\" data-end=\"1792\">Digital<\/strong>, <strong data-start=\"1794\" data-end=\"1822\">HD Color\/Super HD Colour<\/strong> ja <strong data-start=\"1826\" data-end=\"1854\">Magnum radar antennidega<\/strong><\/li>\n<li data-start=\"1857\" data-end=\"2037\"><strong data-start=\"1859\" data-end=\"1889\">Termokaamerad ja Kaamerad:<\/strong> \u00dchilduvus <strong data-start=\"1900\" data-end=\"1912\">FLIR AX8<\/strong>, <strong data-start=\"1914\" data-end=\"1922\">M232<\/strong>, <strong data-start=\"1924\" data-end=\"1932\">M300<\/strong>, <strong data-start=\"1934\" data-end=\"1942\">M400<\/strong> ja <strong data-start=\"1946\" data-end=\"1954\">M500<\/strong> termokaameratega ning <strong data-start=\"1977\" data-end=\"1989\">CAM210IP<\/strong> ja <strong data-start=\"1993\" data-end=\"2005\">CAM220IP<\/strong> kaameratega (kuni 10 kaamerat).<\/li>\n<\/ul>\n<\/li>\n<\/ul>\n<h3 data-start=\"2039\" data-end=\"2065\"><strong data-start=\"2043\" data-end=\"2065\">Tehnilised andmed:<\/strong><\/h3>\n<ul data-start=\"2067\" data-end=\"3200\">\n<li data-start=\"2067\" data-end=\"2091\"><strong data-start=\"2069\" data-end=\"2088\">Ekraani suurus:<\/strong> 7&#8243;<\/li>\n<li data-start=\"2092\" data-end=\"2122\"><strong data-start=\"2094\" data-end=\"2111\">Resolutsioon:<\/strong> 1024 x 600<\/li>\n<li data-start=\"2123\" data-end=\"2181\"><strong data-start=\"2125\" data-end=\"2141\">Ekraanit\u00fc\u00fcp:<\/strong> Multitouch HydroTough (vastupidav kate)<\/li>\n<li data-start=\"2182\" data-end=\"2207\"><strong data-start=\"2184\" data-end=\"2196\">Heledus:<\/strong> 1500 nitti<\/li>\n<li data-start=\"2208\" data-end=\"2265\"><strong data-start=\"2210\" data-end=\"2228\">Viewing angle:<\/strong> 85\u00b0 (\u00fcles, alla, vasakule, paremale)<\/li>\n<li data-start=\"2266\" data-end=\"2300\"><strong data-start=\"2268\" data-end=\"2278\">Pinge:<\/strong> 12 V DC (8 &#8211; 16 V DC)<\/li>\n<li data-start=\"2301\" data-end=\"2333\"><strong data-start=\"2303\" data-end=\"2326\">V\u00f5imsuse tarbimine:<\/strong> 7.34 W<\/li>\n<li data-start=\"2334\" data-end=\"2362\"><strong data-start=\"2336\" data-end=\"2349\">Ethernet:<\/strong> Jah, 1x port<\/li>\n<li data-start=\"2363\" data-end=\"2391\"><strong data-start=\"2365\" data-end=\"2378\">NMEA2000:<\/strong> Jah, 1x port<\/li>\n<li data-start=\"2392\" data-end=\"2410\"><strong data-start=\"2394\" data-end=\"2407\">NMEA0183:<\/strong> Ei<\/li>\n<li data-start=\"2411\" data-end=\"2471\"><strong data-start=\"2413\" data-end=\"2427\">SeaTalkNG:<\/strong> Adapteri kaabel vajalik (sisaldub pakendis)<\/li>\n<li data-start=\"2472\" data-end=\"2497\"><strong data-start=\"2474\" data-end=\"2482\">USB:<\/strong> 1x USB microAB<\/li>\n<li data-start=\"2498\" data-end=\"2513\"><strong data-start=\"2500\" data-end=\"2509\">WiFi:<\/strong> Jah<\/li>\n<li data-start=\"2514\" data-end=\"2538\"><strong data-start=\"2516\" data-end=\"2530\">Bluetooth:<\/strong> Jah 4.0<\/li>\n<li data-start=\"2539\" data-end=\"2583\"><strong data-start=\"2541\" data-end=\"2549\">GPS:<\/strong> Integreeritud (10 Hz, 28 kanalit)<\/li>\n<li data-start=\"2584\" data-end=\"2623\"><strong data-start=\"2586\" data-end=\"2623\">GPS\/GLONASS\/Galileo\/Beidou toetus<\/strong><\/li>\n<li data-start=\"2624\" data-end=\"2647\"><strong data-start=\"2626\" data-end=\"2636\">Sonar:<\/strong> Valikuline<\/li>\n<li data-start=\"2648\" data-end=\"2741\"><strong data-start=\"2650\" data-end=\"2660\">Radar:<\/strong> \u00dchilduvus Quantum, Digital, HD Color\/Super HD Colour ja Magnum radar antennidega<\/li>\n<li data-start=\"2742\" data-end=\"2772\"><strong data-start=\"2744\" data-end=\"2752\">AIS:<\/strong> Jah, NMEA2000 kaudu<\/li>\n<li data-start=\"2773\" data-end=\"2829\"><strong data-start=\"2775\" data-end=\"2798\">Kaartide \u00fchilduvus:<\/strong> Navionics, C-MAP ja Lighthouse<\/li>\n<li data-start=\"2830\" data-end=\"2850\"><strong data-start=\"2832\" data-end=\"2847\">Kaardipesa:<\/strong> 1x<\/li>\n<li data-start=\"2851\" data-end=\"2900\"><strong data-start=\"2853\" data-end=\"2879\">Autopiloodi juhtimine:<\/strong> Evolution autopiloot<\/li>\n<li data-start=\"2901\" data-end=\"2960\"><strong data-start=\"2903\" data-end=\"2920\">Termokaamera:<\/strong> FLIR AX8, M232, M300 seeria, M400, M500<\/li>\n<li data-start=\"2961\" data-end=\"3031\"><strong data-start=\"2963\" data-end=\"2981\">Video\/kaamera:<\/strong> \u00dchilduvus CAM210IP ja CAM220IP (kuni 10 kaamerat)<\/li>\n<li data-start=\"3032\" data-end=\"3075\"><strong data-start=\"3034\" data-end=\"3059\">T\u00f6\u00f6tlemistemperatuur:<\/strong> -25 kuni +55 \u00b0C<\/li>\n<li data-start=\"3076\" data-end=\"3118\"><strong data-start=\"3078\" data-end=\"3102\">S\u00e4ilitustemperatuur:<\/strong> -30 kuni +70 \u00b0C<\/li>\n<li data-start=\"3119\" data-end=\"3148\"><strong data-start=\"3121\" data-end=\"3136\">Veekindlus:<\/strong> IPX6 \/ IPX7<\/li>\n<li data-start=\"3149\" data-end=\"3180\"><strong data-start=\"3151\" data-end=\"3162\">M\u00f5\u00f5dud:<\/strong> 210 x 142 x 77 mm<\/li>\n<li data-start=\"3181\" data-end=\"3200\"><strong data-start=\"3183\" data-end=\"3192\">Kaal:<\/strong> 1.36 kg<\/li>\n<\/ul>","protected":false},"excerpt":{"rendered":"<p data-start=\"0\" data-end=\"298\">Raymarine <strong data-start=\"10\" data-end=\"20\">AXIOM+<\/strong> on multifunktsionaalne kaardiplotter ja kalaleidja, mis pakub parimat j\u00f5udlust t\u00e4nu t\u00e4iustatud <strong data-start=\"116\" data-end=\"141\">HydroTough\u2122 ekraanile<\/strong>, kiirele <strong data-start=\"151\" data-end=\"185\">neljatuumalisele protsessorile<\/strong> ja suurenenud m\u00e4lule. See on loodud t\u00f6\u00f6ks k\u00f5ikides ilmastikutingimustes, tagades kiire ja t\u00e4pse kasutuskogemuse.<\/p>\n<h3 data-start=\"300\" data-end=\"326\"><strong data-start=\"304\" data-end=\"326\">Peamised omadused:<\/strong><\/h3>\n<ul data-start=\"328\" data-end=\"2037\">\n<li data-start=\"328\" data-end=\"550\">\n<p data-start=\"330\" data-end=\"355\"><strong data-start=\"330\" data-end=\"353\">HydroTough\u2122 Ekraan:<\/strong><\/p>\n<ul data-start=\"358\" data-end=\"550\">\n<li data-start=\"358\" data-end=\"417\">25% heledam kui eelnevad mudelid, tagab parema n\u00e4htavuse.<\/li>\n<li data-start=\"420\" data-end=\"550\">Ekraan on rohkem l\u00f6\u00f6gikindel ja t\u00e4nu <strong data-start=\"459\" data-end=\"475\">nano-kattele<\/strong> t\u00f5rjub vett ja mustust, muutes selle usaldusv\u00e4\u00e4rseks k\u00f5ikides tingimustes.<\/li>\n<\/ul>\n<\/li>\n<li data-start=\"552\" data-end=\"707\">\n<p data-start=\"554\" data-end=\"586\"><strong data-start=\"554\" data-end=\"584\">Neljatuumaline Protsessor:<\/strong><\/p>\n<ul data-start=\"589\" data-end=\"707\">\n<li data-start=\"589\" data-end=\"707\">Uus <strong data-start=\"595\" data-end=\"639\">LightHouse Dartmouth operatsioonis\u00fcsteem<\/strong> pakub sujuvat ja kiiret j\u00f5udlust, muutes seadme haldamise lihtsaks.<\/li>\n<\/ul>\n<\/li>\n<li data-start=\"709\" data-end=\"947\">\n<p data-start=\"711\" data-end=\"735\"><strong data-start=\"711\" data-end=\"733\">Kohandatav Ekraan:<\/strong><\/p>\n<ul data-start=\"738\" data-end=\"947\">\n<li data-start=\"738\" data-end=\"947\"><strong data-start=\"740\" data-end=\"755\">App-ikoonid<\/strong> ja intuitiivne navigeerimine v\u00f5imaldavad kiiret andmete kuvamist ja lihtsalt <strong data-start=\"833\" data-end=\"850\">drag-and-drop<\/strong> paigutust. Kasutajad saavad isikup\u00e4rastada oma seadistusi ja salvestada need p\u00fcsivalt seadmesse.<\/li>\n<\/ul>\n<\/li>\n<li data-start=\"949\" data-end=\"1162\">\n<p data-start=\"951\" data-end=\"980\"><strong data-start=\"951\" data-end=\"978\">T\u00e4iuslik Navigeerimine:<\/strong><\/p>\n<ul data-start=\"983\" data-end=\"1162\">\n<li data-start=\"983\" data-end=\"1162\">Kaardi plaanija kuvab selged men\u00fc\u00fcd ja valikud, et kiirendada erinevate kaardimoodide juurde p\u00e4\u00e4semist. Puudutades lihtsalt ekraani, saab m\u00e4\u00e4rata kursori t\u00e4pselt soovitud kohta.<\/li>\n<\/ul>\n<\/li>\n<li data-start=\"1164\" data-end=\"1435\">\n<p data-start=\"1166\" data-end=\"1201\"><strong data-start=\"1166\" data-end=\"1199\">Erakordne Kaartide \u00dchilduvus:<\/strong><\/p>\n<ul data-start=\"1204\" data-end=\"1435\">\n<li data-start=\"1204\" data-end=\"1435\">AXIOM+ on \u00fchilduv <strong data-start=\"1224\" data-end=\"1237\">Navionics<\/strong>, <strong data-start=\"1239\" data-end=\"1248\">C-MAP<\/strong> ja <strong data-start=\"1252\" data-end=\"1266\">Lighthouse<\/strong> kaartidega. Pakkudes detailseid v\u00f5rgu- ja vektorkaartide valikuid ning <strong data-start=\"1338\" data-end=\"1351\">3D kaarte<\/strong> ja <strong data-start=\"1355\" data-end=\"1376\">satelliitide tuge<\/strong>, on see ideaalne t\u00f6\u00f6riist ranniku l\u00e4hedal navigeerimiseks.<\/li>\n<\/ul>\n<\/li>\n<\/ul>\n<p>&nbsp;<\/p>\n<p><span style=\"color: #ff9900;\">LightHouse merekaart, P\u00f5hja-Euroopa koos plotteriga tasuta kaasa!<\/span><\/p>","protected":false},"featured_media":7638,"template":"","meta":{"_acf_changed":false},"product_brand":[134],"product_cat":[343,57],"product_tag":[],"class_list":{"0":"post-5272","1":"product","2":"type-product","3":"status-publish","4":"has-post-thumbnail","6":"product_brand-raymarine","7":"product_cat-kampaaniad","8":"product_cat-axiomaxiom","10":"first","11":"onbackorder","12":"sale","13":"featured","14":"taxable","15":"shipping-taxable","16":"purchasable","17":"product-type-simple"},"acf":[],"yoast_head":"<!-- This site is optimized with the Yoast SEO Premium plugin v27.5 (Yoast SEO v27.5) - https:\/\/yoast.com\/product\/yoast-seo-premium-wordpress\/ -->\n<title>AXIOM+ 7, Multi-function 7&quot; Display - NavSystems Mereelektroonika<\/title>\n<meta name=\"description\" content=\"Kaardiplotter, autopiloot, vhf, radar, pinnipiloot, roolipiloot, tuules\u00fcsteem, dst810, rsw wind, wind vane,\" \/>\n<meta name=\"robots\" content=\"index, follow, max-snippet:-1, max-image-preview:large, max-video-preview:-1\" \/>\n<link rel=\"canonical\" href=\"https:\/\/raymarine.ee\/en\/product\/axiom-7-multi-function-7-display\/\" \/>\n<meta property=\"og:locale\" content=\"en_GB\" \/>\n<meta property=\"og:type\" content=\"article\" \/>\n<meta property=\"og:title\" content=\"AXIOM+ 7, Multi-function 7&quot; Display\" \/>\n<meta property=\"og:description\" content=\"Kaardiplotter, autopiloot, vhf, radar, pinnipiloot, roolipiloot, tuules\u00fcsteem, dst810, rsw wind, wind vane,\" \/>\n<meta property=\"og:url\" content=\"https:\/\/raymarine.ee\/en\/product\/axiom-7-multi-function-7-display\/\" \/>\n<meta property=\"og:site_name\" content=\"NavSystems\" \/>\n<meta property=\"article:publisher\" content=\"https:\/\/www.facebook.com\/NavSystems\" \/>\n<meta property=\"article:modified_time\" content=\"2026-04-10T09:45:22+00:00\" \/>\n<meta property=\"og:image\" content=\"https:\/\/raymarine.ee\/wp-content\/uploads\/2024\/10\/9364bd61-fee3-41e2-a76c-20a2a8f7c818.webp\" \/>\n\t<meta property=\"og:image:width\" content=\"1024\" \/>\n\t<meta property=\"og:image:height\" content=\"1024\" \/>\n\t<meta property=\"og:image:type\" content=\"image\/webp\" \/>\n<meta name=\"twitter:card\" content=\"summary_large_image\" \/>\n<meta name=\"twitter:label1\" content=\"Price\" \/>\n\t<meta name=\"twitter:data1\" content=\"745,00&nbsp;&euro;\" \/>\n\t<meta name=\"twitter:label2\" content=\"Availability\" \/>\n\t<meta name=\"twitter:data2\" content=\"On back order\" \/>\n<script type=\"application\/ld+json\" class=\"yoast-schema-graph\">{\"@context\":\"https:\\\/\\\/schema.org\",\"@graph\":[{\"@type\":\"WebPage\",\"@id\":\"https:\\\/\\\/raymarine.ee\\\/product\\\/axiom-7-multi-function-7-display\\\/\",\"url\":\"https:\\\/\\\/raymarine.ee\\\/product\\\/axiom-7-multi-function-7-display\\\/\",\"name\":\"AXIOM+ 7, Multi-function 7\\\" Display - NavSystems Mereelektroonika\",\"isPartOf\":{\"@id\":\"https:\\\/\\\/raymarine.ee\\\/#website\"},\"primaryImageOfPage\":{\"@id\":\"https:\\\/\\\/raymarine.ee\\\/product\\\/axiom-7-multi-function-7-display\\\/#primaryimage\"},\"image\":{\"@id\":\"https:\\\/\\\/raymarine.ee\\\/product\\\/axiom-7-multi-function-7-display\\\/#primaryimage\"},\"thumbnailUrl\":\"https:\\\/\\\/raymarine.ee\\\/wp-content\\\/uploads\\\/2024\\\/10\\\/9364bd61-fee3-41e2-a76c-20a2a8f7c818.webp\",\"datePublished\":\"2024-10-15T22:08:35+00:00\",\"dateModified\":\"2026-04-10T09:45:22+00:00\",\"description\":\"Kaardiplotter, autopiloot, vhf, radar, pinnipiloot, roolipiloot, tuules\u00fcsteem, dst810, rsw wind, wind vane,\",\"breadcrumb\":{\"@id\":\"https:\\\/\\\/raymarine.ee\\\/product\\\/axiom-7-multi-function-7-display\\\/#breadcrumb\"},\"inLanguage\":\"en-GB\",\"potentialAction\":[{\"@type\":\"ReadAction\",\"target\":[\"https:\\\/\\\/raymarine.ee\\\/product\\\/axiom-7-multi-function-7-display\\\/\"]}]},{\"@type\":\"ImageObject\",\"inLanguage\":\"en-GB\",\"@id\":\"https:\\\/\\\/raymarine.ee\\\/product\\\/axiom-7-multi-function-7-display\\\/#primaryimage\",\"url\":\"https:\\\/\\\/raymarine.ee\\\/wp-content\\\/uploads\\\/2024\\\/10\\\/9364bd61-fee3-41e2-a76c-20a2a8f7c818.webp\",\"contentUrl\":\"https:\\\/\\\/raymarine.ee\\\/wp-content\\\/uploads\\\/2024\\\/10\\\/9364bd61-fee3-41e2-a76c-20a2a8f7c818.webp\",\"width\":1024,\"height\":1024},{\"@type\":\"BreadcrumbList\",\"@id\":\"https:\\\/\\\/raymarine.ee\\\/product\\\/axiom-7-multi-function-7-display\\\/#breadcrumb\",\"itemListElement\":[{\"@type\":\"ListItem\",\"position\":1,\"name\":\"Home\",\"item\":\"https:\\\/\\\/raymarine.ee\\\/\"},{\"@type\":\"ListItem\",\"position\":2,\"name\":\"Tooted\",\"item\":\"https:\\\/\\\/raymarine.ee\\\/shop\\\/\"},{\"@type\":\"ListItem\",\"position\":3,\"name\":\"AXIOM+ 7, Multi-function 7&#8243; Display\"}]},{\"@type\":\"WebSite\",\"@id\":\"https:\\\/\\\/raymarine.ee\\\/#website\",\"url\":\"https:\\\/\\\/raymarine.ee\\\/\",\"name\":\"www.raymarine.ee\",\"description\":\"Mereelektroonika, kaardiplotter, autopiloot, pinnipiloot, roolipiloot, radar, AIS, VHF, Smart Wind\",\"publisher\":{\"@id\":\"https:\\\/\\\/raymarine.ee\\\/#organization\"},\"alternateName\":\"Raymarine\",\"potentialAction\":[{\"@type\":\"SearchAction\",\"target\":{\"@type\":\"EntryPoint\",\"urlTemplate\":\"https:\\\/\\\/raymarine.ee\\\/?s={search_term_string}\"},\"query-input\":{\"@type\":\"PropertyValueSpecification\",\"valueRequired\":true,\"valueName\":\"search_term_string\"}}],\"inLanguage\":\"en-GB\"},{\"@type\":\"Organization\",\"@id\":\"https:\\\/\\\/raymarine.ee\\\/#organization\",\"name\":\"NavSystems O\u00dc\",\"url\":\"https:\\\/\\\/raymarine.ee\\\/\",\"logo\":{\"@type\":\"ImageObject\",\"inLanguage\":\"en-GB\",\"@id\":\"https:\\\/\\\/raymarine.ee\\\/#\\\/schema\\\/logo\\\/image\\\/\",\"url\":\"https:\\\/\\\/raymarine.ee\\\/wp-content\\\/uploads\\\/2024\\\/10\\\/Screenshot-2024-10-15-151324_bg_removed.webp\",\"contentUrl\":\"https:\\\/\\\/raymarine.ee\\\/wp-content\\\/uploads\\\/2024\\\/10\\\/Screenshot-2024-10-15-151324_bg_removed.webp\",\"width\":420,\"height\":276,\"caption\":\"NavSystems O\u00dc\"},\"image\":{\"@id\":\"https:\\\/\\\/raymarine.ee\\\/#\\\/schema\\\/logo\\\/image\\\/\"},\"sameAs\":[\"https:\\\/\\\/www.facebook.com\\\/NavSystems\"],\"legalName\":\"NavSystems O\u00dc\",\"foundingDate\":\"2011-05-03\",\"numberOfEmployees\":{\"@type\":\"QuantitativeValue\",\"minValue\":\"1\",\"maxValue\":\"10\"}}]}<\/script>\n<meta property=\"product:price:amount\" content=\"745.00\" \/>\n<meta property=\"product:price:currency\" content=\"EUR\" \/>\n<meta property=\"og:availability\" content=\"backorder\" \/>\n<meta property=\"product:availability\" content=\"available for order\" \/>\n<meta property=\"product:retailer_item_id\" content=\"E70634\" \/>\n<meta property=\"product:condition\" content=\"new\" \/>\n<!-- \/ Yoast SEO Premium plugin. -->","yoast_head_json":{"title":"AXIOM+ 7, Multi-function 7\" Display - NavSystems Mereelektroonika","description":"Kaardiplotter, autopiloot, vhf, radar, pinnipiloot, roolipiloot, tuules\u00fcsteem, dst810, rsw wind, wind vane,","robots":{"index":"index","follow":"follow","max-snippet":"max-snippet:-1","max-image-preview":"max-image-preview:large","max-video-preview":"max-video-preview:-1"},"canonical":"https:\/\/raymarine.ee\/en\/product\/axiom-7-multi-function-7-display\/","og_locale":"en_GB","og_type":"article","og_title":"AXIOM+ 7, Multi-function 7\" Display","og_description":"Kaardiplotter, autopiloot, vhf, radar, pinnipiloot, roolipiloot, tuules\u00fcsteem, dst810, rsw wind, wind vane,","og_url":"https:\/\/raymarine.ee\/en\/product\/axiom-7-multi-function-7-display\/","og_site_name":"NavSystems","article_publisher":"https:\/\/www.facebook.com\/NavSystems","article_modified_time":"2026-04-10T09:45:22+00:00","og_image":[{"width":1024,"height":1024,"url":"https:\/\/raymarine.ee\/wp-content\/uploads\/2024\/10\/9364bd61-fee3-41e2-a76c-20a2a8f7c818.webp","type":"image\/webp"}],"twitter_card":"summary_large_image","twitter_misc":{"Price":"745,00&nbsp;&euro;","Availability":"On back order"},"schema":{"@context":"https:\/\/schema.org","@graph":[{"@type":"WebPage","@id":"https:\/\/raymarine.ee\/product\/axiom-7-multi-function-7-display\/","url":"https:\/\/raymarine.ee\/product\/axiom-7-multi-function-7-display\/","name":"AXIOM+ 7, Multi-function 7\" Display - NavSystems Mereelektroonika","isPartOf":{"@id":"https:\/\/raymarine.ee\/#website"},"primaryImageOfPage":{"@id":"https:\/\/raymarine.ee\/product\/axiom-7-multi-function-7-display\/#primaryimage"},"image":{"@id":"https:\/\/raymarine.ee\/product\/axiom-7-multi-function-7-display\/#primaryimage"},"thumbnailUrl":"https:\/\/raymarine.ee\/wp-content\/uploads\/2024\/10\/9364bd61-fee3-41e2-a76c-20a2a8f7c818.webp","datePublished":"2024-10-15T22:08:35+00:00","dateModified":"2026-04-10T09:45:22+00:00","description":"Kaardiplotter, autopiloot, vhf, radar, pinnipiloot, roolipiloot, tuules\u00fcsteem, dst810, rsw wind, wind vane,","breadcrumb":{"@id":"https:\/\/raymarine.ee\/product\/axiom-7-multi-function-7-display\/#breadcrumb"},"inLanguage":"en-GB","potentialAction":[{"@type":"ReadAction","target":["https:\/\/raymarine.ee\/product\/axiom-7-multi-function-7-display\/"]}]},{"@type":"ImageObject","inLanguage":"en-GB","@id":"https:\/\/raymarine.ee\/product\/axiom-7-multi-function-7-display\/#primaryimage","url":"https:\/\/raymarine.ee\/wp-content\/uploads\/2024\/10\/9364bd61-fee3-41e2-a76c-20a2a8f7c818.webp","contentUrl":"https:\/\/raymarine.ee\/wp-content\/uploads\/2024\/10\/9364bd61-fee3-41e2-a76c-20a2a8f7c818.webp","width":1024,"height":1024},{"@type":"BreadcrumbList","@id":"https:\/\/raymarine.ee\/product\/axiom-7-multi-function-7-display\/#breadcrumb","itemListElement":[{"@type":"ListItem","position":1,"name":"Home","item":"https:\/\/raymarine.ee\/"},{"@type":"ListItem","position":2,"name":"Tooted","item":"https:\/\/raymarine.ee\/shop\/"},{"@type":"ListItem","position":3,"name":"AXIOM+ 7, Multi-function 7&#8243; Display"}]},{"@type":"WebSite","@id":"https:\/\/raymarine.ee\/#website","url":"https:\/\/raymarine.ee\/","name":"www.raymarine.ee","description":"Mereelektroonika, kaardiplotter, autopiloot, pinnipiloot, roolipiloot, radar, AIS, VHF, Smart Wind","publisher":{"@id":"https:\/\/raymarine.ee\/#organization"},"alternateName":"Raymarine","potentialAction":[{"@type":"SearchAction","target":{"@type":"EntryPoint","urlTemplate":"https:\/\/raymarine.ee\/?s={search_term_string}"},"query-input":{"@type":"PropertyValueSpecification","valueRequired":true,"valueName":"search_term_string"}}],"inLanguage":"en-GB"},{"@type":"Organization","@id":"https:\/\/raymarine.ee\/#organization","name":"NavSystems O\u00dc","url":"https:\/\/raymarine.ee\/","logo":{"@type":"ImageObject","inLanguage":"en-GB","@id":"https:\/\/raymarine.ee\/#\/schema\/logo\/image\/","url":"https:\/\/raymarine.ee\/wp-content\/uploads\/2024\/10\/Screenshot-2024-10-15-151324_bg_removed.webp","contentUrl":"https:\/\/raymarine.ee\/wp-content\/uploads\/2024\/10\/Screenshot-2024-10-15-151324_bg_removed.webp","width":420,"height":276,"caption":"NavSystems O\u00dc"},"image":{"@id":"https:\/\/raymarine.ee\/#\/schema\/logo\/image\/"},"sameAs":["https:\/\/www.facebook.com\/NavSystems"],"legalName":"NavSystems O\u00dc","foundingDate":"2011-05-03","numberOfEmployees":{"@type":"QuantitativeValue","minValue":"1","maxValue":"10"}}]},"product_price_amount":"745.00","product_price_currency":"EUR","og_availability":"backorder","product_availability":"available for order","product_retailer_item_id":"E70634","product_condition":"new"},"jetpack_sharing_enabled":true,"_links":{"self":[{"href":"https:\/\/raymarine.ee\/en\/wp-json\/wp\/v2\/product\/5272","targetHints":{"allow":["GET"]}}],"collection":[{"href":"https:\/\/raymarine.ee\/en\/wp-json\/wp\/v2\/product"}],"about":[{"href":"https:\/\/raymarine.ee\/en\/wp-json\/wp\/v2\/types\/product"}],"wp:featuredmedia":[{"embeddable":true,"href":"https:\/\/raymarine.ee\/en\/wp-json\/wp\/v2\/media\/7638"}],"wp:attachment":[{"href":"https:\/\/raymarine.ee\/en\/wp-json\/wp\/v2\/media?parent=5272"}],"wp:term":[{"taxonomy":"product_brand","embeddable":true,"href":"https:\/\/raymarine.ee\/en\/wp-json\/wp\/v2\/product_brand?post=5272"},{"taxonomy":"product_cat","embeddable":true,"href":"https:\/\/raymarine.ee\/en\/wp-json\/wp\/v2\/product_cat?post=5272"},{"taxonomy":"product_tag","embeddable":true,"href":"https:\/\/raymarine.ee\/en\/wp-json\/wp\/v2\/product_tag?post=5272"}],"curies":[{"name":"wp","href":"https:\/\/api.w.org\/{rel}","templated":true}]}}