{"id":5307,"date":"2024-10-16T07:33:47","date_gmt":"2024-10-16T07:33:47","guid":{"rendered":"https:\/\/raymarine.ee\/?post_type=product&#038;p=5307"},"modified":"2026-04-27T19:50:14","modified_gmt":"2026-04-27T16:50:14","slug":"alpha-7-performance-display","status":"publish","type":"product","link":"https:\/\/raymarine.ee\/en\/product\/alpha-7-performance-display\/","title":{"rendered":"Alpha 7\u201d Performance Display"},"content":{"rendered":"<h5 data-start=\"55\" data-end=\"102\"><strong data-start=\"59\" data-end=\"100\">Raymarine Alpha 7 Performance Display<\/strong><\/h5>\n<h5 data-start=\"104\" data-end=\"141\"><strong data-start=\"108\" data-end=\"139\">Alpha 7 Performance Display<\/strong><\/h5>\n<p data-start=\"143\" data-end=\"494\"><strong data-start=\"143\" data-end=\"173\">Alpha Performance Display-d<\/strong> on k\u00f5ige mitmek\u00fclgsemad navigatsiooniandmete ekraanid. K\u00f5rgn\u00e4htavad puuteekraaniga instrumendid laiade vaatenurkadega tagavad suurep\u00e4rase n\u00e4htavuse igast paigast pardal. <strong data-start=\"343\" data-end=\"396\">Alpha ulatuslikud andmepaneeli valikud ja vidinad<\/strong> tagavad purjetamise, navigatsiooni ja mootori andmete kiire ja lihtsa kuvamise. Alpha Performance Display on kaugjuhitav Axiom seeria kaardiplotteritest.<\/p>\n<hr data-start=\"496\" data-end=\"499\" \/>\n<h5 data-start=\"501\" data-end=\"534\"><strong data-start=\"505\" data-end=\"532\">Alpha &amp; Axiom s\u00fcsteemid<\/strong><\/h5>\n<p data-start=\"536\" data-end=\"782\"><strong data-start=\"536\" data-end=\"566\">Alpha Performance Displays<\/strong> on <strong data-start=\"570\" data-end=\"589\">Raymarine Axiom<\/strong> kaardiplotterite t\u00e4iendavad instrumendid. <strong data-start=\"632\" data-end=\"659\">RayNet <\/strong>(Etherneti kaabel) Axiomi ja Alpha ekraani vahel annab Alphale ligip\u00e4\u00e4su Axiomi \u00fchendatud <strong data-start=\"731\" data-end=\"779\">anduritele ja NMEA2000\/SeaTalk NG seadmetele<\/strong>.<\/p>\n<p data-start=\"784\" data-end=\"954\">Kui Alpha on <strong data-start=\"797\" data-end=\"824\">Axiom-v\u00f5rguga \u00fchendatud<\/strong>\u00a0saavad kasutajad seda kohandada ja seadistada <strong data-start=\"872\" data-end=\"951\">suure j\u00f5udlusega purjetamise, navigatsiooni ja mootoriandmete instrumendiks<\/strong>.<\/p>\n<hr data-start=\"956\" data-end=\"959\" \/>\n<h5 data-start=\"961\" data-end=\"991\"><strong data-start=\"965\" data-end=\"989\">Suurep\u00e4rane n\u00e4htavus<\/strong><\/h5>\n<ul data-start=\"992\" data-end=\"1139\">\n<li data-start=\"992\" data-end=\"1044\">Polariseeritud p\u00e4ikeseprillidega s\u00f5bralik ekraan<\/li>\n<li data-start=\"1045\" data-end=\"1072\">Eriti laiad vaatenurgad<\/li>\n<li data-start=\"1073\" data-end=\"1139\">Selgelt loetav <strong data-start=\"1090\" data-end=\"1137\">masti pealt v\u00f5i kaugemalt asuvates kohtades<\/strong><\/li>\n<\/ul>\n<hr data-start=\"1141\" data-end=\"1144\" \/>\n<h5 data-start=\"1146\" data-end=\"1182\"><strong data-start=\"1150\" data-end=\"1180\">Tugev ja vastupidav disain<\/strong><\/h5>\n<ul data-start=\"1183\" data-end=\"1324\">\n<li data-start=\"1183\" data-end=\"1225\"><strong data-start=\"1185\" data-end=\"1223\">Ekstreemsetes tingimustes testitud<\/strong><\/li>\n<li data-start=\"1226\" data-end=\"1324\"><strong data-start=\"1228\" data-end=\"1253\">HydroTough\u2122 nano-kate<\/strong> t\u00f5rjub vett ja \u00f5lisid, tagades usaldusv\u00e4\u00e4rse puuteekraani kasutamise<\/li>\n<\/ul>\n<hr data-start=\"1326\" data-end=\"1329\" \/>\n<h5 data-start=\"1331\" data-end=\"1363\"><strong data-start=\"1335\" data-end=\"1361\">T\u00e4ielikult skaleeritav<\/strong><\/h5>\n<ul data-start=\"1364\" data-end=\"1498\">\n<li data-start=\"1364\" data-end=\"1449\">Ainult <strong data-start=\"1373\" data-end=\"1402\">\u00fcks toite- ja andmekaabel<\/strong>, mis v\u00e4hendab juhtmete hulka tekil ja mastis<\/li>\n<li data-start=\"1450\" data-end=\"1498\">Toetab <strong data-start=\"1459\" data-end=\"1496\">kuni 4 Alpha ekraani ahel\u00fchendust<\/strong><\/li>\n<\/ul>\n<hr data-start=\"1500\" data-end=\"1503\" \/>\n<h5 data-start=\"1505\" data-end=\"1537\"><strong data-start=\"1509\" data-end=\"1535\">Taktikaline teadlikkus<\/strong><\/h5>\n<ul data-start=\"1538\" data-end=\"1637\">\n<li data-start=\"1538\" data-end=\"1575\"><strong data-start=\"1540\" data-end=\"1573\">Intuitiivne graafiline ekraan<\/strong><\/li>\n<li data-start=\"1576\" data-end=\"1637\">Parandab <strong data-start=\"1587\" data-end=\"1607\">otsuste tegemist<\/strong> ja <strong data-start=\"1611\" data-end=\"1635\">purjetamise taktikat<\/strong><\/li>\n<\/ul>\n<hr data-start=\"1639\" data-end=\"1642\" \/>\n<h5 data-start=\"1644\" data-end=\"1673\"><strong data-start=\"1648\" data-end=\"1671\">SailPoint\u2122 sihtm\u00e4rk<\/strong><\/h5>\n<ul data-start=\"1674\" data-end=\"1769\">\n<li data-start=\"1674\" data-end=\"1769\">Kuvab <strong data-start=\"1682\" data-end=\"1706\">sihtm\u00e4rgi tuulenurga<\/strong>, et saavutada maksimaalne <strong data-start=\"1733\" data-end=\"1767\">VMG vastutuules v\u00f5i allatuules<\/strong><\/li>\n<\/ul>\n<hr data-start=\"1771\" data-end=\"1774\" \/>\n<h5 data-start=\"1776\" data-end=\"1802\"><strong data-start=\"1780\" data-end=\"1800\">D\u00fcnaamiline tuul<\/strong><\/h5>\n<ul data-start=\"1803\" data-end=\"1876\">\n<li data-start=\"1803\" data-end=\"1876\"><strong data-start=\"1805\" data-end=\"1824\">Automaatne suum<\/strong> ekraani kriitilisele alale vastavalt tuulesuunale<\/li>\n<\/ul>\n<hr data-start=\"1878\" data-end=\"1881\" \/>\n<h5 data-start=\"1883\" data-end=\"1907\"><strong data-start=\"1887\" data-end=\"1905\">Muud omadused:<\/strong><\/h5>\n<p data-start=\"1908\" data-end=\"2003\"><strong data-start=\"1910\" data-end=\"1923\">7-tolline<\/strong> k\u00f5rge kontrastsusega <strong data-start=\"1945\" data-end=\"1965\">purjetamisekraan<\/strong><br data-start=\"1965\" data-end=\"1968\" \/><strong data-start=\"1970\" data-end=\"2001\">Toitekaablid m\u00fc\u00fcakse eraldi<\/strong><\/p>\n<hr data-start=\"2005\" data-end=\"2008\" \/>\n<h5 data-start=\"2010\" data-end=\"2037\"><strong data-start=\"2014\" data-end=\"2035\">Komplekti kuulub:<\/strong><\/h5>\n<p data-start=\"2038\" data-end=\"2246\"><strong data-start=\"2040\" data-end=\"2071\">Alpha 7 Performance Display<\/strong><br data-start=\"2071\" data-end=\"2074\" \/><strong data-start=\"2076\" data-end=\"2103\">2 x kinnituskronsteinid<\/strong><br data-start=\"2103\" data-end=\"2106\" \/><strong data-start=\"2108\" data-end=\"2128\">P\u00e4ikesevarjestus<\/strong><br data-start=\"2128\" data-end=\"2131\" \/><strong data-start=\"2133\" data-end=\"2153\">Veekindel tihend<\/strong><br data-start=\"2153\" data-end=\"2156\" \/><strong data-start=\"2158\" data-end=\"2177\">Dokumentatsioon<\/strong><br data-start=\"2177\" data-end=\"2180\" \/><strong data-start=\"2182\" data-end=\"2221\">4 x keermestatud polti (M4 x 40 mm)<\/strong><br data-start=\"2221\" data-end=\"2224\" \/><strong data-start=\"2226\" data-end=\"2244\">4 x tiibmutrit<\/strong><\/p>\n<hr data-start=\"2248\" data-end=\"2251\" \/>\n<h5 data-start=\"2253\" data-end=\"2282\"><strong data-start=\"2257\" data-end=\"2280\">F\u00fc\u00fcsilised m\u00f5\u00f5tmed:<\/strong><\/h5>\n<p data-start=\"2283\" data-end=\"2479\"><strong data-start=\"2286\" data-end=\"2296\">Laius:<\/strong> 120,1 mm (4,72 tolli)<br data-start=\"2318\" data-end=\"2321\" \/><strong data-start=\"2324\" data-end=\"2335\">K\u00f5rgus:<\/strong> 188,4 mm (7,42 tolli)<br data-start=\"2357\" data-end=\"2360\" \/><strong data-start=\"2363\" data-end=\"2375\">S\u00fcgavus:<\/strong> 32 mm (1,26 tolli)<br data-start=\"2394\" data-end=\"2397\" \/><strong data-start=\"2400\" data-end=\"2423\">Postide vahekaugus:<\/strong> 5,71 mm (0,22 tolli)<br data-start=\"2444\" data-end=\"2447\" \/><strong data-start=\"2449\" data-end=\"2458\">Kaal:<\/strong> 0,72 kg (1,59 lbs)<\/p>\n<hr data-start=\"2481\" data-end=\"2484\" \/>\n<h5 data-start=\"2486\" data-end=\"2508\"><strong data-start=\"2490\" data-end=\"2506\">Toiteandmed:<\/strong><\/h5>\n<p data-start=\"2509\" data-end=\"2724\"><strong data-start=\"2512\" data-end=\"2538\">Nominaalne toitepinge:<\/strong> 12 V \/ 24 V DC<br data-start=\"2553\" data-end=\"2556\" \/><strong data-start=\"2559\" data-end=\"2582\">T\u00f6\u00f6pingete vahemik:<\/strong> 10,8 V \u2013 32 V DC<br data-start=\"2599\" data-end=\"2602\" \/><strong data-start=\"2604\" data-end=\"2620\">Tarbiv vool:<\/strong> 0,84 A (12 V DC) \/ 0,43 A (24 V DC)<br data-start=\"2656\" data-end=\"2659\" \/><strong data-start=\"2661\" data-end=\"2688\">Maksimaalne voolutarve:<\/strong> 10 W<br data-start=\"2693\" data-end=\"2696\" \/><strong data-start=\"2699\" data-end=\"2718\">Kaitse reiting:<\/strong> 8 A<\/p>\n<hr data-start=\"2726\" data-end=\"2729\" \/>\n<h5 data-start=\"2731\" data-end=\"2759\"><strong data-start=\"2735\" data-end=\"2757\">V\u00f5rgustiku andmed:<\/strong><\/h5>\n<p data-start=\"2760\" data-end=\"2901\"><strong data-start=\"2763\" data-end=\"2780\">Axiom vajalik<\/strong>: t\u00f6\u00f6ks vajab <strong data-start=\"2794\" data-end=\"2819\">Axiom kaardiplotterit<\/strong><br data-start=\"2819\" data-end=\"2822\" \/><strong data-start=\"2825\" data-end=\"2839\">\u00dchendused:<\/strong> 1 x ahel\u00fchenduse port, 1 x <strong data-start=\"2867\" data-end=\"2899\">toite-\/RayNet Etherneti port<\/strong><\/p>\n<hr data-start=\"2903\" data-end=\"2906\" \/>\n<h5 data-start=\"2908\" data-end=\"2946\"><strong data-start=\"2912\" data-end=\"2944\">Keskkonnaspetsifikatsioonid:<\/strong><\/h5>\n<p data-start=\"2947\" data-end=\"3144\"><strong data-start=\"2950\" data-end=\"2969\">T\u00f6\u00f6temperatuur:<\/strong> -25\u00b0C kuni +55\u00b0C (-13\u00b0F kuni +131\u00b0F)<br data-start=\"3006\" data-end=\"3009\" \/><strong data-start=\"3012\" data-end=\"3038\">Hoiustamistemperatuur:<\/strong> -30\u00b0C kuni +70\u00b0C (-22\u00b0F kuni +158\u00b0F)<br data-start=\"3075\" data-end=\"3078\" \/><strong data-start=\"3081\" data-end=\"3100\">Niiskustaluvus:<\/strong> 93% max<br data-start=\"3108\" data-end=\"3111\" \/><strong data-start=\"3114\" data-end=\"3129\">Veekindlus:<\/strong> IPx6 ja IPx7<\/p>\n<hr data-start=\"3146\" data-end=\"3149\" \/>\n<h5 data-start=\"3151\" data-end=\"3188\"><strong data-start=\"3155\" data-end=\"3186\">Ekraani spetsifikatsioonid:<\/strong><\/h5>\n<p data-start=\"3189\" data-end=\"3490\"><strong data-start=\"3192\" data-end=\"3203\">Ekraan:<\/strong> 7&#8243; IPS TFT LCD<br data-start=\"3218\" data-end=\"3221\" \/><strong data-start=\"3223\" data-end=\"3235\">Heledus:<\/strong> 1500 nits \/ 1500 cd\/m\u00b2<br data-start=\"3258\" data-end=\"3261\" \/><strong data-start=\"3264\" data-end=\"3280\">Vaatenurgad:<\/strong><br data-start=\"3280\" data-end=\"3283\" \/><strong data-start=\"3286\" data-end=\"3298\">P\u00fcstine:<\/strong> 85\u00b0 \/ 85\u00b0<br data-start=\"3308\" data-end=\"3311\" \/><strong data-start=\"3314\" data-end=\"3324\">Laius:<\/strong> 85\u00b0 \/ 85\u00b0<br data-start=\"3334\" data-end=\"3337\" \/><strong data-start=\"3340\" data-end=\"3357\">Resolutsioon:<\/strong> 1024 (H) x 600 (V)<br data-start=\"3376\" data-end=\"3379\" \/><strong data-start=\"3382\" data-end=\"3400\">Pikslitihedus:<\/strong> 170 PPI<br data-start=\"3408\" data-end=\"3411\" \/><strong data-start=\"3414\" data-end=\"3425\">V\u00e4rvid:<\/strong> 24-bit (16,7 miljonit v\u00e4rvi)<br data-start=\"3454\" data-end=\"3457\" \/><strong data-start=\"3460\" data-end=\"3482\">V\u00e4rskendussagedus:<\/strong> 60 Hz<\/p>\n<hr data-start=\"3492\" data-end=\"3495\" \/>\n<h5 data-start=\"3497\" data-end=\"3533\"><strong data-start=\"3501\" data-end=\"3531\">Sertifikaadid ja vastavus:<\/strong><\/h5>\n<p data-start=\"3534\" data-end=\"3766\"><strong data-start=\"3536\" data-end=\"3574\">Euroopa, Austraalia &amp; Uus-Meremaa:<\/strong> EN 60945:2002<br data-start=\"3588\" data-end=\"3591\" \/><strong data-start=\"3593\" data-end=\"3604\">Kanada:<\/strong> ICES-003<br data-start=\"3613\" data-end=\"3616\" \/><strong data-start=\"3618\" data-end=\"3626\">USA:<\/strong> CFR47 osa 15<br data-start=\"3639\" data-end=\"3642\" \/><strong data-start=\"3644\" data-end=\"3663\">Jaapan \/ Hiina:<\/strong> IACS sektsioon E10<br data-start=\"3682\" data-end=\"3685\" \/><strong data-start=\"3687\" data-end=\"3705\">Tootem\u00e4rgised:<\/strong> UKCA, CE, Australian Tick, WEEE direktiiv, Industry Canada<\/p>\n<p>&nbsp;<\/p>\n<p><strong>Juhendid:<\/strong><\/p>\n<p>Lae alla Alpha performance Display <a href=\"https:\/\/raymarine.ee\/wp-content\/uploads\/2026\/04\/Alpha-Display-Installation-Instructions-87457-Rev-5-EN.pdf\" target=\"_blank\" rel=\"noopener\">paigaldusjuhend<\/a><\/p>\n<p>Lae alla Alpha Performance Display mastikinnituse <a href=\"https:\/\/raymarine.ee\/wp-content\/uploads\/2026\/04\/Alpha-Display-Mast-Bracket-Installation-instructions-88130-Rev-2-EN.pdf\" target=\"_blank\" rel=\"noopener\">paigaldusjuhend<\/a><\/p>","protected":false},"excerpt":{"rendered":"<p data-start=\"0\" data-end=\"58\"><strong data-start=\"0\" data-end=\"56\">Alpha 7 Performance Display \u2013 Selgus ja T\u00e4psus Merel<\/strong><\/p>\n<p data-start=\"60\" data-end=\"413\" data-is-last-node=\"\">K\u00f5rgn\u00e4htav <strong data-start=\"71\" data-end=\"100\">puuteekraaniga mereekraan<\/strong>, millel on laiad vaatenurgad ja <strong data-start=\"133\" data-end=\"156\">Axiom-integratsioon<\/strong> reaalajas purjetamise, navigatsiooni ja mootoriandmete jaoks. <strong data-start=\"219\" data-end=\"239\">HydroTough\u2122 kate<\/strong> tagab vastupidavuse, samas kui <strong data-start=\"271\" data-end=\"312\">SailPoint\u2122 ja d\u00fcnaamiline tuulen\u00e4idik<\/strong> parandavad taktikalist teadlikust. V\u00f5rk toetab kuni <strong data-start=\"380\" data-end=\"407\">nelja \u00fchendatud Alpha ekraani<\/strong>. Alpha Performance Display on kaugjuhitav Axiom seeria kaardiplotteritest. Tutvu kindlasti ka selle toote\u00a0<a href=\"https:\/\/raymarine.ee\/en\/product\/alpha-9-performance-display\/#juhendid\">juhenditega<\/a>\u00a0ja k\u00fcsimuste korral pea n\u00f5u meie spetsialistiga.<\/p>","protected":false},"featured_media":5248,"template":"","meta":{"_acf_changed":false},"product_brand":[134],"product_cat":[67,70,343],"product_tag":[],"class_list":{"0":"post-5307","1":"product","2":"type-product","3":"status-publish","4":"has-post-thumbnail","6":"product_brand-raymarine","7":"product_cat-kontrollerid","8":"product_cat-i70_alpha","9":"product_cat-kampaaniad","11":"first","12":"instock","13":"sale","14":"taxable","15":"shipping-taxable","16":"purchasable","17":"product-type-simple"},"acf":[],"yoast_head":"<!-- This site is optimized with the Yoast SEO Premium plugin v27.5 (Yoast SEO v27.5) - https:\/\/yoast.com\/product\/yoast-seo-premium-wordpress\/ -->\n<title>Alpha Display \u2013 T\u00e4iendav Instrument Axiom seeriale - NavSystems<\/title>\n<meta name=\"description\" content=\"Alpha Display pakub suurep\u00e4rast n\u00e4htavust iga nurga alt vaadates. Hankige see puuteekraaniga t\u00f6\u00f6riist, et nautida t\u00e4iustatud navigeerimist! \ud83c\udf0a\" \/>\n<meta name=\"robots\" content=\"index, follow, max-snippet:-1, max-image-preview:large, max-video-preview:-1\" \/>\n<link rel=\"canonical\" href=\"https:\/\/raymarine.ee\/en\/product\/alpha-7-performance-display\/\" \/>\n<meta property=\"og:locale\" content=\"en_GB\" \/>\n<meta property=\"og:type\" content=\"article\" \/>\n<meta property=\"og:title\" content=\"Alpha 7\u201d Performance Display\" \/>\n<meta property=\"og:description\" content=\"Alpha Display pakub suurep\u00e4rast n\u00e4htavust iga nurga alt vaadates. Hankige see puuteekraaniga t\u00f6\u00f6riist, et nautida t\u00e4iustatud navigeerimist! \ud83c\udf0a\" \/>\n<meta property=\"og:url\" content=\"https:\/\/raymarine.ee\/en\/product\/alpha-7-performance-display\/\" \/>\n<meta property=\"og:site_name\" content=\"NavSystems\" \/>\n<meta property=\"article:publisher\" content=\"https:\/\/www.facebook.com\/NavSystems\" \/>\n<meta property=\"article:modified_time\" content=\"2026-04-27T16:50:14+00:00\" \/>\n<meta property=\"og:image\" content=\"https:\/\/raymarine.ee\/wp-content\/uploads\/2024\/10\/Alpha_disp_ray.webp\" \/>\n\t<meta property=\"og:image:width\" content=\"986\" \/>\n\t<meta property=\"og:image:height\" content=\"526\" \/>\n\t<meta property=\"og:image:type\" content=\"image\/webp\" \/>\n<meta name=\"twitter:card\" content=\"summary_large_image\" \/>\n<meta name=\"twitter:label1\" content=\"Price\" \/>\n\t<meta name=\"twitter:data1\" content=\"1 259,00&nbsp;&euro;\" \/>\n\t<meta name=\"twitter:label2\" content=\"Availability\" \/>\n\t<meta name=\"twitter:data2\" content=\"In stock\" \/>\n<script type=\"application\/ld+json\" class=\"yoast-schema-graph\">{\"@context\":\"https:\\\/\\\/schema.org\",\"@graph\":[{\"@type\":\"WebPage\",\"@id\":\"https:\\\/\\\/raymarine.ee\\\/product\\\/alpha-7-performance-display\\\/\",\"url\":\"https:\\\/\\\/raymarine.ee\\\/product\\\/alpha-7-performance-display\\\/\",\"name\":\"Alpha Display \u2013 T\u00e4iendav Instrument Axiom seeriale - NavSystems\",\"isPartOf\":{\"@id\":\"https:\\\/\\\/raymarine.ee\\\/#website\"},\"primaryImageOfPage\":{\"@id\":\"https:\\\/\\\/raymarine.ee\\\/product\\\/alpha-7-performance-display\\\/#primaryimage\"},\"image\":{\"@id\":\"https:\\\/\\\/raymarine.ee\\\/product\\\/alpha-7-performance-display\\\/#primaryimage\"},\"thumbnailUrl\":\"https:\\\/\\\/raymarine.ee\\\/wp-content\\\/uploads\\\/2024\\\/10\\\/Alpha_disp_ray.webp\",\"datePublished\":\"2024-10-16T07:33:47+00:00\",\"dateModified\":\"2026-04-27T16:50:14+00:00\",\"description\":\"Alpha Display pakub suurep\u00e4rast n\u00e4htavust iga nurga alt vaadates. Hankige see puuteekraaniga t\u00f6\u00f6riist, et nautida t\u00e4iustatud navigeerimist! \ud83c\udf0a\",\"breadcrumb\":{\"@id\":\"https:\\\/\\\/raymarine.ee\\\/product\\\/alpha-7-performance-display\\\/#breadcrumb\"},\"inLanguage\":\"en-GB\",\"potentialAction\":[{\"@type\":\"ReadAction\",\"target\":[\"https:\\\/\\\/raymarine.ee\\\/product\\\/alpha-7-performance-display\\\/\"]}]},{\"@type\":\"ImageObject\",\"inLanguage\":\"en-GB\",\"@id\":\"https:\\\/\\\/raymarine.ee\\\/product\\\/alpha-7-performance-display\\\/#primaryimage\",\"url\":\"https:\\\/\\\/raymarine.ee\\\/wp-content\\\/uploads\\\/2024\\\/10\\\/Alpha_disp_ray.webp\",\"contentUrl\":\"https:\\\/\\\/raymarine.ee\\\/wp-content\\\/uploads\\\/2024\\\/10\\\/Alpha_disp_ray.webp\",\"width\":986,\"height\":526,\"caption\":\"Alpha_disp_ray\"},{\"@type\":\"BreadcrumbList\",\"@id\":\"https:\\\/\\\/raymarine.ee\\\/product\\\/alpha-7-performance-display\\\/#breadcrumb\",\"itemListElement\":[{\"@type\":\"ListItem\",\"position\":1,\"name\":\"Home\",\"item\":\"https:\\\/\\\/raymarine.ee\\\/\"},{\"@type\":\"ListItem\",\"position\":2,\"name\":\"Tooted\",\"item\":\"https:\\\/\\\/raymarine.ee\\\/shop\\\/\"},{\"@type\":\"ListItem\",\"position\":3,\"name\":\"Alpha 7\u201d Performance Display\"}]},{\"@type\":\"WebSite\",\"@id\":\"https:\\\/\\\/raymarine.ee\\\/#website\",\"url\":\"https:\\\/\\\/raymarine.ee\\\/\",\"name\":\"www.raymarine.ee\",\"description\":\"Mereelektroonika, kaardiplotter, autopiloot, pinnipiloot, roolipiloot, radar, AIS, VHF, Smart Wind\",\"publisher\":{\"@id\":\"https:\\\/\\\/raymarine.ee\\\/#organization\"},\"alternateName\":\"Raymarine\",\"potentialAction\":[{\"@type\":\"SearchAction\",\"target\":{\"@type\":\"EntryPoint\",\"urlTemplate\":\"https:\\\/\\\/raymarine.ee\\\/?s={search_term_string}\"},\"query-input\":{\"@type\":\"PropertyValueSpecification\",\"valueRequired\":true,\"valueName\":\"search_term_string\"}}],\"inLanguage\":\"en-GB\"},{\"@type\":\"Organization\",\"@id\":\"https:\\\/\\\/raymarine.ee\\\/#organization\",\"name\":\"NavSystems O\u00dc\",\"url\":\"https:\\\/\\\/raymarine.ee\\\/\",\"logo\":{\"@type\":\"ImageObject\",\"inLanguage\":\"en-GB\",\"@id\":\"https:\\\/\\\/raymarine.ee\\\/#\\\/schema\\\/logo\\\/image\\\/\",\"url\":\"https:\\\/\\\/raymarine.ee\\\/wp-content\\\/uploads\\\/2024\\\/10\\\/Screenshot-2024-10-15-151324_bg_removed.webp\",\"contentUrl\":\"https:\\\/\\\/raymarine.ee\\\/wp-content\\\/uploads\\\/2024\\\/10\\\/Screenshot-2024-10-15-151324_bg_removed.webp\",\"width\":420,\"height\":276,\"caption\":\"NavSystems O\u00dc\"},\"image\":{\"@id\":\"https:\\\/\\\/raymarine.ee\\\/#\\\/schema\\\/logo\\\/image\\\/\"},\"sameAs\":[\"https:\\\/\\\/www.facebook.com\\\/NavSystems\"],\"legalName\":\"NavSystems O\u00dc\",\"foundingDate\":\"2011-05-03\",\"numberOfEmployees\":{\"@type\":\"QuantitativeValue\",\"minValue\":\"1\",\"maxValue\":\"10\"}}]}<\/script>\n<meta property=\"product:price:amount\" content=\"1259.00\" \/>\n<meta property=\"product:price:currency\" content=\"EUR\" \/>\n<meta property=\"og:availability\" content=\"instock\" \/>\n<meta property=\"product:availability\" content=\"instock\" \/>\n<meta property=\"product:retailer_item_id\" content=\"E70649\" \/>\n<meta property=\"product:condition\" content=\"new\" \/>\n<!-- \/ Yoast SEO Premium plugin. -->","yoast_head_json":{"title":"Alpha Display \u2013 T\u00e4iendav Instrument Axiom seeriale - NavSystems","description":"Alpha Display pakub suurep\u00e4rast n\u00e4htavust iga nurga alt vaadates. Hankige see puuteekraaniga t\u00f6\u00f6riist, et nautida t\u00e4iustatud navigeerimist! \ud83c\udf0a","robots":{"index":"index","follow":"follow","max-snippet":"max-snippet:-1","max-image-preview":"max-image-preview:large","max-video-preview":"max-video-preview:-1"},"canonical":"https:\/\/raymarine.ee\/en\/product\/alpha-7-performance-display\/","og_locale":"en_GB","og_type":"article","og_title":"Alpha 7\u201d Performance Display","og_description":"Alpha Display pakub suurep\u00e4rast n\u00e4htavust iga nurga alt vaadates. Hankige see puuteekraaniga t\u00f6\u00f6riist, et nautida t\u00e4iustatud navigeerimist! \ud83c\udf0a","og_url":"https:\/\/raymarine.ee\/en\/product\/alpha-7-performance-display\/","og_site_name":"NavSystems","article_publisher":"https:\/\/www.facebook.com\/NavSystems","article_modified_time":"2026-04-27T16:50:14+00:00","og_image":[{"width":986,"height":526,"url":"https:\/\/raymarine.ee\/wp-content\/uploads\/2024\/10\/Alpha_disp_ray.webp","type":"image\/webp"}],"twitter_card":"summary_large_image","twitter_misc":{"Price":"1 259,00&nbsp;&euro;","Availability":"In stock"},"schema":{"@context":"https:\/\/schema.org","@graph":[{"@type":"WebPage","@id":"https:\/\/raymarine.ee\/product\/alpha-7-performance-display\/","url":"https:\/\/raymarine.ee\/product\/alpha-7-performance-display\/","name":"Alpha Display \u2013 T\u00e4iendav Instrument Axiom seeriale - NavSystems","isPartOf":{"@id":"https:\/\/raymarine.ee\/#website"},"primaryImageOfPage":{"@id":"https:\/\/raymarine.ee\/product\/alpha-7-performance-display\/#primaryimage"},"image":{"@id":"https:\/\/raymarine.ee\/product\/alpha-7-performance-display\/#primaryimage"},"thumbnailUrl":"https:\/\/raymarine.ee\/wp-content\/uploads\/2024\/10\/Alpha_disp_ray.webp","datePublished":"2024-10-16T07:33:47+00:00","dateModified":"2026-04-27T16:50:14+00:00","description":"Alpha Display pakub suurep\u00e4rast n\u00e4htavust iga nurga alt vaadates. Hankige see puuteekraaniga t\u00f6\u00f6riist, et nautida t\u00e4iustatud navigeerimist! \ud83c\udf0a","breadcrumb":{"@id":"https:\/\/raymarine.ee\/product\/alpha-7-performance-display\/#breadcrumb"},"inLanguage":"en-GB","potentialAction":[{"@type":"ReadAction","target":["https:\/\/raymarine.ee\/product\/alpha-7-performance-display\/"]}]},{"@type":"ImageObject","inLanguage":"en-GB","@id":"https:\/\/raymarine.ee\/product\/alpha-7-performance-display\/#primaryimage","url":"https:\/\/raymarine.ee\/wp-content\/uploads\/2024\/10\/Alpha_disp_ray.webp","contentUrl":"https:\/\/raymarine.ee\/wp-content\/uploads\/2024\/10\/Alpha_disp_ray.webp","width":986,"height":526,"caption":"Alpha_disp_ray"},{"@type":"BreadcrumbList","@id":"https:\/\/raymarine.ee\/product\/alpha-7-performance-display\/#breadcrumb","itemListElement":[{"@type":"ListItem","position":1,"name":"Home","item":"https:\/\/raymarine.ee\/"},{"@type":"ListItem","position":2,"name":"Tooted","item":"https:\/\/raymarine.ee\/shop\/"},{"@type":"ListItem","position":3,"name":"Alpha 7\u201d Performance Display"}]},{"@type":"WebSite","@id":"https:\/\/raymarine.ee\/#website","url":"https:\/\/raymarine.ee\/","name":"www.raymarine.ee","description":"Mereelektroonika, kaardiplotter, autopiloot, pinnipiloot, roolipiloot, radar, AIS, VHF, Smart Wind","publisher":{"@id":"https:\/\/raymarine.ee\/#organization"},"alternateName":"Raymarine","potentialAction":[{"@type":"SearchAction","target":{"@type":"EntryPoint","urlTemplate":"https:\/\/raymarine.ee\/?s={search_term_string}"},"query-input":{"@type":"PropertyValueSpecification","valueRequired":true,"valueName":"search_term_string"}}],"inLanguage":"en-GB"},{"@type":"Organization","@id":"https:\/\/raymarine.ee\/#organization","name":"NavSystems O\u00dc","url":"https:\/\/raymarine.ee\/","logo":{"@type":"ImageObject","inLanguage":"en-GB","@id":"https:\/\/raymarine.ee\/#\/schema\/logo\/image\/","url":"https:\/\/raymarine.ee\/wp-content\/uploads\/2024\/10\/Screenshot-2024-10-15-151324_bg_removed.webp","contentUrl":"https:\/\/raymarine.ee\/wp-content\/uploads\/2024\/10\/Screenshot-2024-10-15-151324_bg_removed.webp","width":420,"height":276,"caption":"NavSystems O\u00dc"},"image":{"@id":"https:\/\/raymarine.ee\/#\/schema\/logo\/image\/"},"sameAs":["https:\/\/www.facebook.com\/NavSystems"],"legalName":"NavSystems O\u00dc","foundingDate":"2011-05-03","numberOfEmployees":{"@type":"QuantitativeValue","minValue":"1","maxValue":"10"}}]},"product_price_amount":"1259.00","product_price_currency":"EUR","og_availability":"instock","product_availability":"instock","product_retailer_item_id":"E70649","product_condition":"new"},"jetpack_sharing_enabled":true,"_links":{"self":[{"href":"https:\/\/raymarine.ee\/en\/wp-json\/wp\/v2\/product\/5307","targetHints":{"allow":["GET"]}}],"collection":[{"href":"https:\/\/raymarine.ee\/en\/wp-json\/wp\/v2\/product"}],"about":[{"href":"https:\/\/raymarine.ee\/en\/wp-json\/wp\/v2\/types\/product"}],"wp:featuredmedia":[{"embeddable":true,"href":"https:\/\/raymarine.ee\/en\/wp-json\/wp\/v2\/media\/5248"}],"wp:attachment":[{"href":"https:\/\/raymarine.ee\/en\/wp-json\/wp\/v2\/media?parent=5307"}],"wp:term":[{"taxonomy":"product_brand","embeddable":true,"href":"https:\/\/raymarine.ee\/en\/wp-json\/wp\/v2\/product_brand?post=5307"},{"taxonomy":"product_cat","embeddable":true,"href":"https:\/\/raymarine.ee\/en\/wp-json\/wp\/v2\/product_cat?post=5307"},{"taxonomy":"product_tag","embeddable":true,"href":"https:\/\/raymarine.ee\/en\/wp-json\/wp\/v2\/product_tag?post=5307"}],"curies":[{"name":"wp","href":"https:\/\/api.w.org\/{rel}","templated":true}]}}