{"id":5312,"date":"2024-10-16T07:35:19","date_gmt":"2024-10-16T07:35:19","guid":{"rendered":"https:\/\/raymarine.ee\/?post_type=product&#038;p=5312"},"modified":"2026-04-27T19:47:42","modified_gmt":"2026-04-27T16:47:42","slug":"alpha-9-performance-display","status":"publish","type":"product","link":"https:\/\/raymarine.ee\/en\/product\/alpha-9-performance-display\/","title":{"rendered":"Alpha 9\u201d Performance Display"},"content":{"rendered":"<h5><strong>Raymarine Alpha 9 Performance Display<\/strong><\/h5>\n<h5><strong>Alpha 9 Performance Display<\/strong><\/h5>\n<p><strong data-start=\"143\" data-end=\"173\">Alpha Performance Display-d<\/strong>\u00a0on k\u00f5ige mitmek\u00fclgsemad navigatsiooniandmete ekraanid. K\u00f5rgn\u00e4htavad puuteekraaniga instrumendid laiade vaatenurkadega tagavad suurep\u00e4rase n\u00e4htavuse igast paigast pardal.\u00a0<strong data-start=\"343\" data-end=\"396\">Alpha ulatuslikud andmepaneeli valikud ja vidinad<\/strong>\u00a0tagavad purjetamise, navigatsiooni ja mootori andmete kiire ja lihtsa kuvamise. Alpha Performance Display on kaugjuhitav Axiom seeria kaardiplotteritest.<\/p>\n<hr \/>\n<h5><strong>Alpha &amp; Axiom s\u00fcsteemid<\/strong><\/h5>\n<p><strong>Alpha Performance Displays<\/strong> on <strong>Raymarine Axiom<\/strong> kaardiplotterite t\u00e4iendavad instrumendid. <strong>RayNet <\/strong>(Etherneti kaabel) Axiomi ja Alpha ekraani vahel annab Alphale ligip\u00e4\u00e4su Axiomi \u00fchendatud <strong>anduritele ja NMEA2000\/SeaTalk NG seadmetele<\/strong>.<\/p>\n<p>Kui Alpha on <strong>Axiom-v\u00f5rguga \u00fchendatud<\/strong>, saavad kasutajad seda kohandada ja seadistada <strong>suure j\u00f5udlusega purjetamise, navigatsiooni ja mootoriandmete instrumendiks<\/strong>.<\/p>\n<hr \/>\n<h5><strong>Suurep\u00e4rane n\u00e4htavus<\/strong><\/h5>\n<ul>\n<li>Polariseeritud p\u00e4ikeseprillidega s\u00f5bralik ekraan<\/li>\n<li>Eriti laiad vaatenurgad<\/li>\n<li>Selgelt loetav <strong>masti pealt v\u00f5i kaugemalt asuvates kohtades<\/strong><\/li>\n<\/ul>\n<hr \/>\n<h5><strong>Tugev ja vastupidav disain<\/strong><\/h5>\n<ul>\n<li><strong>Ekstreemsetes tingimustes testitud<\/strong><\/li>\n<li><strong>HydroTough\u2122 nano-kate<\/strong> t\u00f5rjub vett ja \u00f5lisid, tagades usaldusv\u00e4\u00e4rse puuteekraani kasutamise<\/li>\n<\/ul>\n<hr \/>\n<h5><strong>T\u00e4ielikult skaleeritav<\/strong><\/h5>\n<ul>\n<li>Ainult <strong>\u00fcks toite- ja andmekaabel<\/strong>, mis v\u00e4hendab juhtmete hulka tekil ja mastis<\/li>\n<li>Toetab <strong>kuni 4 Alpha ekraani ahel\u00fchendust<\/strong><\/li>\n<\/ul>\n<hr \/>\n<h5><strong>Taktikaline teadlikkus<\/strong><\/h5>\n<ul>\n<li><strong>Intuitiivne graafiline ekraan<\/strong><\/li>\n<li>Parandab <strong>otsuste tegemist<\/strong> ja <strong>purjetamise taktikat<\/strong><\/li>\n<\/ul>\n<hr \/>\n<h5><strong>SailPoint\u2122 sihtm\u00e4rk<\/strong><\/h5>\n<ul>\n<li>Kuvab <strong>sihtm\u00e4rgi tuulenurga<\/strong>, et saavutada maksimaalne <strong>VMG vastutuules v\u00f5i allatuules<\/strong><\/li>\n<\/ul>\n<hr \/>\n<h5><strong>D\u00fcnaamiline tuul<\/strong><\/h5>\n<ul>\n<li><strong>Automaatne suum<\/strong> ekraani kriitilisele alale vastavalt tuulesuunale<\/li>\n<\/ul>\n<hr \/>\n<h5><strong>Muud omadused:<\/strong><\/h5>\n<ul>\n<li><strong>9-tolline<\/strong> k\u00f5rge kontrastsusega <strong>purjetamisekraan<\/strong><\/li>\n<li><strong>Toitekaablid m\u00fc\u00fcakse eraldi<\/strong><\/li>\n<\/ul>\n<hr \/>\n<h5><strong>Komplekti kuulub:<\/strong><\/h5>\n<ul>\n<li><strong>Alpha 9 Performance Display<\/strong><\/li>\n<li><strong>2 x kinnituskronsteinid<\/strong><\/li>\n<li><strong>P\u00e4ikesevarjestus<\/strong><\/li>\n<li><strong>Veekindel tihend<\/strong><\/li>\n<li><strong>Dokumentatsioon<\/strong><\/li>\n<li><strong>4 x keermestatud polti (M4 x 40 mm)<\/strong><\/li>\n<li><strong>4 x tiibmutrit<\/strong><\/li>\n<\/ul>\n<hr \/>\n<h5><strong>F\u00fc\u00fcsilised m\u00f5\u00f5tmed:<\/strong><\/h5>\n<ul>\n<li><strong>Laius:<\/strong> 148,9 mm (5,86 tolli)<\/li>\n<li><strong>K\u00f5rgus:<\/strong> 235,9 mm (9,29 tolli)<\/li>\n<li><strong>S\u00fcgavus:<\/strong> 34 mm (1,34 tolli)<\/li>\n<li><strong>Postide vahekaugus:<\/strong> 5,71 mm (0,22 tolli)<\/li>\n<li><strong>Kaal:<\/strong> 1,18 kg (2,60 lbs)<\/li>\n<\/ul>\n<hr \/>\n<h5><strong>Toiteandmed:<\/strong><\/h5>\n<ul>\n<li><strong>Nominaalne toitepinge:<\/strong> 12 V \/ 24 V DC<\/li>\n<li><strong>T\u00f6\u00f6pingete vahemik:<\/strong> 10,8 V \u2013 32 V DC<\/li>\n<li><strong>Tarbiv vool:<\/strong> 1,02 A (12 V DC) \/ 0,52 A (24 V DC)<\/li>\n<li><strong>Maksimaalne voolutarve:<\/strong> 12 W<\/li>\n<li><strong>Kaitse reiting:<\/strong> 8 A<\/li>\n<\/ul>\n<hr \/>\n<h5><strong>V\u00f5rgustiku andmed:<\/strong><\/h5>\n<ul>\n<li><strong>Axiom vajalik<\/strong>: t\u00f6\u00f6ks vajab <strong>Axiom kaardiplotterit<\/strong><\/li>\n<li><strong>\u00dchendused:<\/strong> 1 x ahel\u00fchenduse port, 1 x <strong>toite-\/RayNet Etherneti port<\/strong><\/li>\n<\/ul>\n<hr \/>\n<h5><strong>Keskkonnaspetsifikatsioonid:<\/strong><\/h5>\n<ul>\n<li><strong>T\u00f6\u00f6temperatuur:<\/strong> -25\u00b0C kuni +55\u00b0C (-13\u00b0F kuni +131\u00b0F)<\/li>\n<li><strong>Hoiustamistemperatuur:<\/strong> -30\u00b0C kuni +70\u00b0C (-22\u00b0F kuni +158\u00b0F)<\/li>\n<li><strong>Niiskustaluvus:<\/strong> 93% max<\/li>\n<li><strong>Veekindlus:<\/strong> IPx6 ja IPx7<\/li>\n<\/ul>\n<hr \/>\n<h5><strong>Ekraani spetsifikatsioonid:<\/strong><\/h5>\n<ul>\n<li><strong>Ekraan:<\/strong> 9&#8243; IPS TFT LCD<\/li>\n<li><strong>Heledus:<\/strong> 1500 nits \/ 1500 cd\/m\u00b2<\/li>\n<li><strong>Vaatenurgad:<\/strong>\n<ul>\n<li><strong>P\u00fcstine:<\/strong> 85\u00b0 \/ 85\u00b0<\/li>\n<li><strong>Laius:<\/strong> 85\u00b0 \/ 85\u00b0<\/li>\n<\/ul>\n<\/li>\n<li><strong>Resolutsioon:<\/strong> 1280 (H) x 720 (V)<\/li>\n<li><strong>Pikslitihedus:<\/strong> 163 PPI<\/li>\n<li><strong>V\u00e4rvid:<\/strong> 24-bit (16,7 miljonit v\u00e4rvi)<\/li>\n<li><strong>V\u00e4rskendussagedus:<\/strong> 60 Hz<\/li>\n<\/ul>\n<hr \/>\n<h5><strong>Sertifikaadid ja vastavus:<\/strong><\/h5>\n<ul>\n<li><strong>Euroopa, Austraalia &amp; Uus-Meremaa:<\/strong> EN 60945:2002<\/li>\n<li><strong>Kanada:<\/strong> ICES-003<\/li>\n<li><strong>USA:<\/strong> CFR47 osa 15<\/li>\n<li><strong>Jaapan \/ Hiina:<\/strong> IACS sektsioon E10<\/li>\n<li><strong>Tootem\u00e4rgised:<\/strong> UKCA, CE, Australian Tick, WEEE direktiiv, Industry Canada<\/li>\n<\/ul>\n<p>&nbsp;<\/p>\n<p><strong>Juhendid:<\/strong><\/p>\n<p>Lae alla Alpha performance Display <a href=\"https:\/\/raymarine.ee\/wp-content\/uploads\/2026\/04\/Alpha-Display-Installation-Instructions-87457-Rev-5-EN.pdf\" target=\"_blank\" rel=\"noopener\">paigaldusjuhend<\/a><\/p>\n<p>Lae alla Alpha Performance Display mastikinnituse <a href=\"https:\/\/raymarine.ee\/wp-content\/uploads\/2026\/04\/Alpha-Display-Mast-Bracket-Installation-instructions-88130-Rev-2-EN.pdf\" target=\"_blank\" rel=\"noopener\">paigaldusjuhend<\/a><\/p>","protected":false},"excerpt":{"rendered":"<p data-start=\"0\" data-end=\"58\"><strong data-start=\"0\" data-end=\"56\">Alpha 9 Performance Display \u2013 Selgus ja T\u00e4psus Merel<\/strong><\/p>\n<p data-start=\"60\" data-end=\"413\" data-is-last-node=\"\">K\u00f5rgn\u00e4htav <strong data-start=\"71\" data-end=\"100\">puuteekraaniga mereekraan<\/strong>, millel on laiad vaatenurgad ja <strong data-start=\"133\" data-end=\"156\">Axiom-integratsioon<\/strong> reaalajas purjetamise, navigatsiooni ja mootoriandmete jaoks. <strong data-start=\"219\" data-end=\"239\">HydroTough\u2122 kate<\/strong> tagab vastupidavuse, samas kui <strong data-start=\"271\" data-end=\"312\">SailPoint\u2122 ja d\u00fcnaamiline tuulen\u00e4idik<\/strong> parandavad taktikalist teadlikust. V\u00f5rk toetab kuni <strong data-start=\"380\" data-end=\"407\">nelja \u00fchendatud Alpha ekraani<\/strong>. Alpha Performance Display on kaugjuhitav Axiom seeria kaardiplotteritest. Tutvu kindlasti ka selle toote\u00a0juhenditega\u00a0ja k\u00fcsimuste korral pea n\u00f5u meie spetsialistiga.<\/p>","protected":false},"featured_media":7768,"template":"","meta":{"_acf_changed":false},"product_brand":[134],"product_cat":[67,70,343],"product_tag":[],"class_list":{"0":"post-5312","1":"product","2":"type-product","3":"status-publish","4":"has-post-thumbnail","6":"product_brand-raymarine","7":"product_cat-kontrollerid","8":"product_cat-i70_alpha","9":"product_cat-kampaaniad","11":"first","12":"instock","13":"sale","14":"featured","15":"taxable","16":"shipping-taxable","17":"purchasable","18":"product-type-simple"},"acf":[],"yoast_head":"<!-- This site is optimized with the Yoast SEO Premium plugin v27.5 (Yoast SEO v27.5) - https:\/\/yoast.com\/product\/yoast-seo-premium-wordpress\/ -->\n<title>Alpha Performance Display Axiom Seeria kaardiplotterile - NavSystems<\/title>\n<meta name=\"description\" content=\"Avasta Raymarine Alpha Performance Display, mis pakub suurep\u00e4rast n\u00e4htavust ja navigatsiooniandmete lihtsat kuvamist. Uuri rohkem ja k\u00fcsi lisa! \ud83c\udf0a\" \/>\n<meta name=\"robots\" content=\"index, follow, max-snippet:-1, max-image-preview:large, max-video-preview:-1\" \/>\n<link rel=\"canonical\" href=\"https:\/\/raymarine.ee\/en\/product\/alpha-9-performance-display\/\" \/>\n<meta property=\"og:locale\" content=\"en_GB\" \/>\n<meta property=\"og:type\" content=\"article\" \/>\n<meta property=\"og:title\" content=\"Alpha 9\u201d Performance Display\" \/>\n<meta property=\"og:description\" content=\"Avasta Raymarine Alpha Performance Display, mis pakub suurep\u00e4rast n\u00e4htavust ja navigatsiooniandmete lihtsat kuvamist. Uuri rohkem ja k\u00fcsi lisa! \ud83c\udf0a\" \/>\n<meta property=\"og:url\" content=\"https:\/\/raymarine.ee\/en\/product\/alpha-9-performance-display\/\" \/>\n<meta property=\"og:site_name\" content=\"NavSystems\" \/>\n<meta property=\"article:publisher\" content=\"https:\/\/www.facebook.com\/NavSystems\" \/>\n<meta property=\"article:modified_time\" content=\"2026-04-27T16:47:42+00:00\" \/>\n<meta property=\"og:image\" content=\"https:\/\/raymarine.ee\/wp-content\/uploads\/2024\/10\/alpha7.webp\" \/>\n\t<meta property=\"og:image:width\" content=\"542\" \/>\n\t<meta property=\"og:image:height\" content=\"454\" \/>\n\t<meta property=\"og:image:type\" content=\"image\/webp\" \/>\n<meta name=\"twitter:card\" content=\"summary_large_image\" \/>\n<meta name=\"twitter:label1\" content=\"Price\" \/>\n\t<meta name=\"twitter:data1\" content=\"1 825,00&nbsp;&euro;\" \/>\n\t<meta name=\"twitter:label2\" content=\"Availability\" \/>\n\t<meta name=\"twitter:data2\" content=\"In stock\" \/>\n<script type=\"application\/ld+json\" class=\"yoast-schema-graph\">{\"@context\":\"https:\\\/\\\/schema.org\",\"@graph\":[{\"@type\":\"WebPage\",\"@id\":\"https:\\\/\\\/raymarine.ee\\\/product\\\/alpha-9-performance-display\\\/\",\"url\":\"https:\\\/\\\/raymarine.ee\\\/product\\\/alpha-9-performance-display\\\/\",\"name\":\"Alpha Performance Display Axiom Seeria kaardiplotterile - NavSystems\",\"isPartOf\":{\"@id\":\"https:\\\/\\\/raymarine.ee\\\/#website\"},\"primaryImageOfPage\":{\"@id\":\"https:\\\/\\\/raymarine.ee\\\/product\\\/alpha-9-performance-display\\\/#primaryimage\"},\"image\":{\"@id\":\"https:\\\/\\\/raymarine.ee\\\/product\\\/alpha-9-performance-display\\\/#primaryimage\"},\"thumbnailUrl\":\"https:\\\/\\\/raymarine.ee\\\/wp-content\\\/uploads\\\/2024\\\/10\\\/alpha7.webp\",\"datePublished\":\"2024-10-16T07:35:19+00:00\",\"dateModified\":\"2026-04-27T16:47:42+00:00\",\"description\":\"Avasta Raymarine Alpha Performance Display, mis pakub suurep\u00e4rast n\u00e4htavust ja navigatsiooniandmete lihtsat kuvamist. Uuri rohkem ja k\u00fcsi lisa! \ud83c\udf0a\",\"breadcrumb\":{\"@id\":\"https:\\\/\\\/raymarine.ee\\\/product\\\/alpha-9-performance-display\\\/#breadcrumb\"},\"inLanguage\":\"en-GB\",\"potentialAction\":[{\"@type\":\"ReadAction\",\"target\":[\"https:\\\/\\\/raymarine.ee\\\/product\\\/alpha-9-performance-display\\\/\"]}]},{\"@type\":\"ImageObject\",\"inLanguage\":\"en-GB\",\"@id\":\"https:\\\/\\\/raymarine.ee\\\/product\\\/alpha-9-performance-display\\\/#primaryimage\",\"url\":\"https:\\\/\\\/raymarine.ee\\\/wp-content\\\/uploads\\\/2024\\\/10\\\/alpha7.webp\",\"contentUrl\":\"https:\\\/\\\/raymarine.ee\\\/wp-content\\\/uploads\\\/2024\\\/10\\\/alpha7.webp\",\"width\":542,\"height\":454},{\"@type\":\"BreadcrumbList\",\"@id\":\"https:\\\/\\\/raymarine.ee\\\/product\\\/alpha-9-performance-display\\\/#breadcrumb\",\"itemListElement\":[{\"@type\":\"ListItem\",\"position\":1,\"name\":\"Home\",\"item\":\"https:\\\/\\\/raymarine.ee\\\/\"},{\"@type\":\"ListItem\",\"position\":2,\"name\":\"Tooted\",\"item\":\"https:\\\/\\\/raymarine.ee\\\/shop\\\/\"},{\"@type\":\"ListItem\",\"position\":3,\"name\":\"Alpha 9\u201d Performance Display\"}]},{\"@type\":\"WebSite\",\"@id\":\"https:\\\/\\\/raymarine.ee\\\/#website\",\"url\":\"https:\\\/\\\/raymarine.ee\\\/\",\"name\":\"www.raymarine.ee\",\"description\":\"Mereelektroonika, kaardiplotter, autopiloot, pinnipiloot, roolipiloot, radar, AIS, VHF, Smart Wind\",\"publisher\":{\"@id\":\"https:\\\/\\\/raymarine.ee\\\/#organization\"},\"alternateName\":\"Raymarine\",\"potentialAction\":[{\"@type\":\"SearchAction\",\"target\":{\"@type\":\"EntryPoint\",\"urlTemplate\":\"https:\\\/\\\/raymarine.ee\\\/?s={search_term_string}\"},\"query-input\":{\"@type\":\"PropertyValueSpecification\",\"valueRequired\":true,\"valueName\":\"search_term_string\"}}],\"inLanguage\":\"en-GB\"},{\"@type\":\"Organization\",\"@id\":\"https:\\\/\\\/raymarine.ee\\\/#organization\",\"name\":\"NavSystems O\u00dc\",\"url\":\"https:\\\/\\\/raymarine.ee\\\/\",\"logo\":{\"@type\":\"ImageObject\",\"inLanguage\":\"en-GB\",\"@id\":\"https:\\\/\\\/raymarine.ee\\\/#\\\/schema\\\/logo\\\/image\\\/\",\"url\":\"https:\\\/\\\/raymarine.ee\\\/wp-content\\\/uploads\\\/2024\\\/10\\\/Screenshot-2024-10-15-151324_bg_removed.webp\",\"contentUrl\":\"https:\\\/\\\/raymarine.ee\\\/wp-content\\\/uploads\\\/2024\\\/10\\\/Screenshot-2024-10-15-151324_bg_removed.webp\",\"width\":420,\"height\":276,\"caption\":\"NavSystems O\u00dc\"},\"image\":{\"@id\":\"https:\\\/\\\/raymarine.ee\\\/#\\\/schema\\\/logo\\\/image\\\/\"},\"sameAs\":[\"https:\\\/\\\/www.facebook.com\\\/NavSystems\"],\"legalName\":\"NavSystems O\u00dc\",\"foundingDate\":\"2011-05-03\",\"numberOfEmployees\":{\"@type\":\"QuantitativeValue\",\"minValue\":\"1\",\"maxValue\":\"10\"}}]}<\/script>\n<meta property=\"product:price:amount\" content=\"1825.00\" \/>\n<meta property=\"product:price:currency\" content=\"EUR\" \/>\n<meta property=\"og:availability\" content=\"instock\" \/>\n<meta property=\"product:availability\" content=\"instock\" \/>\n<meta property=\"product:retailer_item_id\" content=\"E70650\" \/>\n<meta property=\"product:condition\" content=\"new\" \/>\n<!-- \/ Yoast SEO Premium plugin. -->","yoast_head_json":{"title":"Alpha Performance Display Axiom Seeria kaardiplotterile - NavSystems","description":"Avasta Raymarine Alpha Performance Display, mis pakub suurep\u00e4rast n\u00e4htavust ja navigatsiooniandmete lihtsat kuvamist. Uuri rohkem ja k\u00fcsi lisa! \ud83c\udf0a","robots":{"index":"index","follow":"follow","max-snippet":"max-snippet:-1","max-image-preview":"max-image-preview:large","max-video-preview":"max-video-preview:-1"},"canonical":"https:\/\/raymarine.ee\/en\/product\/alpha-9-performance-display\/","og_locale":"en_GB","og_type":"article","og_title":"Alpha 9\u201d Performance Display","og_description":"Avasta Raymarine Alpha Performance Display, mis pakub suurep\u00e4rast n\u00e4htavust ja navigatsiooniandmete lihtsat kuvamist. Uuri rohkem ja k\u00fcsi lisa! \ud83c\udf0a","og_url":"https:\/\/raymarine.ee\/en\/product\/alpha-9-performance-display\/","og_site_name":"NavSystems","article_publisher":"https:\/\/www.facebook.com\/NavSystems","article_modified_time":"2026-04-27T16:47:42+00:00","og_image":[{"width":542,"height":454,"url":"https:\/\/raymarine.ee\/wp-content\/uploads\/2024\/10\/alpha7.webp","type":"image\/webp"}],"twitter_card":"summary_large_image","twitter_misc":{"Price":"1 825,00&nbsp;&euro;","Availability":"In stock"},"schema":{"@context":"https:\/\/schema.org","@graph":[{"@type":"WebPage","@id":"https:\/\/raymarine.ee\/product\/alpha-9-performance-display\/","url":"https:\/\/raymarine.ee\/product\/alpha-9-performance-display\/","name":"Alpha Performance Display Axiom Seeria kaardiplotterile - NavSystems","isPartOf":{"@id":"https:\/\/raymarine.ee\/#website"},"primaryImageOfPage":{"@id":"https:\/\/raymarine.ee\/product\/alpha-9-performance-display\/#primaryimage"},"image":{"@id":"https:\/\/raymarine.ee\/product\/alpha-9-performance-display\/#primaryimage"},"thumbnailUrl":"https:\/\/raymarine.ee\/wp-content\/uploads\/2024\/10\/alpha7.webp","datePublished":"2024-10-16T07:35:19+00:00","dateModified":"2026-04-27T16:47:42+00:00","description":"Avasta Raymarine Alpha Performance Display, mis pakub suurep\u00e4rast n\u00e4htavust ja navigatsiooniandmete lihtsat kuvamist. Uuri rohkem ja k\u00fcsi lisa! \ud83c\udf0a","breadcrumb":{"@id":"https:\/\/raymarine.ee\/product\/alpha-9-performance-display\/#breadcrumb"},"inLanguage":"en-GB","potentialAction":[{"@type":"ReadAction","target":["https:\/\/raymarine.ee\/product\/alpha-9-performance-display\/"]}]},{"@type":"ImageObject","inLanguage":"en-GB","@id":"https:\/\/raymarine.ee\/product\/alpha-9-performance-display\/#primaryimage","url":"https:\/\/raymarine.ee\/wp-content\/uploads\/2024\/10\/alpha7.webp","contentUrl":"https:\/\/raymarine.ee\/wp-content\/uploads\/2024\/10\/alpha7.webp","width":542,"height":454},{"@type":"BreadcrumbList","@id":"https:\/\/raymarine.ee\/product\/alpha-9-performance-display\/#breadcrumb","itemListElement":[{"@type":"ListItem","position":1,"name":"Home","item":"https:\/\/raymarine.ee\/"},{"@type":"ListItem","position":2,"name":"Tooted","item":"https:\/\/raymarine.ee\/shop\/"},{"@type":"ListItem","position":3,"name":"Alpha 9\u201d Performance Display"}]},{"@type":"WebSite","@id":"https:\/\/raymarine.ee\/#website","url":"https:\/\/raymarine.ee\/","name":"www.raymarine.ee","description":"Mereelektroonika, kaardiplotter, autopiloot, pinnipiloot, roolipiloot, radar, AIS, VHF, Smart Wind","publisher":{"@id":"https:\/\/raymarine.ee\/#organization"},"alternateName":"Raymarine","potentialAction":[{"@type":"SearchAction","target":{"@type":"EntryPoint","urlTemplate":"https:\/\/raymarine.ee\/?s={search_term_string}"},"query-input":{"@type":"PropertyValueSpecification","valueRequired":true,"valueName":"search_term_string"}}],"inLanguage":"en-GB"},{"@type":"Organization","@id":"https:\/\/raymarine.ee\/#organization","name":"NavSystems O\u00dc","url":"https:\/\/raymarine.ee\/","logo":{"@type":"ImageObject","inLanguage":"en-GB","@id":"https:\/\/raymarine.ee\/#\/schema\/logo\/image\/","url":"https:\/\/raymarine.ee\/wp-content\/uploads\/2024\/10\/Screenshot-2024-10-15-151324_bg_removed.webp","contentUrl":"https:\/\/raymarine.ee\/wp-content\/uploads\/2024\/10\/Screenshot-2024-10-15-151324_bg_removed.webp","width":420,"height":276,"caption":"NavSystems O\u00dc"},"image":{"@id":"https:\/\/raymarine.ee\/#\/schema\/logo\/image\/"},"sameAs":["https:\/\/www.facebook.com\/NavSystems"],"legalName":"NavSystems O\u00dc","foundingDate":"2011-05-03","numberOfEmployees":{"@type":"QuantitativeValue","minValue":"1","maxValue":"10"}}]},"product_price_amount":"1825.00","product_price_currency":"EUR","og_availability":"instock","product_availability":"instock","product_retailer_item_id":"E70650","product_condition":"new"},"jetpack_sharing_enabled":true,"_links":{"self":[{"href":"https:\/\/raymarine.ee\/en\/wp-json\/wp\/v2\/product\/5312","targetHints":{"allow":["GET"]}}],"collection":[{"href":"https:\/\/raymarine.ee\/en\/wp-json\/wp\/v2\/product"}],"about":[{"href":"https:\/\/raymarine.ee\/en\/wp-json\/wp\/v2\/types\/product"}],"wp:featuredmedia":[{"embeddable":true,"href":"https:\/\/raymarine.ee\/en\/wp-json\/wp\/v2\/media\/7768"}],"wp:attachment":[{"href":"https:\/\/raymarine.ee\/en\/wp-json\/wp\/v2\/media?parent=5312"}],"wp:term":[{"taxonomy":"product_brand","embeddable":true,"href":"https:\/\/raymarine.ee\/en\/wp-json\/wp\/v2\/product_brand?post=5312"},{"taxonomy":"product_cat","embeddable":true,"href":"https:\/\/raymarine.ee\/en\/wp-json\/wp\/v2\/product_cat?post=5312"},{"taxonomy":"product_tag","embeddable":true,"href":"https:\/\/raymarine.ee\/en\/wp-json\/wp\/v2\/product_tag?post=5312"}],"curies":[{"name":"wp","href":"https:\/\/api.w.org\/{rel}","templated":true}]}}