{"id":5529,"date":"2024-10-27T12:41:18","date_gmt":"2024-10-27T12:41:18","guid":{"rendered":"https:\/\/raymarine.ee\/?post_type=product&#038;p=5529"},"modified":"2026-01-02T07:25:09","modified_gmt":"2026-01-02T05:25:09","slug":"axiom2-pro-9-s-hybridtouch-9-multi-function-display-with-integrated-high-chirp-conical-sonar-for-cpt-s","status":"publish","type":"product","link":"https:\/\/raymarine.ee\/en\/product\/axiom2-pro-9-s-hybridtouch-9-multi-function-display-with-integrated-high-chirp-conical-sonar-for-cpt-s\/","title":{"rendered":"AXIOM2 Pro 9 S, HybridTouch 9\u201d Multi-function Display with integrated High CHIRP Conical Sonar for CPT-S"},"content":{"rendered":"<p data-start=\"0\" data-end=\"58\"><strong data-start=\"0\" data-end=\"58\">Raymarine Axiom 2 Pro S &#8211; K\u00f5ik-\u00fches Navigeerimis\u00fcsteem<\/strong><\/p>\n<p data-start=\"60\" data-end=\"606\"><strong data-start=\"60\" data-end=\"80\">\u00dcldine \u00dclevaade:<\/strong> Raymarine <strong data-start=\"91\" data-end=\"108\">Axiom 2 Pro S<\/strong> \u00fchendab endas <strong data-start=\"123\" data-end=\"139\">chartplotter<\/strong>, <strong data-start=\"141\" data-end=\"151\">sonari<\/strong>, <strong data-start=\"153\" data-end=\"163\">radari<\/strong>, <strong data-start=\"165\" data-end=\"180\">autopiloodi<\/strong> ja <strong data-start=\"184\" data-end=\"193\">video<\/strong> t\u00e4iustatud funktsioonid, luues \u00fclimalt v\u00f5imsa navigeerimiss\u00fcsteemi, mis sobib igasuguseks veetegevuseks. <strong data-start=\"299\" data-end=\"315\">HybridTouch\u2122<\/strong> tehnoloogia \u00fchendab puutetundliku ekraani ja klahvpaneeli juhtimise, pakkudes intuitiivset ja kiiret navigeerimiskogemust. T\u00e4iendav <strong data-start=\"448\" data-end=\"474\">6-tuumaline protsessor<\/strong> tagab kiirusel t\u00f6\u00f6tamise, samas kui sisseehitatud <strong data-start=\"525\" data-end=\"545\">High CHIRP sonar<\/strong> toob usaldusv\u00e4\u00e4rseid s\u00fcgavuse m\u00f5\u00f5tmisi ja veealust uurimist.<\/p>\n<h3 data-start=\"608\" data-end=\"634\"><strong data-start=\"612\" data-end=\"634\">Peamised Omadused:<\/strong><\/h3>\n<ul data-start=\"636\" data-end=\"2191\">\n<li data-start=\"636\" data-end=\"829\"><strong data-start=\"638\" data-end=\"672\">V\u00f5imas 6-tuumaline protsessor:<\/strong> Kiirus ja sujuvus v\u00f5imaldavad kiiret kaardiplotteri, radarite, autopiloodi ja videote t\u00f6\u00f6tlemist, andes teile kiire vastuse ja intuitiivse kasutajakogemuse.<\/li>\n<li data-start=\"830\" data-end=\"950\"><strong data-start=\"832\" data-end=\"858\">HydroTough\u2122 nano-kate:<\/strong> Tagab veekindluse, usaldusv\u00e4\u00e4rse puutejuhtimise ja suurep\u00e4rase n\u00e4htavuse ka p\u00e4ikesepaistel.<\/li>\n<li data-start=\"951\" data-end=\"1134\"><strong data-start=\"953\" data-end=\"980\">HybridTouch\u2122 juhtimine:<\/strong> Intuitiivne puuteekraan koos vahetatavate klaviatuuridega v\u00f5i kasutaja seadistatavad pehmed klahvid, mis pakuvad t\u00e4iendavat paindlikkust rasketes oludes.<\/li>\n<li data-start=\"1135\" data-end=\"1328\"><strong data-start=\"1137\" data-end=\"1170\">Integratsioon ja paindlikkus:<\/strong> V\u00f5imaldab luua v\u00f5imsa s\u00fcsteemi, \u00fchendades mitmed Axiom 2 Pro ekraanid, sonari moodulid, radarid, kaamerad ja autopiloodid RayNet Etherneti ja NMEA2000 kaudu.<\/li>\n<li data-start=\"1329\" data-end=\"1661\"><strong data-start=\"1331\" data-end=\"1363\">Sailing &amp; Racing t\u00f6\u00f6riistad:<\/strong> Eelinstallitud 500+ purje- ja v\u00f5idus\u00f5idulaevade polaarprofiili abil saate j\u00e4lgida oma laeva optimaalset sooritust ja kohandada seda vastavalt tuule suunale. <strong data-start=\"1521\" data-end=\"1548\">Taktikalised t\u00f6\u00f6riistad<\/strong> ja d\u00fcnaamilised <strong data-start=\"1565\" data-end=\"1577\">laylines<\/strong> aitavad teil t\u00e4pselt j\u00e4lgida oma rajajoont ja saavutada parimat laevandussooritust.<\/li>\n<li data-start=\"1662\" data-end=\"1821\"><strong data-start=\"1664\" data-end=\"1685\">T\u00e4iustatud radar:<\/strong> Lisage <strong data-start=\"1693\" data-end=\"1713\">Quantum 2 radome<\/strong> v\u00f5i <strong data-start=\"1718\" data-end=\"1748\">Cyclone avatud array radar<\/strong> turvalisemaks navigeerimiseks ja Doppleri sihtm\u00e4rgikujutise j\u00e4lgimiseks.<\/li>\n<li data-start=\"1822\" data-end=\"1963\"><strong data-start=\"1824\" data-end=\"1847\">FLIR termokaamerad:<\/strong> <strong data-start=\"1848\" data-end=\"1871\">FLIR termopiltidega<\/strong> muudate \u00f6ise s\u00f5iduv\u00f5imekuse t\u00e4iesti n\u00e4htavaks, pakkudes t\u00e4iendavat turvalisust ja mugavust.<\/li>\n<li data-start=\"1964\" data-end=\"2191\"><strong data-start=\"1966\" data-end=\"2015\">ClearCruise ja t\u00e4iendav sensorite \u00fchendamine:<\/strong> Lisage <strong data-start=\"2023\" data-end=\"2051\">CAM300 ja AR200 sensorid<\/strong> ja nautige t\u00e4iustatud <strong data-start=\"2074\" data-end=\"2102\">augmenteeritud reaalsuse<\/strong> funktsioone nagu AIS, teepunktid ja kaardiobjektid, mis kuvatakse k\u00f5rglahutusega videos.<\/li>\n<\/ul>\n<h3 data-start=\"2193\" data-end=\"2225\"><strong data-start=\"2197\" data-end=\"2225\">T\u00e4iendavad Funktsioonid:<\/strong><\/h3>\n<ul data-start=\"2227\" data-end=\"2771\">\n<li data-start=\"2227\" data-end=\"2414\"><strong data-start=\"2229\" data-end=\"2265\">Parem \u00fchenduvus ja meelelahutus:<\/strong> <strong data-start=\"2266\" data-end=\"2282\">HDMI v\u00e4ljund<\/strong> ja audio v\u00e4ljund, et \u00fchendada kaugmonitoride, meelelahutuss\u00fcsteemide ja isegi <strong data-start=\"2361\" data-end=\"2387\">Netflixi v\u00f5i Spotifyga<\/strong> meelelahutuse nautimiseks.<\/li>\n<li data-start=\"2415\" data-end=\"2591\"><strong data-start=\"2417\" data-end=\"2447\">Tark ja nutikas juhtimine:<\/strong> Sisseehitatud <strong data-start=\"2462\" data-end=\"2471\">Wi-Fi<\/strong> ja <strong data-start=\"2475\" data-end=\"2504\">Raymarine mobiilirakendus<\/strong> v\u00f5imaldavad Axiom 2 Pro j\u00e4lgimist ja juhtimist teie nutitelefonist v\u00f5i tahvelarvutist.<\/li>\n<li data-start=\"2592\" data-end=\"2771\"><strong data-start=\"2594\" data-end=\"2625\">Mugav s\u00fcsteemi laiendamine:<\/strong> Kaks <strong data-start=\"2631\" data-end=\"2657\">RayNet Etherneti porti<\/strong> ja <strong data-start=\"2661\" data-end=\"2681\">NMEA2000 \u00fchendus<\/strong> v\u00f5imaldavad sujuvat laevandus- ja meelelahutuss\u00fcsteemi loomist, \u00fchendades mitmed seadmed.<\/li>\n<\/ul>\n<h3 data-start=\"2773\" data-end=\"2799\"><strong data-start=\"2777\" data-end=\"2799\">Tehnilised Andmed:<\/strong><\/h3>\n<ul data-start=\"2801\" data-end=\"3481\">\n<li data-start=\"2801\" data-end=\"2904\"><strong data-start=\"2803\" data-end=\"2830\">Ekraani suurus ja t\u00fc\u00fcp:<\/strong> K\u00f5rglahutusega puutetundlik ekraan (tugib <strong data-start=\"2873\" data-end=\"2889\">HybridTouch\u2122<\/strong> tehnoloogiat).<\/li>\n<li data-start=\"2905\" data-end=\"2954\"><strong data-start=\"2907\" data-end=\"2922\">Protsessor:<\/strong> 6-tuumaline, kiire andmet\u00f6\u00f6tlus<\/li>\n<li data-start=\"2955\" data-end=\"3167\"><strong data-start=\"2957\" data-end=\"2967\">Sonar:<\/strong> Sisseehitatud <strong data-start=\"2982\" data-end=\"3002\">High CHIRP sonar<\/strong> s\u00fcvendi ja veealuste objektide avastamiseks. Lisavalikute jaoks on saadaval <strong data-start=\"3079\" data-end=\"3097\">CPT-S transome<\/strong>, <strong data-start=\"3099\" data-end=\"3158\">in-hull ja madala profiiliga l\u00e4bi kere transdutsioonide<\/strong> valikud.<\/li>\n<li data-start=\"3168\" data-end=\"3262\"><strong data-start=\"3170\" data-end=\"3185\">Veekindlus:<\/strong> HydroTough\u2122 kattega tagatud usaldusv\u00e4\u00e4rne puutekogemus ka veega kokkupuutel.<\/li>\n<li data-start=\"3263\" data-end=\"3349\"><strong data-start=\"3265\" data-end=\"3276\">Pordid:<\/strong> Kolm <strong data-start=\"3282\" data-end=\"3308\">RayNet Etherneti porti<\/strong>, <strong data-start=\"3310\" data-end=\"3330\">NMEA2000 \u00fchendus<\/strong>, <strong data-start=\"3332\" data-end=\"3348\">HDMI v\u00e4ljund<\/strong>.<\/li>\n<li data-start=\"3350\" data-end=\"3481\"><strong data-start=\"3352\" data-end=\"3385\">T\u00e4iendavad \u00fchendusv\u00f5imalused:<\/strong> <strong data-start=\"3386\" data-end=\"3408\">FLIR termokaamerad<\/strong>, <strong data-start=\"3410\" data-end=\"3457\">ClearCruise augmendatud reaalsuse sensoorid<\/strong> ja <strong data-start=\"3461\" data-end=\"3471\">radari<\/strong> lisamine.<\/li>\n<\/ul>","protected":false},"excerpt":{"rendered":"<p>Raymarine Axiom 2 Pro S &#8211; K\u00f5ik-\u00fches Navigeerimis\u00fcsteem \u00dcldine \u00dclevaade: Raymarine Axiom 2 Pro S \u00fchendab endas chartplotter, sonari, radari, autopiloodi ja video t\u00e4iustatud funktsioonid, luues \u00fclimalt v\u00f5imsa navigeerimiss\u00fcsteemi, mis sobib igasuguseks veetegevuseks. HybridTouch\u2122 tehnoloogia \u00fchendab puutetundliku ekraani ja klahvpaneeli juhtimise, pakkudes intuitiivset ja kiiret navigeerimiskogemust. T\u00e4iendav 6-tuumaline protsessor tagab kiirusel t\u00f6\u00f6tamise, samas kui sisseehitatud [&hellip;]<\/p>\n","protected":false},"featured_media":7657,"template":"","meta":{"_acf_changed":false},"product_brand":[134],"product_cat":[58,18,54],"product_tag":[],"class_list":{"0":"post-5529","1":"product","2":"type-product","3":"status-publish","4":"has-post-thumbnail","6":"product_brand-raymarine","7":"product_cat-axiom_pro","8":"product_cat-axiom-axiom2-kaardiplotter-axiom2-pro","9":"product_cat-kalaleidjad","11":"first","12":"onbackorder","13":"sale","14":"featured","15":"taxable","16":"shipping-taxable","17":"purchasable","18":"product-type-simple"},"acf":[],"yoast_head":"<!-- This site is optimized with the Yoast SEO Premium plugin v27.5 (Yoast SEO v27.5) - https:\/\/yoast.com\/product\/yoast-seo-premium-wordpress\/ -->\n<title>AXIOM2 Pro 9 S, HybridTouch 9\u201d Multi-function Display with integrated High CHIRP Conical Sonar for CPT-S - NavSystems Mereelektroonika<\/title>\n<meta name=\"description\" content=\"Kaardiplotter, autopiloot, vhf, radar, pinnipiloot, roolipiloot, tuules\u00fcsteem, dst810, rsw wind, wind vane,\" \/>\n<meta name=\"robots\" content=\"index, follow, max-snippet:-1, max-image-preview:large, max-video-preview:-1\" \/>\n<link rel=\"canonical\" href=\"https:\/\/raymarine.ee\/en\/product\/axiom2-pro-9-s-hybridtouch-9-multi-function-display-with-integrated-high-chirp-conical-sonar-for-cpt-s\/\" \/>\n<meta property=\"og:locale\" content=\"en_GB\" \/>\n<meta property=\"og:type\" content=\"article\" \/>\n<meta property=\"og:title\" content=\"AXIOM2 Pro 9 S, HybridTouch 9\u201d Multi-function Display with integrated High CHIRP Conical Sonar for CPT-S\" \/>\n<meta property=\"og:description\" content=\"Kaardiplotter, autopiloot, vhf, radar, pinnipiloot, roolipiloot, tuules\u00fcsteem, dst810, rsw wind, wind vane,\" \/>\n<meta property=\"og:url\" content=\"https:\/\/raymarine.ee\/en\/product\/axiom2-pro-9-s-hybridtouch-9-multi-function-display-with-integrated-high-chirp-conical-sonar-for-cpt-s\/\" \/>\n<meta property=\"og:site_name\" content=\"NavSystems\" \/>\n<meta property=\"article:publisher\" content=\"https:\/\/www.facebook.com\/NavSystems\" \/>\n<meta property=\"article:modified_time\" content=\"2026-01-02T05:25:09+00:00\" \/>\n<meta property=\"og:image\" content=\"https:\/\/raymarine.ee\/wp-content\/uploads\/2024\/10\/758b13b0-7560-45e4-a4a6-61b7f04fa10e.webp\" \/>\n\t<meta property=\"og:image:width\" content=\"1024\" \/>\n\t<meta property=\"og:image:height\" content=\"1024\" \/>\n\t<meta property=\"og:image:type\" content=\"image\/webp\" \/>\n<meta name=\"twitter:card\" content=\"summary_large_image\" \/>\n<meta name=\"twitter:label1\" content=\"Price\" \/>\n\t<meta name=\"twitter:data1\" content=\"2 550,00&nbsp;&euro;\" \/>\n\t<meta name=\"twitter:label2\" content=\"Availability\" \/>\n\t<meta name=\"twitter:data2\" content=\"On back order\" \/>\n<script type=\"application\/ld+json\" class=\"yoast-schema-graph\">{\"@context\":\"https:\\\/\\\/schema.org\",\"@graph\":[{\"@type\":\"WebPage\",\"@id\":\"https:\\\/\\\/raymarine.ee\\\/product\\\/axiom2-pro-9-s-hybridtouch-9-multi-function-display-with-integrated-high-chirp-conical-sonar-for-cpt-s\\\/\",\"url\":\"https:\\\/\\\/raymarine.ee\\\/product\\\/axiom2-pro-9-s-hybridtouch-9-multi-function-display-with-integrated-high-chirp-conical-sonar-for-cpt-s\\\/\",\"name\":\"AXIOM2 Pro 9 S, HybridTouch 9\u201d Multi-function Display with integrated High CHIRP Conical Sonar for CPT-S - NavSystems Mereelektroonika\",\"isPartOf\":{\"@id\":\"https:\\\/\\\/raymarine.ee\\\/#website\"},\"primaryImageOfPage\":{\"@id\":\"https:\\\/\\\/raymarine.ee\\\/product\\\/axiom2-pro-9-s-hybridtouch-9-multi-function-display-with-integrated-high-chirp-conical-sonar-for-cpt-s\\\/#primaryimage\"},\"image\":{\"@id\":\"https:\\\/\\\/raymarine.ee\\\/product\\\/axiom2-pro-9-s-hybridtouch-9-multi-function-display-with-integrated-high-chirp-conical-sonar-for-cpt-s\\\/#primaryimage\"},\"thumbnailUrl\":\"https:\\\/\\\/raymarine.ee\\\/wp-content\\\/uploads\\\/2024\\\/10\\\/758b13b0-7560-45e4-a4a6-61b7f04fa10e.webp\",\"datePublished\":\"2024-10-27T12:41:18+00:00\",\"dateModified\":\"2026-01-02T05:25:09+00:00\",\"description\":\"Kaardiplotter, autopiloot, vhf, radar, pinnipiloot, roolipiloot, tuules\u00fcsteem, dst810, rsw wind, wind vane,\",\"breadcrumb\":{\"@id\":\"https:\\\/\\\/raymarine.ee\\\/product\\\/axiom2-pro-9-s-hybridtouch-9-multi-function-display-with-integrated-high-chirp-conical-sonar-for-cpt-s\\\/#breadcrumb\"},\"inLanguage\":\"en-GB\",\"potentialAction\":[{\"@type\":\"ReadAction\",\"target\":[\"https:\\\/\\\/raymarine.ee\\\/product\\\/axiom2-pro-9-s-hybridtouch-9-multi-function-display-with-integrated-high-chirp-conical-sonar-for-cpt-s\\\/\"]}]},{\"@type\":\"ImageObject\",\"inLanguage\":\"en-GB\",\"@id\":\"https:\\\/\\\/raymarine.ee\\\/product\\\/axiom2-pro-9-s-hybridtouch-9-multi-function-display-with-integrated-high-chirp-conical-sonar-for-cpt-s\\\/#primaryimage\",\"url\":\"https:\\\/\\\/raymarine.ee\\\/wp-content\\\/uploads\\\/2024\\\/10\\\/758b13b0-7560-45e4-a4a6-61b7f04fa10e.webp\",\"contentUrl\":\"https:\\\/\\\/raymarine.ee\\\/wp-content\\\/uploads\\\/2024\\\/10\\\/758b13b0-7560-45e4-a4a6-61b7f04fa10e.webp\",\"width\":1024,\"height\":1024},{\"@type\":\"BreadcrumbList\",\"@id\":\"https:\\\/\\\/raymarine.ee\\\/product\\\/axiom2-pro-9-s-hybridtouch-9-multi-function-display-with-integrated-high-chirp-conical-sonar-for-cpt-s\\\/#breadcrumb\",\"itemListElement\":[{\"@type\":\"ListItem\",\"position\":1,\"name\":\"Home\",\"item\":\"https:\\\/\\\/raymarine.ee\\\/\"},{\"@type\":\"ListItem\",\"position\":2,\"name\":\"Tooted\",\"item\":\"https:\\\/\\\/raymarine.ee\\\/shop\\\/\"},{\"@type\":\"ListItem\",\"position\":3,\"name\":\"AXIOM2 Pro 9 S, HybridTouch 9\u201d Multi-function Display with integrated High CHIRP Conical Sonar for CPT-S\"}]},{\"@type\":\"WebSite\",\"@id\":\"https:\\\/\\\/raymarine.ee\\\/#website\",\"url\":\"https:\\\/\\\/raymarine.ee\\\/\",\"name\":\"www.raymarine.ee\",\"description\":\"Mereelektroonika, kaardiplotter, autopiloot, pinnipiloot, roolipiloot, radar, AIS, VHF, Smart Wind\",\"publisher\":{\"@id\":\"https:\\\/\\\/raymarine.ee\\\/#organization\"},\"alternateName\":\"Raymarine\",\"potentialAction\":[{\"@type\":\"SearchAction\",\"target\":{\"@type\":\"EntryPoint\",\"urlTemplate\":\"https:\\\/\\\/raymarine.ee\\\/?s={search_term_string}\"},\"query-input\":{\"@type\":\"PropertyValueSpecification\",\"valueRequired\":true,\"valueName\":\"search_term_string\"}}],\"inLanguage\":\"en-GB\"},{\"@type\":\"Organization\",\"@id\":\"https:\\\/\\\/raymarine.ee\\\/#organization\",\"name\":\"NavSystems O\u00dc\",\"url\":\"https:\\\/\\\/raymarine.ee\\\/\",\"logo\":{\"@type\":\"ImageObject\",\"inLanguage\":\"en-GB\",\"@id\":\"https:\\\/\\\/raymarine.ee\\\/#\\\/schema\\\/logo\\\/image\\\/\",\"url\":\"https:\\\/\\\/raymarine.ee\\\/wp-content\\\/uploads\\\/2024\\\/10\\\/Screenshot-2024-10-15-151324_bg_removed.webp\",\"contentUrl\":\"https:\\\/\\\/raymarine.ee\\\/wp-content\\\/uploads\\\/2024\\\/10\\\/Screenshot-2024-10-15-151324_bg_removed.webp\",\"width\":420,\"height\":276,\"caption\":\"NavSystems O\u00dc\"},\"image\":{\"@id\":\"https:\\\/\\\/raymarine.ee\\\/#\\\/schema\\\/logo\\\/image\\\/\"},\"sameAs\":[\"https:\\\/\\\/www.facebook.com\\\/NavSystems\"],\"legalName\":\"NavSystems O\u00dc\",\"foundingDate\":\"2011-05-03\",\"numberOfEmployees\":{\"@type\":\"QuantitativeValue\",\"minValue\":\"1\",\"maxValue\":\"10\"}}]}<\/script>\n<meta property=\"product:price:amount\" content=\"2550.00\" \/>\n<meta property=\"product:price:currency\" content=\"EUR\" \/>\n<meta property=\"og:availability\" content=\"backorder\" \/>\n<meta property=\"product:availability\" content=\"available for order\" \/>\n<meta property=\"product:retailer_item_id\" content=\"E70653\" \/>\n<meta property=\"product:condition\" content=\"new\" \/>\n<!-- \/ Yoast SEO Premium plugin. -->","yoast_head_json":{"title":"AXIOM2 Pro 9 S, HybridTouch 9\u201d Multi-function Display with integrated High CHIRP Conical Sonar for CPT-S - NavSystems Mereelektroonika","description":"Kaardiplotter, autopiloot, vhf, radar, pinnipiloot, roolipiloot, tuules\u00fcsteem, dst810, rsw wind, wind vane,","robots":{"index":"index","follow":"follow","max-snippet":"max-snippet:-1","max-image-preview":"max-image-preview:large","max-video-preview":"max-video-preview:-1"},"canonical":"https:\/\/raymarine.ee\/en\/product\/axiom2-pro-9-s-hybridtouch-9-multi-function-display-with-integrated-high-chirp-conical-sonar-for-cpt-s\/","og_locale":"en_GB","og_type":"article","og_title":"AXIOM2 Pro 9 S, HybridTouch 9\u201d Multi-function Display with integrated High CHIRP Conical Sonar for CPT-S","og_description":"Kaardiplotter, autopiloot, vhf, radar, pinnipiloot, roolipiloot, tuules\u00fcsteem, dst810, rsw wind, wind vane,","og_url":"https:\/\/raymarine.ee\/en\/product\/axiom2-pro-9-s-hybridtouch-9-multi-function-display-with-integrated-high-chirp-conical-sonar-for-cpt-s\/","og_site_name":"NavSystems","article_publisher":"https:\/\/www.facebook.com\/NavSystems","article_modified_time":"2026-01-02T05:25:09+00:00","og_image":[{"width":1024,"height":1024,"url":"https:\/\/raymarine.ee\/wp-content\/uploads\/2024\/10\/758b13b0-7560-45e4-a4a6-61b7f04fa10e.webp","type":"image\/webp"}],"twitter_card":"summary_large_image","twitter_misc":{"Price":"2 550,00&nbsp;&euro;","Availability":"On back order"},"schema":{"@context":"https:\/\/schema.org","@graph":[{"@type":"WebPage","@id":"https:\/\/raymarine.ee\/product\/axiom2-pro-9-s-hybridtouch-9-multi-function-display-with-integrated-high-chirp-conical-sonar-for-cpt-s\/","url":"https:\/\/raymarine.ee\/product\/axiom2-pro-9-s-hybridtouch-9-multi-function-display-with-integrated-high-chirp-conical-sonar-for-cpt-s\/","name":"AXIOM2 Pro 9 S, HybridTouch 9\u201d Multi-function Display with integrated High CHIRP Conical Sonar for CPT-S - NavSystems Mereelektroonika","isPartOf":{"@id":"https:\/\/raymarine.ee\/#website"},"primaryImageOfPage":{"@id":"https:\/\/raymarine.ee\/product\/axiom2-pro-9-s-hybridtouch-9-multi-function-display-with-integrated-high-chirp-conical-sonar-for-cpt-s\/#primaryimage"},"image":{"@id":"https:\/\/raymarine.ee\/product\/axiom2-pro-9-s-hybridtouch-9-multi-function-display-with-integrated-high-chirp-conical-sonar-for-cpt-s\/#primaryimage"},"thumbnailUrl":"https:\/\/raymarine.ee\/wp-content\/uploads\/2024\/10\/758b13b0-7560-45e4-a4a6-61b7f04fa10e.webp","datePublished":"2024-10-27T12:41:18+00:00","dateModified":"2026-01-02T05:25:09+00:00","description":"Kaardiplotter, autopiloot, vhf, radar, pinnipiloot, roolipiloot, tuules\u00fcsteem, dst810, rsw wind, wind vane,","breadcrumb":{"@id":"https:\/\/raymarine.ee\/product\/axiom2-pro-9-s-hybridtouch-9-multi-function-display-with-integrated-high-chirp-conical-sonar-for-cpt-s\/#breadcrumb"},"inLanguage":"en-GB","potentialAction":[{"@type":"ReadAction","target":["https:\/\/raymarine.ee\/product\/axiom2-pro-9-s-hybridtouch-9-multi-function-display-with-integrated-high-chirp-conical-sonar-for-cpt-s\/"]}]},{"@type":"ImageObject","inLanguage":"en-GB","@id":"https:\/\/raymarine.ee\/product\/axiom2-pro-9-s-hybridtouch-9-multi-function-display-with-integrated-high-chirp-conical-sonar-for-cpt-s\/#primaryimage","url":"https:\/\/raymarine.ee\/wp-content\/uploads\/2024\/10\/758b13b0-7560-45e4-a4a6-61b7f04fa10e.webp","contentUrl":"https:\/\/raymarine.ee\/wp-content\/uploads\/2024\/10\/758b13b0-7560-45e4-a4a6-61b7f04fa10e.webp","width":1024,"height":1024},{"@type":"BreadcrumbList","@id":"https:\/\/raymarine.ee\/product\/axiom2-pro-9-s-hybridtouch-9-multi-function-display-with-integrated-high-chirp-conical-sonar-for-cpt-s\/#breadcrumb","itemListElement":[{"@type":"ListItem","position":1,"name":"Home","item":"https:\/\/raymarine.ee\/"},{"@type":"ListItem","position":2,"name":"Tooted","item":"https:\/\/raymarine.ee\/shop\/"},{"@type":"ListItem","position":3,"name":"AXIOM2 Pro 9 S, HybridTouch 9\u201d Multi-function Display with integrated High CHIRP Conical Sonar for CPT-S"}]},{"@type":"WebSite","@id":"https:\/\/raymarine.ee\/#website","url":"https:\/\/raymarine.ee\/","name":"www.raymarine.ee","description":"Mereelektroonika, kaardiplotter, autopiloot, pinnipiloot, roolipiloot, radar, AIS, VHF, Smart Wind","publisher":{"@id":"https:\/\/raymarine.ee\/#organization"},"alternateName":"Raymarine","potentialAction":[{"@type":"SearchAction","target":{"@type":"EntryPoint","urlTemplate":"https:\/\/raymarine.ee\/?s={search_term_string}"},"query-input":{"@type":"PropertyValueSpecification","valueRequired":true,"valueName":"search_term_string"}}],"inLanguage":"en-GB"},{"@type":"Organization","@id":"https:\/\/raymarine.ee\/#organization","name":"NavSystems O\u00dc","url":"https:\/\/raymarine.ee\/","logo":{"@type":"ImageObject","inLanguage":"en-GB","@id":"https:\/\/raymarine.ee\/#\/schema\/logo\/image\/","url":"https:\/\/raymarine.ee\/wp-content\/uploads\/2024\/10\/Screenshot-2024-10-15-151324_bg_removed.webp","contentUrl":"https:\/\/raymarine.ee\/wp-content\/uploads\/2024\/10\/Screenshot-2024-10-15-151324_bg_removed.webp","width":420,"height":276,"caption":"NavSystems O\u00dc"},"image":{"@id":"https:\/\/raymarine.ee\/#\/schema\/logo\/image\/"},"sameAs":["https:\/\/www.facebook.com\/NavSystems"],"legalName":"NavSystems O\u00dc","foundingDate":"2011-05-03","numberOfEmployees":{"@type":"QuantitativeValue","minValue":"1","maxValue":"10"}}]},"product_price_amount":"2550.00","product_price_currency":"EUR","og_availability":"backorder","product_availability":"available for order","product_retailer_item_id":"E70653","product_condition":"new"},"jetpack_sharing_enabled":true,"_links":{"self":[{"href":"https:\/\/raymarine.ee\/en\/wp-json\/wp\/v2\/product\/5529","targetHints":{"allow":["GET"]}}],"collection":[{"href":"https:\/\/raymarine.ee\/en\/wp-json\/wp\/v2\/product"}],"about":[{"href":"https:\/\/raymarine.ee\/en\/wp-json\/wp\/v2\/types\/product"}],"wp:featuredmedia":[{"embeddable":true,"href":"https:\/\/raymarine.ee\/en\/wp-json\/wp\/v2\/media\/7657"}],"wp:attachment":[{"href":"https:\/\/raymarine.ee\/en\/wp-json\/wp\/v2\/media?parent=5529"}],"wp:term":[{"taxonomy":"product_brand","embeddable":true,"href":"https:\/\/raymarine.ee\/en\/wp-json\/wp\/v2\/product_brand?post=5529"},{"taxonomy":"product_cat","embeddable":true,"href":"https:\/\/raymarine.ee\/en\/wp-json\/wp\/v2\/product_cat?post=5529"},{"taxonomy":"product_tag","embeddable":true,"href":"https:\/\/raymarine.ee\/en\/wp-json\/wp\/v2\/product_tag?post=5529"}],"curies":[{"name":"wp","href":"https:\/\/api.w.org\/{rel}","templated":true}]}}