{"id":5531,"date":"2024-10-27T12:43:07","date_gmt":"2024-10-27T12:43:07","guid":{"rendered":"https:\/\/raymarine.ee\/?post_type=product&#038;p=5531"},"modified":"2026-01-02T07:23:54","modified_gmt":"2026-01-02T05:23:54","slug":"axiom2-xl-16-15-6-glass-bridge-multi-function-display","status":"publish","type":"product","link":"https:\/\/raymarine.ee\/en\/product\/axiom2-xl-16-15-6-glass-bridge-multi-function-display\/","title":{"rendered":"AXIOM2 XL 16 &#8211; 15.6\u201d Glass Bridge Multi-function Display"},"content":{"rendered":"<p data-start=\"0\" data-end=\"67\"><strong data-start=\"0\" data-end=\"67\">Raymarine Axiom 2 XL 16&#8243; Multifunction Display &#8211; Tootetutvustus<\/strong><\/p>\n<p data-start=\"69\" data-end=\"829\"><strong data-start=\"69\" data-end=\"89\">\u00dcldine \u00dclevaade:<\/strong> Raymarine <strong data-start=\"100\" data-end=\"114\">Axiom 2 XL<\/strong> seeria on suure ekraani ja tipptasemel funktsioonide kombinatsioon, mis pakub suurep\u00e4raseid navigeerimisv\u00f5imalusi. Suure ekraani formaadis ja t\u00e4iustatud t\u00f6\u00f6tlusv\u00f5imekusega <strong data-start=\"287\" data-end=\"301\">Axiom 2 XL<\/strong> on ideaalne valik kaptenitele, kes hindavad tipptaset. Seeria sisaldab <strong data-start=\"373\" data-end=\"416\">16&#8243;, 19&#8243;, 22&#8243; ja 24&#8243; diagonaali ekraane<\/strong>, pakkudes muljetavaldavat visuaalset selgust ja v\u00f5imekust k\u00f5ikides ilmastikutingimustes. <strong data-start=\"506\" data-end=\"533\">6-tuumalise protsessori<\/strong>, suure m\u00e4lumahtude ja <strong data-start=\"556\" data-end=\"581\">HydroTough\u2122 ekraanide<\/strong> kombinatsioon tagab \u00fclimalt usaldusv\u00e4\u00e4rse ja kiire navigeerimiskogemuse. Axiom 2 XL sobib ideaalselt avatud kokpitidesse v\u00f5i klaaspunktidesse, pakkudes k\u00f5iki vajalikke funktsioone ja \u00fchenduvusv\u00f5imalusi, et luua oma ideaalne laevandusjaama s\u00fcsteem.<\/p>\n<h3 data-start=\"831\" data-end=\"857\"><strong data-start=\"835\" data-end=\"857\">Peamised Omadused:<\/strong><\/h3>\n<ul data-start=\"859\" data-end=\"2332\">\n<li data-start=\"859\" data-end=\"1034\"><strong data-start=\"861\" data-end=\"893\">Kompaktne ja stiilne disain:<\/strong> \u00d5huke raam v\u00f5imaldab suure ekraani paigaldamist v\u00e4iksematesse kohtadesse, pakkudes suure formaadi navigeerimist isegi kitsastes kokpittides.<\/li>\n<li data-start=\"1035\" data-end=\"1153\"><strong data-start=\"1037\" data-end=\"1071\">V\u00f5imas 6-tuumaline protsessor:<\/strong> Kiire j\u00f5udlus tagab sujuva ja t\u00e4pse kaardipuu t\u00f6\u00f6tlemise ning kiire reageerimise.<\/li>\n<li data-start=\"1154\" data-end=\"1281\"><strong data-start=\"1156\" data-end=\"1182\">HydroTough\u2122 nano-kate:<\/strong> Veekindel ja vastupidav, tagab t\u00e4psed puutetundlikud juhtimisv\u00f5imalused isegi p\u00e4ikesevalguse k\u00e4es.<\/li>\n<li data-start=\"1282\" data-end=\"1453\"><strong data-start=\"1284\" data-end=\"1336\">Automaatne tagasiside ja heleduse reguleerimine:<\/strong> T\u00e4nu sisseehitatud \u00fcmbritseva valguse andurile kohandub ekraani heleduse taset vastavalt p\u00e4eva- ja \u00f5htutingimustele.<\/li>\n<li data-start=\"1454\" data-end=\"1605\"><strong data-start=\"1456\" data-end=\"1485\">Mitme ekraani \u00fchendamine:<\/strong> Loo oma klaaspunktide s\u00fcsteem, kasutades mitut <strong data-start=\"1533\" data-end=\"1547\">Axiom 2 XL<\/strong> ekraani, et parandada navigeerimist ja andmete haldamist.<\/li>\n<li data-start=\"1606\" data-end=\"1723\"><strong data-start=\"1608\" data-end=\"1649\">Kolm Power-over-Ethernet (PoE) porti:<\/strong> Lihtsustab kaugkaamerate ja kaugjuhtimispultide, nagu RMK-10, \u00fchendamist.<\/li>\n<li data-start=\"1724\" data-end=\"1839\"><strong data-start=\"1726\" data-end=\"1752\">HDMI ja audio v\u00e4ljund:<\/strong> \u00dchendus v\u00f5imaldab monitoride ja meelelahutuss\u00fcsteemide kaugjuhtimist ja heli\u00fclekannet.<\/li>\n<li data-start=\"1840\" data-end=\"1996\"><strong data-start=\"1842\" data-end=\"1866\">\u00dchenduvusv\u00f5imalused:<\/strong> \u00dchendub sujuvalt teiste seadmete, nagu radarid, kaamerad ja sonari moodulid, ning pakub v\u00f5rgu\u00fchendusi <strong data-start=\"1969\" data-end=\"1989\">RayNet Etherneti<\/strong> kaudu.<\/li>\n<li data-start=\"1997\" data-end=\"2100\"><strong data-start=\"1999\" data-end=\"2022\">Kergesti uuendatav:<\/strong> Samuti on v\u00f5imalik uuendada, kasutades sama kinnituse s\u00fcsteemi nagu Axiom XL.<\/li>\n<li data-start=\"2101\" data-end=\"2226\"><strong data-start=\"2103\" data-end=\"2137\">Sisseehitatud GPS\/GNSS sensor:<\/strong> Pakub t\u00e4pset ja usaldusv\u00e4\u00e4rset positsioneerimist ning toetab Galileo satelliitide v\u00f5rku.<\/li>\n<li data-start=\"2227\" data-end=\"2332\"><strong data-start=\"2229\" data-end=\"2257\">V\u00e4ga suur salvestusruum:<\/strong> <strong data-start=\"2258\" data-end=\"2281\">64 GB sisemist m\u00e4lu<\/strong> rakenduste, kaartide ja teeviidete salvestamiseks.<\/li>\n<\/ul>\n<h3 data-start=\"2334\" data-end=\"2360\"><strong data-start=\"2338\" data-end=\"2360\">Tehnilised Andmed:<\/strong><\/h3>\n<ul data-start=\"2362\" data-end=\"3474\">\n<li data-start=\"2362\" data-end=\"2387\"><strong data-start=\"2364\" data-end=\"2383\">Ekraani suurus:<\/strong> 16&#8243;<\/li>\n<li data-start=\"2388\" data-end=\"2431\"><strong data-start=\"2390\" data-end=\"2407\">Ekraani t\u00fc\u00fcp:<\/strong> Multi-touch puuteekraan<\/li>\n<li data-start=\"2432\" data-end=\"2529\"><strong data-start=\"2434\" data-end=\"2458\">Erakordne valgustus:<\/strong> <strong data-start=\"2459\" data-end=\"2484\">HydroTough\u2122 nano-kate<\/strong> tagab erakordse n\u00e4htavuse ka p\u00e4ikesepaistel.<\/li>\n<li data-start=\"2530\" data-end=\"2610\"><strong data-start=\"2532\" data-end=\"2552\">Ekraani heledus:<\/strong> Automaatne reguleerimine \u00fcmbritseva valguse taseme j\u00e4rgi.<\/li>\n<li data-start=\"2611\" data-end=\"2711\"><strong data-start=\"2613\" data-end=\"2630\">Puutetundlik:<\/strong> T\u00e4psed puutetundlikud juhtimisv\u00f5imalused, isegi raskemates ilmastikutingimustes.<\/li>\n<li data-start=\"2712\" data-end=\"2802\"><strong data-start=\"2714\" data-end=\"2729\">Protsessor:<\/strong> 6-tuumaline protsessor kiireks t\u00f6\u00f6tlemiseks ja sujuvaks navigeerimiseks.<\/li>\n<li data-start=\"2803\" data-end=\"2894\"><strong data-start=\"2805\" data-end=\"2833\">Siseneva m\u00e4lu mahutavus:<\/strong> <strong data-start=\"2834\" data-end=\"2843\">64 GB<\/strong> (rakendused, kaardid ja teeviidete salvestamiseks)<\/li>\n<li data-start=\"2895\" data-end=\"3089\"><strong data-start=\"2897\" data-end=\"2921\">Pordid ja \u00fchenduvus:<\/strong>\n<ul data-start=\"2924\" data-end=\"3089\">\n<li data-start=\"2924\" data-end=\"2958\">3x <strong data-start=\"2929\" data-end=\"2958\">RayNet Ethernet POE porti<\/strong><\/li>\n<li data-start=\"2961\" data-end=\"2984\">1x <strong data-start=\"2966\" data-end=\"2984\">NMEA 2000 port<\/strong><\/li>\n<li data-start=\"2987\" data-end=\"3011\">HDMI v\u00e4ljund ja sisend<\/li>\n<li data-start=\"3014\" data-end=\"3038\">USB puuteekraan sisend<\/li>\n<li data-start=\"3041\" data-end=\"3089\">Analoog audio v\u00e4ljund meelelahutuss\u00fcsteemidele<\/li>\n<\/ul>\n<\/li>\n<li data-start=\"3090\" data-end=\"3171\"><strong data-start=\"3092\" data-end=\"3105\">GPS\/GNSS:<\/strong> Sisseehitatud t\u00e4psed sensorid, mis toetavad <strong data-start=\"3150\" data-end=\"3161\">Galileo<\/strong> s\u00fcsteemi.<\/li>\n<li data-start=\"3172\" data-end=\"3207\"><strong data-start=\"3174\" data-end=\"3189\">Toitepinge:<\/strong> 12V DC (8V &#8211; 16V)<\/li>\n<li data-start=\"3208\" data-end=\"3284\"><strong data-start=\"3210\" data-end=\"3221\">M\u00f5\u00f5dud:<\/strong> (L x K x S) &#8211; s\u00f5ltub ekraani suurusest (16&#8243;, 19&#8243;, 22&#8243; v\u00f5i 24&#8243;)<\/li>\n<li data-start=\"3285\" data-end=\"3328\"><strong data-start=\"3287\" data-end=\"3296\">Kaal:<\/strong> Tootes s\u00f5ltub ekraani suurusest<\/li>\n<li data-start=\"3329\" data-end=\"3366\"><strong data-start=\"3331\" data-end=\"3353\">Veekindluse klass:<\/strong> IPX6 ja IPX7<\/li>\n<li data-start=\"3367\" data-end=\"3474\"><strong data-start=\"3369\" data-end=\"3393\">Temperatuurivahemik:<\/strong> T\u00f6\u00f6tamistemperatuur: -25 \u00b0C kuni +55 \u00b0C, S\u00e4ilitustemperatuur: -30 \u00b0C kuni +70 \u00b0C<\/li>\n<\/ul>","protected":false},"excerpt":{"rendered":"<p>Raymarine Axiom 2 XL 16&#8243; Multifunction Display &#8211; Tootetutvustus \u00dcldine \u00dclevaade: Raymarine Axiom 2 XL seeria on suure ekraani ja tipptasemel funktsioonide kombinatsioon, mis pakub suurep\u00e4raseid navigeerimisv\u00f5imalusi. Suure ekraani formaadis ja t\u00e4iustatud t\u00f6\u00f6tlusv\u00f5imekusega Axiom 2 XL on ideaalne valik kaptenitele, kes hindavad tipptaset. Seeria sisaldab 16&#8243;, 19&#8243;, 22&#8243; ja 24&#8243; diagonaali ekraane, pakkudes muljetavaldavat visuaalset [&hellip;]<\/p>\n","protected":false},"featured_media":7647,"template":"","meta":{"_acf_changed":false},"product_brand":[134],"product_cat":[59],"product_tag":[],"class_list":{"0":"post-5531","1":"product","2":"type-product","3":"status-publish","4":"has-post-thumbnail","6":"product_brand-raymarine","7":"product_cat-axiom_xl","9":"first","10":"instock","11":"sale","12":"featured","13":"taxable","14":"shipping-taxable","15":"purchasable","16":"product-type-simple"},"acf":[],"yoast_head":"<!-- This site is optimized with the Yoast SEO Premium plugin v27.5 (Yoast SEO v27.5) - https:\/\/yoast.com\/product\/yoast-seo-premium-wordpress\/ -->\n<title>AXIOM2 XL 16 - 15.6\u201d Glass Bridge Multi-function Display - NavSystems Mereelektroonika<\/title>\n<meta name=\"description\" content=\"Kaardiplotter, autopiloot, vhf, radar, pinnipiloot, roolipiloot, tuules\u00fcsteem, dst810, rsw wind, wind vane,\" \/>\n<meta name=\"robots\" content=\"index, follow, max-snippet:-1, max-image-preview:large, max-video-preview:-1\" \/>\n<link rel=\"canonical\" href=\"https:\/\/raymarine.ee\/en\/product\/axiom2-xl-16-15-6-glass-bridge-multi-function-display\/\" \/>\n<meta property=\"og:locale\" content=\"en_GB\" \/>\n<meta property=\"og:type\" content=\"article\" \/>\n<meta property=\"og:title\" content=\"AXIOM2 XL 16 - 15.6\u201d Glass Bridge Multi-function Display\" \/>\n<meta property=\"og:description\" content=\"Kaardiplotter, autopiloot, vhf, radar, pinnipiloot, roolipiloot, tuules\u00fcsteem, dst810, rsw wind, wind vane,\" \/>\n<meta property=\"og:url\" content=\"https:\/\/raymarine.ee\/en\/product\/axiom2-xl-16-15-6-glass-bridge-multi-function-display\/\" \/>\n<meta property=\"og:site_name\" content=\"NavSystems\" \/>\n<meta property=\"article:publisher\" content=\"https:\/\/www.facebook.com\/NavSystems\" \/>\n<meta property=\"article:modified_time\" content=\"2026-01-02T05:23:54+00:00\" \/>\n<meta property=\"og:image\" content=\"https:\/\/raymarine.ee\/wp-content\/uploads\/2024\/10\/28621ecf-d041-4a1f-9b4b-26e1be818790.webp\" \/>\n\t<meta property=\"og:image:width\" content=\"1024\" \/>\n\t<meta property=\"og:image:height\" content=\"1024\" \/>\n\t<meta property=\"og:image:type\" content=\"image\/webp\" \/>\n<meta name=\"twitter:card\" content=\"summary_large_image\" \/>\n<meta name=\"twitter:label1\" content=\"Price\" \/>\n\t<meta name=\"twitter:data1\" content=\"7 680,00&nbsp;&euro;\" \/>\n\t<meta name=\"twitter:label2\" content=\"Availability\" \/>\n\t<meta name=\"twitter:data2\" content=\"In stock\" \/>\n<script type=\"application\/ld+json\" class=\"yoast-schema-graph\">{\"@context\":\"https:\\\/\\\/schema.org\",\"@graph\":[{\"@type\":\"WebPage\",\"@id\":\"https:\\\/\\\/raymarine.ee\\\/product\\\/axiom2-xl-16-15-6-glass-bridge-multi-function-display\\\/\",\"url\":\"https:\\\/\\\/raymarine.ee\\\/product\\\/axiom2-xl-16-15-6-glass-bridge-multi-function-display\\\/\",\"name\":\"AXIOM2 XL 16 - 15.6\u201d Glass Bridge Multi-function Display - NavSystems Mereelektroonika\",\"isPartOf\":{\"@id\":\"https:\\\/\\\/raymarine.ee\\\/#website\"},\"primaryImageOfPage\":{\"@id\":\"https:\\\/\\\/raymarine.ee\\\/product\\\/axiom2-xl-16-15-6-glass-bridge-multi-function-display\\\/#primaryimage\"},\"image\":{\"@id\":\"https:\\\/\\\/raymarine.ee\\\/product\\\/axiom2-xl-16-15-6-glass-bridge-multi-function-display\\\/#primaryimage\"},\"thumbnailUrl\":\"https:\\\/\\\/raymarine.ee\\\/wp-content\\\/uploads\\\/2024\\\/10\\\/28621ecf-d041-4a1f-9b4b-26e1be818790.webp\",\"datePublished\":\"2024-10-27T12:43:07+00:00\",\"dateModified\":\"2026-01-02T05:23:54+00:00\",\"description\":\"Kaardiplotter, autopiloot, vhf, radar, pinnipiloot, roolipiloot, tuules\u00fcsteem, dst810, rsw wind, wind vane,\",\"breadcrumb\":{\"@id\":\"https:\\\/\\\/raymarine.ee\\\/product\\\/axiom2-xl-16-15-6-glass-bridge-multi-function-display\\\/#breadcrumb\"},\"inLanguage\":\"en-GB\",\"potentialAction\":[{\"@type\":\"ReadAction\",\"target\":[\"https:\\\/\\\/raymarine.ee\\\/product\\\/axiom2-xl-16-15-6-glass-bridge-multi-function-display\\\/\"]}]},{\"@type\":\"ImageObject\",\"inLanguage\":\"en-GB\",\"@id\":\"https:\\\/\\\/raymarine.ee\\\/product\\\/axiom2-xl-16-15-6-glass-bridge-multi-function-display\\\/#primaryimage\",\"url\":\"https:\\\/\\\/raymarine.ee\\\/wp-content\\\/uploads\\\/2024\\\/10\\\/28621ecf-d041-4a1f-9b4b-26e1be818790.webp\",\"contentUrl\":\"https:\\\/\\\/raymarine.ee\\\/wp-content\\\/uploads\\\/2024\\\/10\\\/28621ecf-d041-4a1f-9b4b-26e1be818790.webp\",\"width\":1024,\"height\":1024},{\"@type\":\"BreadcrumbList\",\"@id\":\"https:\\\/\\\/raymarine.ee\\\/product\\\/axiom2-xl-16-15-6-glass-bridge-multi-function-display\\\/#breadcrumb\",\"itemListElement\":[{\"@type\":\"ListItem\",\"position\":1,\"name\":\"Home\",\"item\":\"https:\\\/\\\/raymarine.ee\\\/\"},{\"@type\":\"ListItem\",\"position\":2,\"name\":\"Tooted\",\"item\":\"https:\\\/\\\/raymarine.ee\\\/shop\\\/\"},{\"@type\":\"ListItem\",\"position\":3,\"name\":\"AXIOM2 XL 16 &#8211; 15.6\u201d Glass Bridge Multi-function Display\"}]},{\"@type\":\"WebSite\",\"@id\":\"https:\\\/\\\/raymarine.ee\\\/#website\",\"url\":\"https:\\\/\\\/raymarine.ee\\\/\",\"name\":\"www.raymarine.ee\",\"description\":\"Mereelektroonika, kaardiplotter, autopiloot, pinnipiloot, roolipiloot, radar, AIS, VHF, Smart Wind\",\"publisher\":{\"@id\":\"https:\\\/\\\/raymarine.ee\\\/#organization\"},\"alternateName\":\"Raymarine\",\"potentialAction\":[{\"@type\":\"SearchAction\",\"target\":{\"@type\":\"EntryPoint\",\"urlTemplate\":\"https:\\\/\\\/raymarine.ee\\\/?s={search_term_string}\"},\"query-input\":{\"@type\":\"PropertyValueSpecification\",\"valueRequired\":true,\"valueName\":\"search_term_string\"}}],\"inLanguage\":\"en-GB\"},{\"@type\":\"Organization\",\"@id\":\"https:\\\/\\\/raymarine.ee\\\/#organization\",\"name\":\"NavSystems O\u00dc\",\"url\":\"https:\\\/\\\/raymarine.ee\\\/\",\"logo\":{\"@type\":\"ImageObject\",\"inLanguage\":\"en-GB\",\"@id\":\"https:\\\/\\\/raymarine.ee\\\/#\\\/schema\\\/logo\\\/image\\\/\",\"url\":\"https:\\\/\\\/raymarine.ee\\\/wp-content\\\/uploads\\\/2024\\\/10\\\/Screenshot-2024-10-15-151324_bg_removed.webp\",\"contentUrl\":\"https:\\\/\\\/raymarine.ee\\\/wp-content\\\/uploads\\\/2024\\\/10\\\/Screenshot-2024-10-15-151324_bg_removed.webp\",\"width\":420,\"height\":276,\"caption\":\"NavSystems O\u00dc\"},\"image\":{\"@id\":\"https:\\\/\\\/raymarine.ee\\\/#\\\/schema\\\/logo\\\/image\\\/\"},\"sameAs\":[\"https:\\\/\\\/www.facebook.com\\\/NavSystems\"],\"legalName\":\"NavSystems O\u00dc\",\"foundingDate\":\"2011-05-03\",\"numberOfEmployees\":{\"@type\":\"QuantitativeValue\",\"minValue\":\"1\",\"maxValue\":\"10\"}}]}<\/script>\n<meta property=\"product:price:amount\" content=\"7680.00\" \/>\n<meta property=\"product:price:currency\" content=\"EUR\" \/>\n<meta property=\"og:availability\" content=\"instock\" \/>\n<meta property=\"product:availability\" content=\"instock\" \/>\n<meta property=\"product:retailer_item_id\" content=\"E70661\" \/>\n<meta property=\"product:condition\" content=\"new\" \/>\n<!-- \/ Yoast SEO Premium plugin. -->","yoast_head_json":{"title":"AXIOM2 XL 16 - 15.6\u201d Glass Bridge Multi-function Display - NavSystems Mereelektroonika","description":"Kaardiplotter, autopiloot, vhf, radar, pinnipiloot, roolipiloot, tuules\u00fcsteem, dst810, rsw wind, wind vane,","robots":{"index":"index","follow":"follow","max-snippet":"max-snippet:-1","max-image-preview":"max-image-preview:large","max-video-preview":"max-video-preview:-1"},"canonical":"https:\/\/raymarine.ee\/en\/product\/axiom2-xl-16-15-6-glass-bridge-multi-function-display\/","og_locale":"en_GB","og_type":"article","og_title":"AXIOM2 XL 16 - 15.6\u201d Glass Bridge Multi-function Display","og_description":"Kaardiplotter, autopiloot, vhf, radar, pinnipiloot, roolipiloot, tuules\u00fcsteem, dst810, rsw wind, wind vane,","og_url":"https:\/\/raymarine.ee\/en\/product\/axiom2-xl-16-15-6-glass-bridge-multi-function-display\/","og_site_name":"NavSystems","article_publisher":"https:\/\/www.facebook.com\/NavSystems","article_modified_time":"2026-01-02T05:23:54+00:00","og_image":[{"width":1024,"height":1024,"url":"https:\/\/raymarine.ee\/wp-content\/uploads\/2024\/10\/28621ecf-d041-4a1f-9b4b-26e1be818790.webp","type":"image\/webp"}],"twitter_card":"summary_large_image","twitter_misc":{"Price":"7 680,00&nbsp;&euro;","Availability":"In stock"},"schema":{"@context":"https:\/\/schema.org","@graph":[{"@type":"WebPage","@id":"https:\/\/raymarine.ee\/product\/axiom2-xl-16-15-6-glass-bridge-multi-function-display\/","url":"https:\/\/raymarine.ee\/product\/axiom2-xl-16-15-6-glass-bridge-multi-function-display\/","name":"AXIOM2 XL 16 - 15.6\u201d Glass Bridge Multi-function Display - NavSystems Mereelektroonika","isPartOf":{"@id":"https:\/\/raymarine.ee\/#website"},"primaryImageOfPage":{"@id":"https:\/\/raymarine.ee\/product\/axiom2-xl-16-15-6-glass-bridge-multi-function-display\/#primaryimage"},"image":{"@id":"https:\/\/raymarine.ee\/product\/axiom2-xl-16-15-6-glass-bridge-multi-function-display\/#primaryimage"},"thumbnailUrl":"https:\/\/raymarine.ee\/wp-content\/uploads\/2024\/10\/28621ecf-d041-4a1f-9b4b-26e1be818790.webp","datePublished":"2024-10-27T12:43:07+00:00","dateModified":"2026-01-02T05:23:54+00:00","description":"Kaardiplotter, autopiloot, vhf, radar, pinnipiloot, roolipiloot, tuules\u00fcsteem, dst810, rsw wind, wind vane,","breadcrumb":{"@id":"https:\/\/raymarine.ee\/product\/axiom2-xl-16-15-6-glass-bridge-multi-function-display\/#breadcrumb"},"inLanguage":"en-GB","potentialAction":[{"@type":"ReadAction","target":["https:\/\/raymarine.ee\/product\/axiom2-xl-16-15-6-glass-bridge-multi-function-display\/"]}]},{"@type":"ImageObject","inLanguage":"en-GB","@id":"https:\/\/raymarine.ee\/product\/axiom2-xl-16-15-6-glass-bridge-multi-function-display\/#primaryimage","url":"https:\/\/raymarine.ee\/wp-content\/uploads\/2024\/10\/28621ecf-d041-4a1f-9b4b-26e1be818790.webp","contentUrl":"https:\/\/raymarine.ee\/wp-content\/uploads\/2024\/10\/28621ecf-d041-4a1f-9b4b-26e1be818790.webp","width":1024,"height":1024},{"@type":"BreadcrumbList","@id":"https:\/\/raymarine.ee\/product\/axiom2-xl-16-15-6-glass-bridge-multi-function-display\/#breadcrumb","itemListElement":[{"@type":"ListItem","position":1,"name":"Home","item":"https:\/\/raymarine.ee\/"},{"@type":"ListItem","position":2,"name":"Tooted","item":"https:\/\/raymarine.ee\/shop\/"},{"@type":"ListItem","position":3,"name":"AXIOM2 XL 16 &#8211; 15.6\u201d Glass Bridge Multi-function Display"}]},{"@type":"WebSite","@id":"https:\/\/raymarine.ee\/#website","url":"https:\/\/raymarine.ee\/","name":"www.raymarine.ee","description":"Mereelektroonika, kaardiplotter, autopiloot, pinnipiloot, roolipiloot, radar, AIS, VHF, Smart Wind","publisher":{"@id":"https:\/\/raymarine.ee\/#organization"},"alternateName":"Raymarine","potentialAction":[{"@type":"SearchAction","target":{"@type":"EntryPoint","urlTemplate":"https:\/\/raymarine.ee\/?s={search_term_string}"},"query-input":{"@type":"PropertyValueSpecification","valueRequired":true,"valueName":"search_term_string"}}],"inLanguage":"en-GB"},{"@type":"Organization","@id":"https:\/\/raymarine.ee\/#organization","name":"NavSystems O\u00dc","url":"https:\/\/raymarine.ee\/","logo":{"@type":"ImageObject","inLanguage":"en-GB","@id":"https:\/\/raymarine.ee\/#\/schema\/logo\/image\/","url":"https:\/\/raymarine.ee\/wp-content\/uploads\/2024\/10\/Screenshot-2024-10-15-151324_bg_removed.webp","contentUrl":"https:\/\/raymarine.ee\/wp-content\/uploads\/2024\/10\/Screenshot-2024-10-15-151324_bg_removed.webp","width":420,"height":276,"caption":"NavSystems O\u00dc"},"image":{"@id":"https:\/\/raymarine.ee\/#\/schema\/logo\/image\/"},"sameAs":["https:\/\/www.facebook.com\/NavSystems"],"legalName":"NavSystems O\u00dc","foundingDate":"2011-05-03","numberOfEmployees":{"@type":"QuantitativeValue","minValue":"1","maxValue":"10"}}]},"product_price_amount":"7680.00","product_price_currency":"EUR","og_availability":"instock","product_availability":"instock","product_retailer_item_id":"E70661","product_condition":"new"},"jetpack_sharing_enabled":true,"_links":{"self":[{"href":"https:\/\/raymarine.ee\/en\/wp-json\/wp\/v2\/product\/5531","targetHints":{"allow":["GET"]}}],"collection":[{"href":"https:\/\/raymarine.ee\/en\/wp-json\/wp\/v2\/product"}],"about":[{"href":"https:\/\/raymarine.ee\/en\/wp-json\/wp\/v2\/types\/product"}],"wp:featuredmedia":[{"embeddable":true,"href":"https:\/\/raymarine.ee\/en\/wp-json\/wp\/v2\/media\/7647"}],"wp:attachment":[{"href":"https:\/\/raymarine.ee\/en\/wp-json\/wp\/v2\/media?parent=5531"}],"wp:term":[{"taxonomy":"product_brand","embeddable":true,"href":"https:\/\/raymarine.ee\/en\/wp-json\/wp\/v2\/product_brand?post=5531"},{"taxonomy":"product_cat","embeddable":true,"href":"https:\/\/raymarine.ee\/en\/wp-json\/wp\/v2\/product_cat?post=5531"},{"taxonomy":"product_tag","embeddable":true,"href":"https:\/\/raymarine.ee\/en\/wp-json\/wp\/v2\/product_tag?post=5531"}],"curies":[{"name":"wp","href":"https:\/\/api.w.org\/{rel}","templated":true}]}}