{"id":5535,"date":"2024-10-27T12:48:40","date_gmt":"2024-10-27T12:48:40","guid":{"rendered":"https:\/\/raymarine.ee\/?post_type=product&#038;p=5535"},"modified":"2026-04-14T21:40:43","modified_gmt":"2026-04-14T18:40:43","slug":"ev-100-power","status":"publish","type":"product","link":"https:\/\/raymarine.ee\/en\/product\/ev-100-power\/","title":{"rendered":"Autopiloot EV-100 Power"},"content":{"rendered":"<p><strong>EV-100 Power autopilot is perfect for boats with a single outboard and hydraulic steering!<\/strong><br \/>\nWith the EVOLUTION Autopilot from Raymarine, steering your boat becomes easier than before. Difficult calibration is no longer necessary. Due to the intelligent EV-sensor, the autopilot monitors multiple ship movements in all directions and automatically adjusts the steering to match existing sea conditions, without the user having to adjust any other settings. Safe arrival at the planned destination is guaranteed. A further big advantage of the autopilot is flexibility of installation. The device itself can be installed where it is easiest for you to access, while the EV-sensor can be mounted where it makes most sense to you, no matter if above or below deck. There are no restrictions concerning the installation compared to common heading sensors. The core of the sensor is water-protected to IPx6 and IPx7. Components are easily connected via SeaTalk and all cables required are included. The autopilot is NMEA2000 compatible.<\/p>\n<div>\n<p><strong>What is in the box<\/strong><\/p>\n<ul>\n<li>0.5ltr Hydraulic Pump<\/li>\n<li>p70Rs Autopilot Control Head (incl. SeaTalkng drop cable 0.4 m)<\/li>\n<li>ACU-100 Drive Control Unit (incl. SeaTalkng drop cable with open ends at one end 1.0 m)<\/li>\n<li>Course sensor EV-1(incl. SeaTalkng drop cable 1.0 m)<\/li>\n<li>1 x SeaTalkng Power Cable<\/li>\n<li>1 x SeaTalkng Backbone cable 5 m)<\/li>\n<li>1 x SeaTalkng Spur Cable (1.0 m)<\/li>\n<li>1 x SeaTalkng 5-way Connector Block<\/li>\n<li>2 x SeaTalkng T-piece Connector<\/li>\n<li>2 x SeaTalkng Terminator<\/li>\n<\/ul>\n<p>&nbsp;<\/p>\n<p><strong>Technical data &#8211; 0.5 litre hydraulic pump<\/strong><\/p>\n<table class=\"ordinary\">\n<tbody>\n<tr>\n<td>Power supply<\/td>\n<td>12 V<\/td>\n<\/tr>\n<tr>\n<td>For cylinder volume<\/td>\n<td>50 &#8211; 110 ccm<br \/>\n(3.1 &#8211; 6.7 in3)<\/td>\n<\/tr>\n<tr>\n<td>Maximum flow rate<br \/>\n(no load)<\/td>\n<td>600 ccm\/min<br \/>\n(36.6 in3\/min)<\/td>\n<\/tr>\n<tr>\n<td>Dimensions (h x w x d)<\/td>\n<td>203 x 103 x 89 mm<\/td>\n<\/tr>\n<\/tbody>\n<\/table>\n<p><strong>Technical data &#8211; EV-1 course sensor<\/strong><\/p>\n<table class=\"ordinary\">\n<tbody>\n<tr>\n<td>Nominal on-board voltage<\/td>\n<td>12 V (power supply via SeaTalkng)<\/td>\n<\/tr>\n<tr>\n<td>Operating voltage range<\/td>\n<td>10.8 to 15.6 V DC<\/td>\n<\/tr>\n<tr>\n<td>Power consumption (amps)<\/td>\n<td>30 mA<\/td>\n<\/tr>\n<tr>\n<td>Sensors<\/td>\n<td>Three-axis digital accelerometer,<br \/>\nThree-axis digital compass and<br \/>\nthree-axis digital angular rate sensor<\/td>\n<\/tr>\n<tr>\n<td>Data connection<\/td>\n<td>SeaTalkng<\/td>\n<\/tr>\n<tr>\n<td>Operating temperature<\/td>\n<td>-20 to +55 \u00b0C<\/td>\n<\/tr>\n<tr>\n<td>Storage temperature<\/td>\n<td>-30 to +70\u00b0 C<\/td>\n<\/tr>\n<tr>\n<td>Relative humidity<\/td>\n<td>max. 93%<\/td>\n<\/tr>\n<tr>\n<td>Water rating<\/td>\n<td>IPX6<\/td>\n<\/tr>\n<tr>\n<td>Diameter<\/td>\n<td>140 mm<\/td>\n<\/tr>\n<tr>\n<td>Depth<\/td>\n<td>35 mm (including housing)<br \/>\n95 mm (including bracket)<\/td>\n<\/tr>\n<tr>\n<td>Weight<\/td>\n<td>0.29 kg<\/td>\n<\/tr>\n<\/tbody>\n<\/table>\n<p><strong>Technical data &#8211; p70Rs control unit<\/strong><\/p>\n<table class=\"ordinary\" style=\"height: 457px;\" width=\"813\">\n<tbody>\n<tr>\n<td>Nominal voltage<\/td>\n<td>12 V DC<\/td>\n<\/tr>\n<tr>\n<td>Voltage range<\/td>\n<td>9 to 16 V DC<\/td>\n<\/tr>\n<tr>\n<td>Display Size<\/td>\n<td>3.5&#8243;<\/td>\n<\/tr>\n<tr>\n<td>Display<\/td>\n<td>Optically integrated, sunlight-readable LCD display<\/td>\n<\/tr>\n<tr>\n<td>Resolution<\/td>\n<td>320 x 240 QVGA<\/td>\n<\/tr>\n<tr>\n<td>Colours<\/td>\n<td>16 bit colour resolution (64,000 colours)<\/td>\n<\/tr>\n<tr>\n<td>Colour palettes<\/td>\n<td>Four colour palettes &#8211; two day, inverse and red\/black<\/td>\n<\/tr>\n<tr>\n<td>LCD brightness<\/td>\n<td>1;200 nit<\/td>\n<\/tr>\n<tr>\n<td>current consumption (watts)<\/td>\n<td>1:6 watts<\/td>\n<\/tr>\n<tr>\n<td>Connectors<\/td>\n<td>SeaTalk and SeaTalkng compatible with NMEA2000 marine networks<\/td>\n<\/tr>\n<tr>\n<td>Operating temperature<\/td>\n<td>-25\u00ba C to 55\u00ba C (-13\u00ba F to 131\u00ba F)<\/td>\n<\/tr>\n<tr>\n<td>Storage temperature<\/td>\n<td>-30\u00ba C to 70\u00ba C (-22\u00ba F to 158 \u00baF)<\/td>\n<\/tr>\n<tr>\n<td>Relative humidity<\/td>\n<td>Maximum 93 %<\/td>\n<\/tr>\n<tr>\n<td>Waterproof to<\/td>\n<td>IPX6<\/td>\n<\/tr>\n<tr>\n<td>Compliance<\/td>\n<td>Europe: 2004\/108\/EC | Australia and New Zealand: C-Tick Compliance Level 2<\/td>\n<\/tr>\n<tr>\n<td>Included in delivery<\/td>\n<td>Instructions, seal, display, sun cover, replacement frame, mounting screws<\/td>\n<\/tr>\n<\/tbody>\n<\/table>\n<\/div>\n<p>&nbsp;<\/p>\n<p><strong>Lae alla EV-100 h\u00fcdraulilise autopiloodi paigaldusjuhendid:<\/strong><\/p>\n<p>EV1 ja ACU <a href=\"https:\/\/raymarine.ee\/wp-content\/uploads\/2026\/04\/Evolution-EV-1-and-ACU-Installation-instructions-87180-Rev-7-EN.pdf\" target=\"_blank\" rel=\"noopener\">paigaldusjuhend<\/a><\/p>\n<p>Autopiloodi pumba <a href=\"https:\/\/raymarine.ee\/wp-content\/uploads\/2026\/04\/Hydraulic-Pump-E12139-M81119-M81120-M81121-M81122-M81123-M81124-Installation-Guide-81178-5-EN-2.pdf\" target=\"_blank\" rel=\"noopener\">paigaldusjuhend<\/a><\/p>\n<p>p70s ja p70Rs <a href=\"https:\/\/raymarine.ee\/wp-content\/uploads\/2026\/04\/p70s-p70Rs-Pilot-Controller-Installation-instructions-87424-Rev-3-EN.pdf\" target=\"_blank\" rel=\"noopener\">paigaldusjuhend<\/a><\/p>\n<p>Roolinurga anduri <a href=\"https:\/\/raymarine.ee\/wp-content\/uploads\/2026\/04\/Rudder-Angle-Sensor-M81105-Installation-instructions-87012-3-EN.pdf\" target=\"_blank\" rel=\"noopener\">paigaldusjuhend<\/a><\/p>\n<p>p70 ja p70Rs kaudu Evolution piloodi <a href=\"https:\/\/raymarine.ee\/wp-content\/uploads\/2026\/04\/p70-p70s-p70R-p70Rs-Pilot-Controller-Commissioning-Operation-instructions-81402-Rev-6-EN.pdf\" target=\"_blank\" rel=\"noopener\">seadistamis- ja kasutamisjuhend<\/a><\/p>\n<p><strong>Lisad:<\/strong><\/p>\n<p>Soovitame lisada ka roolinurga andur <a href=\"https:\/\/raymarine.ee\/en\/product\/raymarine-roolinurga-andur\/\">M81105<\/a>.<\/p>\n<p>Volvo-Penta veojalgade puhul v\u00f5ib roolinurga anduri \u00fchendamiseks vaja minna spetsiaalset <a href=\"https:\/\/raymarine.ee\/en\/product\/volvo-penta-rudder-indicator-kit-for-drive-units-dph-a-dph-b\/\">paigalduskomplekti<\/a><\/p>\n<p><a title=\"Find out more about the Evolution autopilot\" href=\"https:\/\/www.raymarine.com\/en-gb\/our-products\/boat-autopilots\/autopilot-packs\" target=\"_blank\" rel=\"noopener\">Find out more about the Evolution autopilot<\/a><\/p>","protected":false},"excerpt":{"rendered":"<p>EV-100 Power pilooti saab kasutada v\u00e4iksemates h\u00fcdraulilise juhtimiss\u00fcsteemiga mootorpaatides. EV-100 Power piloot on m\u00f5eldud huvilaevadele mille t\u00f6\u00f6silindri maht j\u00e4\u00e4b vahemikku 50cc-110cc ja toitepinge on 12V. Piloot koosneb Type 0,5 h\u00fcdraulilisest pumbast, p70Rs kontrollseadmest, uuest \u00fcheksateljelisest sensorist EV-1 ja ACU-100 pumba juhtimisseadmest. Evolution seeria kursikompuutritel on \u00fcheksateljeline sensor koos AST funktsiooniga. Evolution autopiloodid toimivad ka ilma roolinurga andurita aga v\u00f5imaluse korral soovitame selle siiski lisada. Volvo-Penta veojalgade puhul tuleb roolinurga anduri \u00fchendamiseks lisada ka spetsiaalne paigalduskomplekt. Olge valmis ka selleks, et Teie paadis olevaid rooli h\u00fcdrovoolikuid tuleb natukene ringi ehitada. Tavaliselt tuleb lisada kolmikud pumba jaoks ja kolmas voolik viia pumbast tagasi rooliajamisse. Tutvu kindlasti ka selle komplekti\u00a0juhenditega\u00a0ja k\u00fcsimuste korral pea n\u00f5u meie spetsialistiga.<\/p>","protected":false},"featured_media":9290,"template":"","meta":{"_acf_changed":false},"product_brand":[134],"product_cat":[52,343,103,63],"product_tag":[],"class_list":{"0":"post-5535","1":"product","2":"type-product","3":"status-publish","4":"has-post-thumbnail","6":"product_brand-raymarine","7":"product_cat-autopiloot-autopiloodid","8":"product_cat-kampaaniad","9":"product_cat-raymarine","10":"product_cat-systeemipiloodid","12":"first","13":"instock","14":"sale","15":"featured","16":"taxable","17":"shipping-taxable","18":"purchasable","19":"product-type-simple"},"acf":[],"yoast_head":"<!-- This site is optimized with the Yoast SEO Premium plugin v27.5 (Yoast SEO v27.5) - https:\/\/yoast.com\/product\/yoast-seo-premium-wordpress\/ -->\n<title>EV1 Autopiloot: Lihtne ja t\u00e4pne laeva juhtimine iga ilmaga. - NavSystems<\/title>\n<meta name=\"description\" content=\"Lihtne ja t\u00e4pne, EV1 autopiloot muudab teie paadi juhtimise lihtsaks! T\u00e4nu nutikale Evolution autopiloodile saate nautida sujuvat s\u00f5itu iga ilmaga.\" \/>\n<meta name=\"robots\" content=\"index, follow, max-snippet:-1, max-image-preview:large, max-video-preview:-1\" \/>\n<link rel=\"canonical\" href=\"https:\/\/raymarine.ee\/en\/product\/ev-100-power\/\" \/>\n<meta property=\"og:locale\" content=\"en_GB\" \/>\n<meta property=\"og:type\" content=\"article\" \/>\n<meta property=\"og:title\" content=\"Autopiloot EV-100 Power\" \/>\n<meta property=\"og:description\" content=\"Lihtne ja t\u00e4pne, EV1 autopiloot muudab teie paadi juhtimise lihtsaks! T\u00e4nu nutikale Evolution autopiloodile saate nautida sujuvat s\u00f5itu iga ilmaga.\" \/>\n<meta property=\"og:url\" content=\"https:\/\/raymarine.ee\/en\/product\/ev-100-power\/\" \/>\n<meta property=\"og:site_name\" content=\"NavSystems\" \/>\n<meta property=\"article:publisher\" content=\"https:\/\/www.facebook.com\/NavSystems\" \/>\n<meta property=\"article:modified_time\" content=\"2026-04-14T18:40:43+00:00\" \/>\n<meta property=\"og:image\" content=\"https:\/\/raymarine.ee\/wp-content\/uploads\/2024\/10\/c3918c1d-d521-46c4-82f3-0570a0bca677.png\" \/>\n\t<meta property=\"og:image:width\" content=\"2000\" \/>\n\t<meta property=\"og:image:height\" content=\"2000\" \/>\n\t<meta property=\"og:image:type\" content=\"image\/png\" \/>\n<meta name=\"twitter:card\" content=\"summary_large_image\" \/>\n<meta name=\"twitter:label1\" content=\"Price\" \/>\n\t<meta name=\"twitter:data1\" content=\"1 595,00&nbsp;&euro;\" \/>\n\t<meta name=\"twitter:label2\" content=\"Availability\" \/>\n\t<meta name=\"twitter:data2\" content=\"In stock\" \/>\n<script type=\"application\/ld+json\" class=\"yoast-schema-graph\">{\"@context\":\"https:\\\/\\\/schema.org\",\"@graph\":[{\"@type\":\"WebPage\",\"@id\":\"https:\\\/\\\/raymarine.ee\\\/product\\\/ev-100-power\\\/\",\"url\":\"https:\\\/\\\/raymarine.ee\\\/product\\\/ev-100-power\\\/\",\"name\":\"EV1 Autopiloot: Lihtne ja t\u00e4pne laeva juhtimine iga ilmaga. - NavSystems\",\"isPartOf\":{\"@id\":\"https:\\\/\\\/raymarine.ee\\\/#website\"},\"primaryImageOfPage\":{\"@id\":\"https:\\\/\\\/raymarine.ee\\\/product\\\/ev-100-power\\\/#primaryimage\"},\"image\":{\"@id\":\"https:\\\/\\\/raymarine.ee\\\/product\\\/ev-100-power\\\/#primaryimage\"},\"thumbnailUrl\":\"https:\\\/\\\/raymarine.ee\\\/wp-content\\\/uploads\\\/2024\\\/10\\\/c3918c1d-d521-46c4-82f3-0570a0bca677.png\",\"datePublished\":\"2024-10-27T12:48:40+00:00\",\"dateModified\":\"2026-04-14T18:40:43+00:00\",\"description\":\"Lihtne ja t\u00e4pne, EV1 autopiloot muudab teie paadi juhtimise lihtsaks! T\u00e4nu nutikale Evolution autopiloodile saate nautida sujuvat s\u00f5itu iga ilmaga.\",\"breadcrumb\":{\"@id\":\"https:\\\/\\\/raymarine.ee\\\/product\\\/ev-100-power\\\/#breadcrumb\"},\"inLanguage\":\"en-GB\",\"potentialAction\":[{\"@type\":\"ReadAction\",\"target\":[\"https:\\\/\\\/raymarine.ee\\\/product\\\/ev-100-power\\\/\"]}]},{\"@type\":\"ImageObject\",\"inLanguage\":\"en-GB\",\"@id\":\"https:\\\/\\\/raymarine.ee\\\/product\\\/ev-100-power\\\/#primaryimage\",\"url\":\"https:\\\/\\\/raymarine.ee\\\/wp-content\\\/uploads\\\/2024\\\/10\\\/c3918c1d-d521-46c4-82f3-0570a0bca677.png\",\"contentUrl\":\"https:\\\/\\\/raymarine.ee\\\/wp-content\\\/uploads\\\/2024\\\/10\\\/c3918c1d-d521-46c4-82f3-0570a0bca677.png\",\"width\":2000,\"height\":2000,\"caption\":\"EV-100-h\u00fcdrauliline-autopiloot\"},{\"@type\":\"BreadcrumbList\",\"@id\":\"https:\\\/\\\/raymarine.ee\\\/product\\\/ev-100-power\\\/#breadcrumb\",\"itemListElement\":[{\"@type\":\"ListItem\",\"position\":1,\"name\":\"Home\",\"item\":\"https:\\\/\\\/raymarine.ee\\\/\"},{\"@type\":\"ListItem\",\"position\":2,\"name\":\"Tooted\",\"item\":\"https:\\\/\\\/raymarine.ee\\\/shop\\\/\"},{\"@type\":\"ListItem\",\"position\":3,\"name\":\"Autopiloot EV-100 Power\"}]},{\"@type\":\"WebSite\",\"@id\":\"https:\\\/\\\/raymarine.ee\\\/#website\",\"url\":\"https:\\\/\\\/raymarine.ee\\\/\",\"name\":\"www.raymarine.ee\",\"description\":\"Mereelektroonika, kaardiplotter, autopiloot, pinnipiloot, roolipiloot, radar, AIS, VHF, Smart Wind\",\"publisher\":{\"@id\":\"https:\\\/\\\/raymarine.ee\\\/#organization\"},\"alternateName\":\"Raymarine\",\"potentialAction\":[{\"@type\":\"SearchAction\",\"target\":{\"@type\":\"EntryPoint\",\"urlTemplate\":\"https:\\\/\\\/raymarine.ee\\\/?s={search_term_string}\"},\"query-input\":{\"@type\":\"PropertyValueSpecification\",\"valueRequired\":true,\"valueName\":\"search_term_string\"}}],\"inLanguage\":\"en-GB\"},{\"@type\":\"Organization\",\"@id\":\"https:\\\/\\\/raymarine.ee\\\/#organization\",\"name\":\"NavSystems O\u00dc\",\"url\":\"https:\\\/\\\/raymarine.ee\\\/\",\"logo\":{\"@type\":\"ImageObject\",\"inLanguage\":\"en-GB\",\"@id\":\"https:\\\/\\\/raymarine.ee\\\/#\\\/schema\\\/logo\\\/image\\\/\",\"url\":\"https:\\\/\\\/raymarine.ee\\\/wp-content\\\/uploads\\\/2024\\\/10\\\/Screenshot-2024-10-15-151324_bg_removed.webp\",\"contentUrl\":\"https:\\\/\\\/raymarine.ee\\\/wp-content\\\/uploads\\\/2024\\\/10\\\/Screenshot-2024-10-15-151324_bg_removed.webp\",\"width\":420,\"height\":276,\"caption\":\"NavSystems O\u00dc\"},\"image\":{\"@id\":\"https:\\\/\\\/raymarine.ee\\\/#\\\/schema\\\/logo\\\/image\\\/\"},\"sameAs\":[\"https:\\\/\\\/www.facebook.com\\\/NavSystems\"],\"legalName\":\"NavSystems O\u00dc\",\"foundingDate\":\"2011-05-03\",\"numberOfEmployees\":{\"@type\":\"QuantitativeValue\",\"minValue\":\"1\",\"maxValue\":\"10\"}}]}<\/script>\n<meta property=\"product:price:amount\" content=\"1595.00\" \/>\n<meta property=\"product:price:currency\" content=\"EUR\" \/>\n<meta property=\"og:availability\" content=\"instock\" \/>\n<meta property=\"product:availability\" content=\"instock\" \/>\n<meta property=\"product:retailer_item_id\" content=\"T70154\" \/>\n<meta property=\"product:condition\" content=\"new\" \/>\n<!-- \/ Yoast SEO Premium plugin. -->","yoast_head_json":{"title":"EV1 Autopiloot: Lihtne ja t\u00e4pne laeva juhtimine iga ilmaga. - NavSystems","description":"Lihtne ja t\u00e4pne, EV1 autopiloot muudab teie paadi juhtimise lihtsaks! T\u00e4nu nutikale Evolution autopiloodile saate nautida sujuvat s\u00f5itu iga ilmaga.","robots":{"index":"index","follow":"follow","max-snippet":"max-snippet:-1","max-image-preview":"max-image-preview:large","max-video-preview":"max-video-preview:-1"},"canonical":"https:\/\/raymarine.ee\/en\/product\/ev-100-power\/","og_locale":"en_GB","og_type":"article","og_title":"Autopiloot EV-100 Power","og_description":"Lihtne ja t\u00e4pne, EV1 autopiloot muudab teie paadi juhtimise lihtsaks! T\u00e4nu nutikale Evolution autopiloodile saate nautida sujuvat s\u00f5itu iga ilmaga.","og_url":"https:\/\/raymarine.ee\/en\/product\/ev-100-power\/","og_site_name":"NavSystems","article_publisher":"https:\/\/www.facebook.com\/NavSystems","article_modified_time":"2026-04-14T18:40:43+00:00","og_image":[{"width":2000,"height":2000,"url":"https:\/\/raymarine.ee\/wp-content\/uploads\/2024\/10\/c3918c1d-d521-46c4-82f3-0570a0bca677.png","type":"image\/png"}],"twitter_card":"summary_large_image","twitter_misc":{"Price":"1 595,00&nbsp;&euro;","Availability":"In stock"},"schema":{"@context":"https:\/\/schema.org","@graph":[{"@type":"WebPage","@id":"https:\/\/raymarine.ee\/product\/ev-100-power\/","url":"https:\/\/raymarine.ee\/product\/ev-100-power\/","name":"EV1 Autopiloot: Lihtne ja t\u00e4pne laeva juhtimine iga ilmaga. - NavSystems","isPartOf":{"@id":"https:\/\/raymarine.ee\/#website"},"primaryImageOfPage":{"@id":"https:\/\/raymarine.ee\/product\/ev-100-power\/#primaryimage"},"image":{"@id":"https:\/\/raymarine.ee\/product\/ev-100-power\/#primaryimage"},"thumbnailUrl":"https:\/\/raymarine.ee\/wp-content\/uploads\/2024\/10\/c3918c1d-d521-46c4-82f3-0570a0bca677.png","datePublished":"2024-10-27T12:48:40+00:00","dateModified":"2026-04-14T18:40:43+00:00","description":"Lihtne ja t\u00e4pne, EV1 autopiloot muudab teie paadi juhtimise lihtsaks! T\u00e4nu nutikale Evolution autopiloodile saate nautida sujuvat s\u00f5itu iga ilmaga.","breadcrumb":{"@id":"https:\/\/raymarine.ee\/product\/ev-100-power\/#breadcrumb"},"inLanguage":"en-GB","potentialAction":[{"@type":"ReadAction","target":["https:\/\/raymarine.ee\/product\/ev-100-power\/"]}]},{"@type":"ImageObject","inLanguage":"en-GB","@id":"https:\/\/raymarine.ee\/product\/ev-100-power\/#primaryimage","url":"https:\/\/raymarine.ee\/wp-content\/uploads\/2024\/10\/c3918c1d-d521-46c4-82f3-0570a0bca677.png","contentUrl":"https:\/\/raymarine.ee\/wp-content\/uploads\/2024\/10\/c3918c1d-d521-46c4-82f3-0570a0bca677.png","width":2000,"height":2000,"caption":"EV-100-h\u00fcdrauliline-autopiloot"},{"@type":"BreadcrumbList","@id":"https:\/\/raymarine.ee\/product\/ev-100-power\/#breadcrumb","itemListElement":[{"@type":"ListItem","position":1,"name":"Home","item":"https:\/\/raymarine.ee\/"},{"@type":"ListItem","position":2,"name":"Tooted","item":"https:\/\/raymarine.ee\/shop\/"},{"@type":"ListItem","position":3,"name":"Autopiloot EV-100 Power"}]},{"@type":"WebSite","@id":"https:\/\/raymarine.ee\/#website","url":"https:\/\/raymarine.ee\/","name":"www.raymarine.ee","description":"Mereelektroonika, kaardiplotter, autopiloot, pinnipiloot, roolipiloot, radar, AIS, VHF, Smart Wind","publisher":{"@id":"https:\/\/raymarine.ee\/#organization"},"alternateName":"Raymarine","potentialAction":[{"@type":"SearchAction","target":{"@type":"EntryPoint","urlTemplate":"https:\/\/raymarine.ee\/?s={search_term_string}"},"query-input":{"@type":"PropertyValueSpecification","valueRequired":true,"valueName":"search_term_string"}}],"inLanguage":"en-GB"},{"@type":"Organization","@id":"https:\/\/raymarine.ee\/#organization","name":"NavSystems O\u00dc","url":"https:\/\/raymarine.ee\/","logo":{"@type":"ImageObject","inLanguage":"en-GB","@id":"https:\/\/raymarine.ee\/#\/schema\/logo\/image\/","url":"https:\/\/raymarine.ee\/wp-content\/uploads\/2024\/10\/Screenshot-2024-10-15-151324_bg_removed.webp","contentUrl":"https:\/\/raymarine.ee\/wp-content\/uploads\/2024\/10\/Screenshot-2024-10-15-151324_bg_removed.webp","width":420,"height":276,"caption":"NavSystems O\u00dc"},"image":{"@id":"https:\/\/raymarine.ee\/#\/schema\/logo\/image\/"},"sameAs":["https:\/\/www.facebook.com\/NavSystems"],"legalName":"NavSystems O\u00dc","foundingDate":"2011-05-03","numberOfEmployees":{"@type":"QuantitativeValue","minValue":"1","maxValue":"10"}}]},"product_price_amount":"1595.00","product_price_currency":"EUR","og_availability":"instock","product_availability":"instock","product_retailer_item_id":"T70154","product_condition":"new"},"jetpack_sharing_enabled":true,"_links":{"self":[{"href":"https:\/\/raymarine.ee\/en\/wp-json\/wp\/v2\/product\/5535","targetHints":{"allow":["GET"]}}],"collection":[{"href":"https:\/\/raymarine.ee\/en\/wp-json\/wp\/v2\/product"}],"about":[{"href":"https:\/\/raymarine.ee\/en\/wp-json\/wp\/v2\/types\/product"}],"wp:featuredmedia":[{"embeddable":true,"href":"https:\/\/raymarine.ee\/en\/wp-json\/wp\/v2\/media\/9290"}],"wp:attachment":[{"href":"https:\/\/raymarine.ee\/en\/wp-json\/wp\/v2\/media?parent=5535"}],"wp:term":[{"taxonomy":"product_brand","embeddable":true,"href":"https:\/\/raymarine.ee\/en\/wp-json\/wp\/v2\/product_brand?post=5535"},{"taxonomy":"product_cat","embeddable":true,"href":"https:\/\/raymarine.ee\/en\/wp-json\/wp\/v2\/product_cat?post=5535"},{"taxonomy":"product_tag","embeddable":true,"href":"https:\/\/raymarine.ee\/en\/wp-json\/wp\/v2\/product_tag?post=5535"}],"curies":[{"name":"wp","href":"https:\/\/api.w.org\/{rel}","templated":true}]}}