{"id":5541,"date":"2024-10-27T12:53:27","date_gmt":"2024-10-27T12:53:27","guid":{"rendered":"https:\/\/raymarine.ee\/?post_type=product&#038;p=5541"},"modified":"2026-04-22T22:08:11","modified_gmt":"2026-04-22T19:08:11","slug":"raymarine-p70rs-autopilot-control-head","status":"publish","type":"product","link":"https:\/\/raymarine.ee\/en\/product\/raymarine-p70rs-autopilot-control-head\/","title":{"rendered":"Raymarine p70Rs Autopilot Control Head"},"content":{"rendered":"<p>Vaata\u00a0<a href=\"https:\/\/www.raymarine.eu\/autopilot\/#types\" target=\"_blank\" rel=\"noopener\">Raymarine autopilootide<\/a>\u00a0tootetutvustust.<\/p>\n<h4>Raymarine p70Rs Autopilot Control Head<\/h4>\n<p>Sharing the p70Rs superior display features but in a 3.5&#8243; screen format, the equally good-looking autopilot control heads are available in 2 versions; p70 with 1 Degree and 10 Degree push-button controls designed primarily for sailing vessels, and p70Rs with a combination of push-button and rotary controls for powered craft. p70s and p70Rs autopilot control heads are easily customisable, able to display pilot information in a number of different formats to suit the user.<\/p>\n<p>p70s and p70Rs both support Auto, Standby, Pattern, Track and Wind Vane autopilot modes with the p70Rs having additional Power Steer and Jog Steer modes. Fishermen will find the wide range of fishing patterns especially useful, freeing them up to concentrate on their surroundings and the all-important fish. Able to support multiple data sources, p70s and p70Rs autopilot heads are compatible with Raymarine Evolution series pilots, SPX Series pilots and Raymarine ST pilots (S1, S2 and S3 including the G variants).<\/p>\n<p>i70s, p70s and p70Rs all have Raymarine&#8217;s new LightHouse user interface on board; it&#8217;s simple and quick to use and is also consistent with Raymarine&#8217;s new Axiom\u00a0multifunction display, so once users are familiar with LightHouse they will be equally at home with all Raymarine&#8217;s new products.<\/p>\n<p>The p70 \/ p70s control head also features the\u00a0<a title=\"LightHouse II User Interface | Raymarine\" href=\"https:\/\/www.raymarine.com\/view\/index-id=766.html\" target=\"_blank\" rel=\"noopener\">LightHouse user interface\u00a0<\/a>and a start up wizard to help you configure the pilot quickly and easily.<\/p>\n<table class=\"table table-striped\" width=\"100%\">\n<thead>\n<tr>\n<td colspan=\"2\">p70s &amp; p70Rs SPECIFICATIONS<\/td>\n<\/tr>\n<\/thead>\n<tbody>\n<tr>\n<td width=\"20%\">Model<\/td>\n<td width=\"40%\">Raymarine p70Rs<br \/>\nAutopilot controller (rotary)<\/td>\n<td width=\"40%\"><\/td>\n<\/tr>\n<tr>\n<td>Part Number<\/td>\n<td>E70329<\/td>\n<td><\/td>\n<\/tr>\n<tr>\n<td>Nominal voltage<\/td>\n<td colspan=\"2\">12v DC<\/td>\n<\/tr>\n<tr>\n<td>Voltage range<\/td>\n<td colspan=\"2\">9 to 16v DC<\/td>\n<\/tr>\n<tr>\n<td>Screen size<\/td>\n<td colspan=\"2\">3.5&#8243;<\/td>\n<\/tr>\n<tr>\n<td>Display<\/td>\n<td colspan=\"2\">Sunlight readable optically bonded LCD<\/td>\n<\/tr>\n<tr>\n<td>Resolution<\/td>\n<td colspan=\"2\">320 x 240 QVGA<\/td>\n<\/tr>\n<tr>\n<td>Colours<\/td>\n<td colspan=\"2\">16 bit colour (64K colours)<\/td>\n<\/tr>\n<tr>\n<td>Colour Palettes<\/td>\n<td colspan=\"2\">Four colour pallettes &#8211; two day, inverse and red \/ black<\/td>\n<\/tr>\n<tr>\n<td>LCD Brightness<\/td>\n<td colspan=\"2\">1200 nit<\/td>\n<\/tr>\n<tr>\n<td>Power consumption<\/td>\n<td colspan=\"2\">1.6 Watts<\/td>\n<\/tr>\n<tr>\n<td>Connections<\/td>\n<td colspan=\"2\">SeaTalk &amp; SeaTalkng\u00a0compliant with NMEA2000 marine networks (1 x SeaTalkng\u00ae connector)<\/td>\n<\/tr>\n<tr>\n<td>Operating temperature<\/td>\n<td colspan=\"2\">-025\u00baC to 55\u00baC (-13\u00baF to 131\u00baF)<\/td>\n<\/tr>\n<tr>\n<td>Storage temperature<\/td>\n<td colspan=\"2\">-030\u00baC to 70\u00baC (-22\u00baF to 158\u00baF)<\/td>\n<\/tr>\n<tr>\n<td>Relative humidity<\/td>\n<td colspan=\"2\">93% max<\/td>\n<\/tr>\n<tr>\n<td>Waterproofing<\/td>\n<td colspan=\"2\">IPX6<\/td>\n<\/tr>\n<tr>\n<td>Conformance<\/td>\n<td colspan=\"2\">Europe 2004\/108\/EC | Australia and New Zealand C-Tick compliance level 2<\/td>\n<\/tr>\n<\/tbody>\n<\/table>\n<p>NB! p70s ja p70Rs autopiloodi kontrollerid saab kasutada ka vanade S1\/S1G, S2\/S2G, S3\/S3G autopilootidega.\u00a0Uute autopiloodi kontrollerite \u00fchendamiseks vanade S1\/S1G, S2\/S2G, S3\/S3G autopilootidega saab kasutada STNG to SeaTalk-1 konverterit.\u00a0\u00dchenduse saab teha ka otse vana kontrolleri kaabli otsa, turvalise \u00fchenduse tegemiseks kasuta A06073\u00a0adapterkaablit ja\u00a0D244\u00a03-Way Juncktion Box-i.<\/p>\n<p><a class=\"arrowLink\" title=\"Find out more about the p70 autopilot control head | Raymarine\" href=\"https:\/\/www.raymarine.eu\/autopilot\/control-heads\/p70s-and-p70rs\/\" target=\"_blank\" rel=\"noopener\">Find out more about the p70Rs autopilot control head<\/a><\/p>\n<h5><a href=\"https:\/\/raymarine.ee\/en\/public\/files\/Raymarine\/Juhendid\/Autopilots\/p70s-p70Rs-Installation-and-operation-instructions-81365-2-EN.pdf\/\" target=\"_blank\" rel=\"noopener\"><img decoding=\"async\" src=\"https:\/\/www.raymarine.ee\/public\/files\/Raymarine\/Juhendid\/Axiom%20MFD\/pdf.png\" alt=\"\" \/><\/a><strong>Lae alla p70Rs juhendid<\/strong><\/h5>\n<p>p70s ja p70Rs\u00a0<a href=\"https:\/\/raymarine.ee\/wp-content\/uploads\/2026\/04\/p70s-p70Rs-Pilot-Controller-Installation-instructions-87424-Rev-3-EN.pdf\" target=\"_blank\" rel=\"noopener\" data-wpel-link=\"internal\">paigaldusjuhend<\/a><\/p>\n<p>p70 ja p70Rs <a href=\"https:\/\/raymarine.ee\/wp-content\/uploads\/2026\/04\/Evolution-Autopilot-Set-up-and-Commissioning-with-p70s-p70Rs-p70-p70R-82285-Rev-7-EN-1.pdf\" target=\"_blank\" rel=\"noopener\">Set-Up kiirjuhend<\/a><\/p>\n<p>p70 ja p70Rs kaudu Evolution piloodi\u00a0<a href=\"https:\/\/raymarine.ee\/wp-content\/uploads\/2026\/04\/p70-p70s-p70R-p70Rs-Pilot-Controller-Commissioning-Operation-instructions-81402-Rev-6-EN.pdf\" target=\"_blank\" rel=\"noopener\" data-wpel-link=\"internal\">seadistamis- ja kasutamisjuhend<\/a><\/p>\n<p>Vaata Raymarine\u00a0<a href=\"https:\/\/www.raymarine.com\/en-gb\/our-products\/boat-autopilots\/autopilot-packs\" target=\"_blank\" rel=\"noopener external noreferrer nofollow\" data-wpel-link=\"external\">autopilootide<\/a>\u00a0tootetutvustust.<\/p>","protected":false},"excerpt":{"rendered":"<p>Raymarine p70Rs on 3,5&#8243; (320 x 240 pikselit) p\u00e4ikese k\u00e4es h\u00e4sti n\u00e4htava TFT LCD 16 bit QVGA v\u00e4rvilise ekraaniga uue p\u00f5lvkonna autopiloodi kontroller. p70Rs on disaini poolest m\u00f5eldud mootorpaadile. p70Rs v\u00f5imaldab hallata k\u00f5iki Evolution ja SPX seeria autopiloodi funktsioone. Vastavalt kasutaja soovile konfigureeritavad lehek\u00fcljed v\u00f5imaldavad kuvada k\u00f5iki navigeerimiseks vajalikke andmeid. p70Rs autopiloodi juhtimisseadmed \u00fchendatakse STNG (NMEA2000) v\u00f5rku. Pakendis on p70Rs kontroller, STNG harukaabel, tihend ja kinnituskruvid. Evolution ja SPX seeria autopiloot koos p70Rs kontrolleriga v\u00f5imaldab kasutada kalastus v\u00f5i l\u00f5bus\u00f5idu &#8220;mustreid&#8221;. See on funktsiooni kus paat teeb ringe, sikk-sakke, liblikaid, ovaale, spiraale, kaheksaid, lainelist joont jne. Tutvu kindlasti ka selle toote\u00a0juhenditega\u00a0ja k\u00fcsimuste korral pea n\u00f5u meie spetsialistiga.<\/p>","protected":false},"featured_media":7819,"template":"","meta":{"_acf_changed":false},"product_brand":[134],"product_cat":[67,103],"product_tag":[],"class_list":{"0":"post-5541","1":"product","2":"type-product","3":"status-publish","4":"has-post-thumbnail","6":"product_brand-raymarine","7":"product_cat-kontrollerid","8":"product_cat-raymarine","10":"first","11":"instock","12":"sale","13":"featured","14":"taxable","15":"shipping-taxable","16":"purchasable","17":"product-type-simple"},"acf":[],"yoast_head":"<!-- This site is optimized with the Yoast SEO Premium plugin v27.5 (Yoast SEO v27.5) - https:\/\/yoast.com\/product\/yoast-seo-premium-wordpress\/ -->\n<title>Raymarine p70Rs - Autopiloodi juhtpaneel - NavSystems Mereelektroonika<\/title>\n<meta name=\"description\" content=\"Raymarine p70Rs autopiloodi juhtpaneel mootorpaadile \u2013 intuitiivne 3.5-tolline h\u00e4sti loetav ekraan mis \u00fchildub Evolution, SPX ja ST seeria autopilootidega.\" \/>\n<meta name=\"robots\" content=\"index, follow, max-snippet:-1, max-image-preview:large, max-video-preview:-1\" \/>\n<link rel=\"canonical\" href=\"https:\/\/raymarine.ee\/en\/product\/raymarine-p70rs-autopilot-control-head\/\" \/>\n<meta property=\"og:locale\" content=\"en_GB\" \/>\n<meta property=\"og:type\" content=\"article\" \/>\n<meta property=\"og:title\" content=\"Raymarine p70Rs Autopilot Control Head\" \/>\n<meta property=\"og:description\" content=\"Raymarine p70Rs autopiloodi juhtpaneel mootorpaadile \u2013 intuitiivne 3.5-tolline h\u00e4sti loetav ekraan mis \u00fchildub Evolution, SPX ja ST seeria autopilootidega.\" \/>\n<meta property=\"og:url\" content=\"https:\/\/raymarine.ee\/en\/product\/raymarine-p70rs-autopilot-control-head\/\" \/>\n<meta property=\"og:site_name\" content=\"NavSystems\" \/>\n<meta property=\"article:publisher\" content=\"https:\/\/www.facebook.com\/NavSystems\" \/>\n<meta property=\"article:modified_time\" content=\"2026-04-22T19:08:11+00:00\" \/>\n<meta property=\"og:image\" content=\"https:\/\/raymarine.ee\/wp-content\/uploads\/2024\/10\/99627356-ff38-452e-818f-e0274b3a0482.webp\" \/>\n\t<meta property=\"og:image:width\" content=\"1024\" \/>\n\t<meta property=\"og:image:height\" content=\"1024\" \/>\n\t<meta property=\"og:image:type\" content=\"image\/webp\" \/>\n<meta name=\"twitter:card\" content=\"summary_large_image\" \/>\n<meta name=\"twitter:label1\" content=\"Price\" \/>\n\t<meta name=\"twitter:data1\" content=\"822,00&nbsp;&euro;\" \/>\n\t<meta name=\"twitter:label2\" content=\"Availability\" \/>\n\t<meta name=\"twitter:data2\" content=\"In stock\" \/>\n<script type=\"application\/ld+json\" class=\"yoast-schema-graph\">{\"@context\":\"https:\\\/\\\/schema.org\",\"@graph\":[{\"@type\":\"WebPage\",\"@id\":\"https:\\\/\\\/raymarine.ee\\\/product\\\/raymarine-p70rs-autopilot-control-head\\\/\",\"url\":\"https:\\\/\\\/raymarine.ee\\\/product\\\/raymarine-p70rs-autopilot-control-head\\\/\",\"name\":\"Raymarine p70Rs - Autopiloodi juhtpaneel - NavSystems Mereelektroonika\",\"isPartOf\":{\"@id\":\"https:\\\/\\\/raymarine.ee\\\/#website\"},\"primaryImageOfPage\":{\"@id\":\"https:\\\/\\\/raymarine.ee\\\/product\\\/raymarine-p70rs-autopilot-control-head\\\/#primaryimage\"},\"image\":{\"@id\":\"https:\\\/\\\/raymarine.ee\\\/product\\\/raymarine-p70rs-autopilot-control-head\\\/#primaryimage\"},\"thumbnailUrl\":\"https:\\\/\\\/raymarine.ee\\\/wp-content\\\/uploads\\\/2024\\\/10\\\/99627356-ff38-452e-818f-e0274b3a0482.webp\",\"datePublished\":\"2024-10-27T12:53:27+00:00\",\"dateModified\":\"2026-04-22T19:08:11+00:00\",\"description\":\"Raymarine p70Rs autopiloodi juhtpaneel mootorpaadile \u2013 intuitiivne 3.5-tolline h\u00e4sti loetav ekraan mis \u00fchildub Evolution, SPX ja ST seeria autopilootidega.\",\"breadcrumb\":{\"@id\":\"https:\\\/\\\/raymarine.ee\\\/product\\\/raymarine-p70rs-autopilot-control-head\\\/#breadcrumb\"},\"inLanguage\":\"en-GB\",\"potentialAction\":[{\"@type\":\"ReadAction\",\"target\":[\"https:\\\/\\\/raymarine.ee\\\/product\\\/raymarine-p70rs-autopilot-control-head\\\/\"]}]},{\"@type\":\"ImageObject\",\"inLanguage\":\"en-GB\",\"@id\":\"https:\\\/\\\/raymarine.ee\\\/product\\\/raymarine-p70rs-autopilot-control-head\\\/#primaryimage\",\"url\":\"https:\\\/\\\/raymarine.ee\\\/wp-content\\\/uploads\\\/2024\\\/10\\\/99627356-ff38-452e-818f-e0274b3a0482.webp\",\"contentUrl\":\"https:\\\/\\\/raymarine.ee\\\/wp-content\\\/uploads\\\/2024\\\/10\\\/99627356-ff38-452e-818f-e0274b3a0482.webp\",\"width\":1024,\"height\":1024},{\"@type\":\"BreadcrumbList\",\"@id\":\"https:\\\/\\\/raymarine.ee\\\/product\\\/raymarine-p70rs-autopilot-control-head\\\/#breadcrumb\",\"itemListElement\":[{\"@type\":\"ListItem\",\"position\":1,\"name\":\"Home\",\"item\":\"https:\\\/\\\/raymarine.ee\\\/\"},{\"@type\":\"ListItem\",\"position\":2,\"name\":\"Tooted\",\"item\":\"https:\\\/\\\/raymarine.ee\\\/shop\\\/\"},{\"@type\":\"ListItem\",\"position\":3,\"name\":\"Raymarine p70Rs Autopilot Control Head\"}]},{\"@type\":\"WebSite\",\"@id\":\"https:\\\/\\\/raymarine.ee\\\/#website\",\"url\":\"https:\\\/\\\/raymarine.ee\\\/\",\"name\":\"www.raymarine.ee\",\"description\":\"Mereelektroonika, kaardiplotter, autopiloot, pinnipiloot, roolipiloot, radar, AIS, VHF, Smart Wind\",\"publisher\":{\"@id\":\"https:\\\/\\\/raymarine.ee\\\/#organization\"},\"alternateName\":\"Raymarine\",\"potentialAction\":[{\"@type\":\"SearchAction\",\"target\":{\"@type\":\"EntryPoint\",\"urlTemplate\":\"https:\\\/\\\/raymarine.ee\\\/?s={search_term_string}\"},\"query-input\":{\"@type\":\"PropertyValueSpecification\",\"valueRequired\":true,\"valueName\":\"search_term_string\"}}],\"inLanguage\":\"en-GB\"},{\"@type\":\"Organization\",\"@id\":\"https:\\\/\\\/raymarine.ee\\\/#organization\",\"name\":\"NavSystems O\u00dc\",\"url\":\"https:\\\/\\\/raymarine.ee\\\/\",\"logo\":{\"@type\":\"ImageObject\",\"inLanguage\":\"en-GB\",\"@id\":\"https:\\\/\\\/raymarine.ee\\\/#\\\/schema\\\/logo\\\/image\\\/\",\"url\":\"https:\\\/\\\/raymarine.ee\\\/wp-content\\\/uploads\\\/2024\\\/10\\\/Screenshot-2024-10-15-151324_bg_removed.webp\",\"contentUrl\":\"https:\\\/\\\/raymarine.ee\\\/wp-content\\\/uploads\\\/2024\\\/10\\\/Screenshot-2024-10-15-151324_bg_removed.webp\",\"width\":420,\"height\":276,\"caption\":\"NavSystems O\u00dc\"},\"image\":{\"@id\":\"https:\\\/\\\/raymarine.ee\\\/#\\\/schema\\\/logo\\\/image\\\/\"},\"sameAs\":[\"https:\\\/\\\/www.facebook.com\\\/NavSystems\"],\"legalName\":\"NavSystems O\u00dc\",\"foundingDate\":\"2011-05-03\",\"numberOfEmployees\":{\"@type\":\"QuantitativeValue\",\"minValue\":\"1\",\"maxValue\":\"10\"}}]}<\/script>\n<meta property=\"product:price:amount\" content=\"822.00\" \/>\n<meta property=\"product:price:currency\" content=\"EUR\" \/>\n<meta property=\"og:availability\" content=\"instock\" \/>\n<meta property=\"product:availability\" content=\"instock\" \/>\n<meta property=\"product:retailer_item_id\" content=\"E70329\" \/>\n<meta property=\"product:condition\" content=\"new\" \/>\n<!-- \/ Yoast SEO Premium plugin. -->","yoast_head_json":{"title":"Raymarine p70Rs - Autopiloodi juhtpaneel - NavSystems Mereelektroonika","description":"Raymarine p70Rs autopiloodi juhtpaneel mootorpaadile \u2013 intuitiivne 3.5-tolline h\u00e4sti loetav ekraan mis \u00fchildub Evolution, SPX ja ST seeria autopilootidega.","robots":{"index":"index","follow":"follow","max-snippet":"max-snippet:-1","max-image-preview":"max-image-preview:large","max-video-preview":"max-video-preview:-1"},"canonical":"https:\/\/raymarine.ee\/en\/product\/raymarine-p70rs-autopilot-control-head\/","og_locale":"en_GB","og_type":"article","og_title":"Raymarine p70Rs Autopilot Control Head","og_description":"Raymarine p70Rs autopiloodi juhtpaneel mootorpaadile \u2013 intuitiivne 3.5-tolline h\u00e4sti loetav ekraan mis \u00fchildub Evolution, SPX ja ST seeria autopilootidega.","og_url":"https:\/\/raymarine.ee\/en\/product\/raymarine-p70rs-autopilot-control-head\/","og_site_name":"NavSystems","article_publisher":"https:\/\/www.facebook.com\/NavSystems","article_modified_time":"2026-04-22T19:08:11+00:00","og_image":[{"width":1024,"height":1024,"url":"https:\/\/raymarine.ee\/wp-content\/uploads\/2024\/10\/99627356-ff38-452e-818f-e0274b3a0482.webp","type":"image\/webp"}],"twitter_card":"summary_large_image","twitter_misc":{"Price":"822,00&nbsp;&euro;","Availability":"In stock"},"schema":{"@context":"https:\/\/schema.org","@graph":[{"@type":"WebPage","@id":"https:\/\/raymarine.ee\/product\/raymarine-p70rs-autopilot-control-head\/","url":"https:\/\/raymarine.ee\/product\/raymarine-p70rs-autopilot-control-head\/","name":"Raymarine p70Rs - Autopiloodi juhtpaneel - NavSystems Mereelektroonika","isPartOf":{"@id":"https:\/\/raymarine.ee\/#website"},"primaryImageOfPage":{"@id":"https:\/\/raymarine.ee\/product\/raymarine-p70rs-autopilot-control-head\/#primaryimage"},"image":{"@id":"https:\/\/raymarine.ee\/product\/raymarine-p70rs-autopilot-control-head\/#primaryimage"},"thumbnailUrl":"https:\/\/raymarine.ee\/wp-content\/uploads\/2024\/10\/99627356-ff38-452e-818f-e0274b3a0482.webp","datePublished":"2024-10-27T12:53:27+00:00","dateModified":"2026-04-22T19:08:11+00:00","description":"Raymarine p70Rs autopiloodi juhtpaneel mootorpaadile \u2013 intuitiivne 3.5-tolline h\u00e4sti loetav ekraan mis \u00fchildub Evolution, SPX ja ST seeria autopilootidega.","breadcrumb":{"@id":"https:\/\/raymarine.ee\/product\/raymarine-p70rs-autopilot-control-head\/#breadcrumb"},"inLanguage":"en-GB","potentialAction":[{"@type":"ReadAction","target":["https:\/\/raymarine.ee\/product\/raymarine-p70rs-autopilot-control-head\/"]}]},{"@type":"ImageObject","inLanguage":"en-GB","@id":"https:\/\/raymarine.ee\/product\/raymarine-p70rs-autopilot-control-head\/#primaryimage","url":"https:\/\/raymarine.ee\/wp-content\/uploads\/2024\/10\/99627356-ff38-452e-818f-e0274b3a0482.webp","contentUrl":"https:\/\/raymarine.ee\/wp-content\/uploads\/2024\/10\/99627356-ff38-452e-818f-e0274b3a0482.webp","width":1024,"height":1024},{"@type":"BreadcrumbList","@id":"https:\/\/raymarine.ee\/product\/raymarine-p70rs-autopilot-control-head\/#breadcrumb","itemListElement":[{"@type":"ListItem","position":1,"name":"Home","item":"https:\/\/raymarine.ee\/"},{"@type":"ListItem","position":2,"name":"Tooted","item":"https:\/\/raymarine.ee\/shop\/"},{"@type":"ListItem","position":3,"name":"Raymarine p70Rs Autopilot Control Head"}]},{"@type":"WebSite","@id":"https:\/\/raymarine.ee\/#website","url":"https:\/\/raymarine.ee\/","name":"www.raymarine.ee","description":"Mereelektroonika, kaardiplotter, autopiloot, pinnipiloot, roolipiloot, radar, AIS, VHF, Smart Wind","publisher":{"@id":"https:\/\/raymarine.ee\/#organization"},"alternateName":"Raymarine","potentialAction":[{"@type":"SearchAction","target":{"@type":"EntryPoint","urlTemplate":"https:\/\/raymarine.ee\/?s={search_term_string}"},"query-input":{"@type":"PropertyValueSpecification","valueRequired":true,"valueName":"search_term_string"}}],"inLanguage":"en-GB"},{"@type":"Organization","@id":"https:\/\/raymarine.ee\/#organization","name":"NavSystems O\u00dc","url":"https:\/\/raymarine.ee\/","logo":{"@type":"ImageObject","inLanguage":"en-GB","@id":"https:\/\/raymarine.ee\/#\/schema\/logo\/image\/","url":"https:\/\/raymarine.ee\/wp-content\/uploads\/2024\/10\/Screenshot-2024-10-15-151324_bg_removed.webp","contentUrl":"https:\/\/raymarine.ee\/wp-content\/uploads\/2024\/10\/Screenshot-2024-10-15-151324_bg_removed.webp","width":420,"height":276,"caption":"NavSystems O\u00dc"},"image":{"@id":"https:\/\/raymarine.ee\/#\/schema\/logo\/image\/"},"sameAs":["https:\/\/www.facebook.com\/NavSystems"],"legalName":"NavSystems O\u00dc","foundingDate":"2011-05-03","numberOfEmployees":{"@type":"QuantitativeValue","minValue":"1","maxValue":"10"}}]},"product_price_amount":"822.00","product_price_currency":"EUR","og_availability":"instock","product_availability":"instock","product_retailer_item_id":"E70329","product_condition":"new"},"jetpack_sharing_enabled":true,"_links":{"self":[{"href":"https:\/\/raymarine.ee\/en\/wp-json\/wp\/v2\/product\/5541","targetHints":{"allow":["GET"]}}],"collection":[{"href":"https:\/\/raymarine.ee\/en\/wp-json\/wp\/v2\/product"}],"about":[{"href":"https:\/\/raymarine.ee\/en\/wp-json\/wp\/v2\/types\/product"}],"wp:featuredmedia":[{"embeddable":true,"href":"https:\/\/raymarine.ee\/en\/wp-json\/wp\/v2\/media\/7819"}],"wp:attachment":[{"href":"https:\/\/raymarine.ee\/en\/wp-json\/wp\/v2\/media?parent=5541"}],"wp:term":[{"taxonomy":"product_brand","embeddable":true,"href":"https:\/\/raymarine.ee\/en\/wp-json\/wp\/v2\/product_brand?post=5541"},{"taxonomy":"product_cat","embeddable":true,"href":"https:\/\/raymarine.ee\/en\/wp-json\/wp\/v2\/product_cat?post=5541"},{"taxonomy":"product_tag","embeddable":true,"href":"https:\/\/raymarine.ee\/en\/wp-json\/wp\/v2\/product_tag?post=5541"}],"curies":[{"name":"wp","href":"https:\/\/api.w.org\/{rel}","templated":true}]}}