{"id":5543,"date":"2024-10-27T12:54:58","date_gmt":"2024-10-27T12:54:58","guid":{"rendered":"https:\/\/raymarine.ee\/?post_type=product&#038;p=5543"},"modified":"2026-04-10T12:40:21","modified_gmt":"2026-04-10T09:40:21","slug":"i50-speed-susteem","status":"publish","type":"product","link":"https:\/\/raymarine.ee\/en\/product\/i50-speed-susteem\/","title":{"rendered":"i50 &#038; i60  Wind, Speed, Depth System"},"content":{"rendered":"<h5 class=\"headline_3_style_12\">Product details<\/h5>\n<div id=\"more_info\" class=\"more_info\">\n<div class=\"panel-body\">\n<div id=\"description\">\n<p>This instrument set from Raymarine combines three powerful i-series displays with matching transducers for speed, depth and wind. The components are coordinated in terms of data format, installation and network connection and provide precise values for navigation and ship operation. All units support modern on-board networks and offer a robust, reliable measurement platform.<\/p>\n<p><strong>i50 Log Display with ST900\/P120 Transducer<\/strong><br \/>\nThe i50 log display provides a clear readout of speed through the water, trip and total distance, and water temperature. Large digits and the familiar i-Series user interface make it easy to read the information at a glance\u2014even in difficult lighting.<br \/>\nThe included ST900\/P120 thru-hull transducer uses a low-profile paddle wheel to deliver accurate speed readings, even at low speeds, while also measuring water temperature. Its nearly flush installation minimises drag and ensures consistent performance, even when conditions change.<\/p>\n<p><strong>Features:<\/strong><\/p>\n<ul data-bulletedlist=\"true\">\n<li>Accurate speed measurement through the water<\/li>\n<li>Built-in temperature sensor<\/li>\n<li>Low-profile design to reduce turbulence<\/li>\n<\/ul>\n<p><strong>i50 Depth Display with P319 Depth Transducer<\/strong><br \/>\nIt also features configurable shallow- and deep-water alarms, making it ideal for continuous monitoring in a wide range of environments.<br \/>\nThe P319 low-profile thru-hull transducer is suitable for fiberglass and metal hulls. Its flush design minimizes turbulence at the measurement point and delivers clean, stable echo-sounder signals.<\/p>\n<p><strong>Features:<\/strong><\/p>\n<ul data-bulletedlist=\"true\">\n<li>Stable, accurate depth measurement<\/li>\n<li>Minimal water flow disturbance thanks to flush mounting<\/li>\n<li>Reliable performance on various hull materials<\/li>\n<\/ul>\n<p><strong>i60 Wind Display with Short-Arm Wind Transducer<\/strong><br \/>\nThe i60 wind display combines a traditional analog wind-angle needle with digital data such as apparent and true wind speed, plus VMG. The large analog indicator makes the wind angle easy to interpret at a glance, while the digital display presents additional performance information clearly and logically.<br \/>\nThe short-arm wind transducer, supplied with a 30-meter cable, provides precise measurements of wind angle and speed. Its rugged design is built for long-term exposure at the masthead, ensuring dependable data for the i60 display.<\/p>\n<p><strong>Features:<\/strong><\/p>\n<ul data-bulletedlist=\"true\">\n<li>Analog wind-angle display with additional digital data<\/li>\n<li>Precise measurement of wind direction and speed<\/li>\n<li>Long cable for flexible installation on the mast<\/li>\n<\/ul>\n<p>&nbsp;<\/p>\n<\/div>\n<\/div>\n<\/div>\n<p><strong>Juhendid:<\/strong><\/p>\n<p>Lae alla\u00a0<a href=\"https:\/\/raymarine.ee\/wp-content\/uploads\/2026\/04\/i50-Installation-and-Operation-Instructions-81341-Rev-6-EN.pdf\" target=\"_blank\" rel=\"noopener\" data-wpel-link=\"internal\">i50 paigaldus- ja kasutusjuhend<\/a><\/p>\n<p>Lae alla\u00a0<a href=\"https:\/\/raymarine.ee\/wp-content\/uploads\/2026\/04\/i60-Installation-and-Operation-Instructions-81342-Rev-6-EN.pdf\" target=\"_blank\" rel=\"noopener\" data-wpel-link=\"internal\">i60 paigaldus- ja kasutusjuhend<\/a><\/p>\n<p>Lae alla\u00a0<a href=\"https:\/\/raymarine.ee\/wp-content\/uploads\/2026\/04\/E22078-E22079-Long-Short-Arm-Wind-Vane-Installation-Instructions-87220-Rev-3-EN.pdf\" target=\"_blank\" rel=\"noopener\" data-wpel-link=\"internal\">Wind Vane paigaldusjuhend<\/a><\/p>\n<p>Lae alla\u00a0<a href=\"https:\/\/raymarine.ee\/wp-content\/uploads\/2026\/04\/P319-Traditional-Installation-.pdf\" target=\"_blank\" rel=\"noopener\" data-wpel-link=\"internal\">P319 s\u00fcgavusanduri paigaldusjuhend<\/a><\/p>\n<p>Lae alla\u00a0<a href=\"https:\/\/raymarine.ee\/wp-content\/uploads\/2026\/04\/ST-800-P120.pdf\" target=\"_blank\" rel=\"noopener\" data-wpel-link=\"internal\">P120 kiiruse- ja temperatuurianduri paigaldusjuhend<\/a><\/p>\n<p>Vaata\u00a0<a href=\"https:\/\/www.raymarine.com\/en-gb\/our-products\/marine-instruments\" target=\"_blank\" rel=\"noopener\">Raymarine instrumentide<\/a>\u00a0tutvustust.<\/p>","protected":false},"excerpt":{"rendered":"<p>See Raymarine instrumendikomplekt pakub kolme eraldiseisva instrumendiga t\u00e4pset ja vastupidavat lahendust purjepaatidele. i50 logi ja s\u00fcgavuse n\u00e4idikute ning i60 tuulen\u00e4idiku abil on kiiruse-, s\u00fcgavuse- ja tuulen\u00e4idud selgelt loetavad. ST900\/P120 l\u00e4bi kere paigaldatav kiiruse\/temperatuuri andur, P319 s\u00fcgavusandur ja l\u00fchikese varrega Wind Vane tuuleandur pakuvad usaldusv\u00e4\u00e4rseid m\u00f5\u00f5tmistulemusi ja v\u00f5imaldavad t\u00e4pselt ja koordineeritud integratsiooni \u00fclej\u00e4\u00e4nud navigatsiooniseadmetega. Tutvu kindlasti ka selle komplekti\u00a0juhenditega\u00a0ja k\u00fcsimuste korral pea n\u00f5u meie spetsialistiga.<\/p>","protected":false},"featured_media":9623,"template":"","meta":{"_acf_changed":false},"product_brand":[134],"product_cat":[69,343],"product_tag":[],"class_list":{"0":"post-5543","1":"product","2":"type-product","3":"status-publish","4":"has-post-thumbnail","6":"product_brand-raymarine","7":"product_cat-i50_i60","8":"product_cat-kampaaniad","10":"first","11":"onbackorder","12":"sale","13":"featured","14":"taxable","15":"shipping-taxable","16":"purchasable","17":"product-type-simple"},"acf":[],"yoast_head":"<!-- This site is optimized with the Yoast SEO Premium plugin v27.5 (Yoast SEO v27.5) - https:\/\/yoast.com\/product\/yoast-seo-premium-wordpress\/ -->\n<title>i50 &amp; i60 Wind, Speed, Depth System - NavSystems Mereelektroonika<\/title>\n<meta name=\"description\" content=\"Kaardiplotter, autopiloot, vhf, radar, pinnipiloot, roolipiloot, tuules\u00fcsteem, dst810, rsw wind, wind vane,\" \/>\n<meta name=\"robots\" content=\"index, follow, max-snippet:-1, max-image-preview:large, max-video-preview:-1\" \/>\n<link rel=\"canonical\" href=\"https:\/\/raymarine.ee\/en\/product\/i50-speed-susteem\/\" \/>\n<meta property=\"og:locale\" content=\"en_GB\" \/>\n<meta property=\"og:type\" content=\"article\" \/>\n<meta property=\"og:title\" content=\"i50 &amp; i60 Wind, Speed, Depth System\" \/>\n<meta property=\"og:description\" content=\"Kaardiplotter, autopiloot, vhf, radar, pinnipiloot, roolipiloot, tuules\u00fcsteem, dst810, rsw wind, wind vane,\" \/>\n<meta property=\"og:url\" content=\"https:\/\/raymarine.ee\/en\/product\/i50-speed-susteem\/\" \/>\n<meta property=\"og:site_name\" content=\"NavSystems\" \/>\n<meta property=\"article:publisher\" content=\"https:\/\/www.facebook.com\/NavSystems\" \/>\n<meta property=\"article:modified_time\" content=\"2026-04-10T09:40:21+00:00\" \/>\n<meta property=\"og:image\" content=\"https:\/\/raymarine.ee\/wp-content\/uploads\/2024\/10\/raymarine-t70584.jpg\" \/>\n\t<meta property=\"og:image:width\" content=\"600\" \/>\n\t<meta property=\"og:image:height\" content=\"468\" \/>\n\t<meta property=\"og:image:type\" content=\"image\/jpeg\" \/>\n<meta name=\"twitter:card\" content=\"summary_large_image\" \/>\n<meta name=\"twitter:label1\" content=\"Price\" \/>\n\t<meta name=\"twitter:data1\" content=\"1 929,44&nbsp;&euro;\" \/>\n\t<meta name=\"twitter:label2\" content=\"Availability\" \/>\n\t<meta name=\"twitter:data2\" content=\"On back order\" \/>\n<script type=\"application\/ld+json\" class=\"yoast-schema-graph\">{\"@context\":\"https:\\\/\\\/schema.org\",\"@graph\":[{\"@type\":\"WebPage\",\"@id\":\"https:\\\/\\\/raymarine.ee\\\/product\\\/i50-speed-susteem\\\/\",\"url\":\"https:\\\/\\\/raymarine.ee\\\/product\\\/i50-speed-susteem\\\/\",\"name\":\"i50 & i60 Wind, Speed, Depth System - NavSystems Mereelektroonika\",\"isPartOf\":{\"@id\":\"https:\\\/\\\/raymarine.ee\\\/#website\"},\"primaryImageOfPage\":{\"@id\":\"https:\\\/\\\/raymarine.ee\\\/product\\\/i50-speed-susteem\\\/#primaryimage\"},\"image\":{\"@id\":\"https:\\\/\\\/raymarine.ee\\\/product\\\/i50-speed-susteem\\\/#primaryimage\"},\"thumbnailUrl\":\"https:\\\/\\\/raymarine.ee\\\/wp-content\\\/uploads\\\/2024\\\/10\\\/raymarine-t70584.jpg\",\"datePublished\":\"2024-10-27T12:54:58+00:00\",\"dateModified\":\"2026-04-10T09:40:21+00:00\",\"description\":\"Kaardiplotter, autopiloot, vhf, radar, pinnipiloot, roolipiloot, tuules\u00fcsteem, dst810, rsw wind, wind vane,\",\"breadcrumb\":{\"@id\":\"https:\\\/\\\/raymarine.ee\\\/product\\\/i50-speed-susteem\\\/#breadcrumb\"},\"inLanguage\":\"en-GB\",\"potentialAction\":[{\"@type\":\"ReadAction\",\"target\":[\"https:\\\/\\\/raymarine.ee\\\/product\\\/i50-speed-susteem\\\/\"]}]},{\"@type\":\"ImageObject\",\"inLanguage\":\"en-GB\",\"@id\":\"https:\\\/\\\/raymarine.ee\\\/product\\\/i50-speed-susteem\\\/#primaryimage\",\"url\":\"https:\\\/\\\/raymarine.ee\\\/wp-content\\\/uploads\\\/2024\\\/10\\\/raymarine-t70584.jpg\",\"contentUrl\":\"https:\\\/\\\/raymarine.ee\\\/wp-content\\\/uploads\\\/2024\\\/10\\\/raymarine-t70584.jpg\",\"width\":600,\"height\":468,\"caption\":\"t70584\"},{\"@type\":\"BreadcrumbList\",\"@id\":\"https:\\\/\\\/raymarine.ee\\\/product\\\/i50-speed-susteem\\\/#breadcrumb\",\"itemListElement\":[{\"@type\":\"ListItem\",\"position\":1,\"name\":\"Home\",\"item\":\"https:\\\/\\\/raymarine.ee\\\/\"},{\"@type\":\"ListItem\",\"position\":2,\"name\":\"Tooted\",\"item\":\"https:\\\/\\\/raymarine.ee\\\/shop\\\/\"},{\"@type\":\"ListItem\",\"position\":3,\"name\":\"i50 &#038; i60 Wind, Speed, Depth System\"}]},{\"@type\":\"WebSite\",\"@id\":\"https:\\\/\\\/raymarine.ee\\\/#website\",\"url\":\"https:\\\/\\\/raymarine.ee\\\/\",\"name\":\"www.raymarine.ee\",\"description\":\"Mereelektroonika, kaardiplotter, autopiloot, pinnipiloot, roolipiloot, radar, AIS, VHF, Smart Wind\",\"publisher\":{\"@id\":\"https:\\\/\\\/raymarine.ee\\\/#organization\"},\"alternateName\":\"Raymarine\",\"potentialAction\":[{\"@type\":\"SearchAction\",\"target\":{\"@type\":\"EntryPoint\",\"urlTemplate\":\"https:\\\/\\\/raymarine.ee\\\/?s={search_term_string}\"},\"query-input\":{\"@type\":\"PropertyValueSpecification\",\"valueRequired\":true,\"valueName\":\"search_term_string\"}}],\"inLanguage\":\"en-GB\"},{\"@type\":\"Organization\",\"@id\":\"https:\\\/\\\/raymarine.ee\\\/#organization\",\"name\":\"NavSystems O\u00dc\",\"url\":\"https:\\\/\\\/raymarine.ee\\\/\",\"logo\":{\"@type\":\"ImageObject\",\"inLanguage\":\"en-GB\",\"@id\":\"https:\\\/\\\/raymarine.ee\\\/#\\\/schema\\\/logo\\\/image\\\/\",\"url\":\"https:\\\/\\\/raymarine.ee\\\/wp-content\\\/uploads\\\/2024\\\/10\\\/Screenshot-2024-10-15-151324_bg_removed.webp\",\"contentUrl\":\"https:\\\/\\\/raymarine.ee\\\/wp-content\\\/uploads\\\/2024\\\/10\\\/Screenshot-2024-10-15-151324_bg_removed.webp\",\"width\":420,\"height\":276,\"caption\":\"NavSystems O\u00dc\"},\"image\":{\"@id\":\"https:\\\/\\\/raymarine.ee\\\/#\\\/schema\\\/logo\\\/image\\\/\"},\"sameAs\":[\"https:\\\/\\\/www.facebook.com\\\/NavSystems\"],\"legalName\":\"NavSystems O\u00dc\",\"foundingDate\":\"2011-05-03\",\"numberOfEmployees\":{\"@type\":\"QuantitativeValue\",\"minValue\":\"1\",\"maxValue\":\"10\"}}]}<\/script>\n<meta property=\"product:price:amount\" content=\"1929.44\" \/>\n<meta property=\"product:price:currency\" content=\"EUR\" \/>\n<meta property=\"og:availability\" content=\"backorder\" \/>\n<meta property=\"product:availability\" content=\"available for order\" \/>\n<meta property=\"product:retailer_item_id\" content=\"T70584\" \/>\n<meta property=\"product:condition\" content=\"new\" \/>\n<!-- \/ Yoast SEO Premium plugin. -->","yoast_head_json":{"title":"i50 & i60 Wind, Speed, Depth System - NavSystems Mereelektroonika","description":"Kaardiplotter, autopiloot, vhf, radar, pinnipiloot, roolipiloot, tuules\u00fcsteem, dst810, rsw wind, wind vane,","robots":{"index":"index","follow":"follow","max-snippet":"max-snippet:-1","max-image-preview":"max-image-preview:large","max-video-preview":"max-video-preview:-1"},"canonical":"https:\/\/raymarine.ee\/en\/product\/i50-speed-susteem\/","og_locale":"en_GB","og_type":"article","og_title":"i50 & i60 Wind, Speed, Depth System","og_description":"Kaardiplotter, autopiloot, vhf, radar, pinnipiloot, roolipiloot, tuules\u00fcsteem, dst810, rsw wind, wind vane,","og_url":"https:\/\/raymarine.ee\/en\/product\/i50-speed-susteem\/","og_site_name":"NavSystems","article_publisher":"https:\/\/www.facebook.com\/NavSystems","article_modified_time":"2026-04-10T09:40:21+00:00","og_image":[{"width":600,"height":468,"url":"https:\/\/raymarine.ee\/wp-content\/uploads\/2024\/10\/raymarine-t70584.jpg","type":"image\/jpeg"}],"twitter_card":"summary_large_image","twitter_misc":{"Price":"1 929,44&nbsp;&euro;","Availability":"On back order"},"schema":{"@context":"https:\/\/schema.org","@graph":[{"@type":"WebPage","@id":"https:\/\/raymarine.ee\/product\/i50-speed-susteem\/","url":"https:\/\/raymarine.ee\/product\/i50-speed-susteem\/","name":"i50 & i60 Wind, Speed, Depth System - NavSystems Mereelektroonika","isPartOf":{"@id":"https:\/\/raymarine.ee\/#website"},"primaryImageOfPage":{"@id":"https:\/\/raymarine.ee\/product\/i50-speed-susteem\/#primaryimage"},"image":{"@id":"https:\/\/raymarine.ee\/product\/i50-speed-susteem\/#primaryimage"},"thumbnailUrl":"https:\/\/raymarine.ee\/wp-content\/uploads\/2024\/10\/raymarine-t70584.jpg","datePublished":"2024-10-27T12:54:58+00:00","dateModified":"2026-04-10T09:40:21+00:00","description":"Kaardiplotter, autopiloot, vhf, radar, pinnipiloot, roolipiloot, tuules\u00fcsteem, dst810, rsw wind, wind vane,","breadcrumb":{"@id":"https:\/\/raymarine.ee\/product\/i50-speed-susteem\/#breadcrumb"},"inLanguage":"en-GB","potentialAction":[{"@type":"ReadAction","target":["https:\/\/raymarine.ee\/product\/i50-speed-susteem\/"]}]},{"@type":"ImageObject","inLanguage":"en-GB","@id":"https:\/\/raymarine.ee\/product\/i50-speed-susteem\/#primaryimage","url":"https:\/\/raymarine.ee\/wp-content\/uploads\/2024\/10\/raymarine-t70584.jpg","contentUrl":"https:\/\/raymarine.ee\/wp-content\/uploads\/2024\/10\/raymarine-t70584.jpg","width":600,"height":468,"caption":"t70584"},{"@type":"BreadcrumbList","@id":"https:\/\/raymarine.ee\/product\/i50-speed-susteem\/#breadcrumb","itemListElement":[{"@type":"ListItem","position":1,"name":"Home","item":"https:\/\/raymarine.ee\/"},{"@type":"ListItem","position":2,"name":"Tooted","item":"https:\/\/raymarine.ee\/shop\/"},{"@type":"ListItem","position":3,"name":"i50 &#038; i60 Wind, Speed, Depth System"}]},{"@type":"WebSite","@id":"https:\/\/raymarine.ee\/#website","url":"https:\/\/raymarine.ee\/","name":"www.raymarine.ee","description":"Mereelektroonika, kaardiplotter, autopiloot, pinnipiloot, roolipiloot, radar, AIS, VHF, Smart Wind","publisher":{"@id":"https:\/\/raymarine.ee\/#organization"},"alternateName":"Raymarine","potentialAction":[{"@type":"SearchAction","target":{"@type":"EntryPoint","urlTemplate":"https:\/\/raymarine.ee\/?s={search_term_string}"},"query-input":{"@type":"PropertyValueSpecification","valueRequired":true,"valueName":"search_term_string"}}],"inLanguage":"en-GB"},{"@type":"Organization","@id":"https:\/\/raymarine.ee\/#organization","name":"NavSystems O\u00dc","url":"https:\/\/raymarine.ee\/","logo":{"@type":"ImageObject","inLanguage":"en-GB","@id":"https:\/\/raymarine.ee\/#\/schema\/logo\/image\/","url":"https:\/\/raymarine.ee\/wp-content\/uploads\/2024\/10\/Screenshot-2024-10-15-151324_bg_removed.webp","contentUrl":"https:\/\/raymarine.ee\/wp-content\/uploads\/2024\/10\/Screenshot-2024-10-15-151324_bg_removed.webp","width":420,"height":276,"caption":"NavSystems O\u00dc"},"image":{"@id":"https:\/\/raymarine.ee\/#\/schema\/logo\/image\/"},"sameAs":["https:\/\/www.facebook.com\/NavSystems"],"legalName":"NavSystems O\u00dc","foundingDate":"2011-05-03","numberOfEmployees":{"@type":"QuantitativeValue","minValue":"1","maxValue":"10"}}]},"product_price_amount":"1929.44","product_price_currency":"EUR","og_availability":"backorder","product_availability":"available for order","product_retailer_item_id":"T70584","product_condition":"new"},"jetpack_sharing_enabled":true,"_links":{"self":[{"href":"https:\/\/raymarine.ee\/en\/wp-json\/wp\/v2\/product\/5543","targetHints":{"allow":["GET"]}}],"collection":[{"href":"https:\/\/raymarine.ee\/en\/wp-json\/wp\/v2\/product"}],"about":[{"href":"https:\/\/raymarine.ee\/en\/wp-json\/wp\/v2\/types\/product"}],"wp:featuredmedia":[{"embeddable":true,"href":"https:\/\/raymarine.ee\/en\/wp-json\/wp\/v2\/media\/9623"}],"wp:attachment":[{"href":"https:\/\/raymarine.ee\/en\/wp-json\/wp\/v2\/media?parent=5543"}],"wp:term":[{"taxonomy":"product_brand","embeddable":true,"href":"https:\/\/raymarine.ee\/en\/wp-json\/wp\/v2\/product_brand?post=5543"},{"taxonomy":"product_cat","embeddable":true,"href":"https:\/\/raymarine.ee\/en\/wp-json\/wp\/v2\/product_cat?post=5543"},{"taxonomy":"product_tag","embeddable":true,"href":"https:\/\/raymarine.ee\/en\/wp-json\/wp\/v2\/product_tag?post=5543"}],"curies":[{"name":"wp","href":"https:\/\/api.w.org\/{rel}","templated":true}]}}