{"id":5546,"date":"2024-10-27T13:00:58","date_gmt":"2024-10-27T13:00:58","guid":{"rendered":"https:\/\/raymarine.ee\/?post_type=product&#038;p=5546"},"modified":"2025-02-04T18:56:40","modified_gmt":"2025-02-04T16:56:40","slug":"seatalk-ng-backbone-kit","status":"publish","type":"product","link":"https:\/\/raymarine.ee\/en\/product\/seatalk-ng-backbone-kit\/","title":{"rendered":"SeaTalk NG Backbone Kit"},"content":{"rendered":"<h4>Overview<\/h4>\n<p>The SeaTalk<sup>NG\u00a0<\/sup>Backbone kit contains everything you need to construct and wire a basic SeaTalk<sup>NG\u00a0<\/sup>navigation network backbone on board your vessel.\u00a0 The kit contains the following components:<\/p>\n<ul>\n<li>A06031 SeaTalk<sup>NG\u00a0<\/sup>Terminators (Qty. 2)<\/li>\n<li>A06037 Backbone Cable, 20m<\/li>\n<li>A06036 Backbone Cable, 5m (Qty. 2)<\/li>\n<li>A06028 T-Piece (Qty. 4)<\/li>\n<li>A06049 Network Power Cable<\/li>\n<li>81300 SeaTalk<sup>NG\u00a0<\/sup>Reference Manual<\/li>\n<\/ul>\n<p>ST70 Displays, transducer pods, transducers and network spurs are not included.<\/p>\n<p>K\u00f5ik Raymarine SeaTalk NG kaablid ja liitmikud on v\u00e4rvidega kodeeritud:<\/p>\n<p>Liitmiku\u00a0sinine pesa sobib sinine\/must kaabliga, mis on BackBone ehk p\u00f5hikaabel, nn.\u00a0selgroog, tuntud ka kui:\u00a0Trunk Cable<br \/>\nLiitmiku valge pesa sobib valge\/must kaabliga mis on SPUR ehk harukaabel, tuntud ka kui:\u00a0Drop Cable (Drop Trunk Cable)<br \/>\nVale kaabel valesse pesasse ei sobi. Paigaldust ettevalmistades tehke plaan nii, et sobiva pikkusega\u00a0BackBone kaabel jookseks<br \/>\nl\u00e4bi igalt poolt kuhu on vaja paigaldada NMEA2000 seadmed. T\u00e4htsates punktides on katkestus\u00a0kuhu saab paigaldada T- liitmiku<br \/>\nv\u00f5i 5-Way liitmiku ja \u00fckski instrument mis \u00fchendatakse harukaabliga BackBone peal oleva liitmiku k\u00fclge poleks kaugemal kui 5m.<\/p>\n<p><a href=\"https:\/\/raymarine.ee\/en\/public\/files\/Raymarine\/Juhendid\/SeaTalkNG_RefManual.pdf\/\" target=\"_blank\" rel=\"noopener\">Lae alla Seatalk NG\u00a0juhend.<\/a><\/p>\n<p><a href=\"http:\/\/www.raymarine.com\/view\/?id=5536\" target=\"_blank\" rel=\"noopener\">Vaata lisa tootja kodulehelt.<\/a><\/p>","protected":false},"excerpt":{"rendered":"<p>Overview The SeaTalkNG\u00a0Backbone kit contains everything you need to construct and wire a basic SeaTalkNG\u00a0navigation network backbone on board your vessel.\u00a0 The kit contains the following components: A06031 SeaTalkNG\u00a0Terminators (Qty. 2) A06037 Backbone Cable, 20m A06036 Backbone Cable, 5m (Qty. 2) A06028 T-Piece (Qty. 4) A06049 Network Power Cable 81300 SeaTalkNG\u00a0Reference Manual ST70 Displays, transducer [&hellip;]<\/p>\n","protected":false},"featured_media":6076,"template":"","meta":{"_acf_changed":false},"product_brand":[134],"product_cat":[103,83],"product_tag":[],"class_list":{"0":"post-5546","1":"product","2":"type-product","3":"status-publish","4":"has-post-thumbnail","6":"product_brand-raymarine","7":"product_cat-raymarine","8":"product_cat-stng_tarvikud","10":"first","11":"instock","12":"sale","13":"featured","14":"taxable","15":"shipping-taxable","16":"purchasable","17":"product-type-simple"},"acf":[],"yoast_head":"<!-- This site is optimized with the Yoast SEO Premium plugin v27.5 (Yoast SEO v27.5) - https:\/\/yoast.com\/product\/yoast-seo-premium-wordpress\/ -->\n<title>SeaTalk NG Backbone Kit - NavSystems Mereelektroonika<\/title>\n<meta name=\"description\" content=\"Kaardiplotter, autopiloot, vhf, radar, pinnipiloot, roolipiloot, tuules\u00fcsteem, dst810, rsw wind, wind vane,\" \/>\n<meta name=\"robots\" content=\"index, follow, max-snippet:-1, max-image-preview:large, max-video-preview:-1\" \/>\n<link rel=\"canonical\" href=\"https:\/\/raymarine.ee\/en\/product\/seatalk-ng-backbone-kit\/\" \/>\n<meta property=\"og:locale\" content=\"en_GB\" \/>\n<meta property=\"og:type\" content=\"article\" \/>\n<meta property=\"og:title\" content=\"SeaTalk NG Backbone Kit\" \/>\n<meta property=\"og:description\" content=\"Kaardiplotter, autopiloot, vhf, radar, pinnipiloot, roolipiloot, tuules\u00fcsteem, dst810, rsw wind, wind vane,\" \/>\n<meta property=\"og:url\" content=\"https:\/\/raymarine.ee\/en\/product\/seatalk-ng-backbone-kit\/\" \/>\n<meta property=\"og:site_name\" content=\"NavSystems\" \/>\n<meta property=\"article:publisher\" content=\"https:\/\/www.facebook.com\/NavSystems\" \/>\n<meta property=\"article:modified_time\" content=\"2025-02-04T16:56:40+00:00\" \/>\n<meta property=\"og:image\" content=\"https:\/\/raymarine.ee\/wp-content\/uploads\/2024\/10\/STNG_starter_kit_A25062.webp\" \/>\n\t<meta property=\"og:image:width\" content=\"800\" \/>\n\t<meta property=\"og:image:height\" content=\"800\" \/>\n\t<meta property=\"og:image:type\" content=\"image\/webp\" \/>\n<meta name=\"twitter:card\" content=\"summary_large_image\" \/>\n<meta name=\"twitter:label1\" content=\"Price\" \/>\n\t<meta name=\"twitter:data1\" content=\"337,00&nbsp;&euro;\" \/>\n\t<meta name=\"twitter:label2\" content=\"Availability\" \/>\n\t<meta name=\"twitter:data2\" content=\"In stock\" \/>\n<script type=\"application\/ld+json\" class=\"yoast-schema-graph\">{\"@context\":\"https:\\\/\\\/schema.org\",\"@graph\":[{\"@type\":\"WebPage\",\"@id\":\"https:\\\/\\\/raymarine.ee\\\/product\\\/seatalk-ng-backbone-kit\\\/\",\"url\":\"https:\\\/\\\/raymarine.ee\\\/product\\\/seatalk-ng-backbone-kit\\\/\",\"name\":\"SeaTalk NG Backbone Kit - NavSystems Mereelektroonika\",\"isPartOf\":{\"@id\":\"https:\\\/\\\/raymarine.ee\\\/#website\"},\"primaryImageOfPage\":{\"@id\":\"https:\\\/\\\/raymarine.ee\\\/product\\\/seatalk-ng-backbone-kit\\\/#primaryimage\"},\"image\":{\"@id\":\"https:\\\/\\\/raymarine.ee\\\/product\\\/seatalk-ng-backbone-kit\\\/#primaryimage\"},\"thumbnailUrl\":\"https:\\\/\\\/raymarine.ee\\\/wp-content\\\/uploads\\\/2024\\\/10\\\/STNG_starter_kit_A25062.webp\",\"datePublished\":\"2024-10-27T13:00:58+00:00\",\"dateModified\":\"2025-02-04T16:56:40+00:00\",\"description\":\"Kaardiplotter, autopiloot, vhf, radar, pinnipiloot, roolipiloot, tuules\u00fcsteem, dst810, rsw wind, wind vane,\",\"breadcrumb\":{\"@id\":\"https:\\\/\\\/raymarine.ee\\\/product\\\/seatalk-ng-backbone-kit\\\/#breadcrumb\"},\"inLanguage\":\"en-GB\",\"potentialAction\":[{\"@type\":\"ReadAction\",\"target\":[\"https:\\\/\\\/raymarine.ee\\\/product\\\/seatalk-ng-backbone-kit\\\/\"]}]},{\"@type\":\"ImageObject\",\"inLanguage\":\"en-GB\",\"@id\":\"https:\\\/\\\/raymarine.ee\\\/product\\\/seatalk-ng-backbone-kit\\\/#primaryimage\",\"url\":\"https:\\\/\\\/raymarine.ee\\\/wp-content\\\/uploads\\\/2024\\\/10\\\/STNG_starter_kit_A25062.webp\",\"contentUrl\":\"https:\\\/\\\/raymarine.ee\\\/wp-content\\\/uploads\\\/2024\\\/10\\\/STNG_starter_kit_A25062.webp\",\"width\":800,\"height\":800},{\"@type\":\"BreadcrumbList\",\"@id\":\"https:\\\/\\\/raymarine.ee\\\/product\\\/seatalk-ng-backbone-kit\\\/#breadcrumb\",\"itemListElement\":[{\"@type\":\"ListItem\",\"position\":1,\"name\":\"Home\",\"item\":\"https:\\\/\\\/raymarine.ee\\\/\"},{\"@type\":\"ListItem\",\"position\":2,\"name\":\"Tooted\",\"item\":\"https:\\\/\\\/raymarine.ee\\\/shop\\\/\"},{\"@type\":\"ListItem\",\"position\":3,\"name\":\"SeaTalk NG Backbone Kit\"}]},{\"@type\":\"WebSite\",\"@id\":\"https:\\\/\\\/raymarine.ee\\\/#website\",\"url\":\"https:\\\/\\\/raymarine.ee\\\/\",\"name\":\"www.raymarine.ee\",\"description\":\"Mereelektroonika, kaardiplotter, autopiloot, pinnipiloot, roolipiloot, radar, AIS, VHF, Smart Wind\",\"publisher\":{\"@id\":\"https:\\\/\\\/raymarine.ee\\\/#organization\"},\"alternateName\":\"Raymarine\",\"potentialAction\":[{\"@type\":\"SearchAction\",\"target\":{\"@type\":\"EntryPoint\",\"urlTemplate\":\"https:\\\/\\\/raymarine.ee\\\/?s={search_term_string}\"},\"query-input\":{\"@type\":\"PropertyValueSpecification\",\"valueRequired\":true,\"valueName\":\"search_term_string\"}}],\"inLanguage\":\"en-GB\"},{\"@type\":\"Organization\",\"@id\":\"https:\\\/\\\/raymarine.ee\\\/#organization\",\"name\":\"NavSystems O\u00dc\",\"url\":\"https:\\\/\\\/raymarine.ee\\\/\",\"logo\":{\"@type\":\"ImageObject\",\"inLanguage\":\"en-GB\",\"@id\":\"https:\\\/\\\/raymarine.ee\\\/#\\\/schema\\\/logo\\\/image\\\/\",\"url\":\"https:\\\/\\\/raymarine.ee\\\/wp-content\\\/uploads\\\/2024\\\/10\\\/Screenshot-2024-10-15-151324_bg_removed.webp\",\"contentUrl\":\"https:\\\/\\\/raymarine.ee\\\/wp-content\\\/uploads\\\/2024\\\/10\\\/Screenshot-2024-10-15-151324_bg_removed.webp\",\"width\":420,\"height\":276,\"caption\":\"NavSystems O\u00dc\"},\"image\":{\"@id\":\"https:\\\/\\\/raymarine.ee\\\/#\\\/schema\\\/logo\\\/image\\\/\"},\"sameAs\":[\"https:\\\/\\\/www.facebook.com\\\/NavSystems\"],\"legalName\":\"NavSystems O\u00dc\",\"foundingDate\":\"2011-05-03\",\"numberOfEmployees\":{\"@type\":\"QuantitativeValue\",\"minValue\":\"1\",\"maxValue\":\"10\"}}]}<\/script>\n<meta property=\"product:price:amount\" content=\"337.00\" \/>\n<meta property=\"product:price:currency\" content=\"EUR\" \/>\n<meta property=\"og:availability\" content=\"instock\" \/>\n<meta property=\"product:availability\" content=\"instock\" \/>\n<meta property=\"product:retailer_item_id\" content=\"A25062\" \/>\n<meta property=\"product:condition\" content=\"new\" \/>\n<!-- \/ Yoast SEO Premium plugin. -->","yoast_head_json":{"title":"SeaTalk NG Backbone Kit - NavSystems Mereelektroonika","description":"Kaardiplotter, autopiloot, vhf, radar, pinnipiloot, roolipiloot, tuules\u00fcsteem, dst810, rsw wind, wind vane,","robots":{"index":"index","follow":"follow","max-snippet":"max-snippet:-1","max-image-preview":"max-image-preview:large","max-video-preview":"max-video-preview:-1"},"canonical":"https:\/\/raymarine.ee\/en\/product\/seatalk-ng-backbone-kit\/","og_locale":"en_GB","og_type":"article","og_title":"SeaTalk NG Backbone Kit","og_description":"Kaardiplotter, autopiloot, vhf, radar, pinnipiloot, roolipiloot, tuules\u00fcsteem, dst810, rsw wind, wind vane,","og_url":"https:\/\/raymarine.ee\/en\/product\/seatalk-ng-backbone-kit\/","og_site_name":"NavSystems","article_publisher":"https:\/\/www.facebook.com\/NavSystems","article_modified_time":"2025-02-04T16:56:40+00:00","og_image":[{"width":800,"height":800,"url":"https:\/\/raymarine.ee\/wp-content\/uploads\/2024\/10\/STNG_starter_kit_A25062.webp","type":"image\/webp"}],"twitter_card":"summary_large_image","twitter_misc":{"Price":"337,00&nbsp;&euro;","Availability":"In stock"},"schema":{"@context":"https:\/\/schema.org","@graph":[{"@type":"WebPage","@id":"https:\/\/raymarine.ee\/product\/seatalk-ng-backbone-kit\/","url":"https:\/\/raymarine.ee\/product\/seatalk-ng-backbone-kit\/","name":"SeaTalk NG Backbone Kit - NavSystems Mereelektroonika","isPartOf":{"@id":"https:\/\/raymarine.ee\/#website"},"primaryImageOfPage":{"@id":"https:\/\/raymarine.ee\/product\/seatalk-ng-backbone-kit\/#primaryimage"},"image":{"@id":"https:\/\/raymarine.ee\/product\/seatalk-ng-backbone-kit\/#primaryimage"},"thumbnailUrl":"https:\/\/raymarine.ee\/wp-content\/uploads\/2024\/10\/STNG_starter_kit_A25062.webp","datePublished":"2024-10-27T13:00:58+00:00","dateModified":"2025-02-04T16:56:40+00:00","description":"Kaardiplotter, autopiloot, vhf, radar, pinnipiloot, roolipiloot, tuules\u00fcsteem, dst810, rsw wind, wind vane,","breadcrumb":{"@id":"https:\/\/raymarine.ee\/product\/seatalk-ng-backbone-kit\/#breadcrumb"},"inLanguage":"en-GB","potentialAction":[{"@type":"ReadAction","target":["https:\/\/raymarine.ee\/product\/seatalk-ng-backbone-kit\/"]}]},{"@type":"ImageObject","inLanguage":"en-GB","@id":"https:\/\/raymarine.ee\/product\/seatalk-ng-backbone-kit\/#primaryimage","url":"https:\/\/raymarine.ee\/wp-content\/uploads\/2024\/10\/STNG_starter_kit_A25062.webp","contentUrl":"https:\/\/raymarine.ee\/wp-content\/uploads\/2024\/10\/STNG_starter_kit_A25062.webp","width":800,"height":800},{"@type":"BreadcrumbList","@id":"https:\/\/raymarine.ee\/product\/seatalk-ng-backbone-kit\/#breadcrumb","itemListElement":[{"@type":"ListItem","position":1,"name":"Home","item":"https:\/\/raymarine.ee\/"},{"@type":"ListItem","position":2,"name":"Tooted","item":"https:\/\/raymarine.ee\/shop\/"},{"@type":"ListItem","position":3,"name":"SeaTalk NG Backbone Kit"}]},{"@type":"WebSite","@id":"https:\/\/raymarine.ee\/#website","url":"https:\/\/raymarine.ee\/","name":"www.raymarine.ee","description":"Mereelektroonika, kaardiplotter, autopiloot, pinnipiloot, roolipiloot, radar, AIS, VHF, Smart Wind","publisher":{"@id":"https:\/\/raymarine.ee\/#organization"},"alternateName":"Raymarine","potentialAction":[{"@type":"SearchAction","target":{"@type":"EntryPoint","urlTemplate":"https:\/\/raymarine.ee\/?s={search_term_string}"},"query-input":{"@type":"PropertyValueSpecification","valueRequired":true,"valueName":"search_term_string"}}],"inLanguage":"en-GB"},{"@type":"Organization","@id":"https:\/\/raymarine.ee\/#organization","name":"NavSystems O\u00dc","url":"https:\/\/raymarine.ee\/","logo":{"@type":"ImageObject","inLanguage":"en-GB","@id":"https:\/\/raymarine.ee\/#\/schema\/logo\/image\/","url":"https:\/\/raymarine.ee\/wp-content\/uploads\/2024\/10\/Screenshot-2024-10-15-151324_bg_removed.webp","contentUrl":"https:\/\/raymarine.ee\/wp-content\/uploads\/2024\/10\/Screenshot-2024-10-15-151324_bg_removed.webp","width":420,"height":276,"caption":"NavSystems O\u00dc"},"image":{"@id":"https:\/\/raymarine.ee\/#\/schema\/logo\/image\/"},"sameAs":["https:\/\/www.facebook.com\/NavSystems"],"legalName":"NavSystems O\u00dc","foundingDate":"2011-05-03","numberOfEmployees":{"@type":"QuantitativeValue","minValue":"1","maxValue":"10"}}]},"product_price_amount":"337.00","product_price_currency":"EUR","og_availability":"instock","product_availability":"instock","product_retailer_item_id":"A25062","product_condition":"new"},"jetpack_sharing_enabled":true,"_links":{"self":[{"href":"https:\/\/raymarine.ee\/en\/wp-json\/wp\/v2\/product\/5546","targetHints":{"allow":["GET"]}}],"collection":[{"href":"https:\/\/raymarine.ee\/en\/wp-json\/wp\/v2\/product"}],"about":[{"href":"https:\/\/raymarine.ee\/en\/wp-json\/wp\/v2\/types\/product"}],"wp:featuredmedia":[{"embeddable":true,"href":"https:\/\/raymarine.ee\/en\/wp-json\/wp\/v2\/media\/6076"}],"wp:attachment":[{"href":"https:\/\/raymarine.ee\/en\/wp-json\/wp\/v2\/media?parent=5546"}],"wp:term":[{"taxonomy":"product_brand","embeddable":true,"href":"https:\/\/raymarine.ee\/en\/wp-json\/wp\/v2\/product_brand?post=5546"},{"taxonomy":"product_cat","embeddable":true,"href":"https:\/\/raymarine.ee\/en\/wp-json\/wp\/v2\/product_cat?post=5546"},{"taxonomy":"product_tag","embeddable":true,"href":"https:\/\/raymarine.ee\/en\/wp-json\/wp\/v2\/product_tag?post=5546"}],"curies":[{"name":"wp","href":"https:\/\/api.w.org\/{rel}","templated":true}]}}