{"id":5548,"date":"2024-10-27T13:02:37","date_gmt":"2024-10-27T13:02:37","guid":{"rendered":"https:\/\/raymarine.ee\/?post_type=product&#038;p=5548"},"modified":"2026-04-22T08:05:59","modified_gmt":"2026-04-22T05:05:59","slug":"raymarine-ray53-vhf-raadio-integreeritud-gps-iga","status":"publish","type":"product","link":"https:\/\/raymarine.ee\/en\/product\/raymarine-ray53-vhf-raadio-integreeritud-gps-iga\/","title":{"rendered":"Raymarine Ray53 VHF raadio integreeritud GPS-iga"},"content":{"rendered":"<p><strong>MMSI numbri saab tellida Tarbijakaitse- ja Tehnilise J\u00e4relvalve Ametist<\/strong><\/p>\n<p><a href=\"https:\/\/ttja.ee\/eraklient\/side-ja-meediateenused\/raadioside\/vee-ja-ohusoiduki-raadioload\" target=\"_blank\" rel=\"noopener nofollow external noreferrer\" data-wpel-link=\"external\">https:\/\/ttja.ee\/eraklient\/side-ja-meediateenused\/raadioside\/vee-ja-ohusoiduki-raadioload<\/a><\/p>\n<p><strong>Product details<\/strong><\/p>\n<div class=\"panel-body\">\n<div id=\"description\">\n<p>Raymarine&#8217;s compact Ray53 VHF marine radio features a built-in GPS receiver and offers up-to-date and outstanding performance as well as versatile connectivity.<\/p>\n<p><strong>The most important features at a glance<\/strong><\/p>\n<ul>\n<li>Compact VHF radio with digital selective call (DSC)<\/li>\n<li>Integrated GPS receiver, optional external GPS antenna can be connected<\/li>\n<li>NMEA2000 and NMEA0183 connectivity options<\/li>\n<li>Audio output connector for optional passive remote speakers<\/li>\n<\/ul>\n<p><strong>Technical specifications<\/strong><\/p>\n<div class=\"tableWrapper\">\n<table class=\"ordinary\">\n<tbody>\n<tr>\n<td>Operating temperature<\/td>\n<td>-20 \u00b0 C to + 60 \u00b0 C<\/td>\n<\/tr>\n<tr>\n<td>Storage temperature<\/td>\n<td>-25 \u00b0 C to + 70 \u00b0 C<\/td>\n<\/tr>\n<tr>\n<td>Waterproofing<\/td>\n<td>IPX6 and IPX7<\/td>\n<\/tr>\n<tr>\n<td>Connectivity<\/td>\n<td>1x NMEA0183<br \/>\n1x SeaTalkNG<br \/>\n1x audio (RCA)<br \/>\n1x GNSS (GPS) antenna (TNC)<\/td>\n<\/tr>\n<tr>\n<td>Nominal voltage<\/td>\n<td>12V DC<\/td>\n<\/tr>\n<tr>\n<td>Operating voltage range<\/td>\n<td>9 to 16 V DC<\/td>\n<\/tr>\n<tr>\n<td>Consumption<\/td>\n<td>Less than 6 A at high power (13.6 V)<br \/>\nStandby: 600mA<br \/>\nReception: 2 A<\/td>\n<\/tr>\n<tr>\n<td>Frequency range<\/td>\n<td>156,000 to 157,425 MHz \/ 155,500 to 161,425 MHz (send)<br \/>\n156.050 to 163.275 MHz \/ 155.500 to 161.425 MHz (receive)<\/td>\n<\/tr>\n<tr>\n<td>Transmission power<\/td>\n<td>1W \/ 25W<\/td>\n<\/tr>\n<tr>\n<td>External speaker power<\/td>\n<td>5 W<\/td>\n<\/tr>\n<tr>\n<td>GPS<\/td>\n<td>Integrated 72-channel GPS receiver, GA150 GPS antenna not included<\/td>\n<\/tr>\n<tr>\n<td>Includes<\/td>\n<td>Ray53 radio, sun protection, seal for fixed installation, handheld microphone, mounting brackets, knurled screws, SeaTalkNG cable (400 mm), SeaTalkNG blind plugs, documents<\/td>\n<\/tr>\n<\/tbody>\n<\/table>\n<p>Vaata\u00a0<a href=\"https:\/\/www.raymarine.eu\/en-gb\/our-products\/ais\" target=\"_blank\" rel=\"noopener nofollow external noreferrer\" data-wpel-link=\"external\">Raymarine AIS<\/a>\u00a0seadmete ja\u00a0<a href=\"https:\/\/www.raymarine.eu\/en-gb\/our-products\/marine-vhf-radio-communications\" target=\"_blank\" rel=\"noopener nofollow external noreferrer\" data-wpel-link=\"external\">VHF raadiote<\/a>\u00a0tootetutvustust.<\/p>\n<p><strong>Juhendid:<\/strong><\/p>\n<p>Lae alla <a href=\"https:\/\/raymarine.ee\/wp-content\/uploads\/2026\/04\/Ray53-Ray63-Ray73-Installation-and-Operation-instructions-81381-Rev-8-EN.pdf\" target=\"_blank\" rel=\"noopener\">Ray53 paigaldus- ja kasutusjuhend<\/a><\/p>\n<p><a href=\"https:\/\/raymarine.ee\/en\/public\/files\/Raymarine\/Juhendid\/AIS700\/GA200-GNSS-GPS-AntennaInstallation-instructions-88092-3-EN.pdf\/\" target=\"_blank\" rel=\"noopener\" data-wpel-link=\"internal\"><img decoding=\"async\" src=\"https:\/\/www.raymarine.ee\/public\/files\/Raymarine\/Juhendid\/Axiom%20MFD\/pdf.png\" alt=\"\" \/><\/a>Lae alla\u00a0<a href=\"https:\/\/raymarine.ee\/wp-content\/uploads\/2026\/04\/GA200-GNSS-GPS-Antenna-Installation-instructions-88092-3-EN.pdf\" target=\"_blank\" rel=\"noopener\" data-wpel-link=\"internal\">GA200 GNSS GPS antenni paigaldusjuhend<\/a><\/p>\n<\/div>\n<\/div>\n<\/div>","protected":false},"excerpt":{"rendered":"<p>Ray53 on soodsa hinnaga kuid k\u00f5ikide vajalike funktsioonidega, h\u00e4sti loetava LCD ekraaniga D klassi DSC mereraadio millel on integreeritud GPS vastuv\u00f5tja ja vajadusel saab lisada ka GPS antenni. Esipaneelil oleva DISTRESS nupuga saab v\u00e4lja saata h\u00e4dakutsungi kaldajaamadele ja teistele alustele. Mitme kanali j\u00e4lgimise ja skaneerimis funktsioon. 25W\/5W saatja ja tundlik vastuv\u00f5tja. Mikrofoni peal on ka nupud kanalite vahetamiseks. Ilmastikukindluse standard IPX7. Uue Ray53 VHF mereraadio disain sobib h\u00e4sti kokku Raymarine uute instrumentide ja kaardiplotteritega. Ray53 mereraadiol on STNG (NMEA2000) ja NMEA0183 liidesed seadme lihtsaks integreerimiseks uude- v\u00f5i juba olemasolevasse v\u00f5rku. Ray53 VHF raadiole ei saa lisada teist k\u00f5netoru ega udupasunat. Tutvu kindlasti ka selle komplekti juhenditega ja k\u00fcsimuste korral pea n\u00f5u meie spetsialistiga.<\/p>","protected":false},"featured_media":7820,"template":"","meta":{"_acf_changed":false},"product_brand":[134],"product_cat":[343,103,74],"product_tag":[],"class_list":{"0":"post-5548","1":"product","2":"type-product","3":"status-publish","4":"has-post-thumbnail","6":"product_brand-raymarine","7":"product_cat-kampaaniad","8":"product_cat-raymarine","9":"product_cat-ray_vhf","11":"first","12":"instock","13":"sale","14":"taxable","15":"shipping-taxable","16":"purchasable","17":"product-type-simple"},"acf":[],"yoast_head":"<!-- This site is optimized with the Yoast SEO Premium plugin v27.5 (Yoast SEO v27.5) - https:\/\/yoast.com\/product\/yoast-seo-premium-wordpress\/ -->\n<title>Ray53 VHF raadio: DSC ja Integreeritud GPS vastuv\u00f5tja - NavSystems<\/title>\n<meta name=\"description\" content=\"Tutvu Ray53 VHF raadio funktsioonidega, mis pakuvad v\u00f5imast ja usaldusv\u00e4\u00e4rset \u00fchenduvust. Osta n\u00fc\u00fcd ja tagage oma merereisidele turvalisus!\" \/>\n<meta name=\"robots\" content=\"index, follow, max-snippet:-1, max-image-preview:large, max-video-preview:-1\" \/>\n<link rel=\"canonical\" href=\"https:\/\/raymarine.ee\/en\/product\/raymarine-ray53-vhf-raadio-integreeritud-gps-iga\/\" \/>\n<meta property=\"og:locale\" content=\"en_GB\" \/>\n<meta property=\"og:type\" content=\"article\" \/>\n<meta property=\"og:title\" content=\"Raymarine Ray53 VHF raadio integreeritud GPS-iga\" \/>\n<meta property=\"og:description\" content=\"Tutvu Ray53 VHF raadio funktsioonidega, mis pakuvad v\u00f5imast ja usaldusv\u00e4\u00e4rset \u00fchenduvust. Osta n\u00fc\u00fcd ja tagage oma merereisidele turvalisus!\" \/>\n<meta property=\"og:url\" content=\"https:\/\/raymarine.ee\/en\/product\/raymarine-ray53-vhf-raadio-integreeritud-gps-iga\/\" \/>\n<meta property=\"og:site_name\" content=\"NavSystems\" \/>\n<meta property=\"article:publisher\" content=\"https:\/\/www.facebook.com\/NavSystems\" \/>\n<meta property=\"article:modified_time\" content=\"2026-04-22T05:05:59+00:00\" \/>\n<meta property=\"og:image\" content=\"https:\/\/raymarine.ee\/wp-content\/uploads\/2024\/10\/3acb0d94-6ec2-4ef3-95b3-6d464aa692e9.webp\" \/>\n\t<meta property=\"og:image:width\" content=\"1024\" \/>\n\t<meta property=\"og:image:height\" content=\"1024\" \/>\n\t<meta property=\"og:image:type\" content=\"image\/webp\" \/>\n<meta name=\"twitter:card\" content=\"summary_large_image\" \/>\n<meta name=\"twitter:label1\" content=\"Price\" \/>\n\t<meta name=\"twitter:data1\" content=\"425,00&nbsp;&euro;\" \/>\n\t<meta name=\"twitter:label2\" content=\"Availability\" \/>\n\t<meta name=\"twitter:data2\" content=\"In stock\" \/>\n<script type=\"application\/ld+json\" class=\"yoast-schema-graph\">{\"@context\":\"https:\\\/\\\/schema.org\",\"@graph\":[{\"@type\":\"WebPage\",\"@id\":\"https:\\\/\\\/raymarine.ee\\\/product\\\/raymarine-ray53-vhf-raadio-integreeritud-gps-iga\\\/\",\"url\":\"https:\\\/\\\/raymarine.ee\\\/product\\\/raymarine-ray53-vhf-raadio-integreeritud-gps-iga\\\/\",\"name\":\"Ray53 VHF raadio: DSC ja Integreeritud GPS vastuv\u00f5tja - NavSystems\",\"isPartOf\":{\"@id\":\"https:\\\/\\\/raymarine.ee\\\/#website\"},\"primaryImageOfPage\":{\"@id\":\"https:\\\/\\\/raymarine.ee\\\/product\\\/raymarine-ray53-vhf-raadio-integreeritud-gps-iga\\\/#primaryimage\"},\"image\":{\"@id\":\"https:\\\/\\\/raymarine.ee\\\/product\\\/raymarine-ray53-vhf-raadio-integreeritud-gps-iga\\\/#primaryimage\"},\"thumbnailUrl\":\"https:\\\/\\\/raymarine.ee\\\/wp-content\\\/uploads\\\/2024\\\/10\\\/3acb0d94-6ec2-4ef3-95b3-6d464aa692e9.webp\",\"datePublished\":\"2024-10-27T13:02:37+00:00\",\"dateModified\":\"2026-04-22T05:05:59+00:00\",\"description\":\"Tutvu Ray53 VHF raadio funktsioonidega, mis pakuvad v\u00f5imast ja usaldusv\u00e4\u00e4rset \u00fchenduvust. Osta n\u00fc\u00fcd ja tagage oma merereisidele turvalisus!\",\"breadcrumb\":{\"@id\":\"https:\\\/\\\/raymarine.ee\\\/product\\\/raymarine-ray53-vhf-raadio-integreeritud-gps-iga\\\/#breadcrumb\"},\"inLanguage\":\"en-GB\",\"potentialAction\":[{\"@type\":\"ReadAction\",\"target\":[\"https:\\\/\\\/raymarine.ee\\\/product\\\/raymarine-ray53-vhf-raadio-integreeritud-gps-iga\\\/\"]}]},{\"@type\":\"ImageObject\",\"inLanguage\":\"en-GB\",\"@id\":\"https:\\\/\\\/raymarine.ee\\\/product\\\/raymarine-ray53-vhf-raadio-integreeritud-gps-iga\\\/#primaryimage\",\"url\":\"https:\\\/\\\/raymarine.ee\\\/wp-content\\\/uploads\\\/2024\\\/10\\\/3acb0d94-6ec2-4ef3-95b3-6d464aa692e9.webp\",\"contentUrl\":\"https:\\\/\\\/raymarine.ee\\\/wp-content\\\/uploads\\\/2024\\\/10\\\/3acb0d94-6ec2-4ef3-95b3-6d464aa692e9.webp\",\"width\":1024,\"height\":1024,\"caption\":\"ray53-vhf-radio\"},{\"@type\":\"BreadcrumbList\",\"@id\":\"https:\\\/\\\/raymarine.ee\\\/product\\\/raymarine-ray53-vhf-raadio-integreeritud-gps-iga\\\/#breadcrumb\",\"itemListElement\":[{\"@type\":\"ListItem\",\"position\":1,\"name\":\"Home\",\"item\":\"https:\\\/\\\/raymarine.ee\\\/\"},{\"@type\":\"ListItem\",\"position\":2,\"name\":\"Tooted\",\"item\":\"https:\\\/\\\/raymarine.ee\\\/shop\\\/\"},{\"@type\":\"ListItem\",\"position\":3,\"name\":\"Raymarine Ray53 VHF raadio integreeritud GPS-iga\"}]},{\"@type\":\"WebSite\",\"@id\":\"https:\\\/\\\/raymarine.ee\\\/#website\",\"url\":\"https:\\\/\\\/raymarine.ee\\\/\",\"name\":\"www.raymarine.ee\",\"description\":\"Mereelektroonika, kaardiplotter, autopiloot, pinnipiloot, roolipiloot, radar, AIS, VHF, Smart Wind\",\"publisher\":{\"@id\":\"https:\\\/\\\/raymarine.ee\\\/#organization\"},\"alternateName\":\"Raymarine\",\"potentialAction\":[{\"@type\":\"SearchAction\",\"target\":{\"@type\":\"EntryPoint\",\"urlTemplate\":\"https:\\\/\\\/raymarine.ee\\\/?s={search_term_string}\"},\"query-input\":{\"@type\":\"PropertyValueSpecification\",\"valueRequired\":true,\"valueName\":\"search_term_string\"}}],\"inLanguage\":\"en-GB\"},{\"@type\":\"Organization\",\"@id\":\"https:\\\/\\\/raymarine.ee\\\/#organization\",\"name\":\"NavSystems O\u00dc\",\"url\":\"https:\\\/\\\/raymarine.ee\\\/\",\"logo\":{\"@type\":\"ImageObject\",\"inLanguage\":\"en-GB\",\"@id\":\"https:\\\/\\\/raymarine.ee\\\/#\\\/schema\\\/logo\\\/image\\\/\",\"url\":\"https:\\\/\\\/raymarine.ee\\\/wp-content\\\/uploads\\\/2024\\\/10\\\/Screenshot-2024-10-15-151324_bg_removed.webp\",\"contentUrl\":\"https:\\\/\\\/raymarine.ee\\\/wp-content\\\/uploads\\\/2024\\\/10\\\/Screenshot-2024-10-15-151324_bg_removed.webp\",\"width\":420,\"height\":276,\"caption\":\"NavSystems O\u00dc\"},\"image\":{\"@id\":\"https:\\\/\\\/raymarine.ee\\\/#\\\/schema\\\/logo\\\/image\\\/\"},\"sameAs\":[\"https:\\\/\\\/www.facebook.com\\\/NavSystems\"],\"legalName\":\"NavSystems O\u00dc\",\"foundingDate\":\"2011-05-03\",\"numberOfEmployees\":{\"@type\":\"QuantitativeValue\",\"minValue\":\"1\",\"maxValue\":\"10\"}}]}<\/script>\n<meta property=\"product:price:amount\" content=\"425.00\" \/>\n<meta property=\"product:price:currency\" content=\"EUR\" \/>\n<meta property=\"og:availability\" content=\"instock\" \/>\n<meta property=\"product:availability\" content=\"instock\" \/>\n<meta property=\"product:retailer_item_id\" content=\"E70524\" \/>\n<meta property=\"product:condition\" content=\"new\" \/>\n<!-- \/ Yoast SEO Premium plugin. -->","yoast_head_json":{"title":"Ray53 VHF raadio: DSC ja Integreeritud GPS vastuv\u00f5tja - NavSystems","description":"Tutvu Ray53 VHF raadio funktsioonidega, mis pakuvad v\u00f5imast ja usaldusv\u00e4\u00e4rset \u00fchenduvust. Osta n\u00fc\u00fcd ja tagage oma merereisidele turvalisus!","robots":{"index":"index","follow":"follow","max-snippet":"max-snippet:-1","max-image-preview":"max-image-preview:large","max-video-preview":"max-video-preview:-1"},"canonical":"https:\/\/raymarine.ee\/en\/product\/raymarine-ray53-vhf-raadio-integreeritud-gps-iga\/","og_locale":"en_GB","og_type":"article","og_title":"Raymarine Ray53 VHF raadio integreeritud GPS-iga","og_description":"Tutvu Ray53 VHF raadio funktsioonidega, mis pakuvad v\u00f5imast ja usaldusv\u00e4\u00e4rset \u00fchenduvust. Osta n\u00fc\u00fcd ja tagage oma merereisidele turvalisus!","og_url":"https:\/\/raymarine.ee\/en\/product\/raymarine-ray53-vhf-raadio-integreeritud-gps-iga\/","og_site_name":"NavSystems","article_publisher":"https:\/\/www.facebook.com\/NavSystems","article_modified_time":"2026-04-22T05:05:59+00:00","og_image":[{"width":1024,"height":1024,"url":"https:\/\/raymarine.ee\/wp-content\/uploads\/2024\/10\/3acb0d94-6ec2-4ef3-95b3-6d464aa692e9.webp","type":"image\/webp"}],"twitter_card":"summary_large_image","twitter_misc":{"Price":"425,00&nbsp;&euro;","Availability":"In stock"},"schema":{"@context":"https:\/\/schema.org","@graph":[{"@type":"WebPage","@id":"https:\/\/raymarine.ee\/product\/raymarine-ray53-vhf-raadio-integreeritud-gps-iga\/","url":"https:\/\/raymarine.ee\/product\/raymarine-ray53-vhf-raadio-integreeritud-gps-iga\/","name":"Ray53 VHF raadio: DSC ja Integreeritud GPS vastuv\u00f5tja - NavSystems","isPartOf":{"@id":"https:\/\/raymarine.ee\/#website"},"primaryImageOfPage":{"@id":"https:\/\/raymarine.ee\/product\/raymarine-ray53-vhf-raadio-integreeritud-gps-iga\/#primaryimage"},"image":{"@id":"https:\/\/raymarine.ee\/product\/raymarine-ray53-vhf-raadio-integreeritud-gps-iga\/#primaryimage"},"thumbnailUrl":"https:\/\/raymarine.ee\/wp-content\/uploads\/2024\/10\/3acb0d94-6ec2-4ef3-95b3-6d464aa692e9.webp","datePublished":"2024-10-27T13:02:37+00:00","dateModified":"2026-04-22T05:05:59+00:00","description":"Tutvu Ray53 VHF raadio funktsioonidega, mis pakuvad v\u00f5imast ja usaldusv\u00e4\u00e4rset \u00fchenduvust. Osta n\u00fc\u00fcd ja tagage oma merereisidele turvalisus!","breadcrumb":{"@id":"https:\/\/raymarine.ee\/product\/raymarine-ray53-vhf-raadio-integreeritud-gps-iga\/#breadcrumb"},"inLanguage":"en-GB","potentialAction":[{"@type":"ReadAction","target":["https:\/\/raymarine.ee\/product\/raymarine-ray53-vhf-raadio-integreeritud-gps-iga\/"]}]},{"@type":"ImageObject","inLanguage":"en-GB","@id":"https:\/\/raymarine.ee\/product\/raymarine-ray53-vhf-raadio-integreeritud-gps-iga\/#primaryimage","url":"https:\/\/raymarine.ee\/wp-content\/uploads\/2024\/10\/3acb0d94-6ec2-4ef3-95b3-6d464aa692e9.webp","contentUrl":"https:\/\/raymarine.ee\/wp-content\/uploads\/2024\/10\/3acb0d94-6ec2-4ef3-95b3-6d464aa692e9.webp","width":1024,"height":1024,"caption":"ray53-vhf-radio"},{"@type":"BreadcrumbList","@id":"https:\/\/raymarine.ee\/product\/raymarine-ray53-vhf-raadio-integreeritud-gps-iga\/#breadcrumb","itemListElement":[{"@type":"ListItem","position":1,"name":"Home","item":"https:\/\/raymarine.ee\/"},{"@type":"ListItem","position":2,"name":"Tooted","item":"https:\/\/raymarine.ee\/shop\/"},{"@type":"ListItem","position":3,"name":"Raymarine Ray53 VHF raadio integreeritud GPS-iga"}]},{"@type":"WebSite","@id":"https:\/\/raymarine.ee\/#website","url":"https:\/\/raymarine.ee\/","name":"www.raymarine.ee","description":"Mereelektroonika, kaardiplotter, autopiloot, pinnipiloot, roolipiloot, radar, AIS, VHF, Smart Wind","publisher":{"@id":"https:\/\/raymarine.ee\/#organization"},"alternateName":"Raymarine","potentialAction":[{"@type":"SearchAction","target":{"@type":"EntryPoint","urlTemplate":"https:\/\/raymarine.ee\/?s={search_term_string}"},"query-input":{"@type":"PropertyValueSpecification","valueRequired":true,"valueName":"search_term_string"}}],"inLanguage":"en-GB"},{"@type":"Organization","@id":"https:\/\/raymarine.ee\/#organization","name":"NavSystems O\u00dc","url":"https:\/\/raymarine.ee\/","logo":{"@type":"ImageObject","inLanguage":"en-GB","@id":"https:\/\/raymarine.ee\/#\/schema\/logo\/image\/","url":"https:\/\/raymarine.ee\/wp-content\/uploads\/2024\/10\/Screenshot-2024-10-15-151324_bg_removed.webp","contentUrl":"https:\/\/raymarine.ee\/wp-content\/uploads\/2024\/10\/Screenshot-2024-10-15-151324_bg_removed.webp","width":420,"height":276,"caption":"NavSystems O\u00dc"},"image":{"@id":"https:\/\/raymarine.ee\/#\/schema\/logo\/image\/"},"sameAs":["https:\/\/www.facebook.com\/NavSystems"],"legalName":"NavSystems O\u00dc","foundingDate":"2011-05-03","numberOfEmployees":{"@type":"QuantitativeValue","minValue":"1","maxValue":"10"}}]},"product_price_amount":"425.00","product_price_currency":"EUR","og_availability":"instock","product_availability":"instock","product_retailer_item_id":"E70524","product_condition":"new"},"jetpack_sharing_enabled":true,"_links":{"self":[{"href":"https:\/\/raymarine.ee\/en\/wp-json\/wp\/v2\/product\/5548","targetHints":{"allow":["GET"]}}],"collection":[{"href":"https:\/\/raymarine.ee\/en\/wp-json\/wp\/v2\/product"}],"about":[{"href":"https:\/\/raymarine.ee\/en\/wp-json\/wp\/v2\/types\/product"}],"wp:featuredmedia":[{"embeddable":true,"href":"https:\/\/raymarine.ee\/en\/wp-json\/wp\/v2\/media\/7820"}],"wp:attachment":[{"href":"https:\/\/raymarine.ee\/en\/wp-json\/wp\/v2\/media?parent=5548"}],"wp:term":[{"taxonomy":"product_brand","embeddable":true,"href":"https:\/\/raymarine.ee\/en\/wp-json\/wp\/v2\/product_brand?post=5548"},{"taxonomy":"product_cat","embeddable":true,"href":"https:\/\/raymarine.ee\/en\/wp-json\/wp\/v2\/product_cat?post=5548"},{"taxonomy":"product_tag","embeddable":true,"href":"https:\/\/raymarine.ee\/en\/wp-json\/wp\/v2\/product_tag?post=5548"}],"curies":[{"name":"wp","href":"https:\/\/api.w.org\/{rel}","templated":true}]}}