{"id":5553,"date":"2024-10-27T13:08:08","date_gmt":"2024-10-27T13:08:08","guid":{"rendered":"https:\/\/raymarine.ee\/?post_type=product&#038;p=5553"},"modified":"2026-04-24T17:46:54","modified_gmt":"2026-04-24T14:46:54","slug":"hv-100-02-hypervision-plastic-transom-transducer-with-6m-cable","status":"publish","type":"product","link":"https:\/\/raymarine.ee\/en\/product\/hv-100-02-hypervision-plastic-transom-transducer-with-6m-cable\/","title":{"rendered":"HV-100.02 HyperVision Plastic Transom Transducer with 6m cable"},"content":{"rendered":"<p>Vaata\u00a0<a href=\"http:\/\/www.raymarine.eu\/element-series\/\" target=\"_blank\" rel=\"noopener\">ELEMENT seeria kaardiplotterite ja kalaleidjate<\/a>\u00a0tootetutvustust.<\/p>\n<p>HV-100.02 HyperVision Plastic Transom Transducer with 6m cable<\/p>\n<p>HyperVision combines the highest frequencies (1.2 MHz) with outstanding CHIRP technology, setting a new standard in precision!<br \/>\nRaymarine&#8217;s HV-100 transom transducer delivers crystal clear images to your Element Series display. Easy to install and compact, the sensor reaches depths of up to 30 metres with the best possible resolution. Switching to the standard 350 kHz frequency, it can achieve a range of up to 180 metres. Cable length: 6 m.<\/p>\n<h3>HyperVision\u2122 CHIRP Transducers<\/h3>\n<p>The all-in-one design of Element&#8217;s HyperVision transducers make them compact and easy to install.<br \/>\nRaymarine offers convenient transom mount and thru-hull options to fit any boat.<\/p>\n<p>New transducers:<\/p>\n<ul>\n<li>HV-100 All-in-one transom mount transducer<\/li>\n<li>HV-300TH All-in-one plastic thru-hull transducer<\/li>\n<li>HV-300THP All-in-one thru-hull transducer pair for deep v hulls<\/li>\n<\/ul>\n<p>HYPERVISION DOWN\u00a0 \u00a0 \u00a0 \u00a0 \u00a0 \u00a0 \u00a0 \u00a0 \u00a0 \u00a0 \u00a0 \u00a0 \u00a0 \u00a0 \u00a0 \u00a0 \u00a0 \u00a0 \u00a0 \u00a0 \u00a0 \u00a0 \u00a0 \u00a0 \u00a0 \u00a0 \u00a0HYPERVISION SIDE<\/p>\n<p>Turn Up the Resolution with HyperVision\u2122<\/p>\n<ul>\n<li>HyperVision uses super high frequencies (1.2 megahertz) and CHIRP technology to bring a new level of precision imaging to DownVision, SideVision and RealVision 3D<\/li>\n<li>1.2 megahertz HyperVision mode is optimized for super high-resolution imagery up to 100\u2019 (30 meters)<\/li>\n<li>Switch to standard 350 kHz CHIRP sonar for longer range, high-resolution imaging, and ranges up to 600\u2019 (180 meters)<\/li>\n<li>Element\u2019s advanced CHIRP sonar also operates in the high-frequency 200kHz range for fish targeting, high-speed bottom tracking, and depths up to 900ft<\/li>\n<\/ul>\n<p>\u200b<a href=\"https:\/\/raymarine.ee\/en\/public\/files\/Raymarine\/Juhendid\/Element\/HyperVision%20HV-100%20Transom%20Transducer%20Installation%20instructions%2087362-1-EN.pdf\/\" target=\"_blank\" rel=\"noopener\"><img decoding=\"async\" src=\"https:\/\/www.raymarine.ee\/public\/files\/Raymarine\/Element%20pildid\/PiltAdobe.png\" alt=\"\" \/><\/a><\/p>\n<p>Lae alla <a href=\"https:\/\/raymarine.ee\/wp-content\/uploads\/2026\/04\/HyperVision-HV-100-Transom-Transducer-Installation-instructions-87362-1-EN.pdf\" target=\"_blank\" rel=\"noopener\">HV-100 ahtrianduri paigaldusjuhend<\/a><\/p>","protected":false},"excerpt":{"rendered":"<p>HyperVision combines the highest frequencies (1.2 MHz) with outstanding CHIRP technology, setting a new standard in precision! Raymarine&#8217;s HV-100 transom transducer delivers crystal clear images to your Element Series display. Easy to install and compact, the sensor reaches depths of up to 30 metres with the best possible resolution. Switching to the standard 350 kHz frequency, it can achieve a range of up to 180 metres. Cable length: 6 m.<\/p>","protected":false},"featured_media":7824,"template":"","meta":{"_acf_changed":false},"product_brand":[134],"product_cat":[77,54,103,79],"product_tag":[],"class_list":{"0":"post-5553","1":"product","2":"type-product","3":"status-publish","4":"has-post-thumbnail","6":"product_brand-raymarine","7":"product_cat-raymarine-kaardiplotter-kalaleidja","8":"product_cat-kalaleidjad","9":"product_cat-raymarine","10":"product_cat-kalaleidjate_andurid","12":"first","13":"instock","14":"sale","15":"featured","16":"taxable","17":"shipping-taxable","18":"purchasable","19":"product-type-simple"},"acf":[],"yoast_head":"<!-- This site is optimized with the Yoast SEO Premium plugin v27.5 (Yoast SEO v27.5) - https:\/\/yoast.com\/product\/yoast-seo-premium-wordpress\/ -->\n<title>HV-100 ahtriandur: Selged pildid igal s\u00fcgavusel - NavSystems<\/title>\n<meta name=\"description\" content=\"Koge uuenduslikku selgust HV-100 ahtrianduri abil mis n\u00e4eb kuni 30 meetri s\u00fcgavusele ja toob elava pildi \u00fcles. Tellige juba t\u00e4na!\" \/>\n<meta name=\"robots\" content=\"index, follow, max-snippet:-1, max-image-preview:large, max-video-preview:-1\" \/>\n<link rel=\"canonical\" href=\"https:\/\/raymarine.ee\/en\/product\/hv-100-02-hypervision-plastic-transom-transducer-with-6m-cable\/\" \/>\n<meta property=\"og:locale\" content=\"en_GB\" \/>\n<meta property=\"og:type\" content=\"article\" \/>\n<meta property=\"og:title\" content=\"HV-100.02 HyperVision Plastic Transom Transducer with 6m cable\" \/>\n<meta property=\"og:description\" content=\"Koge uuenduslikku selgust HV-100 ahtrianduri abil mis n\u00e4eb kuni 30 meetri s\u00fcgavusele ja toob elava pildi \u00fcles. Tellige juba t\u00e4na!\" \/>\n<meta property=\"og:url\" content=\"https:\/\/raymarine.ee\/en\/product\/hv-100-02-hypervision-plastic-transom-transducer-with-6m-cable\/\" \/>\n<meta property=\"og:site_name\" content=\"NavSystems\" \/>\n<meta property=\"article:publisher\" content=\"https:\/\/www.facebook.com\/NavSystems\" \/>\n<meta property=\"article:modified_time\" content=\"2026-04-24T14:46:54+00:00\" \/>\n<meta property=\"og:image\" content=\"https:\/\/raymarine.ee\/wp-content\/uploads\/2024\/10\/d3d4e98a-8bd8-408a-8e4f-8c4f2b3d2b5c.webp\" \/>\n\t<meta property=\"og:image:width\" content=\"1024\" \/>\n\t<meta property=\"og:image:height\" content=\"1024\" \/>\n\t<meta property=\"og:image:type\" content=\"image\/webp\" \/>\n<meta name=\"twitter:card\" content=\"summary_large_image\" \/>\n<meta name=\"twitter:label1\" content=\"Price\" \/>\n\t<meta name=\"twitter:data1\" content=\"349,00&nbsp;&euro;\" \/>\n\t<meta name=\"twitter:label2\" content=\"Availability\" \/>\n\t<meta name=\"twitter:data2\" content=\"In stock\" \/>\n<script type=\"application\/ld+json\" class=\"yoast-schema-graph\">{\"@context\":\"https:\\\/\\\/schema.org\",\"@graph\":[{\"@type\":\"WebPage\",\"@id\":\"https:\\\/\\\/raymarine.ee\\\/product\\\/hv-100-02-hypervision-plastic-transom-transducer-with-6m-cable\\\/\",\"url\":\"https:\\\/\\\/raymarine.ee\\\/product\\\/hv-100-02-hypervision-plastic-transom-transducer-with-6m-cable\\\/\",\"name\":\"HV-100 ahtriandur: Selged pildid igal s\u00fcgavusel - NavSystems\",\"isPartOf\":{\"@id\":\"https:\\\/\\\/raymarine.ee\\\/#website\"},\"primaryImageOfPage\":{\"@id\":\"https:\\\/\\\/raymarine.ee\\\/product\\\/hv-100-02-hypervision-plastic-transom-transducer-with-6m-cable\\\/#primaryimage\"},\"image\":{\"@id\":\"https:\\\/\\\/raymarine.ee\\\/product\\\/hv-100-02-hypervision-plastic-transom-transducer-with-6m-cable\\\/#primaryimage\"},\"thumbnailUrl\":\"https:\\\/\\\/raymarine.ee\\\/wp-content\\\/uploads\\\/2024\\\/10\\\/d3d4e98a-8bd8-408a-8e4f-8c4f2b3d2b5c.webp\",\"datePublished\":\"2024-10-27T13:08:08+00:00\",\"dateModified\":\"2026-04-24T14:46:54+00:00\",\"description\":\"Koge uuenduslikku selgust HV-100 ahtrianduri abil mis n\u00e4eb kuni 30 meetri s\u00fcgavusele ja toob elava pildi \u00fcles. Tellige juba t\u00e4na!\",\"breadcrumb\":{\"@id\":\"https:\\\/\\\/raymarine.ee\\\/product\\\/hv-100-02-hypervision-plastic-transom-transducer-with-6m-cable\\\/#breadcrumb\"},\"inLanguage\":\"en-GB\",\"potentialAction\":[{\"@type\":\"ReadAction\",\"target\":[\"https:\\\/\\\/raymarine.ee\\\/product\\\/hv-100-02-hypervision-plastic-transom-transducer-with-6m-cable\\\/\"]}]},{\"@type\":\"ImageObject\",\"inLanguage\":\"en-GB\",\"@id\":\"https:\\\/\\\/raymarine.ee\\\/product\\\/hv-100-02-hypervision-plastic-transom-transducer-with-6m-cable\\\/#primaryimage\",\"url\":\"https:\\\/\\\/raymarine.ee\\\/wp-content\\\/uploads\\\/2024\\\/10\\\/d3d4e98a-8bd8-408a-8e4f-8c4f2b3d2b5c.webp\",\"contentUrl\":\"https:\\\/\\\/raymarine.ee\\\/wp-content\\\/uploads\\\/2024\\\/10\\\/d3d4e98a-8bd8-408a-8e4f-8c4f2b3d2b5c.webp\",\"width\":1024,\"height\":1024},{\"@type\":\"BreadcrumbList\",\"@id\":\"https:\\\/\\\/raymarine.ee\\\/product\\\/hv-100-02-hypervision-plastic-transom-transducer-with-6m-cable\\\/#breadcrumb\",\"itemListElement\":[{\"@type\":\"ListItem\",\"position\":1,\"name\":\"Home\",\"item\":\"https:\\\/\\\/raymarine.ee\\\/\"},{\"@type\":\"ListItem\",\"position\":2,\"name\":\"Tooted\",\"item\":\"https:\\\/\\\/raymarine.ee\\\/shop\\\/\"},{\"@type\":\"ListItem\",\"position\":3,\"name\":\"HV-100.02 HyperVision Plastic Transom Transducer with 6m cable\"}]},{\"@type\":\"WebSite\",\"@id\":\"https:\\\/\\\/raymarine.ee\\\/#website\",\"url\":\"https:\\\/\\\/raymarine.ee\\\/\",\"name\":\"www.raymarine.ee\",\"description\":\"Mereelektroonika, kaardiplotter, autopiloot, pinnipiloot, roolipiloot, radar, AIS, VHF, Smart Wind\",\"publisher\":{\"@id\":\"https:\\\/\\\/raymarine.ee\\\/#organization\"},\"alternateName\":\"Raymarine\",\"potentialAction\":[{\"@type\":\"SearchAction\",\"target\":{\"@type\":\"EntryPoint\",\"urlTemplate\":\"https:\\\/\\\/raymarine.ee\\\/?s={search_term_string}\"},\"query-input\":{\"@type\":\"PropertyValueSpecification\",\"valueRequired\":true,\"valueName\":\"search_term_string\"}}],\"inLanguage\":\"en-GB\"},{\"@type\":\"Organization\",\"@id\":\"https:\\\/\\\/raymarine.ee\\\/#organization\",\"name\":\"NavSystems O\u00dc\",\"url\":\"https:\\\/\\\/raymarine.ee\\\/\",\"logo\":{\"@type\":\"ImageObject\",\"inLanguage\":\"en-GB\",\"@id\":\"https:\\\/\\\/raymarine.ee\\\/#\\\/schema\\\/logo\\\/image\\\/\",\"url\":\"https:\\\/\\\/raymarine.ee\\\/wp-content\\\/uploads\\\/2024\\\/10\\\/Screenshot-2024-10-15-151324_bg_removed.webp\",\"contentUrl\":\"https:\\\/\\\/raymarine.ee\\\/wp-content\\\/uploads\\\/2024\\\/10\\\/Screenshot-2024-10-15-151324_bg_removed.webp\",\"width\":420,\"height\":276,\"caption\":\"NavSystems O\u00dc\"},\"image\":{\"@id\":\"https:\\\/\\\/raymarine.ee\\\/#\\\/schema\\\/logo\\\/image\\\/\"},\"sameAs\":[\"https:\\\/\\\/www.facebook.com\\\/NavSystems\"],\"legalName\":\"NavSystems O\u00dc\",\"foundingDate\":\"2011-05-03\",\"numberOfEmployees\":{\"@type\":\"QuantitativeValue\",\"minValue\":\"1\",\"maxValue\":\"10\"}}]}<\/script>\n<meta property=\"product:price:amount\" content=\"349.00\" \/>\n<meta property=\"product:price:currency\" content=\"EUR\" \/>\n<meta property=\"og:availability\" content=\"instock\" \/>\n<meta property=\"product:availability\" content=\"instock\" \/>\n<meta property=\"product:retailer_item_id\" content=\"E70643\" \/>\n<meta property=\"product:condition\" content=\"new\" \/>\n<!-- \/ Yoast SEO Premium plugin. -->","yoast_head_json":{"title":"HV-100 ahtriandur: Selged pildid igal s\u00fcgavusel - NavSystems","description":"Koge uuenduslikku selgust HV-100 ahtrianduri abil mis n\u00e4eb kuni 30 meetri s\u00fcgavusele ja toob elava pildi \u00fcles. Tellige juba t\u00e4na!","robots":{"index":"index","follow":"follow","max-snippet":"max-snippet:-1","max-image-preview":"max-image-preview:large","max-video-preview":"max-video-preview:-1"},"canonical":"https:\/\/raymarine.ee\/en\/product\/hv-100-02-hypervision-plastic-transom-transducer-with-6m-cable\/","og_locale":"en_GB","og_type":"article","og_title":"HV-100.02 HyperVision Plastic Transom Transducer with 6m cable","og_description":"Koge uuenduslikku selgust HV-100 ahtrianduri abil mis n\u00e4eb kuni 30 meetri s\u00fcgavusele ja toob elava pildi \u00fcles. Tellige juba t\u00e4na!","og_url":"https:\/\/raymarine.ee\/en\/product\/hv-100-02-hypervision-plastic-transom-transducer-with-6m-cable\/","og_site_name":"NavSystems","article_publisher":"https:\/\/www.facebook.com\/NavSystems","article_modified_time":"2026-04-24T14:46:54+00:00","og_image":[{"width":1024,"height":1024,"url":"https:\/\/raymarine.ee\/wp-content\/uploads\/2024\/10\/d3d4e98a-8bd8-408a-8e4f-8c4f2b3d2b5c.webp","type":"image\/webp"}],"twitter_card":"summary_large_image","twitter_misc":{"Price":"349,00&nbsp;&euro;","Availability":"In stock"},"schema":{"@context":"https:\/\/schema.org","@graph":[{"@type":"WebPage","@id":"https:\/\/raymarine.ee\/product\/hv-100-02-hypervision-plastic-transom-transducer-with-6m-cable\/","url":"https:\/\/raymarine.ee\/product\/hv-100-02-hypervision-plastic-transom-transducer-with-6m-cable\/","name":"HV-100 ahtriandur: Selged pildid igal s\u00fcgavusel - NavSystems","isPartOf":{"@id":"https:\/\/raymarine.ee\/#website"},"primaryImageOfPage":{"@id":"https:\/\/raymarine.ee\/product\/hv-100-02-hypervision-plastic-transom-transducer-with-6m-cable\/#primaryimage"},"image":{"@id":"https:\/\/raymarine.ee\/product\/hv-100-02-hypervision-plastic-transom-transducer-with-6m-cable\/#primaryimage"},"thumbnailUrl":"https:\/\/raymarine.ee\/wp-content\/uploads\/2024\/10\/d3d4e98a-8bd8-408a-8e4f-8c4f2b3d2b5c.webp","datePublished":"2024-10-27T13:08:08+00:00","dateModified":"2026-04-24T14:46:54+00:00","description":"Koge uuenduslikku selgust HV-100 ahtrianduri abil mis n\u00e4eb kuni 30 meetri s\u00fcgavusele ja toob elava pildi \u00fcles. Tellige juba t\u00e4na!","breadcrumb":{"@id":"https:\/\/raymarine.ee\/product\/hv-100-02-hypervision-plastic-transom-transducer-with-6m-cable\/#breadcrumb"},"inLanguage":"en-GB","potentialAction":[{"@type":"ReadAction","target":["https:\/\/raymarine.ee\/product\/hv-100-02-hypervision-plastic-transom-transducer-with-6m-cable\/"]}]},{"@type":"ImageObject","inLanguage":"en-GB","@id":"https:\/\/raymarine.ee\/product\/hv-100-02-hypervision-plastic-transom-transducer-with-6m-cable\/#primaryimage","url":"https:\/\/raymarine.ee\/wp-content\/uploads\/2024\/10\/d3d4e98a-8bd8-408a-8e4f-8c4f2b3d2b5c.webp","contentUrl":"https:\/\/raymarine.ee\/wp-content\/uploads\/2024\/10\/d3d4e98a-8bd8-408a-8e4f-8c4f2b3d2b5c.webp","width":1024,"height":1024},{"@type":"BreadcrumbList","@id":"https:\/\/raymarine.ee\/product\/hv-100-02-hypervision-plastic-transom-transducer-with-6m-cable\/#breadcrumb","itemListElement":[{"@type":"ListItem","position":1,"name":"Home","item":"https:\/\/raymarine.ee\/"},{"@type":"ListItem","position":2,"name":"Tooted","item":"https:\/\/raymarine.ee\/shop\/"},{"@type":"ListItem","position":3,"name":"HV-100.02 HyperVision Plastic Transom Transducer with 6m cable"}]},{"@type":"WebSite","@id":"https:\/\/raymarine.ee\/#website","url":"https:\/\/raymarine.ee\/","name":"www.raymarine.ee","description":"Mereelektroonika, kaardiplotter, autopiloot, pinnipiloot, roolipiloot, radar, AIS, VHF, Smart Wind","publisher":{"@id":"https:\/\/raymarine.ee\/#organization"},"alternateName":"Raymarine","potentialAction":[{"@type":"SearchAction","target":{"@type":"EntryPoint","urlTemplate":"https:\/\/raymarine.ee\/?s={search_term_string}"},"query-input":{"@type":"PropertyValueSpecification","valueRequired":true,"valueName":"search_term_string"}}],"inLanguage":"en-GB"},{"@type":"Organization","@id":"https:\/\/raymarine.ee\/#organization","name":"NavSystems O\u00dc","url":"https:\/\/raymarine.ee\/","logo":{"@type":"ImageObject","inLanguage":"en-GB","@id":"https:\/\/raymarine.ee\/#\/schema\/logo\/image\/","url":"https:\/\/raymarine.ee\/wp-content\/uploads\/2024\/10\/Screenshot-2024-10-15-151324_bg_removed.webp","contentUrl":"https:\/\/raymarine.ee\/wp-content\/uploads\/2024\/10\/Screenshot-2024-10-15-151324_bg_removed.webp","width":420,"height":276,"caption":"NavSystems O\u00dc"},"image":{"@id":"https:\/\/raymarine.ee\/#\/schema\/logo\/image\/"},"sameAs":["https:\/\/www.facebook.com\/NavSystems"],"legalName":"NavSystems O\u00dc","foundingDate":"2011-05-03","numberOfEmployees":{"@type":"QuantitativeValue","minValue":"1","maxValue":"10"}}]},"product_price_amount":"349.00","product_price_currency":"EUR","og_availability":"instock","product_availability":"instock","product_retailer_item_id":"E70643","product_condition":"new"},"jetpack_sharing_enabled":true,"_links":{"self":[{"href":"https:\/\/raymarine.ee\/en\/wp-json\/wp\/v2\/product\/5553","targetHints":{"allow":["GET"]}}],"collection":[{"href":"https:\/\/raymarine.ee\/en\/wp-json\/wp\/v2\/product"}],"about":[{"href":"https:\/\/raymarine.ee\/en\/wp-json\/wp\/v2\/types\/product"}],"wp:featuredmedia":[{"embeddable":true,"href":"https:\/\/raymarine.ee\/en\/wp-json\/wp\/v2\/media\/7824"}],"wp:attachment":[{"href":"https:\/\/raymarine.ee\/en\/wp-json\/wp\/v2\/media?parent=5553"}],"wp:term":[{"taxonomy":"product_brand","embeddable":true,"href":"https:\/\/raymarine.ee\/en\/wp-json\/wp\/v2\/product_brand?post=5553"},{"taxonomy":"product_cat","embeddable":true,"href":"https:\/\/raymarine.ee\/en\/wp-json\/wp\/v2\/product_cat?post=5553"},{"taxonomy":"product_tag","embeddable":true,"href":"https:\/\/raymarine.ee\/en\/wp-json\/wp\/v2\/product_tag?post=5553"}],"curies":[{"name":"wp","href":"https:\/\/api.w.org\/{rel}","templated":true}]}}