{"id":6344,"date":"2025-01-02T14:49:56","date_gmt":"2025-01-02T14:49:56","guid":{"rendered":"https:\/\/raymarine.ee\/?post_type=product&#038;p=6344"},"modified":"2026-04-10T12:38:40","modified_gmt":"2026-04-10T09:38:40","slug":"axiom-7-rv-multi-function-7-display-with-integrated-realvision-3d600w-sonar-with-rv-100-transducer","status":"publish","type":"product","link":"https:\/\/raymarine.ee\/en\/product\/axiom-7-rv-multi-function-7-display-with-integrated-realvision-3d600w-sonar-with-rv-100-transducer\/","title":{"rendered":"AXIOM+ 7 RV, Multi-function 7&#8243; Display with integrated RealVision 3D,600W Sonar with RV-100 transducer"},"content":{"rendered":"<p data-start=\"0\" data-end=\"83\">Vaata <strong data-start=\"6\" data-end=\"26\">RAYMARINE AXIOM+<\/strong> seeria kaardiplotterite ja kalaleidjate tootetutvustust.<\/p>\n<h3 data-start=\"85\" data-end=\"107\">Peamised omadused:<\/h3>\n<ol data-start=\"109\" data-end=\"2342\">\n<li data-start=\"109\" data-end=\"398\">\n<p data-start=\"112\" data-end=\"134\"><strong data-start=\"112\" data-end=\"133\">HydroTough\u2122 kuvar<\/strong>:<\/p>\n<ul data-start=\"138\" data-end=\"398\">\n<li data-start=\"138\" data-end=\"225\">25% heledam kui eelmistel mudelitel, tagades selge n\u00e4htavuse igasugustes tingimustes.<\/li>\n<li data-start=\"229\" data-end=\"343\">L\u00f6\u00f6gikindel, nano-kattega, mis peletab vett ja mustust, v\u00f5imaldades t\u00e4pset juhtimist ka \u00e4\u00e4rmuslikes tingimustes.<\/li>\n<li data-start=\"347\" data-end=\"398\">Multi-touch IPS LCD ekraan lihtsaks kasutamiseks.<\/li>\n<\/ul>\n<\/li>\n<li data-start=\"400\" data-end=\"712\">\n<p data-start=\"403\" data-end=\"417\"><strong data-start=\"403\" data-end=\"416\">Tulemused<\/strong>:<\/p>\n<ul data-start=\"421\" data-end=\"712\">\n<li data-start=\"421\" data-end=\"516\">Kiire <strong data-start=\"429\" data-end=\"453\">quad-core protsessor<\/strong> ja rohkem m\u00e4lu, tagamaks kiire t\u00f6\u00f6tlemise ja sujuva toimimise.<\/li>\n<li data-start=\"520\" data-end=\"601\">Uus <strong data-start=\"526\" data-end=\"550\">LightHouse Dartmouth<\/strong> ops\u00fcsteem kiireks reageerimiseks ja kohandamiseks.<\/li>\n<li data-start=\"605\" data-end=\"712\">Puuteekraan, millel on libistamise, lohistamise ja vabalt paigutatavad andmev\u00e4ljad ja rakenduste ikoonid.<\/li>\n<\/ul>\n<\/li>\n<li data-start=\"714\" data-end=\"1076\">\n<p data-start=\"717\" data-end=\"752\"><strong data-start=\"717\" data-end=\"751\">Kaardiplotter ja navigeerimine<\/strong>:<\/p>\n<ul data-start=\"756\" data-end=\"1076\">\n<li data-start=\"756\" data-end=\"947\">\u00dchildub erinevate kaartidega, sealhulgas <strong data-start=\"799\" data-end=\"812\">Navionics<\/strong>, <strong data-start=\"814\" data-end=\"823\">C-MAP<\/strong> ja <strong data-start=\"827\" data-end=\"849\">Lighthouse kaardid<\/strong>, pakkudes \u00fcksikasjalikke v\u00f5rgu, vektori, 3D ja satelliidikaarte lihtsaks ranniku navigeerimiseks.<\/li>\n<li data-start=\"951\" data-end=\"1076\">V\u00f5imalus kohandada kaardivaatamise s\u00e4tteid ja valida erinevaid v\u00e4rvimooduseid parima vaate tagamiseks nii p\u00e4eval kui \u00f6\u00f6sel.<\/li>\n<\/ul>\n<\/li>\n<li data-start=\"1078\" data-end=\"1548\">\n<p data-start=\"1081\" data-end=\"1110\"><strong data-start=\"1081\" data-end=\"1109\">RealVision 3D kalaleidja<\/strong>:<\/p>\n<ul data-start=\"1114\" data-end=\"1548\">\n<li data-start=\"1114\" data-end=\"1354\">Integreeritud <strong data-start=\"1130\" data-end=\"1160\">RealVision 3D sonarimoodul<\/strong>, mis sisaldab <strong data-start=\"1175\" data-end=\"1195\">CHIRP DownVision<\/strong>, <strong data-start=\"1197\" data-end=\"1211\">SideVision<\/strong>, <strong data-start=\"1213\" data-end=\"1239\">K\u00f5rgsageduslikku CHIRP<\/strong> ja <strong data-start=\"1243\" data-end=\"1260\">RealVision 3D<\/strong> v\u00e4ga k\u00f5rge eraldusv\u00f5imega piltide tegemiseks veealustest struktuuridest ja kalade leidmiseks.<\/li>\n<li data-start=\"1358\" data-end=\"1487\">Lai sagedusriba CHIRP edastab kuni <strong data-start=\"1395\" data-end=\"1419\">60 erinevat sagedust<\/strong>, et pakkuda elutruusid sonaripilte ja parimat kalastamise kogemust.<\/li>\n<li data-start=\"1491\" data-end=\"1548\">Koodiga <strong data-start=\"1501\" data-end=\"1533\">RV-100 transom transdutsioon<\/strong> on komplektis.<\/li>\n<\/ul>\n<\/li>\n<li data-start=\"1550\" data-end=\"1864\">\n<p data-start=\"1553\" data-end=\"1580\"><strong data-start=\"1553\" data-end=\"1579\">V\u00f5rgustik ja \u00fchenduvus<\/strong>:<\/p>\n<ul data-start=\"1584\" data-end=\"1864\">\n<li data-start=\"1584\" data-end=\"1720\"><strong data-start=\"1586\" data-end=\"1598\">NMEA0183<\/strong>, <strong data-start=\"1600\" data-end=\"1612\">NMEA2000<\/strong> ja <strong data-start=\"1616\" data-end=\"1628\">Ethernet<\/strong> liidesed v\u00f5imaldavad sujuvat integreerimist teiste meretehniliste seadmete ja s\u00fcsteemidega.<\/li>\n<li data-start=\"1724\" data-end=\"1802\">Sisseehitatud <strong data-start=\"1740\" data-end=\"1749\">Wi-Fi<\/strong> ja <strong data-start=\"1753\" data-end=\"1766\">Bluetooth<\/strong>, lihtne \u00fchendamine ja andmevahetus.<\/li>\n<li data-start=\"1806\" data-end=\"1864\"><strong data-start=\"1808\" data-end=\"1825\">MicroUSB port<\/strong> t\u00e4iendavate \u00fchenduvusv\u00f5imaluste jaoks.<\/li>\n<\/ul>\n<\/li>\n<li data-start=\"1866\" data-end=\"2137\">\n<p data-start=\"1869\" data-end=\"1904\"><strong data-start=\"1869\" data-end=\"1903\">Radar ja autopiloodi \u00fchilduvus<\/strong>:<\/p>\n<ul data-start=\"1908\" data-end=\"2137\">\n<li data-start=\"1908\" data-end=\"2070\">\u00dchildub <strong data-start=\"1918\" data-end=\"1939\">Raymarine Quantum<\/strong>, <strong data-start=\"1941\" data-end=\"1952\">Digital<\/strong>, <strong data-start=\"1954\" data-end=\"1981\">HD Color\/Super HD Color<\/strong> ja <strong data-start=\"1985\" data-end=\"2013\">Magnum radar antennidega<\/strong> t\u00e4iustatud navigeerimise ja takistuste avastamise jaoks.<\/li>\n<li data-start=\"2074\" data-end=\"2137\">\u00dchildub <strong data-start=\"2084\" data-end=\"2111\">Evolution autopiloodiga<\/strong> automaatseks juhtimiseks.<\/li>\n<\/ul>\n<\/li>\n<li data-start=\"2139\" data-end=\"2342\">\n<p data-start=\"2142\" data-end=\"2166\"><strong data-start=\"2142\" data-end=\"2165\">T\u00e4iendavad omadused<\/strong>:<\/p>\n<ul data-start=\"2170\" data-end=\"2342\">\n<li data-start=\"2170\" data-end=\"2232\"><strong data-start=\"2172\" data-end=\"2198\">Termokaamera \u00fchilduvus<\/strong> (nt FLIR AX8, M232, M300 seeria).<\/li>\n<li data-start=\"2236\" data-end=\"2284\"><strong data-start=\"2238\" data-end=\"2264\">Videokaamera \u00fchilduvus<\/strong> (kuni 10 kaamerat).<\/li>\n<li data-start=\"2288\" data-end=\"2342\"><strong data-start=\"2290\" data-end=\"2297\">AIS<\/strong> tugi laevade j\u00e4lgimiseks <strong data-start=\"2323\" data-end=\"2335\">NMEA2000<\/strong> kaudu.<\/li>\n<\/ul>\n<\/li>\n<\/ol>\n<h3 data-start=\"2344\" data-end=\"2366\">Tehnilised andmed:<\/h3>\n<ul data-start=\"2367\" data-end=\"2852\">\n<li data-start=\"2367\" data-end=\"2426\"><strong data-start=\"2369\" data-end=\"2387\">Ekraani suurus<\/strong>: 7 tolli (saadaval ka suuremad m\u00f5\u00f5dud)<\/li>\n<li data-start=\"2427\" data-end=\"2457\"><strong data-start=\"2429\" data-end=\"2445\">Eraldusv\u00f5ime<\/strong>: 1024 x 600<\/li>\n<li data-start=\"2458\" data-end=\"2527\"><strong data-start=\"2460\" data-end=\"2471\">Heledus<\/strong>: 1500 nitti, et tagada selge vaatamine v\u00e4listingimustes<\/li>\n<li data-start=\"2528\" data-end=\"2549\"><strong data-start=\"2530\" data-end=\"2541\">V\u00f5imsus<\/strong>: 9,84 W<\/li>\n<li data-start=\"2550\" data-end=\"2620\"><strong data-start=\"2552\" data-end=\"2559\">GPS<\/strong>: Integreeritud GPS\/GLONASS\/Galileo\/Beidou (10Hz, 28 kanalit)<\/li>\n<li data-start=\"2621\" data-end=\"2715\"><strong data-start=\"2623\" data-end=\"2632\">Sonar<\/strong>: Integreeritud <strong data-start=\"2648\" data-end=\"2662\">High CHIRP<\/strong>, <strong data-start=\"2664\" data-end=\"2678\">DownVision<\/strong>, <strong data-start=\"2680\" data-end=\"2694\">SideVision<\/strong> ja <strong data-start=\"2698\" data-end=\"2715\">RealVision 3D<\/strong><\/li>\n<li data-start=\"2716\" data-end=\"2800\"><strong data-start=\"2718\" data-end=\"2740\">Veekindluse m\u00e4\u00e4rus<\/strong>: IPX6 \/ IPX7, et taluda \u00e4\u00e4rmuslikke meretehnilisi tingimusi<\/li>\n<li data-start=\"2801\" data-end=\"2832\"><strong data-start=\"2803\" data-end=\"2813\">M\u00f5\u00f5dud<\/strong>: 210 x 142 x 77 mm<\/li>\n<li data-start=\"2833\" data-end=\"2852\"><strong data-start=\"2835\" data-end=\"2843\">Kaal<\/strong>: 1,36 kg<\/li>\n<\/ul>","protected":false},"excerpt":{"rendered":"<p>Uus 7&#8243; ekraaniga k\u00f5ik \u00fches AXIOM+ 7 RV kaardiplotter-kalaleidja koos RV-100 RealVision 3D ahtrianduriga. Seadmel on ka eesti- ja venekeelne men\u00fc\u00fc. AXIOM+ seeria on varustatud p\u00e4ikese k\u00e4es h\u00e4sti loetava puutetundliku ekraaniga. AXIOM+ seerial nupud puuduvad. Vajaduse korral saab lisada eraldi RMK-10 nuppude paneeli, v\u00e4lise kaardilugeja ja muud lisaseadmed. Seadmesse on integreeritud 10Hz GLONASS GPS, Bluetooth, WiFi ja RealVision 3D sonar. AXIOM+ seerial on RayNet ja NMEA2000 liidesed. Tarkvara on k\u00f5ikidel AXIOM seeria plotteritel LightHouse III ja seadmetes saab kasutada Raymarine LightHouse NC2, Navionics, C-MAP Essentials ja C-MAP 4D MAX+ elektroonilisi merekaarte.<\/p>\n<p><span style=\"color: #ff9900;\">LightHouse merekaart, P\u00f5hja-Euroopa koos plotteriga tasuta kaasa!<\/span><\/p>","protected":false},"featured_media":7636,"template":"","meta":{"_acf_changed":false},"product_brand":[134],"product_cat":[77,18,54,343,103,57],"product_tag":[],"class_list":{"0":"post-6344","1":"product","2":"type-product","3":"status-publish","4":"has-post-thumbnail","6":"product_brand-raymarine","7":"product_cat-raymarine-kaardiplotter-kalaleidja","8":"product_cat-axiom-axiom2-kaardiplotter-axiom2-pro","9":"product_cat-kalaleidjad","10":"product_cat-kampaaniad","11":"product_cat-raymarine","12":"product_cat-axiomaxiom","14":"first","15":"onbackorder","16":"sale","17":"taxable","18":"shipping-taxable","19":"purchasable","20":"product-type-simple"},"acf":[],"yoast_head":"<!-- This site is optimized with the Yoast SEO Premium plugin v27.5 (Yoast SEO v27.5) - https:\/\/yoast.com\/product\/yoast-seo-premium-wordpress\/ -->\n<title>Axiom+ 7 RV: Kiire Protsessor ja lihtne kasutamine - NavSystems<\/title>\n<meta name=\"description\" content=\"Axiom+ 7 RV v\u00f5imaldab t\u00e4pset navigeerimist \u00e4\u00e4rmuslikes tingimustes. Nautige multi-touch ekraani ja kiiret quad-core protsessorit!\" \/>\n<meta name=\"robots\" content=\"index, follow, max-snippet:-1, max-image-preview:large, max-video-preview:-1\" \/>\n<link rel=\"canonical\" href=\"https:\/\/raymarine.ee\/en\/product\/axiom-7-rv-multi-function-7-display-with-integrated-realvision-3d600w-sonar-with-rv-100-transducer\/\" \/>\n<meta property=\"og:locale\" content=\"en_GB\" \/>\n<meta property=\"og:type\" content=\"article\" \/>\n<meta property=\"og:title\" content=\"AXIOM+ 7 RV, Multi-function 7&quot; Display with integrated RealVision 3D,600W Sonar with RV-100 transducer\" \/>\n<meta property=\"og:description\" content=\"Axiom+ 7 RV v\u00f5imaldab t\u00e4pset navigeerimist \u00e4\u00e4rmuslikes tingimustes. Nautige multi-touch ekraani ja kiiret quad-core protsessorit!\" \/>\n<meta property=\"og:url\" content=\"https:\/\/raymarine.ee\/en\/product\/axiom-7-rv-multi-function-7-display-with-integrated-realvision-3d600w-sonar-with-rv-100-transducer\/\" \/>\n<meta property=\"og:site_name\" content=\"NavSystems\" \/>\n<meta property=\"article:publisher\" content=\"https:\/\/www.facebook.com\/NavSystems\" \/>\n<meta property=\"article:modified_time\" content=\"2026-04-10T09:38:40+00:00\" \/>\n<meta property=\"og:image\" content=\"https:\/\/raymarine.ee\/wp-content\/uploads\/2025\/01\/a98061fa-cc03-4ae4-ad55-25bda5e3cbdf.webp\" \/>\n\t<meta property=\"og:image:width\" content=\"1024\" \/>\n\t<meta property=\"og:image:height\" content=\"1024\" \/>\n\t<meta property=\"og:image:type\" content=\"image\/webp\" \/>\n<meta name=\"twitter:card\" content=\"summary_large_image\" \/>\n<meta name=\"twitter:label1\" content=\"Price\" \/>\n\t<meta name=\"twitter:data1\" content=\"1 545,00&nbsp;&euro;\" \/>\n\t<meta name=\"twitter:label2\" content=\"Availability\" \/>\n\t<meta name=\"twitter:data2\" content=\"On back order\" \/>\n<script type=\"application\/ld+json\" class=\"yoast-schema-graph\">{\"@context\":\"https:\\\/\\\/schema.org\",\"@graph\":[{\"@type\":\"WebPage\",\"@id\":\"https:\\\/\\\/raymarine.ee\\\/product\\\/axiom-7-rv-multi-function-7-display-with-integrated-realvision-3d600w-sonar-with-rv-100-transducer\\\/\",\"url\":\"https:\\\/\\\/raymarine.ee\\\/product\\\/axiom-7-rv-multi-function-7-display-with-integrated-realvision-3d600w-sonar-with-rv-100-transducer\\\/\",\"name\":\"Axiom+ 7 RV: Kiire Protsessor ja lihtne kasutamine - NavSystems\",\"isPartOf\":{\"@id\":\"https:\\\/\\\/raymarine.ee\\\/#website\"},\"primaryImageOfPage\":{\"@id\":\"https:\\\/\\\/raymarine.ee\\\/product\\\/axiom-7-rv-multi-function-7-display-with-integrated-realvision-3d600w-sonar-with-rv-100-transducer\\\/#primaryimage\"},\"image\":{\"@id\":\"https:\\\/\\\/raymarine.ee\\\/product\\\/axiom-7-rv-multi-function-7-display-with-integrated-realvision-3d600w-sonar-with-rv-100-transducer\\\/#primaryimage\"},\"thumbnailUrl\":\"https:\\\/\\\/raymarine.ee\\\/wp-content\\\/uploads\\\/2025\\\/01\\\/a98061fa-cc03-4ae4-ad55-25bda5e3cbdf.webp\",\"datePublished\":\"2025-01-02T14:49:56+00:00\",\"dateModified\":\"2026-04-10T09:38:40+00:00\",\"description\":\"Axiom+ 7 RV v\u00f5imaldab t\u00e4pset navigeerimist \u00e4\u00e4rmuslikes tingimustes. Nautige multi-touch ekraani ja kiiret quad-core protsessorit!\",\"breadcrumb\":{\"@id\":\"https:\\\/\\\/raymarine.ee\\\/product\\\/axiom-7-rv-multi-function-7-display-with-integrated-realvision-3d600w-sonar-with-rv-100-transducer\\\/#breadcrumb\"},\"inLanguage\":\"en-GB\",\"potentialAction\":[{\"@type\":\"ReadAction\",\"target\":[\"https:\\\/\\\/raymarine.ee\\\/product\\\/axiom-7-rv-multi-function-7-display-with-integrated-realvision-3d600w-sonar-with-rv-100-transducer\\\/\"]}]},{\"@type\":\"ImageObject\",\"inLanguage\":\"en-GB\",\"@id\":\"https:\\\/\\\/raymarine.ee\\\/product\\\/axiom-7-rv-multi-function-7-display-with-integrated-realvision-3d600w-sonar-with-rv-100-transducer\\\/#primaryimage\",\"url\":\"https:\\\/\\\/raymarine.ee\\\/wp-content\\\/uploads\\\/2025\\\/01\\\/a98061fa-cc03-4ae4-ad55-25bda5e3cbdf.webp\",\"contentUrl\":\"https:\\\/\\\/raymarine.ee\\\/wp-content\\\/uploads\\\/2025\\\/01\\\/a98061fa-cc03-4ae4-ad55-25bda5e3cbdf.webp\",\"width\":1024,\"height\":1024},{\"@type\":\"BreadcrumbList\",\"@id\":\"https:\\\/\\\/raymarine.ee\\\/product\\\/axiom-7-rv-multi-function-7-display-with-integrated-realvision-3d600w-sonar-with-rv-100-transducer\\\/#breadcrumb\",\"itemListElement\":[{\"@type\":\"ListItem\",\"position\":1,\"name\":\"Home\",\"item\":\"https:\\\/\\\/raymarine.ee\\\/\"},{\"@type\":\"ListItem\",\"position\":2,\"name\":\"Tooted\",\"item\":\"https:\\\/\\\/raymarine.ee\\\/shop\\\/\"},{\"@type\":\"ListItem\",\"position\":3,\"name\":\"AXIOM+ 7 RV, Multi-function 7&#8243; Display with integrated RealVision 3D,600W Sonar with RV-100 transducer\"}]},{\"@type\":\"WebSite\",\"@id\":\"https:\\\/\\\/raymarine.ee\\\/#website\",\"url\":\"https:\\\/\\\/raymarine.ee\\\/\",\"name\":\"www.raymarine.ee\",\"description\":\"Mereelektroonika, kaardiplotter, autopiloot, pinnipiloot, roolipiloot, radar, AIS, VHF, Smart Wind\",\"publisher\":{\"@id\":\"https:\\\/\\\/raymarine.ee\\\/#organization\"},\"alternateName\":\"Raymarine\",\"potentialAction\":[{\"@type\":\"SearchAction\",\"target\":{\"@type\":\"EntryPoint\",\"urlTemplate\":\"https:\\\/\\\/raymarine.ee\\\/?s={search_term_string}\"},\"query-input\":{\"@type\":\"PropertyValueSpecification\",\"valueRequired\":true,\"valueName\":\"search_term_string\"}}],\"inLanguage\":\"en-GB\"},{\"@type\":\"Organization\",\"@id\":\"https:\\\/\\\/raymarine.ee\\\/#organization\",\"name\":\"NavSystems O\u00dc\",\"url\":\"https:\\\/\\\/raymarine.ee\\\/\",\"logo\":{\"@type\":\"ImageObject\",\"inLanguage\":\"en-GB\",\"@id\":\"https:\\\/\\\/raymarine.ee\\\/#\\\/schema\\\/logo\\\/image\\\/\",\"url\":\"https:\\\/\\\/raymarine.ee\\\/wp-content\\\/uploads\\\/2024\\\/10\\\/Screenshot-2024-10-15-151324_bg_removed.webp\",\"contentUrl\":\"https:\\\/\\\/raymarine.ee\\\/wp-content\\\/uploads\\\/2024\\\/10\\\/Screenshot-2024-10-15-151324_bg_removed.webp\",\"width\":420,\"height\":276,\"caption\":\"NavSystems O\u00dc\"},\"image\":{\"@id\":\"https:\\\/\\\/raymarine.ee\\\/#\\\/schema\\\/logo\\\/image\\\/\"},\"sameAs\":[\"https:\\\/\\\/www.facebook.com\\\/NavSystems\"],\"legalName\":\"NavSystems O\u00dc\",\"foundingDate\":\"2011-05-03\",\"numberOfEmployees\":{\"@type\":\"QuantitativeValue\",\"minValue\":\"1\",\"maxValue\":\"10\"}}]}<\/script>\n<meta property=\"product:price:amount\" content=\"1545.00\" \/>\n<meta property=\"product:price:currency\" content=\"EUR\" \/>\n<meta property=\"og:availability\" content=\"backorder\" \/>\n<meta property=\"product:availability\" content=\"available for order\" \/>\n<meta property=\"product:retailer_item_id\" content=\"E70635-03\" \/>\n<meta property=\"product:condition\" content=\"new\" \/>\n<!-- \/ Yoast SEO Premium plugin. -->","yoast_head_json":{"title":"Axiom+ 7 RV: Kiire Protsessor ja lihtne kasutamine - NavSystems","description":"Axiom+ 7 RV v\u00f5imaldab t\u00e4pset navigeerimist \u00e4\u00e4rmuslikes tingimustes. Nautige multi-touch ekraani ja kiiret quad-core protsessorit!","robots":{"index":"index","follow":"follow","max-snippet":"max-snippet:-1","max-image-preview":"max-image-preview:large","max-video-preview":"max-video-preview:-1"},"canonical":"https:\/\/raymarine.ee\/en\/product\/axiom-7-rv-multi-function-7-display-with-integrated-realvision-3d600w-sonar-with-rv-100-transducer\/","og_locale":"en_GB","og_type":"article","og_title":"AXIOM+ 7 RV, Multi-function 7\" Display with integrated RealVision 3D,600W Sonar with RV-100 transducer","og_description":"Axiom+ 7 RV v\u00f5imaldab t\u00e4pset navigeerimist \u00e4\u00e4rmuslikes tingimustes. Nautige multi-touch ekraani ja kiiret quad-core protsessorit!","og_url":"https:\/\/raymarine.ee\/en\/product\/axiom-7-rv-multi-function-7-display-with-integrated-realvision-3d600w-sonar-with-rv-100-transducer\/","og_site_name":"NavSystems","article_publisher":"https:\/\/www.facebook.com\/NavSystems","article_modified_time":"2026-04-10T09:38:40+00:00","og_image":[{"width":1024,"height":1024,"url":"https:\/\/raymarine.ee\/wp-content\/uploads\/2025\/01\/a98061fa-cc03-4ae4-ad55-25bda5e3cbdf.webp","type":"image\/webp"}],"twitter_card":"summary_large_image","twitter_misc":{"Price":"1 545,00&nbsp;&euro;","Availability":"On back order"},"schema":{"@context":"https:\/\/schema.org","@graph":[{"@type":"WebPage","@id":"https:\/\/raymarine.ee\/product\/axiom-7-rv-multi-function-7-display-with-integrated-realvision-3d600w-sonar-with-rv-100-transducer\/","url":"https:\/\/raymarine.ee\/product\/axiom-7-rv-multi-function-7-display-with-integrated-realvision-3d600w-sonar-with-rv-100-transducer\/","name":"Axiom+ 7 RV: Kiire Protsessor ja lihtne kasutamine - NavSystems","isPartOf":{"@id":"https:\/\/raymarine.ee\/#website"},"primaryImageOfPage":{"@id":"https:\/\/raymarine.ee\/product\/axiom-7-rv-multi-function-7-display-with-integrated-realvision-3d600w-sonar-with-rv-100-transducer\/#primaryimage"},"image":{"@id":"https:\/\/raymarine.ee\/product\/axiom-7-rv-multi-function-7-display-with-integrated-realvision-3d600w-sonar-with-rv-100-transducer\/#primaryimage"},"thumbnailUrl":"https:\/\/raymarine.ee\/wp-content\/uploads\/2025\/01\/a98061fa-cc03-4ae4-ad55-25bda5e3cbdf.webp","datePublished":"2025-01-02T14:49:56+00:00","dateModified":"2026-04-10T09:38:40+00:00","description":"Axiom+ 7 RV v\u00f5imaldab t\u00e4pset navigeerimist \u00e4\u00e4rmuslikes tingimustes. Nautige multi-touch ekraani ja kiiret quad-core protsessorit!","breadcrumb":{"@id":"https:\/\/raymarine.ee\/product\/axiom-7-rv-multi-function-7-display-with-integrated-realvision-3d600w-sonar-with-rv-100-transducer\/#breadcrumb"},"inLanguage":"en-GB","potentialAction":[{"@type":"ReadAction","target":["https:\/\/raymarine.ee\/product\/axiom-7-rv-multi-function-7-display-with-integrated-realvision-3d600w-sonar-with-rv-100-transducer\/"]}]},{"@type":"ImageObject","inLanguage":"en-GB","@id":"https:\/\/raymarine.ee\/product\/axiom-7-rv-multi-function-7-display-with-integrated-realvision-3d600w-sonar-with-rv-100-transducer\/#primaryimage","url":"https:\/\/raymarine.ee\/wp-content\/uploads\/2025\/01\/a98061fa-cc03-4ae4-ad55-25bda5e3cbdf.webp","contentUrl":"https:\/\/raymarine.ee\/wp-content\/uploads\/2025\/01\/a98061fa-cc03-4ae4-ad55-25bda5e3cbdf.webp","width":1024,"height":1024},{"@type":"BreadcrumbList","@id":"https:\/\/raymarine.ee\/product\/axiom-7-rv-multi-function-7-display-with-integrated-realvision-3d600w-sonar-with-rv-100-transducer\/#breadcrumb","itemListElement":[{"@type":"ListItem","position":1,"name":"Home","item":"https:\/\/raymarine.ee\/"},{"@type":"ListItem","position":2,"name":"Tooted","item":"https:\/\/raymarine.ee\/shop\/"},{"@type":"ListItem","position":3,"name":"AXIOM+ 7 RV, Multi-function 7&#8243; Display with integrated RealVision 3D,600W Sonar with RV-100 transducer"}]},{"@type":"WebSite","@id":"https:\/\/raymarine.ee\/#website","url":"https:\/\/raymarine.ee\/","name":"www.raymarine.ee","description":"Mereelektroonika, kaardiplotter, autopiloot, pinnipiloot, roolipiloot, radar, AIS, VHF, Smart Wind","publisher":{"@id":"https:\/\/raymarine.ee\/#organization"},"alternateName":"Raymarine","potentialAction":[{"@type":"SearchAction","target":{"@type":"EntryPoint","urlTemplate":"https:\/\/raymarine.ee\/?s={search_term_string}"},"query-input":{"@type":"PropertyValueSpecification","valueRequired":true,"valueName":"search_term_string"}}],"inLanguage":"en-GB"},{"@type":"Organization","@id":"https:\/\/raymarine.ee\/#organization","name":"NavSystems O\u00dc","url":"https:\/\/raymarine.ee\/","logo":{"@type":"ImageObject","inLanguage":"en-GB","@id":"https:\/\/raymarine.ee\/#\/schema\/logo\/image\/","url":"https:\/\/raymarine.ee\/wp-content\/uploads\/2024\/10\/Screenshot-2024-10-15-151324_bg_removed.webp","contentUrl":"https:\/\/raymarine.ee\/wp-content\/uploads\/2024\/10\/Screenshot-2024-10-15-151324_bg_removed.webp","width":420,"height":276,"caption":"NavSystems O\u00dc"},"image":{"@id":"https:\/\/raymarine.ee\/#\/schema\/logo\/image\/"},"sameAs":["https:\/\/www.facebook.com\/NavSystems"],"legalName":"NavSystems O\u00dc","foundingDate":"2011-05-03","numberOfEmployees":{"@type":"QuantitativeValue","minValue":"1","maxValue":"10"}}]},"product_price_amount":"1545.00","product_price_currency":"EUR","og_availability":"backorder","product_availability":"available for order","product_retailer_item_id":"E70635-03","product_condition":"new"},"jetpack_sharing_enabled":true,"_links":{"self":[{"href":"https:\/\/raymarine.ee\/en\/wp-json\/wp\/v2\/product\/6344","targetHints":{"allow":["GET"]}}],"collection":[{"href":"https:\/\/raymarine.ee\/en\/wp-json\/wp\/v2\/product"}],"about":[{"href":"https:\/\/raymarine.ee\/en\/wp-json\/wp\/v2\/types\/product"}],"wp:featuredmedia":[{"embeddable":true,"href":"https:\/\/raymarine.ee\/en\/wp-json\/wp\/v2\/media\/7636"}],"wp:attachment":[{"href":"https:\/\/raymarine.ee\/en\/wp-json\/wp\/v2\/media?parent=6344"}],"wp:term":[{"taxonomy":"product_brand","embeddable":true,"href":"https:\/\/raymarine.ee\/en\/wp-json\/wp\/v2\/product_brand?post=6344"},{"taxonomy":"product_cat","embeddable":true,"href":"https:\/\/raymarine.ee\/en\/wp-json\/wp\/v2\/product_cat?post=6344"},{"taxonomy":"product_tag","embeddable":true,"href":"https:\/\/raymarine.ee\/en\/wp-json\/wp\/v2\/product_tag?post=6344"}],"curies":[{"name":"wp","href":"https:\/\/api.w.org\/{rel}","templated":true}]}}