{"id":6345,"date":"2025-01-02T14:49:56","date_gmt":"2025-01-02T14:49:56","guid":{"rendered":"https:\/\/raymarine.ee\/?post_type=product&#038;p=6345"},"modified":"2026-04-16T16:18:42","modified_gmt":"2026-04-16T13:18:42","slug":"axiom-9-multi-function-9-display","status":"publish","type":"product","link":"https:\/\/raymarine.ee\/en\/product\/axiom-9-multi-function-9-display\/","title":{"rendered":"AXIOM+ 9, Multi-function 9&#8243; Display"},"content":{"rendered":"<p data-start=\"0\" data-end=\"35\"><strong data-start=\"0\" data-end=\"35\">RAYMARINE AXIOM+ Tootetutvustus<\/strong><\/p>\n<h3 data-start=\"37\" data-end=\"57\">\u00dcldine \u00fclevaade:<\/h3>\n<p data-start=\"58\" data-end=\"465\"><strong data-start=\"58\" data-end=\"78\">RAYMARINE AXIOM+<\/strong> kaardiplotterid ja kalaleidjad on varustatud uusima <strong data-start=\"131\" data-end=\"155\">Lighthouse Dartmouth<\/strong> ops\u00fcsteemi, kiire <strong data-start=\"174\" data-end=\"199\">quad-core protsessori<\/strong> ja suure sisem\u00e4luga, et pakkuda erakordset j\u00f5udlust. Eriline <strong data-start=\"261\" data-end=\"282\">HydroTough\u2122 kuvar<\/strong> tagab k\u00f5rge heledusastme ja usaldusv\u00e4\u00e4rsuse igasugustes tingimustes. AXIOM+ seeria seadmeid on v\u00f5imalik laiendada vastavalt vajadusele, pakkudes seel\u00e4bi paindlikkust ja arendatavust.<\/p>\n<h3 data-start=\"467\" data-end=\"489\">Peamised omadused:<\/h3>\n<h4 data-start=\"491\" data-end=\"518\"><strong data-start=\"496\" data-end=\"518\">HydroTough\u2122 Kuvar:<\/strong><\/h4>\n<ul data-start=\"519\" data-end=\"767\">\n<li data-start=\"519\" data-end=\"611\"><strong data-start=\"521\" data-end=\"536\">25% heledam<\/strong> kui varasemate mudelite ekraanid, tagades selge n\u00e4htavuse ka p\u00e4ikese k\u00e4es.<\/li>\n<li data-start=\"612\" data-end=\"767\">Suurem l\u00f6\u00f6gikindlus ja <strong data-start=\"637\" data-end=\"650\">nano-kate<\/strong>, mis t\u00f5rjub vett ja mustust, muutes ekraani lihtsaks puhastada ja tagab t\u00e4psuse ka \u00e4\u00e4rmuslikes ilmastikutingimustes.<\/li>\n<\/ul>\n<h4 data-start=\"769\" data-end=\"795\"><strong data-start=\"774\" data-end=\"795\">Kiirus ja T\u00e4psus:<\/strong><\/h4>\n<ul data-start=\"796\" data-end=\"1081\">\n<li data-start=\"796\" data-end=\"849\"><strong data-start=\"798\" data-end=\"822\">\u00dcli kiire protsessor<\/strong> tagab sujuva ja kiire t\u00f6\u00f6.<\/li>\n<li data-start=\"850\" data-end=\"984\">Lihtne ja intuitiivne kasutamine t\u00e4nu <strong data-start=\"890\" data-end=\"908\">puuteekraanile<\/strong>: rakenduste ikoonid, andmev\u00e4ljade paigutamine libistamise ja lohistamisega.<\/li>\n<li data-start=\"985\" data-end=\"1081\"><strong data-start=\"987\" data-end=\"1011\">Kohandatav algusleht<\/strong>, mis salvestab isiklikud seaded ja kuvab andmed t\u00e4pselt nagu soovite.<\/li>\n<\/ul>\n<h4 data-start=\"1083\" data-end=\"1127\"><strong data-start=\"1088\" data-end=\"1127\">Uus LightHouse Dartmouth ops\u00fcsteem:<\/strong><\/h4>\n<ul data-start=\"1128\" data-end=\"1327\">\n<li data-start=\"1128\" data-end=\"1212\"><strong data-start=\"1130\" data-end=\"1152\">Mitmed v\u00e4rvitoonid<\/strong> pakuvad parimat vaatekogemust nii p\u00e4evavalgel kui ka \u00f6\u00f6sel.<\/li>\n<li data-start=\"1213\" data-end=\"1327\">T\u00e4iendatud armatuurlaua vaade, et k\u00f5ik olulised andmed oleks alati n\u00e4htavad ja kergesti kergesti ligip\u00e4\u00e4setavad.<\/li>\n<\/ul>\n<h4 data-start=\"1329\" data-end=\"1361\"><strong data-start=\"1334\" data-end=\"1361\">V\u00f5rgustik ja \u00dchenduvus:<\/strong><\/h4>\n<ul data-start=\"1362\" data-end=\"1563\">\n<li data-start=\"1362\" data-end=\"1476\"><strong data-start=\"1364\" data-end=\"1376\">NMEA0183<\/strong>, <strong data-start=\"1378\" data-end=\"1390\">NMEA2000<\/strong>, <strong data-start=\"1392\" data-end=\"1404\">Ethernet<\/strong> ja <strong data-start=\"1408\" data-end=\"1417\">Wi-Fi<\/strong> \u00fchendused, et \u00fchendada k\u00f5ik vajalikud seadmed ja teenused.<\/li>\n<li data-start=\"1477\" data-end=\"1563\"><strong data-start=\"1479\" data-end=\"1496\">Bluetooth 4.0<\/strong> ja <strong data-start=\"1500\" data-end=\"1507\">USB<\/strong> port lihtsaks andmevahetuseks ja seadmete \u00fchendamiseks.<\/li>\n<\/ul>\n<h4 data-start=\"1565\" data-end=\"1590\"><strong data-start=\"1570\" data-end=\"1590\">Parimad kaardid:<\/strong><\/h4>\n<ul data-start=\"1591\" data-end=\"1786\">\n<li data-start=\"1591\" data-end=\"1676\">\u00dchildub erinevate kaardivalikutega nagu <strong data-start=\"1633\" data-end=\"1646\">Navionics<\/strong>, <strong data-start=\"1648\" data-end=\"1657\">C-MAP<\/strong> ja <strong data-start=\"1661\" data-end=\"1675\">Lighthouse<\/strong>.<\/li>\n<li data-start=\"1677\" data-end=\"1786\">Erakordne detailikus <strong data-start=\"1700\" data-end=\"1727\">v\u00f5rgu ja vektorkaartide<\/strong> vaatamiseks, samuti <strong data-start=\"1748\" data-end=\"1762\">3D kaardid<\/strong> ja <strong data-start=\"1766\" data-end=\"1785\">satelliidi tugi<\/strong>.<\/li>\n<\/ul>\n<h3 data-start=\"1788\" data-end=\"1810\">Tehnilised andmed:<\/h3>\n<ul data-start=\"1812\" data-end=\"2772\">\n<li data-start=\"1812\" data-end=\"1836\"><strong data-start=\"1814\" data-end=\"1832\">Ekraani suurus<\/strong>: 9&#8243;<\/li>\n<li data-start=\"1837\" data-end=\"1867\"><strong data-start=\"1839\" data-end=\"1855\">Resolutsioon<\/strong>: 1280 x 720<\/li>\n<li data-start=\"1868\" data-end=\"1923\"><strong data-start=\"1870\" data-end=\"1886\">Ekraani t\u00fc\u00fcp<\/strong>: Multi-touch HydroTough (kaitsekate)<\/li>\n<li data-start=\"1924\" data-end=\"1949\"><strong data-start=\"1926\" data-end=\"1937\">Heledus<\/strong>: 1500 nitti<\/li>\n<li data-start=\"1950\" data-end=\"2004\"><strong data-start=\"1952\" data-end=\"1966\">Vaate nurk<\/strong>: 85\u00b0 (\u00fclalt, alt, vasakult, paremalt)<\/li>\n<li data-start=\"2005\" data-end=\"2039\"><strong data-start=\"2007\" data-end=\"2016\">Toide<\/strong>: 12 V DC (8 &#8211; 16 V DC)<\/li>\n<li data-start=\"2040\" data-end=\"2066\"><strong data-start=\"2042\" data-end=\"2058\">Energiatarve<\/strong>: 8.95 W<\/li>\n<li data-start=\"2067\" data-end=\"2090\"><strong data-start=\"2069\" data-end=\"2081\">Ethernet<\/strong>: 1x port<\/li>\n<li data-start=\"2091\" data-end=\"2114\"><strong data-start=\"2093\" data-end=\"2105\">NMEA2000<\/strong>: 1x port<\/li>\n<li data-start=\"2115\" data-end=\"2138\"><strong data-start=\"2117\" data-end=\"2126\">Sonar<\/strong>: Valikuline<\/li>\n<li data-start=\"2139\" data-end=\"2229\"><strong data-start=\"2141\" data-end=\"2150\">Radar<\/strong>: \u00dchildub Quantum, Digital, HD Color\/Super HD Color ja Magnum radar antennidega<\/li>\n<li data-start=\"2230\" data-end=\"2260\"><strong data-start=\"2232\" data-end=\"2239\">AIS<\/strong>: Jah, NMEA2000 kaudu<\/li>\n<li data-start=\"2261\" data-end=\"2339\"><strong data-start=\"2263\" data-end=\"2270\">GPS<\/strong>: Integreeritud, toetab GPS\/GLONASS\/Galileo\/Beidou (10Hz, 28 kanalit)<\/li>\n<li data-start=\"2340\" data-end=\"2394\"><strong data-start=\"2342\" data-end=\"2362\">Kaardi \u00fchilduvus<\/strong>: Navionics, C-MAP ja Lighthouse<\/li>\n<li data-start=\"2395\" data-end=\"2414\"><strong data-start=\"2397\" data-end=\"2410\">Kardipesa<\/strong>: 1x<\/li>\n<li data-start=\"2415\" data-end=\"2459\"><strong data-start=\"2417\" data-end=\"2437\">Autopiloodi tugi<\/strong>: Evolution autopiloot<\/li>\n<li data-start=\"2460\" data-end=\"2524\"><strong data-start=\"2462\" data-end=\"2483\">Termokaamera tugi<\/strong>: FLIR AX8, M232, M300 seeria, M400, M500<\/li>\n<li data-start=\"2525\" data-end=\"2597\"><strong data-start=\"2527\" data-end=\"2548\">Videokaamera tugi<\/strong>: \u00dchildub CAM210IP ja CAM220IP (kuni 10 kaamerat)<\/li>\n<li data-start=\"2598\" data-end=\"2639\"><strong data-start=\"2600\" data-end=\"2622\">Kasutustemperatuur<\/strong>: -25 kuni +55 \u00b0C<\/li>\n<li data-start=\"2640\" data-end=\"2682\"><strong data-start=\"2642\" data-end=\"2665\">S\u00e4ilitustemperatuur<\/strong>: -30 kuni +70 \u00b0C<\/li>\n<li data-start=\"2683\" data-end=\"2720\"><strong data-start=\"2685\" data-end=\"2707\">Veekindluse m\u00e4\u00e4rus<\/strong>: IPX6 \/ IPX7<\/li>\n<li data-start=\"2721\" data-end=\"2752\"><strong data-start=\"2723\" data-end=\"2733\">M\u00f5\u00f5dud<\/strong>: 244 x 158 x 77 mm<\/li>\n<li data-start=\"2753\" data-end=\"2772\"><strong data-start=\"2755\" data-end=\"2763\">Kaal<\/strong>: 2.27 kg<\/li>\n<\/ul>","protected":false},"excerpt":{"rendered":"<p>AXIOM+ 9&#8243; multifunktsionaalne kaardiplotter. See on ilma integreeritud 3D RealVision sonarita mudel. Seadmel on ka eesti- ja venekeelne men\u00fc\u00fc. AXIOM+ seeria on varustatud p\u00e4ikese k\u00e4es h\u00e4sti loetava puutetundliku ekraaniga. AXIOM+ seerial nupud puuduvad. Vajaduse korral saab lisada eraldi RMK-10 nuppude paneeli, v\u00e4lise kaardilugeja ja muud lisaseadmed. Seadmesse on integreeritud 10Hz GLONASS GPS, Bluetooth ja WiFi. AXIOM+ seerial on RayNet ja NMEA2000 liidesed. Tarkvara on k\u00f5ikidel AXIOM seeria plotteritel LightHouse III ja seadmetes saab kasutada Raymarine LightHouse NC2, Navionics, C-MAP Essentials ja C-MAP 4D MAX+ elektroonilisi merekaarte.<\/p>","protected":false},"featured_media":7635,"template":"","meta":{"_acf_changed":false},"product_brand":[134],"product_cat":[18,343,103,57],"product_tag":[],"class_list":{"0":"post-6345","1":"product","2":"type-product","3":"status-publish","4":"has-post-thumbnail","6":"product_brand-raymarine","7":"product_cat-axiom-axiom2-kaardiplotter-axiom2-pro","8":"product_cat-kampaaniad","9":"product_cat-raymarine","10":"product_cat-axiomaxiom","12":"first","13":"onbackorder","14":"sale","15":"taxable","16":"shipping-taxable","17":"purchasable","18":"product-type-simple"},"acf":[],"yoast_head":"<!-- This site is optimized with the Yoast SEO Premium plugin v27.5 (Yoast SEO v27.5) - https:\/\/yoast.com\/product\/yoast-seo-premium-wordpress\/ -->\n<title>Axiom+ 9: Kiire ja usaldusv\u00e4\u00e4rne kaardiplotter - NavSystems<\/title>\n<meta name=\"description\" content=\"Uus RAYMARINE AXIOM+ on teie parim abiline merel! Nautige laia valikut erinevaid funktsioone ja head ekraani. K\u00fcsige lisa!\" \/>\n<meta name=\"robots\" content=\"index, follow, max-snippet:-1, max-image-preview:large, max-video-preview:-1\" \/>\n<link rel=\"canonical\" href=\"https:\/\/raymarine.ee\/en\/product\/axiom-9-multi-function-9-display\/\" \/>\n<meta property=\"og:locale\" content=\"en_GB\" \/>\n<meta property=\"og:type\" content=\"article\" \/>\n<meta property=\"og:title\" content=\"AXIOM+ 9, Multi-function 9&quot; Display\" \/>\n<meta property=\"og:description\" content=\"Uus RAYMARINE AXIOM+ on teie parim abiline merel! Nautige laia valikut erinevaid funktsioone ja head ekraani. K\u00fcsige lisa!\" \/>\n<meta property=\"og:url\" content=\"https:\/\/raymarine.ee\/en\/product\/axiom-9-multi-function-9-display\/\" \/>\n<meta property=\"og:site_name\" content=\"NavSystems\" \/>\n<meta property=\"article:publisher\" content=\"https:\/\/www.facebook.com\/NavSystems\" \/>\n<meta property=\"article:modified_time\" content=\"2026-04-16T13:18:42+00:00\" \/>\n<meta property=\"og:image\" content=\"https:\/\/raymarine.ee\/wp-content\/uploads\/2025\/01\/50be5c57-9506-47bf-8835-51b99b3608f9.webp\" \/>\n\t<meta property=\"og:image:width\" content=\"1024\" \/>\n\t<meta property=\"og:image:height\" content=\"1024\" \/>\n\t<meta property=\"og:image:type\" content=\"image\/webp\" \/>\n<meta name=\"twitter:card\" content=\"summary_large_image\" \/>\n<meta name=\"twitter:label1\" content=\"Price\" \/>\n\t<meta name=\"twitter:data1\" content=\"965,00&nbsp;&euro;\" \/>\n\t<meta name=\"twitter:label2\" content=\"Availability\" \/>\n\t<meta name=\"twitter:data2\" content=\"On back order\" \/>\n<script type=\"application\/ld+json\" class=\"yoast-schema-graph\">{\"@context\":\"https:\\\/\\\/schema.org\",\"@graph\":[{\"@type\":\"WebPage\",\"@id\":\"https:\\\/\\\/raymarine.ee\\\/product\\\/axiom-9-multi-function-9-display\\\/\",\"url\":\"https:\\\/\\\/raymarine.ee\\\/product\\\/axiom-9-multi-function-9-display\\\/\",\"name\":\"Axiom+ 9: Kiire ja usaldusv\u00e4\u00e4rne kaardiplotter - NavSystems\",\"isPartOf\":{\"@id\":\"https:\\\/\\\/raymarine.ee\\\/#website\"},\"primaryImageOfPage\":{\"@id\":\"https:\\\/\\\/raymarine.ee\\\/product\\\/axiom-9-multi-function-9-display\\\/#primaryimage\"},\"image\":{\"@id\":\"https:\\\/\\\/raymarine.ee\\\/product\\\/axiom-9-multi-function-9-display\\\/#primaryimage\"},\"thumbnailUrl\":\"https:\\\/\\\/raymarine.ee\\\/wp-content\\\/uploads\\\/2025\\\/01\\\/50be5c57-9506-47bf-8835-51b99b3608f9.webp\",\"datePublished\":\"2025-01-02T14:49:56+00:00\",\"dateModified\":\"2026-04-16T13:18:42+00:00\",\"description\":\"Uus RAYMARINE AXIOM+ on teie parim abiline merel! Nautige laia valikut erinevaid funktsioone ja head ekraani. K\u00fcsige lisa!\",\"breadcrumb\":{\"@id\":\"https:\\\/\\\/raymarine.ee\\\/product\\\/axiom-9-multi-function-9-display\\\/#breadcrumb\"},\"inLanguage\":\"en-GB\",\"potentialAction\":[{\"@type\":\"ReadAction\",\"target\":[\"https:\\\/\\\/raymarine.ee\\\/product\\\/axiom-9-multi-function-9-display\\\/\"]}]},{\"@type\":\"ImageObject\",\"inLanguage\":\"en-GB\",\"@id\":\"https:\\\/\\\/raymarine.ee\\\/product\\\/axiom-9-multi-function-9-display\\\/#primaryimage\",\"url\":\"https:\\\/\\\/raymarine.ee\\\/wp-content\\\/uploads\\\/2025\\\/01\\\/50be5c57-9506-47bf-8835-51b99b3608f9.webp\",\"contentUrl\":\"https:\\\/\\\/raymarine.ee\\\/wp-content\\\/uploads\\\/2025\\\/01\\\/50be5c57-9506-47bf-8835-51b99b3608f9.webp\",\"width\":1024,\"height\":1024},{\"@type\":\"BreadcrumbList\",\"@id\":\"https:\\\/\\\/raymarine.ee\\\/product\\\/axiom-9-multi-function-9-display\\\/#breadcrumb\",\"itemListElement\":[{\"@type\":\"ListItem\",\"position\":1,\"name\":\"Home\",\"item\":\"https:\\\/\\\/raymarine.ee\\\/\"},{\"@type\":\"ListItem\",\"position\":2,\"name\":\"Tooted\",\"item\":\"https:\\\/\\\/raymarine.ee\\\/shop\\\/\"},{\"@type\":\"ListItem\",\"position\":3,\"name\":\"AXIOM+ 9, Multi-function 9&#8243; Display\"}]},{\"@type\":\"WebSite\",\"@id\":\"https:\\\/\\\/raymarine.ee\\\/#website\",\"url\":\"https:\\\/\\\/raymarine.ee\\\/\",\"name\":\"www.raymarine.ee\",\"description\":\"Mereelektroonika, kaardiplotter, autopiloot, pinnipiloot, roolipiloot, radar, AIS, VHF, Smart Wind\",\"publisher\":{\"@id\":\"https:\\\/\\\/raymarine.ee\\\/#organization\"},\"alternateName\":\"Raymarine\",\"potentialAction\":[{\"@type\":\"SearchAction\",\"target\":{\"@type\":\"EntryPoint\",\"urlTemplate\":\"https:\\\/\\\/raymarine.ee\\\/?s={search_term_string}\"},\"query-input\":{\"@type\":\"PropertyValueSpecification\",\"valueRequired\":true,\"valueName\":\"search_term_string\"}}],\"inLanguage\":\"en-GB\"},{\"@type\":\"Organization\",\"@id\":\"https:\\\/\\\/raymarine.ee\\\/#organization\",\"name\":\"NavSystems O\u00dc\",\"url\":\"https:\\\/\\\/raymarine.ee\\\/\",\"logo\":{\"@type\":\"ImageObject\",\"inLanguage\":\"en-GB\",\"@id\":\"https:\\\/\\\/raymarine.ee\\\/#\\\/schema\\\/logo\\\/image\\\/\",\"url\":\"https:\\\/\\\/raymarine.ee\\\/wp-content\\\/uploads\\\/2024\\\/10\\\/Screenshot-2024-10-15-151324_bg_removed.webp\",\"contentUrl\":\"https:\\\/\\\/raymarine.ee\\\/wp-content\\\/uploads\\\/2024\\\/10\\\/Screenshot-2024-10-15-151324_bg_removed.webp\",\"width\":420,\"height\":276,\"caption\":\"NavSystems O\u00dc\"},\"image\":{\"@id\":\"https:\\\/\\\/raymarine.ee\\\/#\\\/schema\\\/logo\\\/image\\\/\"},\"sameAs\":[\"https:\\\/\\\/www.facebook.com\\\/NavSystems\"],\"legalName\":\"NavSystems O\u00dc\",\"foundingDate\":\"2011-05-03\",\"numberOfEmployees\":{\"@type\":\"QuantitativeValue\",\"minValue\":\"1\",\"maxValue\":\"10\"}}]}<\/script>\n<meta property=\"product:price:amount\" content=\"965.00\" \/>\n<meta property=\"product:price:currency\" content=\"EUR\" \/>\n<meta property=\"og:availability\" content=\"backorder\" \/>\n<meta property=\"product:availability\" content=\"available for order\" \/>\n<meta property=\"product:retailer_item_id\" content=\"E70636\" \/>\n<meta property=\"product:condition\" content=\"new\" \/>\n<!-- \/ Yoast SEO Premium plugin. -->","yoast_head_json":{"title":"Axiom+ 9: Kiire ja usaldusv\u00e4\u00e4rne kaardiplotter - NavSystems","description":"Uus RAYMARINE AXIOM+ on teie parim abiline merel! Nautige laia valikut erinevaid funktsioone ja head ekraani. K\u00fcsige lisa!","robots":{"index":"index","follow":"follow","max-snippet":"max-snippet:-1","max-image-preview":"max-image-preview:large","max-video-preview":"max-video-preview:-1"},"canonical":"https:\/\/raymarine.ee\/en\/product\/axiom-9-multi-function-9-display\/","og_locale":"en_GB","og_type":"article","og_title":"AXIOM+ 9, Multi-function 9\" Display","og_description":"Uus RAYMARINE AXIOM+ on teie parim abiline merel! Nautige laia valikut erinevaid funktsioone ja head ekraani. K\u00fcsige lisa!","og_url":"https:\/\/raymarine.ee\/en\/product\/axiom-9-multi-function-9-display\/","og_site_name":"NavSystems","article_publisher":"https:\/\/www.facebook.com\/NavSystems","article_modified_time":"2026-04-16T13:18:42+00:00","og_image":[{"width":1024,"height":1024,"url":"https:\/\/raymarine.ee\/wp-content\/uploads\/2025\/01\/50be5c57-9506-47bf-8835-51b99b3608f9.webp","type":"image\/webp"}],"twitter_card":"summary_large_image","twitter_misc":{"Price":"965,00&nbsp;&euro;","Availability":"On back order"},"schema":{"@context":"https:\/\/schema.org","@graph":[{"@type":"WebPage","@id":"https:\/\/raymarine.ee\/product\/axiom-9-multi-function-9-display\/","url":"https:\/\/raymarine.ee\/product\/axiom-9-multi-function-9-display\/","name":"Axiom+ 9: Kiire ja usaldusv\u00e4\u00e4rne kaardiplotter - NavSystems","isPartOf":{"@id":"https:\/\/raymarine.ee\/#website"},"primaryImageOfPage":{"@id":"https:\/\/raymarine.ee\/product\/axiom-9-multi-function-9-display\/#primaryimage"},"image":{"@id":"https:\/\/raymarine.ee\/product\/axiom-9-multi-function-9-display\/#primaryimage"},"thumbnailUrl":"https:\/\/raymarine.ee\/wp-content\/uploads\/2025\/01\/50be5c57-9506-47bf-8835-51b99b3608f9.webp","datePublished":"2025-01-02T14:49:56+00:00","dateModified":"2026-04-16T13:18:42+00:00","description":"Uus RAYMARINE AXIOM+ on teie parim abiline merel! Nautige laia valikut erinevaid funktsioone ja head ekraani. K\u00fcsige lisa!","breadcrumb":{"@id":"https:\/\/raymarine.ee\/product\/axiom-9-multi-function-9-display\/#breadcrumb"},"inLanguage":"en-GB","potentialAction":[{"@type":"ReadAction","target":["https:\/\/raymarine.ee\/product\/axiom-9-multi-function-9-display\/"]}]},{"@type":"ImageObject","inLanguage":"en-GB","@id":"https:\/\/raymarine.ee\/product\/axiom-9-multi-function-9-display\/#primaryimage","url":"https:\/\/raymarine.ee\/wp-content\/uploads\/2025\/01\/50be5c57-9506-47bf-8835-51b99b3608f9.webp","contentUrl":"https:\/\/raymarine.ee\/wp-content\/uploads\/2025\/01\/50be5c57-9506-47bf-8835-51b99b3608f9.webp","width":1024,"height":1024},{"@type":"BreadcrumbList","@id":"https:\/\/raymarine.ee\/product\/axiom-9-multi-function-9-display\/#breadcrumb","itemListElement":[{"@type":"ListItem","position":1,"name":"Home","item":"https:\/\/raymarine.ee\/"},{"@type":"ListItem","position":2,"name":"Tooted","item":"https:\/\/raymarine.ee\/shop\/"},{"@type":"ListItem","position":3,"name":"AXIOM+ 9, Multi-function 9&#8243; Display"}]},{"@type":"WebSite","@id":"https:\/\/raymarine.ee\/#website","url":"https:\/\/raymarine.ee\/","name":"www.raymarine.ee","description":"Mereelektroonika, kaardiplotter, autopiloot, pinnipiloot, roolipiloot, radar, AIS, VHF, Smart Wind","publisher":{"@id":"https:\/\/raymarine.ee\/#organization"},"alternateName":"Raymarine","potentialAction":[{"@type":"SearchAction","target":{"@type":"EntryPoint","urlTemplate":"https:\/\/raymarine.ee\/?s={search_term_string}"},"query-input":{"@type":"PropertyValueSpecification","valueRequired":true,"valueName":"search_term_string"}}],"inLanguage":"en-GB"},{"@type":"Organization","@id":"https:\/\/raymarine.ee\/#organization","name":"NavSystems O\u00dc","url":"https:\/\/raymarine.ee\/","logo":{"@type":"ImageObject","inLanguage":"en-GB","@id":"https:\/\/raymarine.ee\/#\/schema\/logo\/image\/","url":"https:\/\/raymarine.ee\/wp-content\/uploads\/2024\/10\/Screenshot-2024-10-15-151324_bg_removed.webp","contentUrl":"https:\/\/raymarine.ee\/wp-content\/uploads\/2024\/10\/Screenshot-2024-10-15-151324_bg_removed.webp","width":420,"height":276,"caption":"NavSystems O\u00dc"},"image":{"@id":"https:\/\/raymarine.ee\/#\/schema\/logo\/image\/"},"sameAs":["https:\/\/www.facebook.com\/NavSystems"],"legalName":"NavSystems O\u00dc","foundingDate":"2011-05-03","numberOfEmployees":{"@type":"QuantitativeValue","minValue":"1","maxValue":"10"}}]},"product_price_amount":"965.00","product_price_currency":"EUR","og_availability":"backorder","product_availability":"available for order","product_retailer_item_id":"E70636","product_condition":"new"},"jetpack_sharing_enabled":true,"_links":{"self":[{"href":"https:\/\/raymarine.ee\/en\/wp-json\/wp\/v2\/product\/6345","targetHints":{"allow":["GET"]}}],"collection":[{"href":"https:\/\/raymarine.ee\/en\/wp-json\/wp\/v2\/product"}],"about":[{"href":"https:\/\/raymarine.ee\/en\/wp-json\/wp\/v2\/types\/product"}],"wp:featuredmedia":[{"embeddable":true,"href":"https:\/\/raymarine.ee\/en\/wp-json\/wp\/v2\/media\/7635"}],"wp:attachment":[{"href":"https:\/\/raymarine.ee\/en\/wp-json\/wp\/v2\/media?parent=6345"}],"wp:term":[{"taxonomy":"product_brand","embeddable":true,"href":"https:\/\/raymarine.ee\/en\/wp-json\/wp\/v2\/product_brand?post=6345"},{"taxonomy":"product_cat","embeddable":true,"href":"https:\/\/raymarine.ee\/en\/wp-json\/wp\/v2\/product_cat?post=6345"},{"taxonomy":"product_tag","embeddable":true,"href":"https:\/\/raymarine.ee\/en\/wp-json\/wp\/v2\/product_tag?post=6345"}],"curies":[{"name":"wp","href":"https:\/\/api.w.org\/{rel}","templated":true}]}}