{"id":6346,"date":"2025-01-02T14:49:56","date_gmt":"2025-01-02T14:49:56","guid":{"rendered":"https:\/\/raymarine.ee\/?post_type=product&#038;p=6346"},"modified":"2026-04-21T16:44:07","modified_gmt":"2026-04-21T13:44:07","slug":"axiom-9-rv-multi-function-9-display-with-integrated-realvision-3d-600w-sonar-no-transducer","status":"publish","type":"product","link":"https:\/\/raymarine.ee\/en\/product\/axiom-9-rv-multi-function-9-display-with-integrated-realvision-3d-600w-sonar-no-transducer\/","title":{"rendered":"AXIOM+ 9 RV, Multi-function 9&#8243; Display with integrated RealVision 3D, 600W Sonar, no transducer"},"content":{"rendered":"<p data-start=\"0\" data-end=\"35\"><strong data-start=\"0\" data-end=\"35\">RAYMARINE AXIOM+ Tootetutvustus<\/strong><\/p>\n<h3 data-start=\"37\" data-end=\"57\">\u00dcldine \u00fclevaade:<\/h3>\n<p data-start=\"58\" data-end=\"506\">Raymarine <strong data-start=\"68\" data-end=\"78\">AXIOM+<\/strong> seeria kaardiplotterid ja kalaleidjad on varustatud uue <strong data-start=\"135\" data-end=\"159\">LightHouse Dartmouth<\/strong> operatsioonis\u00fcsteemi, kiire <strong data-start=\"188\" data-end=\"218\">neljatuumalise protsessori<\/strong> ja suure sisem\u00e4luga, tagades erakordse j\u00f5udluse ja sujuva navigeerimise. Seadme <strong data-start=\"299\" data-end=\"321\">HydroTough\u2122 ekraan<\/strong> pakub suuremat heledust ja vastupidavust, et tagada t\u00e4psus igasugustes ilmastikutingimustes. Lisaks on AXIOM+ laiendatav, v\u00f5imaldades funktsionaalsuse t\u00e4iustamist vastavalt vajadusele.<\/p>\n<h3 data-start=\"508\" data-end=\"530\">Peamised omadused:<\/h3>\n<h4 data-start=\"532\" data-end=\"560\"><strong data-start=\"537\" data-end=\"560\">HydroTough\u2122 Ekraan:<\/strong><\/h4>\n<ul data-start=\"561\" data-end=\"759\">\n<li data-start=\"561\" data-end=\"650\"><strong data-start=\"563\" data-end=\"578\">25% heledam<\/strong> kui varasemad mudelid, tagades ereda ja selge kuvamise ka p\u00e4ikese k\u00e4es.<\/li>\n<li data-start=\"651\" data-end=\"759\"><strong data-start=\"653\" data-end=\"666\">Nano-kate<\/strong>, mis t\u00f5rjub vett ja mustust, pakkudes paremat l\u00f6\u00f6gikindlust ja kaitset keskkonnam\u00f5jude eest.<\/li>\n<\/ul>\n<h4 data-start=\"761\" data-end=\"787\"><strong data-start=\"766\" data-end=\"787\">Kiirus ja T\u00e4psus:<\/strong><\/h4>\n<ul data-start=\"788\" data-end=\"1039\">\n<li data-start=\"788\" data-end=\"841\"><strong data-start=\"790\" data-end=\"814\">\u00dcli kiire protsessor<\/strong> tagab sujuva ja t\u00e4pse t\u00f6\u00f6.<\/li>\n<li data-start=\"842\" data-end=\"949\"><strong data-start=\"844\" data-end=\"870\">Puutetundlik juhtimine<\/strong>: s\u00f5rme liigutusega saad kiiresti navigeerida ja andmev\u00e4lju ekraanil paigutada.<\/li>\n<li data-start=\"950\" data-end=\"1039\"><strong data-start=\"952\" data-end=\"978\">Drag &amp; Drop funktsioon<\/strong> v\u00f5imaldab andmete kuvamise kohandamist vastavalt vajadusele.<\/li>\n<\/ul>\n<h4 data-start=\"1041\" data-end=\"1095\"><strong data-start=\"1046\" data-end=\"1095\">Uus LightHouse Dartmouth operatsioonis\u00fcsteem:<\/strong><\/h4>\n<ul data-start=\"1096\" data-end=\"1281\">\n<li data-start=\"1096\" data-end=\"1186\"><strong data-start=\"1098\" data-end=\"1127\">Kohandatavad v\u00e4rviskeemid<\/strong> tagavad ideaalse n\u00e4htavuse nii p\u00e4evavalguses kui ka \u00f6\u00f6sel.<\/li>\n<li data-start=\"1187\" data-end=\"1281\">T\u00e4iustatud <strong data-start=\"1200\" data-end=\"1216\">armatuurlaud<\/strong> aitab hoida k\u00f5iki olulisi andmeid kiiresti ja mugavalt n\u00e4htaval.<\/li>\n<\/ul>\n<h4 data-start=\"1283\" data-end=\"1312\"><strong data-start=\"1288\" data-end=\"1312\">V\u00f5rgud ja \u00dchenduvus:<\/strong><\/h4>\n<ul data-start=\"1313\" data-end=\"1524\">\n<li data-start=\"1313\" data-end=\"1409\"><strong data-start=\"1315\" data-end=\"1349\">NMEA0183, NMEA2000 ja Ethernet<\/strong> \u00fchendused tagavad k\u00f5igi meretehniliste seadmete \u00fchenduvuse.<\/li>\n<li data-start=\"1410\" data-end=\"1524\"><strong data-start=\"1412\" data-end=\"1435\">Sisseehitatud Wi-Fi<\/strong>, <strong data-start=\"1437\" data-end=\"1454\">Bluetooth 4.0<\/strong> ja <strong data-start=\"1458\" data-end=\"1475\">microUSB port<\/strong> v\u00f5imaldavad lihtsat \u00fchenduvust ja andmevahetust.<\/li>\n<\/ul>\n<h4 data-start=\"1526\" data-end=\"1567\"><strong data-start=\"1531\" data-end=\"1567\">Parimad kaardid ja navigatsioon:<\/strong><\/h4>\n<ul data-start=\"1568\" data-end=\"1789\">\n<li data-start=\"1568\" data-end=\"1638\">\u00dchildub kaardivalikutega <strong data-start=\"1595\" data-end=\"1608\">Navionics<\/strong>, <strong data-start=\"1610\" data-end=\"1619\">C-Map<\/strong> ja <strong data-start=\"1623\" data-end=\"1637\">LightHouse<\/strong>.<\/li>\n<li data-start=\"1639\" data-end=\"1717\">T\u00e4pne <strong data-start=\"1647\" data-end=\"1673\">v\u00f5rgu ja vektorkaardid<\/strong> muudavad navigatsiooni lihtsaks ja t\u00e4pseks.<\/li>\n<li data-start=\"1718\" data-end=\"1789\"><strong data-start=\"1720\" data-end=\"1744\">3D ja satelliitvaate<\/strong> v\u00f5imalused annavad lisainfot maastiku kohta.<\/li>\n<\/ul>\n<h4 data-start=\"1791\" data-end=\"1834\"><strong data-start=\"1796\" data-end=\"1834\">Integreeritud RealVision 3D Sonar:<\/strong><\/h4>\n<ul data-start=\"1835\" data-end=\"2075\">\n<li data-start=\"1835\" data-end=\"1963\"><strong data-start=\"1837\" data-end=\"1869\">CHIRP DownVision, SideVision<\/strong>, k\u00f5rgsageduslik <strong data-start=\"1886\" data-end=\"1895\">CHIRP<\/strong> ja <strong data-start=\"1899\" data-end=\"1916\">RealVision 3D<\/strong> pakuvad selgeid ja elutruusid pildikvaliteete.<\/li>\n<li data-start=\"1964\" data-end=\"2075\"><strong data-start=\"1966\" data-end=\"1996\">60 erinevat CHIRP sagedust<\/strong> tagab erakordse t\u00e4psuse ja selguse veealuste struktuuride ja kalade leidmisel.<\/li>\n<\/ul>\n<h3 data-start=\"2077\" data-end=\"2099\">Tehnilised andmed:<\/h3>\n<ul data-start=\"2101\" data-end=\"2750\">\n<li data-start=\"2101\" data-end=\"2155\"><strong data-start=\"2103\" data-end=\"2121\">Ekraani suurus<\/strong>: 9&#8243; multitouch HydroTough kattega<\/li>\n<li data-start=\"2156\" data-end=\"2186\"><strong data-start=\"2158\" data-end=\"2174\">Resolutsioon<\/strong>: 1280 x 720<\/li>\n<li data-start=\"2187\" data-end=\"2212\"><strong data-start=\"2189\" data-end=\"2200\">Heledus<\/strong>: 1500 nitti<\/li>\n<li data-start=\"2213\" data-end=\"2252\"><strong data-start=\"2215\" data-end=\"2228\">Vaatenurk<\/strong>: 85\u00b0 k\u00f5ikides suundades<\/li>\n<li data-start=\"2253\" data-end=\"2287\"><strong data-start=\"2255\" data-end=\"2264\">Toide<\/strong>: 12 V DC (8 &#8211; 16 V DC)<\/li>\n<li data-start=\"2288\" data-end=\"2313\"><strong data-start=\"2290\" data-end=\"2304\">Voolutarve<\/strong>: 11.98 W<\/li>\n<li data-start=\"2314\" data-end=\"2401\"><strong data-start=\"2316\" data-end=\"2329\">\u00dchenduvus<\/strong>:\n<ul data-start=\"2333\" data-end=\"2401\">\n<li data-start=\"2333\" data-end=\"2355\">1x Ethernet (RayNet)<\/li>\n<li data-start=\"2358\" data-end=\"2374\">1x USB microAB<\/li>\n<li data-start=\"2377\" data-end=\"2383\">WiFi<\/li>\n<li data-start=\"2386\" data-end=\"2401\">Bluetooth 4.0<\/li>\n<\/ul>\n<\/li>\n<li data-start=\"2402\" data-end=\"2474\"><strong data-start=\"2404\" data-end=\"2411\">GPS<\/strong>: Integreeritud (10 Hz, 28 kanalit, GPS\/GLONASS\/Galileo\/Beidou)<\/li>\n<li data-start=\"2475\" data-end=\"2532\"><strong data-start=\"2477\" data-end=\"2486\">Sonar<\/strong>: CHIRP, DownVision, SideVision, RealVision 3D<\/li>\n<li data-start=\"2533\" data-end=\"2591\"><strong data-start=\"2535\" data-end=\"2555\">Radari \u00fchilduvus<\/strong>: Quantum, Digital, HD Color, Magnum<\/li>\n<li data-start=\"2592\" data-end=\"2622\"><strong data-start=\"2594\" data-end=\"2601\">AIS<\/strong>: Jah, NMEA2000 kaudu<\/li>\n<li data-start=\"2623\" data-end=\"2667\"><strong data-start=\"2625\" data-end=\"2645\">Autopiloodi tugi<\/strong>: Evolution autopiloot<\/li>\n<li data-start=\"2668\" data-end=\"2697\"><strong data-start=\"2670\" data-end=\"2684\">Veekindlus<\/strong>: IPX6 \/ IPX7<\/li>\n<li data-start=\"2698\" data-end=\"2730\"><strong data-start=\"2700\" data-end=\"2711\">M\u00f5\u00f5tmed<\/strong>: 244 x 158 x 77 mm<\/li>\n<li data-start=\"2731\" data-end=\"2750\"><strong data-start=\"2733\" data-end=\"2741\">Kaal<\/strong>: 2.27 kg<\/li>\n<\/ul>","protected":false},"excerpt":{"rendered":"<p>9&#8243; ekraaniga k\u00f5ik \u00fches AXIOM+ 9 RV kaardiplotter-kalaleidja ilma andurita. Seadmel on ka eesti- ja venekeelne men\u00fc\u00fc. AXIOM+ seeria on varustatud p\u00e4ikese k\u00e4es h\u00e4sti loetava puutetundliku ekraaniga. AXIOM+ seerial nupud puuduvad. Vajaduse korral saab lisada eraldi RMK-10 nuppude paneeli, v\u00e4lise kaardilugeja ja muud lisaseadmed. Seadmesse on integreeritud 10Hz GLONASS GPS, Bluetooth, WiFi ja RealVision 3D sonar. AXIOM+ seerial on RayNet ja NMEA2000 liidesed. Tarkvara on k\u00f5ikidel AXIOM seeria plotteritel LightHouse 4 ja seadmetes saab kasutada Raymarine LightHouse, Navionics, C-MAP Essentials ja C-MAP 4D MAX+ elektroonilisi merekaarte.<\/p>\n<p><span style=\"color: #ff9900;\">LightHouse merekaart, P\u00f5hja-Euroopa koos plotteriga tasuta kaasa!<\/span><\/p>","protected":false},"featured_media":7631,"template":"","meta":{"_acf_changed":false},"product_brand":[134],"product_cat":[77,18,54,343,103,57],"product_tag":[],"class_list":{"0":"post-6346","1":"product","2":"type-product","3":"status-publish","4":"has-post-thumbnail","6":"product_brand-raymarine","7":"product_cat-raymarine-kaardiplotter-kalaleidja","8":"product_cat-axiom-axiom2-kaardiplotter-axiom2-pro","9":"product_cat-kalaleidjad","10":"product_cat-kampaaniad","11":"product_cat-raymarine","12":"product_cat-axiomaxiom","14":"first","15":"instock","16":"sale","17":"taxable","18":"shipping-taxable","19":"purchasable","20":"product-type-simple"},"acf":[],"yoast_head":"<!-- This site is optimized with the Yoast SEO Premium plugin v27.5 (Yoast SEO v27.5) - https:\/\/yoast.com\/product\/yoast-seo-premium-wordpress\/ -->\n<title>Axiom+ 9 RV: Erakordne j\u00f5udlus igas olukorras - NavSystems Mereelektroonika<\/title>\n<meta name=\"description\" content=\"Avastage Raymarine Axiom+ 9 RV erakordne j\u00f5udlus ja sujuv navigeerimine! Nautige parimat heledust ja vastupidavust igasugustes ilmastikutingimustes.\" \/>\n<meta name=\"robots\" content=\"index, follow, max-snippet:-1, max-image-preview:large, max-video-preview:-1\" \/>\n<link rel=\"canonical\" href=\"https:\/\/raymarine.ee\/en\/product\/axiom-9-rv-multi-function-9-display-with-integrated-realvision-3d-600w-sonar-no-transducer\/\" \/>\n<meta property=\"og:locale\" content=\"en_GB\" \/>\n<meta property=\"og:type\" content=\"article\" \/>\n<meta property=\"og:title\" content=\"AXIOM+ 9 RV, Multi-function 9&quot; Display with integrated RealVision 3D, 600W Sonar, no transducer\" \/>\n<meta property=\"og:description\" content=\"Avastage Raymarine Axiom+ 9 RV erakordne j\u00f5udlus ja sujuv navigeerimine! Nautige parimat heledust ja vastupidavust igasugustes ilmastikutingimustes.\" \/>\n<meta property=\"og:url\" content=\"https:\/\/raymarine.ee\/en\/product\/axiom-9-rv-multi-function-9-display-with-integrated-realvision-3d-600w-sonar-no-transducer\/\" \/>\n<meta property=\"og:site_name\" content=\"NavSystems\" \/>\n<meta property=\"article:publisher\" content=\"https:\/\/www.facebook.com\/NavSystems\" \/>\n<meta property=\"article:modified_time\" content=\"2026-04-21T13:44:07+00:00\" \/>\n<meta property=\"og:image\" content=\"https:\/\/raymarine.ee\/wp-content\/uploads\/2025\/01\/8345e0c9-148a-40d9-a773-ef6aa1dd3edf.webp\" \/>\n\t<meta property=\"og:image:width\" content=\"1024\" \/>\n\t<meta property=\"og:image:height\" content=\"1024\" \/>\n\t<meta property=\"og:image:type\" content=\"image\/webp\" \/>\n<meta name=\"twitter:card\" content=\"summary_large_image\" \/>\n<meta name=\"twitter:label1\" content=\"Price\" \/>\n\t<meta name=\"twitter:data1\" content=\"1 290,00&nbsp;&euro;\" \/>\n\t<meta name=\"twitter:label2\" content=\"Availability\" \/>\n\t<meta name=\"twitter:data2\" content=\"In stock\" \/>\n<script type=\"application\/ld+json\" class=\"yoast-schema-graph\">{\"@context\":\"https:\\\/\\\/schema.org\",\"@graph\":[{\"@type\":\"WebPage\",\"@id\":\"https:\\\/\\\/raymarine.ee\\\/product\\\/axiom-9-rv-multi-function-9-display-with-integrated-realvision-3d-600w-sonar-no-transducer\\\/\",\"url\":\"https:\\\/\\\/raymarine.ee\\\/product\\\/axiom-9-rv-multi-function-9-display-with-integrated-realvision-3d-600w-sonar-no-transducer\\\/\",\"name\":\"Axiom+ 9 RV: Erakordne j\u00f5udlus igas olukorras - NavSystems Mereelektroonika\",\"isPartOf\":{\"@id\":\"https:\\\/\\\/raymarine.ee\\\/#website\"},\"primaryImageOfPage\":{\"@id\":\"https:\\\/\\\/raymarine.ee\\\/product\\\/axiom-9-rv-multi-function-9-display-with-integrated-realvision-3d-600w-sonar-no-transducer\\\/#primaryimage\"},\"image\":{\"@id\":\"https:\\\/\\\/raymarine.ee\\\/product\\\/axiom-9-rv-multi-function-9-display-with-integrated-realvision-3d-600w-sonar-no-transducer\\\/#primaryimage\"},\"thumbnailUrl\":\"https:\\\/\\\/raymarine.ee\\\/wp-content\\\/uploads\\\/2025\\\/01\\\/8345e0c9-148a-40d9-a773-ef6aa1dd3edf.webp\",\"datePublished\":\"2025-01-02T14:49:56+00:00\",\"dateModified\":\"2026-04-21T13:44:07+00:00\",\"description\":\"Avastage Raymarine Axiom+ 9 RV erakordne j\u00f5udlus ja sujuv navigeerimine! Nautige parimat heledust ja vastupidavust igasugustes ilmastikutingimustes.\",\"breadcrumb\":{\"@id\":\"https:\\\/\\\/raymarine.ee\\\/product\\\/axiom-9-rv-multi-function-9-display-with-integrated-realvision-3d-600w-sonar-no-transducer\\\/#breadcrumb\"},\"inLanguage\":\"en-GB\",\"potentialAction\":[{\"@type\":\"ReadAction\",\"target\":[\"https:\\\/\\\/raymarine.ee\\\/product\\\/axiom-9-rv-multi-function-9-display-with-integrated-realvision-3d-600w-sonar-no-transducer\\\/\"]}]},{\"@type\":\"ImageObject\",\"inLanguage\":\"en-GB\",\"@id\":\"https:\\\/\\\/raymarine.ee\\\/product\\\/axiom-9-rv-multi-function-9-display-with-integrated-realvision-3d-600w-sonar-no-transducer\\\/#primaryimage\",\"url\":\"https:\\\/\\\/raymarine.ee\\\/wp-content\\\/uploads\\\/2025\\\/01\\\/8345e0c9-148a-40d9-a773-ef6aa1dd3edf.webp\",\"contentUrl\":\"https:\\\/\\\/raymarine.ee\\\/wp-content\\\/uploads\\\/2025\\\/01\\\/8345e0c9-148a-40d9-a773-ef6aa1dd3edf.webp\",\"width\":1024,\"height\":1024},{\"@type\":\"BreadcrumbList\",\"@id\":\"https:\\\/\\\/raymarine.ee\\\/product\\\/axiom-9-rv-multi-function-9-display-with-integrated-realvision-3d-600w-sonar-no-transducer\\\/#breadcrumb\",\"itemListElement\":[{\"@type\":\"ListItem\",\"position\":1,\"name\":\"Home\",\"item\":\"https:\\\/\\\/raymarine.ee\\\/\"},{\"@type\":\"ListItem\",\"position\":2,\"name\":\"Tooted\",\"item\":\"https:\\\/\\\/raymarine.ee\\\/shop\\\/\"},{\"@type\":\"ListItem\",\"position\":3,\"name\":\"AXIOM+ 9 RV, Multi-function 9&#8243; Display with integrated RealVision 3D, 600W Sonar, no transducer\"}]},{\"@type\":\"WebSite\",\"@id\":\"https:\\\/\\\/raymarine.ee\\\/#website\",\"url\":\"https:\\\/\\\/raymarine.ee\\\/\",\"name\":\"www.raymarine.ee\",\"description\":\"Mereelektroonika, kaardiplotter, autopiloot, pinnipiloot, roolipiloot, radar, AIS, VHF, Smart Wind\",\"publisher\":{\"@id\":\"https:\\\/\\\/raymarine.ee\\\/#organization\"},\"alternateName\":\"Raymarine\",\"potentialAction\":[{\"@type\":\"SearchAction\",\"target\":{\"@type\":\"EntryPoint\",\"urlTemplate\":\"https:\\\/\\\/raymarine.ee\\\/?s={search_term_string}\"},\"query-input\":{\"@type\":\"PropertyValueSpecification\",\"valueRequired\":true,\"valueName\":\"search_term_string\"}}],\"inLanguage\":\"en-GB\"},{\"@type\":\"Organization\",\"@id\":\"https:\\\/\\\/raymarine.ee\\\/#organization\",\"name\":\"NavSystems O\u00dc\",\"url\":\"https:\\\/\\\/raymarine.ee\\\/\",\"logo\":{\"@type\":\"ImageObject\",\"inLanguage\":\"en-GB\",\"@id\":\"https:\\\/\\\/raymarine.ee\\\/#\\\/schema\\\/logo\\\/image\\\/\",\"url\":\"https:\\\/\\\/raymarine.ee\\\/wp-content\\\/uploads\\\/2024\\\/10\\\/Screenshot-2024-10-15-151324_bg_removed.webp\",\"contentUrl\":\"https:\\\/\\\/raymarine.ee\\\/wp-content\\\/uploads\\\/2024\\\/10\\\/Screenshot-2024-10-15-151324_bg_removed.webp\",\"width\":420,\"height\":276,\"caption\":\"NavSystems O\u00dc\"},\"image\":{\"@id\":\"https:\\\/\\\/raymarine.ee\\\/#\\\/schema\\\/logo\\\/image\\\/\"},\"sameAs\":[\"https:\\\/\\\/www.facebook.com\\\/NavSystems\"],\"legalName\":\"NavSystems O\u00dc\",\"foundingDate\":\"2011-05-03\",\"numberOfEmployees\":{\"@type\":\"QuantitativeValue\",\"minValue\":\"1\",\"maxValue\":\"10\"}}]}<\/script>\n<meta property=\"product:price:amount\" content=\"1290.00\" \/>\n<meta property=\"product:price:currency\" content=\"EUR\" \/>\n<meta property=\"og:availability\" content=\"instock\" \/>\n<meta property=\"product:availability\" content=\"instock\" \/>\n<meta property=\"product:retailer_item_id\" content=\"E70637\" \/>\n<meta property=\"product:condition\" content=\"new\" \/>\n<!-- \/ Yoast SEO Premium plugin. -->","yoast_head_json":{"title":"Axiom+ 9 RV: Erakordne j\u00f5udlus igas olukorras - NavSystems Mereelektroonika","description":"Avastage Raymarine Axiom+ 9 RV erakordne j\u00f5udlus ja sujuv navigeerimine! Nautige parimat heledust ja vastupidavust igasugustes ilmastikutingimustes.","robots":{"index":"index","follow":"follow","max-snippet":"max-snippet:-1","max-image-preview":"max-image-preview:large","max-video-preview":"max-video-preview:-1"},"canonical":"https:\/\/raymarine.ee\/en\/product\/axiom-9-rv-multi-function-9-display-with-integrated-realvision-3d-600w-sonar-no-transducer\/","og_locale":"en_GB","og_type":"article","og_title":"AXIOM+ 9 RV, Multi-function 9\" Display with integrated RealVision 3D, 600W Sonar, no transducer","og_description":"Avastage Raymarine Axiom+ 9 RV erakordne j\u00f5udlus ja sujuv navigeerimine! Nautige parimat heledust ja vastupidavust igasugustes ilmastikutingimustes.","og_url":"https:\/\/raymarine.ee\/en\/product\/axiom-9-rv-multi-function-9-display-with-integrated-realvision-3d-600w-sonar-no-transducer\/","og_site_name":"NavSystems","article_publisher":"https:\/\/www.facebook.com\/NavSystems","article_modified_time":"2026-04-21T13:44:07+00:00","og_image":[{"width":1024,"height":1024,"url":"https:\/\/raymarine.ee\/wp-content\/uploads\/2025\/01\/8345e0c9-148a-40d9-a773-ef6aa1dd3edf.webp","type":"image\/webp"}],"twitter_card":"summary_large_image","twitter_misc":{"Price":"1 290,00&nbsp;&euro;","Availability":"In stock"},"schema":{"@context":"https:\/\/schema.org","@graph":[{"@type":"WebPage","@id":"https:\/\/raymarine.ee\/product\/axiom-9-rv-multi-function-9-display-with-integrated-realvision-3d-600w-sonar-no-transducer\/","url":"https:\/\/raymarine.ee\/product\/axiom-9-rv-multi-function-9-display-with-integrated-realvision-3d-600w-sonar-no-transducer\/","name":"Axiom+ 9 RV: Erakordne j\u00f5udlus igas olukorras - NavSystems Mereelektroonika","isPartOf":{"@id":"https:\/\/raymarine.ee\/#website"},"primaryImageOfPage":{"@id":"https:\/\/raymarine.ee\/product\/axiom-9-rv-multi-function-9-display-with-integrated-realvision-3d-600w-sonar-no-transducer\/#primaryimage"},"image":{"@id":"https:\/\/raymarine.ee\/product\/axiom-9-rv-multi-function-9-display-with-integrated-realvision-3d-600w-sonar-no-transducer\/#primaryimage"},"thumbnailUrl":"https:\/\/raymarine.ee\/wp-content\/uploads\/2025\/01\/8345e0c9-148a-40d9-a773-ef6aa1dd3edf.webp","datePublished":"2025-01-02T14:49:56+00:00","dateModified":"2026-04-21T13:44:07+00:00","description":"Avastage Raymarine Axiom+ 9 RV erakordne j\u00f5udlus ja sujuv navigeerimine! Nautige parimat heledust ja vastupidavust igasugustes ilmastikutingimustes.","breadcrumb":{"@id":"https:\/\/raymarine.ee\/product\/axiom-9-rv-multi-function-9-display-with-integrated-realvision-3d-600w-sonar-no-transducer\/#breadcrumb"},"inLanguage":"en-GB","potentialAction":[{"@type":"ReadAction","target":["https:\/\/raymarine.ee\/product\/axiom-9-rv-multi-function-9-display-with-integrated-realvision-3d-600w-sonar-no-transducer\/"]}]},{"@type":"ImageObject","inLanguage":"en-GB","@id":"https:\/\/raymarine.ee\/product\/axiom-9-rv-multi-function-9-display-with-integrated-realvision-3d-600w-sonar-no-transducer\/#primaryimage","url":"https:\/\/raymarine.ee\/wp-content\/uploads\/2025\/01\/8345e0c9-148a-40d9-a773-ef6aa1dd3edf.webp","contentUrl":"https:\/\/raymarine.ee\/wp-content\/uploads\/2025\/01\/8345e0c9-148a-40d9-a773-ef6aa1dd3edf.webp","width":1024,"height":1024},{"@type":"BreadcrumbList","@id":"https:\/\/raymarine.ee\/product\/axiom-9-rv-multi-function-9-display-with-integrated-realvision-3d-600w-sonar-no-transducer\/#breadcrumb","itemListElement":[{"@type":"ListItem","position":1,"name":"Home","item":"https:\/\/raymarine.ee\/"},{"@type":"ListItem","position":2,"name":"Tooted","item":"https:\/\/raymarine.ee\/shop\/"},{"@type":"ListItem","position":3,"name":"AXIOM+ 9 RV, Multi-function 9&#8243; Display with integrated RealVision 3D, 600W Sonar, no transducer"}]},{"@type":"WebSite","@id":"https:\/\/raymarine.ee\/#website","url":"https:\/\/raymarine.ee\/","name":"www.raymarine.ee","description":"Mereelektroonika, kaardiplotter, autopiloot, pinnipiloot, roolipiloot, radar, AIS, VHF, Smart Wind","publisher":{"@id":"https:\/\/raymarine.ee\/#organization"},"alternateName":"Raymarine","potentialAction":[{"@type":"SearchAction","target":{"@type":"EntryPoint","urlTemplate":"https:\/\/raymarine.ee\/?s={search_term_string}"},"query-input":{"@type":"PropertyValueSpecification","valueRequired":true,"valueName":"search_term_string"}}],"inLanguage":"en-GB"},{"@type":"Organization","@id":"https:\/\/raymarine.ee\/#organization","name":"NavSystems O\u00dc","url":"https:\/\/raymarine.ee\/","logo":{"@type":"ImageObject","inLanguage":"en-GB","@id":"https:\/\/raymarine.ee\/#\/schema\/logo\/image\/","url":"https:\/\/raymarine.ee\/wp-content\/uploads\/2024\/10\/Screenshot-2024-10-15-151324_bg_removed.webp","contentUrl":"https:\/\/raymarine.ee\/wp-content\/uploads\/2024\/10\/Screenshot-2024-10-15-151324_bg_removed.webp","width":420,"height":276,"caption":"NavSystems O\u00dc"},"image":{"@id":"https:\/\/raymarine.ee\/#\/schema\/logo\/image\/"},"sameAs":["https:\/\/www.facebook.com\/NavSystems"],"legalName":"NavSystems O\u00dc","foundingDate":"2011-05-03","numberOfEmployees":{"@type":"QuantitativeValue","minValue":"1","maxValue":"10"}}]},"product_price_amount":"1290.00","product_price_currency":"EUR","og_availability":"instock","product_availability":"instock","product_retailer_item_id":"E70637","product_condition":"new"},"jetpack_sharing_enabled":true,"_links":{"self":[{"href":"https:\/\/raymarine.ee\/en\/wp-json\/wp\/v2\/product\/6346","targetHints":{"allow":["GET"]}}],"collection":[{"href":"https:\/\/raymarine.ee\/en\/wp-json\/wp\/v2\/product"}],"about":[{"href":"https:\/\/raymarine.ee\/en\/wp-json\/wp\/v2\/types\/product"}],"wp:featuredmedia":[{"embeddable":true,"href":"https:\/\/raymarine.ee\/en\/wp-json\/wp\/v2\/media\/7631"}],"wp:attachment":[{"href":"https:\/\/raymarine.ee\/en\/wp-json\/wp\/v2\/media?parent=6346"}],"wp:term":[{"taxonomy":"product_brand","embeddable":true,"href":"https:\/\/raymarine.ee\/en\/wp-json\/wp\/v2\/product_brand?post=6346"},{"taxonomy":"product_cat","embeddable":true,"href":"https:\/\/raymarine.ee\/en\/wp-json\/wp\/v2\/product_cat?post=6346"},{"taxonomy":"product_tag","embeddable":true,"href":"https:\/\/raymarine.ee\/en\/wp-json\/wp\/v2\/product_tag?post=6346"}],"curies":[{"name":"wp","href":"https:\/\/api.w.org\/{rel}","templated":true}]}}