{"id":6347,"date":"2025-01-02T14:49:56","date_gmt":"2025-01-02T14:49:56","guid":{"rendered":"https:\/\/raymarine.ee\/?post_type=product&#038;p=6347"},"modified":"2026-04-09T17:43:16","modified_gmt":"2026-04-09T14:43:16","slug":"axiom-9-rv-multi-function-9-display-with-integrated-realvision-3d600w-sonar-with-rv-100-transducer","status":"publish","type":"product","link":"https:\/\/raymarine.ee\/en\/product\/axiom-9-rv-multi-function-9-display-with-integrated-realvision-3d600w-sonar-with-rv-100-transducer\/","title":{"rendered":"AXIOM+ 9 RV, Multi-function 9&#8243; Display with integrated RealVision 3D,600W Sonar with RV-100 transducer"},"content":{"rendered":"<p data-start=\"0\" data-end=\"35\"><strong data-start=\"0\" data-end=\"35\">RAYMARINE AXIOM+ Tootetutvustus<\/strong><\/p>\n<h3 data-start=\"37\" data-end=\"57\">\u00dcldine \u00dclevaade:<\/h3>\n<p data-start=\"58\" data-end=\"470\">Raymarine <strong data-start=\"68\" data-end=\"78\">AXIOM+<\/strong> seeria kaardiplotterid ja kalaleidjad on varustatud uue <strong data-start=\"135\" data-end=\"159\">LightHouse Dartmouth<\/strong> operatsioonis\u00fcsteemi, kiire <strong data-start=\"188\" data-end=\"218\">neljatuumalise protsessori<\/strong> ja suure sisem\u00e4luga, et tagada tipptasemel j\u00f5udlus. Seadme <strong data-start=\"278\" data-end=\"300\">HydroTough\u2122 ekraan<\/strong> pakub suuremat heledust ja vastupidavust v\u00f5rreldes eelmiste mudelitega. Samuti on AXIOM+ laiendatav, v\u00f5imaldades funktsioonide arendamist vastavalt kasutaja vajadustele.<\/p>\n<h3 data-start=\"472\" data-end=\"494\">Peamised omadused:<\/h3>\n<h4 data-start=\"496\" data-end=\"524\"><strong data-start=\"501\" data-end=\"524\">HydroTough\u2122 Ekraan:<\/strong><\/h4>\n<ul data-start=\"525\" data-end=\"771\">\n<li data-start=\"525\" data-end=\"622\"><strong data-start=\"527\" data-end=\"542\">25% heledam<\/strong> kui varasemad mudelid, tagades suurep\u00e4rase n\u00e4htavuse ka eredas p\u00e4ikesevalguses.<\/li>\n<li data-start=\"623\" data-end=\"771\"><strong data-start=\"625\" data-end=\"638\">Nano-kate<\/strong> pakub t\u00e4iendavat l\u00f6\u00f6gikindlust ning muudab vee ja mustuse eemaldumise lihtsaks, et seade oleks alati valmis t\u00e4pset t\u00f6\u00f6tlust pakkuma.<\/li>\n<\/ul>\n<h4 data-start=\"773\" data-end=\"800\"><strong data-start=\"778\" data-end=\"800\">V\u00e4lkkiire J\u00f5udlus:<\/strong><\/h4>\n<ul data-start=\"801\" data-end=\"1107\">\n<li data-start=\"801\" data-end=\"904\"><strong data-start=\"803\" data-end=\"829\">Puutetundlik juhtimine<\/strong>: Lihtne ja kiire navigeerimine, kus ikoonid ja men\u00fc\u00fcd on selgelt n\u00e4htavad.<\/li>\n<li data-start=\"905\" data-end=\"1011\"><strong data-start=\"907\" data-end=\"922\">Drag &amp; Drop<\/strong> funktsioon v\u00f5imaldab paigutada andmev\u00e4lju erinevatesse kohtadesse ja suurustes ekraanil.<\/li>\n<li data-start=\"1012\" data-end=\"1107\"><strong data-start=\"1014\" data-end=\"1056\">Kasutajaprofiilid ja kohandatud seaded<\/strong> on salvestatavad, et kiirendada seadme kasutamist.<\/li>\n<\/ul>\n<h4 data-start=\"1109\" data-end=\"1163\"><strong data-start=\"1114\" data-end=\"1163\">Uus LightHouse Dartmouth Operatsioonis\u00fcsteem:<\/strong><\/h4>\n<ul data-start=\"1164\" data-end=\"1320\">\n<li data-start=\"1164\" data-end=\"1242\"><strong data-start=\"1166\" data-end=\"1195\">Kohandatavad v\u00e4rviskeemid<\/strong> tagavad parima n\u00e4htavuse nii p\u00e4eval kui \u00f6\u00f6sel.<\/li>\n<li data-start=\"1243\" data-end=\"1320\">T\u00e4iustatud <strong data-start=\"1256\" data-end=\"1272\">armatuurlaud<\/strong> pakub \u00fclevaadet k\u00f5ikidest olulistest andmetest.<\/li>\n<\/ul>\n<h4 data-start=\"1322\" data-end=\"1351\"><strong data-start=\"1327\" data-end=\"1351\">V\u00f5rgud ja \u00dchenduvus:<\/strong><\/h4>\n<ul data-start=\"1352\" data-end=\"1542\">\n<li data-start=\"1352\" data-end=\"1435\"><strong data-start=\"1354\" data-end=\"1366\">NMEA0183<\/strong>, <strong data-start=\"1368\" data-end=\"1380\">NMEA2000<\/strong> ja <strong data-start=\"1384\" data-end=\"1396\">Ethernet<\/strong> \u00fchendused tagavad seadmete \u00fchenduvuse.<\/li>\n<li data-start=\"1436\" data-end=\"1542\"><strong data-start=\"1438\" data-end=\"1460\">Sisseehitatud WiFi<\/strong>, <strong data-start=\"1462\" data-end=\"1479\">Bluetooth 4.0<\/strong> ja <strong data-start=\"1483\" data-end=\"1500\">microUSB port<\/strong> lihtsustavad \u00fchenduvust ja andmevahetust.<\/li>\n<\/ul>\n<h4 data-start=\"1544\" data-end=\"1585\"><strong data-start=\"1549\" data-end=\"1585\">Parimad Kaardid ja Navigatsioon:<\/strong><\/h4>\n<ul data-start=\"1586\" data-end=\"1832\">\n<li data-start=\"1586\" data-end=\"1656\">\u00dchildub kaardivalikutega <strong data-start=\"1613\" data-end=\"1626\">Navionics<\/strong>, <strong data-start=\"1628\" data-end=\"1637\">C-Map<\/strong> ja <strong data-start=\"1641\" data-end=\"1655\">LightHouse<\/strong>.<\/li>\n<li data-start=\"1657\" data-end=\"1752\">Kaasaegne <strong data-start=\"1669\" data-end=\"1698\">vektor- ja v\u00f5rgu kaartide<\/strong> tugi muudab navigatsiooni t\u00e4pseks ja usaldusv\u00e4\u00e4rseks.<\/li>\n<li data-start=\"1753\" data-end=\"1832\"><strong data-start=\"1755\" data-end=\"1779\">3D ja satelliitvaate<\/strong> v\u00f5imalused pakuvad t\u00e4iendavat teavet maastiku kohta.<\/li>\n<\/ul>\n<h4 data-start=\"1834\" data-end=\"1877\"><strong data-start=\"1839\" data-end=\"1877\">Integreeritud RealVision 3D Sonar:<\/strong><\/h4>\n<ul data-start=\"1878\" data-end=\"2149\">\n<li data-start=\"1878\" data-end=\"2023\"><strong data-start=\"1880\" data-end=\"1900\">CHIRP DownVision<\/strong>, <strong data-start=\"1902\" data-end=\"1916\">SideVision<\/strong>, <strong data-start=\"1918\" data-end=\"1935\">RealVision 3D<\/strong> ja k\u00f5rgsageduslik <strong data-start=\"1954\" data-end=\"1963\">CHIRP<\/strong> v\u00f5imaldavad detailset veealuste struktuuride kaardistamist.<\/li>\n<li data-start=\"2024\" data-end=\"2149\"><strong data-start=\"2026\" data-end=\"2056\">60 erinevat CHIRP sagedust<\/strong> tagavad erakordse t\u00e4psuse ja elutruud pildid, et lihtsustada kala leidmist ja navigatsiooni.<\/li>\n<\/ul>\n<h3 data-start=\"2151\" data-end=\"2173\">Tehnilised Andmed:<\/h3>\n<ul data-start=\"2175\" data-end=\"2824\">\n<li data-start=\"2175\" data-end=\"2229\"><strong data-start=\"2177\" data-end=\"2195\">Ekraani suurus<\/strong>: 9&#8243; multitouch HydroTough kattega<\/li>\n<li data-start=\"2230\" data-end=\"2260\"><strong data-start=\"2232\" data-end=\"2248\">Resolutsioon<\/strong>: 1280 x 720<\/li>\n<li data-start=\"2261\" data-end=\"2286\"><strong data-start=\"2263\" data-end=\"2274\">Heledus<\/strong>: 1500 nitti<\/li>\n<li data-start=\"2287\" data-end=\"2326\"><strong data-start=\"2289\" data-end=\"2302\">Vaatenurk<\/strong>: 85\u00b0 k\u00f5ikides suundades<\/li>\n<li data-start=\"2327\" data-end=\"2361\"><strong data-start=\"2329\" data-end=\"2338\">Toide<\/strong>: 12 V DC (8 &#8211; 16 V DC)<\/li>\n<li data-start=\"2362\" data-end=\"2387\"><strong data-start=\"2364\" data-end=\"2378\">Voolutarve<\/strong>: 11.98 W<\/li>\n<li data-start=\"2388\" data-end=\"2475\"><strong data-start=\"2390\" data-end=\"2403\">\u00dchenduvus<\/strong>:\n<ul data-start=\"2407\" data-end=\"2475\">\n<li data-start=\"2407\" data-end=\"2429\">1x Ethernet (RayNet)<\/li>\n<li data-start=\"2432\" data-end=\"2448\">1x USB microAB<\/li>\n<li data-start=\"2451\" data-end=\"2457\">WiFi<\/li>\n<li data-start=\"2460\" data-end=\"2475\">Bluetooth 4.0<\/li>\n<\/ul>\n<\/li>\n<li data-start=\"2476\" data-end=\"2548\"><strong data-start=\"2478\" data-end=\"2485\">GPS<\/strong>: Integreeritud (10 Hz, 28 kanalit, GPS\/GLONASS\/Galileo\/Beidou)<\/li>\n<li data-start=\"2549\" data-end=\"2606\"><strong data-start=\"2551\" data-end=\"2560\">Sonar<\/strong>: CHIRP, DownVision, SideVision, RealVision 3D<\/li>\n<li data-start=\"2607\" data-end=\"2665\"><strong data-start=\"2609\" data-end=\"2629\">Radari \u00fchilduvus<\/strong>: Quantum, Digital, HD Color, Magnum<\/li>\n<li data-start=\"2666\" data-end=\"2696\"><strong data-start=\"2668\" data-end=\"2675\">AIS<\/strong>: Jah, NMEA2000 kaudu<\/li>\n<li data-start=\"2697\" data-end=\"2741\"><strong data-start=\"2699\" data-end=\"2719\">Autopiloodi tugi<\/strong>: Evolution autopiloot<\/li>\n<li data-start=\"2742\" data-end=\"2771\"><strong data-start=\"2744\" data-end=\"2758\">Veekindlus<\/strong>: IPX6 \/ IPX7<\/li>\n<li data-start=\"2772\" data-end=\"2804\"><strong data-start=\"2774\" data-end=\"2785\">M\u00f5\u00f5tmed<\/strong>: 244 x 158 x 77 mm<\/li>\n<li data-start=\"2805\" data-end=\"2824\"><strong data-start=\"2807\" data-end=\"2815\">Kaal<\/strong>: 2.27 kg<\/li>\n<\/ul>","protected":false},"excerpt":{"rendered":"<p>Uus 9&#8243; ekraaniga k\u00f5ik \u00fches AXIOM+ 9 RV kaardiplotter-kalaleidja koos RV-100 RealVision 3D ahtrianduriga. Seadmel on ka eesti- ja venekeelne men\u00fc\u00fc. AXIOM+ seeria on varustatud p\u00e4ikese k\u00e4es h\u00e4sti loetava puutetundliku ekraaniga. AXIOM+ seerial nupud puuduvad. Vajaduse korral saab lisada eraldi RMK-10 nuppude paneeli, v\u00e4lise kaardilugeja ja muud lisaseadmed. Seadmesse on integreeritud 10Hz GLONASS GPS, Bluetooth, WiFi ja RealVision 3D sonar. AXIOM+ seerial on RayNet ja NMEA2000 liidesed. Tarkvara on k\u00f5ikidel AXIOM seeria plotteritel LightHouse III ja seadmetes saab kasutada Raymarine LightHouse NC2, Navionics, C-MAP Essentials ja C-MAP 4D MAX+ elektroonilisi merekaarte.<\/p>","protected":false},"featured_media":7623,"template":"","meta":{"_acf_changed":false},"product_brand":[134],"product_cat":[77,18,54,103,57],"product_tag":[],"class_list":{"0":"post-6347","1":"product","2":"type-product","3":"status-publish","4":"has-post-thumbnail","6":"product_brand-raymarine","7":"product_cat-raymarine-kaardiplotter-kalaleidja","8":"product_cat-axiom-axiom2-kaardiplotter-axiom2-pro","9":"product_cat-kalaleidjad","10":"product_cat-raymarine","11":"product_cat-axiomaxiom","13":"first","14":"instock","15":"sale","16":"taxable","17":"shipping-taxable","18":"purchasable","19":"product-type-simple"},"acf":[],"yoast_head":"<!-- This site is optimized with the Yoast SEO Premium plugin v27.5 (Yoast SEO v27.5) - https:\/\/yoast.com\/product\/yoast-seo-premium-wordpress\/ -->\n<title>Axiom+ 9 RV: HydroTough\u2122 ekraan ja suur heledus - NavSystems<\/title>\n<meta name=\"description\" content=\"Axiom+ 9 RV pakub tipptasemel tehnoloogiat ja funktsionaalsust. Ostke kohe ja nautige kalastamise ning seilamise uusi k\u00f5rgusi! \ud83c\udf0a\" \/>\n<meta name=\"robots\" content=\"index, follow, max-snippet:-1, max-image-preview:large, max-video-preview:-1\" \/>\n<link rel=\"canonical\" href=\"https:\/\/raymarine.ee\/en\/product\/axiom-9-rv-multi-function-9-display-with-integrated-realvision-3d600w-sonar-with-rv-100-transducer\/\" \/>\n<meta property=\"og:locale\" content=\"en_GB\" \/>\n<meta property=\"og:type\" content=\"article\" \/>\n<meta property=\"og:title\" content=\"AXIOM+ 9 RV, Multi-function 9&quot; Display with integrated RealVision 3D,600W Sonar with RV-100 transducer\" \/>\n<meta property=\"og:description\" content=\"Axiom+ 9 RV pakub tipptasemel tehnoloogiat ja funktsionaalsust. Ostke kohe ja nautige kalastamise ning seilamise uusi k\u00f5rgusi! \ud83c\udf0a\" \/>\n<meta property=\"og:url\" content=\"https:\/\/raymarine.ee\/en\/product\/axiom-9-rv-multi-function-9-display-with-integrated-realvision-3d600w-sonar-with-rv-100-transducer\/\" \/>\n<meta property=\"og:site_name\" content=\"NavSystems\" \/>\n<meta property=\"article:publisher\" content=\"https:\/\/www.facebook.com\/NavSystems\" \/>\n<meta property=\"article:modified_time\" content=\"2026-04-09T14:43:16+00:00\" \/>\n<meta property=\"og:image\" content=\"https:\/\/raymarine.ee\/wp-content\/uploads\/2025\/01\/a4d98c7b-b368-49ba-bd31-973f26fcff2d.webp\" \/>\n\t<meta property=\"og:image:width\" content=\"1024\" \/>\n\t<meta property=\"og:image:height\" content=\"1024\" \/>\n\t<meta property=\"og:image:type\" content=\"image\/webp\" \/>\n<meta name=\"twitter:card\" content=\"summary_large_image\" \/>\n<meta name=\"twitter:label1\" content=\"Price\" \/>\n\t<meta name=\"twitter:data1\" content=\"2 420,00&nbsp;&euro;\" \/>\n\t<meta name=\"twitter:label2\" content=\"Availability\" \/>\n\t<meta name=\"twitter:data2\" content=\"In stock\" \/>\n<script type=\"application\/ld+json\" class=\"yoast-schema-graph\">{\"@context\":\"https:\\\/\\\/schema.org\",\"@graph\":[{\"@type\":\"WebPage\",\"@id\":\"https:\\\/\\\/raymarine.ee\\\/product\\\/axiom-9-rv-multi-function-9-display-with-integrated-realvision-3d600w-sonar-with-rv-100-transducer\\\/\",\"url\":\"https:\\\/\\\/raymarine.ee\\\/product\\\/axiom-9-rv-multi-function-9-display-with-integrated-realvision-3d600w-sonar-with-rv-100-transducer\\\/\",\"name\":\"Axiom+ 9 RV: HydroTough\u2122 ekraan ja suur heledus - NavSystems\",\"isPartOf\":{\"@id\":\"https:\\\/\\\/raymarine.ee\\\/#website\"},\"primaryImageOfPage\":{\"@id\":\"https:\\\/\\\/raymarine.ee\\\/product\\\/axiom-9-rv-multi-function-9-display-with-integrated-realvision-3d600w-sonar-with-rv-100-transducer\\\/#primaryimage\"},\"image\":{\"@id\":\"https:\\\/\\\/raymarine.ee\\\/product\\\/axiom-9-rv-multi-function-9-display-with-integrated-realvision-3d600w-sonar-with-rv-100-transducer\\\/#primaryimage\"},\"thumbnailUrl\":\"https:\\\/\\\/raymarine.ee\\\/wp-content\\\/uploads\\\/2025\\\/01\\\/a4d98c7b-b368-49ba-bd31-973f26fcff2d.webp\",\"datePublished\":\"2025-01-02T14:49:56+00:00\",\"dateModified\":\"2026-04-09T14:43:16+00:00\",\"description\":\"Axiom+ 9 RV pakub tipptasemel tehnoloogiat ja funktsionaalsust. Ostke kohe ja nautige kalastamise ning seilamise uusi k\u00f5rgusi! \ud83c\udf0a\",\"breadcrumb\":{\"@id\":\"https:\\\/\\\/raymarine.ee\\\/product\\\/axiom-9-rv-multi-function-9-display-with-integrated-realvision-3d600w-sonar-with-rv-100-transducer\\\/#breadcrumb\"},\"inLanguage\":\"en-GB\",\"potentialAction\":[{\"@type\":\"ReadAction\",\"target\":[\"https:\\\/\\\/raymarine.ee\\\/product\\\/axiom-9-rv-multi-function-9-display-with-integrated-realvision-3d600w-sonar-with-rv-100-transducer\\\/\"]}]},{\"@type\":\"ImageObject\",\"inLanguage\":\"en-GB\",\"@id\":\"https:\\\/\\\/raymarine.ee\\\/product\\\/axiom-9-rv-multi-function-9-display-with-integrated-realvision-3d600w-sonar-with-rv-100-transducer\\\/#primaryimage\",\"url\":\"https:\\\/\\\/raymarine.ee\\\/wp-content\\\/uploads\\\/2025\\\/01\\\/a4d98c7b-b368-49ba-bd31-973f26fcff2d.webp\",\"contentUrl\":\"https:\\\/\\\/raymarine.ee\\\/wp-content\\\/uploads\\\/2025\\\/01\\\/a4d98c7b-b368-49ba-bd31-973f26fcff2d.webp\",\"width\":1024,\"height\":1024},{\"@type\":\"BreadcrumbList\",\"@id\":\"https:\\\/\\\/raymarine.ee\\\/product\\\/axiom-9-rv-multi-function-9-display-with-integrated-realvision-3d600w-sonar-with-rv-100-transducer\\\/#breadcrumb\",\"itemListElement\":[{\"@type\":\"ListItem\",\"position\":1,\"name\":\"Home\",\"item\":\"https:\\\/\\\/raymarine.ee\\\/\"},{\"@type\":\"ListItem\",\"position\":2,\"name\":\"Tooted\",\"item\":\"https:\\\/\\\/raymarine.ee\\\/shop\\\/\"},{\"@type\":\"ListItem\",\"position\":3,\"name\":\"AXIOM+ 9 RV, Multi-function 9&#8243; Display with integrated RealVision 3D,600W Sonar with RV-100 transducer\"}]},{\"@type\":\"WebSite\",\"@id\":\"https:\\\/\\\/raymarine.ee\\\/#website\",\"url\":\"https:\\\/\\\/raymarine.ee\\\/\",\"name\":\"www.raymarine.ee\",\"description\":\"Mereelektroonika, kaardiplotter, autopiloot, pinnipiloot, roolipiloot, radar, AIS, VHF, Smart Wind\",\"publisher\":{\"@id\":\"https:\\\/\\\/raymarine.ee\\\/#organization\"},\"alternateName\":\"Raymarine\",\"potentialAction\":[{\"@type\":\"SearchAction\",\"target\":{\"@type\":\"EntryPoint\",\"urlTemplate\":\"https:\\\/\\\/raymarine.ee\\\/?s={search_term_string}\"},\"query-input\":{\"@type\":\"PropertyValueSpecification\",\"valueRequired\":true,\"valueName\":\"search_term_string\"}}],\"inLanguage\":\"en-GB\"},{\"@type\":\"Organization\",\"@id\":\"https:\\\/\\\/raymarine.ee\\\/#organization\",\"name\":\"NavSystems O\u00dc\",\"url\":\"https:\\\/\\\/raymarine.ee\\\/\",\"logo\":{\"@type\":\"ImageObject\",\"inLanguage\":\"en-GB\",\"@id\":\"https:\\\/\\\/raymarine.ee\\\/#\\\/schema\\\/logo\\\/image\\\/\",\"url\":\"https:\\\/\\\/raymarine.ee\\\/wp-content\\\/uploads\\\/2024\\\/10\\\/Screenshot-2024-10-15-151324_bg_removed.webp\",\"contentUrl\":\"https:\\\/\\\/raymarine.ee\\\/wp-content\\\/uploads\\\/2024\\\/10\\\/Screenshot-2024-10-15-151324_bg_removed.webp\",\"width\":420,\"height\":276,\"caption\":\"NavSystems O\u00dc\"},\"image\":{\"@id\":\"https:\\\/\\\/raymarine.ee\\\/#\\\/schema\\\/logo\\\/image\\\/\"},\"sameAs\":[\"https:\\\/\\\/www.facebook.com\\\/NavSystems\"],\"legalName\":\"NavSystems O\u00dc\",\"foundingDate\":\"2011-05-03\",\"numberOfEmployees\":{\"@type\":\"QuantitativeValue\",\"minValue\":\"1\",\"maxValue\":\"10\"}}]}<\/script>\n<meta property=\"product:price:amount\" content=\"2420.00\" \/>\n<meta property=\"product:price:currency\" content=\"EUR\" \/>\n<meta property=\"og:availability\" content=\"instock\" \/>\n<meta property=\"product:availability\" content=\"instock\" \/>\n<meta property=\"product:retailer_item_id\" content=\"E70637-03\" \/>\n<meta property=\"product:condition\" content=\"new\" \/>\n<!-- \/ Yoast SEO Premium plugin. -->","yoast_head_json":{"title":"Axiom+ 9 RV: HydroTough\u2122 ekraan ja suur heledus - NavSystems","description":"Axiom+ 9 RV pakub tipptasemel tehnoloogiat ja funktsionaalsust. Ostke kohe ja nautige kalastamise ning seilamise uusi k\u00f5rgusi! \ud83c\udf0a","robots":{"index":"index","follow":"follow","max-snippet":"max-snippet:-1","max-image-preview":"max-image-preview:large","max-video-preview":"max-video-preview:-1"},"canonical":"https:\/\/raymarine.ee\/en\/product\/axiom-9-rv-multi-function-9-display-with-integrated-realvision-3d600w-sonar-with-rv-100-transducer\/","og_locale":"en_GB","og_type":"article","og_title":"AXIOM+ 9 RV, Multi-function 9\" Display with integrated RealVision 3D,600W Sonar with RV-100 transducer","og_description":"Axiom+ 9 RV pakub tipptasemel tehnoloogiat ja funktsionaalsust. Ostke kohe ja nautige kalastamise ning seilamise uusi k\u00f5rgusi! \ud83c\udf0a","og_url":"https:\/\/raymarine.ee\/en\/product\/axiom-9-rv-multi-function-9-display-with-integrated-realvision-3d600w-sonar-with-rv-100-transducer\/","og_site_name":"NavSystems","article_publisher":"https:\/\/www.facebook.com\/NavSystems","article_modified_time":"2026-04-09T14:43:16+00:00","og_image":[{"width":1024,"height":1024,"url":"https:\/\/raymarine.ee\/wp-content\/uploads\/2025\/01\/a4d98c7b-b368-49ba-bd31-973f26fcff2d.webp","type":"image\/webp"}],"twitter_card":"summary_large_image","twitter_misc":{"Price":"2 420,00&nbsp;&euro;","Availability":"In stock"},"schema":{"@context":"https:\/\/schema.org","@graph":[{"@type":"WebPage","@id":"https:\/\/raymarine.ee\/product\/axiom-9-rv-multi-function-9-display-with-integrated-realvision-3d600w-sonar-with-rv-100-transducer\/","url":"https:\/\/raymarine.ee\/product\/axiom-9-rv-multi-function-9-display-with-integrated-realvision-3d600w-sonar-with-rv-100-transducer\/","name":"Axiom+ 9 RV: HydroTough\u2122 ekraan ja suur heledus - NavSystems","isPartOf":{"@id":"https:\/\/raymarine.ee\/#website"},"primaryImageOfPage":{"@id":"https:\/\/raymarine.ee\/product\/axiom-9-rv-multi-function-9-display-with-integrated-realvision-3d600w-sonar-with-rv-100-transducer\/#primaryimage"},"image":{"@id":"https:\/\/raymarine.ee\/product\/axiom-9-rv-multi-function-9-display-with-integrated-realvision-3d600w-sonar-with-rv-100-transducer\/#primaryimage"},"thumbnailUrl":"https:\/\/raymarine.ee\/wp-content\/uploads\/2025\/01\/a4d98c7b-b368-49ba-bd31-973f26fcff2d.webp","datePublished":"2025-01-02T14:49:56+00:00","dateModified":"2026-04-09T14:43:16+00:00","description":"Axiom+ 9 RV pakub tipptasemel tehnoloogiat ja funktsionaalsust. Ostke kohe ja nautige kalastamise ning seilamise uusi k\u00f5rgusi! \ud83c\udf0a","breadcrumb":{"@id":"https:\/\/raymarine.ee\/product\/axiom-9-rv-multi-function-9-display-with-integrated-realvision-3d600w-sonar-with-rv-100-transducer\/#breadcrumb"},"inLanguage":"en-GB","potentialAction":[{"@type":"ReadAction","target":["https:\/\/raymarine.ee\/product\/axiom-9-rv-multi-function-9-display-with-integrated-realvision-3d600w-sonar-with-rv-100-transducer\/"]}]},{"@type":"ImageObject","inLanguage":"en-GB","@id":"https:\/\/raymarine.ee\/product\/axiom-9-rv-multi-function-9-display-with-integrated-realvision-3d600w-sonar-with-rv-100-transducer\/#primaryimage","url":"https:\/\/raymarine.ee\/wp-content\/uploads\/2025\/01\/a4d98c7b-b368-49ba-bd31-973f26fcff2d.webp","contentUrl":"https:\/\/raymarine.ee\/wp-content\/uploads\/2025\/01\/a4d98c7b-b368-49ba-bd31-973f26fcff2d.webp","width":1024,"height":1024},{"@type":"BreadcrumbList","@id":"https:\/\/raymarine.ee\/product\/axiom-9-rv-multi-function-9-display-with-integrated-realvision-3d600w-sonar-with-rv-100-transducer\/#breadcrumb","itemListElement":[{"@type":"ListItem","position":1,"name":"Home","item":"https:\/\/raymarine.ee\/"},{"@type":"ListItem","position":2,"name":"Tooted","item":"https:\/\/raymarine.ee\/shop\/"},{"@type":"ListItem","position":3,"name":"AXIOM+ 9 RV, Multi-function 9&#8243; Display with integrated RealVision 3D,600W Sonar with RV-100 transducer"}]},{"@type":"WebSite","@id":"https:\/\/raymarine.ee\/#website","url":"https:\/\/raymarine.ee\/","name":"www.raymarine.ee","description":"Mereelektroonika, kaardiplotter, autopiloot, pinnipiloot, roolipiloot, radar, AIS, VHF, Smart Wind","publisher":{"@id":"https:\/\/raymarine.ee\/#organization"},"alternateName":"Raymarine","potentialAction":[{"@type":"SearchAction","target":{"@type":"EntryPoint","urlTemplate":"https:\/\/raymarine.ee\/?s={search_term_string}"},"query-input":{"@type":"PropertyValueSpecification","valueRequired":true,"valueName":"search_term_string"}}],"inLanguage":"en-GB"},{"@type":"Organization","@id":"https:\/\/raymarine.ee\/#organization","name":"NavSystems O\u00dc","url":"https:\/\/raymarine.ee\/","logo":{"@type":"ImageObject","inLanguage":"en-GB","@id":"https:\/\/raymarine.ee\/#\/schema\/logo\/image\/","url":"https:\/\/raymarine.ee\/wp-content\/uploads\/2024\/10\/Screenshot-2024-10-15-151324_bg_removed.webp","contentUrl":"https:\/\/raymarine.ee\/wp-content\/uploads\/2024\/10\/Screenshot-2024-10-15-151324_bg_removed.webp","width":420,"height":276,"caption":"NavSystems O\u00dc"},"image":{"@id":"https:\/\/raymarine.ee\/#\/schema\/logo\/image\/"},"sameAs":["https:\/\/www.facebook.com\/NavSystems"],"legalName":"NavSystems O\u00dc","foundingDate":"2011-05-03","numberOfEmployees":{"@type":"QuantitativeValue","minValue":"1","maxValue":"10"}}]},"product_price_amount":"2420.00","product_price_currency":"EUR","og_availability":"instock","product_availability":"instock","product_retailer_item_id":"E70637-03","product_condition":"new"},"jetpack_sharing_enabled":true,"_links":{"self":[{"href":"https:\/\/raymarine.ee\/en\/wp-json\/wp\/v2\/product\/6347","targetHints":{"allow":["GET"]}}],"collection":[{"href":"https:\/\/raymarine.ee\/en\/wp-json\/wp\/v2\/product"}],"about":[{"href":"https:\/\/raymarine.ee\/en\/wp-json\/wp\/v2\/types\/product"}],"wp:featuredmedia":[{"embeddable":true,"href":"https:\/\/raymarine.ee\/en\/wp-json\/wp\/v2\/media\/7623"}],"wp:attachment":[{"href":"https:\/\/raymarine.ee\/en\/wp-json\/wp\/v2\/media?parent=6347"}],"wp:term":[{"taxonomy":"product_brand","embeddable":true,"href":"https:\/\/raymarine.ee\/en\/wp-json\/wp\/v2\/product_brand?post=6347"},{"taxonomy":"product_cat","embeddable":true,"href":"https:\/\/raymarine.ee\/en\/wp-json\/wp\/v2\/product_cat?post=6347"},{"taxonomy":"product_tag","embeddable":true,"href":"https:\/\/raymarine.ee\/en\/wp-json\/wp\/v2\/product_tag?post=6347"}],"curies":[{"name":"wp","href":"https:\/\/api.w.org\/{rel}","templated":true}]}}