{"id":6348,"date":"2025-01-14T19:19:53","date_gmt":"2025-01-14T19:19:53","guid":{"rendered":"https:\/\/raymarine.ee\/?post_type=product&#038;p=6348"},"modified":"2026-04-10T12:38:11","modified_gmt":"2026-04-10T09:38:11","slug":"axiom-12-multi-function-12-display","status":"publish","type":"product","link":"https:\/\/raymarine.ee\/en\/product\/axiom-12-multi-function-12-display\/","title":{"rendered":"AXIOM+ 12, Multi-function 12&#8243; Display"},"content":{"rendered":"<p data-start=\"74\" data-end=\"122\"><strong data-start=\"74\" data-end=\"122\">RAYMARINE AXIOM+ Kaardiplotter ja Kalaleidja<\/strong><\/p>\n<p data-start=\"124\" data-end=\"176\"><em data-start=\"124\" data-end=\"176\">HydroTough\u2122 ekraan, rohkem m\u00e4lu, kiirem protsessor<\/em><\/p>\n<p data-start=\"178\" data-end=\"473\">Uusim Raymarine AXIOM+ seeria on varustatud t\u00e4iustatud Lighthouse Dartmouth operatsioonis\u00fcsteemi ja \u00fclikiire neljatuumalise protsessoriga, pakkudes suurep\u00e4rast j\u00f5udlust. T\u00e4iendava suure sisem\u00e4lu ja t\u00e4iendamisv\u00f5imalustega, tagab AXIOM+ suurep\u00e4rase kasutajakogemuse, mida saab vajadusel kohandada.<\/p>\n<p data-start=\"475\" data-end=\"616\">Uus HydroTough\u2122 ekraan on varasemate mudelitega v\u00f5rreldes oluliselt heledam ning seda saab kasutada kiiresti ja t\u00e4pselt k\u00f5ikides tingimustes.<\/p>\n<p data-start=\"618\" data-end=\"640\"><strong data-start=\"618\" data-end=\"640\">HydroTough\u2122 Ekraan<\/strong><\/p>\n<p data-start=\"642\" data-end=\"919\">AXIOM+ seeria HydroTough\u2122 IPS LCD ekraan on 25% heledam v\u00f5rreldes varasemate seeriate ekraanidega. Lisaks on ekraanil suurem l\u00f6\u00f6gikindlus ja t\u00e4nu nano-kattele veekindel ja mustus ei j\u00e4\u00e4 ekraanile pidama. See tagab t\u00e4psuse ja kiirus v\u00f5imalikult igasugustes keskkonnatingimustes.<\/p>\n<p data-start=\"921\" data-end=\"958\"><strong data-start=\"921\" data-end=\"958\">V\u00e4lkkiire J\u00f5udlus \u00dche Puudutusega<\/strong><\/p>\n<p data-start=\"960\" data-end=\"1361\">Selged rakenduste ikoonid muudavad liikumise lihtsaks. Lihtne libistus ekraani kaudu aktiveerib k\u00fclgriba andmete kuvamiseks. Kasutades &#8220;drag and drop&#8221; funktsiooni saab andmekohad paigutada ekraanile erinevates suurustes. Isikup\u00e4rastatud seadistused ja kasutaja profiil salvestatakse seadmesse, et tagada kiire juurdep\u00e4\u00e4s vajalikele andmetele. Lihtsa puutega saad v\u00f5tta t\u00e4ieliku kontrolli oma seadmest.<\/p>\n<p data-start=\"1363\" data-end=\"1554\">Kaardiplotterit saab kohandada vastavalt individuaalsetele vajadustele. Selged men\u00fc\u00fcd annavad kiire ligip\u00e4\u00e4su erinevatele kaardimoodidele. Kursorit saab paigutada lihtsalt ekraani puute abil.<\/p>\n<p data-start=\"1556\" data-end=\"1604\"><strong data-start=\"1556\" data-end=\"1604\">Uus LightHouse Dartmouth Operatsioonis\u00fcsteem<\/strong><\/p>\n<p data-start=\"1606\" data-end=\"1862\">T\u00e4nu uuendatud Raymarine LightHouse Dartmouth operatsioonis\u00fcsteemile on saadaval mitmed v\u00e4rvitoonide valikud, et tagada parim vaade p\u00e4eva- ja \u00f6\u00f6tundidel. T\u00e4iendavad t\u00e4iustused armatuurlaua vaates tagavad, et k\u00f5ik olulised andmed on alati mugavalt n\u00e4htavad.<\/p>\n<p data-start=\"1864\" data-end=\"1890\"><strong data-start=\"1864\" data-end=\"1890\">V\u00f5rgustik ja \u00dchenduvus<\/strong><\/p>\n<p data-start=\"1892\" data-end=\"2040\">AXIOM seadmed on varustatud NMEA0183, NMEA2000 ja Etherneti liidestega. Lisaks sisaldavad seadmed mikro-USB porti, sisseehitatud WiFi ja Bluetoothi.<\/p>\n<p data-start=\"2042\" data-end=\"2061\"><strong data-start=\"2042\" data-end=\"2061\">Parimad Kaardid<\/strong><\/p>\n<p data-start=\"2063\" data-end=\"2310\">Raymarine&#8217;i multifunktsionaalsed seadmed v\u00f5imaldavad valida kaarte Navionics, C-Map ja laienenud Lighthouse kaartide valikust. Detailne ruudustik ja vektorkaardid muudavad rannikul navigeerimise lihtsaks, pakkudes ka 3D kaarte ja satelliittoetust.<\/p>\n<p data-start=\"2312\" data-end=\"2334\"><strong data-start=\"2312\" data-end=\"2334\">Tehnilised Andmed:<\/strong><\/p>\n<ul data-start=\"2336\" data-end=\"3328\">\n<li data-start=\"2336\" data-end=\"2357\">Ekraani suurus: 12&#8243;<\/li>\n<li data-start=\"2358\" data-end=\"2384\">Resolutsioon: 1280 x 800<\/li>\n<li data-start=\"2385\" data-end=\"2441\">Ekraani t\u00fc\u00fcp: Multitouch, HydroTough (vastupidav kate)<\/li>\n<li data-start=\"2442\" data-end=\"2462\">Heledus: 1800 nits<\/li>\n<li data-start=\"2463\" data-end=\"2515\">N\u00e4htavusnurk: 88\u00b0 (\u00fcles, alla, vasakule, paremale)<\/li>\n<li data-start=\"2516\" data-end=\"2546\">Pinge: 12 V DC (8 &#8211; 16 V DC)<\/li>\n<li data-start=\"2547\" data-end=\"2570\">Energiatarve: 15.48 W<\/li>\n<li data-start=\"2571\" data-end=\"2595\">Ethernet: Jah, 1x port<\/li>\n<li data-start=\"2596\" data-end=\"2620\">NMEA2000: Jah, 1x port<\/li>\n<li data-start=\"2621\" data-end=\"2635\">NMEA0183: Ei<\/li>\n<li data-start=\"2636\" data-end=\"2679\">SeaTalkNG: Vajalik adapterkaabel (kaasas)<\/li>\n<li data-start=\"2680\" data-end=\"2701\">USB: 1x USB microAB<\/li>\n<li data-start=\"2702\" data-end=\"2713\">WiFi: Jah<\/li>\n<li data-start=\"2714\" data-end=\"2735\">Bluetooth: Jah, 4.0<\/li>\n<li data-start=\"2736\" data-end=\"2803\">GPS: Integreeritud (10 Hz, 28 kanalit) GPS\/GLONASS\/Galileo\/Beidou<\/li>\n<li data-start=\"2804\" data-end=\"2823\">Sonar: Valikuline<\/li>\n<li data-start=\"2824\" data-end=\"2910\">Radar: \u00dchilduv Quantum, Digital, HD Color\/Super HD Color ja Magnum radar antennidega<\/li>\n<li data-start=\"2911\" data-end=\"2937\">AIS: Jah, NMEA2000 kaudu<\/li>\n<li data-start=\"2938\" data-end=\"2990\">Kaartide \u00fchilduvus: Navionics, C-MAP ja Lighthouse<\/li>\n<li data-start=\"2991\" data-end=\"3008\">Kaardi pesa: 1x<\/li>\n<li data-start=\"3009\" data-end=\"3054\">Autopiloodi juhtimine: Evolution autopiloot<\/li>\n<li data-start=\"3055\" data-end=\"3110\">Termokaamera: FLIR AX8, M232, M300 seeria, M400, M500<\/li>\n<li data-start=\"3111\" data-end=\"3175\">Video\/kaamera: \u00dchilduv CAM210IP ja CAM220IP (kuni 10 kaamerat)<\/li>\n<li data-start=\"3176\" data-end=\"3216\">T\u00f6\u00f6tlemis temperatuur: -25 kuni +55 \u00b0C<\/li>\n<li data-start=\"3217\" data-end=\"3259\">S\u00e4ilitamise temperatuur: -30 kuni +70 \u00b0C<\/li>\n<li data-start=\"3260\" data-end=\"3284\">Veekindel: IPX6 \/ IPX7<\/li>\n<li data-start=\"3285\" data-end=\"3312\">M\u00f5\u00f5dud: 314 x 217 x 77 mm<\/li>\n<li data-start=\"3313\" data-end=\"3328\">Kaal: 2.72 kg<\/li>\n<\/ul>","protected":false},"excerpt":{"rendered":"<p data-start=\"74\" data-end=\"122\"><strong data-start=\"74\" data-end=\"122\">RAYMARINE AXIOM+ Kaardiplotter ja Kalaleidja<\/strong><\/p>\n<p data-start=\"124\" data-end=\"176\"><em data-start=\"124\" data-end=\"176\">HydroTough\u2122 ekraan, rohkem m\u00e4lu, kiirem protsessor<\/em><\/p>\n<p data-start=\"178\" data-end=\"473\">Uusim Raymarine AXIOM+ seeria on varustatud t\u00e4iustatud Lighthouse Dartmouth operatsioonis\u00fcsteemi ja \u00fclikiire neljatuumalise protsessoriga, pakkudes suurep\u00e4rast j\u00f5udlust. T\u00e4iendava suure sisem\u00e4lu ja t\u00e4iendamisv\u00f5imalustega, tagab AXIOM+ suurep\u00e4rase kasutajakogemuse, mida saab vajadusel kohandada.<\/p>\n<p data-start=\"475\" data-end=\"616\">Uus HydroTough\u2122 ekraan on varasemate mudelitega v\u00f5rreldes oluliselt heledam ning seda saab kasutada kiiresti ja t\u00e4pselt k\u00f5ikides tingimustes.<\/p>\n<p data-start=\"618\" data-end=\"640\"><strong data-start=\"618\" data-end=\"640\">HydroTough\u2122 Ekraan<\/strong><\/p>\n<p data-start=\"642\" data-end=\"919\">AXIOM+ seeria HydroTough\u2122 IPS LCD ekraan on 25% heledam v\u00f5rreldes varasemate seeriate ekraanidega. Lisaks on ekraanil suurem l\u00f6\u00f6gikindlus ja t\u00e4nu nano-kattele veekindel ja mustus ei j\u00e4\u00e4 ekraanile pidama. See tagab t\u00e4psuse ja kiirus v\u00f5imalikult igasugustes keskkonnatingimustes.<\/p>\n<p data-start=\"921\" data-end=\"958\"><strong data-start=\"921\" data-end=\"958\">V\u00e4lkkiire J\u00f5udlus \u00dche Puudutusega<\/strong><\/p>\n<p data-start=\"960\" data-end=\"1361\">Selged rakenduste ikoonid muudavad liikumise lihtsaks. Lihtne libistus ekraani kaudu aktiveerib k\u00fclgriba andmete kuvamiseks. Kasutades &#8220;drag and drop&#8221; funktsiooni saab andmekohad paigutada ekraanile erinevates suurustes. Isikup\u00e4rastatud seadistused ja kasutaja profiil salvestatakse seadmesse, et tagada kiire juurdep\u00e4\u00e4s vajalikele andmetele. Lihtsa puutega saad v\u00f5tta t\u00e4ieliku kontrolli oma seadmest.<\/p>\n<p data-start=\"1363\" data-end=\"1554\">Kaardiplotterit saab kohandada vastavalt individuaalsetele vajadustele. Selged men\u00fc\u00fcd annavad kiire ligip\u00e4\u00e4su erinevatele kaardimoodidele. Kursorit saab paigutada lihtsalt ekraani puute abil.<\/p>\n<p data-start=\"1556\" data-end=\"1604\"><strong data-start=\"1556\" data-end=\"1604\">Uus LightHouse Dartmouth Operatsioonis\u00fcsteem<\/strong><\/p>\n<p data-start=\"1606\" data-end=\"1862\">T\u00e4nu uuendatud Raymarine LightHouse Dartmouth operatsioonis\u00fcsteemile on saadaval mitmed v\u00e4rvitoonide valikud, et tagada parim vaade p\u00e4eva- ja \u00f6\u00f6tundidel. T\u00e4iendavad t\u00e4iustused armatuurlaua vaates tagavad, et k\u00f5ik olulised andmed on alati mugavalt n\u00e4htavad.<\/p>\n<p data-start=\"1864\" data-end=\"1890\"><strong data-start=\"1864\" data-end=\"1890\">V\u00f5rgustik ja \u00dchenduvus<\/strong><\/p>\n<p data-start=\"1892\" data-end=\"2040\">AXIOM seadmed on varustatud NMEA0183, NMEA2000 ja Etherneti liidestega. Lisaks sisaldavad seadmed mikro-USB porti, sisseehitatud WiFi ja Bluetoothi.<\/p>\n<p data-start=\"2042\" data-end=\"2061\"><strong data-start=\"2042\" data-end=\"2061\">Parimad Kaardid<\/strong><\/p>\n<p data-start=\"2063\" data-end=\"2310\">Raymarine&#8217;i multifunktsionaalsed seadmed v\u00f5imaldavad valida kaarte Navionics, C-Map ja laienenud Lighthouse kaartide valikust. Detailne ruudustik ja vektorkaardid muudavad rannikul navigeerimise lihtsaks, pakkudes ka 3D kaarte ja satelliittoetust.<\/p>\n<p><span style=\"color: #ff9900;\">LightHouse merekaart, P\u00f5hja-Euroopa koos plotteriga tasuta kaasa!<\/span><\/p>","protected":false},"featured_media":7620,"template":"","meta":{"_acf_changed":false},"product_brand":[134],"product_cat":[18,343,103,57],"product_tag":[],"class_list":{"0":"post-6348","1":"product","2":"type-product","3":"status-publish","4":"has-post-thumbnail","6":"product_brand-raymarine","7":"product_cat-axiom-axiom2-kaardiplotter-axiom2-pro","8":"product_cat-kampaaniad","9":"product_cat-raymarine","10":"product_cat-axiomaxiom","12":"first","13":"onbackorder","14":"sale","15":"taxable","16":"shipping-taxable","17":"purchasable","18":"product-type-simple"},"acf":[],"yoast_head":"<!-- This site is optimized with the Yoast SEO Premium plugin v27.5 (Yoast SEO v27.5) - https:\/\/yoast.com\/product\/yoast-seo-premium-wordpress\/ -->\n<title>Kaardiplotter Axiom+ 12: HydroTough\u2122 Ekraan ja Kiirus<\/title>\n<meta name=\"description\" content=\"Kogege RAYMARINE AXIOM+ Kaardiplotter Axiom+ 12 suurep\u00e4rast j\u00f5udlust ja heledat HydroTough\u2122 ekraani k\u00f5igis tingimustes. Tellige juba t\u00e4na!\" \/>\n<meta name=\"robots\" content=\"index, follow, max-snippet:-1, max-image-preview:large, max-video-preview:-1\" \/>\n<link rel=\"canonical\" href=\"https:\/\/raymarine.ee\/en\/product\/axiom-12-multi-function-12-display\/\" \/>\n<meta property=\"og:locale\" content=\"en_GB\" \/>\n<meta property=\"og:type\" content=\"article\" \/>\n<meta property=\"og:title\" content=\"AXIOM+ 12, Multi-function 12&quot; Display\" \/>\n<meta property=\"og:description\" content=\"Kogege RAYMARINE AXIOM+ Kaardiplotter Axiom+ 12 suurep\u00e4rast j\u00f5udlust ja heledat HydroTough\u2122 ekraani k\u00f5igis tingimustes. Tellige juba t\u00e4na!\" \/>\n<meta property=\"og:url\" content=\"https:\/\/raymarine.ee\/en\/product\/axiom-12-multi-function-12-display\/\" \/>\n<meta property=\"og:site_name\" content=\"NavSystems\" \/>\n<meta property=\"article:publisher\" content=\"https:\/\/www.facebook.com\/NavSystems\" \/>\n<meta property=\"article:modified_time\" content=\"2026-04-10T09:38:11+00:00\" \/>\n<meta property=\"og:image\" content=\"https:\/\/raymarine.ee\/wp-content\/uploads\/2025\/01\/1fdee29d-bd53-462d-a7ac-f2ddab67a9c0.webp\" \/>\n\t<meta property=\"og:image:width\" content=\"1024\" \/>\n\t<meta property=\"og:image:height\" content=\"1024\" \/>\n\t<meta property=\"og:image:type\" content=\"image\/webp\" \/>\n<meta name=\"twitter:card\" content=\"summary_large_image\" \/>\n<meta name=\"twitter:label1\" content=\"Price\" \/>\n\t<meta name=\"twitter:data1\" content=\"1 785,00&nbsp;&euro;\" \/>\n\t<meta name=\"twitter:label2\" content=\"Availability\" \/>\n\t<meta name=\"twitter:data2\" content=\"On back order\" \/>\n<script type=\"application\/ld+json\" class=\"yoast-schema-graph\">{\"@context\":\"https:\\\/\\\/schema.org\",\"@graph\":[{\"@type\":\"WebPage\",\"@id\":\"https:\\\/\\\/raymarine.ee\\\/product\\\/axiom-12-multi-function-12-display\\\/\",\"url\":\"https:\\\/\\\/raymarine.ee\\\/product\\\/axiom-12-multi-function-12-display\\\/\",\"name\":\"Kaardiplotter Axiom+ 12: HydroTough\u2122 Ekraan ja Kiirus\",\"isPartOf\":{\"@id\":\"https:\\\/\\\/raymarine.ee\\\/#website\"},\"primaryImageOfPage\":{\"@id\":\"https:\\\/\\\/raymarine.ee\\\/product\\\/axiom-12-multi-function-12-display\\\/#primaryimage\"},\"image\":{\"@id\":\"https:\\\/\\\/raymarine.ee\\\/product\\\/axiom-12-multi-function-12-display\\\/#primaryimage\"},\"thumbnailUrl\":\"https:\\\/\\\/raymarine.ee\\\/wp-content\\\/uploads\\\/2025\\\/01\\\/1fdee29d-bd53-462d-a7ac-f2ddab67a9c0.webp\",\"datePublished\":\"2025-01-14T19:19:53+00:00\",\"dateModified\":\"2026-04-10T09:38:11+00:00\",\"description\":\"Kogege RAYMARINE AXIOM+ Kaardiplotter Axiom+ 12 suurep\u00e4rast j\u00f5udlust ja heledat HydroTough\u2122 ekraani k\u00f5igis tingimustes. Tellige juba t\u00e4na!\",\"breadcrumb\":{\"@id\":\"https:\\\/\\\/raymarine.ee\\\/product\\\/axiom-12-multi-function-12-display\\\/#breadcrumb\"},\"inLanguage\":\"en-GB\",\"potentialAction\":[{\"@type\":\"ReadAction\",\"target\":[\"https:\\\/\\\/raymarine.ee\\\/product\\\/axiom-12-multi-function-12-display\\\/\"]}]},{\"@type\":\"ImageObject\",\"inLanguage\":\"en-GB\",\"@id\":\"https:\\\/\\\/raymarine.ee\\\/product\\\/axiom-12-multi-function-12-display\\\/#primaryimage\",\"url\":\"https:\\\/\\\/raymarine.ee\\\/wp-content\\\/uploads\\\/2025\\\/01\\\/1fdee29d-bd53-462d-a7ac-f2ddab67a9c0.webp\",\"contentUrl\":\"https:\\\/\\\/raymarine.ee\\\/wp-content\\\/uploads\\\/2025\\\/01\\\/1fdee29d-bd53-462d-a7ac-f2ddab67a9c0.webp\",\"width\":1024,\"height\":1024},{\"@type\":\"BreadcrumbList\",\"@id\":\"https:\\\/\\\/raymarine.ee\\\/product\\\/axiom-12-multi-function-12-display\\\/#breadcrumb\",\"itemListElement\":[{\"@type\":\"ListItem\",\"position\":1,\"name\":\"Home\",\"item\":\"https:\\\/\\\/raymarine.ee\\\/\"},{\"@type\":\"ListItem\",\"position\":2,\"name\":\"Tooted\",\"item\":\"https:\\\/\\\/raymarine.ee\\\/shop\\\/\"},{\"@type\":\"ListItem\",\"position\":3,\"name\":\"AXIOM+ 12, Multi-function 12&#8243; Display\"}]},{\"@type\":\"WebSite\",\"@id\":\"https:\\\/\\\/raymarine.ee\\\/#website\",\"url\":\"https:\\\/\\\/raymarine.ee\\\/\",\"name\":\"www.raymarine.ee\",\"description\":\"Mereelektroonika, kaardiplotter, autopiloot, pinnipiloot, roolipiloot, radar, AIS, VHF, Smart Wind\",\"publisher\":{\"@id\":\"https:\\\/\\\/raymarine.ee\\\/#organization\"},\"alternateName\":\"Raymarine\",\"potentialAction\":[{\"@type\":\"SearchAction\",\"target\":{\"@type\":\"EntryPoint\",\"urlTemplate\":\"https:\\\/\\\/raymarine.ee\\\/?s={search_term_string}\"},\"query-input\":{\"@type\":\"PropertyValueSpecification\",\"valueRequired\":true,\"valueName\":\"search_term_string\"}}],\"inLanguage\":\"en-GB\"},{\"@type\":\"Organization\",\"@id\":\"https:\\\/\\\/raymarine.ee\\\/#organization\",\"name\":\"NavSystems O\u00dc\",\"url\":\"https:\\\/\\\/raymarine.ee\\\/\",\"logo\":{\"@type\":\"ImageObject\",\"inLanguage\":\"en-GB\",\"@id\":\"https:\\\/\\\/raymarine.ee\\\/#\\\/schema\\\/logo\\\/image\\\/\",\"url\":\"https:\\\/\\\/raymarine.ee\\\/wp-content\\\/uploads\\\/2024\\\/10\\\/Screenshot-2024-10-15-151324_bg_removed.webp\",\"contentUrl\":\"https:\\\/\\\/raymarine.ee\\\/wp-content\\\/uploads\\\/2024\\\/10\\\/Screenshot-2024-10-15-151324_bg_removed.webp\",\"width\":420,\"height\":276,\"caption\":\"NavSystems O\u00dc\"},\"image\":{\"@id\":\"https:\\\/\\\/raymarine.ee\\\/#\\\/schema\\\/logo\\\/image\\\/\"},\"sameAs\":[\"https:\\\/\\\/www.facebook.com\\\/NavSystems\"],\"legalName\":\"NavSystems O\u00dc\",\"foundingDate\":\"2011-05-03\",\"numberOfEmployees\":{\"@type\":\"QuantitativeValue\",\"minValue\":\"1\",\"maxValue\":\"10\"}}]}<\/script>\n<meta property=\"product:price:amount\" content=\"1785.00\" \/>\n<meta property=\"product:price:currency\" content=\"EUR\" \/>\n<meta property=\"og:availability\" content=\"backorder\" \/>\n<meta property=\"product:availability\" content=\"available for order\" \/>\n<meta property=\"product:retailer_item_id\" content=\"E70638\" \/>\n<meta property=\"product:condition\" content=\"new\" \/>\n<!-- \/ Yoast SEO Premium plugin. -->","yoast_head_json":{"title":"Kaardiplotter Axiom+ 12: HydroTough\u2122 Ekraan ja Kiirus","description":"Kogege RAYMARINE AXIOM+ Kaardiplotter Axiom+ 12 suurep\u00e4rast j\u00f5udlust ja heledat HydroTough\u2122 ekraani k\u00f5igis tingimustes. Tellige juba t\u00e4na!","robots":{"index":"index","follow":"follow","max-snippet":"max-snippet:-1","max-image-preview":"max-image-preview:large","max-video-preview":"max-video-preview:-1"},"canonical":"https:\/\/raymarine.ee\/en\/product\/axiom-12-multi-function-12-display\/","og_locale":"en_GB","og_type":"article","og_title":"AXIOM+ 12, Multi-function 12\" Display","og_description":"Kogege RAYMARINE AXIOM+ Kaardiplotter Axiom+ 12 suurep\u00e4rast j\u00f5udlust ja heledat HydroTough\u2122 ekraani k\u00f5igis tingimustes. Tellige juba t\u00e4na!","og_url":"https:\/\/raymarine.ee\/en\/product\/axiom-12-multi-function-12-display\/","og_site_name":"NavSystems","article_publisher":"https:\/\/www.facebook.com\/NavSystems","article_modified_time":"2026-04-10T09:38:11+00:00","og_image":[{"width":1024,"height":1024,"url":"https:\/\/raymarine.ee\/wp-content\/uploads\/2025\/01\/1fdee29d-bd53-462d-a7ac-f2ddab67a9c0.webp","type":"image\/webp"}],"twitter_card":"summary_large_image","twitter_misc":{"Price":"1 785,00&nbsp;&euro;","Availability":"On back order"},"schema":{"@context":"https:\/\/schema.org","@graph":[{"@type":"WebPage","@id":"https:\/\/raymarine.ee\/product\/axiom-12-multi-function-12-display\/","url":"https:\/\/raymarine.ee\/product\/axiom-12-multi-function-12-display\/","name":"Kaardiplotter Axiom+ 12: HydroTough\u2122 Ekraan ja Kiirus","isPartOf":{"@id":"https:\/\/raymarine.ee\/#website"},"primaryImageOfPage":{"@id":"https:\/\/raymarine.ee\/product\/axiom-12-multi-function-12-display\/#primaryimage"},"image":{"@id":"https:\/\/raymarine.ee\/product\/axiom-12-multi-function-12-display\/#primaryimage"},"thumbnailUrl":"https:\/\/raymarine.ee\/wp-content\/uploads\/2025\/01\/1fdee29d-bd53-462d-a7ac-f2ddab67a9c0.webp","datePublished":"2025-01-14T19:19:53+00:00","dateModified":"2026-04-10T09:38:11+00:00","description":"Kogege RAYMARINE AXIOM+ Kaardiplotter Axiom+ 12 suurep\u00e4rast j\u00f5udlust ja heledat HydroTough\u2122 ekraani k\u00f5igis tingimustes. Tellige juba t\u00e4na!","breadcrumb":{"@id":"https:\/\/raymarine.ee\/product\/axiom-12-multi-function-12-display\/#breadcrumb"},"inLanguage":"en-GB","potentialAction":[{"@type":"ReadAction","target":["https:\/\/raymarine.ee\/product\/axiom-12-multi-function-12-display\/"]}]},{"@type":"ImageObject","inLanguage":"en-GB","@id":"https:\/\/raymarine.ee\/product\/axiom-12-multi-function-12-display\/#primaryimage","url":"https:\/\/raymarine.ee\/wp-content\/uploads\/2025\/01\/1fdee29d-bd53-462d-a7ac-f2ddab67a9c0.webp","contentUrl":"https:\/\/raymarine.ee\/wp-content\/uploads\/2025\/01\/1fdee29d-bd53-462d-a7ac-f2ddab67a9c0.webp","width":1024,"height":1024},{"@type":"BreadcrumbList","@id":"https:\/\/raymarine.ee\/product\/axiom-12-multi-function-12-display\/#breadcrumb","itemListElement":[{"@type":"ListItem","position":1,"name":"Home","item":"https:\/\/raymarine.ee\/"},{"@type":"ListItem","position":2,"name":"Tooted","item":"https:\/\/raymarine.ee\/shop\/"},{"@type":"ListItem","position":3,"name":"AXIOM+ 12, Multi-function 12&#8243; Display"}]},{"@type":"WebSite","@id":"https:\/\/raymarine.ee\/#website","url":"https:\/\/raymarine.ee\/","name":"www.raymarine.ee","description":"Mereelektroonika, kaardiplotter, autopiloot, pinnipiloot, roolipiloot, radar, AIS, VHF, Smart Wind","publisher":{"@id":"https:\/\/raymarine.ee\/#organization"},"alternateName":"Raymarine","potentialAction":[{"@type":"SearchAction","target":{"@type":"EntryPoint","urlTemplate":"https:\/\/raymarine.ee\/?s={search_term_string}"},"query-input":{"@type":"PropertyValueSpecification","valueRequired":true,"valueName":"search_term_string"}}],"inLanguage":"en-GB"},{"@type":"Organization","@id":"https:\/\/raymarine.ee\/#organization","name":"NavSystems O\u00dc","url":"https:\/\/raymarine.ee\/","logo":{"@type":"ImageObject","inLanguage":"en-GB","@id":"https:\/\/raymarine.ee\/#\/schema\/logo\/image\/","url":"https:\/\/raymarine.ee\/wp-content\/uploads\/2024\/10\/Screenshot-2024-10-15-151324_bg_removed.webp","contentUrl":"https:\/\/raymarine.ee\/wp-content\/uploads\/2024\/10\/Screenshot-2024-10-15-151324_bg_removed.webp","width":420,"height":276,"caption":"NavSystems O\u00dc"},"image":{"@id":"https:\/\/raymarine.ee\/#\/schema\/logo\/image\/"},"sameAs":["https:\/\/www.facebook.com\/NavSystems"],"legalName":"NavSystems O\u00dc","foundingDate":"2011-05-03","numberOfEmployees":{"@type":"QuantitativeValue","minValue":"1","maxValue":"10"}}]},"product_price_amount":"1785.00","product_price_currency":"EUR","og_availability":"backorder","product_availability":"available for order","product_retailer_item_id":"E70638","product_condition":"new"},"jetpack_sharing_enabled":true,"_links":{"self":[{"href":"https:\/\/raymarine.ee\/en\/wp-json\/wp\/v2\/product\/6348","targetHints":{"allow":["GET"]}}],"collection":[{"href":"https:\/\/raymarine.ee\/en\/wp-json\/wp\/v2\/product"}],"about":[{"href":"https:\/\/raymarine.ee\/en\/wp-json\/wp\/v2\/types\/product"}],"wp:featuredmedia":[{"embeddable":true,"href":"https:\/\/raymarine.ee\/en\/wp-json\/wp\/v2\/media\/7620"}],"wp:attachment":[{"href":"https:\/\/raymarine.ee\/en\/wp-json\/wp\/v2\/media?parent=6348"}],"wp:term":[{"taxonomy":"product_brand","embeddable":true,"href":"https:\/\/raymarine.ee\/en\/wp-json\/wp\/v2\/product_brand?post=6348"},{"taxonomy":"product_cat","embeddable":true,"href":"https:\/\/raymarine.ee\/en\/wp-json\/wp\/v2\/product_cat?post=6348"},{"taxonomy":"product_tag","embeddable":true,"href":"https:\/\/raymarine.ee\/en\/wp-json\/wp\/v2\/product_tag?post=6348"}],"curies":[{"name":"wp","href":"https:\/\/api.w.org\/{rel}","templated":true}]}}