{"id":6349,"date":"2025-01-14T19:19:17","date_gmt":"2025-01-14T19:19:17","guid":{"rendered":"https:\/\/raymarine.ee\/?post_type=product&#038;p=6349"},"modified":"2026-04-21T16:35:33","modified_gmt":"2026-04-21T13:35:33","slug":"axiom-12-rv-multi-function","status":"publish","type":"product","link":"https:\/\/raymarine.ee\/en\/product\/axiom-12-rv-multi-function\/","title":{"rendered":"AXIOM+ 12 RV, Multi-function 12&#8243; Display with integrated RealVision 3D, 600W Sonar, no transducer"},"content":{"rendered":"<h5 data-start=\"96\" data-end=\"144\"><strong data-start=\"96\" data-end=\"144\">RAYMARINE AXIOM+ Kaardiplotter ja Kalaleidja<\/strong><\/h5>\n<p data-start=\"146\" data-end=\"198\"><em data-start=\"146\" data-end=\"198\">HydroTough\u2122 ekraan, rohkem m\u00e4lu, kiirem protsessor<\/em><\/p>\n<p data-start=\"200\" data-end=\"491\">Uus Raymarine AXIOM+ seeria on varustatud t\u00e4iustatud Lighthouse Dartmouth operatsioonis\u00fcsteemi ja \u00fclikiire neljatuumalise protsessoriga, pakkudes erakordset j\u00f5udlust. T\u00e4iendava suure sisem\u00e4lu ja laiendamisv\u00f5imalustega tagab AXIOM+ suurep\u00e4rase kasutajakogemuse, mida saab vajadusel kohandada.<\/p>\n<p data-start=\"493\" data-end=\"619\">Uus HydroTough\u2122 ekraan on oluliselt heledam kui eelnevad mudelid ja seda saab kasutada kiiresti ja t\u00e4pselt k\u00f5igis tingimustes.<\/p>\n<h5 data-start=\"621\" data-end=\"643\"><strong data-start=\"621\" data-end=\"643\">HydroTough\u2122 Ekraan<\/strong><\/h5>\n<p data-start=\"645\" data-end=\"912\">AXIOM+ seeria HydroTough\u2122 IPS LCD ekraan on 25% heledam v\u00f5rreldes varasemate mudelitega. Lisaks pakub ekraan suuremat l\u00f6\u00f6gikindlust ning t\u00e4nu nano-kattele veekindluse ja mustuse t\u00f5rje, mis v\u00f5imaldab ekraanil olla puhas ja t\u00f6\u00f6korras isegi k\u00f5ige karmimates tingimustes.<\/p>\n<h5 data-start=\"914\" data-end=\"951\"><strong data-start=\"914\" data-end=\"951\">V\u00e4lkkiire J\u00f5udlus \u00dche Puudutusega<\/strong><\/h5>\n<p data-start=\"953\" data-end=\"1343\">Selged rakenduste ikoonid muudavad liikumise lihtsaks. Lihtne liigutus ekraani kaudu aktiveerib k\u00fclgriba andmete kuvamiseks. Funktsioon \u201cdrag and drop\u201d lubab andmekohad paigutada ekraanil erinevates suurustes vastavalt vajadusele. Isikup\u00e4rastatud seadistused ja kasutaja profiil salvestatakse seadmesse, et tagada kiire juurdep\u00e4\u00e4s. Lihtsa puutega saad v\u00f5tta t\u00e4ieliku kontrolli oma seadmest.<\/p>\n<p data-start=\"1345\" data-end=\"1540\">Kaardiplotterit saab kohandada vastavalt individuaalsetele eelistustele. Selged men\u00fc\u00fcd pakuvad kiiret juurdep\u00e4\u00e4su erinevatele kaardimoodidele. Kursorit saab paigutada lihtsalt ekraani puudutades.<\/p>\n<h5 data-start=\"1542\" data-end=\"1590\"><strong data-start=\"1542\" data-end=\"1590\">Uus LightHouse Dartmouth Operatsioonis\u00fcsteem<\/strong><\/h5>\n<p data-start=\"1592\" data-end=\"1837\">Uue Raymarine LightHouse Dartmouth operatsioonis\u00fcsteemi abil saad valida erinevaid v\u00e4rvitoone, et saavutada parim vaade p\u00e4eva ja \u00f6\u00f6 jooksul. Lisaks on armatuurlaua vaates mitmeid t\u00e4iustusi, mis tagavad, et k\u00f5ik olulised andmed on alati n\u00e4htavad.<\/p>\n<h5 data-start=\"1839\" data-end=\"1865\"><strong data-start=\"1839\" data-end=\"1865\">V\u00f5rgustik ja \u00dchenduvus<\/strong><\/h5>\n<p data-start=\"1867\" data-end=\"2011\">AXIOM seadmed on varustatud NMEA0183, NMEA2000 ja Etherneti liidestega. Seadmed sisaldavad ka mikro-USB porti, sisseehitatud WiFi ja Bluetoothi.<\/p>\n<h5 data-start=\"2013\" data-end=\"2032\"><strong data-start=\"2013\" data-end=\"2032\">Parimad Kaardid<\/strong><\/h5>\n<p data-start=\"2034\" data-end=\"2275\">Raymarine\u2019i multifunktsionaalsed seadmed v\u00f5imaldavad valida Navionics, C-Map ja laienenud Lighthouse kaartide vahel. Detailne ruudustik ja vektorkaardid muudavad rannikul navigeerimise lihtsaks, pakkudes lisaks 3D kaarte ja satelliittoetust.<\/p>\n<h5 data-start=\"2277\" data-end=\"2321\"><strong data-start=\"2277\" data-end=\"2321\">Integreeritud RealVision 3D Sonar Moodul<\/strong><\/h5>\n<p data-start=\"2323\" data-end=\"2729\">Integreeritud RealVision 3D sonar \u00fchendab CHIRP DownVision, CHIRP SideVision, k\u00f5rgsagedusliku CHIRP ja RealVision 3D \u00fcheks seadmeks. Lihtne avastada veealuseid struktuure ja leida kala t\u00e4nu elutruule selgusele, mida pakub RealVision 3D sonar. Laialdane CHIRP sageduskatvus edastab 60 erinevat sagedust, et tagada elutruud sonaripildid ja tipptasemel kalastamise kogemus. Sobivad andurid on saadaval eraldi.<\/p>\n<p data-start=\"2731\" data-end=\"2753\"><strong data-start=\"2731\" data-end=\"2753\">Tehnilised Andmed:<\/strong><\/p>\n<ul data-start=\"2755\" data-end=\"3866\">\n<li data-start=\"2755\" data-end=\"2776\">Ekraani suurus: 12&#8243;<\/li>\n<li data-start=\"2777\" data-end=\"2803\">Resolutsioon: 1280 x 800<\/li>\n<li data-start=\"2804\" data-end=\"2860\">Ekraani t\u00fc\u00fcp: Multitouch, HydroTough (vastupidav kate)<\/li>\n<li data-start=\"2861\" data-end=\"2881\">Heledus: 1800 nits<\/li>\n<li data-start=\"2882\" data-end=\"2934\">N\u00e4htavusnurk: 88\u00b0 (\u00fcles, alla, vasakule, paremale)<\/li>\n<li data-start=\"2935\" data-end=\"2965\">Pinge: 12 V DC (8 &#8211; 16 V DC)<\/li>\n<li data-start=\"2966\" data-end=\"2989\">Energiatarve: 19.96 W<\/li>\n<li data-start=\"2990\" data-end=\"3023\">Ethernet: Jah, 1x port (RayNet)<\/li>\n<li data-start=\"3024\" data-end=\"3058\">NMEA2000: Jah, 1x port (Micro C)<\/li>\n<li data-start=\"3059\" data-end=\"3073\">NMEA0183: Ei<\/li>\n<li data-start=\"3074\" data-end=\"3117\">SeaTalkNG: Vajalik adapterkaabel (kaasas)<\/li>\n<li data-start=\"3118\" data-end=\"3139\">USB: 1x USB microAB<\/li>\n<li data-start=\"3140\" data-end=\"3151\">WiFi: Jah<\/li>\n<li data-start=\"3152\" data-end=\"3173\">Bluetooth: Jah, 4.0<\/li>\n<li data-start=\"3174\" data-end=\"3241\">GPS: Integreeritud (10 Hz, 28 kanalit) GPS\/GLONASS\/Galileo\/Beidou<\/li>\n<li data-start=\"3242\" data-end=\"3264\">Sonar: Integreeritud<\/li>\n<li data-start=\"3265\" data-end=\"3334\">Sonari t\u00fc\u00fcbid: K\u00f5rge CHIRP, DownVision, SideVision ja RealVision 3D<\/li>\n<li data-start=\"3335\" data-end=\"3361\">Sonari \u00fchendus: 25-pinne<\/li>\n<li data-start=\"3362\" data-end=\"3448\">Radar: \u00dchilduv Quantum, Digital, HD Color\/Super HD Color ja Magnum radar antennidega<\/li>\n<li data-start=\"3449\" data-end=\"3475\">AIS: Jah, NMEA2000 kaudu<\/li>\n<li data-start=\"3476\" data-end=\"3528\">Kaartide \u00fchilduvus: Navionics, C-MAP ja Lighthouse<\/li>\n<li data-start=\"3529\" data-end=\"3546\">Kaardi pesa: 1x<\/li>\n<li data-start=\"3547\" data-end=\"3592\">Autopiloodi juhtimine: Evolution autopiloot<\/li>\n<li data-start=\"3593\" data-end=\"3648\">Termokaamera: FLIR AX8, M232, M300 seeria, M400, M500<\/li>\n<li data-start=\"3649\" data-end=\"3713\">Video\/kaamera: \u00dchilduv CAM210IP ja CAM220IP (kuni 10 kaamerat)<\/li>\n<li data-start=\"3714\" data-end=\"3754\">T\u00f6\u00f6tlemis temperatuur: -25 kuni +55 \u00b0C<\/li>\n<li data-start=\"3755\" data-end=\"3797\">S\u00e4ilitamise temperatuur: -30 kuni +70 \u00b0C<\/li>\n<li data-start=\"3798\" data-end=\"3822\">Veekindel: IPX6 \/ IPX7<\/li>\n<li data-start=\"3823\" data-end=\"3850\">M\u00f5\u00f5dud: 314 x 217 x 77 mm<\/li>\n<li data-start=\"3851\" data-end=\"3866\">Kaal: 2.72 kg<\/li>\n<\/ul>","protected":false},"excerpt":{"rendered":"<p>Uus 12&#8243; ekraaniga k\u00f5ik \u00fches AXIOM+ 12 RV kaardiplotter-kalaleidja ilma andurita. Seadmel on ka eesti- ja venekeelne men\u00fc\u00fc. AXIOM+ seeria on varustatud p\u00e4ikese k\u00e4es h\u00e4sti loetava puutetundliku ekraaniga. AXIOM+ seerial nupud puuduvad. Vajaduse korral saab lisada eraldi RMK-10 nuppude paneeli, v\u00e4lise kaardilugeja ja muud lisaseadmed. Seadmesse on integreeritud 10Hz GLONASS GPS, Bluetooth, WiFi ja RealVision 3D sonar. AXIOM+ seerial on RayNet ja NMEA2000 liidesed. Tarkvara on k\u00f5ikidel AXIOM seeria plotteritel LightHouse 4 ja seadmetes saab kasutada Raymarine LightHouse, Navionics, C-MAP Essentials ja C-MAP 4D MAX+ elektroonilisi merekaarte.<\/p>\n<p><span style=\"color: #ff9900;\">LightHouse merekaart, P\u00f5hja-Euroopa koos plotteriga tasuta kaasa!<\/span><\/p>","protected":false},"featured_media":7621,"template":"","meta":{"_acf_changed":false},"product_brand":[134],"product_cat":[18,343,103,57],"product_tag":[],"class_list":{"0":"post-6349","1":"product","2":"type-product","3":"status-publish","4":"has-post-thumbnail","6":"product_brand-raymarine","7":"product_cat-axiom-axiom2-kaardiplotter-axiom2-pro","8":"product_cat-kampaaniad","9":"product_cat-raymarine","10":"product_cat-axiomaxiom","12":"first","13":"instock","14":"sale","15":"taxable","16":"shipping-taxable","17":"purchasable","18":"product-type-simple"},"acf":[],"yoast_head":"<!-- This site is optimized with the Yoast SEO Premium plugin v27.5 (Yoast SEO v27.5) - https:\/\/yoast.com\/product\/yoast-seo-premium-wordpress\/ -->\n<title>Axiom+ 12 RV: HydroTough\u2122 See ekraan toimib k\u00f5igis tingimustes - NavSystems<\/title>\n<meta name=\"description\" content=\"Raymarine Axiom+ 12 RV on t\u00e4iuslik kaardiplotter- ja kalaleidja teie paadile. Nautige h\u00e4mmastavat ekraanitehnoloogiat! \ud83c\udf0a\" \/>\n<meta name=\"robots\" content=\"index, follow, max-snippet:-1, max-image-preview:large, max-video-preview:-1\" \/>\n<link rel=\"canonical\" href=\"https:\/\/raymarine.ee\/en\/product\/axiom-12-rv-multi-function\/\" \/>\n<meta property=\"og:locale\" content=\"en_GB\" \/>\n<meta property=\"og:type\" content=\"article\" \/>\n<meta property=\"og:title\" content=\"AXIOM+ 12 RV, Multi-function 12&quot; Display with integrated RealVision 3D, 600W Sonar, no transducer\" \/>\n<meta property=\"og:description\" content=\"Raymarine Axiom+ 12 RV on t\u00e4iuslik kaardiplotter- ja kalaleidja teie paadile. Nautige h\u00e4mmastavat ekraanitehnoloogiat! \ud83c\udf0a\" \/>\n<meta property=\"og:url\" content=\"https:\/\/raymarine.ee\/en\/product\/axiom-12-rv-multi-function\/\" \/>\n<meta property=\"og:site_name\" content=\"NavSystems\" \/>\n<meta property=\"article:publisher\" content=\"https:\/\/www.facebook.com\/NavSystems\" \/>\n<meta property=\"article:modified_time\" content=\"2026-04-21T13:35:33+00:00\" \/>\n<meta property=\"og:image\" content=\"https:\/\/raymarine.ee\/wp-content\/uploads\/2025\/01\/3034a50a-f2f3-417c-8196-88a8d88542f0.webp\" \/>\n\t<meta property=\"og:image:width\" content=\"1024\" \/>\n\t<meta property=\"og:image:height\" content=\"1024\" \/>\n\t<meta property=\"og:image:type\" content=\"image\/webp\" \/>\n<meta name=\"twitter:card\" content=\"summary_large_image\" \/>\n<meta name=\"twitter:label1\" content=\"Price\" \/>\n\t<meta name=\"twitter:data1\" content=\"1 820,00&nbsp;&euro;\" \/>\n\t<meta name=\"twitter:label2\" content=\"Availability\" \/>\n\t<meta name=\"twitter:data2\" content=\"In stock\" \/>\n<script type=\"application\/ld+json\" class=\"yoast-schema-graph\">{\"@context\":\"https:\\\/\\\/schema.org\",\"@graph\":[{\"@type\":\"WebPage\",\"@id\":\"https:\\\/\\\/raymarine.ee\\\/product\\\/axiom-12-rv-multi-function\\\/\",\"url\":\"https:\\\/\\\/raymarine.ee\\\/product\\\/axiom-12-rv-multi-function\\\/\",\"name\":\"Axiom+ 12 RV: HydroTough\u2122 See ekraan toimib k\u00f5igis tingimustes - NavSystems\",\"isPartOf\":{\"@id\":\"https:\\\/\\\/raymarine.ee\\\/#website\"},\"primaryImageOfPage\":{\"@id\":\"https:\\\/\\\/raymarine.ee\\\/product\\\/axiom-12-rv-multi-function\\\/#primaryimage\"},\"image\":{\"@id\":\"https:\\\/\\\/raymarine.ee\\\/product\\\/axiom-12-rv-multi-function\\\/#primaryimage\"},\"thumbnailUrl\":\"https:\\\/\\\/raymarine.ee\\\/wp-content\\\/uploads\\\/2025\\\/01\\\/3034a50a-f2f3-417c-8196-88a8d88542f0.webp\",\"datePublished\":\"2025-01-14T19:19:17+00:00\",\"dateModified\":\"2026-04-21T13:35:33+00:00\",\"description\":\"Raymarine Axiom+ 12 RV on t\u00e4iuslik kaardiplotter- ja kalaleidja teie paadile. Nautige h\u00e4mmastavat ekraanitehnoloogiat! \ud83c\udf0a\",\"breadcrumb\":{\"@id\":\"https:\\\/\\\/raymarine.ee\\\/product\\\/axiom-12-rv-multi-function\\\/#breadcrumb\"},\"inLanguage\":\"en-GB\",\"potentialAction\":[{\"@type\":\"ReadAction\",\"target\":[\"https:\\\/\\\/raymarine.ee\\\/product\\\/axiom-12-rv-multi-function\\\/\"]}]},{\"@type\":\"ImageObject\",\"inLanguage\":\"en-GB\",\"@id\":\"https:\\\/\\\/raymarine.ee\\\/product\\\/axiom-12-rv-multi-function\\\/#primaryimage\",\"url\":\"https:\\\/\\\/raymarine.ee\\\/wp-content\\\/uploads\\\/2025\\\/01\\\/3034a50a-f2f3-417c-8196-88a8d88542f0.webp\",\"contentUrl\":\"https:\\\/\\\/raymarine.ee\\\/wp-content\\\/uploads\\\/2025\\\/01\\\/3034a50a-f2f3-417c-8196-88a8d88542f0.webp\",\"width\":1024,\"height\":1024,\"caption\":\"Axiom+ 12 RV\"},{\"@type\":\"BreadcrumbList\",\"@id\":\"https:\\\/\\\/raymarine.ee\\\/product\\\/axiom-12-rv-multi-function\\\/#breadcrumb\",\"itemListElement\":[{\"@type\":\"ListItem\",\"position\":1,\"name\":\"Home\",\"item\":\"https:\\\/\\\/raymarine.ee\\\/\"},{\"@type\":\"ListItem\",\"position\":2,\"name\":\"Tooted\",\"item\":\"https:\\\/\\\/raymarine.ee\\\/shop\\\/\"},{\"@type\":\"ListItem\",\"position\":3,\"name\":\"AXIOM+ 12 RV, Multi-function 12&#8243; Display with integrated RealVision 3D, 600W Sonar, no transducer\"}]},{\"@type\":\"WebSite\",\"@id\":\"https:\\\/\\\/raymarine.ee\\\/#website\",\"url\":\"https:\\\/\\\/raymarine.ee\\\/\",\"name\":\"www.raymarine.ee\",\"description\":\"Mereelektroonika, kaardiplotter, autopiloot, pinnipiloot, roolipiloot, radar, AIS, VHF, Smart Wind\",\"publisher\":{\"@id\":\"https:\\\/\\\/raymarine.ee\\\/#organization\"},\"alternateName\":\"Raymarine\",\"potentialAction\":[{\"@type\":\"SearchAction\",\"target\":{\"@type\":\"EntryPoint\",\"urlTemplate\":\"https:\\\/\\\/raymarine.ee\\\/?s={search_term_string}\"},\"query-input\":{\"@type\":\"PropertyValueSpecification\",\"valueRequired\":true,\"valueName\":\"search_term_string\"}}],\"inLanguage\":\"en-GB\"},{\"@type\":\"Organization\",\"@id\":\"https:\\\/\\\/raymarine.ee\\\/#organization\",\"name\":\"NavSystems O\u00dc\",\"url\":\"https:\\\/\\\/raymarine.ee\\\/\",\"logo\":{\"@type\":\"ImageObject\",\"inLanguage\":\"en-GB\",\"@id\":\"https:\\\/\\\/raymarine.ee\\\/#\\\/schema\\\/logo\\\/image\\\/\",\"url\":\"https:\\\/\\\/raymarine.ee\\\/wp-content\\\/uploads\\\/2024\\\/10\\\/Screenshot-2024-10-15-151324_bg_removed.webp\",\"contentUrl\":\"https:\\\/\\\/raymarine.ee\\\/wp-content\\\/uploads\\\/2024\\\/10\\\/Screenshot-2024-10-15-151324_bg_removed.webp\",\"width\":420,\"height\":276,\"caption\":\"NavSystems O\u00dc\"},\"image\":{\"@id\":\"https:\\\/\\\/raymarine.ee\\\/#\\\/schema\\\/logo\\\/image\\\/\"},\"sameAs\":[\"https:\\\/\\\/www.facebook.com\\\/NavSystems\"],\"legalName\":\"NavSystems O\u00dc\",\"foundingDate\":\"2011-05-03\",\"numberOfEmployees\":{\"@type\":\"QuantitativeValue\",\"minValue\":\"1\",\"maxValue\":\"10\"}}]}<\/script>\n<meta property=\"product:price:amount\" content=\"1820.00\" \/>\n<meta property=\"product:price:currency\" content=\"EUR\" \/>\n<meta property=\"og:availability\" content=\"instock\" \/>\n<meta property=\"product:availability\" content=\"instock\" \/>\n<meta property=\"product:retailer_item_id\" content=\"E70639\" \/>\n<meta property=\"product:condition\" content=\"new\" \/>\n<!-- \/ Yoast SEO Premium plugin. -->","yoast_head_json":{"title":"Axiom+ 12 RV: HydroTough\u2122 See ekraan toimib k\u00f5igis tingimustes - NavSystems","description":"Raymarine Axiom+ 12 RV on t\u00e4iuslik kaardiplotter- ja kalaleidja teie paadile. Nautige h\u00e4mmastavat ekraanitehnoloogiat! \ud83c\udf0a","robots":{"index":"index","follow":"follow","max-snippet":"max-snippet:-1","max-image-preview":"max-image-preview:large","max-video-preview":"max-video-preview:-1"},"canonical":"https:\/\/raymarine.ee\/en\/product\/axiom-12-rv-multi-function\/","og_locale":"en_GB","og_type":"article","og_title":"AXIOM+ 12 RV, Multi-function 12\" Display with integrated RealVision 3D, 600W Sonar, no transducer","og_description":"Raymarine Axiom+ 12 RV on t\u00e4iuslik kaardiplotter- ja kalaleidja teie paadile. Nautige h\u00e4mmastavat ekraanitehnoloogiat! \ud83c\udf0a","og_url":"https:\/\/raymarine.ee\/en\/product\/axiom-12-rv-multi-function\/","og_site_name":"NavSystems","article_publisher":"https:\/\/www.facebook.com\/NavSystems","article_modified_time":"2026-04-21T13:35:33+00:00","og_image":[{"width":1024,"height":1024,"url":"https:\/\/raymarine.ee\/wp-content\/uploads\/2025\/01\/3034a50a-f2f3-417c-8196-88a8d88542f0.webp","type":"image\/webp"}],"twitter_card":"summary_large_image","twitter_misc":{"Price":"1 820,00&nbsp;&euro;","Availability":"In stock"},"schema":{"@context":"https:\/\/schema.org","@graph":[{"@type":"WebPage","@id":"https:\/\/raymarine.ee\/product\/axiom-12-rv-multi-function\/","url":"https:\/\/raymarine.ee\/product\/axiom-12-rv-multi-function\/","name":"Axiom+ 12 RV: HydroTough\u2122 See ekraan toimib k\u00f5igis tingimustes - NavSystems","isPartOf":{"@id":"https:\/\/raymarine.ee\/#website"},"primaryImageOfPage":{"@id":"https:\/\/raymarine.ee\/product\/axiom-12-rv-multi-function\/#primaryimage"},"image":{"@id":"https:\/\/raymarine.ee\/product\/axiom-12-rv-multi-function\/#primaryimage"},"thumbnailUrl":"https:\/\/raymarine.ee\/wp-content\/uploads\/2025\/01\/3034a50a-f2f3-417c-8196-88a8d88542f0.webp","datePublished":"2025-01-14T19:19:17+00:00","dateModified":"2026-04-21T13:35:33+00:00","description":"Raymarine Axiom+ 12 RV on t\u00e4iuslik kaardiplotter- ja kalaleidja teie paadile. Nautige h\u00e4mmastavat ekraanitehnoloogiat! \ud83c\udf0a","breadcrumb":{"@id":"https:\/\/raymarine.ee\/product\/axiom-12-rv-multi-function\/#breadcrumb"},"inLanguage":"en-GB","potentialAction":[{"@type":"ReadAction","target":["https:\/\/raymarine.ee\/product\/axiom-12-rv-multi-function\/"]}]},{"@type":"ImageObject","inLanguage":"en-GB","@id":"https:\/\/raymarine.ee\/product\/axiom-12-rv-multi-function\/#primaryimage","url":"https:\/\/raymarine.ee\/wp-content\/uploads\/2025\/01\/3034a50a-f2f3-417c-8196-88a8d88542f0.webp","contentUrl":"https:\/\/raymarine.ee\/wp-content\/uploads\/2025\/01\/3034a50a-f2f3-417c-8196-88a8d88542f0.webp","width":1024,"height":1024,"caption":"Axiom+ 12 RV"},{"@type":"BreadcrumbList","@id":"https:\/\/raymarine.ee\/product\/axiom-12-rv-multi-function\/#breadcrumb","itemListElement":[{"@type":"ListItem","position":1,"name":"Home","item":"https:\/\/raymarine.ee\/"},{"@type":"ListItem","position":2,"name":"Tooted","item":"https:\/\/raymarine.ee\/shop\/"},{"@type":"ListItem","position":3,"name":"AXIOM+ 12 RV, Multi-function 12&#8243; Display with integrated RealVision 3D, 600W Sonar, no transducer"}]},{"@type":"WebSite","@id":"https:\/\/raymarine.ee\/#website","url":"https:\/\/raymarine.ee\/","name":"www.raymarine.ee","description":"Mereelektroonika, kaardiplotter, autopiloot, pinnipiloot, roolipiloot, radar, AIS, VHF, Smart Wind","publisher":{"@id":"https:\/\/raymarine.ee\/#organization"},"alternateName":"Raymarine","potentialAction":[{"@type":"SearchAction","target":{"@type":"EntryPoint","urlTemplate":"https:\/\/raymarine.ee\/?s={search_term_string}"},"query-input":{"@type":"PropertyValueSpecification","valueRequired":true,"valueName":"search_term_string"}}],"inLanguage":"en-GB"},{"@type":"Organization","@id":"https:\/\/raymarine.ee\/#organization","name":"NavSystems O\u00dc","url":"https:\/\/raymarine.ee\/","logo":{"@type":"ImageObject","inLanguage":"en-GB","@id":"https:\/\/raymarine.ee\/#\/schema\/logo\/image\/","url":"https:\/\/raymarine.ee\/wp-content\/uploads\/2024\/10\/Screenshot-2024-10-15-151324_bg_removed.webp","contentUrl":"https:\/\/raymarine.ee\/wp-content\/uploads\/2024\/10\/Screenshot-2024-10-15-151324_bg_removed.webp","width":420,"height":276,"caption":"NavSystems O\u00dc"},"image":{"@id":"https:\/\/raymarine.ee\/#\/schema\/logo\/image\/"},"sameAs":["https:\/\/www.facebook.com\/NavSystems"],"legalName":"NavSystems O\u00dc","foundingDate":"2011-05-03","numberOfEmployees":{"@type":"QuantitativeValue","minValue":"1","maxValue":"10"}}]},"product_price_amount":"1820.00","product_price_currency":"EUR","og_availability":"instock","product_availability":"instock","product_retailer_item_id":"E70639","product_condition":"new"},"jetpack_sharing_enabled":true,"_links":{"self":[{"href":"https:\/\/raymarine.ee\/en\/wp-json\/wp\/v2\/product\/6349","targetHints":{"allow":["GET"]}}],"collection":[{"href":"https:\/\/raymarine.ee\/en\/wp-json\/wp\/v2\/product"}],"about":[{"href":"https:\/\/raymarine.ee\/en\/wp-json\/wp\/v2\/types\/product"}],"wp:featuredmedia":[{"embeddable":true,"href":"https:\/\/raymarine.ee\/en\/wp-json\/wp\/v2\/media\/7621"}],"wp:attachment":[{"href":"https:\/\/raymarine.ee\/en\/wp-json\/wp\/v2\/media?parent=6349"}],"wp:term":[{"taxonomy":"product_brand","embeddable":true,"href":"https:\/\/raymarine.ee\/en\/wp-json\/wp\/v2\/product_brand?post=6349"},{"taxonomy":"product_cat","embeddable":true,"href":"https:\/\/raymarine.ee\/en\/wp-json\/wp\/v2\/product_cat?post=6349"},{"taxonomy":"product_tag","embeddable":true,"href":"https:\/\/raymarine.ee\/en\/wp-json\/wp\/v2\/product_tag?post=6349"}],"curies":[{"name":"wp","href":"https:\/\/api.w.org\/{rel}","templated":true}]}}