{"id":6350,"date":"2025-01-14T19:18:48","date_gmt":"2025-01-14T19:18:48","guid":{"rendered":"https:\/\/raymarine.ee\/?post_type=product&#038;p=6350"},"modified":"2026-04-10T12:36:59","modified_gmt":"2026-04-10T09:36:59","slug":"axiom-12-rv-multi-function-12-display-with-integrated-realvision-3d600w-sonar-with-rv-100-transducer","status":"publish","type":"product","link":"https:\/\/raymarine.ee\/en\/product\/axiom-12-rv-multi-function-12-display-with-integrated-realvision-3d600w-sonar-with-rv-100-transducer\/","title":{"rendered":"AXIOM+ 12 RV, Multi-function 12&#8243; Display with integrated RealVision 3D,600W Sonar with RV-100 transducer"},"content":{"rendered":"<p data-start=\"70\" data-end=\"118\"><strong data-start=\"70\" data-end=\"118\">RAYMARINE AXIOM+ Kaardiplotter ja Kalaleidja<\/strong><\/p>\n<p data-start=\"120\" data-end=\"172\"><em data-start=\"120\" data-end=\"172\">HydroTough\u2122 ekraan, rohkem m\u00e4lu, kiirem protsessor<\/em><\/p>\n<p data-start=\"174\" data-end=\"433\">Raymarine AXIOM+ seeria on varustatud t\u00e4iustatud Lighthouse Dartmouth operatsioonis\u00fcsteemi ja \u00fclikiire neljatuumalise protsessoriga, tagades erakordse j\u00f5udluse. Suure sisem\u00e4lu ja laiendamisv\u00f5imalustega seadme funktsionaalsus saab kasvada vastavalt vajadusele.<\/p>\n<p data-start=\"435\" data-end=\"610\">Uus HydroTough\u2122 ekraan on oluliselt heledam ja pakub paremat t\u00e4psust kui eelnevate mudelite ekraanid, v\u00f5imaldades kiiret ja t\u00e4pset kasutamist igasugustes ilmastikutingimustes.<\/p>\n<p data-start=\"612\" data-end=\"634\"><strong data-start=\"612\" data-end=\"634\">HydroTough\u2122 Ekraan<\/strong><\/p>\n<p data-start=\"636\" data-end=\"886\">AXIOM+ seeria HydroTough\u2122 IPS LCD ekraan on 25% heledam kui varasemad mudelid. Samuti pakub see paremat l\u00f6\u00f6gikindlust ning t\u00e4nu nano-kattele t\u00f5rjub vesi ja mustus, tagades puhta ekraani, mis t\u00f6\u00f6tab t\u00e4pselt ja kiiresti ka k\u00f5ige karmimates tingimustes.<\/p>\n<p data-start=\"888\" data-end=\"925\"><strong data-start=\"888\" data-end=\"925\">V\u00e4lkkiire J\u00f5udlus \u00dche Puudutusega<\/strong><\/p>\n<p data-start=\"927\" data-end=\"1332\">Selged rakenduste ikoonid muudavad liikumise lihtsaks ja kiireks. Lihtne liigutus ekraani kaudu aktiveerib k\u00fclgriba andmete kuvamiseks. Funktsioon \u201cdrag and drop\u201d v\u00f5imaldab andmekohad paigutada ekraanil erinevates suurustes vastavalt vajadusele. Isikup\u00e4rastatud seadistused ja kasutaja profiil salvestatakse seadmesse, et tagada kiire juurdep\u00e4\u00e4s. Lihtsa puutega saad v\u00f5tta t\u00e4ieliku kontrolli oma seadmest.<\/p>\n<p data-start=\"1334\" data-end=\"1501\">Kaardiplotterit saab kohandada vastavalt individuaalsetele eelistustele. Men\u00fc\u00fcdes on lihtne liikuda ning k\u00f5ik olulised kaardivaatamismoodid on kergesti ligip\u00e4\u00e4setavad.<\/p>\n<p data-start=\"1503\" data-end=\"1551\"><strong data-start=\"1503\" data-end=\"1551\">Uus LightHouse Dartmouth Operatsioonis\u00fcsteem<\/strong><\/p>\n<p data-start=\"1553\" data-end=\"1809\">Uue Raymarine LightHouse Dartmouth operatsioonis\u00fcsteemi abil saad valida erinevaid v\u00e4rvitoone, et saavutada parim vaade p\u00e4eva ja \u00f6\u00f6 jooksul. Lisaks on armatuurlaua vaates mitmeid t\u00e4iustusi, et saaksid alati kiiresti \u00fclevaate k\u00f5ikidest olulistest andmetest.<\/p>\n<p data-start=\"1811\" data-end=\"1837\"><strong data-start=\"1811\" data-end=\"1837\">V\u00f5rgustik ja \u00dchenduvus<\/strong><\/p>\n<p data-start=\"1839\" data-end=\"1983\">AXIOM seadmed on varustatud NMEA0183, NMEA2000 ja Etherneti liidestega. Seadmed sisaldavad ka mikro-USB porti, sisseehitatud WiFi ja Bluetoothi.<\/p>\n<p data-start=\"1985\" data-end=\"2004\"><strong data-start=\"1985\" data-end=\"2004\">Parimad Kaardid<\/strong><\/p>\n<p data-start=\"2006\" data-end=\"2240\">Raymarine\u2019i multifunktsionaalsed seadmed pakuvad valikut Navionics, C-Map ja laienenud Lighthouse kaartidest. Detailne ruudustik ja vektorkaardid muudavad rannikul navigeerimise lihtsaks, pakkudes lisaks 3D kaarte ja satelliittoetust.<\/p>\n<p data-start=\"2242\" data-end=\"2286\"><strong data-start=\"2242\" data-end=\"2286\">Integreeritud RealVision 3D Sonar Moodul<\/strong><\/p>\n<p data-start=\"2288\" data-end=\"2701\">Integreeritud RealVision 3D sonar \u00fchendab CHIRP DownVision, CHIRP SideVision, k\u00f5rgsagedusliku CHIRP ja RealVision 3D \u00fcheks seadmeks. Lihtne avastada veealuseid struktuure ja leida kala t\u00e4nu elutruule selgusele, mida pakub RealVision 3D sonar. Laialdane CHIRP sageduskatvus edastab 60 erinevat sagedust, et tagada elutruud sonaripildid ja tipptasemel kalastamise kogemus. Sobivad RV-100 transomi andurid on kaasas.<\/p>\n<p data-start=\"2703\" data-end=\"2725\"><strong data-start=\"2703\" data-end=\"2725\">Tehnilised Andmed:<\/strong><\/p>\n<ul data-start=\"2727\" data-end=\"3838\">\n<li data-start=\"2727\" data-end=\"2748\">Ekraani suurus: 12&#8243;<\/li>\n<li data-start=\"2749\" data-end=\"2775\">Resolutsioon: 1280 x 800<\/li>\n<li data-start=\"2776\" data-end=\"2832\">Ekraani t\u00fc\u00fcp: Multitouch, HydroTough (vastupidav kate)<\/li>\n<li data-start=\"2833\" data-end=\"2853\">Heledus: 1500 nits<\/li>\n<li data-start=\"2854\" data-end=\"2906\">N\u00e4htavusnurk: 85\u00b0 (\u00fcles, alla, vasakule, paremale)<\/li>\n<li data-start=\"2907\" data-end=\"2937\">Pinge: 12 V DC (8 &#8211; 16 V DC)<\/li>\n<li data-start=\"2938\" data-end=\"2961\">Energiatarve: 19.96 W<\/li>\n<li data-start=\"2962\" data-end=\"2995\">Ethernet: Jah, 1x port (RayNet)<\/li>\n<li data-start=\"2996\" data-end=\"3030\">NMEA2000: Jah, 1x port (Micro C)<\/li>\n<li data-start=\"3031\" data-end=\"3045\">NMEA0183: Ei<\/li>\n<li data-start=\"3046\" data-end=\"3089\">SeaTalkNG: Vajalik adapterkaabel (kaasas)<\/li>\n<li data-start=\"3090\" data-end=\"3111\">USB: 1x USB microAB<\/li>\n<li data-start=\"3112\" data-end=\"3123\">WiFi: Jah<\/li>\n<li data-start=\"3124\" data-end=\"3145\">Bluetooth: Jah, 4.0<\/li>\n<li data-start=\"3146\" data-end=\"3213\">GPS: Integreeritud (10 Hz, 28 kanalit) GPS\/GLONASS\/Galileo\/Beidou<\/li>\n<li data-start=\"3214\" data-end=\"3236\">Sonar: Integreeritud<\/li>\n<li data-start=\"3237\" data-end=\"3306\">Sonari t\u00fc\u00fcbid: K\u00f5rge CHIRP, DownVision, SideVision ja RealVision 3D<\/li>\n<li data-start=\"3307\" data-end=\"3333\">Sonari \u00fchendus: 25-pinne<\/li>\n<li data-start=\"3334\" data-end=\"3420\">Radar: \u00dchilduv Quantum, Digital, HD Color\/Super HD Color ja Magnum radar antennidega<\/li>\n<li data-start=\"3421\" data-end=\"3447\">AIS: Jah, NMEA2000 kaudu<\/li>\n<li data-start=\"3448\" data-end=\"3500\">Kaartide \u00fchilduvus: Navionics, C-MAP ja Lighthouse<\/li>\n<li data-start=\"3501\" data-end=\"3518\">Kaardi pesa: 1x<\/li>\n<li data-start=\"3519\" data-end=\"3564\">Autopiloodi juhtimine: Evolution autopiloot<\/li>\n<li data-start=\"3565\" data-end=\"3620\">Termokaamera: FLIR AX8, M232, M300 seeria, M400, M500<\/li>\n<li data-start=\"3621\" data-end=\"3685\">Video\/kaamera: \u00dchilduv CAM210IP ja CAM220IP (kuni 10 kaamerat)<\/li>\n<li data-start=\"3686\" data-end=\"3726\">T\u00f6\u00f6tlemis temperatuur: -25 kuni +55 \u00b0C<\/li>\n<li data-start=\"3727\" data-end=\"3769\">S\u00e4ilitamise temperatuur: -30 kuni +70 \u00b0C<\/li>\n<li data-start=\"3770\" data-end=\"3794\">Veekindel: IPX6 \/ IPX7<\/li>\n<li data-start=\"3795\" data-end=\"3822\">M\u00f5\u00f5dud: 244 x 158 x 77 mm<\/li>\n<li data-start=\"3823\" data-end=\"3838\">Kaal: 2.72 kg<\/li>\n<\/ul>","protected":false},"excerpt":{"rendered":"<p>Uus 12&#8243; ekraaniga k\u00f5ik \u00fches AXIOM+ 12 RV kaardiplotter-kalaleidja koos RV-100 RealVision 3D ahtrianduriga. Seadmel on ka eesti- ja venekeelne men\u00fc\u00fc. AXIOM+ seeria on varustatud p\u00e4ikese k\u00e4es h\u00e4sti loetava puutetundliku ekraaniga. AXIOM+ seerial nupud puuduvad. Vajaduse korral saab lisada eraldi RMK-10 nuppude paneeli, v\u00e4lise kaardilugeja ja muud lisaseadmed. Seadmesse on integreeritud 10Hz GLONASS GPS, Bluetooth, WiFi ja RealVision 3D sonar. AXIOM+ seerial on RayNet ja NMEA2000 liidesed. Tarkvara on k\u00f5ikidel AXIOM seeria plotteritel LightHouse III ja seadmetes saab kasutada Raymarine LightHouse NC2, Navionics, C-MAP Essentials ja C-MAP 4D MAX+ elektroonilisi merekaarte.<\/p>\n<p><span style=\"color: #ff9900;\">LightHouse merekaart, P\u00f5hja-Euroopa koos plotteriga tasuta kaasa!<\/span><\/p>","protected":false},"featured_media":7622,"template":"","meta":{"_acf_changed":false},"product_brand":[134],"product_cat":[77,18,54,343,103,57],"product_tag":[],"class_list":{"0":"post-6350","1":"product","2":"type-product","3":"status-publish","4":"has-post-thumbnail","6":"product_brand-raymarine","7":"product_cat-raymarine-kaardiplotter-kalaleidja","8":"product_cat-axiom-axiom2-kaardiplotter-axiom2-pro","9":"product_cat-kalaleidjad","10":"product_cat-kampaaniad","11":"product_cat-raymarine","12":"product_cat-axiomaxiom","14":"first","15":"instock","16":"sale","17":"taxable","18":"shipping-taxable","19":"purchasable","20":"product-type-simple"},"acf":[],"yoast_head":"<!-- This site is optimized with the Yoast SEO Premium plugin v27.5 (Yoast SEO v27.5) - https:\/\/yoast.com\/product\/yoast-seo-premium-wordpress\/ -->\n<title>Kaardiplotter Axiom+ 12 RV ja RV-100 ahtriandur - NavSystems<\/title>\n<meta name=\"description\" content=\"Avastage RAYMARINE AXIOM+ kaardiplotteri ja RV-100 ahtrianduri erakordne j\u00f5udlus. Uus HydroTough\u2122 ekraan tagab parema t\u00e4psuse, uurige l\u00e4hemalt!\" \/>\n<meta name=\"robots\" content=\"index, follow, max-snippet:-1, max-image-preview:large, max-video-preview:-1\" \/>\n<link rel=\"canonical\" href=\"https:\/\/raymarine.ee\/en\/product\/axiom-12-rv-multi-function-12-display-with-integrated-realvision-3d600w-sonar-with-rv-100-transducer\/\" \/>\n<meta property=\"og:locale\" content=\"en_GB\" \/>\n<meta property=\"og:type\" content=\"article\" \/>\n<meta property=\"og:title\" content=\"AXIOM+ 12 RV, Multi-function 12&quot; Display with integrated RealVision 3D,600W Sonar with RV-100 transducer\" \/>\n<meta property=\"og:description\" content=\"Avastage RAYMARINE AXIOM+ kaardiplotteri ja RV-100 ahtrianduri erakordne j\u00f5udlus. Uus HydroTough\u2122 ekraan tagab parema t\u00e4psuse, uurige l\u00e4hemalt!\" \/>\n<meta property=\"og:url\" content=\"https:\/\/raymarine.ee\/en\/product\/axiom-12-rv-multi-function-12-display-with-integrated-realvision-3d600w-sonar-with-rv-100-transducer\/\" \/>\n<meta property=\"og:site_name\" content=\"NavSystems\" \/>\n<meta property=\"article:publisher\" content=\"https:\/\/www.facebook.com\/NavSystems\" \/>\n<meta property=\"article:modified_time\" content=\"2026-04-10T09:36:59+00:00\" \/>\n<meta property=\"og:image\" content=\"https:\/\/raymarine.ee\/wp-content\/uploads\/2025\/01\/b3433d29-4b02-49c3-9b7c-11b0b3c8e90e.webp\" \/>\n\t<meta property=\"og:image:width\" content=\"1024\" \/>\n\t<meta property=\"og:image:height\" content=\"1024\" \/>\n\t<meta property=\"og:image:type\" content=\"image\/webp\" \/>\n<meta name=\"twitter:card\" content=\"summary_large_image\" \/>\n<meta name=\"twitter:label1\" content=\"Price\" \/>\n\t<meta name=\"twitter:data1\" content=\"2 265,00&nbsp;&euro;\" \/>\n\t<meta name=\"twitter:label2\" content=\"Availability\" \/>\n\t<meta name=\"twitter:data2\" content=\"In stock\" \/>\n<script type=\"application\/ld+json\" class=\"yoast-schema-graph\">{\"@context\":\"https:\\\/\\\/schema.org\",\"@graph\":[{\"@type\":\"WebPage\",\"@id\":\"https:\\\/\\\/raymarine.ee\\\/product\\\/axiom-12-rv-multi-function-12-display-with-integrated-realvision-3d600w-sonar-with-rv-100-transducer\\\/\",\"url\":\"https:\\\/\\\/raymarine.ee\\\/product\\\/axiom-12-rv-multi-function-12-display-with-integrated-realvision-3d600w-sonar-with-rv-100-transducer\\\/\",\"name\":\"Kaardiplotter Axiom+ 12 RV ja RV-100 ahtriandur - NavSystems\",\"isPartOf\":{\"@id\":\"https:\\\/\\\/raymarine.ee\\\/#website\"},\"primaryImageOfPage\":{\"@id\":\"https:\\\/\\\/raymarine.ee\\\/product\\\/axiom-12-rv-multi-function-12-display-with-integrated-realvision-3d600w-sonar-with-rv-100-transducer\\\/#primaryimage\"},\"image\":{\"@id\":\"https:\\\/\\\/raymarine.ee\\\/product\\\/axiom-12-rv-multi-function-12-display-with-integrated-realvision-3d600w-sonar-with-rv-100-transducer\\\/#primaryimage\"},\"thumbnailUrl\":\"https:\\\/\\\/raymarine.ee\\\/wp-content\\\/uploads\\\/2025\\\/01\\\/b3433d29-4b02-49c3-9b7c-11b0b3c8e90e.webp\",\"datePublished\":\"2025-01-14T19:18:48+00:00\",\"dateModified\":\"2026-04-10T09:36:59+00:00\",\"description\":\"Avastage RAYMARINE AXIOM+ kaardiplotteri ja RV-100 ahtrianduri erakordne j\u00f5udlus. Uus HydroTough\u2122 ekraan tagab parema t\u00e4psuse, uurige l\u00e4hemalt!\",\"breadcrumb\":{\"@id\":\"https:\\\/\\\/raymarine.ee\\\/product\\\/axiom-12-rv-multi-function-12-display-with-integrated-realvision-3d600w-sonar-with-rv-100-transducer\\\/#breadcrumb\"},\"inLanguage\":\"en-GB\",\"potentialAction\":[{\"@type\":\"ReadAction\",\"target\":[\"https:\\\/\\\/raymarine.ee\\\/product\\\/axiom-12-rv-multi-function-12-display-with-integrated-realvision-3d600w-sonar-with-rv-100-transducer\\\/\"]}]},{\"@type\":\"ImageObject\",\"inLanguage\":\"en-GB\",\"@id\":\"https:\\\/\\\/raymarine.ee\\\/product\\\/axiom-12-rv-multi-function-12-display-with-integrated-realvision-3d600w-sonar-with-rv-100-transducer\\\/#primaryimage\",\"url\":\"https:\\\/\\\/raymarine.ee\\\/wp-content\\\/uploads\\\/2025\\\/01\\\/b3433d29-4b02-49c3-9b7c-11b0b3c8e90e.webp\",\"contentUrl\":\"https:\\\/\\\/raymarine.ee\\\/wp-content\\\/uploads\\\/2025\\\/01\\\/b3433d29-4b02-49c3-9b7c-11b0b3c8e90e.webp\",\"width\":1024,\"height\":1024},{\"@type\":\"BreadcrumbList\",\"@id\":\"https:\\\/\\\/raymarine.ee\\\/product\\\/axiom-12-rv-multi-function-12-display-with-integrated-realvision-3d600w-sonar-with-rv-100-transducer\\\/#breadcrumb\",\"itemListElement\":[{\"@type\":\"ListItem\",\"position\":1,\"name\":\"Home\",\"item\":\"https:\\\/\\\/raymarine.ee\\\/\"},{\"@type\":\"ListItem\",\"position\":2,\"name\":\"Tooted\",\"item\":\"https:\\\/\\\/raymarine.ee\\\/shop\\\/\"},{\"@type\":\"ListItem\",\"position\":3,\"name\":\"AXIOM+ 12 RV, Multi-function 12&#8243; Display with integrated RealVision 3D,600W Sonar with RV-100 transducer\"}]},{\"@type\":\"WebSite\",\"@id\":\"https:\\\/\\\/raymarine.ee\\\/#website\",\"url\":\"https:\\\/\\\/raymarine.ee\\\/\",\"name\":\"www.raymarine.ee\",\"description\":\"Mereelektroonika, kaardiplotter, autopiloot, pinnipiloot, roolipiloot, radar, AIS, VHF, Smart Wind\",\"publisher\":{\"@id\":\"https:\\\/\\\/raymarine.ee\\\/#organization\"},\"alternateName\":\"Raymarine\",\"potentialAction\":[{\"@type\":\"SearchAction\",\"target\":{\"@type\":\"EntryPoint\",\"urlTemplate\":\"https:\\\/\\\/raymarine.ee\\\/?s={search_term_string}\"},\"query-input\":{\"@type\":\"PropertyValueSpecification\",\"valueRequired\":true,\"valueName\":\"search_term_string\"}}],\"inLanguage\":\"en-GB\"},{\"@type\":\"Organization\",\"@id\":\"https:\\\/\\\/raymarine.ee\\\/#organization\",\"name\":\"NavSystems O\u00dc\",\"url\":\"https:\\\/\\\/raymarine.ee\\\/\",\"logo\":{\"@type\":\"ImageObject\",\"inLanguage\":\"en-GB\",\"@id\":\"https:\\\/\\\/raymarine.ee\\\/#\\\/schema\\\/logo\\\/image\\\/\",\"url\":\"https:\\\/\\\/raymarine.ee\\\/wp-content\\\/uploads\\\/2024\\\/10\\\/Screenshot-2024-10-15-151324_bg_removed.webp\",\"contentUrl\":\"https:\\\/\\\/raymarine.ee\\\/wp-content\\\/uploads\\\/2024\\\/10\\\/Screenshot-2024-10-15-151324_bg_removed.webp\",\"width\":420,\"height\":276,\"caption\":\"NavSystems O\u00dc\"},\"image\":{\"@id\":\"https:\\\/\\\/raymarine.ee\\\/#\\\/schema\\\/logo\\\/image\\\/\"},\"sameAs\":[\"https:\\\/\\\/www.facebook.com\\\/NavSystems\"],\"legalName\":\"NavSystems O\u00dc\",\"foundingDate\":\"2011-05-03\",\"numberOfEmployees\":{\"@type\":\"QuantitativeValue\",\"minValue\":\"1\",\"maxValue\":\"10\"}}]}<\/script>\n<meta property=\"product:price:amount\" content=\"2265.00\" \/>\n<meta property=\"product:price:currency\" content=\"EUR\" \/>\n<meta property=\"og:availability\" content=\"instock\" \/>\n<meta property=\"product:availability\" content=\"instock\" \/>\n<meta property=\"product:retailer_item_id\" content=\"E70639-03\" \/>\n<meta property=\"product:condition\" content=\"new\" \/>\n<!-- \/ Yoast SEO Premium plugin. -->","yoast_head_json":{"title":"Kaardiplotter Axiom+ 12 RV ja RV-100 ahtriandur - NavSystems","description":"Avastage RAYMARINE AXIOM+ kaardiplotteri ja RV-100 ahtrianduri erakordne j\u00f5udlus. Uus HydroTough\u2122 ekraan tagab parema t\u00e4psuse, uurige l\u00e4hemalt!","robots":{"index":"index","follow":"follow","max-snippet":"max-snippet:-1","max-image-preview":"max-image-preview:large","max-video-preview":"max-video-preview:-1"},"canonical":"https:\/\/raymarine.ee\/en\/product\/axiom-12-rv-multi-function-12-display-with-integrated-realvision-3d600w-sonar-with-rv-100-transducer\/","og_locale":"en_GB","og_type":"article","og_title":"AXIOM+ 12 RV, Multi-function 12\" Display with integrated RealVision 3D,600W Sonar with RV-100 transducer","og_description":"Avastage RAYMARINE AXIOM+ kaardiplotteri ja RV-100 ahtrianduri erakordne j\u00f5udlus. Uus HydroTough\u2122 ekraan tagab parema t\u00e4psuse, uurige l\u00e4hemalt!","og_url":"https:\/\/raymarine.ee\/en\/product\/axiom-12-rv-multi-function-12-display-with-integrated-realvision-3d600w-sonar-with-rv-100-transducer\/","og_site_name":"NavSystems","article_publisher":"https:\/\/www.facebook.com\/NavSystems","article_modified_time":"2026-04-10T09:36:59+00:00","og_image":[{"width":1024,"height":1024,"url":"https:\/\/raymarine.ee\/wp-content\/uploads\/2025\/01\/b3433d29-4b02-49c3-9b7c-11b0b3c8e90e.webp","type":"image\/webp"}],"twitter_card":"summary_large_image","twitter_misc":{"Price":"2 265,00&nbsp;&euro;","Availability":"In stock"},"schema":{"@context":"https:\/\/schema.org","@graph":[{"@type":"WebPage","@id":"https:\/\/raymarine.ee\/product\/axiom-12-rv-multi-function-12-display-with-integrated-realvision-3d600w-sonar-with-rv-100-transducer\/","url":"https:\/\/raymarine.ee\/product\/axiom-12-rv-multi-function-12-display-with-integrated-realvision-3d600w-sonar-with-rv-100-transducer\/","name":"Kaardiplotter Axiom+ 12 RV ja RV-100 ahtriandur - NavSystems","isPartOf":{"@id":"https:\/\/raymarine.ee\/#website"},"primaryImageOfPage":{"@id":"https:\/\/raymarine.ee\/product\/axiom-12-rv-multi-function-12-display-with-integrated-realvision-3d600w-sonar-with-rv-100-transducer\/#primaryimage"},"image":{"@id":"https:\/\/raymarine.ee\/product\/axiom-12-rv-multi-function-12-display-with-integrated-realvision-3d600w-sonar-with-rv-100-transducer\/#primaryimage"},"thumbnailUrl":"https:\/\/raymarine.ee\/wp-content\/uploads\/2025\/01\/b3433d29-4b02-49c3-9b7c-11b0b3c8e90e.webp","datePublished":"2025-01-14T19:18:48+00:00","dateModified":"2026-04-10T09:36:59+00:00","description":"Avastage RAYMARINE AXIOM+ kaardiplotteri ja RV-100 ahtrianduri erakordne j\u00f5udlus. Uus HydroTough\u2122 ekraan tagab parema t\u00e4psuse, uurige l\u00e4hemalt!","breadcrumb":{"@id":"https:\/\/raymarine.ee\/product\/axiom-12-rv-multi-function-12-display-with-integrated-realvision-3d600w-sonar-with-rv-100-transducer\/#breadcrumb"},"inLanguage":"en-GB","potentialAction":[{"@type":"ReadAction","target":["https:\/\/raymarine.ee\/product\/axiom-12-rv-multi-function-12-display-with-integrated-realvision-3d600w-sonar-with-rv-100-transducer\/"]}]},{"@type":"ImageObject","inLanguage":"en-GB","@id":"https:\/\/raymarine.ee\/product\/axiom-12-rv-multi-function-12-display-with-integrated-realvision-3d600w-sonar-with-rv-100-transducer\/#primaryimage","url":"https:\/\/raymarine.ee\/wp-content\/uploads\/2025\/01\/b3433d29-4b02-49c3-9b7c-11b0b3c8e90e.webp","contentUrl":"https:\/\/raymarine.ee\/wp-content\/uploads\/2025\/01\/b3433d29-4b02-49c3-9b7c-11b0b3c8e90e.webp","width":1024,"height":1024},{"@type":"BreadcrumbList","@id":"https:\/\/raymarine.ee\/product\/axiom-12-rv-multi-function-12-display-with-integrated-realvision-3d600w-sonar-with-rv-100-transducer\/#breadcrumb","itemListElement":[{"@type":"ListItem","position":1,"name":"Home","item":"https:\/\/raymarine.ee\/"},{"@type":"ListItem","position":2,"name":"Tooted","item":"https:\/\/raymarine.ee\/shop\/"},{"@type":"ListItem","position":3,"name":"AXIOM+ 12 RV, Multi-function 12&#8243; Display with integrated RealVision 3D,600W Sonar with RV-100 transducer"}]},{"@type":"WebSite","@id":"https:\/\/raymarine.ee\/#website","url":"https:\/\/raymarine.ee\/","name":"www.raymarine.ee","description":"Mereelektroonika, kaardiplotter, autopiloot, pinnipiloot, roolipiloot, radar, AIS, VHF, Smart Wind","publisher":{"@id":"https:\/\/raymarine.ee\/#organization"},"alternateName":"Raymarine","potentialAction":[{"@type":"SearchAction","target":{"@type":"EntryPoint","urlTemplate":"https:\/\/raymarine.ee\/?s={search_term_string}"},"query-input":{"@type":"PropertyValueSpecification","valueRequired":true,"valueName":"search_term_string"}}],"inLanguage":"en-GB"},{"@type":"Organization","@id":"https:\/\/raymarine.ee\/#organization","name":"NavSystems O\u00dc","url":"https:\/\/raymarine.ee\/","logo":{"@type":"ImageObject","inLanguage":"en-GB","@id":"https:\/\/raymarine.ee\/#\/schema\/logo\/image\/","url":"https:\/\/raymarine.ee\/wp-content\/uploads\/2024\/10\/Screenshot-2024-10-15-151324_bg_removed.webp","contentUrl":"https:\/\/raymarine.ee\/wp-content\/uploads\/2024\/10\/Screenshot-2024-10-15-151324_bg_removed.webp","width":420,"height":276,"caption":"NavSystems O\u00dc"},"image":{"@id":"https:\/\/raymarine.ee\/#\/schema\/logo\/image\/"},"sameAs":["https:\/\/www.facebook.com\/NavSystems"],"legalName":"NavSystems O\u00dc","foundingDate":"2011-05-03","numberOfEmployees":{"@type":"QuantitativeValue","minValue":"1","maxValue":"10"}}]},"product_price_amount":"2265.00","product_price_currency":"EUR","og_availability":"instock","product_availability":"instock","product_retailer_item_id":"E70639-03","product_condition":"new"},"jetpack_sharing_enabled":true,"_links":{"self":[{"href":"https:\/\/raymarine.ee\/en\/wp-json\/wp\/v2\/product\/6350","targetHints":{"allow":["GET"]}}],"collection":[{"href":"https:\/\/raymarine.ee\/en\/wp-json\/wp\/v2\/product"}],"about":[{"href":"https:\/\/raymarine.ee\/en\/wp-json\/wp\/v2\/types\/product"}],"wp:featuredmedia":[{"embeddable":true,"href":"https:\/\/raymarine.ee\/en\/wp-json\/wp\/v2\/media\/7622"}],"wp:attachment":[{"href":"https:\/\/raymarine.ee\/en\/wp-json\/wp\/v2\/media?parent=6350"}],"wp:term":[{"taxonomy":"product_brand","embeddable":true,"href":"https:\/\/raymarine.ee\/en\/wp-json\/wp\/v2\/product_brand?post=6350"},{"taxonomy":"product_cat","embeddable":true,"href":"https:\/\/raymarine.ee\/en\/wp-json\/wp\/v2\/product_cat?post=6350"},{"taxonomy":"product_tag","embeddable":true,"href":"https:\/\/raymarine.ee\/en\/wp-json\/wp\/v2\/product_tag?post=6350"}],"curies":[{"name":"wp","href":"https:\/\/api.w.org\/{rel}","templated":true}]}}