{"id":6351,"date":"2025-01-14T19:17:47","date_gmt":"2025-01-14T19:17:47","guid":{"rendered":"https:\/\/raymarine.ee\/?post_type=product&#038;p=6351"},"modified":"2026-04-11T14:40:54","modified_gmt":"2026-04-11T11:40:54","slug":"raystar-150-gps","status":"publish","type":"product","link":"https:\/\/raymarine.ee\/en\/product\/raystar-150-gps\/","title":{"rendered":"RayStar 150 GPS"},"content":{"rendered":"<p>Vaata\u00a0<a href=\"https:\/\/www.raymarine.eu\/gps\/rs150\/index.html\" target=\"_blank\" rel=\"noopener\">RS150 GPS<\/a>\u00a0tutvustust<\/p>\n<p data-start=\"157\" data-end=\"246\"><strong data-start=\"157\" data-end=\"246\">Raymarine RS150 \u2013 T\u00e4ppis-GPS vastuv\u00f5tja ja antenn usaldusv\u00e4\u00e4rseks positsioneerimiseks<\/strong><\/p>\n<p data-start=\"248\" data-end=\"626\"><strong data-start=\"248\" data-end=\"278\">Raymarine RS150 GPS-antenn<\/strong> on t\u00e4pne ja kiire <strong data-start=\"297\" data-end=\"316\">GNSS vastuv\u00f5tja<\/strong>, mis toetab nii <strong data-start=\"333\" data-end=\"359\">GPS-i kui ka GLONASS-i<\/strong>. 72-kanalilise arhitektuuri ja 10Hz asukoha v\u00e4rskendusega pakub see professionaalse taseme positsioneerimist ka keerulistes oludes. See on ideaalne lahendus olukordades, kus integreeritud GPS-signaal on piiratud, n\u00e4iteks teraskorpusega roolikodades v\u00f5i siseruumides.<\/p>\n<h3 data-start=\"628\" data-end=\"645\">P\u00f5hiomadused:<\/h3>\n<ul data-start=\"646\" data-end=\"1061\">\n<li data-start=\"646\" data-end=\"682\">\n<p data-start=\"648\" data-end=\"682\"><strong data-start=\"648\" data-end=\"680\">72-kanaliline GPS vastuv\u00f5tja<\/strong><\/p>\n<\/li>\n<li data-start=\"683\" data-end=\"747\">\n<p data-start=\"685\" data-end=\"747\"><strong data-start=\"685\" data-end=\"714\">10Hz asukoha v\u00e4rskendused<\/strong> kiireks ja t\u00e4pseks j\u00e4lgimiseks<\/p>\n<\/li>\n<li data-start=\"748\" data-end=\"821\">\n<p data-start=\"750\" data-end=\"821\"><strong data-start=\"750\" data-end=\"790\">SBAS tugi (WASS, EGNOS, MSAS, GAGAN)<\/strong> paremaks positsioneerimiseks<\/p>\n<\/li>\n<li data-start=\"822\" data-end=\"852\">\n<p data-start=\"824\" data-end=\"852\"><strong data-start=\"824\" data-end=\"850\">GNSS ja GLONASS toetus<\/strong><\/p>\n<\/li>\n<li data-start=\"853\" data-end=\"894\">\n<p data-start=\"855\" data-end=\"894\"><strong data-start=\"855\" data-end=\"892\">Madal energiatarve \u2013 ainult 30 mA<\/strong><\/p>\n<\/li>\n<li data-start=\"895\" data-end=\"990\">\n<p data-start=\"897\" data-end=\"990\">\u00dchildub <strong data-start=\"905\" data-end=\"930\">SeaTalkng ja NMEA2000<\/strong> s\u00fcsteemidega (vajalik adapterkaabel DeviceNet \u00fchenduseks)<\/p>\n<\/li>\n<li data-start=\"991\" data-end=\"1061\">\n<p data-start=\"993\" data-end=\"1061\"><strong data-start=\"993\" data-end=\"1028\">Madala profiiliga pindpaigaldus<\/strong> v\u00f5i valikuline <strong data-start=\"1044\" data-end=\"1061\">vardakinnitus<\/strong><\/p>\n<\/li>\n<\/ul>\n<hr class=\"\" data-start=\"1063\" data-end=\"1066\" \/>\n<h3 data-start=\"1068\" data-end=\"1145\">Kas vajad RS150 GPS-antennit oma Raymarine multifunktsionaalse ekraaniga?<\/h3>\n<p data-start=\"1147\" data-end=\"1345\"><strong data-start=\"1147\" data-end=\"1213\">aSeries, cSeries, eSeries ja eS Series (sisseehitatud GPS-iga)<\/strong><br data-start=\"1213\" data-end=\"1216\" \/>Tavaliselt ei ole v\u00e4lise GPS-anduri vajadust, kuna seadmel on sisseehitatud GPS. Kuid RS150 on soovitatav j\u00e4rgmistes olukordades:<\/p>\n<ul data-start=\"1346\" data-end=\"1516\">\n<li data-start=\"1346\" data-end=\"1446\">\n<p data-start=\"1348\" data-end=\"1446\">Kui plotter on paigaldatud <strong data-start=\"1375\" data-end=\"1394\">teraskorpusesse<\/strong> v\u00f5i kohta, kus <strong data-start=\"1410\" data-end=\"1433\">GPS signaal on n\u00f5rk<\/strong> v\u00f5i puudub<\/p>\n<\/li>\n<li data-start=\"1447\" data-end=\"1516\">\n<p data-start=\"1449\" data-end=\"1516\"><strong data-start=\"1449\" data-end=\"1480\">RS150 v\u00f5i GA150 kaugantenni<\/strong> saab kasutada j\u00e4rgmiste mudelitega:<\/p>\n<\/li>\n<\/ul>\n<p data-start=\"1518\" data-end=\"1587\"><strong data-start=\"1518\" data-end=\"1585\">Toetatud aSeries ja eS Series seadmed v\u00e4lise GPSi kasutamiseks:<\/strong><\/p>\n<ul data-start=\"1588\" data-end=\"1706\">\n<li data-start=\"1588\" data-end=\"1628\">\n<p data-start=\"1590\" data-end=\"1628\">a95 \/ a97 \/ a98 \/ a125 \/ a127 \/ a128<\/p>\n<\/li>\n<li data-start=\"1629\" data-end=\"1660\">\n<p data-start=\"1631\" data-end=\"1660\">eS97 \/ eS98 \/ eS127 \/ eS128<\/p>\n<\/li>\n<li data-start=\"1661\" data-end=\"1692\">\n<p data-start=\"1663\" data-end=\"1692\">a65 \/ a67 \/ a75 \/ a77 \/ a78<\/p>\n<\/li>\n<li data-start=\"1693\" data-end=\"1706\">\n<p data-start=\"1695\" data-end=\"1706\">eS75 \/ eS78<\/p>\n<\/li>\n<\/ul>\n<p data-start=\"1708\" data-end=\"1819\"><strong data-start=\"1708\" data-end=\"1745\">cSeries ja eSeries (p\u00e4randseeria)<\/strong><br data-start=\"1745\" data-end=\"1748\" \/>K\u00f5ikide nende puhul v\u00f5ib kasutada RS150 antenni v\u00e4lise GPS lahendusena.<\/p>\n<p data-start=\"1821\" data-end=\"1908\"><strong data-start=\"1821\" data-end=\"1838\">gS Series MFD<\/strong><br data-start=\"1838\" data-end=\"1841\" \/><strong data-start=\"1841\" data-end=\"1868\">N\u00f5uab RS150 GPS-andurit<\/strong> v\u00f5rgu osana \u2013 sisseehitatud GPS puudub.<\/p>\n<p data-start=\"1910\" data-end=\"2042\"><strong data-start=\"1910\" data-end=\"1961\">Legacy E Series Widescreen (E90W, E120W, E140W)<\/strong><br data-start=\"1961\" data-end=\"1964\" \/>Ei oma sisseehitatud GPSi. Vajab RS150 antenni \u00fchendamist <strong data-start=\"2022\" data-end=\"2041\">SeaTalkng v\u00f5rku<\/strong>.<\/p>\n<p data-start=\"2044\" data-end=\"2164\"><strong data-start=\"2044\" data-end=\"2092\">Classic C ja E Series (C80, C120, E80, E120)<\/strong><br data-start=\"2092\" data-end=\"2095\" \/>Vajavad <strong data-start=\"2103\" data-end=\"2138\">SeaTalk1 to SeaTalkng muundurit<\/strong>, et \u00fchendada RS150 andur.<\/p>\n<hr class=\"\" data-start=\"2166\" data-end=\"2169\" \/>\n<p data-start=\"2171\" data-end=\"2422\"><strong data-start=\"2171\" data-end=\"2194\">Raymarine RS150 GPS<\/strong> on usaldusv\u00e4\u00e4rne, tulevikukindel ja k\u00f5rge t\u00e4psusega antenn, mis tagab stabiilse positsioneerimise ka k\u00f5ige keerulisemates tingimustes. Ideaalne valik k\u00f5ikidele <strong data-start=\"2355\" data-end=\"2387\">Raymarine kaardiplotteritele<\/strong>, mis vajavad v\u00e4list GPS lahendust.<\/p>\n<div class=\"row margin-bottom-30\">\n<div class=\"col-sm-12\"><\/div>\n<\/div>","protected":false},"excerpt":{"rendered":"<p>RayStar150 komplekti kuulub RS150 GPS antenn ja 6m Seatalk NG harukaabel. Antenni on v\u00f5imalik paigaldada siledale pinnale v\u00f5i spetsiaalsele jalale mis tuleb osta lisavarustusena. RS150 GPS antenn on m\u00f5eldud otse STNG (nmea2000) v\u00f5rku \u00fchendamiseks, puuduvad Seatalk 1 ja nmea 0183 liidesed. Seatalk NG to Seatalk 1 konverteriga on v\u00f5imalik antenni kasutada ka ainult Seatalk 1 liidest omavate seadmetega. Paigalda GPS antenn alati nii, et tema vaatev\u00e4lja ei takistaks teised seadmed ega laeva konstruktsioon. \u00c4ra paigalda GPS antenni radari aktiivsesse tsooni.<\/p>","protected":false},"featured_media":7619,"template":"","meta":{"_acf_changed":false},"product_brand":[134],"product_cat":[32,18,103,57,83],"product_tag":[],"class_list":{"0":"post-6351","1":"product","2":"type-product","3":"status-publish","4":"has-post-thumbnail","6":"product_brand-raymarine","7":"product_cat-instruments","8":"product_cat-axiom-axiom2-kaardiplotter-axiom2-pro","9":"product_cat-raymarine","10":"product_cat-axiomaxiom","11":"product_cat-stng_tarvikud","13":"first","14":"instock","15":"sale","16":"taxable","17":"shipping-taxable","18":"purchasable","19":"product-type-simple"},"acf":[],"yoast_head":"<!-- This site is optimized with the Yoast SEO Premium plugin v27.5 (Yoast SEO v27.5) - https:\/\/yoast.com\/product\/yoast-seo-premium-wordpress\/ -->\n<title>RayStar 150 GPS - NavSystems Mereelektroonika<\/title>\n<meta name=\"description\" content=\"T\u00e4pne ja t\u00f6\u00f6kindel Raymarine RS150 GPS-antenn. 72-kanaliline GNSS, 10Hz uuendused, SBAS tugi ja SeaTalkng\/NMEA2000 \u00fchilduvus. Ideaalne v\u00e4line GPS lahendus.\" \/>\n<meta name=\"robots\" content=\"index, follow, max-snippet:-1, max-image-preview:large, max-video-preview:-1\" \/>\n<link rel=\"canonical\" href=\"https:\/\/raymarine.ee\/en\/product\/raystar-150-gps\/\" \/>\n<meta property=\"og:locale\" content=\"en_GB\" \/>\n<meta property=\"og:type\" content=\"article\" \/>\n<meta property=\"og:title\" content=\"RayStar 150 GPS\" \/>\n<meta property=\"og:description\" content=\"T\u00e4pne ja t\u00f6\u00f6kindel Raymarine RS150 GPS-antenn. 72-kanaliline GNSS, 10Hz uuendused, SBAS tugi ja SeaTalkng\/NMEA2000 \u00fchilduvus. Ideaalne v\u00e4line GPS lahendus.\" \/>\n<meta property=\"og:url\" content=\"https:\/\/raymarine.ee\/en\/product\/raystar-150-gps\/\" \/>\n<meta property=\"og:site_name\" content=\"NavSystems\" \/>\n<meta property=\"article:publisher\" content=\"https:\/\/www.facebook.com\/NavSystems\" \/>\n<meta property=\"article:modified_time\" content=\"2026-04-11T11:40:54+00:00\" \/>\n<meta property=\"og:image\" content=\"https:\/\/raymarine.ee\/wp-content\/uploads\/2025\/01\/8d4a13ab-2c2c-408b-b299-706f101bb20c.webp\" \/>\n\t<meta property=\"og:image:width\" content=\"1024\" \/>\n\t<meta property=\"og:image:height\" content=\"1024\" \/>\n\t<meta property=\"og:image:type\" content=\"image\/webp\" \/>\n<meta name=\"twitter:card\" content=\"summary_large_image\" \/>\n<meta name=\"twitter:label1\" content=\"Price\" \/>\n\t<meta name=\"twitter:data1\" content=\"337,00&nbsp;&euro;\" \/>\n\t<meta name=\"twitter:label2\" content=\"Availability\" \/>\n\t<meta name=\"twitter:data2\" content=\"In stock\" \/>\n<script type=\"application\/ld+json\" class=\"yoast-schema-graph\">{\"@context\":\"https:\\\/\\\/schema.org\",\"@graph\":[{\"@type\":\"WebPage\",\"@id\":\"https:\\\/\\\/raymarine.ee\\\/product\\\/raystar-150-gps\\\/\",\"url\":\"https:\\\/\\\/raymarine.ee\\\/product\\\/raystar-150-gps\\\/\",\"name\":\"RayStar 150 GPS - NavSystems Mereelektroonika\",\"isPartOf\":{\"@id\":\"https:\\\/\\\/raymarine.ee\\\/#website\"},\"primaryImageOfPage\":{\"@id\":\"https:\\\/\\\/raymarine.ee\\\/product\\\/raystar-150-gps\\\/#primaryimage\"},\"image\":{\"@id\":\"https:\\\/\\\/raymarine.ee\\\/product\\\/raystar-150-gps\\\/#primaryimage\"},\"thumbnailUrl\":\"https:\\\/\\\/raymarine.ee\\\/wp-content\\\/uploads\\\/2025\\\/01\\\/8d4a13ab-2c2c-408b-b299-706f101bb20c.webp\",\"datePublished\":\"2025-01-14T19:17:47+00:00\",\"dateModified\":\"2026-04-11T11:40:54+00:00\",\"description\":\"T\u00e4pne ja t\u00f6\u00f6kindel Raymarine RS150 GPS-antenn. 72-kanaliline GNSS, 10Hz uuendused, SBAS tugi ja SeaTalkng\\\/NMEA2000 \u00fchilduvus. Ideaalne v\u00e4line GPS lahendus.\",\"breadcrumb\":{\"@id\":\"https:\\\/\\\/raymarine.ee\\\/product\\\/raystar-150-gps\\\/#breadcrumb\"},\"inLanguage\":\"en-GB\",\"potentialAction\":[{\"@type\":\"ReadAction\",\"target\":[\"https:\\\/\\\/raymarine.ee\\\/product\\\/raystar-150-gps\\\/\"]}]},{\"@type\":\"ImageObject\",\"inLanguage\":\"en-GB\",\"@id\":\"https:\\\/\\\/raymarine.ee\\\/product\\\/raystar-150-gps\\\/#primaryimage\",\"url\":\"https:\\\/\\\/raymarine.ee\\\/wp-content\\\/uploads\\\/2025\\\/01\\\/8d4a13ab-2c2c-408b-b299-706f101bb20c.webp\",\"contentUrl\":\"https:\\\/\\\/raymarine.ee\\\/wp-content\\\/uploads\\\/2025\\\/01\\\/8d4a13ab-2c2c-408b-b299-706f101bb20c.webp\",\"width\":1024,\"height\":1024},{\"@type\":\"BreadcrumbList\",\"@id\":\"https:\\\/\\\/raymarine.ee\\\/product\\\/raystar-150-gps\\\/#breadcrumb\",\"itemListElement\":[{\"@type\":\"ListItem\",\"position\":1,\"name\":\"Home\",\"item\":\"https:\\\/\\\/raymarine.ee\\\/\"},{\"@type\":\"ListItem\",\"position\":2,\"name\":\"Tooted\",\"item\":\"https:\\\/\\\/raymarine.ee\\\/shop\\\/\"},{\"@type\":\"ListItem\",\"position\":3,\"name\":\"RayStar 150 GPS\"}]},{\"@type\":\"WebSite\",\"@id\":\"https:\\\/\\\/raymarine.ee\\\/#website\",\"url\":\"https:\\\/\\\/raymarine.ee\\\/\",\"name\":\"www.raymarine.ee\",\"description\":\"Mereelektroonika, kaardiplotter, autopiloot, pinnipiloot, roolipiloot, radar, AIS, VHF, Smart Wind\",\"publisher\":{\"@id\":\"https:\\\/\\\/raymarine.ee\\\/#organization\"},\"alternateName\":\"Raymarine\",\"potentialAction\":[{\"@type\":\"SearchAction\",\"target\":{\"@type\":\"EntryPoint\",\"urlTemplate\":\"https:\\\/\\\/raymarine.ee\\\/?s={search_term_string}\"},\"query-input\":{\"@type\":\"PropertyValueSpecification\",\"valueRequired\":true,\"valueName\":\"search_term_string\"}}],\"inLanguage\":\"en-GB\"},{\"@type\":\"Organization\",\"@id\":\"https:\\\/\\\/raymarine.ee\\\/#organization\",\"name\":\"NavSystems O\u00dc\",\"url\":\"https:\\\/\\\/raymarine.ee\\\/\",\"logo\":{\"@type\":\"ImageObject\",\"inLanguage\":\"en-GB\",\"@id\":\"https:\\\/\\\/raymarine.ee\\\/#\\\/schema\\\/logo\\\/image\\\/\",\"url\":\"https:\\\/\\\/raymarine.ee\\\/wp-content\\\/uploads\\\/2024\\\/10\\\/Screenshot-2024-10-15-151324_bg_removed.webp\",\"contentUrl\":\"https:\\\/\\\/raymarine.ee\\\/wp-content\\\/uploads\\\/2024\\\/10\\\/Screenshot-2024-10-15-151324_bg_removed.webp\",\"width\":420,\"height\":276,\"caption\":\"NavSystems O\u00dc\"},\"image\":{\"@id\":\"https:\\\/\\\/raymarine.ee\\\/#\\\/schema\\\/logo\\\/image\\\/\"},\"sameAs\":[\"https:\\\/\\\/www.facebook.com\\\/NavSystems\"],\"legalName\":\"NavSystems O\u00dc\",\"foundingDate\":\"2011-05-03\",\"numberOfEmployees\":{\"@type\":\"QuantitativeValue\",\"minValue\":\"1\",\"maxValue\":\"10\"}}]}<\/script>\n<meta property=\"product:price:amount\" content=\"337.00\" \/>\n<meta property=\"product:price:currency\" content=\"EUR\" \/>\n<meta property=\"og:availability\" content=\"instock\" \/>\n<meta property=\"product:availability\" content=\"instock\" \/>\n<meta property=\"product:retailer_item_id\" content=\"E70310\" \/>\n<meta property=\"product:condition\" content=\"new\" \/>\n<!-- \/ Yoast SEO Premium plugin. -->","yoast_head_json":{"title":"RayStar 150 GPS - NavSystems Mereelektroonika","description":"T\u00e4pne ja t\u00f6\u00f6kindel Raymarine RS150 GPS-antenn. 72-kanaliline GNSS, 10Hz uuendused, SBAS tugi ja SeaTalkng\/NMEA2000 \u00fchilduvus. Ideaalne v\u00e4line GPS lahendus.","robots":{"index":"index","follow":"follow","max-snippet":"max-snippet:-1","max-image-preview":"max-image-preview:large","max-video-preview":"max-video-preview:-1"},"canonical":"https:\/\/raymarine.ee\/en\/product\/raystar-150-gps\/","og_locale":"en_GB","og_type":"article","og_title":"RayStar 150 GPS","og_description":"T\u00e4pne ja t\u00f6\u00f6kindel Raymarine RS150 GPS-antenn. 72-kanaliline GNSS, 10Hz uuendused, SBAS tugi ja SeaTalkng\/NMEA2000 \u00fchilduvus. Ideaalne v\u00e4line GPS lahendus.","og_url":"https:\/\/raymarine.ee\/en\/product\/raystar-150-gps\/","og_site_name":"NavSystems","article_publisher":"https:\/\/www.facebook.com\/NavSystems","article_modified_time":"2026-04-11T11:40:54+00:00","og_image":[{"width":1024,"height":1024,"url":"https:\/\/raymarine.ee\/wp-content\/uploads\/2025\/01\/8d4a13ab-2c2c-408b-b299-706f101bb20c.webp","type":"image\/webp"}],"twitter_card":"summary_large_image","twitter_misc":{"Price":"337,00&nbsp;&euro;","Availability":"In stock"},"schema":{"@context":"https:\/\/schema.org","@graph":[{"@type":"WebPage","@id":"https:\/\/raymarine.ee\/product\/raystar-150-gps\/","url":"https:\/\/raymarine.ee\/product\/raystar-150-gps\/","name":"RayStar 150 GPS - NavSystems Mereelektroonika","isPartOf":{"@id":"https:\/\/raymarine.ee\/#website"},"primaryImageOfPage":{"@id":"https:\/\/raymarine.ee\/product\/raystar-150-gps\/#primaryimage"},"image":{"@id":"https:\/\/raymarine.ee\/product\/raystar-150-gps\/#primaryimage"},"thumbnailUrl":"https:\/\/raymarine.ee\/wp-content\/uploads\/2025\/01\/8d4a13ab-2c2c-408b-b299-706f101bb20c.webp","datePublished":"2025-01-14T19:17:47+00:00","dateModified":"2026-04-11T11:40:54+00:00","description":"T\u00e4pne ja t\u00f6\u00f6kindel Raymarine RS150 GPS-antenn. 72-kanaliline GNSS, 10Hz uuendused, SBAS tugi ja SeaTalkng\/NMEA2000 \u00fchilduvus. Ideaalne v\u00e4line GPS lahendus.","breadcrumb":{"@id":"https:\/\/raymarine.ee\/product\/raystar-150-gps\/#breadcrumb"},"inLanguage":"en-GB","potentialAction":[{"@type":"ReadAction","target":["https:\/\/raymarine.ee\/product\/raystar-150-gps\/"]}]},{"@type":"ImageObject","inLanguage":"en-GB","@id":"https:\/\/raymarine.ee\/product\/raystar-150-gps\/#primaryimage","url":"https:\/\/raymarine.ee\/wp-content\/uploads\/2025\/01\/8d4a13ab-2c2c-408b-b299-706f101bb20c.webp","contentUrl":"https:\/\/raymarine.ee\/wp-content\/uploads\/2025\/01\/8d4a13ab-2c2c-408b-b299-706f101bb20c.webp","width":1024,"height":1024},{"@type":"BreadcrumbList","@id":"https:\/\/raymarine.ee\/product\/raystar-150-gps\/#breadcrumb","itemListElement":[{"@type":"ListItem","position":1,"name":"Home","item":"https:\/\/raymarine.ee\/"},{"@type":"ListItem","position":2,"name":"Tooted","item":"https:\/\/raymarine.ee\/shop\/"},{"@type":"ListItem","position":3,"name":"RayStar 150 GPS"}]},{"@type":"WebSite","@id":"https:\/\/raymarine.ee\/#website","url":"https:\/\/raymarine.ee\/","name":"www.raymarine.ee","description":"Mereelektroonika, kaardiplotter, autopiloot, pinnipiloot, roolipiloot, radar, AIS, VHF, Smart Wind","publisher":{"@id":"https:\/\/raymarine.ee\/#organization"},"alternateName":"Raymarine","potentialAction":[{"@type":"SearchAction","target":{"@type":"EntryPoint","urlTemplate":"https:\/\/raymarine.ee\/?s={search_term_string}"},"query-input":{"@type":"PropertyValueSpecification","valueRequired":true,"valueName":"search_term_string"}}],"inLanguage":"en-GB"},{"@type":"Organization","@id":"https:\/\/raymarine.ee\/#organization","name":"NavSystems O\u00dc","url":"https:\/\/raymarine.ee\/","logo":{"@type":"ImageObject","inLanguage":"en-GB","@id":"https:\/\/raymarine.ee\/#\/schema\/logo\/image\/","url":"https:\/\/raymarine.ee\/wp-content\/uploads\/2024\/10\/Screenshot-2024-10-15-151324_bg_removed.webp","contentUrl":"https:\/\/raymarine.ee\/wp-content\/uploads\/2024\/10\/Screenshot-2024-10-15-151324_bg_removed.webp","width":420,"height":276,"caption":"NavSystems O\u00dc"},"image":{"@id":"https:\/\/raymarine.ee\/#\/schema\/logo\/image\/"},"sameAs":["https:\/\/www.facebook.com\/NavSystems"],"legalName":"NavSystems O\u00dc","foundingDate":"2011-05-03","numberOfEmployees":{"@type":"QuantitativeValue","minValue":"1","maxValue":"10"}}]},"product_price_amount":"337.00","product_price_currency":"EUR","og_availability":"instock","product_availability":"instock","product_retailer_item_id":"E70310","product_condition":"new"},"jetpack_sharing_enabled":true,"_links":{"self":[{"href":"https:\/\/raymarine.ee\/en\/wp-json\/wp\/v2\/product\/6351","targetHints":{"allow":["GET"]}}],"collection":[{"href":"https:\/\/raymarine.ee\/en\/wp-json\/wp\/v2\/product"}],"about":[{"href":"https:\/\/raymarine.ee\/en\/wp-json\/wp\/v2\/types\/product"}],"wp:featuredmedia":[{"embeddable":true,"href":"https:\/\/raymarine.ee\/en\/wp-json\/wp\/v2\/media\/7619"}],"wp:attachment":[{"href":"https:\/\/raymarine.ee\/en\/wp-json\/wp\/v2\/media?parent=6351"}],"wp:term":[{"taxonomy":"product_brand","embeddable":true,"href":"https:\/\/raymarine.ee\/en\/wp-json\/wp\/v2\/product_brand?post=6351"},{"taxonomy":"product_cat","embeddable":true,"href":"https:\/\/raymarine.ee\/en\/wp-json\/wp\/v2\/product_cat?post=6351"},{"taxonomy":"product_tag","embeddable":true,"href":"https:\/\/raymarine.ee\/en\/wp-json\/wp\/v2\/product_tag?post=6351"}],"curies":[{"name":"wp","href":"https:\/\/api.w.org\/{rel}","templated":true}]}}