{"id":6352,"date":"2025-01-14T19:12:39","date_gmt":"2025-01-14T19:12:39","guid":{"rendered":"https:\/\/raymarine.ee\/?post_type=product&#038;p=6352"},"modified":"2025-04-18T17:33:45","modified_gmt":"2025-04-18T15:33:45","slug":"raymarine-rmk-10-remote","status":"publish","type":"product","link":"https:\/\/raymarine.ee\/en\/product\/raymarine-rmk-10-remote\/","title":{"rendered":"Raymarine RMK-10 Remote"},"content":{"rendered":"<p class=\"\" data-start=\"108\" data-end=\"189\"><strong data-start=\"108\" data-end=\"189\">Raymarine RMK-10 juhtpaneel \u2013 kaugjuhtimine Axiom ja muude MFD-seadmete jaoks<\/strong><\/p>\n<p class=\"\" data-start=\"191\" data-end=\"476\"><strong data-start=\"191\" data-end=\"211\">Raymarine RMK-10<\/strong> on <strong data-start=\"215\" data-end=\"254\">kompaktne juhtmega kaugjuhtimispult<\/strong>, mis v\u00f5imaldab <strong data-start=\"270\" data-end=\"293\">t\u00e4ielikku juhtimist<\/strong> k\u00f5ikide Raymarine <strong data-start=\"312\" data-end=\"386\">aSeries, cSeries, eSeries, eS Series, gS Series ning Axiom ja Axiom XL<\/strong> multifunktsionaalsete ekraanide (MFD) \u00fcle \u2013 s\u00f5ltumata sellest, kuhu seade on paigaldatud.<\/p>\n<h3 class=\"\" data-start=\"478\" data-end=\"495\">P\u00f5hiomadused:<\/h3>\n<ul data-start=\"496\" data-end=\"1187\">\n<li class=\"\" data-start=\"496\" data-end=\"580\">\n<p class=\"\" data-start=\"498\" data-end=\"580\"><strong data-start=\"498\" data-end=\"532\">T\u00e4ielik HybridTouch\u2122 juhtimine<\/strong> \u2013 navigeeri puuteekraani v\u00f5i klahvistiku abil<\/p>\n<\/li>\n<li class=\"\" data-start=\"581\" data-end=\"683\">\n<p class=\"\" data-start=\"583\" data-end=\"683\"><strong data-start=\"583\" data-end=\"622\">T\u00f6\u00f6tab \u00fche v\u00f5i mitme MFD-ga korraga<\/strong> \u2013 ideaalne paigaldus roolikonsooli v\u00f5i kaugemasse asukohta<\/p>\n<\/li>\n<li class=\"\" data-start=\"684\" data-end=\"766\">\n<p class=\"\" data-start=\"686\" data-end=\"766\"><strong data-start=\"686\" data-end=\"717\">Tugineb RayNet kiirev\u00f5rgule<\/strong> \u2013 tagab sujuva juhtimise ja kiire reageerimise<\/p>\n<\/li>\n<li class=\"\" data-start=\"767\" data-end=\"830\">\n<p class=\"\" data-start=\"769\" data-end=\"830\"><strong data-start=\"769\" data-end=\"828\">Sobib nii portree- kui maastikupaigutusega paigalduseks<\/strong><\/p>\n<\/li>\n<li class=\"\" data-start=\"831\" data-end=\"953\">\n<p class=\"\" data-start=\"833\" data-end=\"953\"><strong data-start=\"833\" data-end=\"862\">Tagantvalgustatud klahvid<\/strong>: HOME, MENU, suum, aknakontroll, waypoint, autopiloodi juhtimine, heleduse reguleerimine<\/p>\n<\/li>\n<li class=\"\" data-start=\"954\" data-end=\"1042\">\n<p class=\"\" data-start=\"956\" data-end=\"1042\"><strong data-start=\"956\" data-end=\"1015\">Sama multifunktsionaalne p\u00f6\u00f6rdkontroller ja kursorinupp<\/strong> nagu eS Series seadmetel<\/p>\n<\/li>\n<li class=\"\" data-start=\"1043\" data-end=\"1090\">\n<p class=\"\" data-start=\"1045\" data-end=\"1090\"><strong data-start=\"1045\" data-end=\"1088\">Paigaldatav pinnale v\u00f5i tasapinnaliselt<\/strong><\/p>\n<\/li>\n<li class=\"\" data-start=\"1091\" data-end=\"1187\">\n<p class=\"\" data-start=\"1093\" data-end=\"1187\"><strong data-start=\"1093\" data-end=\"1187\">Ideaalne paigaldamiseks juhtimistooli k\u00e4etoele, \u00fclemisse elektroonikakasti v\u00f5i alla tekile<\/strong><\/p>\n<\/li>\n<\/ul>\n<h3 class=\"\" data-start=\"1189\" data-end=\"1204\">Komplektis:<\/h3>\n<ul data-start=\"1205\" data-end=\"1387\">\n<li class=\"\" data-start=\"1205\" data-end=\"1226\">\n<p class=\"\" data-start=\"1207\" data-end=\"1226\">RMK-10 juhtpaneel<\/p>\n<\/li>\n<li class=\"\" data-start=\"1227\" data-end=\"1270\">\n<p class=\"\" data-start=\"1229\" data-end=\"1270\">Horisontaalne ja vertikaalne klahvimatt<\/p>\n<\/li>\n<li class=\"\" data-start=\"1271\" data-end=\"1310\">\n<p class=\"\" data-start=\"1273\" data-end=\"1310\">Paigaldustihend ja kinnitusdetailid<\/p>\n<\/li>\n<li class=\"\" data-start=\"1311\" data-end=\"1337\">\n<p class=\"\" data-start=\"1313\" data-end=\"1337\">2 m RayNet v\u00f5rgukaabel<\/p>\n<\/li>\n<li class=\"\" data-start=\"1338\" data-end=\"1369\">\n<p class=\"\" data-start=\"1340\" data-end=\"1369\">2 m parempoolne toitekaabel<\/p>\n<\/li>\n<li class=\"\" data-start=\"1370\" data-end=\"1387\">\n<p class=\"\" data-start=\"1372\" data-end=\"1387\">Dokumentatsioon<\/p>\n<\/li>\n<\/ul>\n<hr class=\"\" data-start=\"1389\" data-end=\"1392\" \/>\n<h3 class=\"\" data-start=\"1394\" data-end=\"1416\">Tehnilised andmed:<\/h3>\n<ul data-start=\"1417\" data-end=\"1697\">\n<li class=\"\" data-start=\"1417\" data-end=\"1474\">\n<p class=\"\" data-start=\"1419\" data-end=\"1474\"><strong data-start=\"1419\" data-end=\"1429\">Toide:<\/strong> PoE Class 1 v\u00f5i 12\/24 V DC (10.8V \u2013 31.2V)<\/p>\n<\/li>\n<li class=\"\" data-start=\"1475\" data-end=\"1503\">\n<p class=\"\" data-start=\"1477\" data-end=\"1503\"><strong data-start=\"1477\" data-end=\"1494\">Energiatarve:<\/strong> 3.84 W<\/p>\n<\/li>\n<li class=\"\" data-start=\"1504\" data-end=\"1576\">\n<p class=\"\" data-start=\"1506\" data-end=\"1576\"><strong data-start=\"1506\" data-end=\"1523\">V\u00f5rgu\u00fchendus:<\/strong> RayNet (100 Mb\/s v\u00f5i 1000 Mb\/s s\u00f5ltuvalt seadmest)<\/p>\n<\/li>\n<li class=\"\" data-start=\"1577\" data-end=\"1617\">\n<p class=\"\" data-start=\"1579\" data-end=\"1617\"><strong data-start=\"1579\" data-end=\"1598\">T\u00f6\u00f6temperatuur:<\/strong> \u201325\u00b0C kuni +55\u00b0C<\/p>\n<\/li>\n<li class=\"\" data-start=\"1618\" data-end=\"1642\">\n<p class=\"\" data-start=\"1620\" data-end=\"1642\"><strong data-start=\"1620\" data-end=\"1635\">Veekindlus:<\/strong> IPX6<\/p>\n<\/li>\n<li class=\"\" data-start=\"1643\" data-end=\"1697\">\n<p class=\"\" data-start=\"1645\" data-end=\"1697\"><strong data-start=\"1645\" data-end=\"1664\">Niiskuskindlus:<\/strong> kuni 75% suhtelist \u00f5huniiskust<\/p>\n<\/li>\n<\/ul>\n<hr class=\"\" data-start=\"1699\" data-end=\"1702\" \/>\n<p class=\"\" data-start=\"1704\" data-end=\"1993\"><strong data-start=\"1704\" data-end=\"1724\">Raymarine RMK-10<\/strong> on ideaalne lahendus, kui vajad <strong data-start=\"1757\" data-end=\"1774\">kaugjuhtimist<\/strong> multifunktsionaalsete ekraanide \u00fcle \u2013 olgu selleks <strong data-start=\"1826\" data-end=\"1857\">\u00fcle pea paigaldatud seadmed<\/strong>, <strong data-start=\"1859\" data-end=\"1885\">sekundaarsed monitorid<\/strong> v\u00f5i <strong data-start=\"1890\" data-end=\"1923\">navigatsioonit\u00f6\u00f6lauad kajutis<\/strong>. V\u00f5ta juhtimine enda k\u00e4tte \u2013 t\u00e4pselt sealt, kus sul k\u00f5ige mugavam on.<\/p>","protected":false},"excerpt":{"rendered":"<p>Raymarine RMK-10 Remote gS, Axiom+ ja Axiom XL seeriale m\u00f5eldud klaviatuur \u00fchildub ka k\u00f5ikide vanemate a, c, e ja eS seeria kaardiplotteritega. \u00dchendus plotteriga k\u00e4ib l\u00e4bi RayNet kaabli, 2m kaabel on komplektis kaasas. Paigaldada saab klaviatuuri vertikaalselt ja horisontaalselt, erineva paigutusega nupud on komplektis kaasas. \u00dche klaviatuuriga saab kontrollida mitut seadet, nii saab tekitada olukorra kus n\u00e4iteks laes on mitu kaardiplotterit ja istme k\u00e4etoe sees on \u00fcks klaviatuur. RMK-10 on eriti hea lisa uuele Axiom+ ja Axiom XL seeriale millel endal nuppe pole.<\/p>","protected":false},"featured_media":7629,"template":"","meta":{"_acf_changed":false},"product_brand":[],"product_cat":[32,18,103,344],"product_tag":[],"class_list":{"0":"post-6352","1":"product","2":"type-product","3":"status-publish","4":"has-post-thumbnail","6":"product_cat-instruments","7":"product_cat-axiom-axiom2-kaardiplotter-axiom2-pro","8":"product_cat-raymarine","9":"product_cat-raynet","11":"first","12":"instock","13":"sale","14":"taxable","15":"shipping-taxable","16":"purchasable","17":"product-type-simple"},"acf":[],"yoast_head":"<!-- This site is optimized with the Yoast SEO Premium plugin v27.5 (Yoast SEO v27.5) - https:\/\/yoast.com\/product\/yoast-seo-premium-wordpress\/ -->\n<title>Raymarine RMK-10 Remote - NavSystems Mereelektroonika<\/title>\n<meta name=\"description\" content=\"Raymarine RMK-10 juhtpaneel Axiom ja teiste MFD-de kaugjuhtimiseks. HybridTouch, IPX6, RayNet, horisontaalne ja vertikaalne paigaldus. T\u00e4ielik kontroll igast asukohast.\" \/>\n<meta name=\"robots\" content=\"index, follow, max-snippet:-1, max-image-preview:large, max-video-preview:-1\" \/>\n<link rel=\"canonical\" href=\"https:\/\/raymarine.ee\/en\/product\/raymarine-rmk-10-remote\/\" \/>\n<meta property=\"og:locale\" content=\"en_GB\" \/>\n<meta property=\"og:type\" content=\"article\" \/>\n<meta property=\"og:title\" content=\"Raymarine RMK-10 Remote\" \/>\n<meta property=\"og:description\" content=\"Raymarine RMK-10 juhtpaneel Axiom ja teiste MFD-de kaugjuhtimiseks. HybridTouch, IPX6, RayNet, horisontaalne ja vertikaalne paigaldus. T\u00e4ielik kontroll igast asukohast.\" \/>\n<meta property=\"og:url\" content=\"https:\/\/raymarine.ee\/en\/product\/raymarine-rmk-10-remote\/\" \/>\n<meta property=\"og:site_name\" content=\"NavSystems\" \/>\n<meta property=\"article:publisher\" content=\"https:\/\/www.facebook.com\/NavSystems\" \/>\n<meta property=\"article:modified_time\" content=\"2025-04-18T15:33:45+00:00\" \/>\n<meta property=\"og:image\" content=\"https:\/\/raymarine.ee\/wp-content\/uploads\/2025\/01\/d95bc941-bfdd-4e21-a44a-f8b812238a11.webp\" \/>\n\t<meta property=\"og:image:width\" content=\"1024\" \/>\n\t<meta property=\"og:image:height\" content=\"1024\" \/>\n\t<meta property=\"og:image:type\" content=\"image\/webp\" \/>\n<meta name=\"twitter:card\" content=\"summary_large_image\" \/>\n<meta name=\"twitter:label1\" content=\"Price\" \/>\n\t<meta name=\"twitter:data1\" content=\"460,00&nbsp;&euro;\" \/>\n\t<meta name=\"twitter:label2\" content=\"Availability\" \/>\n\t<meta name=\"twitter:data2\" content=\"In stock\" \/>\n<script type=\"application\/ld+json\" class=\"yoast-schema-graph\">{\"@context\":\"https:\\\/\\\/schema.org\",\"@graph\":[{\"@type\":\"WebPage\",\"@id\":\"https:\\\/\\\/raymarine.ee\\\/product\\\/raymarine-rmk-10-remote\\\/\",\"url\":\"https:\\\/\\\/raymarine.ee\\\/product\\\/raymarine-rmk-10-remote\\\/\",\"name\":\"Raymarine RMK-10 Remote - NavSystems Mereelektroonika\",\"isPartOf\":{\"@id\":\"https:\\\/\\\/raymarine.ee\\\/#website\"},\"primaryImageOfPage\":{\"@id\":\"https:\\\/\\\/raymarine.ee\\\/product\\\/raymarine-rmk-10-remote\\\/#primaryimage\"},\"image\":{\"@id\":\"https:\\\/\\\/raymarine.ee\\\/product\\\/raymarine-rmk-10-remote\\\/#primaryimage\"},\"thumbnailUrl\":\"https:\\\/\\\/raymarine.ee\\\/wp-content\\\/uploads\\\/2025\\\/01\\\/d95bc941-bfdd-4e21-a44a-f8b812238a11.webp\",\"datePublished\":\"2025-01-14T19:12:39+00:00\",\"dateModified\":\"2025-04-18T15:33:45+00:00\",\"description\":\"Raymarine RMK-10 juhtpaneel Axiom ja teiste MFD-de kaugjuhtimiseks. HybridTouch, IPX6, RayNet, horisontaalne ja vertikaalne paigaldus. T\u00e4ielik kontroll igast asukohast.\",\"breadcrumb\":{\"@id\":\"https:\\\/\\\/raymarine.ee\\\/product\\\/raymarine-rmk-10-remote\\\/#breadcrumb\"},\"inLanguage\":\"en-GB\",\"potentialAction\":[{\"@type\":\"ReadAction\",\"target\":[\"https:\\\/\\\/raymarine.ee\\\/product\\\/raymarine-rmk-10-remote\\\/\"]}]},{\"@type\":\"ImageObject\",\"inLanguage\":\"en-GB\",\"@id\":\"https:\\\/\\\/raymarine.ee\\\/product\\\/raymarine-rmk-10-remote\\\/#primaryimage\",\"url\":\"https:\\\/\\\/raymarine.ee\\\/wp-content\\\/uploads\\\/2025\\\/01\\\/d95bc941-bfdd-4e21-a44a-f8b812238a11.webp\",\"contentUrl\":\"https:\\\/\\\/raymarine.ee\\\/wp-content\\\/uploads\\\/2025\\\/01\\\/d95bc941-bfdd-4e21-a44a-f8b812238a11.webp\",\"width\":1024,\"height\":1024},{\"@type\":\"BreadcrumbList\",\"@id\":\"https:\\\/\\\/raymarine.ee\\\/product\\\/raymarine-rmk-10-remote\\\/#breadcrumb\",\"itemListElement\":[{\"@type\":\"ListItem\",\"position\":1,\"name\":\"Home\",\"item\":\"https:\\\/\\\/raymarine.ee\\\/\"},{\"@type\":\"ListItem\",\"position\":2,\"name\":\"Tooted\",\"item\":\"https:\\\/\\\/raymarine.ee\\\/shop\\\/\"},{\"@type\":\"ListItem\",\"position\":3,\"name\":\"Raymarine RMK-10 Remote\"}]},{\"@type\":\"WebSite\",\"@id\":\"https:\\\/\\\/raymarine.ee\\\/#website\",\"url\":\"https:\\\/\\\/raymarine.ee\\\/\",\"name\":\"www.raymarine.ee\",\"description\":\"Mereelektroonika, kaardiplotter, autopiloot, pinnipiloot, roolipiloot, radar, AIS, VHF, Smart Wind\",\"publisher\":{\"@id\":\"https:\\\/\\\/raymarine.ee\\\/#organization\"},\"alternateName\":\"Raymarine\",\"potentialAction\":[{\"@type\":\"SearchAction\",\"target\":{\"@type\":\"EntryPoint\",\"urlTemplate\":\"https:\\\/\\\/raymarine.ee\\\/?s={search_term_string}\"},\"query-input\":{\"@type\":\"PropertyValueSpecification\",\"valueRequired\":true,\"valueName\":\"search_term_string\"}}],\"inLanguage\":\"en-GB\"},{\"@type\":\"Organization\",\"@id\":\"https:\\\/\\\/raymarine.ee\\\/#organization\",\"name\":\"NavSystems O\u00dc\",\"url\":\"https:\\\/\\\/raymarine.ee\\\/\",\"logo\":{\"@type\":\"ImageObject\",\"inLanguage\":\"en-GB\",\"@id\":\"https:\\\/\\\/raymarine.ee\\\/#\\\/schema\\\/logo\\\/image\\\/\",\"url\":\"https:\\\/\\\/raymarine.ee\\\/wp-content\\\/uploads\\\/2024\\\/10\\\/Screenshot-2024-10-15-151324_bg_removed.webp\",\"contentUrl\":\"https:\\\/\\\/raymarine.ee\\\/wp-content\\\/uploads\\\/2024\\\/10\\\/Screenshot-2024-10-15-151324_bg_removed.webp\",\"width\":420,\"height\":276,\"caption\":\"NavSystems O\u00dc\"},\"image\":{\"@id\":\"https:\\\/\\\/raymarine.ee\\\/#\\\/schema\\\/logo\\\/image\\\/\"},\"sameAs\":[\"https:\\\/\\\/www.facebook.com\\\/NavSystems\"],\"legalName\":\"NavSystems O\u00dc\",\"foundingDate\":\"2011-05-03\",\"numberOfEmployees\":{\"@type\":\"QuantitativeValue\",\"minValue\":\"1\",\"maxValue\":\"10\"}}]}<\/script>\n<meta property=\"product:price:amount\" content=\"460.00\" \/>\n<meta property=\"product:price:currency\" content=\"EUR\" \/>\n<meta property=\"og:availability\" content=\"instock\" \/>\n<meta property=\"product:availability\" content=\"instock\" \/>\n<meta property=\"product:retailer_item_id\" content=\"T70293\" \/>\n<meta property=\"product:condition\" content=\"new\" \/>\n<!-- \/ Yoast SEO Premium plugin. -->","yoast_head_json":{"title":"Raymarine RMK-10 Remote - NavSystems Mereelektroonika","description":"Raymarine RMK-10 juhtpaneel Axiom ja teiste MFD-de kaugjuhtimiseks. HybridTouch, IPX6, RayNet, horisontaalne ja vertikaalne paigaldus. T\u00e4ielik kontroll igast asukohast.","robots":{"index":"index","follow":"follow","max-snippet":"max-snippet:-1","max-image-preview":"max-image-preview:large","max-video-preview":"max-video-preview:-1"},"canonical":"https:\/\/raymarine.ee\/en\/product\/raymarine-rmk-10-remote\/","og_locale":"en_GB","og_type":"article","og_title":"Raymarine RMK-10 Remote","og_description":"Raymarine RMK-10 juhtpaneel Axiom ja teiste MFD-de kaugjuhtimiseks. HybridTouch, IPX6, RayNet, horisontaalne ja vertikaalne paigaldus. T\u00e4ielik kontroll igast asukohast.","og_url":"https:\/\/raymarine.ee\/en\/product\/raymarine-rmk-10-remote\/","og_site_name":"NavSystems","article_publisher":"https:\/\/www.facebook.com\/NavSystems","article_modified_time":"2025-04-18T15:33:45+00:00","og_image":[{"width":1024,"height":1024,"url":"https:\/\/raymarine.ee\/wp-content\/uploads\/2025\/01\/d95bc941-bfdd-4e21-a44a-f8b812238a11.webp","type":"image\/webp"}],"twitter_card":"summary_large_image","twitter_misc":{"Price":"460,00&nbsp;&euro;","Availability":"In stock"},"schema":{"@context":"https:\/\/schema.org","@graph":[{"@type":"WebPage","@id":"https:\/\/raymarine.ee\/product\/raymarine-rmk-10-remote\/","url":"https:\/\/raymarine.ee\/product\/raymarine-rmk-10-remote\/","name":"Raymarine RMK-10 Remote - NavSystems Mereelektroonika","isPartOf":{"@id":"https:\/\/raymarine.ee\/#website"},"primaryImageOfPage":{"@id":"https:\/\/raymarine.ee\/product\/raymarine-rmk-10-remote\/#primaryimage"},"image":{"@id":"https:\/\/raymarine.ee\/product\/raymarine-rmk-10-remote\/#primaryimage"},"thumbnailUrl":"https:\/\/raymarine.ee\/wp-content\/uploads\/2025\/01\/d95bc941-bfdd-4e21-a44a-f8b812238a11.webp","datePublished":"2025-01-14T19:12:39+00:00","dateModified":"2025-04-18T15:33:45+00:00","description":"Raymarine RMK-10 juhtpaneel Axiom ja teiste MFD-de kaugjuhtimiseks. HybridTouch, IPX6, RayNet, horisontaalne ja vertikaalne paigaldus. T\u00e4ielik kontroll igast asukohast.","breadcrumb":{"@id":"https:\/\/raymarine.ee\/product\/raymarine-rmk-10-remote\/#breadcrumb"},"inLanguage":"en-GB","potentialAction":[{"@type":"ReadAction","target":["https:\/\/raymarine.ee\/product\/raymarine-rmk-10-remote\/"]}]},{"@type":"ImageObject","inLanguage":"en-GB","@id":"https:\/\/raymarine.ee\/product\/raymarine-rmk-10-remote\/#primaryimage","url":"https:\/\/raymarine.ee\/wp-content\/uploads\/2025\/01\/d95bc941-bfdd-4e21-a44a-f8b812238a11.webp","contentUrl":"https:\/\/raymarine.ee\/wp-content\/uploads\/2025\/01\/d95bc941-bfdd-4e21-a44a-f8b812238a11.webp","width":1024,"height":1024},{"@type":"BreadcrumbList","@id":"https:\/\/raymarine.ee\/product\/raymarine-rmk-10-remote\/#breadcrumb","itemListElement":[{"@type":"ListItem","position":1,"name":"Home","item":"https:\/\/raymarine.ee\/"},{"@type":"ListItem","position":2,"name":"Tooted","item":"https:\/\/raymarine.ee\/shop\/"},{"@type":"ListItem","position":3,"name":"Raymarine RMK-10 Remote"}]},{"@type":"WebSite","@id":"https:\/\/raymarine.ee\/#website","url":"https:\/\/raymarine.ee\/","name":"www.raymarine.ee","description":"Mereelektroonika, kaardiplotter, autopiloot, pinnipiloot, roolipiloot, radar, AIS, VHF, Smart Wind","publisher":{"@id":"https:\/\/raymarine.ee\/#organization"},"alternateName":"Raymarine","potentialAction":[{"@type":"SearchAction","target":{"@type":"EntryPoint","urlTemplate":"https:\/\/raymarine.ee\/?s={search_term_string}"},"query-input":{"@type":"PropertyValueSpecification","valueRequired":true,"valueName":"search_term_string"}}],"inLanguage":"en-GB"},{"@type":"Organization","@id":"https:\/\/raymarine.ee\/#organization","name":"NavSystems O\u00dc","url":"https:\/\/raymarine.ee\/","logo":{"@type":"ImageObject","inLanguage":"en-GB","@id":"https:\/\/raymarine.ee\/#\/schema\/logo\/image\/","url":"https:\/\/raymarine.ee\/wp-content\/uploads\/2024\/10\/Screenshot-2024-10-15-151324_bg_removed.webp","contentUrl":"https:\/\/raymarine.ee\/wp-content\/uploads\/2024\/10\/Screenshot-2024-10-15-151324_bg_removed.webp","width":420,"height":276,"caption":"NavSystems O\u00dc"},"image":{"@id":"https:\/\/raymarine.ee\/#\/schema\/logo\/image\/"},"sameAs":["https:\/\/www.facebook.com\/NavSystems"],"legalName":"NavSystems O\u00dc","foundingDate":"2011-05-03","numberOfEmployees":{"@type":"QuantitativeValue","minValue":"1","maxValue":"10"}}]},"product_price_amount":"460.00","product_price_currency":"EUR","og_availability":"instock","product_availability":"instock","product_retailer_item_id":"T70293","product_condition":"new"},"jetpack_sharing_enabled":true,"_links":{"self":[{"href":"https:\/\/raymarine.ee\/en\/wp-json\/wp\/v2\/product\/6352","targetHints":{"allow":["GET"]}}],"collection":[{"href":"https:\/\/raymarine.ee\/en\/wp-json\/wp\/v2\/product"}],"about":[{"href":"https:\/\/raymarine.ee\/en\/wp-json\/wp\/v2\/types\/product"}],"wp:featuredmedia":[{"embeddable":true,"href":"https:\/\/raymarine.ee\/en\/wp-json\/wp\/v2\/media\/7629"}],"wp:attachment":[{"href":"https:\/\/raymarine.ee\/en\/wp-json\/wp\/v2\/media?parent=6352"}],"wp:term":[{"taxonomy":"product_brand","embeddable":true,"href":"https:\/\/raymarine.ee\/en\/wp-json\/wp\/v2\/product_brand?post=6352"},{"taxonomy":"product_cat","embeddable":true,"href":"https:\/\/raymarine.ee\/en\/wp-json\/wp\/v2\/product_cat?post=6352"},{"taxonomy":"product_tag","embeddable":true,"href":"https:\/\/raymarine.ee\/en\/wp-json\/wp\/v2\/product_tag?post=6352"}],"curies":[{"name":"wp","href":"https:\/\/api.w.org\/{rel}","templated":true}]}}