{"id":6354,"date":"2025-01-14T19:15:11","date_gmt":"2025-01-14T19:15:11","guid":{"rendered":"https:\/\/raymarine.ee\/?post_type=product&#038;p=6354"},"modified":"2026-04-12T06:42:28","modified_gmt":"2026-04-12T03:42:28","slug":"bulkhead-mount-sd-card-reader-and-usb-socket-rcr-with-1m-cable","status":"publish","type":"product","link":"https:\/\/raymarine.ee\/en\/product\/bulkhead-mount-sd-card-reader-and-usb-socket-rcr-with-1m-cable\/","title":{"rendered":"Bulkhead Mount SD Card Reader and USB Socket (RCR) with 1m Cable"},"content":{"rendered":"<p data-start=\"114\" data-end=\"204\"><strong data-start=\"114\" data-end=\"204\">Raymarine RCR microSD kaardilugeja \u2013 veekindel ja paindlik lisamoodul Axiom seadmetele<\/strong><\/p>\n<p data-start=\"206\" data-end=\"554\"><strong data-start=\"206\" data-end=\"244\">Raymarine RCR microSD kaardilugeja<\/strong> on <strong data-start=\"248\" data-end=\"268\">v\u00e4line veekindel<\/strong> moodul, mis sobib ideaalselt paigaldamiseks k\u00f5ikjale paadil \u2013 nii sise- kui v\u00e4lisruumidesse. Seadmel on <strong data-start=\"373\" data-end=\"400\">microSD m\u00e4lukaardi pesa<\/strong> ja <strong data-start=\"404\" data-end=\"416\">USB-port<\/strong>, mida saab kasutada seadmete laadimiseks. T\u00e4nu veekindlale disainile on RCR usaldusv\u00e4\u00e4rne ja vastupidav igasugustes ilmastikutingimustes.<\/p>\n<h3 data-start=\"556\" data-end=\"573\">P\u00f5hiomadused:<\/h3>\n<ul data-start=\"574\" data-end=\"886\">\n<li data-start=\"574\" data-end=\"650\">\n<p data-start=\"576\" data-end=\"650\"><strong data-start=\"576\" data-end=\"598\">MicroSD kaardipesa<\/strong> \u2013 ideaalne kaardiuuendusteks ja andmesalvestuseks<\/p>\n<\/li>\n<li data-start=\"651\" data-end=\"686\">\n<p data-start=\"653\" data-end=\"686\"><strong data-start=\"653\" data-end=\"665\">USB-port<\/strong> ainult laadimiseks<\/p>\n<\/li>\n<li data-start=\"687\" data-end=\"750\">\n<p data-start=\"689\" data-end=\"750\"><strong data-start=\"689\" data-end=\"709\">Veekindel korpus<\/strong> \u2013 sobib paigaldamiseks igasse asukohta<\/p>\n<\/li>\n<li data-start=\"751\" data-end=\"807\">\n<p data-start=\"753\" data-end=\"807\"><strong data-start=\"753\" data-end=\"781\">1-meetrine \u00fchenduskaabel<\/strong> mugavaks paigaldamiseks<\/p>\n<\/li>\n<li data-start=\"808\" data-end=\"886\">\n<p data-start=\"810\" data-end=\"886\"><strong data-start=\"810\" data-end=\"824\">\u00dchilduvus:<\/strong> Raymarine <strong data-start=\"835\" data-end=\"875\">Axiom, Axiom+, Axiom Pro ja Axiom XL<\/strong> seeriatega<\/p>\n<\/li>\n<\/ul>","protected":false},"excerpt":{"rendered":"<p>Raymarine&#8217;s RCR SD card reader has an external microSD slot and a USB port for charging (only) and is waterproof, so can be mounted anywhere. Compatible with the Axiom, Axiom+, Axiom Pro and Axiom XL series from Raymarine. Cable length: 1 m.<\/p>","protected":false},"featured_media":7628,"template":"","meta":{"_acf_changed":false},"product_brand":[134],"product_cat":[59,32,18,103],"product_tag":[],"class_list":{"0":"post-6354","1":"product","2":"type-product","3":"status-publish","4":"has-post-thumbnail","6":"product_brand-raymarine","7":"product_cat-axiom_xl","8":"product_cat-instruments","9":"product_cat-axiom-axiom2-kaardiplotter-axiom2-pro","10":"product_cat-raymarine","12":"first","13":"instock","14":"sale","15":"taxable","16":"shipping-taxable","17":"purchasable","18":"product-type-simple"},"acf":[],"yoast_head":"<!-- This site is optimized with the Yoast SEO Premium plugin v27.5 (Yoast SEO v27.5) - https:\/\/yoast.com\/product\/yoast-seo-premium-wordpress\/ -->\n<title>Bulkhead Mount SD Card Reader and USB Socket (RCR) with 1m Cable - NavSystems Mereelektroonika<\/title>\n<meta name=\"description\" content=\"Raymarine RCR microSD kaardilugeja Axiom seadmetele. Veekindel, microSD pesa ja USB laadimisport. Sobib paigaldamiseks igale poole. Kaabel: 1 m.\" \/>\n<meta name=\"robots\" content=\"index, follow, max-snippet:-1, max-image-preview:large, max-video-preview:-1\" \/>\n<link rel=\"canonical\" href=\"https:\/\/raymarine.ee\/en\/product\/bulkhead-mount-sd-card-reader-and-usb-socket-rcr-with-1m-cable\/\" \/>\n<meta property=\"og:locale\" content=\"en_GB\" \/>\n<meta property=\"og:type\" content=\"article\" \/>\n<meta property=\"og:title\" content=\"Bulkhead Mount SD Card Reader and USB Socket (RCR) with 1m Cable\" \/>\n<meta property=\"og:description\" content=\"Raymarine RCR microSD kaardilugeja Axiom seadmetele. Veekindel, microSD pesa ja USB laadimisport. Sobib paigaldamiseks igale poole. Kaabel: 1 m.\" \/>\n<meta property=\"og:url\" content=\"https:\/\/raymarine.ee\/en\/product\/bulkhead-mount-sd-card-reader-and-usb-socket-rcr-with-1m-cable\/\" \/>\n<meta property=\"og:site_name\" content=\"NavSystems\" \/>\n<meta property=\"article:publisher\" content=\"https:\/\/www.facebook.com\/NavSystems\" \/>\n<meta property=\"article:modified_time\" content=\"2026-04-12T03:42:28+00:00\" \/>\n<meta property=\"og:image\" content=\"https:\/\/raymarine.ee\/wp-content\/uploads\/2025\/01\/5fa36f08-3d22-466b-bc60-0333f7580a88.webp\" \/>\n\t<meta property=\"og:image:width\" content=\"1024\" \/>\n\t<meta property=\"og:image:height\" content=\"1024\" \/>\n\t<meta property=\"og:image:type\" content=\"image\/webp\" \/>\n<meta name=\"twitter:card\" content=\"summary_large_image\" \/>\n<meta name=\"twitter:label1\" content=\"Price\" \/>\n\t<meta name=\"twitter:data1\" content=\"225,00&nbsp;&euro;\" \/>\n\t<meta name=\"twitter:label2\" content=\"Availability\" \/>\n\t<meta name=\"twitter:data2\" content=\"In stock\" \/>\n<script type=\"application\/ld+json\" class=\"yoast-schema-graph\">{\"@context\":\"https:\\\/\\\/schema.org\",\"@graph\":[{\"@type\":\"WebPage\",\"@id\":\"https:\\\/\\\/raymarine.ee\\\/product\\\/bulkhead-mount-sd-card-reader-and-usb-socket-rcr-with-1m-cable\\\/\",\"url\":\"https:\\\/\\\/raymarine.ee\\\/product\\\/bulkhead-mount-sd-card-reader-and-usb-socket-rcr-with-1m-cable\\\/\",\"name\":\"Bulkhead Mount SD Card Reader and USB Socket (RCR) with 1m Cable - NavSystems Mereelektroonika\",\"isPartOf\":{\"@id\":\"https:\\\/\\\/raymarine.ee\\\/#website\"},\"primaryImageOfPage\":{\"@id\":\"https:\\\/\\\/raymarine.ee\\\/product\\\/bulkhead-mount-sd-card-reader-and-usb-socket-rcr-with-1m-cable\\\/#primaryimage\"},\"image\":{\"@id\":\"https:\\\/\\\/raymarine.ee\\\/product\\\/bulkhead-mount-sd-card-reader-and-usb-socket-rcr-with-1m-cable\\\/#primaryimage\"},\"thumbnailUrl\":\"https:\\\/\\\/raymarine.ee\\\/wp-content\\\/uploads\\\/2025\\\/01\\\/5fa36f08-3d22-466b-bc60-0333f7580a88.webp\",\"datePublished\":\"2025-01-14T19:15:11+00:00\",\"dateModified\":\"2026-04-12T03:42:28+00:00\",\"description\":\"Raymarine RCR microSD kaardilugeja Axiom seadmetele. Veekindel, microSD pesa ja USB laadimisport. Sobib paigaldamiseks igale poole. Kaabel: 1 m.\",\"breadcrumb\":{\"@id\":\"https:\\\/\\\/raymarine.ee\\\/product\\\/bulkhead-mount-sd-card-reader-and-usb-socket-rcr-with-1m-cable\\\/#breadcrumb\"},\"inLanguage\":\"en-GB\",\"potentialAction\":[{\"@type\":\"ReadAction\",\"target\":[\"https:\\\/\\\/raymarine.ee\\\/product\\\/bulkhead-mount-sd-card-reader-and-usb-socket-rcr-with-1m-cable\\\/\"]}]},{\"@type\":\"ImageObject\",\"inLanguage\":\"en-GB\",\"@id\":\"https:\\\/\\\/raymarine.ee\\\/product\\\/bulkhead-mount-sd-card-reader-and-usb-socket-rcr-with-1m-cable\\\/#primaryimage\",\"url\":\"https:\\\/\\\/raymarine.ee\\\/wp-content\\\/uploads\\\/2025\\\/01\\\/5fa36f08-3d22-466b-bc60-0333f7580a88.webp\",\"contentUrl\":\"https:\\\/\\\/raymarine.ee\\\/wp-content\\\/uploads\\\/2025\\\/01\\\/5fa36f08-3d22-466b-bc60-0333f7580a88.webp\",\"width\":1024,\"height\":1024},{\"@type\":\"BreadcrumbList\",\"@id\":\"https:\\\/\\\/raymarine.ee\\\/product\\\/bulkhead-mount-sd-card-reader-and-usb-socket-rcr-with-1m-cable\\\/#breadcrumb\",\"itemListElement\":[{\"@type\":\"ListItem\",\"position\":1,\"name\":\"Home\",\"item\":\"https:\\\/\\\/raymarine.ee\\\/\"},{\"@type\":\"ListItem\",\"position\":2,\"name\":\"Tooted\",\"item\":\"https:\\\/\\\/raymarine.ee\\\/shop\\\/\"},{\"@type\":\"ListItem\",\"position\":3,\"name\":\"Bulkhead Mount SD Card Reader and USB Socket (RCR) with 1m Cable\"}]},{\"@type\":\"WebSite\",\"@id\":\"https:\\\/\\\/raymarine.ee\\\/#website\",\"url\":\"https:\\\/\\\/raymarine.ee\\\/\",\"name\":\"www.raymarine.ee\",\"description\":\"Mereelektroonika, kaardiplotter, autopiloot, pinnipiloot, roolipiloot, radar, AIS, VHF, Smart Wind\",\"publisher\":{\"@id\":\"https:\\\/\\\/raymarine.ee\\\/#organization\"},\"alternateName\":\"Raymarine\",\"potentialAction\":[{\"@type\":\"SearchAction\",\"target\":{\"@type\":\"EntryPoint\",\"urlTemplate\":\"https:\\\/\\\/raymarine.ee\\\/?s={search_term_string}\"},\"query-input\":{\"@type\":\"PropertyValueSpecification\",\"valueRequired\":true,\"valueName\":\"search_term_string\"}}],\"inLanguage\":\"en-GB\"},{\"@type\":\"Organization\",\"@id\":\"https:\\\/\\\/raymarine.ee\\\/#organization\",\"name\":\"NavSystems O\u00dc\",\"url\":\"https:\\\/\\\/raymarine.ee\\\/\",\"logo\":{\"@type\":\"ImageObject\",\"inLanguage\":\"en-GB\",\"@id\":\"https:\\\/\\\/raymarine.ee\\\/#\\\/schema\\\/logo\\\/image\\\/\",\"url\":\"https:\\\/\\\/raymarine.ee\\\/wp-content\\\/uploads\\\/2024\\\/10\\\/Screenshot-2024-10-15-151324_bg_removed.webp\",\"contentUrl\":\"https:\\\/\\\/raymarine.ee\\\/wp-content\\\/uploads\\\/2024\\\/10\\\/Screenshot-2024-10-15-151324_bg_removed.webp\",\"width\":420,\"height\":276,\"caption\":\"NavSystems O\u00dc\"},\"image\":{\"@id\":\"https:\\\/\\\/raymarine.ee\\\/#\\\/schema\\\/logo\\\/image\\\/\"},\"sameAs\":[\"https:\\\/\\\/www.facebook.com\\\/NavSystems\"],\"legalName\":\"NavSystems O\u00dc\",\"foundingDate\":\"2011-05-03\",\"numberOfEmployees\":{\"@type\":\"QuantitativeValue\",\"minValue\":\"1\",\"maxValue\":\"10\"}}]}<\/script>\n<meta property=\"product:price:amount\" content=\"225.00\" \/>\n<meta property=\"product:price:currency\" content=\"EUR\" \/>\n<meta property=\"og:availability\" content=\"instock\" \/>\n<meta property=\"product:availability\" content=\"instock\" \/>\n<meta property=\"product:retailer_item_id\" content=\"A80440\" \/>\n<meta property=\"product:condition\" content=\"new\" \/>\n<!-- \/ Yoast SEO Premium plugin. -->","yoast_head_json":{"title":"Bulkhead Mount SD Card Reader and USB Socket (RCR) with 1m Cable - NavSystems Mereelektroonika","description":"Raymarine RCR microSD kaardilugeja Axiom seadmetele. Veekindel, microSD pesa ja USB laadimisport. Sobib paigaldamiseks igale poole. Kaabel: 1 m.","robots":{"index":"index","follow":"follow","max-snippet":"max-snippet:-1","max-image-preview":"max-image-preview:large","max-video-preview":"max-video-preview:-1"},"canonical":"https:\/\/raymarine.ee\/en\/product\/bulkhead-mount-sd-card-reader-and-usb-socket-rcr-with-1m-cable\/","og_locale":"en_GB","og_type":"article","og_title":"Bulkhead Mount SD Card Reader and USB Socket (RCR) with 1m Cable","og_description":"Raymarine RCR microSD kaardilugeja Axiom seadmetele. Veekindel, microSD pesa ja USB laadimisport. Sobib paigaldamiseks igale poole. Kaabel: 1 m.","og_url":"https:\/\/raymarine.ee\/en\/product\/bulkhead-mount-sd-card-reader-and-usb-socket-rcr-with-1m-cable\/","og_site_name":"NavSystems","article_publisher":"https:\/\/www.facebook.com\/NavSystems","article_modified_time":"2026-04-12T03:42:28+00:00","og_image":[{"width":1024,"height":1024,"url":"https:\/\/raymarine.ee\/wp-content\/uploads\/2025\/01\/5fa36f08-3d22-466b-bc60-0333f7580a88.webp","type":"image\/webp"}],"twitter_card":"summary_large_image","twitter_misc":{"Price":"225,00&nbsp;&euro;","Availability":"In stock"},"schema":{"@context":"https:\/\/schema.org","@graph":[{"@type":"WebPage","@id":"https:\/\/raymarine.ee\/product\/bulkhead-mount-sd-card-reader-and-usb-socket-rcr-with-1m-cable\/","url":"https:\/\/raymarine.ee\/product\/bulkhead-mount-sd-card-reader-and-usb-socket-rcr-with-1m-cable\/","name":"Bulkhead Mount SD Card Reader and USB Socket (RCR) with 1m Cable - NavSystems Mereelektroonika","isPartOf":{"@id":"https:\/\/raymarine.ee\/#website"},"primaryImageOfPage":{"@id":"https:\/\/raymarine.ee\/product\/bulkhead-mount-sd-card-reader-and-usb-socket-rcr-with-1m-cable\/#primaryimage"},"image":{"@id":"https:\/\/raymarine.ee\/product\/bulkhead-mount-sd-card-reader-and-usb-socket-rcr-with-1m-cable\/#primaryimage"},"thumbnailUrl":"https:\/\/raymarine.ee\/wp-content\/uploads\/2025\/01\/5fa36f08-3d22-466b-bc60-0333f7580a88.webp","datePublished":"2025-01-14T19:15:11+00:00","dateModified":"2026-04-12T03:42:28+00:00","description":"Raymarine RCR microSD kaardilugeja Axiom seadmetele. Veekindel, microSD pesa ja USB laadimisport. Sobib paigaldamiseks igale poole. Kaabel: 1 m.","breadcrumb":{"@id":"https:\/\/raymarine.ee\/product\/bulkhead-mount-sd-card-reader-and-usb-socket-rcr-with-1m-cable\/#breadcrumb"},"inLanguage":"en-GB","potentialAction":[{"@type":"ReadAction","target":["https:\/\/raymarine.ee\/product\/bulkhead-mount-sd-card-reader-and-usb-socket-rcr-with-1m-cable\/"]}]},{"@type":"ImageObject","inLanguage":"en-GB","@id":"https:\/\/raymarine.ee\/product\/bulkhead-mount-sd-card-reader-and-usb-socket-rcr-with-1m-cable\/#primaryimage","url":"https:\/\/raymarine.ee\/wp-content\/uploads\/2025\/01\/5fa36f08-3d22-466b-bc60-0333f7580a88.webp","contentUrl":"https:\/\/raymarine.ee\/wp-content\/uploads\/2025\/01\/5fa36f08-3d22-466b-bc60-0333f7580a88.webp","width":1024,"height":1024},{"@type":"BreadcrumbList","@id":"https:\/\/raymarine.ee\/product\/bulkhead-mount-sd-card-reader-and-usb-socket-rcr-with-1m-cable\/#breadcrumb","itemListElement":[{"@type":"ListItem","position":1,"name":"Home","item":"https:\/\/raymarine.ee\/"},{"@type":"ListItem","position":2,"name":"Tooted","item":"https:\/\/raymarine.ee\/shop\/"},{"@type":"ListItem","position":3,"name":"Bulkhead Mount SD Card Reader and USB Socket (RCR) with 1m Cable"}]},{"@type":"WebSite","@id":"https:\/\/raymarine.ee\/#website","url":"https:\/\/raymarine.ee\/","name":"www.raymarine.ee","description":"Mereelektroonika, kaardiplotter, autopiloot, pinnipiloot, roolipiloot, radar, AIS, VHF, Smart Wind","publisher":{"@id":"https:\/\/raymarine.ee\/#organization"},"alternateName":"Raymarine","potentialAction":[{"@type":"SearchAction","target":{"@type":"EntryPoint","urlTemplate":"https:\/\/raymarine.ee\/?s={search_term_string}"},"query-input":{"@type":"PropertyValueSpecification","valueRequired":true,"valueName":"search_term_string"}}],"inLanguage":"en-GB"},{"@type":"Organization","@id":"https:\/\/raymarine.ee\/#organization","name":"NavSystems O\u00dc","url":"https:\/\/raymarine.ee\/","logo":{"@type":"ImageObject","inLanguage":"en-GB","@id":"https:\/\/raymarine.ee\/#\/schema\/logo\/image\/","url":"https:\/\/raymarine.ee\/wp-content\/uploads\/2024\/10\/Screenshot-2024-10-15-151324_bg_removed.webp","contentUrl":"https:\/\/raymarine.ee\/wp-content\/uploads\/2024\/10\/Screenshot-2024-10-15-151324_bg_removed.webp","width":420,"height":276,"caption":"NavSystems O\u00dc"},"image":{"@id":"https:\/\/raymarine.ee\/#\/schema\/logo\/image\/"},"sameAs":["https:\/\/www.facebook.com\/NavSystems"],"legalName":"NavSystems O\u00dc","foundingDate":"2011-05-03","numberOfEmployees":{"@type":"QuantitativeValue","minValue":"1","maxValue":"10"}}]},"product_price_amount":"225.00","product_price_currency":"EUR","og_availability":"instock","product_availability":"instock","product_retailer_item_id":"A80440","product_condition":"new"},"jetpack_sharing_enabled":true,"_links":{"self":[{"href":"https:\/\/raymarine.ee\/en\/wp-json\/wp\/v2\/product\/6354","targetHints":{"allow":["GET"]}}],"collection":[{"href":"https:\/\/raymarine.ee\/en\/wp-json\/wp\/v2\/product"}],"about":[{"href":"https:\/\/raymarine.ee\/en\/wp-json\/wp\/v2\/types\/product"}],"wp:featuredmedia":[{"embeddable":true,"href":"https:\/\/raymarine.ee\/en\/wp-json\/wp\/v2\/media\/7628"}],"wp:attachment":[{"href":"https:\/\/raymarine.ee\/en\/wp-json\/wp\/v2\/media?parent=6354"}],"wp:term":[{"taxonomy":"product_brand","embeddable":true,"href":"https:\/\/raymarine.ee\/en\/wp-json\/wp\/v2\/product_brand?post=6354"},{"taxonomy":"product_cat","embeddable":true,"href":"https:\/\/raymarine.ee\/en\/wp-json\/wp\/v2\/product_cat?post=6354"},{"taxonomy":"product_tag","embeddable":true,"href":"https:\/\/raymarine.ee\/en\/wp-json\/wp\/v2\/product_tag?post=6354"}],"curies":[{"name":"wp","href":"https:\/\/api.w.org\/{rel}","templated":true}]}}