{"id":6355,"date":"2025-01-14T19:16:56","date_gmt":"2025-01-14T19:16:56","guid":{"rendered":"https:\/\/raymarine.ee\/?post_type=product&#038;p=6355"},"modified":"2026-04-26T16:06:25","modified_gmt":"2026-04-26T13:06:25","slug":"rv-100-realvision-3d-transom-mount-transducer-direct-connect-to-axiom-mfds-8m-cable","status":"publish","type":"product","link":"https:\/\/raymarine.ee\/en\/product\/rv-100-realvision-3d-transom-mount-transducer-direct-connect-to-axiom-mfds-8m-cable\/","title":{"rendered":"RV-100 RealVision 3D Transom Mount Transducer, Direct connect to AXIOM MFDs (8m cable)"},"content":{"rendered":"<p data-start=\"185\" data-end=\"272\"><strong data-start=\"185\" data-end=\"272\">Raymarine RV-100 ahtrikinnitusega andur \u2013 k\u00f5ik-\u00fches lahendus RealVision 3D sonarile<\/strong><\/p>\n<p data-start=\"274\" data-end=\"515\">Raymarine RV-100 All-In-One ahtriandur v\u00f5imaldab n\u00e4ha veealuseid struktuure ja kalu erakordse selgusega t\u00e4nu RealVision 3D sonaritehnoloogiale. See 4-kanaliline laia spektriga CHIRP andur \u00fchendab endas j\u00e4rgmised funktsioonid:<\/p>\n<ul data-start=\"517\" data-end=\"753\">\n<li data-start=\"517\" data-end=\"574\">\n<p data-start=\"519\" data-end=\"574\"><strong data-start=\"519\" data-end=\"534\">DownVision\u2122<\/strong> \u2013 detailsed allapoole suunatud pildid<\/p>\n<\/li>\n<li data-start=\"575\" data-end=\"632\">\n<p data-start=\"577\" data-end=\"632\"><strong data-start=\"577\" data-end=\"592\">SideVision\u2122<\/strong> \u2013 k\u00fclgmine vaade veealusele maailmale<\/p>\n<\/li>\n<li data-start=\"633\" data-end=\"695\">\n<p data-start=\"635\" data-end=\"695\"><strong data-start=\"635\" data-end=\"665\">K\u00f5rgsageduslik CHIRP sonar<\/strong> \u2013 kalade t\u00e4pne m\u00e4rgistamine<\/p>\n<\/li>\n<li data-start=\"696\" data-end=\"753\">\n<p data-start=\"698\" data-end=\"753\"><strong data-start=\"698\" data-end=\"716\">RealVision 3D\u2122<\/strong> \u2013 ruumiline ja realistlik sonaripilt<\/p>\n<\/li>\n<\/ul>\n<h3 data-start=\"755\" data-end=\"772\">P\u00f5hiomadused:<\/h3>\n<ul data-start=\"773\" data-end=\"1245\">\n<li data-start=\"773\" data-end=\"902\">\n<p data-start=\"775\" data-end=\"902\"><strong data-start=\"775\" data-end=\"829\">Sisseehitatud AHRS (asendi- ja suunaviite s\u00fcsteem)<\/strong> stabiliseerib sonaripilti ja kompenseerib automaatselt laeva liikumist<\/p>\n<\/li>\n<li data-start=\"903\" data-end=\"947\">\n<p data-start=\"905\" data-end=\"947\"><strong data-start=\"905\" data-end=\"945\">Kiire ja t\u00e4pne veetemperatuuri andur<\/strong><\/p>\n<\/li>\n<li data-start=\"948\" data-end=\"1045\">\n<p data-start=\"950\" data-end=\"1045\"><strong data-start=\"950\" data-end=\"1004\">Mereklassiga roostevabast terasest kinnitusklamber<\/strong> koos l\u00f6\u00f6gikaitsega (kick-up mehhanism)<\/p>\n<\/li>\n<li data-start=\"1046\" data-end=\"1098\">\n<p data-start=\"1048\" data-end=\"1098\"><strong data-start=\"1048\" data-end=\"1096\">Kergesti paigaldatav p\u00e4ramootoriga paatidele<\/strong><\/p>\n<\/li>\n<li data-start=\"1099\" data-end=\"1245\">\n<p data-start=\"1101\" data-end=\"1245\">V\u00f5imalik kinnitada ka <strong data-start=\"1123\" data-end=\"1137\">Jack-Plate<\/strong> kronsteini k\u00fclge (m\u00fc\u00fcakse eraldi) v\u00f5i <strong data-start=\"1176\" data-end=\"1195\">astmelise p\u00f5hja<\/strong> puhul kasutada sobivat kinnitust (m\u00fc\u00fcakse eraldi)<\/p>\n<\/li>\n<\/ul>\n<h3 data-start=\"1247\" data-end=\"1262\">Komplektis:<\/h3>\n<ul data-start=\"1263\" data-end=\"1381\">\n<li data-start=\"1263\" data-end=\"1311\">\n<p data-start=\"1265\" data-end=\"1311\"><strong data-start=\"1265\" data-end=\"1291\">RV-100 k\u00f5ik-\u00fches andur<\/strong> koos 8 m kaabliga<\/p>\n<\/li>\n<li data-start=\"1312\" data-end=\"1340\">\n<p data-start=\"1314\" data-end=\"1340\"><strong data-start=\"1314\" data-end=\"1338\">Ahtrikinnitusklamber<\/strong><\/p>\n<\/li>\n<li data-start=\"1341\" data-end=\"1361\">\n<p data-start=\"1343\" data-end=\"1361\">Kinnitustarvikud<\/p>\n<\/li>\n<li data-start=\"1362\" data-end=\"1381\">\n<p data-start=\"1364\" data-end=\"1381\">Paigaldusjuhend<\/p>\n<\/li>\n<\/ul>\n<p data-start=\"1383\" data-end=\"1404\"><strong data-start=\"1383\" data-end=\"1397\">Tootekood:<\/strong> A80464<\/p>\n<hr class=\"\" data-start=\"1406\" data-end=\"1409\" \/>\n<p data-start=\"1411\" data-end=\"1523\"><strong data-start=\"1411\" data-end=\"1425\">\u00dchilduvus: <\/strong>T\u00e4ielikult \u00fchilduv <strong data-start=\"1447\" data-end=\"1481\">Raymarine Axiom\u2122 ja Axiom\u2122 Pro<\/strong> seeria multifunktsionaalsete ekraanidega.<\/p>\n<hr class=\"\" data-start=\"1525\" data-end=\"1528\" \/>\n<p data-start=\"1530\" data-end=\"1731\"><strong data-start=\"1530\" data-end=\"1550\">Raymarine RV-100<\/strong> on tippklassi valik paatidele, millel on p\u00e4ramootor \u2013 ideaalne nii harrastusp\u00fc\u00fcdjatele kui ka n\u00f5udlikule professionaalile, kes soovib saada maksimaalset infot veealusest maailmast.<\/p>\n<hr \/>\n<p data-start=\"1530\" data-end=\"1731\"><strong>Juhendid\u00a0<\/strong><\/p>\n<p data-start=\"1530\" data-end=\"1731\">Lae alla <a href=\"https:\/\/raymarine.ee\/wp-content\/uploads\/2026\/04\/RV-100-3D-Transom-Transducer-Installation-instructions-87337-2-EN.pdf\" target=\"_blank\" rel=\"noopener\">RV-100 ahtrianduri<\/a> paigaldusjuhend<\/p>","protected":false},"excerpt":{"rendered":"<p data-start=\"274\" data-end=\"515\"><strong>Raymarine RV-100<\/strong> <strong>All-In-One<\/strong> ahtriandur v\u00f5imaldab n\u00e4ha veealuseid struktuure ja kalu erakordse selgusega t\u00e4nu RealVision 3D sonaritehnoloogiale. See 4-kanaliline laia spektriga CHIRP andur \u00fchendab endas j\u00e4rgmised funktsioonid: <span style=\"color: #ffffff;\">RV100<\/span><\/p>\n<ul data-start=\"517\" data-end=\"753\">\n<li data-start=\"517\" data-end=\"574\">\n<p data-start=\"519\" data-end=\"574\"><strong data-start=\"519\" data-end=\"534\">DownVision\u2122<\/strong> \u2013 detailsed allapoole suunatud pildid<\/p>\n<\/li>\n<li data-start=\"517\" data-end=\"574\">\n<p data-start=\"519\" data-end=\"574\"><strong data-start=\"577\" data-end=\"592\">SideVision\u2122<\/strong> \u2013 k\u00fclgmine vaade veealusele maailmale<\/p>\n<\/li>\n<li data-start=\"633\" data-end=\"695\">\n<p data-start=\"635\" data-end=\"695\"><strong data-start=\"635\" data-end=\"665\">K\u00f5rgsageduslik CHIRP sonar<\/strong> \u2013 kalade t\u00e4pne m\u00e4rgistamine<\/p>\n<\/li>\n<li data-start=\"696\" data-end=\"753\">\n<p data-start=\"698\" data-end=\"753\"><strong data-start=\"698\" data-end=\"716\">RealVision 3D\u2122<\/strong> \u2013 ruumiline ja realistlik sonaripilt<\/p>\n<\/li>\n<\/ul>\n<p>Tutvu kindlasti ka selle toote\u00a0juhenditega\u00a0ja k\u00fcsimuste korral pea n\u00f5u meie spetsialistiga.<\/p>","protected":false},"featured_media":7627,"template":"","meta":{"_acf_changed":false},"product_brand":[134],"product_cat":[54,103,79],"product_tag":[],"class_list":{"0":"post-6355","1":"product","2":"type-product","3":"status-publish","4":"has-post-thumbnail","6":"product_brand-raymarine","7":"product_cat-kalaleidjad","8":"product_cat-raymarine","9":"product_cat-kalaleidjate_andurid","11":"first","12":"instock","13":"sale","14":"taxable","15":"shipping-taxable","16":"purchasable","17":"product-type-simple"},"acf":[],"yoast_head":"<!-- This site is optimized with the Yoast SEO Premium plugin v27.5 (Yoast SEO v27.5) - https:\/\/yoast.com\/product\/yoast-seo-premium-wordpress\/ -->\n<title>RV-100 ahtriandur: K\u00f5ik-\u00fches RealVision 3D Sonariandur Axiomile - NavSystems<\/title>\n<meta name=\"description\" content=\"Avasta veealust ilu Raymarine RV-100 ahtrianduri abil! Erakordne RealVision 3D sonaritehnoloogia toob Sinuni detailsed pildid elust allpool veepiiri.\" \/>\n<meta name=\"robots\" content=\"index, follow, max-snippet:-1, max-image-preview:large, max-video-preview:-1\" \/>\n<link rel=\"canonical\" href=\"https:\/\/raymarine.ee\/en\/product\/rv-100-realvision-3d-transom-mount-transducer-direct-connect-to-axiom-mfds-8m-cable\/\" \/>\n<meta property=\"og:locale\" content=\"en_GB\" \/>\n<meta property=\"og:type\" content=\"article\" \/>\n<meta property=\"og:title\" content=\"RV-100 RealVision 3D Transom Mount Transducer, Direct connect to AXIOM MFDs (8m cable)\" \/>\n<meta property=\"og:description\" content=\"Avasta veealust ilu Raymarine RV-100 ahtrianduri abil! Erakordne RealVision 3D sonaritehnoloogia toob Sinuni detailsed pildid elust allpool veepiiri.\" \/>\n<meta property=\"og:url\" content=\"https:\/\/raymarine.ee\/en\/product\/rv-100-realvision-3d-transom-mount-transducer-direct-connect-to-axiom-mfds-8m-cable\/\" \/>\n<meta property=\"og:site_name\" content=\"NavSystems\" \/>\n<meta property=\"article:publisher\" content=\"https:\/\/www.facebook.com\/NavSystems\" \/>\n<meta property=\"article:modified_time\" content=\"2026-04-26T13:06:25+00:00\" \/>\n<meta property=\"og:image\" content=\"https:\/\/raymarine.ee\/wp-content\/uploads\/2025\/01\/f699ce42-ddd7-43bf-b764-a29f63294d43.webp\" \/>\n\t<meta property=\"og:image:width\" content=\"1024\" \/>\n\t<meta property=\"og:image:height\" content=\"1024\" \/>\n\t<meta property=\"og:image:type\" content=\"image\/webp\" \/>\n<meta name=\"twitter:card\" content=\"summary_large_image\" \/>\n<meta name=\"twitter:label1\" content=\"Price\" \/>\n\t<meta name=\"twitter:data1\" content=\"585,78&nbsp;&euro;\" \/>\n\t<meta name=\"twitter:label2\" content=\"Availability\" \/>\n\t<meta name=\"twitter:data2\" content=\"In stock\" \/>\n<script type=\"application\/ld+json\" class=\"yoast-schema-graph\">{\"@context\":\"https:\\\/\\\/schema.org\",\"@graph\":[{\"@type\":\"WebPage\",\"@id\":\"https:\\\/\\\/raymarine.ee\\\/product\\\/rv-100-realvision-3d-transom-mount-transducer-direct-connect-to-axiom-mfds-8m-cable\\\/\",\"url\":\"https:\\\/\\\/raymarine.ee\\\/product\\\/rv-100-realvision-3d-transom-mount-transducer-direct-connect-to-axiom-mfds-8m-cable\\\/\",\"name\":\"RV-100 ahtriandur: K\u00f5ik-\u00fches RealVision 3D Sonariandur Axiomile - NavSystems\",\"isPartOf\":{\"@id\":\"https:\\\/\\\/raymarine.ee\\\/#website\"},\"primaryImageOfPage\":{\"@id\":\"https:\\\/\\\/raymarine.ee\\\/product\\\/rv-100-realvision-3d-transom-mount-transducer-direct-connect-to-axiom-mfds-8m-cable\\\/#primaryimage\"},\"image\":{\"@id\":\"https:\\\/\\\/raymarine.ee\\\/product\\\/rv-100-realvision-3d-transom-mount-transducer-direct-connect-to-axiom-mfds-8m-cable\\\/#primaryimage\"},\"thumbnailUrl\":\"https:\\\/\\\/raymarine.ee\\\/wp-content\\\/uploads\\\/2025\\\/01\\\/f699ce42-ddd7-43bf-b764-a29f63294d43.webp\",\"datePublished\":\"2025-01-14T19:16:56+00:00\",\"dateModified\":\"2026-04-26T13:06:25+00:00\",\"description\":\"Avasta veealust ilu Raymarine RV-100 ahtrianduri abil! Erakordne RealVision 3D sonaritehnoloogia toob Sinuni detailsed pildid elust allpool veepiiri.\",\"breadcrumb\":{\"@id\":\"https:\\\/\\\/raymarine.ee\\\/product\\\/rv-100-realvision-3d-transom-mount-transducer-direct-connect-to-axiom-mfds-8m-cable\\\/#breadcrumb\"},\"inLanguage\":\"en-GB\",\"potentialAction\":[{\"@type\":\"ReadAction\",\"target\":[\"https:\\\/\\\/raymarine.ee\\\/product\\\/rv-100-realvision-3d-transom-mount-transducer-direct-connect-to-axiom-mfds-8m-cable\\\/\"]}]},{\"@type\":\"ImageObject\",\"inLanguage\":\"en-GB\",\"@id\":\"https:\\\/\\\/raymarine.ee\\\/product\\\/rv-100-realvision-3d-transom-mount-transducer-direct-connect-to-axiom-mfds-8m-cable\\\/#primaryimage\",\"url\":\"https:\\\/\\\/raymarine.ee\\\/wp-content\\\/uploads\\\/2025\\\/01\\\/f699ce42-ddd7-43bf-b764-a29f63294d43.webp\",\"contentUrl\":\"https:\\\/\\\/raymarine.ee\\\/wp-content\\\/uploads\\\/2025\\\/01\\\/f699ce42-ddd7-43bf-b764-a29f63294d43.webp\",\"width\":1024,\"height\":1024},{\"@type\":\"BreadcrumbList\",\"@id\":\"https:\\\/\\\/raymarine.ee\\\/product\\\/rv-100-realvision-3d-transom-mount-transducer-direct-connect-to-axiom-mfds-8m-cable\\\/#breadcrumb\",\"itemListElement\":[{\"@type\":\"ListItem\",\"position\":1,\"name\":\"Home\",\"item\":\"https:\\\/\\\/raymarine.ee\\\/\"},{\"@type\":\"ListItem\",\"position\":2,\"name\":\"Tooted\",\"item\":\"https:\\\/\\\/raymarine.ee\\\/shop\\\/\"},{\"@type\":\"ListItem\",\"position\":3,\"name\":\"RV-100 RealVision 3D Transom Mount Transducer, Direct connect to AXIOM MFDs (8m cable)\"}]},{\"@type\":\"WebSite\",\"@id\":\"https:\\\/\\\/raymarine.ee\\\/#website\",\"url\":\"https:\\\/\\\/raymarine.ee\\\/\",\"name\":\"www.raymarine.ee\",\"description\":\"Mereelektroonika, kaardiplotter, autopiloot, pinnipiloot, roolipiloot, radar, AIS, VHF, Smart Wind\",\"publisher\":{\"@id\":\"https:\\\/\\\/raymarine.ee\\\/#organization\"},\"alternateName\":\"Raymarine\",\"potentialAction\":[{\"@type\":\"SearchAction\",\"target\":{\"@type\":\"EntryPoint\",\"urlTemplate\":\"https:\\\/\\\/raymarine.ee\\\/?s={search_term_string}\"},\"query-input\":{\"@type\":\"PropertyValueSpecification\",\"valueRequired\":true,\"valueName\":\"search_term_string\"}}],\"inLanguage\":\"en-GB\"},{\"@type\":\"Organization\",\"@id\":\"https:\\\/\\\/raymarine.ee\\\/#organization\",\"name\":\"NavSystems O\u00dc\",\"url\":\"https:\\\/\\\/raymarine.ee\\\/\",\"logo\":{\"@type\":\"ImageObject\",\"inLanguage\":\"en-GB\",\"@id\":\"https:\\\/\\\/raymarine.ee\\\/#\\\/schema\\\/logo\\\/image\\\/\",\"url\":\"https:\\\/\\\/raymarine.ee\\\/wp-content\\\/uploads\\\/2024\\\/10\\\/Screenshot-2024-10-15-151324_bg_removed.webp\",\"contentUrl\":\"https:\\\/\\\/raymarine.ee\\\/wp-content\\\/uploads\\\/2024\\\/10\\\/Screenshot-2024-10-15-151324_bg_removed.webp\",\"width\":420,\"height\":276,\"caption\":\"NavSystems O\u00dc\"},\"image\":{\"@id\":\"https:\\\/\\\/raymarine.ee\\\/#\\\/schema\\\/logo\\\/image\\\/\"},\"sameAs\":[\"https:\\\/\\\/www.facebook.com\\\/NavSystems\"],\"legalName\":\"NavSystems O\u00dc\",\"foundingDate\":\"2011-05-03\",\"numberOfEmployees\":{\"@type\":\"QuantitativeValue\",\"minValue\":\"1\",\"maxValue\":\"10\"}}]}<\/script>\n<meta property=\"product:price:amount\" content=\"585.78\" \/>\n<meta property=\"product:price:currency\" content=\"EUR\" \/>\n<meta property=\"og:availability\" content=\"instock\" \/>\n<meta property=\"product:availability\" content=\"instock\" \/>\n<meta property=\"product:retailer_item_id\" content=\"A80464\" \/>\n<meta property=\"product:condition\" content=\"new\" \/>\n<!-- \/ Yoast SEO Premium plugin. -->","yoast_head_json":{"title":"RV-100 ahtriandur: K\u00f5ik-\u00fches RealVision 3D Sonariandur Axiomile - NavSystems","description":"Avasta veealust ilu Raymarine RV-100 ahtrianduri abil! Erakordne RealVision 3D sonaritehnoloogia toob Sinuni detailsed pildid elust allpool veepiiri.","robots":{"index":"index","follow":"follow","max-snippet":"max-snippet:-1","max-image-preview":"max-image-preview:large","max-video-preview":"max-video-preview:-1"},"canonical":"https:\/\/raymarine.ee\/en\/product\/rv-100-realvision-3d-transom-mount-transducer-direct-connect-to-axiom-mfds-8m-cable\/","og_locale":"en_GB","og_type":"article","og_title":"RV-100 RealVision 3D Transom Mount Transducer, Direct connect to AXIOM MFDs (8m cable)","og_description":"Avasta veealust ilu Raymarine RV-100 ahtrianduri abil! Erakordne RealVision 3D sonaritehnoloogia toob Sinuni detailsed pildid elust allpool veepiiri.","og_url":"https:\/\/raymarine.ee\/en\/product\/rv-100-realvision-3d-transom-mount-transducer-direct-connect-to-axiom-mfds-8m-cable\/","og_site_name":"NavSystems","article_publisher":"https:\/\/www.facebook.com\/NavSystems","article_modified_time":"2026-04-26T13:06:25+00:00","og_image":[{"width":1024,"height":1024,"url":"https:\/\/raymarine.ee\/wp-content\/uploads\/2025\/01\/f699ce42-ddd7-43bf-b764-a29f63294d43.webp","type":"image\/webp"}],"twitter_card":"summary_large_image","twitter_misc":{"Price":"585,78&nbsp;&euro;","Availability":"In stock"},"schema":{"@context":"https:\/\/schema.org","@graph":[{"@type":"WebPage","@id":"https:\/\/raymarine.ee\/product\/rv-100-realvision-3d-transom-mount-transducer-direct-connect-to-axiom-mfds-8m-cable\/","url":"https:\/\/raymarine.ee\/product\/rv-100-realvision-3d-transom-mount-transducer-direct-connect-to-axiom-mfds-8m-cable\/","name":"RV-100 ahtriandur: K\u00f5ik-\u00fches RealVision 3D Sonariandur Axiomile - NavSystems","isPartOf":{"@id":"https:\/\/raymarine.ee\/#website"},"primaryImageOfPage":{"@id":"https:\/\/raymarine.ee\/product\/rv-100-realvision-3d-transom-mount-transducer-direct-connect-to-axiom-mfds-8m-cable\/#primaryimage"},"image":{"@id":"https:\/\/raymarine.ee\/product\/rv-100-realvision-3d-transom-mount-transducer-direct-connect-to-axiom-mfds-8m-cable\/#primaryimage"},"thumbnailUrl":"https:\/\/raymarine.ee\/wp-content\/uploads\/2025\/01\/f699ce42-ddd7-43bf-b764-a29f63294d43.webp","datePublished":"2025-01-14T19:16:56+00:00","dateModified":"2026-04-26T13:06:25+00:00","description":"Avasta veealust ilu Raymarine RV-100 ahtrianduri abil! Erakordne RealVision 3D sonaritehnoloogia toob Sinuni detailsed pildid elust allpool veepiiri.","breadcrumb":{"@id":"https:\/\/raymarine.ee\/product\/rv-100-realvision-3d-transom-mount-transducer-direct-connect-to-axiom-mfds-8m-cable\/#breadcrumb"},"inLanguage":"en-GB","potentialAction":[{"@type":"ReadAction","target":["https:\/\/raymarine.ee\/product\/rv-100-realvision-3d-transom-mount-transducer-direct-connect-to-axiom-mfds-8m-cable\/"]}]},{"@type":"ImageObject","inLanguage":"en-GB","@id":"https:\/\/raymarine.ee\/product\/rv-100-realvision-3d-transom-mount-transducer-direct-connect-to-axiom-mfds-8m-cable\/#primaryimage","url":"https:\/\/raymarine.ee\/wp-content\/uploads\/2025\/01\/f699ce42-ddd7-43bf-b764-a29f63294d43.webp","contentUrl":"https:\/\/raymarine.ee\/wp-content\/uploads\/2025\/01\/f699ce42-ddd7-43bf-b764-a29f63294d43.webp","width":1024,"height":1024},{"@type":"BreadcrumbList","@id":"https:\/\/raymarine.ee\/product\/rv-100-realvision-3d-transom-mount-transducer-direct-connect-to-axiom-mfds-8m-cable\/#breadcrumb","itemListElement":[{"@type":"ListItem","position":1,"name":"Home","item":"https:\/\/raymarine.ee\/"},{"@type":"ListItem","position":2,"name":"Tooted","item":"https:\/\/raymarine.ee\/shop\/"},{"@type":"ListItem","position":3,"name":"RV-100 RealVision 3D Transom Mount Transducer, Direct connect to AXIOM MFDs (8m cable)"}]},{"@type":"WebSite","@id":"https:\/\/raymarine.ee\/#website","url":"https:\/\/raymarine.ee\/","name":"www.raymarine.ee","description":"Mereelektroonika, kaardiplotter, autopiloot, pinnipiloot, roolipiloot, radar, AIS, VHF, Smart Wind","publisher":{"@id":"https:\/\/raymarine.ee\/#organization"},"alternateName":"Raymarine","potentialAction":[{"@type":"SearchAction","target":{"@type":"EntryPoint","urlTemplate":"https:\/\/raymarine.ee\/?s={search_term_string}"},"query-input":{"@type":"PropertyValueSpecification","valueRequired":true,"valueName":"search_term_string"}}],"inLanguage":"en-GB"},{"@type":"Organization","@id":"https:\/\/raymarine.ee\/#organization","name":"NavSystems O\u00dc","url":"https:\/\/raymarine.ee\/","logo":{"@type":"ImageObject","inLanguage":"en-GB","@id":"https:\/\/raymarine.ee\/#\/schema\/logo\/image\/","url":"https:\/\/raymarine.ee\/wp-content\/uploads\/2024\/10\/Screenshot-2024-10-15-151324_bg_removed.webp","contentUrl":"https:\/\/raymarine.ee\/wp-content\/uploads\/2024\/10\/Screenshot-2024-10-15-151324_bg_removed.webp","width":420,"height":276,"caption":"NavSystems O\u00dc"},"image":{"@id":"https:\/\/raymarine.ee\/#\/schema\/logo\/image\/"},"sameAs":["https:\/\/www.facebook.com\/NavSystems"],"legalName":"NavSystems O\u00dc","foundingDate":"2011-05-03","numberOfEmployees":{"@type":"QuantitativeValue","minValue":"1","maxValue":"10"}}]},"product_price_amount":"585.78","product_price_currency":"EUR","og_availability":"instock","product_availability":"instock","product_retailer_item_id":"A80464","product_condition":"new"},"jetpack_sharing_enabled":true,"_links":{"self":[{"href":"https:\/\/raymarine.ee\/en\/wp-json\/wp\/v2\/product\/6355","targetHints":{"allow":["GET"]}}],"collection":[{"href":"https:\/\/raymarine.ee\/en\/wp-json\/wp\/v2\/product"}],"about":[{"href":"https:\/\/raymarine.ee\/en\/wp-json\/wp\/v2\/types\/product"}],"wp:featuredmedia":[{"embeddable":true,"href":"https:\/\/raymarine.ee\/en\/wp-json\/wp\/v2\/media\/7627"}],"wp:attachment":[{"href":"https:\/\/raymarine.ee\/en\/wp-json\/wp\/v2\/media?parent=6355"}],"wp:term":[{"taxonomy":"product_brand","embeddable":true,"href":"https:\/\/raymarine.ee\/en\/wp-json\/wp\/v2\/product_brand?post=6355"},{"taxonomy":"product_cat","embeddable":true,"href":"https:\/\/raymarine.ee\/en\/wp-json\/wp\/v2\/product_cat?post=6355"},{"taxonomy":"product_tag","embeddable":true,"href":"https:\/\/raymarine.ee\/en\/wp-json\/wp\/v2\/product_tag?post=6355"}],"curies":[{"name":"wp","href":"https:\/\/api.w.org\/{rel}","templated":true}]}}