{"id":6357,"date":"2025-01-14T19:11:14","date_gmt":"2025-01-14T19:11:14","guid":{"rendered":"https:\/\/raymarine.ee\/?post_type=product&#038;p=6357"},"modified":"2025-04-18T17:37:00","modified_gmt":"2025-04-18T15:37:00","slug":"pack-of-rv-312-realvision-3d-plastic-thru-hull-txds-port-starboard-12-direct-connect-to-axiom-2-x-2m-y-cable-and-8m-extension-cable","status":"publish","type":"product","link":"https:\/\/raymarine.ee\/en\/product\/pack-of-rv-312-realvision-3d-plastic-thru-hull-txds-port-starboard-12-direct-connect-to-axiom-2-x-2m-y-cable-and-8m-extension-cable\/","title":{"rendered":"Pack of RV-312 RealVision 3D Plastic Thru Hull Txds, Port &#038; Starboard 12\u00b0, Direct connect to AXIOM (2 x 2m, Y-cable and 8m extension cable)"},"content":{"rendered":"<h3 class=\"\" data-start=\"203\" data-end=\"266\"><strong data-start=\"207\" data-end=\"266\">Olulised soovitused Raymarine RV-andurite paigaldamisel<\/strong><\/h3>\n<p class=\"\" data-start=\"268\" data-end=\"390\"><strong data-start=\"268\" data-end=\"298\">\u00d5ige anduri t\u00f6\u00f6 tagamiseks<\/strong> tuleb lisaks paadit\u00fc\u00fcbile vastavale paigaldusasukoha valikule j\u00e4rgida ka j\u00e4rgmisi juhiseid:<\/p>\n<ol data-start=\"392\" data-end=\"1931\">\n<li class=\"\" data-start=\"392\" data-end=\"628\">\n<p class=\"\" data-start=\"395\" data-end=\"628\"><strong data-start=\"395\" data-end=\"417\">Toiteallika valik:<\/strong><br data-start=\"417\" data-end=\"420\" \/>Veendu, et <strong data-start=\"434\" data-end=\"528\">Axiom RV, Axiom Pro RVX v\u00f5i RVX1000 BlackBox sonarimoodulid ei oleks \u00fchendatud stardiakuga<\/strong>. Mootori k\u00e4ivitamisel tekkiv <strong data-start=\"558\" data-end=\"571\">pingelang<\/strong> v\u00f5ib p\u00f5hjustada sonaripildi kadumise (&#8220;pilt kaob eest&#8221;).<\/p>\n<\/li>\n<li class=\"\" data-start=\"630\" data-end=\"826\">\n<p class=\"\" data-start=\"633\" data-end=\"826\"><strong data-start=\"633\" data-end=\"661\">Turbulentsuse v\u00e4ltimine:<\/strong><br data-start=\"661\" data-end=\"664\" \/>\u00c4ra paigalda andureid <strong data-start=\"689\" data-end=\"751\">kerest v\u00e4ljaulatuvate elementide v\u00f5i veev\u00f5tuavade l\u00e4hedale<\/strong>, kuna need tekitavad <strong data-start=\"773\" data-end=\"800\">turbulentsi ja \u00f5humulle<\/strong>, mis segavad sonaripilti.<\/p>\n<\/li>\n<li class=\"\" data-start=\"828\" data-end=\"1039\">\n<p class=\"\" data-start=\"831\" data-end=\"1039\"><strong data-start=\"831\" data-end=\"857\">Paralleelne paigaldus:<\/strong><br data-start=\"857\" data-end=\"860\" \/>K\u00f5ik andurid peavad olema paigaldatud <strong data-start=\"901\" data-end=\"926\">t\u00e4pselt paralleelselt<\/strong>, sama kaugusele paadi ahtrist. Kui \u00fcks andur on teisest ees- v\u00f5i tagapool, on sonaripilt <strong data-start=\"1016\" data-end=\"1038\">nihkes ja ebat\u00e4pne<\/strong>.<\/p>\n<\/li>\n<li class=\"\" data-start=\"1041\" data-end=\"1242\">\n<p class=\"\" data-start=\"1044\" data-end=\"1242\"><strong data-start=\"1044\" data-end=\"1073\">Andurite vaheline kaugus:<\/strong><br data-start=\"1073\" data-end=\"1076\" \/><strong data-start=\"1079\" data-end=\"1146\">Maksimaalne vahemaa kahe anduri vahel laiusesuunas on 2 meetrit<\/strong> (ehk kiilust kuni 1 meeter paremale ja vasakule). Tavaliselt j\u00e4\u00e4b see vahe 1 meetri piiridesse.<\/p>\n<\/li>\n<li class=\"\" data-start=\"1244\" data-end=\"1395\">\n<p class=\"\" data-start=\"1247\" data-end=\"1395\"><strong data-start=\"1247\" data-end=\"1275\">Asukoht veeliini suhtes:<\/strong><br data-start=\"1275\" data-end=\"1278\" \/>Andurid peavad olema paigaldatud <strong data-start=\"1314\" data-end=\"1354\">v\u00e4hemalt 300 mm veeliinist allapoole<\/strong> \u2013 nii seisvas asendis kui ka s\u00f5idu ajal.<\/p>\n<\/li>\n<li class=\"\" data-start=\"1397\" data-end=\"1581\">\n<p class=\"\" data-start=\"1400\" data-end=\"1581\"><strong data-start=\"1400\" data-end=\"1449\">AHRS (Attitude and Heading Reference System):<\/strong><br data-start=\"1449\" data-end=\"1452\" \/>RV-anduritel on sisseehitatud <strong data-start=\"1485\" data-end=\"1502\">stabilisaator<\/strong>, mis kompenseerib paadi liikumist ja v\u00f5imaldab sonaripildil j\u00e4\u00e4da stabiilseks.<\/p>\n<\/li>\n<li class=\"\" data-start=\"1583\" data-end=\"1931\">\n<p class=\"\" data-start=\"1586\" data-end=\"1931\"><strong data-start=\"1586\" data-end=\"1618\">V\u00e4ltida magnetilisi h\u00e4ireid:<\/strong><br data-start=\"1618\" data-end=\"1621\" \/>AHRS t\u00f6\u00f6tab <strong data-start=\"1636\" data-end=\"1663\">magnetv\u00e4ljal p\u00f5hinevalt<\/strong>, seega ei tohi andurit paigaldada <strong data-start=\"1698\" data-end=\"1794\">metallesemete, mootorite, laadijate, elektrikaablite v\u00f5i muude tugevate magnetv\u00e4lja allikate<\/strong> l\u00e4hedusse. Sellised h\u00e4ired v\u00f5ivad <strong data-start=\"1829\" data-end=\"1872\">segada p\u00f5hja m\u00e4\u00e4ramist ja pildit\u00f6\u00f6tlust<\/strong>. Vajadusel saab AHRS-funktsiooni keelata plotteri men\u00fc\u00fcst.<\/p>\n<\/li>\n<\/ol>\n<hr class=\"\" data-start=\"1933\" data-end=\"1936\" \/>\n<h3 class=\"\" data-start=\"1938\" data-end=\"2013\"><strong data-start=\"1942\" data-end=\"2013\">Toote tutvustus: Raymarine RV-312 Plastic Through Hull anduripakett<\/strong><\/h3>\n<p class=\"\" data-start=\"2015\" data-end=\"2240\"><strong data-start=\"2015\" data-end=\"2035\">Raymarine RV-312<\/strong> on l\u00e4bi kere paigaldatav <strong data-start=\"2061\" data-end=\"2109\">RealVision 3D sonaritehnoloogiaga anduripaar<\/strong>, mis sobib nii p\u00e4ramootori- kui sisep\u00f5lemismootoriga paatidele. Pakett sisaldab kahte <strong data-start=\"2196\" data-end=\"2226\">4-kanalilist CHIRP andurit<\/strong>, mis pakuvad:<\/p>\n<ul data-start=\"2242\" data-end=\"2504\">\n<li class=\"\" data-start=\"2242\" data-end=\"2290\">\n<p class=\"\" data-start=\"2244\" data-end=\"2290\"><strong data-start=\"2244\" data-end=\"2288\">DownVision\u2122 ja SideVision\u2122 sonarivaateid<\/strong><\/p>\n<\/li>\n<li class=\"\" data-start=\"2291\" data-end=\"2347\">\n<p class=\"\" data-start=\"2293\" data-end=\"2347\"><strong data-start=\"2293\" data-end=\"2345\">K\u00f5rgsageduslikku CHIRP-sonarit kalade leidmiseks<\/strong><\/p>\n<\/li>\n<li class=\"\" data-start=\"2348\" data-end=\"2417\">\n<p class=\"\" data-start=\"2350\" data-end=\"2417\"><strong data-start=\"2350\" data-end=\"2381\">RealVision 3D\u2122 tehnoloogiat<\/strong> ruumiliseks veealuseks kuvamiseks<\/p>\n<\/li>\n<li class=\"\" data-start=\"2418\" data-end=\"2474\">\n<p class=\"\" data-start=\"2420\" data-end=\"2474\"><strong data-start=\"2420\" data-end=\"2444\">AHRS stabilisaatorit<\/strong> liikumise kompenseerimiseks<\/p>\n<\/li>\n<li class=\"\" data-start=\"2475\" data-end=\"2504\">\n<p class=\"\" data-start=\"2477\" data-end=\"2504\"><strong data-start=\"2477\" data-end=\"2504\">Veetemperatuuri andurit<\/strong><\/p>\n<\/li>\n<\/ul>\n<p class=\"\" data-start=\"2506\" data-end=\"2709\">RV-312 sobib paatidele kere kallakuga <strong data-start=\"2544\" data-end=\"2554\">6\u00b0\u201318\u00b0<\/strong>, t\u00e4nu sisseehitatud kompensatsioonile ei ole vaja kiiluplokke. <strong data-start=\"2618\" data-end=\"2646\">Madala profiiliga disain<\/strong> v\u00e4hendab veetakistust ja sobib ka treilerdatavatele paatidele.<\/p>\n<h3 class=\"\" data-start=\"2711\" data-end=\"2726\">Komplektis:<\/h3>\n<ul data-start=\"2727\" data-end=\"2913\">\n<li class=\"\" data-start=\"2727\" data-end=\"2773\">\n<p class=\"\" data-start=\"2729\" data-end=\"2773\"><strong data-start=\"2729\" data-end=\"2771\">RV-312P vasakpoolne andur (2 m kaabel)<\/strong><\/p>\n<\/li>\n<li class=\"\" data-start=\"2774\" data-end=\"2820\">\n<p class=\"\" data-start=\"2776\" data-end=\"2820\"><strong data-start=\"2776\" data-end=\"2818\">RV-312S parempoolne andur (2 m kaabel)<\/strong><\/p>\n<\/li>\n<li class=\"\" data-start=\"2821\" data-end=\"2877\">\n<p class=\"\" data-start=\"2823\" data-end=\"2877\"><strong data-start=\"2823\" data-end=\"2875\">Y-kaabel ja 8 m pikenduskaabel (kogupikkus 10 m)<\/strong><\/p>\n<\/li>\n<li class=\"\" data-start=\"2878\" data-end=\"2913\">\n<p class=\"\" data-start=\"2880\" data-end=\"2913\"><strong data-start=\"2880\" data-end=\"2913\">Paigaldustarvikud ja juhendid<\/strong><\/p>\n<\/li>\n<\/ul>","protected":false},"excerpt":{"rendered":"<p>RV-312 Plastic Through Hull Transducer Pack (with 12\u00b0 deadrise compensation) Through Hull Designed for inboard or outboard boats, the RV-312 Plastic Through Hull Transducer System lets you easily identify structures and locate fish with the life-like clarity of RealVision 3D\u2122 sonar. The RV-312 system is a 4-channel, Wide Spectrum CHIRP transducer system with DownVision\u2122, SideVision\u2122, high frequency CHIRP fish targeting and RealVision 3D\u2122 sonar inside. The transducer system has a built-in attitude and heading reference system (AHRS) that stabilizes the sonar imagery, automatically compensating for vessel motion. You\u2019ll enjoy crystal-clear imagery in waves, swells, and while maneuvering. The RV-312 system also has a built-in fast response water temperature sensor for quick, accurate readings. Raymarine\u2019s RV-312 Plastic Through Hull Transducer system pack contains a pair of RealVision 3D transducers with internal offset to accommodate hull deadrise angles from 6\u00b0 to 18\u00b0. This completely eliminates the need for fairing blocks. The low-profile design slips effortlessly through the water without causing drag or cavitation. The near-flush RV-312 system works great on trailered boats too.<\/p>","protected":false},"featured_media":6925,"template":"","meta":{"_acf_changed":false},"product_brand":[134],"product_cat":[54,103,79],"product_tag":[],"class_list":{"0":"post-6357","1":"product","2":"type-product","3":"status-publish","4":"has-post-thumbnail","6":"product_brand-raymarine","7":"product_cat-kalaleidjad","8":"product_cat-raymarine","9":"product_cat-kalaleidjate_andurid","11":"first","12":"onbackorder","13":"sale","14":"taxable","15":"shipping-taxable","16":"purchasable","17":"product-type-simple"},"acf":[],"yoast_head":"<!-- This site is optimized with the Yoast SEO Premium plugin v27.5 (Yoast SEO v27.5) - https:\/\/yoast.com\/product\/yoast-seo-premium-wordpress\/ -->\n<title>Pack of RV-312 RealVision 3D Plastic Thru Hull Txds, Port &amp; Starboard 12\u00b0, Direct connect to AXIOM (2 x 2m, Y-cable and 8m extension cable) - NavSystems Mereelektroonika<\/title>\n<meta name=\"description\" content=\"Raymarine RV-andurite paigaldamisel v\u00e4ldi pingelangu, turbulentsi ja magnetilisi h\u00e4ireid. \u00d5ige paralleelne paigaldus tagab parima RealVision 3D sonaripildi.\" \/>\n<meta name=\"robots\" content=\"index, follow, max-snippet:-1, max-image-preview:large, max-video-preview:-1\" \/>\n<link rel=\"canonical\" href=\"https:\/\/raymarine.ee\/en\/product\/pack-of-rv-312-realvision-3d-plastic-thru-hull-txds-port-starboard-12-direct-connect-to-axiom-2-x-2m-y-cable-and-8m-extension-cable\/\" \/>\n<meta property=\"og:locale\" content=\"en_GB\" \/>\n<meta property=\"og:type\" content=\"article\" \/>\n<meta property=\"og:title\" content=\"Pack of RV-312 RealVision 3D Plastic Thru Hull Txds, Port &amp; Starboard 12\u00b0, Direct connect to AXIOM (2 x 2m, Y-cable and 8m extension cable)\" \/>\n<meta property=\"og:description\" content=\"Raymarine RV-andurite paigaldamisel v\u00e4ldi pingelangu, turbulentsi ja magnetilisi h\u00e4ireid. \u00d5ige paralleelne paigaldus tagab parima RealVision 3D sonaripildi.\" \/>\n<meta property=\"og:url\" content=\"https:\/\/raymarine.ee\/en\/product\/pack-of-rv-312-realvision-3d-plastic-thru-hull-txds-port-starboard-12-direct-connect-to-axiom-2-x-2m-y-cable-and-8m-extension-cable\/\" \/>\n<meta property=\"og:site_name\" content=\"NavSystems\" \/>\n<meta property=\"article:publisher\" content=\"https:\/\/www.facebook.com\/NavSystems\" \/>\n<meta property=\"article:modified_time\" content=\"2025-04-18T15:37:00+00:00\" \/>\n<meta property=\"og:image\" content=\"https:\/\/raymarine.ee\/wp-content\/uploads\/2025\/01\/RV300-ThroughHull-Transducer-Pack.webp\" \/>\n\t<meta property=\"og:image:width\" content=\"600\" \/>\n\t<meta property=\"og:image:height\" content=\"600\" \/>\n\t<meta property=\"og:image:type\" content=\"image\/webp\" \/>\n<meta name=\"twitter:card\" content=\"summary_large_image\" \/>\n<meta name=\"twitter:label1\" content=\"Price\" \/>\n\t<meta name=\"twitter:data1\" content=\"2 065,00&nbsp;&euro;\" \/>\n\t<meta name=\"twitter:label2\" content=\"Availability\" \/>\n\t<meta name=\"twitter:data2\" content=\"On back order\" \/>\n<script type=\"application\/ld+json\" class=\"yoast-schema-graph\">{\"@context\":\"https:\\\/\\\/schema.org\",\"@graph\":[{\"@type\":\"WebPage\",\"@id\":\"https:\\\/\\\/raymarine.ee\\\/product\\\/pack-of-rv-312-realvision-3d-plastic-thru-hull-txds-port-starboard-12-direct-connect-to-axiom-2-x-2m-y-cable-and-8m-extension-cable\\\/\",\"url\":\"https:\\\/\\\/raymarine.ee\\\/product\\\/pack-of-rv-312-realvision-3d-plastic-thru-hull-txds-port-starboard-12-direct-connect-to-axiom-2-x-2m-y-cable-and-8m-extension-cable\\\/\",\"name\":\"Pack of RV-312 RealVision 3D Plastic Thru Hull Txds, Port & Starboard 12\u00b0, Direct connect to AXIOM (2 x 2m, Y-cable and 8m extension cable) - NavSystems Mereelektroonika\",\"isPartOf\":{\"@id\":\"https:\\\/\\\/raymarine.ee\\\/#website\"},\"primaryImageOfPage\":{\"@id\":\"https:\\\/\\\/raymarine.ee\\\/product\\\/pack-of-rv-312-realvision-3d-plastic-thru-hull-txds-port-starboard-12-direct-connect-to-axiom-2-x-2m-y-cable-and-8m-extension-cable\\\/#primaryimage\"},\"image\":{\"@id\":\"https:\\\/\\\/raymarine.ee\\\/product\\\/pack-of-rv-312-realvision-3d-plastic-thru-hull-txds-port-starboard-12-direct-connect-to-axiom-2-x-2m-y-cable-and-8m-extension-cable\\\/#primaryimage\"},\"thumbnailUrl\":\"https:\\\/\\\/raymarine.ee\\\/wp-content\\\/uploads\\\/2025\\\/01\\\/RV300-ThroughHull-Transducer-Pack.webp\",\"datePublished\":\"2025-01-14T19:11:14+00:00\",\"dateModified\":\"2025-04-18T15:37:00+00:00\",\"description\":\"Raymarine RV-andurite paigaldamisel v\u00e4ldi pingelangu, turbulentsi ja magnetilisi h\u00e4ireid. \u00d5ige paralleelne paigaldus tagab parima RealVision 3D sonaripildi.\",\"breadcrumb\":{\"@id\":\"https:\\\/\\\/raymarine.ee\\\/product\\\/pack-of-rv-312-realvision-3d-plastic-thru-hull-txds-port-starboard-12-direct-connect-to-axiom-2-x-2m-y-cable-and-8m-extension-cable\\\/#breadcrumb\"},\"inLanguage\":\"en-GB\",\"potentialAction\":[{\"@type\":\"ReadAction\",\"target\":[\"https:\\\/\\\/raymarine.ee\\\/product\\\/pack-of-rv-312-realvision-3d-plastic-thru-hull-txds-port-starboard-12-direct-connect-to-axiom-2-x-2m-y-cable-and-8m-extension-cable\\\/\"]}]},{\"@type\":\"ImageObject\",\"inLanguage\":\"en-GB\",\"@id\":\"https:\\\/\\\/raymarine.ee\\\/product\\\/pack-of-rv-312-realvision-3d-plastic-thru-hull-txds-port-starboard-12-direct-connect-to-axiom-2-x-2m-y-cable-and-8m-extension-cable\\\/#primaryimage\",\"url\":\"https:\\\/\\\/raymarine.ee\\\/wp-content\\\/uploads\\\/2025\\\/01\\\/RV300-ThroughHull-Transducer-Pack.webp\",\"contentUrl\":\"https:\\\/\\\/raymarine.ee\\\/wp-content\\\/uploads\\\/2025\\\/01\\\/RV300-ThroughHull-Transducer-Pack.webp\",\"width\":600,\"height\":600,\"caption\":\"RV300-ThroughHull-Transducer-Pack\"},{\"@type\":\"BreadcrumbList\",\"@id\":\"https:\\\/\\\/raymarine.ee\\\/product\\\/pack-of-rv-312-realvision-3d-plastic-thru-hull-txds-port-starboard-12-direct-connect-to-axiom-2-x-2m-y-cable-and-8m-extension-cable\\\/#breadcrumb\",\"itemListElement\":[{\"@type\":\"ListItem\",\"position\":1,\"name\":\"Home\",\"item\":\"https:\\\/\\\/raymarine.ee\\\/\"},{\"@type\":\"ListItem\",\"position\":2,\"name\":\"Tooted\",\"item\":\"https:\\\/\\\/raymarine.ee\\\/shop\\\/\"},{\"@type\":\"ListItem\",\"position\":3,\"name\":\"Pack of RV-312 RealVision 3D Plastic Thru Hull Txds, Port &#038; Starboard 12\u00b0, Direct connect to AXIOM (2 x 2m, Y-cable and 8m extension cable)\"}]},{\"@type\":\"WebSite\",\"@id\":\"https:\\\/\\\/raymarine.ee\\\/#website\",\"url\":\"https:\\\/\\\/raymarine.ee\\\/\",\"name\":\"www.raymarine.ee\",\"description\":\"Mereelektroonika, kaardiplotter, autopiloot, pinnipiloot, roolipiloot, radar, AIS, VHF, Smart Wind\",\"publisher\":{\"@id\":\"https:\\\/\\\/raymarine.ee\\\/#organization\"},\"alternateName\":\"Raymarine\",\"potentialAction\":[{\"@type\":\"SearchAction\",\"target\":{\"@type\":\"EntryPoint\",\"urlTemplate\":\"https:\\\/\\\/raymarine.ee\\\/?s={search_term_string}\"},\"query-input\":{\"@type\":\"PropertyValueSpecification\",\"valueRequired\":true,\"valueName\":\"search_term_string\"}}],\"inLanguage\":\"en-GB\"},{\"@type\":\"Organization\",\"@id\":\"https:\\\/\\\/raymarine.ee\\\/#organization\",\"name\":\"NavSystems O\u00dc\",\"url\":\"https:\\\/\\\/raymarine.ee\\\/\",\"logo\":{\"@type\":\"ImageObject\",\"inLanguage\":\"en-GB\",\"@id\":\"https:\\\/\\\/raymarine.ee\\\/#\\\/schema\\\/logo\\\/image\\\/\",\"url\":\"https:\\\/\\\/raymarine.ee\\\/wp-content\\\/uploads\\\/2024\\\/10\\\/Screenshot-2024-10-15-151324_bg_removed.webp\",\"contentUrl\":\"https:\\\/\\\/raymarine.ee\\\/wp-content\\\/uploads\\\/2024\\\/10\\\/Screenshot-2024-10-15-151324_bg_removed.webp\",\"width\":420,\"height\":276,\"caption\":\"NavSystems O\u00dc\"},\"image\":{\"@id\":\"https:\\\/\\\/raymarine.ee\\\/#\\\/schema\\\/logo\\\/image\\\/\"},\"sameAs\":[\"https:\\\/\\\/www.facebook.com\\\/NavSystems\"],\"legalName\":\"NavSystems O\u00dc\",\"foundingDate\":\"2011-05-03\",\"numberOfEmployees\":{\"@type\":\"QuantitativeValue\",\"minValue\":\"1\",\"maxValue\":\"10\"}}]}<\/script>\n<meta property=\"product:price:amount\" content=\"2065.00\" \/>\n<meta property=\"product:price:currency\" content=\"EUR\" \/>\n<meta property=\"og:availability\" content=\"backorder\" \/>\n<meta property=\"product:availability\" content=\"available for order\" \/>\n<meta property=\"product:retailer_item_id\" content=\"T70320\" \/>\n<meta property=\"product:condition\" content=\"new\" \/>\n<!-- \/ Yoast SEO Premium plugin. -->","yoast_head_json":{"title":"Pack of RV-312 RealVision 3D Plastic Thru Hull Txds, Port & Starboard 12\u00b0, Direct connect to AXIOM (2 x 2m, Y-cable and 8m extension cable) - NavSystems Mereelektroonika","description":"Raymarine RV-andurite paigaldamisel v\u00e4ldi pingelangu, turbulentsi ja magnetilisi h\u00e4ireid. \u00d5ige paralleelne paigaldus tagab parima RealVision 3D sonaripildi.","robots":{"index":"index","follow":"follow","max-snippet":"max-snippet:-1","max-image-preview":"max-image-preview:large","max-video-preview":"max-video-preview:-1"},"canonical":"https:\/\/raymarine.ee\/en\/product\/pack-of-rv-312-realvision-3d-plastic-thru-hull-txds-port-starboard-12-direct-connect-to-axiom-2-x-2m-y-cable-and-8m-extension-cable\/","og_locale":"en_GB","og_type":"article","og_title":"Pack of RV-312 RealVision 3D Plastic Thru Hull Txds, Port & Starboard 12\u00b0, Direct connect to AXIOM (2 x 2m, Y-cable and 8m extension cable)","og_description":"Raymarine RV-andurite paigaldamisel v\u00e4ldi pingelangu, turbulentsi ja magnetilisi h\u00e4ireid. \u00d5ige paralleelne paigaldus tagab parima RealVision 3D sonaripildi.","og_url":"https:\/\/raymarine.ee\/en\/product\/pack-of-rv-312-realvision-3d-plastic-thru-hull-txds-port-starboard-12-direct-connect-to-axiom-2-x-2m-y-cable-and-8m-extension-cable\/","og_site_name":"NavSystems","article_publisher":"https:\/\/www.facebook.com\/NavSystems","article_modified_time":"2025-04-18T15:37:00+00:00","og_image":[{"width":600,"height":600,"url":"https:\/\/raymarine.ee\/wp-content\/uploads\/2025\/01\/RV300-ThroughHull-Transducer-Pack.webp","type":"image\/webp"}],"twitter_card":"summary_large_image","twitter_misc":{"Price":"2 065,00&nbsp;&euro;","Availability":"On back order"},"schema":{"@context":"https:\/\/schema.org","@graph":[{"@type":"WebPage","@id":"https:\/\/raymarine.ee\/product\/pack-of-rv-312-realvision-3d-plastic-thru-hull-txds-port-starboard-12-direct-connect-to-axiom-2-x-2m-y-cable-and-8m-extension-cable\/","url":"https:\/\/raymarine.ee\/product\/pack-of-rv-312-realvision-3d-plastic-thru-hull-txds-port-starboard-12-direct-connect-to-axiom-2-x-2m-y-cable-and-8m-extension-cable\/","name":"Pack of RV-312 RealVision 3D Plastic Thru Hull Txds, Port & Starboard 12\u00b0, Direct connect to AXIOM (2 x 2m, Y-cable and 8m extension cable) - NavSystems Mereelektroonika","isPartOf":{"@id":"https:\/\/raymarine.ee\/#website"},"primaryImageOfPage":{"@id":"https:\/\/raymarine.ee\/product\/pack-of-rv-312-realvision-3d-plastic-thru-hull-txds-port-starboard-12-direct-connect-to-axiom-2-x-2m-y-cable-and-8m-extension-cable\/#primaryimage"},"image":{"@id":"https:\/\/raymarine.ee\/product\/pack-of-rv-312-realvision-3d-plastic-thru-hull-txds-port-starboard-12-direct-connect-to-axiom-2-x-2m-y-cable-and-8m-extension-cable\/#primaryimage"},"thumbnailUrl":"https:\/\/raymarine.ee\/wp-content\/uploads\/2025\/01\/RV300-ThroughHull-Transducer-Pack.webp","datePublished":"2025-01-14T19:11:14+00:00","dateModified":"2025-04-18T15:37:00+00:00","description":"Raymarine RV-andurite paigaldamisel v\u00e4ldi pingelangu, turbulentsi ja magnetilisi h\u00e4ireid. \u00d5ige paralleelne paigaldus tagab parima RealVision 3D sonaripildi.","breadcrumb":{"@id":"https:\/\/raymarine.ee\/product\/pack-of-rv-312-realvision-3d-plastic-thru-hull-txds-port-starboard-12-direct-connect-to-axiom-2-x-2m-y-cable-and-8m-extension-cable\/#breadcrumb"},"inLanguage":"en-GB","potentialAction":[{"@type":"ReadAction","target":["https:\/\/raymarine.ee\/product\/pack-of-rv-312-realvision-3d-plastic-thru-hull-txds-port-starboard-12-direct-connect-to-axiom-2-x-2m-y-cable-and-8m-extension-cable\/"]}]},{"@type":"ImageObject","inLanguage":"en-GB","@id":"https:\/\/raymarine.ee\/product\/pack-of-rv-312-realvision-3d-plastic-thru-hull-txds-port-starboard-12-direct-connect-to-axiom-2-x-2m-y-cable-and-8m-extension-cable\/#primaryimage","url":"https:\/\/raymarine.ee\/wp-content\/uploads\/2025\/01\/RV300-ThroughHull-Transducer-Pack.webp","contentUrl":"https:\/\/raymarine.ee\/wp-content\/uploads\/2025\/01\/RV300-ThroughHull-Transducer-Pack.webp","width":600,"height":600,"caption":"RV300-ThroughHull-Transducer-Pack"},{"@type":"BreadcrumbList","@id":"https:\/\/raymarine.ee\/product\/pack-of-rv-312-realvision-3d-plastic-thru-hull-txds-port-starboard-12-direct-connect-to-axiom-2-x-2m-y-cable-and-8m-extension-cable\/#breadcrumb","itemListElement":[{"@type":"ListItem","position":1,"name":"Home","item":"https:\/\/raymarine.ee\/"},{"@type":"ListItem","position":2,"name":"Tooted","item":"https:\/\/raymarine.ee\/shop\/"},{"@type":"ListItem","position":3,"name":"Pack of RV-312 RealVision 3D Plastic Thru Hull Txds, Port &#038; Starboard 12\u00b0, Direct connect to AXIOM (2 x 2m, Y-cable and 8m extension cable)"}]},{"@type":"WebSite","@id":"https:\/\/raymarine.ee\/#website","url":"https:\/\/raymarine.ee\/","name":"www.raymarine.ee","description":"Mereelektroonika, kaardiplotter, autopiloot, pinnipiloot, roolipiloot, radar, AIS, VHF, Smart Wind","publisher":{"@id":"https:\/\/raymarine.ee\/#organization"},"alternateName":"Raymarine","potentialAction":[{"@type":"SearchAction","target":{"@type":"EntryPoint","urlTemplate":"https:\/\/raymarine.ee\/?s={search_term_string}"},"query-input":{"@type":"PropertyValueSpecification","valueRequired":true,"valueName":"search_term_string"}}],"inLanguage":"en-GB"},{"@type":"Organization","@id":"https:\/\/raymarine.ee\/#organization","name":"NavSystems O\u00dc","url":"https:\/\/raymarine.ee\/","logo":{"@type":"ImageObject","inLanguage":"en-GB","@id":"https:\/\/raymarine.ee\/#\/schema\/logo\/image\/","url":"https:\/\/raymarine.ee\/wp-content\/uploads\/2024\/10\/Screenshot-2024-10-15-151324_bg_removed.webp","contentUrl":"https:\/\/raymarine.ee\/wp-content\/uploads\/2024\/10\/Screenshot-2024-10-15-151324_bg_removed.webp","width":420,"height":276,"caption":"NavSystems O\u00dc"},"image":{"@id":"https:\/\/raymarine.ee\/#\/schema\/logo\/image\/"},"sameAs":["https:\/\/www.facebook.com\/NavSystems"],"legalName":"NavSystems O\u00dc","foundingDate":"2011-05-03","numberOfEmployees":{"@type":"QuantitativeValue","minValue":"1","maxValue":"10"}}]},"product_price_amount":"2065.00","product_price_currency":"EUR","og_availability":"backorder","product_availability":"available for order","product_retailer_item_id":"T70320","product_condition":"new"},"jetpack_sharing_enabled":true,"_links":{"self":[{"href":"https:\/\/raymarine.ee\/en\/wp-json\/wp\/v2\/product\/6357","targetHints":{"allow":["GET"]}}],"collection":[{"href":"https:\/\/raymarine.ee\/en\/wp-json\/wp\/v2\/product"}],"about":[{"href":"https:\/\/raymarine.ee\/en\/wp-json\/wp\/v2\/types\/product"}],"wp:featuredmedia":[{"embeddable":true,"href":"https:\/\/raymarine.ee\/en\/wp-json\/wp\/v2\/media\/6925"}],"wp:attachment":[{"href":"https:\/\/raymarine.ee\/en\/wp-json\/wp\/v2\/media?parent=6357"}],"wp:term":[{"taxonomy":"product_brand","embeddable":true,"href":"https:\/\/raymarine.ee\/en\/wp-json\/wp\/v2\/product_brand?post=6357"},{"taxonomy":"product_cat","embeddable":true,"href":"https:\/\/raymarine.ee\/en\/wp-json\/wp\/v2\/product_cat?post=6357"},{"taxonomy":"product_tag","embeddable":true,"href":"https:\/\/raymarine.ee\/en\/wp-json\/wp\/v2\/product_tag?post=6357"}],"curies":[{"name":"wp","href":"https:\/\/api.w.org\/{rel}","templated":true}]}}