{"id":6358,"date":"2025-01-14T19:10:27","date_gmt":"2025-01-14T19:10:27","guid":{"rendered":"https:\/\/raymarine.ee\/?post_type=product&#038;p=6358"},"modified":"2025-04-18T17:45:32","modified_gmt":"2025-04-18T15:45:32","slug":"pack-of-rv-220-realvision-3d-bronze-thru-hull-txds-port-starboard-20-direct-connect-to-axiom-2-x-2m-y-cable-and-8m-extension-cable","status":"publish","type":"product","link":"https:\/\/raymarine.ee\/en\/product\/pack-of-rv-220-realvision-3d-bronze-thru-hull-txds-port-starboard-20-direct-connect-to-axiom-2-x-2m-y-cable-and-8m-extension-cable\/","title":{"rendered":"Pack of RV-220 RealVision 3D Bronze Thru Hull Txds, Port &#038; Starboard 20\u00b0, Direct connect to AXIOM (2 x 2m, Y-cable and 8m extension cable)"},"content":{"rendered":"<h3 class=\"\" data-start=\"258\" data-end=\"330\"><strong data-start=\"262\" data-end=\"330\">Mida tuleb kindlasti j\u00e4lgida Raymarine RV-andurite paigaldamisel<\/strong><\/h3>\n<p class=\"\" data-start=\"332\" data-end=\"511\">Korralik sonaripilt ja seadmete t\u00f6\u00f6kindlus s\u00f5ltuvad suuresti \u00f5igesti teostatud paigaldusest. Lisaks tootja juhendis toodud paigaldusjuhistele tuleb kindlasti arvestada j\u00e4rgmisega:<\/p>\n<h4 class=\"\" data-start=\"513\" data-end=\"558\">1. <strong data-start=\"521\" data-end=\"558\">Toiteallikas \u2013 v\u00e4ltida stardiakut<\/strong><\/h4>\n<p class=\"\" data-start=\"559\" data-end=\"777\">Axiom RV, Axiom Pro RVX ja RVX1000 sonarimoodulid <strong data-start=\"609\" data-end=\"647\">ei tohiks saada toidet stardiakult<\/strong>. Mootori k\u00e4ivitamisel tekkiv <strong data-start=\"677\" data-end=\"727\">pingelang v\u00f5ib p\u00f5hjustada sonaripildi kadumise<\/strong>, mis omakorda segab navigeerimist ja kalastamist.<\/p>\n<h4 class=\"\" data-start=\"779\" data-end=\"828\">2. <strong data-start=\"787\" data-end=\"828\">Turbulentsuse ja \u00f5humullide v\u00e4ltimine<\/strong><\/h4>\n<p class=\"\" data-start=\"829\" data-end=\"1002\">Andureid <strong data-start=\"838\" data-end=\"913\">ei tohi paigaldada veev\u00f5tuavade v\u00f5i kere v\u00e4ljaulatuvate osade l\u00e4hedusse<\/strong>, mis tekitavad <strong data-start=\"929\" data-end=\"956\">turbulentsi ja \u00f5humulle<\/strong>, v\u00e4hendades oluliselt sonaripildi kvaliteeti.<\/p>\n<h4 class=\"\" data-start=\"1004\" data-end=\"1058\">3. <strong data-start=\"1012\" data-end=\"1058\">Paralleelne paigaldus ja positsioneerimine<\/strong><\/h4>\n<ul data-start=\"1059\" data-end=\"1476\">\n<li class=\"\" data-start=\"1059\" data-end=\"1151\">\n<p class=\"\" data-start=\"1061\" data-end=\"1151\">Andurid <strong data-start=\"1069\" data-end=\"1119\">peavad olema paigaldatud t\u00e4pselt paralleelselt<\/strong>, et sonaripilt ei oleks nihkes.<\/p>\n<\/li>\n<li class=\"\" data-start=\"1152\" data-end=\"1227\">\n<p class=\"\" data-start=\"1154\" data-end=\"1227\">Kui \u00fcks andur asub teisest ees- v\u00f5i tagapool, <strong data-start=\"1200\" data-end=\"1226\">on sonaripilt ebat\u00e4pne<\/strong>.<\/p>\n<\/li>\n<li class=\"\" data-start=\"1228\" data-end=\"1388\">\n<p class=\"\" data-start=\"1230\" data-end=\"1388\"><strong data-start=\"1230\" data-end=\"1253\">Maksimaalne vahemaa<\/strong> kahe anduri vahel laiusesuunas on <strong data-start=\"1288\" data-end=\"1301\">2 meetrit<\/strong> (ehk kiilust kuni 1 meeter paremale ja vasakule). Ideaaljuhul j\u00e4\u00e4b vahe alla 1 meetri.<\/p>\n<\/li>\n<li class=\"\" data-start=\"1389\" data-end=\"1476\">\n<p class=\"\" data-start=\"1391\" data-end=\"1476\">Paigaldusk\u00f5rgus: <strong data-start=\"1408\" data-end=\"1444\">v\u00e4hemalt 300 mm allpool veeliini<\/strong>, nii seisvas olekus kui s\u00f5idul.<\/p>\n<\/li>\n<\/ul>\n<h4 class=\"\" data-start=\"1478\" data-end=\"1517\">4. <strong data-start=\"1486\" data-end=\"1517\">AHRS-sensor ja magnetv\u00e4ljad<\/strong><\/h4>\n<p class=\"\" data-start=\"1518\" data-end=\"1909\">RV-anduritel on <strong data-start=\"1534\" data-end=\"1582\">AHRS (Attitude and Heading Reference Sensor)<\/strong>, mis <strong data-start=\"1588\" data-end=\"1620\">kompenseerib laeva liikumist<\/strong>, tagades stabiilse sonaripildi.<br data-start=\"1652\" data-end=\"1655\" \/><strong data-start=\"1655\" data-end=\"1817\">V\u00e4ltida tuleks paigaldust metallist v\u00f5i tugeva elektromagnetilise kiirgusega komponentide (nt mootoriplokid, laadijad, inverterid, elektripaneelid) l\u00e4hedusse<\/strong>, kuna need <strong data-start=\"1829\" data-end=\"1850\">segavad AHRS-t\u00f6\u00f6d<\/strong>. Vajadusel saab AHRS-i <strong data-start=\"1874\" data-end=\"1908\">men\u00fc\u00fcst k\u00e4sitsi v\u00e4lja l\u00fclitada<\/strong>.<\/p>\n<hr class=\"\" data-start=\"1911\" data-end=\"1914\" \/>\n<h3 class=\"\" data-start=\"1916\" data-end=\"2001\"><strong data-start=\"1920\" data-end=\"2001\">Tootekirjeldus: Raymarine RV-220 pronksist l\u00e4bi kere paigaldatav anduripakett<\/strong><\/h3>\n<p class=\"\" data-start=\"2003\" data-end=\"2256\"><strong data-start=\"2003\" data-end=\"2023\">Raymarine RV-220<\/strong> on <strong data-start=\"2027\" data-end=\"2075\">RealVision 3D sonariga varustatud anduripaar<\/strong>, mis sobib paatidele, millel on kere kallak (deadrise) vahemikus <strong data-start=\"2141\" data-end=\"2157\">14\u00b0 kuni 26\u00b0<\/strong>. Pakett sisaldab kahte <strong data-start=\"2181\" data-end=\"2226\">4-kanalilist laia spektriga CHIRP-andurit<\/strong>, mille funktsioonid h\u00f5lmavad:<\/p>\n<ul data-start=\"2258\" data-end=\"2548\">\n<li class=\"\" data-start=\"2258\" data-end=\"2331\">\n<p class=\"\" data-start=\"2260\" data-end=\"2331\"><strong data-start=\"2260\" data-end=\"2329\">DownVision\u2122, SideVision\u2122, CHIRP-kalasihistamine ja RealVision 3D\u2122<\/strong><\/p>\n<\/li>\n<li class=\"\" data-start=\"2332\" data-end=\"2389\">\n<p class=\"\" data-start=\"2334\" data-end=\"2389\"><strong data-start=\"2334\" data-end=\"2356\">Sisseehitatud AHRS<\/strong> sonaripildi stabiliseerimiseks<\/p>\n<\/li>\n<li class=\"\" data-start=\"2390\" data-end=\"2440\">\n<p class=\"\" data-start=\"2392\" data-end=\"2440\"><strong data-start=\"2392\" data-end=\"2438\">T\u00e4psed ja kiired veetemperatuuri m\u00f5\u00f5tmised<\/strong><\/p>\n<\/li>\n<li class=\"\" data-start=\"2441\" data-end=\"2508\">\n<p class=\"\" data-start=\"2443\" data-end=\"2508\"><strong data-start=\"2443\" data-end=\"2460\">Madal profiil<\/strong> \u2013 v\u00e4hendab takistust, ei tekita kavitatsiooni<\/p>\n<\/li>\n<li class=\"\" data-start=\"2509\" data-end=\"2548\">\n<p class=\"\" data-start=\"2511\" data-end=\"2548\"><strong data-start=\"2511\" data-end=\"2548\">Sobib treilerdatavatele paatidele<\/strong><\/p>\n<\/li>\n<\/ul>\n<h4 class=\"\" data-start=\"2550\" data-end=\"2579\">Paigaldus ja materjalid:<\/h4>\n<ul data-start=\"2580\" data-end=\"2838\">\n<li class=\"\" data-start=\"2580\" data-end=\"2662\">\n<p class=\"\" data-start=\"2582\" data-end=\"2662\"><strong data-start=\"2582\" data-end=\"2600\">Pronksist kere<\/strong> \u2013 ideaalne kasutamiseks <strong data-start=\"2625\" data-end=\"2662\">klaasplastist ja puidust paatidel<\/strong><\/p>\n<\/li>\n<li class=\"\" data-start=\"2663\" data-end=\"2751\">\n<p class=\"\" data-start=\"2665\" data-end=\"2751\">\u00dcks andur suunatud vasakule ja alla, teine paremale ja alla \u2013 <strong data-start=\"2727\" data-end=\"2751\">180\u00b0 veealune katvus<\/strong><\/p>\n<\/li>\n<li class=\"\" data-start=\"2752\" data-end=\"2838\">\n<p class=\"\" data-start=\"2754\" data-end=\"2838\">Komplektis: <strong data-start=\"2766\" data-end=\"2819\">2 m andurikaablid + Y-kaabel + 8 m pikenduskaabel<\/strong> (kogupikkus: 10 m)<\/p>\n<\/li>\n<\/ul>\n<hr class=\"\" data-start=\"2840\" data-end=\"2843\" \/>\n<h3 class=\"\" data-start=\"2845\" data-end=\"2860\">Komplektis:<\/h3>\n<ul data-start=\"2861\" data-end=\"3059\">\n<li class=\"\" data-start=\"2861\" data-end=\"2909\">\n<p class=\"\" data-start=\"2863\" data-end=\"2909\">RV-220P vasakpoolne pronksandur (2 m kaabel)<\/p>\n<\/li>\n<li class=\"\" data-start=\"2910\" data-end=\"2958\">\n<p class=\"\" data-start=\"2912\" data-end=\"2958\">RV-220S parempoolne pronksandur (2 m kaabel)<\/p>\n<\/li>\n<li class=\"\" data-start=\"2959\" data-end=\"2985\">\n<p class=\"\" data-start=\"2961\" data-end=\"2985\">RealVision 3D Y-kaabel<\/p>\n<\/li>\n<li class=\"\" data-start=\"2986\" data-end=\"3008\">\n<p class=\"\" data-start=\"2988\" data-end=\"3008\">8 m pikenduskaabel<\/p>\n<\/li>\n<li class=\"\" data-start=\"3009\" data-end=\"3040\">\n<p class=\"\" data-start=\"3011\" data-end=\"3040\">Anti-rotatsiooni kinnitused<\/p>\n<\/li>\n<li class=\"\" data-start=\"3041\" data-end=\"3059\">\n<p class=\"\" data-start=\"3043\" data-end=\"3059\">Paigaldusjuhised<\/p>\n<\/li>\n<\/ul>","protected":false},"excerpt":{"rendered":"<p>RV-220 Bronze Through Hull Transducer Pack (with 20\u00b0 deadrise compensation) Through Hull Designed for inboard or outboard boats, the RV-220 Bronze Through Hull Transducer System lets you easily identify structures and locate fish with the life-like clarity of RealVision 3D\u2122 sonar. The RV-220 system is a 4-channel, Wide Spectrum CHIRP transducer system with DownVision\u2122, SideVision\u2122, high frequency CHIRP fish targeting and RealVision 3D\u2122 sonar inside. The transducer system has a built-in attitude and heading reference system (AHRS) that stabilizes the sonar imagery, automatically compensating for vessel motion. You\u2019ll enjoy crystal-clear imagery in waves, swells, and while maneuvering. The RV-220 system also has a built-in fast response water temperature sensor for quick, accurate readings. Raymarine\u2019s RV-220 Bronze Through Hull Transducer system pack contains a pair of RealVision 3D transducers with internal offset to accommodate hull deadrise angles from 14\u00b0 to 26\u00b0. This completely eliminates the need for fairing blocks. The low-profile design slips effortlessly through the water without causing drag or cavitation. The near-flush RV-220 system works great on trailered boats too.<\/p>","protected":false},"featured_media":6926,"template":"","meta":{"_acf_changed":false},"product_brand":[134],"product_cat":[54,103,79],"product_tag":[],"class_list":{"0":"post-6358","1":"product","2":"type-product","3":"status-publish","4":"has-post-thumbnail","6":"product_brand-raymarine","7":"product_cat-kalaleidjad","8":"product_cat-raymarine","9":"product_cat-kalaleidjate_andurid","11":"first","12":"onbackorder","13":"sale","14":"taxable","15":"shipping-taxable","16":"purchasable","17":"product-type-simple"},"acf":[],"yoast_head":"<!-- This site is optimized with the Yoast SEO Premium plugin v27.5 (Yoast SEO v27.5) - https:\/\/yoast.com\/product\/yoast-seo-premium-wordpress\/ -->\n<title>Pack of RV-220 RealVision 3D Bronze Thru Hull Txds, Port &amp; Starboard 20\u00b0, Direct connect to AXIOM (2 x 2m, Y-cable and 8m extension cable) - NavSystems Mereelektroonika<\/title>\n<meta name=\"description\" content=\"Raymarine RV-andurite paigaldamisel v\u00e4ldi pingelangu ja magnetilisi h\u00e4ireid. RV-220 pronksandurid tagavad stabiilse RealVision 3D sonaripildi ja t\u00e4pse s\u00fcgavuse.\" \/>\n<meta name=\"robots\" content=\"index, follow, max-snippet:-1, max-image-preview:large, max-video-preview:-1\" \/>\n<link rel=\"canonical\" href=\"https:\/\/raymarine.ee\/en\/product\/pack-of-rv-220-realvision-3d-bronze-thru-hull-txds-port-starboard-20-direct-connect-to-axiom-2-x-2m-y-cable-and-8m-extension-cable\/\" \/>\n<meta property=\"og:locale\" content=\"en_GB\" \/>\n<meta property=\"og:type\" content=\"article\" \/>\n<meta property=\"og:title\" content=\"Pack of RV-220 RealVision 3D Bronze Thru Hull Txds, Port &amp; Starboard 20\u00b0, Direct connect to AXIOM (2 x 2m, Y-cable and 8m extension cable)\" \/>\n<meta property=\"og:description\" content=\"Raymarine RV-andurite paigaldamisel v\u00e4ldi pingelangu ja magnetilisi h\u00e4ireid. RV-220 pronksandurid tagavad stabiilse RealVision 3D sonaripildi ja t\u00e4pse s\u00fcgavuse.\" \/>\n<meta property=\"og:url\" content=\"https:\/\/raymarine.ee\/en\/product\/pack-of-rv-220-realvision-3d-bronze-thru-hull-txds-port-starboard-20-direct-connect-to-axiom-2-x-2m-y-cable-and-8m-extension-cable\/\" \/>\n<meta property=\"og:site_name\" content=\"NavSystems\" \/>\n<meta property=\"article:publisher\" content=\"https:\/\/www.facebook.com\/NavSystems\" \/>\n<meta property=\"article:modified_time\" content=\"2025-04-18T15:45:32+00:00\" \/>\n<meta property=\"og:image\" content=\"https:\/\/raymarine.ee\/wp-content\/uploads\/2025\/01\/RV200-ThroughHull-Transducer-Pack.webp\" \/>\n\t<meta property=\"og:image:width\" content=\"600\" \/>\n\t<meta property=\"og:image:height\" content=\"600\" \/>\n\t<meta property=\"og:image:type\" content=\"image\/webp\" \/>\n<meta name=\"twitter:card\" content=\"summary_large_image\" \/>\n<meta name=\"twitter:label1\" content=\"Price\" \/>\n\t<meta name=\"twitter:data1\" content=\"2 432,00&nbsp;&euro;\" \/>\n\t<meta name=\"twitter:label2\" content=\"Availability\" \/>\n\t<meta name=\"twitter:data2\" content=\"On back order\" \/>\n<script type=\"application\/ld+json\" class=\"yoast-schema-graph\">{\"@context\":\"https:\\\/\\\/schema.org\",\"@graph\":[{\"@type\":\"WebPage\",\"@id\":\"https:\\\/\\\/raymarine.ee\\\/product\\\/pack-of-rv-220-realvision-3d-bronze-thru-hull-txds-port-starboard-20-direct-connect-to-axiom-2-x-2m-y-cable-and-8m-extension-cable\\\/\",\"url\":\"https:\\\/\\\/raymarine.ee\\\/product\\\/pack-of-rv-220-realvision-3d-bronze-thru-hull-txds-port-starboard-20-direct-connect-to-axiom-2-x-2m-y-cable-and-8m-extension-cable\\\/\",\"name\":\"Pack of RV-220 RealVision 3D Bronze Thru Hull Txds, Port & Starboard 20\u00b0, Direct connect to AXIOM (2 x 2m, Y-cable and 8m extension cable) - NavSystems Mereelektroonika\",\"isPartOf\":{\"@id\":\"https:\\\/\\\/raymarine.ee\\\/#website\"},\"primaryImageOfPage\":{\"@id\":\"https:\\\/\\\/raymarine.ee\\\/product\\\/pack-of-rv-220-realvision-3d-bronze-thru-hull-txds-port-starboard-20-direct-connect-to-axiom-2-x-2m-y-cable-and-8m-extension-cable\\\/#primaryimage\"},\"image\":{\"@id\":\"https:\\\/\\\/raymarine.ee\\\/product\\\/pack-of-rv-220-realvision-3d-bronze-thru-hull-txds-port-starboard-20-direct-connect-to-axiom-2-x-2m-y-cable-and-8m-extension-cable\\\/#primaryimage\"},\"thumbnailUrl\":\"https:\\\/\\\/raymarine.ee\\\/wp-content\\\/uploads\\\/2025\\\/01\\\/RV200-ThroughHull-Transducer-Pack.webp\",\"datePublished\":\"2025-01-14T19:10:27+00:00\",\"dateModified\":\"2025-04-18T15:45:32+00:00\",\"description\":\"Raymarine RV-andurite paigaldamisel v\u00e4ldi pingelangu ja magnetilisi h\u00e4ireid. RV-220 pronksandurid tagavad stabiilse RealVision 3D sonaripildi ja t\u00e4pse s\u00fcgavuse.\",\"breadcrumb\":{\"@id\":\"https:\\\/\\\/raymarine.ee\\\/product\\\/pack-of-rv-220-realvision-3d-bronze-thru-hull-txds-port-starboard-20-direct-connect-to-axiom-2-x-2m-y-cable-and-8m-extension-cable\\\/#breadcrumb\"},\"inLanguage\":\"en-GB\",\"potentialAction\":[{\"@type\":\"ReadAction\",\"target\":[\"https:\\\/\\\/raymarine.ee\\\/product\\\/pack-of-rv-220-realvision-3d-bronze-thru-hull-txds-port-starboard-20-direct-connect-to-axiom-2-x-2m-y-cable-and-8m-extension-cable\\\/\"]}]},{\"@type\":\"ImageObject\",\"inLanguage\":\"en-GB\",\"@id\":\"https:\\\/\\\/raymarine.ee\\\/product\\\/pack-of-rv-220-realvision-3d-bronze-thru-hull-txds-port-starboard-20-direct-connect-to-axiom-2-x-2m-y-cable-and-8m-extension-cable\\\/#primaryimage\",\"url\":\"https:\\\/\\\/raymarine.ee\\\/wp-content\\\/uploads\\\/2025\\\/01\\\/RV200-ThroughHull-Transducer-Pack.webp\",\"contentUrl\":\"https:\\\/\\\/raymarine.ee\\\/wp-content\\\/uploads\\\/2025\\\/01\\\/RV200-ThroughHull-Transducer-Pack.webp\",\"width\":600,\"height\":600,\"caption\":\"RV200-ThroughHull-Transducer-Pack\"},{\"@type\":\"BreadcrumbList\",\"@id\":\"https:\\\/\\\/raymarine.ee\\\/product\\\/pack-of-rv-220-realvision-3d-bronze-thru-hull-txds-port-starboard-20-direct-connect-to-axiom-2-x-2m-y-cable-and-8m-extension-cable\\\/#breadcrumb\",\"itemListElement\":[{\"@type\":\"ListItem\",\"position\":1,\"name\":\"Home\",\"item\":\"https:\\\/\\\/raymarine.ee\\\/\"},{\"@type\":\"ListItem\",\"position\":2,\"name\":\"Tooted\",\"item\":\"https:\\\/\\\/raymarine.ee\\\/shop\\\/\"},{\"@type\":\"ListItem\",\"position\":3,\"name\":\"Pack of RV-220 RealVision 3D Bronze Thru Hull Txds, Port &#038; Starboard 20\u00b0, Direct connect to AXIOM (2 x 2m, Y-cable and 8m extension cable)\"}]},{\"@type\":\"WebSite\",\"@id\":\"https:\\\/\\\/raymarine.ee\\\/#website\",\"url\":\"https:\\\/\\\/raymarine.ee\\\/\",\"name\":\"www.raymarine.ee\",\"description\":\"Mereelektroonika, kaardiplotter, autopiloot, pinnipiloot, roolipiloot, radar, AIS, VHF, Smart Wind\",\"publisher\":{\"@id\":\"https:\\\/\\\/raymarine.ee\\\/#organization\"},\"alternateName\":\"Raymarine\",\"potentialAction\":[{\"@type\":\"SearchAction\",\"target\":{\"@type\":\"EntryPoint\",\"urlTemplate\":\"https:\\\/\\\/raymarine.ee\\\/?s={search_term_string}\"},\"query-input\":{\"@type\":\"PropertyValueSpecification\",\"valueRequired\":true,\"valueName\":\"search_term_string\"}}],\"inLanguage\":\"en-GB\"},{\"@type\":\"Organization\",\"@id\":\"https:\\\/\\\/raymarine.ee\\\/#organization\",\"name\":\"NavSystems O\u00dc\",\"url\":\"https:\\\/\\\/raymarine.ee\\\/\",\"logo\":{\"@type\":\"ImageObject\",\"inLanguage\":\"en-GB\",\"@id\":\"https:\\\/\\\/raymarine.ee\\\/#\\\/schema\\\/logo\\\/image\\\/\",\"url\":\"https:\\\/\\\/raymarine.ee\\\/wp-content\\\/uploads\\\/2024\\\/10\\\/Screenshot-2024-10-15-151324_bg_removed.webp\",\"contentUrl\":\"https:\\\/\\\/raymarine.ee\\\/wp-content\\\/uploads\\\/2024\\\/10\\\/Screenshot-2024-10-15-151324_bg_removed.webp\",\"width\":420,\"height\":276,\"caption\":\"NavSystems O\u00dc\"},\"image\":{\"@id\":\"https:\\\/\\\/raymarine.ee\\\/#\\\/schema\\\/logo\\\/image\\\/\"},\"sameAs\":[\"https:\\\/\\\/www.facebook.com\\\/NavSystems\"],\"legalName\":\"NavSystems O\u00dc\",\"foundingDate\":\"2011-05-03\",\"numberOfEmployees\":{\"@type\":\"QuantitativeValue\",\"minValue\":\"1\",\"maxValue\":\"10\"}}]}<\/script>\n<meta property=\"product:price:amount\" content=\"2432.00\" \/>\n<meta property=\"product:price:currency\" content=\"EUR\" \/>\n<meta property=\"og:availability\" content=\"backorder\" \/>\n<meta property=\"product:availability\" content=\"available for order\" \/>\n<meta property=\"product:retailer_item_id\" content=\"T70319\" \/>\n<meta property=\"product:condition\" content=\"new\" \/>\n<!-- \/ Yoast SEO Premium plugin. -->","yoast_head_json":{"title":"Pack of RV-220 RealVision 3D Bronze Thru Hull Txds, Port & Starboard 20\u00b0, Direct connect to AXIOM (2 x 2m, Y-cable and 8m extension cable) - NavSystems Mereelektroonika","description":"Raymarine RV-andurite paigaldamisel v\u00e4ldi pingelangu ja magnetilisi h\u00e4ireid. RV-220 pronksandurid tagavad stabiilse RealVision 3D sonaripildi ja t\u00e4pse s\u00fcgavuse.","robots":{"index":"index","follow":"follow","max-snippet":"max-snippet:-1","max-image-preview":"max-image-preview:large","max-video-preview":"max-video-preview:-1"},"canonical":"https:\/\/raymarine.ee\/en\/product\/pack-of-rv-220-realvision-3d-bronze-thru-hull-txds-port-starboard-20-direct-connect-to-axiom-2-x-2m-y-cable-and-8m-extension-cable\/","og_locale":"en_GB","og_type":"article","og_title":"Pack of RV-220 RealVision 3D Bronze Thru Hull Txds, Port & Starboard 20\u00b0, Direct connect to AXIOM (2 x 2m, Y-cable and 8m extension cable)","og_description":"Raymarine RV-andurite paigaldamisel v\u00e4ldi pingelangu ja magnetilisi h\u00e4ireid. RV-220 pronksandurid tagavad stabiilse RealVision 3D sonaripildi ja t\u00e4pse s\u00fcgavuse.","og_url":"https:\/\/raymarine.ee\/en\/product\/pack-of-rv-220-realvision-3d-bronze-thru-hull-txds-port-starboard-20-direct-connect-to-axiom-2-x-2m-y-cable-and-8m-extension-cable\/","og_site_name":"NavSystems","article_publisher":"https:\/\/www.facebook.com\/NavSystems","article_modified_time":"2025-04-18T15:45:32+00:00","og_image":[{"width":600,"height":600,"url":"https:\/\/raymarine.ee\/wp-content\/uploads\/2025\/01\/RV200-ThroughHull-Transducer-Pack.webp","type":"image\/webp"}],"twitter_card":"summary_large_image","twitter_misc":{"Price":"2 432,00&nbsp;&euro;","Availability":"On back order"},"schema":{"@context":"https:\/\/schema.org","@graph":[{"@type":"WebPage","@id":"https:\/\/raymarine.ee\/product\/pack-of-rv-220-realvision-3d-bronze-thru-hull-txds-port-starboard-20-direct-connect-to-axiom-2-x-2m-y-cable-and-8m-extension-cable\/","url":"https:\/\/raymarine.ee\/product\/pack-of-rv-220-realvision-3d-bronze-thru-hull-txds-port-starboard-20-direct-connect-to-axiom-2-x-2m-y-cable-and-8m-extension-cable\/","name":"Pack of RV-220 RealVision 3D Bronze Thru Hull Txds, Port & Starboard 20\u00b0, Direct connect to AXIOM (2 x 2m, Y-cable and 8m extension cable) - NavSystems Mereelektroonika","isPartOf":{"@id":"https:\/\/raymarine.ee\/#website"},"primaryImageOfPage":{"@id":"https:\/\/raymarine.ee\/product\/pack-of-rv-220-realvision-3d-bronze-thru-hull-txds-port-starboard-20-direct-connect-to-axiom-2-x-2m-y-cable-and-8m-extension-cable\/#primaryimage"},"image":{"@id":"https:\/\/raymarine.ee\/product\/pack-of-rv-220-realvision-3d-bronze-thru-hull-txds-port-starboard-20-direct-connect-to-axiom-2-x-2m-y-cable-and-8m-extension-cable\/#primaryimage"},"thumbnailUrl":"https:\/\/raymarine.ee\/wp-content\/uploads\/2025\/01\/RV200-ThroughHull-Transducer-Pack.webp","datePublished":"2025-01-14T19:10:27+00:00","dateModified":"2025-04-18T15:45:32+00:00","description":"Raymarine RV-andurite paigaldamisel v\u00e4ldi pingelangu ja magnetilisi h\u00e4ireid. RV-220 pronksandurid tagavad stabiilse RealVision 3D sonaripildi ja t\u00e4pse s\u00fcgavuse.","breadcrumb":{"@id":"https:\/\/raymarine.ee\/product\/pack-of-rv-220-realvision-3d-bronze-thru-hull-txds-port-starboard-20-direct-connect-to-axiom-2-x-2m-y-cable-and-8m-extension-cable\/#breadcrumb"},"inLanguage":"en-GB","potentialAction":[{"@type":"ReadAction","target":["https:\/\/raymarine.ee\/product\/pack-of-rv-220-realvision-3d-bronze-thru-hull-txds-port-starboard-20-direct-connect-to-axiom-2-x-2m-y-cable-and-8m-extension-cable\/"]}]},{"@type":"ImageObject","inLanguage":"en-GB","@id":"https:\/\/raymarine.ee\/product\/pack-of-rv-220-realvision-3d-bronze-thru-hull-txds-port-starboard-20-direct-connect-to-axiom-2-x-2m-y-cable-and-8m-extension-cable\/#primaryimage","url":"https:\/\/raymarine.ee\/wp-content\/uploads\/2025\/01\/RV200-ThroughHull-Transducer-Pack.webp","contentUrl":"https:\/\/raymarine.ee\/wp-content\/uploads\/2025\/01\/RV200-ThroughHull-Transducer-Pack.webp","width":600,"height":600,"caption":"RV200-ThroughHull-Transducer-Pack"},{"@type":"BreadcrumbList","@id":"https:\/\/raymarine.ee\/product\/pack-of-rv-220-realvision-3d-bronze-thru-hull-txds-port-starboard-20-direct-connect-to-axiom-2-x-2m-y-cable-and-8m-extension-cable\/#breadcrumb","itemListElement":[{"@type":"ListItem","position":1,"name":"Home","item":"https:\/\/raymarine.ee\/"},{"@type":"ListItem","position":2,"name":"Tooted","item":"https:\/\/raymarine.ee\/shop\/"},{"@type":"ListItem","position":3,"name":"Pack of RV-220 RealVision 3D Bronze Thru Hull Txds, Port &#038; Starboard 20\u00b0, Direct connect to AXIOM (2 x 2m, Y-cable and 8m extension cable)"}]},{"@type":"WebSite","@id":"https:\/\/raymarine.ee\/#website","url":"https:\/\/raymarine.ee\/","name":"www.raymarine.ee","description":"Mereelektroonika, kaardiplotter, autopiloot, pinnipiloot, roolipiloot, radar, AIS, VHF, Smart Wind","publisher":{"@id":"https:\/\/raymarine.ee\/#organization"},"alternateName":"Raymarine","potentialAction":[{"@type":"SearchAction","target":{"@type":"EntryPoint","urlTemplate":"https:\/\/raymarine.ee\/?s={search_term_string}"},"query-input":{"@type":"PropertyValueSpecification","valueRequired":true,"valueName":"search_term_string"}}],"inLanguage":"en-GB"},{"@type":"Organization","@id":"https:\/\/raymarine.ee\/#organization","name":"NavSystems O\u00dc","url":"https:\/\/raymarine.ee\/","logo":{"@type":"ImageObject","inLanguage":"en-GB","@id":"https:\/\/raymarine.ee\/#\/schema\/logo\/image\/","url":"https:\/\/raymarine.ee\/wp-content\/uploads\/2024\/10\/Screenshot-2024-10-15-151324_bg_removed.webp","contentUrl":"https:\/\/raymarine.ee\/wp-content\/uploads\/2024\/10\/Screenshot-2024-10-15-151324_bg_removed.webp","width":420,"height":276,"caption":"NavSystems O\u00dc"},"image":{"@id":"https:\/\/raymarine.ee\/#\/schema\/logo\/image\/"},"sameAs":["https:\/\/www.facebook.com\/NavSystems"],"legalName":"NavSystems O\u00dc","foundingDate":"2011-05-03","numberOfEmployees":{"@type":"QuantitativeValue","minValue":"1","maxValue":"10"}}]},"product_price_amount":"2432.00","product_price_currency":"EUR","og_availability":"backorder","product_availability":"available for order","product_retailer_item_id":"T70319","product_condition":"new"},"jetpack_sharing_enabled":true,"_links":{"self":[{"href":"https:\/\/raymarine.ee\/en\/wp-json\/wp\/v2\/product\/6358","targetHints":{"allow":["GET"]}}],"collection":[{"href":"https:\/\/raymarine.ee\/en\/wp-json\/wp\/v2\/product"}],"about":[{"href":"https:\/\/raymarine.ee\/en\/wp-json\/wp\/v2\/types\/product"}],"wp:featuredmedia":[{"embeddable":true,"href":"https:\/\/raymarine.ee\/en\/wp-json\/wp\/v2\/media\/6926"}],"wp:attachment":[{"href":"https:\/\/raymarine.ee\/en\/wp-json\/wp\/v2\/media?parent=6358"}],"wp:term":[{"taxonomy":"product_brand","embeddable":true,"href":"https:\/\/raymarine.ee\/en\/wp-json\/wp\/v2\/product_brand?post=6358"},{"taxonomy":"product_cat","embeddable":true,"href":"https:\/\/raymarine.ee\/en\/wp-json\/wp\/v2\/product_cat?post=6358"},{"taxonomy":"product_tag","embeddable":true,"href":"https:\/\/raymarine.ee\/en\/wp-json\/wp\/v2\/product_tag?post=6358"}],"curies":[{"name":"wp","href":"https:\/\/api.w.org\/{rel}","templated":true}]}}