{"id":6359,"date":"2025-01-14T19:09:20","date_gmt":"2025-01-14T19:09:20","guid":{"rendered":"https:\/\/raymarine.ee\/?post_type=product&#038;p=6359"},"modified":"2025-04-18T17:44:38","modified_gmt":"2025-04-18T15:44:38","slug":"pack-of-rv-212-realvision-3d-bronze-thru-hull-txds-port-starboard-12-direct-connect-to-axiom-2-x-2m-y-cable-and-8m-extension-cable","status":"publish","type":"product","link":"https:\/\/raymarine.ee\/en\/product\/pack-of-rv-212-realvision-3d-bronze-thru-hull-txds-port-starboard-12-direct-connect-to-axiom-2-x-2m-y-cable-and-8m-extension-cable\/","title":{"rendered":"Pack of RV-212 RealVision 3D Bronze Thru Hull Txds, Port &#038;Starboard 12\u00b0, Direct connect to AXIOM (2 x 2m, Y-cable and 8m extension cable)"},"content":{"rendered":"<div class=\"panel-heading\">\n<h2 class=\"\" data-start=\"203\" data-end=\"274\"><strong data-start=\"206\" data-end=\"274\">Mida tuleb kindlasti j\u00e4lgida Raymarine RV-andurite paigaldamisel<\/strong><\/h2>\n<p class=\"\" data-start=\"276\" data-end=\"438\">Raymarine RealVision 3D\u2122 sonarite t\u00f6\u00f6kindluse ja pildikvaliteedi tagamiseks tuleb peale juhendis n\u00e4idatud asukoha valiku arvestada j\u00e4rgmiste oluliste aspektidega:<\/p>\n<h3 class=\"\" data-start=\"440\" data-end=\"468\">1. <strong data-start=\"447\" data-end=\"468\">Toiteallika valik<\/strong><\/h3>\n<p class=\"\" data-start=\"469\" data-end=\"665\">\u00c4ra \u00fchenda Axiom RV, Axiom Pro RVX v\u00f5i RVX1000 sonaris\u00fcsteemi <strong data-start=\"531\" data-end=\"550\">stardiaku k\u00fclge<\/strong>. Mootori k\u00e4ivitamisel v\u00f5ib tekkida <strong data-start=\"586\" data-end=\"599\">pingelang<\/strong>, mis v\u00f5ib p\u00f5hjustada <strong data-start=\"621\" data-end=\"645\">sonaripildi kadumist<\/strong> (\u201cpilt kaob eest\u201d).<\/p>\n<h3 class=\"\" data-start=\"667\" data-end=\"701\">2. <strong data-start=\"674\" data-end=\"701\">Turbulentsuse v\u00e4ltimine<\/strong><\/h3>\n<p class=\"\" data-start=\"702\" data-end=\"857\">Paigalda andurid <strong data-start=\"719\" data-end=\"779\">eemale kerest v\u00e4ljaulatuvatest osadest ja veev\u00f5tuavadest<\/strong>, mis tekitavad <strong data-start=\"795\" data-end=\"822\">turbulentsi ja \u00f5humulle<\/strong> ning h\u00e4irivad sonaripildi selgust.<\/p>\n<h3 class=\"\" data-start=\"859\" data-end=\"899\">3. <strong data-start=\"866\" data-end=\"899\">T\u00e4pselt paralleelne paigaldus<\/strong><\/h3>\n<ul data-start=\"900\" data-end=\"1160\">\n<li class=\"\" data-start=\"900\" data-end=\"958\">\n<p class=\"\" data-start=\"902\" data-end=\"958\">Andurid peavad olema <strong data-start=\"923\" data-end=\"957\">t\u00e4pselt samal kaugusel ahtrist<\/strong>.<\/p>\n<\/li>\n<li class=\"\" data-start=\"959\" data-end=\"1029\">\n<p class=\"\" data-start=\"961\" data-end=\"1029\">Kui \u00fcks andur asub teisest ees- v\u00f5i tagapool, tekib <strong data-start=\"1013\" data-end=\"1028\">nihkes pilt<\/strong>.<\/p>\n<\/li>\n<li class=\"\" data-start=\"1030\" data-end=\"1160\">\n<p class=\"\" data-start=\"1032\" data-end=\"1160\"><strong data-start=\"1032\" data-end=\"1098\">Laiussuuna vahemaa kahe anduri vahel ei tohi \u00fcletada 2 meetrit<\/strong> (soovitavalt j\u00e4\u00e4gu m\u00f5lemas suunas kiilust 1 meetri piiresse).<\/p>\n<\/li>\n<\/ul>\n<h3 class=\"\" data-start=\"1162\" data-end=\"1189\">4. <strong data-start=\"1169\" data-end=\"1189\">Paigalduss\u00fcgavus<\/strong><\/h3>\n<p class=\"\" data-start=\"1190\" data-end=\"1312\">Andurid peavad asetsema <strong data-start=\"1214\" data-end=\"1252\">v\u00e4hemalt 300 mm veeliinist allpool<\/strong> nii seistes kui liikumisel, tagamaks pideva kontakti veega.<\/p>\n<h3 class=\"\" data-start=\"1314\" data-end=\"1345\">5. <strong data-start=\"1321\" data-end=\"1345\">AHRS-s\u00fcsteemi h\u00e4ired<\/strong><\/h3>\n<p class=\"\" data-start=\"1346\" data-end=\"1529\">RV-anduritel on <strong data-start=\"1362\" data-end=\"1384\">AHRS stabilisaator<\/strong>, mis kompenseerib paadi liikumist ja stabiliseerib sonaripilti.<br data-start=\"1448\" data-end=\"1451\" \/>V\u00e4ltida tuleb paigaldust <strong data-start=\"1476\" data-end=\"1524\">tugeva magnetv\u00e4lja v\u00f5i metallosade l\u00e4hedusse<\/strong>, nt:<\/p>\n<ul data-start=\"1530\" data-end=\"1640\">\n<li class=\"\" data-start=\"1530\" data-end=\"1547\">\n<p class=\"\" data-start=\"1532\" data-end=\"1547\">Mootoriplokid<\/p>\n<\/li>\n<li class=\"\" data-start=\"1548\" data-end=\"1566\">\n<p class=\"\" data-start=\"1550\" data-end=\"1566\">T\u00e4iturmootorid<\/p>\n<\/li>\n<li class=\"\" data-start=\"1567\" data-end=\"1586\">\n<p class=\"\" data-start=\"1569\" data-end=\"1586\">Elektripaneelid<\/p>\n<\/li>\n<li class=\"\" data-start=\"1587\" data-end=\"1640\">\n<p class=\"\" data-start=\"1589\" data-end=\"1640\">Paksude juhtmetega kaablid, laadijad, inverterid<\/p>\n<\/li>\n<\/ul>\n<p class=\"\" data-start=\"1642\" data-end=\"1703\">Kui AHRS t\u00f6\u00f6 h\u00e4irub, saab selle <strong data-start=\"1674\" data-end=\"1702\">keelata plotteri men\u00fc\u00fcst<\/strong>.<\/p>\n<hr class=\"\" data-start=\"1705\" data-end=\"1708\" \/>\n<h2 class=\"\" data-start=\"1710\" data-end=\"1784\"><strong data-start=\"1713\" data-end=\"1784\">Toote\u00fclevaade: Raymarine RV-212 Bronze Through Hull Transducer Pack<\/strong><\/h2>\n<p class=\"\" data-start=\"1786\" data-end=\"2032\"><strong data-start=\"1786\" data-end=\"1806\">Raymarine RV-212<\/strong> on RealVision 3D\u2122 sonaritehnoloogiaga <strong data-start=\"1845\" data-end=\"1880\">4-kanaliline CHIRP anduripakett<\/strong>, mis sobib paatidele kere kallakuga (deadrise) <strong data-start=\"1928\" data-end=\"1943\">6\u00b0 kuni 18\u00b0<\/strong>. Paigaldatakse <strong data-start=\"1959\" data-end=\"1977\">l\u00e4bi paadikere<\/strong>, sobib nii sisep\u00f5lemis- kui ka p\u00e4ramootoriga alustele.<\/p>\n<h3 class=\"\" data-start=\"2034\" data-end=\"2055\"><strong data-start=\"2038\" data-end=\"2055\">Funktsioonid:<\/strong><\/h3>\n<ul data-start=\"2056\" data-end=\"2398\">\n<li class=\"\" data-start=\"2056\" data-end=\"2127\">\n<p class=\"\" data-start=\"2058\" data-end=\"2127\"><strong data-start=\"2058\" data-end=\"2125\">DownVision\u2122, SideVision\u2122, CHIRP kalasihtimine ja RealVision 3D\u2122<\/strong><\/p>\n<\/li>\n<li class=\"\" data-start=\"2128\" data-end=\"2189\">\n<p class=\"\" data-start=\"2130\" data-end=\"2189\"><strong data-start=\"2130\" data-end=\"2145\">AHRS-sensor<\/strong> tagab stabiilse sonaripildi ka liikumisel<\/p>\n<\/li>\n<li class=\"\" data-start=\"2190\" data-end=\"2266\">\n<p class=\"\" data-start=\"2192\" data-end=\"2266\"><strong data-start=\"2192\" data-end=\"2231\">Integreeritud veetemperatuuri andur<\/strong> kiirete ja t\u00e4psete m\u00f5\u00f5tude jaoks<\/p>\n<\/li>\n<li class=\"\" data-start=\"2267\" data-end=\"2342\">\n<p class=\"\" data-start=\"2269\" data-end=\"2342\"><strong data-start=\"2269\" data-end=\"2297\">Madala profiiliga disain<\/strong> \u2013 ei tekita veetakistust ega kavitatsiooni<\/p>\n<\/li>\n<li class=\"\" data-start=\"2343\" data-end=\"2398\">\n<p class=\"\" data-start=\"2345\" data-end=\"2398\">Ei vaja kiiluplokke \u2013 sisemine kallaku kompensatsioon<\/p>\n<\/li>\n<\/ul>\n<h3 class=\"\" data-start=\"2400\" data-end=\"2416\"><strong data-start=\"2404\" data-end=\"2416\">Sobivus:<\/strong><\/h3>\n<ul data-start=\"2417\" data-end=\"2579\">\n<li class=\"\" data-start=\"2417\" data-end=\"2472\">\n<p class=\"\" data-start=\"2419\" data-end=\"2472\">Sobib <strong data-start=\"2425\" data-end=\"2470\">klaasplastist ja puidust kerega paatidele<\/strong><\/p>\n<\/li>\n<li class=\"\" data-start=\"2473\" data-end=\"2579\">\n<p class=\"\" data-start=\"2475\" data-end=\"2579\">\u00dcks andur katab <strong data-start=\"2491\" data-end=\"2512\">vasak + allapoole<\/strong>, teine <strong data-start=\"2520\" data-end=\"2541\">parem + allapoole<\/strong> \u2013 tulemuseks <strong data-start=\"2555\" data-end=\"2579\">180\u00b0 veealune katvus<\/strong><\/p>\n<\/li>\n<\/ul>\n<h3 class=\"\" data-start=\"2581\" data-end=\"2600\"><strong data-start=\"2585\" data-end=\"2600\">Komplektis:<\/strong><\/h3>\n<ul data-start=\"2601\" data-end=\"2823\">\n<li class=\"\" data-start=\"2601\" data-end=\"2649\">\n<p class=\"\" data-start=\"2603\" data-end=\"2649\">RV-212P vasakpoolne pronksandur (2 m kaabel)<\/p>\n<\/li>\n<li class=\"\" data-start=\"2650\" data-end=\"2698\">\n<p class=\"\" data-start=\"2652\" data-end=\"2698\">RV-212S parempoolne pronksandur (2 m kaabel)<\/p>\n<\/li>\n<li class=\"\" data-start=\"2699\" data-end=\"2725\">\n<p class=\"\" data-start=\"2701\" data-end=\"2725\">RealVision 3D Y-kaabel<\/p>\n<\/li>\n<li class=\"\" data-start=\"2726\" data-end=\"2766\">\n<p class=\"\" data-start=\"2728\" data-end=\"2766\">8 m pikenduskaabel (kogupikkus 10 m)<\/p>\n<\/li>\n<li class=\"\" data-start=\"2767\" data-end=\"2804\">\n<p class=\"\" data-start=\"2769\" data-end=\"2804\">Anti-rotatsiooni kinnituskomplekt<\/p>\n<\/li>\n<li class=\"\" data-start=\"2805\" data-end=\"2823\">\n<p class=\"\" data-start=\"2807\" data-end=\"2823\">Paigaldusjuhised<\/p>\n<\/li>\n<\/ul>\n<\/div>","protected":false},"excerpt":{"rendered":"<p>The RV-212 system is a 4-channel, Wide Spectrum CHIRP transducer system with DownVision\u2122, SideVision\u2122, high frequency CHIRP fish targeting and RealVision 3D\u2122 sonar inside. The transducer system has a built-in attitude and heading reference system (AHRS) that stabilizes the sonar imagery, automatically compensating for vessel motion. You\u2019ll enjoy crystal-clear imagery in waves, swells, and while maneuvering. The RV-212 system also has a built-in fast response water temperature sensor for quick, accurate readings. Raymarine\u2019s RV-212 Bronze Through Hull Transducer system pack contains a pair of RealVision 3D transducers with internal offset to accommodate hull deadrise angles from 1\u00b0 to 12\u00b0. This completely eliminates the need for fairing blocks. The low-profile design slips effortlessly through the water without causing drag or cavitation. The near-flush RV-212 system works great on trailered boats too.<\/p>","protected":false},"featured_media":6926,"template":"","meta":{"_acf_changed":false},"product_brand":[134],"product_cat":[54,103,79],"product_tag":[],"class_list":{"0":"post-6359","1":"product","2":"type-product","3":"status-publish","4":"has-post-thumbnail","6":"product_brand-raymarine","7":"product_cat-kalaleidjad","8":"product_cat-raymarine","9":"product_cat-kalaleidjate_andurid","11":"first","12":"onbackorder","13":"sale","14":"taxable","15":"shipping-taxable","16":"purchasable","17":"product-type-simple"},"acf":[],"yoast_head":"<!-- This site is optimized with the Yoast SEO Premium plugin v27.5 (Yoast SEO v27.5) - https:\/\/yoast.com\/product\/yoast-seo-premium-wordpress\/ -->\n<title>Pack of RV-212 RealVision 3D Bronze Thru Hull Txds, Port &amp;Starboard 12\u00b0, Direct connect to AXIOM (2 x 2m, Y-cable and 8m extension cable) - NavSystems Mereelektroonika<\/title>\n<meta name=\"description\" content=\"Paigalda Raymarine RV-andurid \u00f5igesti: v\u00e4ldi stardiaku toidet ja magnetilisi h\u00e4ireid. RV-212 pronksandurid tagavad t\u00e4pse RealVision 3D sonaripildi igas olukorras.\" \/>\n<meta name=\"robots\" content=\"index, follow, max-snippet:-1, max-image-preview:large, max-video-preview:-1\" \/>\n<link rel=\"canonical\" href=\"https:\/\/raymarine.ee\/en\/product\/pack-of-rv-212-realvision-3d-bronze-thru-hull-txds-port-starboard-12-direct-connect-to-axiom-2-x-2m-y-cable-and-8m-extension-cable\/\" \/>\n<meta property=\"og:locale\" content=\"en_GB\" \/>\n<meta property=\"og:type\" content=\"article\" \/>\n<meta property=\"og:title\" content=\"Pack of RV-212 RealVision 3D Bronze Thru Hull Txds, Port &amp;Starboard 12\u00b0, Direct connect to AXIOM (2 x 2m, Y-cable and 8m extension cable)\" \/>\n<meta property=\"og:description\" content=\"Paigalda Raymarine RV-andurid \u00f5igesti: v\u00e4ldi stardiaku toidet ja magnetilisi h\u00e4ireid. RV-212 pronksandurid tagavad t\u00e4pse RealVision 3D sonaripildi igas olukorras.\" \/>\n<meta property=\"og:url\" content=\"https:\/\/raymarine.ee\/en\/product\/pack-of-rv-212-realvision-3d-bronze-thru-hull-txds-port-starboard-12-direct-connect-to-axiom-2-x-2m-y-cable-and-8m-extension-cable\/\" \/>\n<meta property=\"og:site_name\" content=\"NavSystems\" \/>\n<meta property=\"article:publisher\" content=\"https:\/\/www.facebook.com\/NavSystems\" \/>\n<meta property=\"article:modified_time\" content=\"2025-04-18T15:44:38+00:00\" \/>\n<meta property=\"og:image\" content=\"https:\/\/raymarine.ee\/wp-content\/uploads\/2025\/01\/RV200-ThroughHull-Transducer-Pack.webp\" \/>\n\t<meta property=\"og:image:width\" content=\"600\" \/>\n\t<meta property=\"og:image:height\" content=\"600\" \/>\n\t<meta property=\"og:image:type\" content=\"image\/webp\" \/>\n<meta name=\"twitter:card\" content=\"summary_large_image\" \/>\n<meta name=\"twitter:label1\" content=\"Price\" \/>\n\t<meta name=\"twitter:data1\" content=\"2 432,00&nbsp;&euro;\" \/>\n\t<meta name=\"twitter:label2\" content=\"Availability\" \/>\n\t<meta name=\"twitter:data2\" content=\"On back order\" \/>\n<script type=\"application\/ld+json\" class=\"yoast-schema-graph\">{\"@context\":\"https:\\\/\\\/schema.org\",\"@graph\":[{\"@type\":\"WebPage\",\"@id\":\"https:\\\/\\\/raymarine.ee\\\/product\\\/pack-of-rv-212-realvision-3d-bronze-thru-hull-txds-port-starboard-12-direct-connect-to-axiom-2-x-2m-y-cable-and-8m-extension-cable\\\/\",\"url\":\"https:\\\/\\\/raymarine.ee\\\/product\\\/pack-of-rv-212-realvision-3d-bronze-thru-hull-txds-port-starboard-12-direct-connect-to-axiom-2-x-2m-y-cable-and-8m-extension-cable\\\/\",\"name\":\"Pack of RV-212 RealVision 3D Bronze Thru Hull Txds, Port &Starboard 12\u00b0, Direct connect to AXIOM (2 x 2m, Y-cable and 8m extension cable) - NavSystems Mereelektroonika\",\"isPartOf\":{\"@id\":\"https:\\\/\\\/raymarine.ee\\\/#website\"},\"primaryImageOfPage\":{\"@id\":\"https:\\\/\\\/raymarine.ee\\\/product\\\/pack-of-rv-212-realvision-3d-bronze-thru-hull-txds-port-starboard-12-direct-connect-to-axiom-2-x-2m-y-cable-and-8m-extension-cable\\\/#primaryimage\"},\"image\":{\"@id\":\"https:\\\/\\\/raymarine.ee\\\/product\\\/pack-of-rv-212-realvision-3d-bronze-thru-hull-txds-port-starboard-12-direct-connect-to-axiom-2-x-2m-y-cable-and-8m-extension-cable\\\/#primaryimage\"},\"thumbnailUrl\":\"https:\\\/\\\/raymarine.ee\\\/wp-content\\\/uploads\\\/2025\\\/01\\\/RV200-ThroughHull-Transducer-Pack.webp\",\"datePublished\":\"2025-01-14T19:09:20+00:00\",\"dateModified\":\"2025-04-18T15:44:38+00:00\",\"description\":\"Paigalda Raymarine RV-andurid \u00f5igesti: v\u00e4ldi stardiaku toidet ja magnetilisi h\u00e4ireid. RV-212 pronksandurid tagavad t\u00e4pse RealVision 3D sonaripildi igas olukorras.\",\"breadcrumb\":{\"@id\":\"https:\\\/\\\/raymarine.ee\\\/product\\\/pack-of-rv-212-realvision-3d-bronze-thru-hull-txds-port-starboard-12-direct-connect-to-axiom-2-x-2m-y-cable-and-8m-extension-cable\\\/#breadcrumb\"},\"inLanguage\":\"en-GB\",\"potentialAction\":[{\"@type\":\"ReadAction\",\"target\":[\"https:\\\/\\\/raymarine.ee\\\/product\\\/pack-of-rv-212-realvision-3d-bronze-thru-hull-txds-port-starboard-12-direct-connect-to-axiom-2-x-2m-y-cable-and-8m-extension-cable\\\/\"]}]},{\"@type\":\"ImageObject\",\"inLanguage\":\"en-GB\",\"@id\":\"https:\\\/\\\/raymarine.ee\\\/product\\\/pack-of-rv-212-realvision-3d-bronze-thru-hull-txds-port-starboard-12-direct-connect-to-axiom-2-x-2m-y-cable-and-8m-extension-cable\\\/#primaryimage\",\"url\":\"https:\\\/\\\/raymarine.ee\\\/wp-content\\\/uploads\\\/2025\\\/01\\\/RV200-ThroughHull-Transducer-Pack.webp\",\"contentUrl\":\"https:\\\/\\\/raymarine.ee\\\/wp-content\\\/uploads\\\/2025\\\/01\\\/RV200-ThroughHull-Transducer-Pack.webp\",\"width\":600,\"height\":600,\"caption\":\"RV200-ThroughHull-Transducer-Pack\"},{\"@type\":\"BreadcrumbList\",\"@id\":\"https:\\\/\\\/raymarine.ee\\\/product\\\/pack-of-rv-212-realvision-3d-bronze-thru-hull-txds-port-starboard-12-direct-connect-to-axiom-2-x-2m-y-cable-and-8m-extension-cable\\\/#breadcrumb\",\"itemListElement\":[{\"@type\":\"ListItem\",\"position\":1,\"name\":\"Home\",\"item\":\"https:\\\/\\\/raymarine.ee\\\/\"},{\"@type\":\"ListItem\",\"position\":2,\"name\":\"Tooted\",\"item\":\"https:\\\/\\\/raymarine.ee\\\/shop\\\/\"},{\"@type\":\"ListItem\",\"position\":3,\"name\":\"Pack of RV-212 RealVision 3D Bronze Thru Hull Txds, Port &#038;Starboard 12\u00b0, Direct connect to AXIOM (2 x 2m, Y-cable and 8m extension cable)\"}]},{\"@type\":\"WebSite\",\"@id\":\"https:\\\/\\\/raymarine.ee\\\/#website\",\"url\":\"https:\\\/\\\/raymarine.ee\\\/\",\"name\":\"www.raymarine.ee\",\"description\":\"Mereelektroonika, kaardiplotter, autopiloot, pinnipiloot, roolipiloot, radar, AIS, VHF, Smart Wind\",\"publisher\":{\"@id\":\"https:\\\/\\\/raymarine.ee\\\/#organization\"},\"alternateName\":\"Raymarine\",\"potentialAction\":[{\"@type\":\"SearchAction\",\"target\":{\"@type\":\"EntryPoint\",\"urlTemplate\":\"https:\\\/\\\/raymarine.ee\\\/?s={search_term_string}\"},\"query-input\":{\"@type\":\"PropertyValueSpecification\",\"valueRequired\":true,\"valueName\":\"search_term_string\"}}],\"inLanguage\":\"en-GB\"},{\"@type\":\"Organization\",\"@id\":\"https:\\\/\\\/raymarine.ee\\\/#organization\",\"name\":\"NavSystems O\u00dc\",\"url\":\"https:\\\/\\\/raymarine.ee\\\/\",\"logo\":{\"@type\":\"ImageObject\",\"inLanguage\":\"en-GB\",\"@id\":\"https:\\\/\\\/raymarine.ee\\\/#\\\/schema\\\/logo\\\/image\\\/\",\"url\":\"https:\\\/\\\/raymarine.ee\\\/wp-content\\\/uploads\\\/2024\\\/10\\\/Screenshot-2024-10-15-151324_bg_removed.webp\",\"contentUrl\":\"https:\\\/\\\/raymarine.ee\\\/wp-content\\\/uploads\\\/2024\\\/10\\\/Screenshot-2024-10-15-151324_bg_removed.webp\",\"width\":420,\"height\":276,\"caption\":\"NavSystems O\u00dc\"},\"image\":{\"@id\":\"https:\\\/\\\/raymarine.ee\\\/#\\\/schema\\\/logo\\\/image\\\/\"},\"sameAs\":[\"https:\\\/\\\/www.facebook.com\\\/NavSystems\"],\"legalName\":\"NavSystems O\u00dc\",\"foundingDate\":\"2011-05-03\",\"numberOfEmployees\":{\"@type\":\"QuantitativeValue\",\"minValue\":\"1\",\"maxValue\":\"10\"}}]}<\/script>\n<meta property=\"product:price:amount\" content=\"2432.00\" \/>\n<meta property=\"product:price:currency\" content=\"EUR\" \/>\n<meta property=\"og:availability\" content=\"backorder\" \/>\n<meta property=\"product:availability\" content=\"available for order\" \/>\n<meta property=\"product:retailer_item_id\" content=\"T70318\" \/>\n<meta property=\"product:condition\" content=\"new\" \/>\n<!-- \/ Yoast SEO Premium plugin. -->","yoast_head_json":{"title":"Pack of RV-212 RealVision 3D Bronze Thru Hull Txds, Port &Starboard 12\u00b0, Direct connect to AXIOM (2 x 2m, Y-cable and 8m extension cable) - NavSystems Mereelektroonika","description":"Paigalda Raymarine RV-andurid \u00f5igesti: v\u00e4ldi stardiaku toidet ja magnetilisi h\u00e4ireid. RV-212 pronksandurid tagavad t\u00e4pse RealVision 3D sonaripildi igas olukorras.","robots":{"index":"index","follow":"follow","max-snippet":"max-snippet:-1","max-image-preview":"max-image-preview:large","max-video-preview":"max-video-preview:-1"},"canonical":"https:\/\/raymarine.ee\/en\/product\/pack-of-rv-212-realvision-3d-bronze-thru-hull-txds-port-starboard-12-direct-connect-to-axiom-2-x-2m-y-cable-and-8m-extension-cable\/","og_locale":"en_GB","og_type":"article","og_title":"Pack of RV-212 RealVision 3D Bronze Thru Hull Txds, Port &Starboard 12\u00b0, Direct connect to AXIOM (2 x 2m, Y-cable and 8m extension cable)","og_description":"Paigalda Raymarine RV-andurid \u00f5igesti: v\u00e4ldi stardiaku toidet ja magnetilisi h\u00e4ireid. RV-212 pronksandurid tagavad t\u00e4pse RealVision 3D sonaripildi igas olukorras.","og_url":"https:\/\/raymarine.ee\/en\/product\/pack-of-rv-212-realvision-3d-bronze-thru-hull-txds-port-starboard-12-direct-connect-to-axiom-2-x-2m-y-cable-and-8m-extension-cable\/","og_site_name":"NavSystems","article_publisher":"https:\/\/www.facebook.com\/NavSystems","article_modified_time":"2025-04-18T15:44:38+00:00","og_image":[{"width":600,"height":600,"url":"https:\/\/raymarine.ee\/wp-content\/uploads\/2025\/01\/RV200-ThroughHull-Transducer-Pack.webp","type":"image\/webp"}],"twitter_card":"summary_large_image","twitter_misc":{"Price":"2 432,00&nbsp;&euro;","Availability":"On back order"},"schema":{"@context":"https:\/\/schema.org","@graph":[{"@type":"WebPage","@id":"https:\/\/raymarine.ee\/product\/pack-of-rv-212-realvision-3d-bronze-thru-hull-txds-port-starboard-12-direct-connect-to-axiom-2-x-2m-y-cable-and-8m-extension-cable\/","url":"https:\/\/raymarine.ee\/product\/pack-of-rv-212-realvision-3d-bronze-thru-hull-txds-port-starboard-12-direct-connect-to-axiom-2-x-2m-y-cable-and-8m-extension-cable\/","name":"Pack of RV-212 RealVision 3D Bronze Thru Hull Txds, Port &Starboard 12\u00b0, Direct connect to AXIOM (2 x 2m, Y-cable and 8m extension cable) - NavSystems Mereelektroonika","isPartOf":{"@id":"https:\/\/raymarine.ee\/#website"},"primaryImageOfPage":{"@id":"https:\/\/raymarine.ee\/product\/pack-of-rv-212-realvision-3d-bronze-thru-hull-txds-port-starboard-12-direct-connect-to-axiom-2-x-2m-y-cable-and-8m-extension-cable\/#primaryimage"},"image":{"@id":"https:\/\/raymarine.ee\/product\/pack-of-rv-212-realvision-3d-bronze-thru-hull-txds-port-starboard-12-direct-connect-to-axiom-2-x-2m-y-cable-and-8m-extension-cable\/#primaryimage"},"thumbnailUrl":"https:\/\/raymarine.ee\/wp-content\/uploads\/2025\/01\/RV200-ThroughHull-Transducer-Pack.webp","datePublished":"2025-01-14T19:09:20+00:00","dateModified":"2025-04-18T15:44:38+00:00","description":"Paigalda Raymarine RV-andurid \u00f5igesti: v\u00e4ldi stardiaku toidet ja magnetilisi h\u00e4ireid. RV-212 pronksandurid tagavad t\u00e4pse RealVision 3D sonaripildi igas olukorras.","breadcrumb":{"@id":"https:\/\/raymarine.ee\/product\/pack-of-rv-212-realvision-3d-bronze-thru-hull-txds-port-starboard-12-direct-connect-to-axiom-2-x-2m-y-cable-and-8m-extension-cable\/#breadcrumb"},"inLanguage":"en-GB","potentialAction":[{"@type":"ReadAction","target":["https:\/\/raymarine.ee\/product\/pack-of-rv-212-realvision-3d-bronze-thru-hull-txds-port-starboard-12-direct-connect-to-axiom-2-x-2m-y-cable-and-8m-extension-cable\/"]}]},{"@type":"ImageObject","inLanguage":"en-GB","@id":"https:\/\/raymarine.ee\/product\/pack-of-rv-212-realvision-3d-bronze-thru-hull-txds-port-starboard-12-direct-connect-to-axiom-2-x-2m-y-cable-and-8m-extension-cable\/#primaryimage","url":"https:\/\/raymarine.ee\/wp-content\/uploads\/2025\/01\/RV200-ThroughHull-Transducer-Pack.webp","contentUrl":"https:\/\/raymarine.ee\/wp-content\/uploads\/2025\/01\/RV200-ThroughHull-Transducer-Pack.webp","width":600,"height":600,"caption":"RV200-ThroughHull-Transducer-Pack"},{"@type":"BreadcrumbList","@id":"https:\/\/raymarine.ee\/product\/pack-of-rv-212-realvision-3d-bronze-thru-hull-txds-port-starboard-12-direct-connect-to-axiom-2-x-2m-y-cable-and-8m-extension-cable\/#breadcrumb","itemListElement":[{"@type":"ListItem","position":1,"name":"Home","item":"https:\/\/raymarine.ee\/"},{"@type":"ListItem","position":2,"name":"Tooted","item":"https:\/\/raymarine.ee\/shop\/"},{"@type":"ListItem","position":3,"name":"Pack of RV-212 RealVision 3D Bronze Thru Hull Txds, Port &#038;Starboard 12\u00b0, Direct connect to AXIOM (2 x 2m, Y-cable and 8m extension cable)"}]},{"@type":"WebSite","@id":"https:\/\/raymarine.ee\/#website","url":"https:\/\/raymarine.ee\/","name":"www.raymarine.ee","description":"Mereelektroonika, kaardiplotter, autopiloot, pinnipiloot, roolipiloot, radar, AIS, VHF, Smart Wind","publisher":{"@id":"https:\/\/raymarine.ee\/#organization"},"alternateName":"Raymarine","potentialAction":[{"@type":"SearchAction","target":{"@type":"EntryPoint","urlTemplate":"https:\/\/raymarine.ee\/?s={search_term_string}"},"query-input":{"@type":"PropertyValueSpecification","valueRequired":true,"valueName":"search_term_string"}}],"inLanguage":"en-GB"},{"@type":"Organization","@id":"https:\/\/raymarine.ee\/#organization","name":"NavSystems O\u00dc","url":"https:\/\/raymarine.ee\/","logo":{"@type":"ImageObject","inLanguage":"en-GB","@id":"https:\/\/raymarine.ee\/#\/schema\/logo\/image\/","url":"https:\/\/raymarine.ee\/wp-content\/uploads\/2024\/10\/Screenshot-2024-10-15-151324_bg_removed.webp","contentUrl":"https:\/\/raymarine.ee\/wp-content\/uploads\/2024\/10\/Screenshot-2024-10-15-151324_bg_removed.webp","width":420,"height":276,"caption":"NavSystems O\u00dc"},"image":{"@id":"https:\/\/raymarine.ee\/#\/schema\/logo\/image\/"},"sameAs":["https:\/\/www.facebook.com\/NavSystems"],"legalName":"NavSystems O\u00dc","foundingDate":"2011-05-03","numberOfEmployees":{"@type":"QuantitativeValue","minValue":"1","maxValue":"10"}}]},"product_price_amount":"2432.00","product_price_currency":"EUR","og_availability":"backorder","product_availability":"available for order","product_retailer_item_id":"T70318","product_condition":"new"},"jetpack_sharing_enabled":true,"_links":{"self":[{"href":"https:\/\/raymarine.ee\/en\/wp-json\/wp\/v2\/product\/6359","targetHints":{"allow":["GET"]}}],"collection":[{"href":"https:\/\/raymarine.ee\/en\/wp-json\/wp\/v2\/product"}],"about":[{"href":"https:\/\/raymarine.ee\/en\/wp-json\/wp\/v2\/types\/product"}],"wp:featuredmedia":[{"embeddable":true,"href":"https:\/\/raymarine.ee\/en\/wp-json\/wp\/v2\/media\/6926"}],"wp:attachment":[{"href":"https:\/\/raymarine.ee\/en\/wp-json\/wp\/v2\/media?parent=6359"}],"wp:term":[{"taxonomy":"product_brand","embeddable":true,"href":"https:\/\/raymarine.ee\/en\/wp-json\/wp\/v2\/product_brand?post=6359"},{"taxonomy":"product_cat","embeddable":true,"href":"https:\/\/raymarine.ee\/en\/wp-json\/wp\/v2\/product_cat?post=6359"},{"taxonomy":"product_tag","embeddable":true,"href":"https:\/\/raymarine.ee\/en\/wp-json\/wp\/v2\/product_tag?post=6359"}],"curies":[{"name":"wp","href":"https:\/\/api.w.org\/{rel}","templated":true}]}}