{"id":6360,"date":"2025-01-14T19:04:08","date_gmt":"2025-01-14T19:04:08","guid":{"rendered":"https:\/\/raymarine.ee\/?post_type=product&#038;p=6360"},"modified":"2025-04-18T17:54:37","modified_gmt":"2025-04-18T15:54:37","slug":"pack-of-rv-420-realvision-3d-stainless-steel-thru-hull-txds-port-starboard-20-direct-connect-to-axiom-2-x-2m-y-cable-and-8m-extension-cable","status":"publish","type":"product","link":"https:\/\/raymarine.ee\/en\/product\/pack-of-rv-420-realvision-3d-stainless-steel-thru-hull-txds-port-starboard-20-direct-connect-to-axiom-2-x-2m-y-cable-and-8m-extension-cable\/","title":{"rendered":"Pack of RV-420 RealVision 3D Stainless Steel Thru Hull Txds, Port &#038; Starboard 20\u00b0, Direct connect to AXIOM (2 x 2m, Y-cable and 8m extension cable)"},"content":{"rendered":"<h2 class=\"\" data-start=\"274\" data-end=\"345\"><strong data-start=\"277\" data-end=\"345\">Mida tuleb kindlasti j\u00e4lgida Raymarine RV-andurite paigaldamisel<\/strong><\/h2>\n<p class=\"\" data-start=\"347\" data-end=\"544\">RealVision 3D\u2122 andurid tagavad maksimaalse sonaripildi detailsuse ja t\u00e4psuse ainult siis, kui need on \u00f5igesti paigaldatud. Lisaks ametlikule paigaldusjuhendile j\u00e4rgi kindlasti j\u00e4rgmisi p\u00f5him\u00f5tteid:<\/p>\n<h3 class=\"\" data-start=\"546\" data-end=\"581\"><strong data-start=\"550\" data-end=\"579\">1. Vali \u00f5ige toiteallikas<\/strong><\/h3>\n<p class=\"\" data-start=\"582\" data-end=\"785\">\u00c4ra \u00fchenda <strong data-start=\"593\" data-end=\"663\">Axiom RV, Axiom Pro RVX ega RVX1000 sonariseadmeid stardiaku k\u00fclge<\/strong>. Mootori k\u00e4ivitamisel tekkiv <strong data-start=\"693\" data-end=\"743\">pingelang v\u00f5ib p\u00f5hjustada sonaripildi kadumise<\/strong>, mis h\u00e4irib seadme t\u00f6\u00f6d ja navigatsiooni.<\/p>\n<h3 class=\"\" data-start=\"787\" data-end=\"843\"><strong data-start=\"791\" data-end=\"841\">2. V\u00e4ldi turbulentsi tekitavaid paigalduskohti<\/strong><\/h3>\n<p class=\"\" data-start=\"844\" data-end=\"1032\">Andureid ei tohi paigaldada <strong data-start=\"872\" data-end=\"948\">veev\u00f5tuavade, kerest v\u00e4ljaulatuvate osade v\u00f5i muude takistuste l\u00e4hedusse<\/strong>, mis tekitavad <strong data-start=\"964\" data-end=\"991\">turbulentsi ja \u00f5humulle<\/strong> \u2013 need m\u00f5jutavad sonaripildi kvaliteeti.<\/p>\n<h3 class=\"\" data-start=\"1034\" data-end=\"1093\"><strong data-start=\"1038\" data-end=\"1091\">3. T\u00e4pne ja s\u00fcmmeetriline paigaldus on kriitiline<\/strong><\/h3>\n<ul data-start=\"1094\" data-end=\"1375\">\n<li class=\"\" data-start=\"1094\" data-end=\"1181\">\n<p class=\"\" data-start=\"1096\" data-end=\"1181\">Andurid tuleb paigaldada <strong data-start=\"1121\" data-end=\"1146\">t\u00e4pselt paralleelselt<\/strong>, samale kaugusele paadi ahtrist.<\/p>\n<\/li>\n<li class=\"\" data-start=\"1182\" data-end=\"1261\">\n<p class=\"\" data-start=\"1184\" data-end=\"1261\">Kui \u00fcks andur on teisest ees- v\u00f5i tagapool, <strong data-start=\"1228\" data-end=\"1258\">muutub sonaripilt nihkesse<\/strong>.<\/p>\n<\/li>\n<li class=\"\" data-start=\"1262\" data-end=\"1375\">\n<p class=\"\" data-start=\"1264\" data-end=\"1375\">Andurite <strong data-start=\"1273\" data-end=\"1325\">laiussuunaline vahemaa ei tohi \u00fcletada 2 meetrit<\/strong> (soovitavalt kuni 1 meeter m\u00f5lemale poole kiilu).<\/p>\n<\/li>\n<\/ul>\n<h3 class=\"\" data-start=\"1377\" data-end=\"1408\"><strong data-start=\"1381\" data-end=\"1406\">4. S\u00fcgavus veeliinist<\/strong><\/h3>\n<p class=\"\" data-start=\"1409\" data-end=\"1523\">Andurid peavad olema paigaldatud <strong data-start=\"1442\" data-end=\"1482\">v\u00e4hemalt 300 mm veeliinist allapoole<\/strong> \u2013 ka s\u00f5idul, et tagada pidev veekontakt.<\/p>\n<h3 class=\"\" data-start=\"1525\" data-end=\"1572\"><strong data-start=\"1529\" data-end=\"1570\">5. Magnetv\u00e4ljade m\u00f5ju AHRS-s\u00fcsteemile<\/strong><\/h3>\n<p class=\"\" data-start=\"1573\" data-end=\"1685\">RV-anduritel on <strong data-start=\"1589\" data-end=\"1651\">sisseehitatud AHRS (Attitude and Heading Reference Sensor)<\/strong>, mis stabiliseerib sonaripilti.<\/p>\n<ul data-start=\"1686\" data-end=\"1949\">\n<li class=\"\" data-start=\"1686\" data-end=\"1843\">\n<p class=\"\" data-start=\"1688\" data-end=\"1843\">V\u00e4ldi paigaldust <strong data-start=\"1705\" data-end=\"1771\">metallist ja tugeva elektromagnetilise kiirgusega komponentide<\/strong> l\u00e4heduses (nt mootoriplokid, inverterid, laadijad, elektripaneelid).<\/p>\n<\/li>\n<li class=\"\" data-start=\"1844\" data-end=\"1949\">\n<p class=\"\" data-start=\"1846\" data-end=\"1949\">Vajadusel saab <strong data-start=\"1861\" data-end=\"1904\">AHRS-funktsiooni men\u00fc\u00fcst v\u00e4lja l\u00fclitada<\/strong>, kui see ei t\u00f6\u00f6ta h\u00e4irete t\u00f5ttu korrektselt.<\/p>\n<\/li>\n<\/ul>\n<hr class=\"\" data-start=\"1951\" data-end=\"1954\" \/>\n<h2 class=\"\" data-start=\"1956\" data-end=\"2049\"><strong data-start=\"1959\" data-end=\"2049\">Tootekirjeldus: Raymarine RV-420 roostevabast terasest l\u00e4bi kere anduripakett (T70451)<\/strong><\/h2>\n<p class=\"\" data-start=\"2051\" data-end=\"2159\"><strong data-start=\"2051\" data-end=\"2071\">Raymarine RV-420<\/strong> on professionaalse tasemega <strong data-start=\"2100\" data-end=\"2139\">4-kanaliline CHIRP-andurite s\u00fcsteem<\/strong>, mis \u00fchendab endas:<\/p>\n<ul data-start=\"2161\" data-end=\"2436\">\n<li class=\"\" data-start=\"2161\" data-end=\"2210\">\n<p class=\"\" data-start=\"2163\" data-end=\"2210\"><strong data-start=\"2163\" data-end=\"2181\">RealVision 3D\u2122<\/strong> \u2013 ruumiline veealune vaade<\/p>\n<\/li>\n<li class=\"\" data-start=\"2211\" data-end=\"2291\">\n<p class=\"\" data-start=\"2213\" data-end=\"2291\"><strong data-start=\"2213\" data-end=\"2249\">CHIRP SideVision\u2122 ja DownVision\u2122<\/strong> \u2013 t\u00e4pne struktuuride ja kalade tuvastus<\/p>\n<\/li>\n<li class=\"\" data-start=\"2292\" data-end=\"2336\">\n<p class=\"\" data-start=\"2294\" data-end=\"2336\"><strong data-start=\"2294\" data-end=\"2318\">K\u00f5rgsageduslik CHIRP<\/strong> kalasihtimiseks<\/p>\n<\/li>\n<li class=\"\" data-start=\"2337\" data-end=\"2380\">\n<p class=\"\" data-start=\"2339\" data-end=\"2380\"><strong data-start=\"2339\" data-end=\"2378\">Sisseehitatud veetemperatuuri andur<\/strong><\/p>\n<\/li>\n<li class=\"\" data-start=\"2381\" data-end=\"2436\">\n<p class=\"\" data-start=\"2383\" data-end=\"2436\"><strong data-start=\"2383\" data-end=\"2398\">AHRS-sensor<\/strong> \u2013 stabiilne sonaripilt igas olukorras<\/p>\n<\/li>\n<\/ul>\n<h3 class=\"\" data-start=\"2438\" data-end=\"2466\"><strong data-start=\"2442\" data-end=\"2466\">Tehnilised omadused:<\/strong><\/h3>\n<ul data-start=\"2467\" data-end=\"2807\">\n<li class=\"\" data-start=\"2467\" data-end=\"2551\">\n<p class=\"\" data-start=\"2469\" data-end=\"2551\">Kaldetasandiga sisemine konstruktsioon: sobib <strong data-start=\"2515\" data-end=\"2539\">14\u00b0\u201326\u00b0 deadrise&#8217;iga<\/strong> paatidele<\/p>\n<\/li>\n<li class=\"\" data-start=\"2552\" data-end=\"2579\">\n<p class=\"\" data-start=\"2554\" data-end=\"2579\"><strong data-start=\"2554\" data-end=\"2577\">Ei vaja kiiluplokke<\/strong><\/p>\n<\/li>\n<li class=\"\" data-start=\"2580\" data-end=\"2644\">\n<p class=\"\" data-start=\"2582\" data-end=\"2644\"><strong data-start=\"2582\" data-end=\"2599\">Madal profiil<\/strong> \u2013 minimeerib veetakistust ja kavitatsiooni<\/p>\n<\/li>\n<li class=\"\" data-start=\"2645\" data-end=\"2715\">\n<p class=\"\" data-start=\"2647\" data-end=\"2715\">Sobib <strong data-start=\"2653\" data-end=\"2713\">klaasplastist, metallist ja puidust paadikerega alustele<\/strong><\/p>\n<\/li>\n<li class=\"\" data-start=\"2716\" data-end=\"2807\">\n<p class=\"\" data-start=\"2718\" data-end=\"2807\">\u00dcks andur katab vasaku k\u00fclje + alla, teine parema k\u00fclje + alla \u2192 <strong data-start=\"2783\" data-end=\"2807\">180\u00b0 veealune katvus<\/strong><\/p>\n<\/li>\n<\/ul>\n<h3 class=\"\" data-start=\"2809\" data-end=\"2828\"><strong data-start=\"2813\" data-end=\"2828\">Komplektis:<\/strong><\/h3>\n<ul data-start=\"2829\" data-end=\"3093\">\n<li class=\"\" data-start=\"2829\" data-end=\"2897\">\n<p class=\"\" data-start=\"2831\" data-end=\"2897\"><strong data-start=\"2831\" data-end=\"2842\">RV-420P<\/strong> roostevabast terasest vasakpoolne andur (2 m kaabel)<\/p>\n<\/li>\n<li class=\"\" data-start=\"2898\" data-end=\"2953\">\n<p class=\"\" data-start=\"2900\" data-end=\"2953\"><strong data-start=\"2900\" data-end=\"2911\">RV-420S<\/strong> plastist parempoolne andur (2 m kaabel)<\/p>\n<\/li>\n<li class=\"\" data-start=\"2954\" data-end=\"2984\">\n<p class=\"\" data-start=\"2956\" data-end=\"2984\"><strong data-start=\"2956\" data-end=\"2982\">RealVision 3D Y-kaabel<\/strong><\/p>\n<\/li>\n<li class=\"\" data-start=\"2985\" data-end=\"3030\">\n<p class=\"\" data-start=\"2987\" data-end=\"3030\"><strong data-start=\"2987\" data-end=\"3009\">8 m pikenduskaabel<\/strong> (kogupikkus: 10 m)<\/p>\n<\/li>\n<li class=\"\" data-start=\"3031\" data-end=\"3071\">\n<p class=\"\" data-start=\"3033\" data-end=\"3071\"><strong data-start=\"3033\" data-end=\"3069\">Anti-rotatsioonikruvide komplekt<\/strong><\/p>\n<\/li>\n<li class=\"\" data-start=\"3072\" data-end=\"3093\">\n<p class=\"\" data-start=\"3074\" data-end=\"3093\"><strong data-start=\"3074\" data-end=\"3093\">Paigaldusjuhend<\/strong><\/p>\n<\/li>\n<\/ul>","protected":false},"excerpt":{"rendered":"<p>RV-420 Stainless Steel Through Hull Transducer Pack (with 20\u00b0 Tilt) Through Hull Designed for inboard or outboard boats, the RV-420 stainless steel through hull transducer system lets you easily identify structures and locate fish with the life-like clarity of RealVision 3D\u2122 sonar. The RV-420 system is a 4-channel, Wide Spectrum CHIRP transducer system with DownVision\u2122, SideVision\u2122, high frequency CHIRP fish targeting and RealVision 3D\u2122 sonar inside. The transducer system has a built-in attitude and heading reference system (AHRS) that stabilizes the sonar imagery, automatically compensating for vessel motion. You\u2019ll enjoy crystal-clear imagery in waves, swells, and while maneuvering. The RV-420 system also has a built-in fast response water temperature sensor for quick, accurate readings. Raymarine\u2019s RV-420 Plastic Through Hull Transducer system pack contains a pair of RealVision 3D transducers with internal tilt to accommodate hull deadrise angles from 14\u00b0 to 26\u00b0. This completely eliminates the need for fairing blocks. The low-profile design slips effortlessly through the water without causing drag or cavitation. The near-flush RV-420 system works even works great on trailered boats.<\/p>","protected":false},"featured_media":6914,"template":"","meta":{"_acf_changed":false},"product_brand":[134],"product_cat":[54,103,79],"product_tag":[],"class_list":{"0":"post-6360","1":"product","2":"type-product","3":"status-publish","4":"has-post-thumbnail","6":"product_brand-raymarine","7":"product_cat-kalaleidjad","8":"product_cat-raymarine","9":"product_cat-kalaleidjate_andurid","11":"first","12":"onbackorder","13":"sale","14":"taxable","15":"shipping-taxable","16":"purchasable","17":"product-type-simple"},"acf":[],"yoast_head":"<!-- This site is optimized with the Yoast SEO Premium plugin v27.5 (Yoast SEO v27.5) - https:\/\/yoast.com\/product\/yoast-seo-premium-wordpress\/ -->\n<title>Pack of RV-420 RealVision 3D Stainless Steel Thru Hull Txds, Port &amp; Starboard 20\u00b0, Direct connect to AXIOM (2 x 2m, Y-cable and 8m extension cable) - NavSystems Mereelektroonika<\/title>\n<meta name=\"description\" content=\"Raymarine RV-420 RealVision 3D anduripaar. 4-kanaliline CHIRP sonar, Side\/DownVision ja 1 kW tugi. \u00d5ige paigaldus tagab maksimaalse sonaripildi kvaliteedi.\" \/>\n<meta name=\"robots\" content=\"index, follow, max-snippet:-1, max-image-preview:large, max-video-preview:-1\" \/>\n<link rel=\"canonical\" href=\"https:\/\/raymarine.ee\/en\/product\/pack-of-rv-420-realvision-3d-stainless-steel-thru-hull-txds-port-starboard-20-direct-connect-to-axiom-2-x-2m-y-cable-and-8m-extension-cable\/\" \/>\n<meta property=\"og:locale\" content=\"en_GB\" \/>\n<meta property=\"og:type\" content=\"article\" \/>\n<meta property=\"og:title\" content=\"Pack of RV-420 RealVision 3D Stainless Steel Thru Hull Txds, Port &amp; Starboard 20\u00b0, Direct connect to AXIOM (2 x 2m, Y-cable and 8m extension cable)\" \/>\n<meta property=\"og:description\" content=\"Raymarine RV-420 RealVision 3D anduripaar. 4-kanaliline CHIRP sonar, Side\/DownVision ja 1 kW tugi. \u00d5ige paigaldus tagab maksimaalse sonaripildi kvaliteedi.\" \/>\n<meta property=\"og:url\" content=\"https:\/\/raymarine.ee\/en\/product\/pack-of-rv-420-realvision-3d-stainless-steel-thru-hull-txds-port-starboard-20-direct-connect-to-axiom-2-x-2m-y-cable-and-8m-extension-cable\/\" \/>\n<meta property=\"og:site_name\" content=\"NavSystems\" \/>\n<meta property=\"article:publisher\" content=\"https:\/\/www.facebook.com\/NavSystems\" \/>\n<meta property=\"article:modified_time\" content=\"2025-04-18T15:54:37+00:00\" \/>\n<meta property=\"og:image\" content=\"https:\/\/raymarine.ee\/wp-content\/uploads\/2025\/01\/T70450-Raymarine-RV-412-RealVision-3D-Stainless.webp\" \/>\n\t<meta property=\"og:image:width\" content=\"480\" \/>\n\t<meta property=\"og:image:height\" content=\"288\" \/>\n\t<meta property=\"og:image:type\" content=\"image\/webp\" \/>\n<meta name=\"twitter:card\" content=\"summary_large_image\" \/>\n<meta name=\"twitter:label1\" content=\"Price\" \/>\n\t<meta name=\"twitter:data1\" content=\"2 538,00&nbsp;&euro;\" \/>\n\t<meta name=\"twitter:label2\" content=\"Availability\" \/>\n\t<meta name=\"twitter:data2\" content=\"On back order\" \/>\n<script type=\"application\/ld+json\" class=\"yoast-schema-graph\">{\"@context\":\"https:\\\/\\\/schema.org\",\"@graph\":[{\"@type\":\"WebPage\",\"@id\":\"https:\\\/\\\/raymarine.ee\\\/product\\\/pack-of-rv-420-realvision-3d-stainless-steel-thru-hull-txds-port-starboard-20-direct-connect-to-axiom-2-x-2m-y-cable-and-8m-extension-cable\\\/\",\"url\":\"https:\\\/\\\/raymarine.ee\\\/product\\\/pack-of-rv-420-realvision-3d-stainless-steel-thru-hull-txds-port-starboard-20-direct-connect-to-axiom-2-x-2m-y-cable-and-8m-extension-cable\\\/\",\"name\":\"Pack of RV-420 RealVision 3D Stainless Steel Thru Hull Txds, Port & Starboard 20\u00b0, Direct connect to AXIOM (2 x 2m, Y-cable and 8m extension cable) - NavSystems Mereelektroonika\",\"isPartOf\":{\"@id\":\"https:\\\/\\\/raymarine.ee\\\/#website\"},\"primaryImageOfPage\":{\"@id\":\"https:\\\/\\\/raymarine.ee\\\/product\\\/pack-of-rv-420-realvision-3d-stainless-steel-thru-hull-txds-port-starboard-20-direct-connect-to-axiom-2-x-2m-y-cable-and-8m-extension-cable\\\/#primaryimage\"},\"image\":{\"@id\":\"https:\\\/\\\/raymarine.ee\\\/product\\\/pack-of-rv-420-realvision-3d-stainless-steel-thru-hull-txds-port-starboard-20-direct-connect-to-axiom-2-x-2m-y-cable-and-8m-extension-cable\\\/#primaryimage\"},\"thumbnailUrl\":\"https:\\\/\\\/raymarine.ee\\\/wp-content\\\/uploads\\\/2025\\\/01\\\/T70450-Raymarine-RV-412-RealVision-3D-Stainless.webp\",\"datePublished\":\"2025-01-14T19:04:08+00:00\",\"dateModified\":\"2025-04-18T15:54:37+00:00\",\"description\":\"Raymarine RV-420 RealVision 3D anduripaar. 4-kanaliline CHIRP sonar, Side\\\/DownVision ja 1 kW tugi. \u00d5ige paigaldus tagab maksimaalse sonaripildi kvaliteedi.\",\"breadcrumb\":{\"@id\":\"https:\\\/\\\/raymarine.ee\\\/product\\\/pack-of-rv-420-realvision-3d-stainless-steel-thru-hull-txds-port-starboard-20-direct-connect-to-axiom-2-x-2m-y-cable-and-8m-extension-cable\\\/#breadcrumb\"},\"inLanguage\":\"en-GB\",\"potentialAction\":[{\"@type\":\"ReadAction\",\"target\":[\"https:\\\/\\\/raymarine.ee\\\/product\\\/pack-of-rv-420-realvision-3d-stainless-steel-thru-hull-txds-port-starboard-20-direct-connect-to-axiom-2-x-2m-y-cable-and-8m-extension-cable\\\/\"]}]},{\"@type\":\"ImageObject\",\"inLanguage\":\"en-GB\",\"@id\":\"https:\\\/\\\/raymarine.ee\\\/product\\\/pack-of-rv-420-realvision-3d-stainless-steel-thru-hull-txds-port-starboard-20-direct-connect-to-axiom-2-x-2m-y-cable-and-8m-extension-cable\\\/#primaryimage\",\"url\":\"https:\\\/\\\/raymarine.ee\\\/wp-content\\\/uploads\\\/2025\\\/01\\\/T70450-Raymarine-RV-412-RealVision-3D-Stainless.webp\",\"contentUrl\":\"https:\\\/\\\/raymarine.ee\\\/wp-content\\\/uploads\\\/2025\\\/01\\\/T70450-Raymarine-RV-412-RealVision-3D-Stainless.webp\",\"width\":480,\"height\":288,\"caption\":\"T70450-Raymarine-RV-412-RealVision-3D-Stainless\"},{\"@type\":\"BreadcrumbList\",\"@id\":\"https:\\\/\\\/raymarine.ee\\\/product\\\/pack-of-rv-420-realvision-3d-stainless-steel-thru-hull-txds-port-starboard-20-direct-connect-to-axiom-2-x-2m-y-cable-and-8m-extension-cable\\\/#breadcrumb\",\"itemListElement\":[{\"@type\":\"ListItem\",\"position\":1,\"name\":\"Home\",\"item\":\"https:\\\/\\\/raymarine.ee\\\/\"},{\"@type\":\"ListItem\",\"position\":2,\"name\":\"Tooted\",\"item\":\"https:\\\/\\\/raymarine.ee\\\/shop\\\/\"},{\"@type\":\"ListItem\",\"position\":3,\"name\":\"Pack of RV-420 RealVision 3D Stainless Steel Thru Hull Txds, Port &#038; Starboard 20\u00b0, Direct connect to AXIOM (2 x 2m, Y-cable and 8m extension cable)\"}]},{\"@type\":\"WebSite\",\"@id\":\"https:\\\/\\\/raymarine.ee\\\/#website\",\"url\":\"https:\\\/\\\/raymarine.ee\\\/\",\"name\":\"www.raymarine.ee\",\"description\":\"Mereelektroonika, kaardiplotter, autopiloot, pinnipiloot, roolipiloot, radar, AIS, VHF, Smart Wind\",\"publisher\":{\"@id\":\"https:\\\/\\\/raymarine.ee\\\/#organization\"},\"alternateName\":\"Raymarine\",\"potentialAction\":[{\"@type\":\"SearchAction\",\"target\":{\"@type\":\"EntryPoint\",\"urlTemplate\":\"https:\\\/\\\/raymarine.ee\\\/?s={search_term_string}\"},\"query-input\":{\"@type\":\"PropertyValueSpecification\",\"valueRequired\":true,\"valueName\":\"search_term_string\"}}],\"inLanguage\":\"en-GB\"},{\"@type\":\"Organization\",\"@id\":\"https:\\\/\\\/raymarine.ee\\\/#organization\",\"name\":\"NavSystems O\u00dc\",\"url\":\"https:\\\/\\\/raymarine.ee\\\/\",\"logo\":{\"@type\":\"ImageObject\",\"inLanguage\":\"en-GB\",\"@id\":\"https:\\\/\\\/raymarine.ee\\\/#\\\/schema\\\/logo\\\/image\\\/\",\"url\":\"https:\\\/\\\/raymarine.ee\\\/wp-content\\\/uploads\\\/2024\\\/10\\\/Screenshot-2024-10-15-151324_bg_removed.webp\",\"contentUrl\":\"https:\\\/\\\/raymarine.ee\\\/wp-content\\\/uploads\\\/2024\\\/10\\\/Screenshot-2024-10-15-151324_bg_removed.webp\",\"width\":420,\"height\":276,\"caption\":\"NavSystems O\u00dc\"},\"image\":{\"@id\":\"https:\\\/\\\/raymarine.ee\\\/#\\\/schema\\\/logo\\\/image\\\/\"},\"sameAs\":[\"https:\\\/\\\/www.facebook.com\\\/NavSystems\"],\"legalName\":\"NavSystems O\u00dc\",\"foundingDate\":\"2011-05-03\",\"numberOfEmployees\":{\"@type\":\"QuantitativeValue\",\"minValue\":\"1\",\"maxValue\":\"10\"}}]}<\/script>\n<meta property=\"product:price:amount\" content=\"2538.00\" \/>\n<meta property=\"product:price:currency\" content=\"EUR\" \/>\n<meta property=\"og:availability\" content=\"backorder\" \/>\n<meta property=\"product:availability\" content=\"available for order\" \/>\n<meta property=\"product:retailer_item_id\" content=\"T70451\" \/>\n<meta property=\"product:condition\" content=\"new\" \/>\n<!-- \/ Yoast SEO Premium plugin. -->","yoast_head_json":{"title":"Pack of RV-420 RealVision 3D Stainless Steel Thru Hull Txds, Port & Starboard 20\u00b0, Direct connect to AXIOM (2 x 2m, Y-cable and 8m extension cable) - NavSystems Mereelektroonika","description":"Raymarine RV-420 RealVision 3D anduripaar. 4-kanaliline CHIRP sonar, Side\/DownVision ja 1 kW tugi. \u00d5ige paigaldus tagab maksimaalse sonaripildi kvaliteedi.","robots":{"index":"index","follow":"follow","max-snippet":"max-snippet:-1","max-image-preview":"max-image-preview:large","max-video-preview":"max-video-preview:-1"},"canonical":"https:\/\/raymarine.ee\/en\/product\/pack-of-rv-420-realvision-3d-stainless-steel-thru-hull-txds-port-starboard-20-direct-connect-to-axiom-2-x-2m-y-cable-and-8m-extension-cable\/","og_locale":"en_GB","og_type":"article","og_title":"Pack of RV-420 RealVision 3D Stainless Steel Thru Hull Txds, Port & Starboard 20\u00b0, Direct connect to AXIOM (2 x 2m, Y-cable and 8m extension cable)","og_description":"Raymarine RV-420 RealVision 3D anduripaar. 4-kanaliline CHIRP sonar, Side\/DownVision ja 1 kW tugi. \u00d5ige paigaldus tagab maksimaalse sonaripildi kvaliteedi.","og_url":"https:\/\/raymarine.ee\/en\/product\/pack-of-rv-420-realvision-3d-stainless-steel-thru-hull-txds-port-starboard-20-direct-connect-to-axiom-2-x-2m-y-cable-and-8m-extension-cable\/","og_site_name":"NavSystems","article_publisher":"https:\/\/www.facebook.com\/NavSystems","article_modified_time":"2025-04-18T15:54:37+00:00","og_image":[{"width":480,"height":288,"url":"https:\/\/raymarine.ee\/wp-content\/uploads\/2025\/01\/T70450-Raymarine-RV-412-RealVision-3D-Stainless.webp","type":"image\/webp"}],"twitter_card":"summary_large_image","twitter_misc":{"Price":"2 538,00&nbsp;&euro;","Availability":"On back order"},"schema":{"@context":"https:\/\/schema.org","@graph":[{"@type":"WebPage","@id":"https:\/\/raymarine.ee\/product\/pack-of-rv-420-realvision-3d-stainless-steel-thru-hull-txds-port-starboard-20-direct-connect-to-axiom-2-x-2m-y-cable-and-8m-extension-cable\/","url":"https:\/\/raymarine.ee\/product\/pack-of-rv-420-realvision-3d-stainless-steel-thru-hull-txds-port-starboard-20-direct-connect-to-axiom-2-x-2m-y-cable-and-8m-extension-cable\/","name":"Pack of RV-420 RealVision 3D Stainless Steel Thru Hull Txds, Port & Starboard 20\u00b0, Direct connect to AXIOM (2 x 2m, Y-cable and 8m extension cable) - NavSystems Mereelektroonika","isPartOf":{"@id":"https:\/\/raymarine.ee\/#website"},"primaryImageOfPage":{"@id":"https:\/\/raymarine.ee\/product\/pack-of-rv-420-realvision-3d-stainless-steel-thru-hull-txds-port-starboard-20-direct-connect-to-axiom-2-x-2m-y-cable-and-8m-extension-cable\/#primaryimage"},"image":{"@id":"https:\/\/raymarine.ee\/product\/pack-of-rv-420-realvision-3d-stainless-steel-thru-hull-txds-port-starboard-20-direct-connect-to-axiom-2-x-2m-y-cable-and-8m-extension-cable\/#primaryimage"},"thumbnailUrl":"https:\/\/raymarine.ee\/wp-content\/uploads\/2025\/01\/T70450-Raymarine-RV-412-RealVision-3D-Stainless.webp","datePublished":"2025-01-14T19:04:08+00:00","dateModified":"2025-04-18T15:54:37+00:00","description":"Raymarine RV-420 RealVision 3D anduripaar. 4-kanaliline CHIRP sonar, Side\/DownVision ja 1 kW tugi. \u00d5ige paigaldus tagab maksimaalse sonaripildi kvaliteedi.","breadcrumb":{"@id":"https:\/\/raymarine.ee\/product\/pack-of-rv-420-realvision-3d-stainless-steel-thru-hull-txds-port-starboard-20-direct-connect-to-axiom-2-x-2m-y-cable-and-8m-extension-cable\/#breadcrumb"},"inLanguage":"en-GB","potentialAction":[{"@type":"ReadAction","target":["https:\/\/raymarine.ee\/product\/pack-of-rv-420-realvision-3d-stainless-steel-thru-hull-txds-port-starboard-20-direct-connect-to-axiom-2-x-2m-y-cable-and-8m-extension-cable\/"]}]},{"@type":"ImageObject","inLanguage":"en-GB","@id":"https:\/\/raymarine.ee\/product\/pack-of-rv-420-realvision-3d-stainless-steel-thru-hull-txds-port-starboard-20-direct-connect-to-axiom-2-x-2m-y-cable-and-8m-extension-cable\/#primaryimage","url":"https:\/\/raymarine.ee\/wp-content\/uploads\/2025\/01\/T70450-Raymarine-RV-412-RealVision-3D-Stainless.webp","contentUrl":"https:\/\/raymarine.ee\/wp-content\/uploads\/2025\/01\/T70450-Raymarine-RV-412-RealVision-3D-Stainless.webp","width":480,"height":288,"caption":"T70450-Raymarine-RV-412-RealVision-3D-Stainless"},{"@type":"BreadcrumbList","@id":"https:\/\/raymarine.ee\/product\/pack-of-rv-420-realvision-3d-stainless-steel-thru-hull-txds-port-starboard-20-direct-connect-to-axiom-2-x-2m-y-cable-and-8m-extension-cable\/#breadcrumb","itemListElement":[{"@type":"ListItem","position":1,"name":"Home","item":"https:\/\/raymarine.ee\/"},{"@type":"ListItem","position":2,"name":"Tooted","item":"https:\/\/raymarine.ee\/shop\/"},{"@type":"ListItem","position":3,"name":"Pack of RV-420 RealVision 3D Stainless Steel Thru Hull Txds, Port &#038; Starboard 20\u00b0, Direct connect to AXIOM (2 x 2m, Y-cable and 8m extension cable)"}]},{"@type":"WebSite","@id":"https:\/\/raymarine.ee\/#website","url":"https:\/\/raymarine.ee\/","name":"www.raymarine.ee","description":"Mereelektroonika, kaardiplotter, autopiloot, pinnipiloot, roolipiloot, radar, AIS, VHF, Smart Wind","publisher":{"@id":"https:\/\/raymarine.ee\/#organization"},"alternateName":"Raymarine","potentialAction":[{"@type":"SearchAction","target":{"@type":"EntryPoint","urlTemplate":"https:\/\/raymarine.ee\/?s={search_term_string}"},"query-input":{"@type":"PropertyValueSpecification","valueRequired":true,"valueName":"search_term_string"}}],"inLanguage":"en-GB"},{"@type":"Organization","@id":"https:\/\/raymarine.ee\/#organization","name":"NavSystems O\u00dc","url":"https:\/\/raymarine.ee\/","logo":{"@type":"ImageObject","inLanguage":"en-GB","@id":"https:\/\/raymarine.ee\/#\/schema\/logo\/image\/","url":"https:\/\/raymarine.ee\/wp-content\/uploads\/2024\/10\/Screenshot-2024-10-15-151324_bg_removed.webp","contentUrl":"https:\/\/raymarine.ee\/wp-content\/uploads\/2024\/10\/Screenshot-2024-10-15-151324_bg_removed.webp","width":420,"height":276,"caption":"NavSystems O\u00dc"},"image":{"@id":"https:\/\/raymarine.ee\/#\/schema\/logo\/image\/"},"sameAs":["https:\/\/www.facebook.com\/NavSystems"],"legalName":"NavSystems O\u00dc","foundingDate":"2011-05-03","numberOfEmployees":{"@type":"QuantitativeValue","minValue":"1","maxValue":"10"}}]},"product_price_amount":"2538.00","product_price_currency":"EUR","og_availability":"backorder","product_availability":"available for order","product_retailer_item_id":"T70451","product_condition":"new"},"jetpack_sharing_enabled":true,"_links":{"self":[{"href":"https:\/\/raymarine.ee\/en\/wp-json\/wp\/v2\/product\/6360","targetHints":{"allow":["GET"]}}],"collection":[{"href":"https:\/\/raymarine.ee\/en\/wp-json\/wp\/v2\/product"}],"about":[{"href":"https:\/\/raymarine.ee\/en\/wp-json\/wp\/v2\/types\/product"}],"wp:featuredmedia":[{"embeddable":true,"href":"https:\/\/raymarine.ee\/en\/wp-json\/wp\/v2\/media\/6914"}],"wp:attachment":[{"href":"https:\/\/raymarine.ee\/en\/wp-json\/wp\/v2\/media?parent=6360"}],"wp:term":[{"taxonomy":"product_brand","embeddable":true,"href":"https:\/\/raymarine.ee\/en\/wp-json\/wp\/v2\/product_brand?post=6360"},{"taxonomy":"product_cat","embeddable":true,"href":"https:\/\/raymarine.ee\/en\/wp-json\/wp\/v2\/product_cat?post=6360"},{"taxonomy":"product_tag","embeddable":true,"href":"https:\/\/raymarine.ee\/en\/wp-json\/wp\/v2\/product_tag?post=6360"}],"curies":[{"name":"wp","href":"https:\/\/api.w.org\/{rel}","templated":true}]}}