{"id":6361,"date":"2025-01-14T19:03:07","date_gmt":"2025-01-14T19:03:07","guid":{"rendered":"https:\/\/raymarine.ee\/?post_type=product&#038;p=6361"},"modified":"2026-04-15T16:28:52","modified_gmt":"2026-04-15T13:28:52","slug":"pack-of-rv-412-realvision-3d-stainless-steel-thru-hull-txds-port-starboard-12-direct-connect-to-axiom-2-x-2m-y-cable-and-8m-extension-cable","status":"publish","type":"product","link":"https:\/\/raymarine.ee\/en\/product\/pack-of-rv-412-realvision-3d-stainless-steel-thru-hull-txds-port-starboard-12-direct-connect-to-axiom-2-x-2m-y-cable-and-8m-extension-cable\/","title":{"rendered":"Pack of RV-412 RealVision 3D Stainless Steel Thru Hull Txds, Port &#038; Starboard 12\u00b0, Direct connect to AXIOM (2 x 2m, Y-cable and 8m extension cable)"},"content":{"rendered":"<h2 data-start=\"246\" data-end=\"317\"><strong data-start=\"249\" data-end=\"317\">Mida tuleb kindlasti j\u00e4lgida Raymarine RV-andurite paigaldamisel<\/strong><\/h2>\n<p data-start=\"319\" data-end=\"480\">RealVision 3D\u2122 sonarite kvaliteetne t\u00f6\u00f6 s\u00f5ltub suuresti \u00f5igesti teostatud paigaldusest. Lisaks tootja juhendis toodud soovitustele j\u00e4rgi j\u00e4rgmisi olulisi punkte:<\/p>\n<h3 data-start=\"482\" data-end=\"526\"><strong data-start=\"486\" data-end=\"524\">1. Toide ei tohi tulla stardiakult<\/strong><\/h3>\n<p data-start=\"527\" data-end=\"741\">\u00c4ra \u00fchenda <strong data-start=\"538\" data-end=\"577\">Axiom RV, Axiom Pro RVX ega RVX1000<\/strong> sonariseadmeid <strong data-start=\"593\" data-end=\"606\">stardiaku<\/strong> k\u00fclge. Mootori k\u00e4ivitamisel tekkiv <strong data-start=\"642\" data-end=\"692\">pingelang v\u00f5ib p\u00f5hjustada sonaripildi kadumise<\/strong>, mis h\u00e4irib navigeerimist ja andmete salvestust.<\/p>\n<h3 data-start=\"743\" data-end=\"799\"><strong data-start=\"747\" data-end=\"797\">2. V\u00e4ldi turbulentsi tekitavaid paigalduskohti<\/strong><\/h3>\n<p data-start=\"800\" data-end=\"985\">Paigalda andurid eemale <strong data-start=\"824\" data-end=\"899\">kerest v\u00e4ljaulatuvatest osadest, veev\u00f5tuavadest ja muudest takistustest<\/strong>, mis v\u00f5ivad tekitada <strong data-start=\"921\" data-end=\"949\">turbulentsi v\u00f5i \u00f5humulle<\/strong>, v\u00e4hendades sonaripildi kvaliteeti.<\/p>\n<h3 data-start=\"987\" data-end=\"1038\"><strong data-start=\"991\" data-end=\"1036\">3. Paralleelne ja s\u00fcmmeetriline paigaldus<\/strong><\/h3>\n<ul data-start=\"1039\" data-end=\"1322\">\n<li data-start=\"1039\" data-end=\"1138\">\n<p data-start=\"1041\" data-end=\"1138\">Andurid <strong data-start=\"1049\" data-end=\"1099\">peavad olema t\u00e4pselt paralleelselt paigaldatud<\/strong> ja asuma <strong data-start=\"1109\" data-end=\"1135\">samal kaugusel ahtrist<\/strong>.<\/p>\n<\/li>\n<li data-start=\"1139\" data-end=\"1204\">\n<p data-start=\"1141\" data-end=\"1204\">Kui \u00fcks andur on teisest ees v\u00f5i taga, v\u00f5ib <strong data-start=\"1185\" data-end=\"1201\">pilt nihkuda<\/strong>.<\/p>\n<\/li>\n<li data-start=\"1205\" data-end=\"1322\">\n<p data-start=\"1207\" data-end=\"1322\">Maksimaalne kaugus laiussuunas kahe anduri vahel on <strong data-start=\"1259\" data-end=\"1272\">2 meetrit<\/strong> (soovitavalt kuni 1 meeter m\u00f5lemale poole kiilu).<\/p>\n<\/li>\n<\/ul>\n<h3 data-start=\"1324\" data-end=\"1364\"><strong data-start=\"1328\" data-end=\"1362\">4. Paigalduss\u00fcgavus veeliinist<\/strong><\/h3>\n<p data-start=\"1365\" data-end=\"1498\">Andurid peavad olema paigaldatud <strong data-start=\"1398\" data-end=\"1438\">v\u00e4hemalt 300 mm veeliinist allapoole<\/strong>, et need oleksid veega kontaktis nii seisus kui liikumisel.<\/p>\n<h3 data-start=\"1500\" data-end=\"1547\"><strong data-start=\"1504\" data-end=\"1545\">5. AHRS-sensor ja magnetilised h\u00e4ired<\/strong><\/h3>\n<p data-start=\"1548\" data-end=\"1696\">RV-anduritel on <strong data-start=\"1564\" data-end=\"1626\">sisseehitatud AHRS (Attitude and Heading Reference Sensor)<\/strong>, mis <strong data-start=\"1632\" data-end=\"1664\">kompenseerib laeva liikumist<\/strong> ja stabiliseerib sonaripilti.<\/p>\n<ul data-start=\"1697\" data-end=\"1909\">\n<li data-start=\"1697\" data-end=\"1817\">\n<p data-start=\"1699\" data-end=\"1817\">V\u00e4ldi paigaldust <strong data-start=\"1716\" data-end=\"1804\">mootorite, elektripaneelide, laadijate, inverterite ja muude tugevate magnetallikate<\/strong> l\u00e4hedusse.<\/p>\n<\/li>\n<li data-start=\"1818\" data-end=\"1909\">\n<p data-start=\"1820\" data-end=\"1909\">Vajadusel saab AHRS-i funktsiooni <strong data-start=\"1854\" data-end=\"1882\">keelata plotteri men\u00fc\u00fcst<\/strong>, kui see ei t\u00f6\u00f6ta \u00f5igesti.<\/p>\n<\/li>\n<\/ul>\n<hr class=\"\" data-start=\"1911\" data-end=\"1914\" \/>\n<h2 data-start=\"1916\" data-end=\"2009\"><strong data-start=\"1919\" data-end=\"2009\">Tootekirjeldus: Raymarine RV-412 roostevabast terasest l\u00e4bi kere anduripakett (T70450)<\/strong><\/h2>\n<p data-start=\"2011\" data-end=\"2176\"><strong data-start=\"2011\" data-end=\"2031\">Raymarine RV-412<\/strong> on <strong data-start=\"2035\" data-end=\"2072\">4-kanaliline CHIRP-sonari s\u00fcsteem<\/strong>, mis on loodud pakkuma erakordselt t\u00e4pset ja detailset sonaripilti nii kalap\u00fc\u00fcgiks kui navigatsiooniks.<\/p>\n<h3 data-start=\"2178\" data-end=\"2199\"><strong data-start=\"2182\" data-end=\"2199\">Funktsioonid:<\/strong><\/h3>\n<ul data-start=\"2200\" data-end=\"2498\">\n<li data-start=\"2200\" data-end=\"2255\">\n<p data-start=\"2202\" data-end=\"2255\"><strong data-start=\"2202\" data-end=\"2220\">RealVision 3D\u2122<\/strong> \u2013 ruumiline veealune sonarivaade<\/p>\n<\/li>\n<li data-start=\"2256\" data-end=\"2339\">\n<p data-start=\"2258\" data-end=\"2339\"><strong data-start=\"2258\" data-end=\"2294\">CHIRP SideVision\u2122 ja DownVision\u2122<\/strong> \u2013 selge kujutis veealustest struktuuridest<\/p>\n<\/li>\n<li data-start=\"2340\" data-end=\"2395\">\n<p data-start=\"2342\" data-end=\"2395\"><strong data-start=\"2342\" data-end=\"2372\">K\u00f5rgsageduslik CHIRP-sonar<\/strong> kalade tuvastamiseks<\/p>\n<\/li>\n<li data-start=\"2396\" data-end=\"2457\">\n<p data-start=\"2398\" data-end=\"2457\"><strong data-start=\"2398\" data-end=\"2420\">Sisseehitatud AHRS<\/strong> \u2013 automaatne pildistabiliseerimine<\/p>\n<\/li>\n<li data-start=\"2458\" data-end=\"2498\">\n<p data-start=\"2460\" data-end=\"2498\"><strong data-start=\"2460\" data-end=\"2498\">Integreeritud veetemperatuuriandur<\/strong><\/p>\n<\/li>\n<\/ul>\n<h3 data-start=\"2500\" data-end=\"2528\"><strong data-start=\"2504\" data-end=\"2528\">Tehnilised omadused:<\/strong><\/h3>\n<ul data-start=\"2529\" data-end=\"2880\">\n<li data-start=\"2529\" data-end=\"2618\">\n<p data-start=\"2531\" data-end=\"2618\">Sisemine kallutuskompensatsioon (tilt) <strong data-start=\"2570\" data-end=\"2616\">sobib 6\u00b0 kuni 18\u00b0 paadikere kaldenurkadele<\/strong><\/p>\n<\/li>\n<li data-start=\"2619\" data-end=\"2706\">\n<p data-start=\"2621\" data-end=\"2706\"><strong data-start=\"2621\" data-end=\"2638\">Madal profiil<\/strong> \u2013 v\u00e4hendab veetakistust ja v\u00e4listab vajaduse kiiluplokkide j\u00e4rele<\/p>\n<\/li>\n<li data-start=\"2707\" data-end=\"2766\">\n<p data-start=\"2709\" data-end=\"2766\">Sobib <strong data-start=\"2715\" data-end=\"2764\">klaasplastist, metallist ja puidust paatidele<\/strong><\/p>\n<\/li>\n<li data-start=\"2767\" data-end=\"2880\">\n<p data-start=\"2769\" data-end=\"2880\">\u00dcks andur katab vasakpoolse k\u00fclje ja allapoole, teine parempoolse k\u00fclje ja allapoole \u2192 <strong data-start=\"2856\" data-end=\"2880\">180\u00b0 veealune katvus<\/strong><\/p>\n<\/li>\n<\/ul>\n<h3 data-start=\"2882\" data-end=\"2901\"><strong data-start=\"2886\" data-end=\"2901\">Komplektis:<\/strong><\/h3>\n<ul data-start=\"2902\" data-end=\"3166\">\n<li data-start=\"2902\" data-end=\"2970\">\n<p data-start=\"2904\" data-end=\"2970\"><strong data-start=\"2904\" data-end=\"2915\">RV-412P<\/strong> roostevabast terasest vasakpoolne andur (2 m kaabel)<\/p>\n<\/li>\n<li data-start=\"2971\" data-end=\"3026\">\n<p data-start=\"2973\" data-end=\"3026\"><strong data-start=\"2973\" data-end=\"2984\">RV-412S<\/strong> plastist parempoolne andur (2 m kaabel)<\/p>\n<\/li>\n<li data-start=\"3027\" data-end=\"3057\">\n<p data-start=\"3029\" data-end=\"3057\"><strong data-start=\"3029\" data-end=\"3055\">RealVision 3D Y-kaabel<\/strong><\/p>\n<\/li>\n<li data-start=\"3058\" data-end=\"3102\">\n<p data-start=\"3060\" data-end=\"3102\"><strong data-start=\"3060\" data-end=\"3082\">8 m pikenduskaabel<\/strong> (kogupikkus 10 m)<\/p>\n<\/li>\n<li data-start=\"3103\" data-end=\"3143\">\n<p data-start=\"3105\" data-end=\"3143\"><strong data-start=\"3105\" data-end=\"3141\">Anti-rotatsioonikinnituskomplekt<\/strong><\/p>\n<\/li>\n<li data-start=\"3144\" data-end=\"3166\">\n<p data-start=\"3146\" data-end=\"3166\"><strong data-start=\"3146\" data-end=\"3166\">Paigaldusjuhised<\/strong><\/p>\n<\/li>\n<\/ul>","protected":false},"excerpt":{"rendered":"<p>RV-412 Stainless Steel Through Hull Transducer Pack (with 12\u00b0 Tilt) Through Hull Designed for inboard or outboard boats, the RV-412 stainless steel through hull transducer system lets you easily identify structures and locate fish with the life-like clarity of RealVision 3D\u2122 sonar. The RV-412 system is a 4-channel, Wide Spectrum CHIRP transducer system with DownVision\u2122, SideVision\u2122, high frequency CHIRP fish targeting and RealVision 3D\u2122 sonar inside. The transducer system has a built-in attitude and heading reference system (AHRS) that stabilizes the sonar imagery, automatically compensating for vessel motion. You\u2019ll enjoy crystal-clear imagery in waves, swells, and while maneuvering. The RV-412 system also has a built-in fast response water temperature sensor for quick, accurate readings. Raymarine\u2019s RV-412 Plastic Through Hull Transducer system pack contains a pair of RealVision 3D transducers with internal tilt to accommodate hull deadrise angles from 6\u00b0 to 18\u00b0. This completely eliminates the need for fairing blocks. The low-profile design slips effortlessly through the water without causing drag or cavitation. The near-flush RV-412 system works even works great on trailered boats<\/p>","protected":false},"featured_media":6914,"template":"","meta":{"_acf_changed":false},"product_brand":[134],"product_cat":[54,103,79],"product_tag":[],"class_list":{"0":"post-6361","1":"product","2":"type-product","3":"status-publish","4":"has-post-thumbnail","6":"product_brand-raymarine","7":"product_cat-kalaleidjad","8":"product_cat-raymarine","9":"product_cat-kalaleidjate_andurid","11":"first","12":"onbackorder","13":"sale","14":"taxable","15":"shipping-taxable","16":"purchasable","17":"product-type-simple"},"acf":[],"yoast_head":"<!-- This site is optimized with the Yoast SEO Premium plugin v27.5 (Yoast SEO v27.5) - https:\/\/yoast.com\/product\/yoast-seo-premium-wordpress\/ -->\n<title>Pack of RV-412 RealVision 3D Stainless Steel Thru Hull Txds, Port &amp; Starboard 12\u00b0, Direct connect to AXIOM (2 x 2m, Y-cable and 8m extension cable) - NavSystems Mereelektroonika<\/title>\n<meta name=\"description\" content=\"Raymarine RV-412 RealVision 3D anduripaar. 4-kanaliline CHIRP sonar, Side\/DownVision ja sisseehitatud AHRS. \u00d5ige paigaldus tagab t\u00e4pse ja stabiilse sonaripildi.\" \/>\n<meta name=\"robots\" content=\"index, follow, max-snippet:-1, max-image-preview:large, max-video-preview:-1\" \/>\n<link rel=\"canonical\" href=\"https:\/\/raymarine.ee\/en\/product\/pack-of-rv-412-realvision-3d-stainless-steel-thru-hull-txds-port-starboard-12-direct-connect-to-axiom-2-x-2m-y-cable-and-8m-extension-cable\/\" \/>\n<meta property=\"og:locale\" content=\"en_GB\" \/>\n<meta property=\"og:type\" content=\"article\" \/>\n<meta property=\"og:title\" content=\"Pack of RV-412 RealVision 3D Stainless Steel Thru Hull Txds, Port &amp; Starboard 12\u00b0, Direct connect to AXIOM (2 x 2m, Y-cable and 8m extension cable)\" \/>\n<meta property=\"og:description\" content=\"Raymarine RV-412 RealVision 3D anduripaar. 4-kanaliline CHIRP sonar, Side\/DownVision ja sisseehitatud AHRS. \u00d5ige paigaldus tagab t\u00e4pse ja stabiilse sonaripildi.\" \/>\n<meta property=\"og:url\" content=\"https:\/\/raymarine.ee\/en\/product\/pack-of-rv-412-realvision-3d-stainless-steel-thru-hull-txds-port-starboard-12-direct-connect-to-axiom-2-x-2m-y-cable-and-8m-extension-cable\/\" \/>\n<meta property=\"og:site_name\" content=\"NavSystems\" \/>\n<meta property=\"article:publisher\" content=\"https:\/\/www.facebook.com\/NavSystems\" \/>\n<meta property=\"article:modified_time\" content=\"2026-04-15T13:28:52+00:00\" \/>\n<meta property=\"og:image\" content=\"https:\/\/raymarine.ee\/wp-content\/uploads\/2025\/01\/T70450-Raymarine-RV-412-RealVision-3D-Stainless.webp\" \/>\n\t<meta property=\"og:image:width\" content=\"480\" \/>\n\t<meta property=\"og:image:height\" content=\"288\" \/>\n\t<meta property=\"og:image:type\" content=\"image\/webp\" \/>\n<meta name=\"twitter:card\" content=\"summary_large_image\" \/>\n<meta name=\"twitter:label1\" content=\"Price\" \/>\n\t<meta name=\"twitter:data1\" content=\"2 538,00&nbsp;&euro;\" \/>\n\t<meta name=\"twitter:label2\" content=\"Availability\" \/>\n\t<meta name=\"twitter:data2\" content=\"On back order\" \/>\n<script type=\"application\/ld+json\" class=\"yoast-schema-graph\">{\"@context\":\"https:\\\/\\\/schema.org\",\"@graph\":[{\"@type\":\"WebPage\",\"@id\":\"https:\\\/\\\/raymarine.ee\\\/product\\\/pack-of-rv-412-realvision-3d-stainless-steel-thru-hull-txds-port-starboard-12-direct-connect-to-axiom-2-x-2m-y-cable-and-8m-extension-cable\\\/\",\"url\":\"https:\\\/\\\/raymarine.ee\\\/product\\\/pack-of-rv-412-realvision-3d-stainless-steel-thru-hull-txds-port-starboard-12-direct-connect-to-axiom-2-x-2m-y-cable-and-8m-extension-cable\\\/\",\"name\":\"Pack of RV-412 RealVision 3D Stainless Steel Thru Hull Txds, Port & Starboard 12\u00b0, Direct connect to AXIOM (2 x 2m, Y-cable and 8m extension cable) - NavSystems Mereelektroonika\",\"isPartOf\":{\"@id\":\"https:\\\/\\\/raymarine.ee\\\/#website\"},\"primaryImageOfPage\":{\"@id\":\"https:\\\/\\\/raymarine.ee\\\/product\\\/pack-of-rv-412-realvision-3d-stainless-steel-thru-hull-txds-port-starboard-12-direct-connect-to-axiom-2-x-2m-y-cable-and-8m-extension-cable\\\/#primaryimage\"},\"image\":{\"@id\":\"https:\\\/\\\/raymarine.ee\\\/product\\\/pack-of-rv-412-realvision-3d-stainless-steel-thru-hull-txds-port-starboard-12-direct-connect-to-axiom-2-x-2m-y-cable-and-8m-extension-cable\\\/#primaryimage\"},\"thumbnailUrl\":\"https:\\\/\\\/raymarine.ee\\\/wp-content\\\/uploads\\\/2025\\\/01\\\/T70450-Raymarine-RV-412-RealVision-3D-Stainless.webp\",\"datePublished\":\"2025-01-14T19:03:07+00:00\",\"dateModified\":\"2026-04-15T13:28:52+00:00\",\"description\":\"Raymarine RV-412 RealVision 3D anduripaar. 4-kanaliline CHIRP sonar, Side\\\/DownVision ja sisseehitatud AHRS. \u00d5ige paigaldus tagab t\u00e4pse ja stabiilse sonaripildi.\",\"breadcrumb\":{\"@id\":\"https:\\\/\\\/raymarine.ee\\\/product\\\/pack-of-rv-412-realvision-3d-stainless-steel-thru-hull-txds-port-starboard-12-direct-connect-to-axiom-2-x-2m-y-cable-and-8m-extension-cable\\\/#breadcrumb\"},\"inLanguage\":\"en-GB\",\"potentialAction\":[{\"@type\":\"ReadAction\",\"target\":[\"https:\\\/\\\/raymarine.ee\\\/product\\\/pack-of-rv-412-realvision-3d-stainless-steel-thru-hull-txds-port-starboard-12-direct-connect-to-axiom-2-x-2m-y-cable-and-8m-extension-cable\\\/\"]}]},{\"@type\":\"ImageObject\",\"inLanguage\":\"en-GB\",\"@id\":\"https:\\\/\\\/raymarine.ee\\\/product\\\/pack-of-rv-412-realvision-3d-stainless-steel-thru-hull-txds-port-starboard-12-direct-connect-to-axiom-2-x-2m-y-cable-and-8m-extension-cable\\\/#primaryimage\",\"url\":\"https:\\\/\\\/raymarine.ee\\\/wp-content\\\/uploads\\\/2025\\\/01\\\/T70450-Raymarine-RV-412-RealVision-3D-Stainless.webp\",\"contentUrl\":\"https:\\\/\\\/raymarine.ee\\\/wp-content\\\/uploads\\\/2025\\\/01\\\/T70450-Raymarine-RV-412-RealVision-3D-Stainless.webp\",\"width\":480,\"height\":288,\"caption\":\"T70450-Raymarine-RV-412-RealVision-3D-Stainless\"},{\"@type\":\"BreadcrumbList\",\"@id\":\"https:\\\/\\\/raymarine.ee\\\/product\\\/pack-of-rv-412-realvision-3d-stainless-steel-thru-hull-txds-port-starboard-12-direct-connect-to-axiom-2-x-2m-y-cable-and-8m-extension-cable\\\/#breadcrumb\",\"itemListElement\":[{\"@type\":\"ListItem\",\"position\":1,\"name\":\"Home\",\"item\":\"https:\\\/\\\/raymarine.ee\\\/\"},{\"@type\":\"ListItem\",\"position\":2,\"name\":\"Tooted\",\"item\":\"https:\\\/\\\/raymarine.ee\\\/shop\\\/\"},{\"@type\":\"ListItem\",\"position\":3,\"name\":\"Pack of RV-412 RealVision 3D Stainless Steel Thru Hull Txds, Port &#038; Starboard 12\u00b0, Direct connect to AXIOM (2 x 2m, Y-cable and 8m extension cable)\"}]},{\"@type\":\"WebSite\",\"@id\":\"https:\\\/\\\/raymarine.ee\\\/#website\",\"url\":\"https:\\\/\\\/raymarine.ee\\\/\",\"name\":\"www.raymarine.ee\",\"description\":\"Mereelektroonika, kaardiplotter, autopiloot, pinnipiloot, roolipiloot, radar, AIS, VHF, Smart Wind\",\"publisher\":{\"@id\":\"https:\\\/\\\/raymarine.ee\\\/#organization\"},\"alternateName\":\"Raymarine\",\"potentialAction\":[{\"@type\":\"SearchAction\",\"target\":{\"@type\":\"EntryPoint\",\"urlTemplate\":\"https:\\\/\\\/raymarine.ee\\\/?s={search_term_string}\"},\"query-input\":{\"@type\":\"PropertyValueSpecification\",\"valueRequired\":true,\"valueName\":\"search_term_string\"}}],\"inLanguage\":\"en-GB\"},{\"@type\":\"Organization\",\"@id\":\"https:\\\/\\\/raymarine.ee\\\/#organization\",\"name\":\"NavSystems O\u00dc\",\"url\":\"https:\\\/\\\/raymarine.ee\\\/\",\"logo\":{\"@type\":\"ImageObject\",\"inLanguage\":\"en-GB\",\"@id\":\"https:\\\/\\\/raymarine.ee\\\/#\\\/schema\\\/logo\\\/image\\\/\",\"url\":\"https:\\\/\\\/raymarine.ee\\\/wp-content\\\/uploads\\\/2024\\\/10\\\/Screenshot-2024-10-15-151324_bg_removed.webp\",\"contentUrl\":\"https:\\\/\\\/raymarine.ee\\\/wp-content\\\/uploads\\\/2024\\\/10\\\/Screenshot-2024-10-15-151324_bg_removed.webp\",\"width\":420,\"height\":276,\"caption\":\"NavSystems O\u00dc\"},\"image\":{\"@id\":\"https:\\\/\\\/raymarine.ee\\\/#\\\/schema\\\/logo\\\/image\\\/\"},\"sameAs\":[\"https:\\\/\\\/www.facebook.com\\\/NavSystems\"],\"legalName\":\"NavSystems O\u00dc\",\"foundingDate\":\"2011-05-03\",\"numberOfEmployees\":{\"@type\":\"QuantitativeValue\",\"minValue\":\"1\",\"maxValue\":\"10\"}}]}<\/script>\n<meta property=\"product:price:amount\" content=\"2538.00\" \/>\n<meta property=\"product:price:currency\" content=\"EUR\" \/>\n<meta property=\"og:availability\" content=\"backorder\" \/>\n<meta property=\"product:availability\" content=\"available for order\" \/>\n<meta property=\"product:retailer_item_id\" content=\"T70450\" \/>\n<meta property=\"product:condition\" content=\"new\" \/>\n<!-- \/ Yoast SEO Premium plugin. -->","yoast_head_json":{"title":"Pack of RV-412 RealVision 3D Stainless Steel Thru Hull Txds, Port & Starboard 12\u00b0, Direct connect to AXIOM (2 x 2m, Y-cable and 8m extension cable) - NavSystems Mereelektroonika","description":"Raymarine RV-412 RealVision 3D anduripaar. 4-kanaliline CHIRP sonar, Side\/DownVision ja sisseehitatud AHRS. \u00d5ige paigaldus tagab t\u00e4pse ja stabiilse sonaripildi.","robots":{"index":"index","follow":"follow","max-snippet":"max-snippet:-1","max-image-preview":"max-image-preview:large","max-video-preview":"max-video-preview:-1"},"canonical":"https:\/\/raymarine.ee\/en\/product\/pack-of-rv-412-realvision-3d-stainless-steel-thru-hull-txds-port-starboard-12-direct-connect-to-axiom-2-x-2m-y-cable-and-8m-extension-cable\/","og_locale":"en_GB","og_type":"article","og_title":"Pack of RV-412 RealVision 3D Stainless Steel Thru Hull Txds, Port & Starboard 12\u00b0, Direct connect to AXIOM (2 x 2m, Y-cable and 8m extension cable)","og_description":"Raymarine RV-412 RealVision 3D anduripaar. 4-kanaliline CHIRP sonar, Side\/DownVision ja sisseehitatud AHRS. \u00d5ige paigaldus tagab t\u00e4pse ja stabiilse sonaripildi.","og_url":"https:\/\/raymarine.ee\/en\/product\/pack-of-rv-412-realvision-3d-stainless-steel-thru-hull-txds-port-starboard-12-direct-connect-to-axiom-2-x-2m-y-cable-and-8m-extension-cable\/","og_site_name":"NavSystems","article_publisher":"https:\/\/www.facebook.com\/NavSystems","article_modified_time":"2026-04-15T13:28:52+00:00","og_image":[{"width":480,"height":288,"url":"https:\/\/raymarine.ee\/wp-content\/uploads\/2025\/01\/T70450-Raymarine-RV-412-RealVision-3D-Stainless.webp","type":"image\/webp"}],"twitter_card":"summary_large_image","twitter_misc":{"Price":"2 538,00&nbsp;&euro;","Availability":"On back order"},"schema":{"@context":"https:\/\/schema.org","@graph":[{"@type":"WebPage","@id":"https:\/\/raymarine.ee\/product\/pack-of-rv-412-realvision-3d-stainless-steel-thru-hull-txds-port-starboard-12-direct-connect-to-axiom-2-x-2m-y-cable-and-8m-extension-cable\/","url":"https:\/\/raymarine.ee\/product\/pack-of-rv-412-realvision-3d-stainless-steel-thru-hull-txds-port-starboard-12-direct-connect-to-axiom-2-x-2m-y-cable-and-8m-extension-cable\/","name":"Pack of RV-412 RealVision 3D Stainless Steel Thru Hull Txds, Port & Starboard 12\u00b0, Direct connect to AXIOM (2 x 2m, Y-cable and 8m extension cable) - NavSystems Mereelektroonika","isPartOf":{"@id":"https:\/\/raymarine.ee\/#website"},"primaryImageOfPage":{"@id":"https:\/\/raymarine.ee\/product\/pack-of-rv-412-realvision-3d-stainless-steel-thru-hull-txds-port-starboard-12-direct-connect-to-axiom-2-x-2m-y-cable-and-8m-extension-cable\/#primaryimage"},"image":{"@id":"https:\/\/raymarine.ee\/product\/pack-of-rv-412-realvision-3d-stainless-steel-thru-hull-txds-port-starboard-12-direct-connect-to-axiom-2-x-2m-y-cable-and-8m-extension-cable\/#primaryimage"},"thumbnailUrl":"https:\/\/raymarine.ee\/wp-content\/uploads\/2025\/01\/T70450-Raymarine-RV-412-RealVision-3D-Stainless.webp","datePublished":"2025-01-14T19:03:07+00:00","dateModified":"2026-04-15T13:28:52+00:00","description":"Raymarine RV-412 RealVision 3D anduripaar. 4-kanaliline CHIRP sonar, Side\/DownVision ja sisseehitatud AHRS. \u00d5ige paigaldus tagab t\u00e4pse ja stabiilse sonaripildi.","breadcrumb":{"@id":"https:\/\/raymarine.ee\/product\/pack-of-rv-412-realvision-3d-stainless-steel-thru-hull-txds-port-starboard-12-direct-connect-to-axiom-2-x-2m-y-cable-and-8m-extension-cable\/#breadcrumb"},"inLanguage":"en-GB","potentialAction":[{"@type":"ReadAction","target":["https:\/\/raymarine.ee\/product\/pack-of-rv-412-realvision-3d-stainless-steel-thru-hull-txds-port-starboard-12-direct-connect-to-axiom-2-x-2m-y-cable-and-8m-extension-cable\/"]}]},{"@type":"ImageObject","inLanguage":"en-GB","@id":"https:\/\/raymarine.ee\/product\/pack-of-rv-412-realvision-3d-stainless-steel-thru-hull-txds-port-starboard-12-direct-connect-to-axiom-2-x-2m-y-cable-and-8m-extension-cable\/#primaryimage","url":"https:\/\/raymarine.ee\/wp-content\/uploads\/2025\/01\/T70450-Raymarine-RV-412-RealVision-3D-Stainless.webp","contentUrl":"https:\/\/raymarine.ee\/wp-content\/uploads\/2025\/01\/T70450-Raymarine-RV-412-RealVision-3D-Stainless.webp","width":480,"height":288,"caption":"T70450-Raymarine-RV-412-RealVision-3D-Stainless"},{"@type":"BreadcrumbList","@id":"https:\/\/raymarine.ee\/product\/pack-of-rv-412-realvision-3d-stainless-steel-thru-hull-txds-port-starboard-12-direct-connect-to-axiom-2-x-2m-y-cable-and-8m-extension-cable\/#breadcrumb","itemListElement":[{"@type":"ListItem","position":1,"name":"Home","item":"https:\/\/raymarine.ee\/"},{"@type":"ListItem","position":2,"name":"Tooted","item":"https:\/\/raymarine.ee\/shop\/"},{"@type":"ListItem","position":3,"name":"Pack of RV-412 RealVision 3D Stainless Steel Thru Hull Txds, Port &#038; Starboard 12\u00b0, Direct connect to AXIOM (2 x 2m, Y-cable and 8m extension cable)"}]},{"@type":"WebSite","@id":"https:\/\/raymarine.ee\/#website","url":"https:\/\/raymarine.ee\/","name":"www.raymarine.ee","description":"Mereelektroonika, kaardiplotter, autopiloot, pinnipiloot, roolipiloot, radar, AIS, VHF, Smart Wind","publisher":{"@id":"https:\/\/raymarine.ee\/#organization"},"alternateName":"Raymarine","potentialAction":[{"@type":"SearchAction","target":{"@type":"EntryPoint","urlTemplate":"https:\/\/raymarine.ee\/?s={search_term_string}"},"query-input":{"@type":"PropertyValueSpecification","valueRequired":true,"valueName":"search_term_string"}}],"inLanguage":"en-GB"},{"@type":"Organization","@id":"https:\/\/raymarine.ee\/#organization","name":"NavSystems O\u00dc","url":"https:\/\/raymarine.ee\/","logo":{"@type":"ImageObject","inLanguage":"en-GB","@id":"https:\/\/raymarine.ee\/#\/schema\/logo\/image\/","url":"https:\/\/raymarine.ee\/wp-content\/uploads\/2024\/10\/Screenshot-2024-10-15-151324_bg_removed.webp","contentUrl":"https:\/\/raymarine.ee\/wp-content\/uploads\/2024\/10\/Screenshot-2024-10-15-151324_bg_removed.webp","width":420,"height":276,"caption":"NavSystems O\u00dc"},"image":{"@id":"https:\/\/raymarine.ee\/#\/schema\/logo\/image\/"},"sameAs":["https:\/\/www.facebook.com\/NavSystems"],"legalName":"NavSystems O\u00dc","foundingDate":"2011-05-03","numberOfEmployees":{"@type":"QuantitativeValue","minValue":"1","maxValue":"10"}}]},"product_price_amount":"2538.00","product_price_currency":"EUR","og_availability":"backorder","product_availability":"available for order","product_retailer_item_id":"T70450","product_condition":"new"},"jetpack_sharing_enabled":true,"_links":{"self":[{"href":"https:\/\/raymarine.ee\/en\/wp-json\/wp\/v2\/product\/6361","targetHints":{"allow":["GET"]}}],"collection":[{"href":"https:\/\/raymarine.ee\/en\/wp-json\/wp\/v2\/product"}],"about":[{"href":"https:\/\/raymarine.ee\/en\/wp-json\/wp\/v2\/types\/product"}],"wp:featuredmedia":[{"embeddable":true,"href":"https:\/\/raymarine.ee\/en\/wp-json\/wp\/v2\/media\/6914"}],"wp:attachment":[{"href":"https:\/\/raymarine.ee\/en\/wp-json\/wp\/v2\/media?parent=6361"}],"wp:term":[{"taxonomy":"product_brand","embeddable":true,"href":"https:\/\/raymarine.ee\/en\/wp-json\/wp\/v2\/product_brand?post=6361"},{"taxonomy":"product_cat","embeddable":true,"href":"https:\/\/raymarine.ee\/en\/wp-json\/wp\/v2\/product_cat?post=6361"},{"taxonomy":"product_tag","embeddable":true,"href":"https:\/\/raymarine.ee\/en\/wp-json\/wp\/v2\/product_tag?post=6361"}],"curies":[{"name":"wp","href":"https:\/\/api.w.org\/{rel}","templated":true}]}}