{"id":6362,"date":"2025-01-14T19:05:05","date_gmt":"2025-01-14T19:05:05","guid":{"rendered":"https:\/\/raymarine.ee\/?post_type=product&#038;p=6362"},"modified":"2025-04-18T17:51:15","modified_gmt":"2025-04-18T15:51:15","slug":"rvx1000-realvision-black-box-sonar-with-1kw-sonar-downvision-sidevision-and-realvision-3d-sonar","status":"publish","type":"product","link":"https:\/\/raymarine.ee\/en\/product\/rvx1000-realvision-black-box-sonar-with-1kw-sonar-downvision-sidevision-and-realvision-3d-sonar\/","title":{"rendered":"RVX1000 RealVision Black Box Sonar with 1kW Sonar, DownVision, SideVision and RealVision 3D Sonar"},"content":{"rendered":"<p><strong>Vaata erinevate\u00a0<a href=\"https:\/\/www.raymarine.eu\/view\/index-id=478.html#products\" target=\"_blank\" rel=\"noopener\">kalaleidja moodulite<\/a>\u00a0tutvustust<\/strong><\/p>\n<h2 class=\"\" data-start=\"132\" data-end=\"210\"><strong data-start=\"135\" data-end=\"210\">Raymarine RVX1000 \u2013 RealVision 3D Black Box sonar koos 1 kW CHIRP toega<\/strong><\/h2>\n<p class=\"\" data-start=\"212\" data-end=\"545\"><strong data-start=\"212\" data-end=\"233\">Raymarine RVX1000<\/strong> on v\u00f5imas ja paindlik sonarimoodul, mis \u00fchendab endas <strong data-start=\"288\" data-end=\"344\">RealVision 3D\u2122, CHIRP SideVision\u2122, CHIRP DownVision\u2122<\/strong> ja <strong data-start=\"348\" data-end=\"384\">1 kW kahekanalilise CHIRP-sonari<\/strong>. See on ideaalne valik nii s\u00fcvavee- kui ka rannakalap\u00fc\u00fcgiks ning sobib kasutamiseks koos <strong data-start=\"474\" data-end=\"544\">Raymarine Axiom, eS ja gS seeria multifunktsionaalsete ekraanidega<\/strong>.<\/p>\n<hr class=\"\" data-start=\"547\" data-end=\"550\" \/>\n<h3 class=\"\" data-start=\"552\" data-end=\"579\"><strong data-start=\"556\" data-end=\"579\">T\u00e4htsamad omadused:<\/strong><\/h3>\n<h4 class=\"\" data-start=\"581\" data-end=\"613\"><strong data-start=\"586\" data-end=\"613\">V\u00f5imas k\u00f5ik-\u00fches sonar:<\/strong><\/h4>\n<ul data-start=\"614\" data-end=\"826\">\n<li class=\"\" data-start=\"614\" data-end=\"826\">\n<p class=\"\" data-start=\"616\" data-end=\"638\"><strong data-start=\"616\" data-end=\"635\">5 sonarikanalit<\/strong>:<\/p>\n<ul data-start=\"641\" data-end=\"826\">\n<li class=\"\" data-start=\"641\" data-end=\"659\">\n<p class=\"\" data-start=\"643\" data-end=\"659\">RealVision 3D\u2122<\/p>\n<\/li>\n<li class=\"\" data-start=\"662\" data-end=\"683\">\n<p class=\"\" data-start=\"664\" data-end=\"683\">CHIRP SideVision\u2122<\/p>\n<\/li>\n<li class=\"\" data-start=\"686\" data-end=\"707\">\n<p class=\"\" data-start=\"688\" data-end=\"707\">CHIRP DownVision\u2122<\/p>\n<\/li>\n<li class=\"\" data-start=\"710\" data-end=\"756\">\n<p class=\"\" data-start=\"712\" data-end=\"756\">K\u00f5rgsageduslik CHIRP (madala voolutarbega)<\/p>\n<\/li>\n<li class=\"\" data-start=\"759\" data-end=\"826\">\n<p class=\"\" data-start=\"761\" data-end=\"826\"><strong data-start=\"761\" data-end=\"781\">1 kW CHIRP sonar<\/strong> (Low \/ Medium \/ High: 50\/80\/100\/160\/200 kHz)<\/p>\n<\/li>\n<\/ul>\n<\/li>\n<\/ul>\n<h4 class=\"\" data-start=\"828\" data-end=\"867\"><strong data-start=\"833\" data-end=\"867\">T\u00e4iustatud sonarifunktsioonid:<\/strong><\/h4>\n<ul data-start=\"868\" data-end=\"1139\">\n<li class=\"\" data-start=\"868\" data-end=\"955\">\n<p class=\"\" data-start=\"870\" data-end=\"955\">\u00dclim <strong data-start=\"875\" data-end=\"894\">veealune selgus<\/strong> ja t\u00e4pne sihtm\u00e4rkide tuvastus RealVision 3D\u2122 tehnoloogiaga<\/p>\n<\/li>\n<li class=\"\" data-start=\"956\" data-end=\"1071\">\n<p class=\"\" data-start=\"958\" data-end=\"1071\"><strong data-start=\"958\" data-end=\"1003\">Salvestuse tagasikerimine kuni 10 minutit<\/strong> \u2013 vaata \u00fcle struktuurid ja m\u00e4rgista vahepeal avastatud kalaparved<\/p>\n<\/li>\n<li class=\"\" data-start=\"1072\" data-end=\"1139\">\n<p class=\"\" data-start=\"1074\" data-end=\"1139\"><strong data-start=\"1074\" data-end=\"1091\">TruZoom\u2122 suum<\/strong> \u2013 suurenda detaile ilma resolutsiooni kaotamata<\/p>\n<\/li>\n<\/ul>\n<h4 class=\"\" data-start=\"1141\" data-end=\"1171\"><strong data-start=\"1146\" data-end=\"1171\">GPS Track funktsioon:<\/strong><\/h4>\n<ul data-start=\"1172\" data-end=\"1283\">\n<li class=\"\" data-start=\"1172\" data-end=\"1283\">\n<p class=\"\" data-start=\"1174\" data-end=\"1283\">Loob <strong data-start=\"1179\" data-end=\"1208\">reaalajas veealuse mudeli<\/strong> t\u00e4nu GPS-i t\u00e4psele positsioneerimisele koos RealVision 3D\u2122 sonariandmetega<\/p>\n<\/li>\n<\/ul>\n<hr class=\"\" data-start=\"1285\" data-end=\"1288\" \/>\n<h3 class=\"\" data-start=\"1290\" data-end=\"1321\"><strong data-start=\"1294\" data-end=\"1321\">J\u00f5udluse optimeerimine:<\/strong><\/h3>\n<ul data-start=\"1322\" data-end=\"1504\">\n<li class=\"\" data-start=\"1322\" data-end=\"1383\">\n<p class=\"\" data-start=\"1324\" data-end=\"1383\">V\u00f5imas <strong data-start=\"1331\" data-end=\"1381\">3D sonarilahendus eS ja gS seeria uuendamiseks<\/strong><\/p>\n<\/li>\n<li class=\"\" data-start=\"1384\" data-end=\"1504\">\n<p class=\"\" data-start=\"1386\" data-end=\"1504\"><strong data-start=\"1386\" data-end=\"1410\">Quad-core protsessor<\/strong> v\u00f5imaldab eelmise p\u00f5lvkonna seadmetel jooksutada mitut sonarikanaali <strong data-start=\"1480\" data-end=\"1504\">ilma j\u00f5udluskadudeta<\/strong><\/p>\n<\/li>\n<\/ul>\n<hr class=\"\" data-start=\"1506\" data-end=\"1509\" \/>\n<h3 class=\"\" data-start=\"1511\" data-end=\"1537\"><strong data-start=\"1515\" data-end=\"1537\">Tehnilised andmed:<\/strong><\/h3>\n<ul data-start=\"1538\" data-end=\"1737\">\n<li class=\"\" data-start=\"1538\" data-end=\"1569\">\n<p class=\"\" data-start=\"1540\" data-end=\"1569\"><strong data-start=\"1540\" data-end=\"1553\">T\u00f6\u00f6pinge:<\/strong> 10.8 \u2013 31.2 V<\/p>\n<\/li>\n<li class=\"\" data-start=\"1570\" data-end=\"1626\">\n<p class=\"\" data-start=\"1572\" data-end=\"1626\"><strong data-start=\"1572\" data-end=\"1589\">Energiatarve:<\/strong> max 10.4 W \/ 2.4 A tipp, 1.2 A RMS<\/p>\n<\/li>\n<li class=\"\" data-start=\"1627\" data-end=\"1669\">\n<p class=\"\" data-start=\"1629\" data-end=\"1669\"><strong data-start=\"1629\" data-end=\"1648\">T\u00f6\u00f6temperatuur:<\/strong> \u201325 \u00b0C kuni +55 \u00b0C<\/p>\n<\/li>\n<li class=\"\" data-start=\"1670\" data-end=\"1701\">\n<p class=\"\" data-start=\"1672\" data-end=\"1701\"><strong data-start=\"1672\" data-end=\"1687\">Veekindlus:<\/strong> IPX6 \/ IPX7<\/p>\n<\/li>\n<li class=\"\" data-start=\"1702\" data-end=\"1737\">\n<p class=\"\" data-start=\"1704\" data-end=\"1737\"><strong data-start=\"1704\" data-end=\"1715\">M\u00f5\u00f5dud:<\/strong> 299.4 x 188 x 80 mm<\/p>\n<\/li>\n<\/ul>\n<h4 class=\"\" data-start=\"1739\" data-end=\"1758\"><strong data-start=\"1744\" data-end=\"1758\">\u00dchendused:<\/strong><\/h4>\n<ul data-start=\"1759\" data-end=\"1850\">\n<li class=\"\" data-start=\"1759\" data-end=\"1778\">\n<p class=\"\" data-start=\"1761\" data-end=\"1778\">1x RVX (25-pin)<\/p>\n<\/li>\n<li class=\"\" data-start=\"1779\" data-end=\"1805\">\n<p class=\"\" data-start=\"1781\" data-end=\"1805\">1x 1 kW sonar (11-pin)<\/p>\n<\/li>\n<li class=\"\" data-start=\"1806\" data-end=\"1825\">\n<p class=\"\" data-start=\"1808\" data-end=\"1825\">1x toite\u00fchendus<\/p>\n<\/li>\n<li class=\"\" data-start=\"1826\" data-end=\"1850\">\n<p class=\"\" data-start=\"1828\" data-end=\"1850\">1x RayNet v\u00f5rgu\u00fchendus<\/p>\n<\/li>\n<\/ul>\n<h4 class=\"\" data-start=\"1852\" data-end=\"1878\"><strong data-start=\"1857\" data-end=\"1878\">Sonari t\u00f6\u00f6ulatus:<\/strong><\/h4>\n<ul data-start=\"1879\" data-end=\"2070\">\n<li class=\"\" data-start=\"1879\" data-end=\"1928\">\n<p class=\"\" data-start=\"1881\" data-end=\"1928\">K\u00f5rgsageduslik CHIRP \u2013 kuni 900 jalga (274 m)<\/p>\n<\/li>\n<li class=\"\" data-start=\"1929\" data-end=\"1968\">\n<p class=\"\" data-start=\"1931\" data-end=\"1968\">DownVision \u2013 kuni 600 jalga (183 m)<\/p>\n<\/li>\n<li class=\"\" data-start=\"1969\" data-end=\"2024\">\n<p class=\"\" data-start=\"1971\" data-end=\"2024\">SideVision \u2013 kuni 300 jalga (91 m) m\u00f5lemale k\u00fcljele<\/p>\n<\/li>\n<li class=\"\" data-start=\"2025\" data-end=\"2070\">\n<p class=\"\" data-start=\"2027\" data-end=\"2070\">1 kW CHIRP sonar \u2013 kuni 5000 jalga (1524 m)<\/p>\n<\/li>\n<\/ul>\n<hr class=\"\" data-start=\"2072\" data-end=\"2075\" \/>\n<h3 class=\"\" data-start=\"2077\" data-end=\"2095\"><strong data-start=\"2081\" data-end=\"2095\">\u00dchilduvus:<\/strong><\/h3>\n<ul data-start=\"2096\" data-end=\"2303\">\n<li class=\"\" data-start=\"2096\" data-end=\"2173\">\n<p class=\"\" data-start=\"2098\" data-end=\"2173\"><strong data-start=\"2098\" data-end=\"2108\">MFD-d:<\/strong> Axiom \/ Axiom Pro (LightHouse 3.4.xx v\u00f5i uuem), eS \/ gS seeria<\/p>\n<\/li>\n<li class=\"\" data-start=\"2174\" data-end=\"2303\">\n<p class=\"\" data-start=\"2176\" data-end=\"2190\"><strong data-start=\"2176\" data-end=\"2188\">Andurid:<\/strong><\/p>\n<ul data-start=\"2193\" data-end=\"2303\">\n<li class=\"\" data-start=\"2193\" data-end=\"2221\">\n<p class=\"\" data-start=\"2195\" data-end=\"2221\">RealVision (otse\u00fchendus)<\/p>\n<\/li>\n<li class=\"\" data-start=\"2224\" data-end=\"2272\">\n<p class=\"\" data-start=\"2226\" data-end=\"2272\">CPT-S ja DownVision (adapter A80490 vajalik)<\/p>\n<\/li>\n<li class=\"\" data-start=\"2275\" data-end=\"2303\">\n<p class=\"\" data-start=\"2277\" data-end=\"2303\">Airmar CHIRP (otse\u00fchendus)<\/p>\n<\/li>\n<\/ul>\n<\/li>\n<\/ul>\n<hr class=\"\" data-start=\"2305\" data-end=\"2308\" \/>\n<h3 class=\"\" data-start=\"2310\" data-end=\"2329\"><strong data-start=\"2314\" data-end=\"2329\">Komplektis:<\/strong><\/h3>\n<ul data-start=\"2330\" data-end=\"2443\">\n<li class=\"\" data-start=\"2330\" data-end=\"2354\">\n<p class=\"\" data-start=\"2332\" data-end=\"2354\">RVX1000 sonarimoodul<\/p>\n<\/li>\n<li class=\"\" data-start=\"2355\" data-end=\"2378\">\n<p class=\"\" data-start=\"2357\" data-end=\"2378\">Toitekaabel (1.5 m)<\/p>\n<\/li>\n<li class=\"\" data-start=\"2379\" data-end=\"2405\">\n<p class=\"\" data-start=\"2381\" data-end=\"2405\">RayNet v\u00f5rgujuhe (2 m)<\/p>\n<\/li>\n<li class=\"\" data-start=\"2406\" data-end=\"2425\">\n<p class=\"\" data-start=\"2408\" data-end=\"2425\">Paigalduskruvid<\/p>\n<\/li>\n<li class=\"\" data-start=\"2426\" data-end=\"2443\">\n<p class=\"\" data-start=\"2428\" data-end=\"2443\">Dokumentatsioon<\/p>\n<\/li>\n<\/ul>","protected":false},"excerpt":{"rendered":"<p>Raymarine&#8217;s RVX1000 sonar unit features award-winning high-resolution 3D Realvision sonar technology, CHIRP Side and DownVision, as well as a powerful 1 kW two-channel CHIRP sonar, making it a versatile solution for fishing on the high seas or on the coast.<\/p>","protected":false},"featured_media":7624,"template":"","meta":{"_acf_changed":false},"product_brand":[134],"product_cat":[54,103,78],"product_tag":[],"class_list":{"0":"post-6362","1":"product","2":"type-product","3":"status-publish","4":"has-post-thumbnail","6":"product_brand-raymarine","7":"product_cat-kalaleidjad","8":"product_cat-raymarine","9":"product_cat-dsm_moodulid","11":"first","12":"onbackorder","13":"sale","14":"taxable","15":"shipping-taxable","16":"purchasable","17":"product-type-simple"},"acf":[],"yoast_head":"<!-- This site is optimized with the Yoast SEO Premium plugin v27.5 (Yoast SEO v27.5) - https:\/\/yoast.com\/product\/yoast-seo-premium-wordpress\/ -->\n<title>RVX1000 RealVision Black Box Sonar with 1kW Sonar, DownVision, SideVision and RealVision 3D Sonar - NavSystems Mereelektroonika<\/title>\n<meta name=\"description\" content=\"Raymarine RVX1000 Black Box sonar \u2013 RealVision 3D, CHIRP Side\/DownVision, 1 kW sonar. Ideaalne Axiom, eS ja gS seeria seadmetele. Kuni 5000 jala ulatus.\" \/>\n<meta name=\"robots\" content=\"index, follow, max-snippet:-1, max-image-preview:large, max-video-preview:-1\" \/>\n<link rel=\"canonical\" href=\"https:\/\/raymarine.ee\/en\/product\/rvx1000-realvision-black-box-sonar-with-1kw-sonar-downvision-sidevision-and-realvision-3d-sonar\/\" \/>\n<meta property=\"og:locale\" content=\"en_GB\" \/>\n<meta property=\"og:type\" content=\"article\" \/>\n<meta property=\"og:title\" content=\"RVX1000 RealVision Black Box Sonar with 1kW Sonar, DownVision, SideVision and RealVision 3D Sonar\" \/>\n<meta property=\"og:description\" content=\"Raymarine RVX1000 Black Box sonar \u2013 RealVision 3D, CHIRP Side\/DownVision, 1 kW sonar. Ideaalne Axiom, eS ja gS seeria seadmetele. Kuni 5000 jala ulatus.\" \/>\n<meta property=\"og:url\" content=\"https:\/\/raymarine.ee\/en\/product\/rvx1000-realvision-black-box-sonar-with-1kw-sonar-downvision-sidevision-and-realvision-3d-sonar\/\" \/>\n<meta property=\"og:site_name\" content=\"NavSystems\" \/>\n<meta property=\"article:publisher\" content=\"https:\/\/www.facebook.com\/NavSystems\" \/>\n<meta property=\"article:modified_time\" content=\"2025-04-18T15:51:15+00:00\" \/>\n<meta property=\"og:image\" content=\"https:\/\/raymarine.ee\/wp-content\/uploads\/2025\/01\/4518c576-67de-42c0-b100-67143a59ffcf.webp\" \/>\n\t<meta property=\"og:image:width\" content=\"1024\" \/>\n\t<meta property=\"og:image:height\" content=\"1024\" \/>\n\t<meta property=\"og:image:type\" content=\"image\/webp\" \/>\n<meta name=\"twitter:card\" content=\"summary_large_image\" \/>\n<meta name=\"twitter:label1\" content=\"Price\" \/>\n\t<meta name=\"twitter:data1\" content=\"1 857,00&nbsp;&euro;\" \/>\n\t<meta name=\"twitter:label2\" content=\"Availability\" \/>\n\t<meta name=\"twitter:data2\" content=\"On back order\" \/>\n<script type=\"application\/ld+json\" class=\"yoast-schema-graph\">{\"@context\":\"https:\\\/\\\/schema.org\",\"@graph\":[{\"@type\":\"WebPage\",\"@id\":\"https:\\\/\\\/raymarine.ee\\\/product\\\/rvx1000-realvision-black-box-sonar-with-1kw-sonar-downvision-sidevision-and-realvision-3d-sonar\\\/\",\"url\":\"https:\\\/\\\/raymarine.ee\\\/product\\\/rvx1000-realvision-black-box-sonar-with-1kw-sonar-downvision-sidevision-and-realvision-3d-sonar\\\/\",\"name\":\"RVX1000 RealVision Black Box Sonar with 1kW Sonar, DownVision, SideVision and RealVision 3D Sonar - NavSystems Mereelektroonika\",\"isPartOf\":{\"@id\":\"https:\\\/\\\/raymarine.ee\\\/#website\"},\"primaryImageOfPage\":{\"@id\":\"https:\\\/\\\/raymarine.ee\\\/product\\\/rvx1000-realvision-black-box-sonar-with-1kw-sonar-downvision-sidevision-and-realvision-3d-sonar\\\/#primaryimage\"},\"image\":{\"@id\":\"https:\\\/\\\/raymarine.ee\\\/product\\\/rvx1000-realvision-black-box-sonar-with-1kw-sonar-downvision-sidevision-and-realvision-3d-sonar\\\/#primaryimage\"},\"thumbnailUrl\":\"https:\\\/\\\/raymarine.ee\\\/wp-content\\\/uploads\\\/2025\\\/01\\\/4518c576-67de-42c0-b100-67143a59ffcf.webp\",\"datePublished\":\"2025-01-14T19:05:05+00:00\",\"dateModified\":\"2025-04-18T15:51:15+00:00\",\"description\":\"Raymarine RVX1000 Black Box sonar \u2013 RealVision 3D, CHIRP Side\\\/DownVision, 1 kW sonar. Ideaalne Axiom, eS ja gS seeria seadmetele. Kuni 5000 jala ulatus.\",\"breadcrumb\":{\"@id\":\"https:\\\/\\\/raymarine.ee\\\/product\\\/rvx1000-realvision-black-box-sonar-with-1kw-sonar-downvision-sidevision-and-realvision-3d-sonar\\\/#breadcrumb\"},\"inLanguage\":\"en-GB\",\"potentialAction\":[{\"@type\":\"ReadAction\",\"target\":[\"https:\\\/\\\/raymarine.ee\\\/product\\\/rvx1000-realvision-black-box-sonar-with-1kw-sonar-downvision-sidevision-and-realvision-3d-sonar\\\/\"]}]},{\"@type\":\"ImageObject\",\"inLanguage\":\"en-GB\",\"@id\":\"https:\\\/\\\/raymarine.ee\\\/product\\\/rvx1000-realvision-black-box-sonar-with-1kw-sonar-downvision-sidevision-and-realvision-3d-sonar\\\/#primaryimage\",\"url\":\"https:\\\/\\\/raymarine.ee\\\/wp-content\\\/uploads\\\/2025\\\/01\\\/4518c576-67de-42c0-b100-67143a59ffcf.webp\",\"contentUrl\":\"https:\\\/\\\/raymarine.ee\\\/wp-content\\\/uploads\\\/2025\\\/01\\\/4518c576-67de-42c0-b100-67143a59ffcf.webp\",\"width\":1024,\"height\":1024},{\"@type\":\"BreadcrumbList\",\"@id\":\"https:\\\/\\\/raymarine.ee\\\/product\\\/rvx1000-realvision-black-box-sonar-with-1kw-sonar-downvision-sidevision-and-realvision-3d-sonar\\\/#breadcrumb\",\"itemListElement\":[{\"@type\":\"ListItem\",\"position\":1,\"name\":\"Home\",\"item\":\"https:\\\/\\\/raymarine.ee\\\/\"},{\"@type\":\"ListItem\",\"position\":2,\"name\":\"Tooted\",\"item\":\"https:\\\/\\\/raymarine.ee\\\/shop\\\/\"},{\"@type\":\"ListItem\",\"position\":3,\"name\":\"RVX1000 RealVision Black Box Sonar with 1kW Sonar, DownVision, SideVision and RealVision 3D Sonar\"}]},{\"@type\":\"WebSite\",\"@id\":\"https:\\\/\\\/raymarine.ee\\\/#website\",\"url\":\"https:\\\/\\\/raymarine.ee\\\/\",\"name\":\"www.raymarine.ee\",\"description\":\"Mereelektroonika, kaardiplotter, autopiloot, pinnipiloot, roolipiloot, radar, AIS, VHF, Smart Wind\",\"publisher\":{\"@id\":\"https:\\\/\\\/raymarine.ee\\\/#organization\"},\"alternateName\":\"Raymarine\",\"potentialAction\":[{\"@type\":\"SearchAction\",\"target\":{\"@type\":\"EntryPoint\",\"urlTemplate\":\"https:\\\/\\\/raymarine.ee\\\/?s={search_term_string}\"},\"query-input\":{\"@type\":\"PropertyValueSpecification\",\"valueRequired\":true,\"valueName\":\"search_term_string\"}}],\"inLanguage\":\"en-GB\"},{\"@type\":\"Organization\",\"@id\":\"https:\\\/\\\/raymarine.ee\\\/#organization\",\"name\":\"NavSystems O\u00dc\",\"url\":\"https:\\\/\\\/raymarine.ee\\\/\",\"logo\":{\"@type\":\"ImageObject\",\"inLanguage\":\"en-GB\",\"@id\":\"https:\\\/\\\/raymarine.ee\\\/#\\\/schema\\\/logo\\\/image\\\/\",\"url\":\"https:\\\/\\\/raymarine.ee\\\/wp-content\\\/uploads\\\/2024\\\/10\\\/Screenshot-2024-10-15-151324_bg_removed.webp\",\"contentUrl\":\"https:\\\/\\\/raymarine.ee\\\/wp-content\\\/uploads\\\/2024\\\/10\\\/Screenshot-2024-10-15-151324_bg_removed.webp\",\"width\":420,\"height\":276,\"caption\":\"NavSystems O\u00dc\"},\"image\":{\"@id\":\"https:\\\/\\\/raymarine.ee\\\/#\\\/schema\\\/logo\\\/image\\\/\"},\"sameAs\":[\"https:\\\/\\\/www.facebook.com\\\/NavSystems\"],\"legalName\":\"NavSystems O\u00dc\",\"foundingDate\":\"2011-05-03\",\"numberOfEmployees\":{\"@type\":\"QuantitativeValue\",\"minValue\":\"1\",\"maxValue\":\"10\"}}]}<\/script>\n<meta property=\"product:price:amount\" content=\"1857.00\" \/>\n<meta property=\"product:price:currency\" content=\"EUR\" \/>\n<meta property=\"og:availability\" content=\"backorder\" \/>\n<meta property=\"product:availability\" content=\"available for order\" \/>\n<meta property=\"product:retailer_item_id\" content=\"E70511\" \/>\n<meta property=\"product:condition\" content=\"new\" \/>\n<!-- \/ Yoast SEO Premium plugin. -->","yoast_head_json":{"title":"RVX1000 RealVision Black Box Sonar with 1kW Sonar, DownVision, SideVision and RealVision 3D Sonar - NavSystems Mereelektroonika","description":"Raymarine RVX1000 Black Box sonar \u2013 RealVision 3D, CHIRP Side\/DownVision, 1 kW sonar. Ideaalne Axiom, eS ja gS seeria seadmetele. Kuni 5000 jala ulatus.","robots":{"index":"index","follow":"follow","max-snippet":"max-snippet:-1","max-image-preview":"max-image-preview:large","max-video-preview":"max-video-preview:-1"},"canonical":"https:\/\/raymarine.ee\/en\/product\/rvx1000-realvision-black-box-sonar-with-1kw-sonar-downvision-sidevision-and-realvision-3d-sonar\/","og_locale":"en_GB","og_type":"article","og_title":"RVX1000 RealVision Black Box Sonar with 1kW Sonar, DownVision, SideVision and RealVision 3D Sonar","og_description":"Raymarine RVX1000 Black Box sonar \u2013 RealVision 3D, CHIRP Side\/DownVision, 1 kW sonar. Ideaalne Axiom, eS ja gS seeria seadmetele. Kuni 5000 jala ulatus.","og_url":"https:\/\/raymarine.ee\/en\/product\/rvx1000-realvision-black-box-sonar-with-1kw-sonar-downvision-sidevision-and-realvision-3d-sonar\/","og_site_name":"NavSystems","article_publisher":"https:\/\/www.facebook.com\/NavSystems","article_modified_time":"2025-04-18T15:51:15+00:00","og_image":[{"width":1024,"height":1024,"url":"https:\/\/raymarine.ee\/wp-content\/uploads\/2025\/01\/4518c576-67de-42c0-b100-67143a59ffcf.webp","type":"image\/webp"}],"twitter_card":"summary_large_image","twitter_misc":{"Price":"1 857,00&nbsp;&euro;","Availability":"On back order"},"schema":{"@context":"https:\/\/schema.org","@graph":[{"@type":"WebPage","@id":"https:\/\/raymarine.ee\/product\/rvx1000-realvision-black-box-sonar-with-1kw-sonar-downvision-sidevision-and-realvision-3d-sonar\/","url":"https:\/\/raymarine.ee\/product\/rvx1000-realvision-black-box-sonar-with-1kw-sonar-downvision-sidevision-and-realvision-3d-sonar\/","name":"RVX1000 RealVision Black Box Sonar with 1kW Sonar, DownVision, SideVision and RealVision 3D Sonar - NavSystems Mereelektroonika","isPartOf":{"@id":"https:\/\/raymarine.ee\/#website"},"primaryImageOfPage":{"@id":"https:\/\/raymarine.ee\/product\/rvx1000-realvision-black-box-sonar-with-1kw-sonar-downvision-sidevision-and-realvision-3d-sonar\/#primaryimage"},"image":{"@id":"https:\/\/raymarine.ee\/product\/rvx1000-realvision-black-box-sonar-with-1kw-sonar-downvision-sidevision-and-realvision-3d-sonar\/#primaryimage"},"thumbnailUrl":"https:\/\/raymarine.ee\/wp-content\/uploads\/2025\/01\/4518c576-67de-42c0-b100-67143a59ffcf.webp","datePublished":"2025-01-14T19:05:05+00:00","dateModified":"2025-04-18T15:51:15+00:00","description":"Raymarine RVX1000 Black Box sonar \u2013 RealVision 3D, CHIRP Side\/DownVision, 1 kW sonar. Ideaalne Axiom, eS ja gS seeria seadmetele. Kuni 5000 jala ulatus.","breadcrumb":{"@id":"https:\/\/raymarine.ee\/product\/rvx1000-realvision-black-box-sonar-with-1kw-sonar-downvision-sidevision-and-realvision-3d-sonar\/#breadcrumb"},"inLanguage":"en-GB","potentialAction":[{"@type":"ReadAction","target":["https:\/\/raymarine.ee\/product\/rvx1000-realvision-black-box-sonar-with-1kw-sonar-downvision-sidevision-and-realvision-3d-sonar\/"]}]},{"@type":"ImageObject","inLanguage":"en-GB","@id":"https:\/\/raymarine.ee\/product\/rvx1000-realvision-black-box-sonar-with-1kw-sonar-downvision-sidevision-and-realvision-3d-sonar\/#primaryimage","url":"https:\/\/raymarine.ee\/wp-content\/uploads\/2025\/01\/4518c576-67de-42c0-b100-67143a59ffcf.webp","contentUrl":"https:\/\/raymarine.ee\/wp-content\/uploads\/2025\/01\/4518c576-67de-42c0-b100-67143a59ffcf.webp","width":1024,"height":1024},{"@type":"BreadcrumbList","@id":"https:\/\/raymarine.ee\/product\/rvx1000-realvision-black-box-sonar-with-1kw-sonar-downvision-sidevision-and-realvision-3d-sonar\/#breadcrumb","itemListElement":[{"@type":"ListItem","position":1,"name":"Home","item":"https:\/\/raymarine.ee\/"},{"@type":"ListItem","position":2,"name":"Tooted","item":"https:\/\/raymarine.ee\/shop\/"},{"@type":"ListItem","position":3,"name":"RVX1000 RealVision Black Box Sonar with 1kW Sonar, DownVision, SideVision and RealVision 3D Sonar"}]},{"@type":"WebSite","@id":"https:\/\/raymarine.ee\/#website","url":"https:\/\/raymarine.ee\/","name":"www.raymarine.ee","description":"Mereelektroonika, kaardiplotter, autopiloot, pinnipiloot, roolipiloot, radar, AIS, VHF, Smart Wind","publisher":{"@id":"https:\/\/raymarine.ee\/#organization"},"alternateName":"Raymarine","potentialAction":[{"@type":"SearchAction","target":{"@type":"EntryPoint","urlTemplate":"https:\/\/raymarine.ee\/?s={search_term_string}"},"query-input":{"@type":"PropertyValueSpecification","valueRequired":true,"valueName":"search_term_string"}}],"inLanguage":"en-GB"},{"@type":"Organization","@id":"https:\/\/raymarine.ee\/#organization","name":"NavSystems O\u00dc","url":"https:\/\/raymarine.ee\/","logo":{"@type":"ImageObject","inLanguage":"en-GB","@id":"https:\/\/raymarine.ee\/#\/schema\/logo\/image\/","url":"https:\/\/raymarine.ee\/wp-content\/uploads\/2024\/10\/Screenshot-2024-10-15-151324_bg_removed.webp","contentUrl":"https:\/\/raymarine.ee\/wp-content\/uploads\/2024\/10\/Screenshot-2024-10-15-151324_bg_removed.webp","width":420,"height":276,"caption":"NavSystems O\u00dc"},"image":{"@id":"https:\/\/raymarine.ee\/#\/schema\/logo\/image\/"},"sameAs":["https:\/\/www.facebook.com\/NavSystems"],"legalName":"NavSystems O\u00dc","foundingDate":"2011-05-03","numberOfEmployees":{"@type":"QuantitativeValue","minValue":"1","maxValue":"10"}}]},"product_price_amount":"1857.00","product_price_currency":"EUR","og_availability":"backorder","product_availability":"available for order","product_retailer_item_id":"E70511","product_condition":"new"},"jetpack_sharing_enabled":true,"_links":{"self":[{"href":"https:\/\/raymarine.ee\/en\/wp-json\/wp\/v2\/product\/6362","targetHints":{"allow":["GET"]}}],"collection":[{"href":"https:\/\/raymarine.ee\/en\/wp-json\/wp\/v2\/product"}],"about":[{"href":"https:\/\/raymarine.ee\/en\/wp-json\/wp\/v2\/types\/product"}],"wp:featuredmedia":[{"embeddable":true,"href":"https:\/\/raymarine.ee\/en\/wp-json\/wp\/v2\/media\/7624"}],"wp:attachment":[{"href":"https:\/\/raymarine.ee\/en\/wp-json\/wp\/v2\/media?parent=6362"}],"wp:term":[{"taxonomy":"product_brand","embeddable":true,"href":"https:\/\/raymarine.ee\/en\/wp-json\/wp\/v2\/product_brand?post=6362"},{"taxonomy":"product_cat","embeddable":true,"href":"https:\/\/raymarine.ee\/en\/wp-json\/wp\/v2\/product_cat?post=6362"},{"taxonomy":"product_tag","embeddable":true,"href":"https:\/\/raymarine.ee\/en\/wp-json\/wp\/v2\/product_tag?post=6362"}],"curies":[{"name":"wp","href":"https:\/\/api.w.org\/{rel}","templated":true}]}}